{"id":83042,"date":"2025-02-12T16:51:03","date_gmt":"2025-02-12T15:51:03","guid":{"rendered":"https:\/\/www.librairieclavreuil.com\/anonyme-lentree-du-roy-a-millan-sic-vive-le-roy-de-france\/"},"modified":"2025-06-03T12:28:17","modified_gmt":"2025-06-03T10:28:17","slug":"anonyme-lentree-du-roy-a-millan-sic-vive-le-roy-de-france","status":"publish","type":"product","link":"https:\/\/www.librairieclavreuil.com\/en\/anonyme-lentree-du-roy-a-millan-sic-vive-le-roy-de-france\/","title":{"rendered":"[ANONYME] L&#8217;Entree du Roy \u00e0 Millan (sic). Vive..."},"content":{"rendered":"<p style=\"text-align:justify\"><i>Baudrier, III, 12.<\/i><\/p>\n<p style=\"text-align:justify\">Printed in large characters with the arms of France on the title.&nbsp;<\/p>\n<p style=\"text-align:justify\">The text begins : &#8220;L&#8217;An mil cccc iv. Et le premier jour du moys de juillet le roy a fait son entree \u00e0 millan&#8230;&#8221;<\/p>\n<p style=\"text-align:justify\">This is actually one of the few facsimiles produced at about 1854 in the Dupont technique after the copy owned by Ruggieri (catalogue number 207). The original is now part of the collection of Duke Aumale at Chantilly.<\/p>\n","protected":false},"excerpt":{"rendered":"<p style=\"text-align:justify\">4to (200 x 143 mm) 2 nn.ll. Nineteenth-century red morocco backed boards.<\/p>\n","protected":false},"featured_media":83037,"comment_status":"open","ping_status":"closed","template":"","meta":{"_acf_changed":false},"product_brand":[],"product_cat":[544],"product_tag":[1243],"class_list":{"0":"post-83042","1":"product","2":"type-product","3":"status-publish","4":"has-post-thumbnail","6":"product_cat-literature","7":"product_tag-16th-century-literature","8":"pa_auteur-anonyme-4","9":"pa_type-de-livre-printed-book","11":"first","12":"instock","13":"shipping-taxable","14":"purchasable","15":"product-type-simple"},"acf":{"artist":"[ANONYME]","chapeau":"The Entry of French King Louis XII to the city of Milan after his victory over the Venetians","adresse_bibliographique":"Imprim\u00e9 \u00e0 Lion, par Nouel Abrah\u00e0 Soubz le c\u00f5gie de monseignt le grant chancelier, 1509 [en r\u00e9alit\u00e9 ca. 1854]","book_type":"Printed book","provenance":"","afficher_prix":""},"yoast_head":"<!-- This site is optimized with the Yoast SEO plugin v24.7 - https:\/\/yoast.com\/wordpress\/plugins\/seo\/ -->\n<title>[ANONYME]  L&#039;Entree du Roy \u00e0 Millan (sic). Vive le Roy de France. - Libairie Clavreuil<\/title>\n<meta name=\"robots\" content=\"index, follow, max-snippet:-1, max-image-preview:large, max-video-preview:-1\" \/>\n<link rel=\"canonical\" href=\"https:\/\/www.librairieclavreuil.com\/en\/anonyme-lentree-du-roy-a-millan-sic-vive-le-roy-de-france\/\" \/>\n<meta property=\"og:locale\" content=\"en_US\" \/>\n<meta property=\"og:type\" content=\"article\" \/>\n<meta property=\"og:title\" content=\"[ANONYME]  L&#039;Entree du Roy \u00e0 Millan (sic). Vive le Roy de France. - Libairie Clavreuil\" \/>\n<meta property=\"og:description\" content=\"4to (200 x 143 mm) 2 nn.ll. Nineteenth-century red morocco backed boards.\" \/>\n<meta property=\"og:url\" content=\"https:\/\/www.librairieclavreuil.com\/en\/anonyme-lentree-du-roy-a-millan-sic-vive-le-roy-de-france\/\" \/>\n<meta property=\"og:site_name\" content=\"Libairie Clavreuil\" \/>\n<meta property=\"article:modified_time\" content=\"2025-06-03T10:28:17+00:00\" \/>\n<meta property=\"og:image\" content=\"https:\/\/www.librairieclavreuil.com\/wp-content\/uploads\/2025\/02\/anonyme-l-entree-du-roy-a-millan-sic-vive-le-roy-de-france-2565-678faeecbf270.jpg\" \/>\n\t<meta property=\"og:image:width\" content=\"622\" \/>\n\t<meta property=\"og:image:height\" content=\"800\" \/>\n\t<meta property=\"og:image:type\" content=\"image\/jpeg\" \/>\n<meta name=\"twitter:card\" content=\"summary_large_image\" \/>\n<script type=\"application\/ld+json\" class=\"yoast-schema-graph\">{\"@context\":\"https:\/\/schema.org\",\"@graph\":[{\"@type\":\"WebPage\",\"@id\":\"https:\/\/www.librairieclavreuil.com\/en\/anonyme-lentree-du-roy-a-millan-sic-vive-le-roy-de-france\/\",\"url\":\"https:\/\/www.librairieclavreuil.com\/en\/anonyme-lentree-du-roy-a-millan-sic-vive-le-roy-de-france\/\",\"name\":\"[ANONYME] L'Entree du Roy \u00e0 Millan (sic). Vive le Roy de France. - Libairie Clavreuil\",\"isPartOf\":{\"@id\":\"https:\/\/www.librairieclavreuil.com\/#website\"},\"primaryImageOfPage\":{\"@id\":\"https:\/\/www.librairieclavreuil.com\/en\/anonyme-lentree-du-roy-a-millan-sic-vive-le-roy-de-france\/#primaryimage\"},\"image\":{\"@id\":\"https:\/\/www.librairieclavreuil.com\/en\/anonyme-lentree-du-roy-a-millan-sic-vive-le-roy-de-france\/#primaryimage\"},\"thumbnailUrl\":\"https:\/\/www.librairieclavreuil.com\/wp-content\/uploads\/2025\/02\/anonyme-l-entree-du-roy-a-millan-sic-vive-le-roy-de-france-2565-678faeecbf270.jpg\",\"datePublished\":\"2025-02-12T15:51:03+00:00\",\"dateModified\":\"2025-06-03T10:28:17+00:00\",\"breadcrumb\":{\"@id\":\"https:\/\/www.librairieclavreuil.com\/en\/anonyme-lentree-du-roy-a-millan-sic-vive-le-roy-de-france\/#breadcrumb\"},\"inLanguage\":\"en-US\",\"potentialAction\":[{\"@type\":\"ReadAction\",\"target\":[\"https:\/\/www.librairieclavreuil.com\/en\/anonyme-lentree-du-roy-a-millan-sic-vive-le-roy-de-france\/\"]}]},{\"@type\":\"ImageObject\",\"inLanguage\":\"en-US\",\"@id\":\"https:\/\/www.librairieclavreuil.com\/en\/anonyme-lentree-du-roy-a-millan-sic-vive-le-roy-de-france\/#primaryimage\",\"url\":\"https:\/\/www.librairieclavreuil.com\/wp-content\/uploads\/2025\/02\/anonyme-l-entree-du-roy-a-millan-sic-vive-le-roy-de-france-2565-678faeecbf270.jpg\",\"contentUrl\":\"https:\/\/www.librairieclavreuil.com\/wp-content\/uploads\/2025\/02\/anonyme-l-entree-du-roy-a-millan-sic-vive-le-roy-de-france-2565-678faeecbf270.jpg\",\"width\":622,\"height\":800},{\"@type\":\"BreadcrumbList\",\"@id\":\"https:\/\/www.librairieclavreuil.com\/en\/anonyme-lentree-du-roy-a-millan-sic-vive-le-roy-de-france\/#breadcrumb\",\"itemListElement\":[{\"@type\":\"ListItem\",\"position\":1,\"name\":\"Accueil\",\"item\":\"https:\/\/www.librairieclavreuil.com\/\"},{\"@type\":\"ListItem\",\"position\":2,\"name\":\"All our books\",\"item\":\"https:\/\/www.librairieclavreuil.com\/en\/all-our-books\/\"},{\"@type\":\"ListItem\",\"position\":3,\"name\":\"[ANONYME] L&rsquo;Entree du Roy \u00e0 Millan (sic). Vive...\"}]},{\"@type\":\"WebSite\",\"@id\":\"https:\/\/www.librairieclavreuil.com\/#website\",\"url\":\"https:\/\/www.librairieclavreuil.com\/\",\"name\":\"Libairie Clavreuil\",\"description\":\"Livres anciens, manuscrits rares et \u00e9ditions originales \u2013 Librairie Clavreuil\",\"publisher\":{\"@id\":\"https:\/\/www.librairieclavreuil.com\/#organization\"},\"potentialAction\":[{\"@type\":\"SearchAction\",\"target\":{\"@type\":\"EntryPoint\",\"urlTemplate\":\"https:\/\/www.librairieclavreuil.com\/?s={search_term_string}\"},\"query-input\":{\"@type\":\"PropertyValueSpecification\",\"valueRequired\":true,\"valueName\":\"search_term_string\"}}],\"inLanguage\":\"en-US\"},{\"@type\":\"Organization\",\"@id\":\"https:\/\/www.librairieclavreuil.com\/#organization\",\"name\":\"Libairie Clavreuil\",\"url\":\"https:\/\/www.librairieclavreuil.com\/\",\"logo\":{\"@type\":\"ImageObject\",\"inLanguage\":\"en-US\",\"@id\":\"https:\/\/www.librairieclavreuil.com\/#\/schema\/logo\/image\/\",\"url\":\"https:\/\/www.librairieclavreuil.com\/wp-content\/uploads\/2021\/06\/cropped-LOGO_PNG_DATE-_gold-512x512-1.png\",\"contentUrl\":\"https:\/\/www.librairieclavreuil.com\/wp-content\/uploads\/2021\/06\/cropped-LOGO_PNG_DATE-_gold-512x512-1.png\",\"width\":512,\"height\":512,\"caption\":\"Libairie Clavreuil\"},\"image\":{\"@id\":\"https:\/\/www.librairieclavreuil.com\/#\/schema\/logo\/image\/\"},\"sameAs\":[\"https:\/\/www.instagram.com\/librairieclavreuil\/\"]}]}<\/script>\n<!-- \/ Yoast SEO plugin. -->","yoast_head_json":{"title":"[ANONYME]  L'Entree du Roy \u00e0 Millan (sic). Vive le Roy de France. - Libairie Clavreuil","robots":{"index":"index","follow":"follow","max-snippet":"max-snippet:-1","max-image-preview":"max-image-preview:large","max-video-preview":"max-video-preview:-1"},"canonical":"https:\/\/www.librairieclavreuil.com\/en\/anonyme-lentree-du-roy-a-millan-sic-vive-le-roy-de-france\/","og_locale":"en_US","og_type":"article","og_title":"[ANONYME]  L'Entree du Roy \u00e0 Millan (sic). Vive le Roy de France. - Libairie Clavreuil","og_description":"4to (200 x 143 mm) 2 nn.ll. Nineteenth-century red morocco backed boards.","og_url":"https:\/\/www.librairieclavreuil.com\/en\/anonyme-lentree-du-roy-a-millan-sic-vive-le-roy-de-france\/","og_site_name":"Libairie Clavreuil","article_modified_time":"2025-06-03T10:28:17+00:00","og_image":[{"width":622,"height":800,"url":"https:\/\/www.librairieclavreuil.com\/wp-content\/uploads\/2025\/02\/anonyme-l-entree-du-roy-a-millan-sic-vive-le-roy-de-france-2565-678faeecbf270.jpg","type":"image\/jpeg"}],"twitter_card":"summary_large_image","schema":{"@context":"https:\/\/schema.org","@graph":[{"@type":"WebPage","@id":"https:\/\/www.librairieclavreuil.com\/en\/anonyme-lentree-du-roy-a-millan-sic-vive-le-roy-de-france\/","url":"https:\/\/www.librairieclavreuil.com\/en\/anonyme-lentree-du-roy-a-millan-sic-vive-le-roy-de-france\/","name":"[ANONYME] L'Entree du Roy \u00e0 Millan (sic). Vive le Roy de France. - Libairie Clavreuil","isPartOf":{"@id":"https:\/\/www.librairieclavreuil.com\/#website"},"primaryImageOfPage":{"@id":"https:\/\/www.librairieclavreuil.com\/en\/anonyme-lentree-du-roy-a-millan-sic-vive-le-roy-de-france\/#primaryimage"},"image":{"@id":"https:\/\/www.librairieclavreuil.com\/en\/anonyme-lentree-du-roy-a-millan-sic-vive-le-roy-de-france\/#primaryimage"},"thumbnailUrl":"https:\/\/www.librairieclavreuil.com\/wp-content\/uploads\/2025\/02\/anonyme-l-entree-du-roy-a-millan-sic-vive-le-roy-de-france-2565-678faeecbf270.jpg","datePublished":"2025-02-12T15:51:03+00:00","dateModified":"2025-06-03T10:28:17+00:00","breadcrumb":{"@id":"https:\/\/www.librairieclavreuil.com\/en\/anonyme-lentree-du-roy-a-millan-sic-vive-le-roy-de-france\/#breadcrumb"},"inLanguage":"en-US","potentialAction":[{"@type":"ReadAction","target":["https:\/\/www.librairieclavreuil.com\/en\/anonyme-lentree-du-roy-a-millan-sic-vive-le-roy-de-france\/"]}]},{"@type":"ImageObject","inLanguage":"en-US","@id":"https:\/\/www.librairieclavreuil.com\/en\/anonyme-lentree-du-roy-a-millan-sic-vive-le-roy-de-france\/#primaryimage","url":"https:\/\/www.librairieclavreuil.com\/wp-content\/uploads\/2025\/02\/anonyme-l-entree-du-roy-a-millan-sic-vive-le-roy-de-france-2565-678faeecbf270.jpg","contentUrl":"https:\/\/www.librairieclavreuil.com\/wp-content\/uploads\/2025\/02\/anonyme-l-entree-du-roy-a-millan-sic-vive-le-roy-de-france-2565-678faeecbf270.jpg","width":622,"height":800},{"@type":"BreadcrumbList","@id":"https:\/\/www.librairieclavreuil.com\/en\/anonyme-lentree-du-roy-a-millan-sic-vive-le-roy-de-france\/#breadcrumb","itemListElement":[{"@type":"ListItem","position":1,"name":"Accueil","item":"https:\/\/www.librairieclavreuil.com\/"},{"@type":"ListItem","position":2,"name":"All our books","item":"https:\/\/www.librairieclavreuil.com\/en\/all-our-books\/"},{"@type":"ListItem","position":3,"name":"[ANONYME] L&rsquo;Entree du Roy \u00e0 Millan (sic). Vive..."}]},{"@type":"WebSite","@id":"https:\/\/www.librairieclavreuil.com\/#website","url":"https:\/\/www.librairieclavreuil.com\/","name":"Libairie Clavreuil","description":"Livres anciens, manuscrits rares et \u00e9ditions originales \u2013 Librairie Clavreuil","publisher":{"@id":"https:\/\/www.librairieclavreuil.com\/#organization"},"potentialAction":[{"@type":"SearchAction","target":{"@type":"EntryPoint","urlTemplate":"https:\/\/www.librairieclavreuil.com\/?s={search_term_string}"},"query-input":{"@type":"PropertyValueSpecification","valueRequired":true,"valueName":"search_term_string"}}],"inLanguage":"en-US"},{"@type":"Organization","@id":"https:\/\/www.librairieclavreuil.com\/#organization","name":"Libairie Clavreuil","url":"https:\/\/www.librairieclavreuil.com\/","logo":{"@type":"ImageObject","inLanguage":"en-US","@id":"https:\/\/www.librairieclavreuil.com\/#\/schema\/logo\/image\/","url":"https:\/\/www.librairieclavreuil.com\/wp-content\/uploads\/2021\/06\/cropped-LOGO_PNG_DATE-_gold-512x512-1.png","contentUrl":"https:\/\/www.librairieclavreuil.com\/wp-content\/uploads\/2021\/06\/cropped-LOGO_PNG_DATE-_gold-512x512-1.png","width":512,"height":512,"caption":"Libairie Clavreuil"},"image":{"@id":"https:\/\/www.librairieclavreuil.com\/#\/schema\/logo\/image\/"},"sameAs":["https:\/\/www.instagram.com\/librairieclavreuil\/"]}]}},"jetpack_sharing_enabled":true,"_links":{"self":[{"href":"https:\/\/www.librairieclavreuil.com\/en\/wp-json\/wp\/v2\/product\/83042","targetHints":{"allow":["GET"]}}],"collection":[{"href":"https:\/\/www.librairieclavreuil.com\/en\/wp-json\/wp\/v2\/product"}],"about":[{"href":"https:\/\/www.librairieclavreuil.com\/en\/wp-json\/wp\/v2\/types\/product"}],"replies":[{"embeddable":true,"href":"https:\/\/www.librairieclavreuil.com\/en\/wp-json\/wp\/v2\/comments?post=83042"}],"wp:featuredmedia":[{"embeddable":true,"href":"https:\/\/www.librairieclavreuil.com\/en\/wp-json\/wp\/v2\/media\/83037"}],"wp:attachment":[{"href":"https:\/\/www.librairieclavreuil.com\/en\/wp-json\/wp\/v2\/media?parent=83042"}],"wp:term":[{"taxonomy":"product_brand","embeddable":true,"href":"https:\/\/www.librairieclavreuil.com\/en\/wp-json\/wp\/v2\/product_brand?post=83042"},{"taxonomy":"product_cat","embeddable":true,"href":"https:\/\/www.librairieclavreuil.com\/en\/wp-json\/wp\/v2\/product_cat?post=83042"},{"taxonomy":"product_tag","embeddable":true,"href":"https:\/\/www.librairieclavreuil.com\/en\/wp-json\/wp\/v2\/product_tag?post=83042"}],"curies":[{"name":"wp","href":"https:\/\/api.w.org\/{rel}","templated":true}]}}