{"id":82950,"date":"2025-02-12T14:59:44","date_gmt":"2025-02-12T13:59:44","guid":{"rendered":"https:\/\/www.librairieclavreuil.com\/banville-theodore-de-les-camees-parisiens-suivi-de-les-camees-parisiens-deuxieme-serie\/"},"modified":"2025-10-03T18:05:57","modified_gmt":"2025-10-03T16:05:57","slug":"banville-theodore-de-les-camees-parisiens-suivi-de-les-camees-parisiens-deuxieme-serie","status":"publish","type":"product","link":"https:\/\/www.librairieclavreuil.com\/en\/banville-theodore-de-les-camees-parisiens-suivi-de-les-camees-parisiens-deuxieme-serie\/","title":{"rendered":"BANVILLE Th\u00e9odore de Les Cam\u00e9es parisiens. [suivi de]..."},"content":{"rendered":"<p style=\"text-align:justify\"><i>Carteret, I, 97 ; Oberl\u00e9, &#8220;Auguste Poulet-Malassis, 171 ; Talvart et Place, I, 203, 28 &amp; 29; Vicaire, II, 270.<\/i><\/p>\n<p style=\"text-align:justify\">First editions printed in very small numbers.<\/p>\n<p style=\"text-align:justify\">The etching frontispiece by Ulm shows Banville in a medallion surrounded by cameos representing various characters such as Venus, Pierrot and George Sand.<\/p>\n<p style=\"text-align:justify\">These personalities are the subject of a literary portrait by Banville. The author has fun depicting the life of Parisian artists in a succession of small portraits. The entire artistic scene is represented. Banville makes no distinction, whether his protagonists come from painting, like Delacroix or Rosa Bonheur, writing, like Renan or Vigny, theatre, like Ana\u00efs Fargueil or D\u00e9jazet, or photography, with Nadar.<\/p>\n<p style=\"text-align:justify\">Banville &nbsp;(Moulins 1821- Paris 1893) gives pride of place to women artists in all fields in these two volumes. He focuses on the actress Am\u00e9dine Luther, the clown dancer Rigolboche and the singer Adelina Patti. There is a third series, published in 1873 in a slightly larger format.<\/p>\n<p style=\"text-align:justify\">A very fine copy.<\/p>\n","protected":false},"excerpt":{"rendered":"<p>12mo (158 x 95 mm) of 1 nn.l. (frontispiece with an etching of Ulm), 117 pp.,1 nn.l. (catalogue); 120 pp. Green shagreen, triple fillet framing covers, spine gilt with raised bands, inner roll, red edges (<i>contemporary binding<\/i>).<\/p>\n","protected":false},"featured_media":82943,"comment_status":"open","ping_status":"closed","template":"","meta":{"_acf_changed":false},"product_brand":[],"product_cat":[544],"product_tag":[598,1450,1235],"class_list":{"0":"post-82950","1":"product","2":"type-product","3":"status-publish","4":"has-post-thumbnail","6":"product_cat-literature","7":"product_tag-19th-century-literature","8":"product_tag-first-edition","9":"product_tag-women","10":"pa_auteur-banville-theodore-de-2","11":"pa_type-de-livre-printed-book","13":"first","14":"instock","15":"shipping-taxable","16":"purchasable","17":"product-type-simple"},"acf":{"artist":" Th\u00e9odore de BANVILLE","chapeau":"","adresse_bibliographique":"Paris, Ren\u00e9 Pincebourde, 1866","book_type":"Printed book","provenance":"","afficher_prix":""},"yoast_head":"<!-- This site is optimized with the Yoast SEO plugin v24.7 - https:\/\/yoast.com\/wordpress\/plugins\/seo\/ -->\n<title>BANVILLE Th\u00e9odore de Les Cam\u00e9es parisiens. [suivi de] Les Cam\u00e9es parisiens, deuxi\u00e8me s\u00e9rie. - Libairie Clavreuil<\/title>\n<meta name=\"robots\" content=\"index, follow, max-snippet:-1, max-image-preview:large, max-video-preview:-1\" \/>\n<link rel=\"canonical\" href=\"https:\/\/www.librairieclavreuil.com\/en\/banville-theodore-de-les-camees-parisiens-suivi-de-les-camees-parisiens-deuxieme-serie\/\" \/>\n<meta property=\"og:locale\" content=\"en_US\" \/>\n<meta property=\"og:type\" content=\"article\" \/>\n<meta property=\"og:title\" content=\"BANVILLE Th\u00e9odore de Les Cam\u00e9es parisiens. [suivi de] Les Cam\u00e9es parisiens, deuxi\u00e8me s\u00e9rie. - Libairie Clavreuil\" \/>\n<meta property=\"og:description\" content=\"12mo (158 x 95 mm) of 1 nn.l. (frontispiece with an etching of Ulm), 117 pp.,1 nn.l. (catalogue); 120 pp. Green shagreen, triple fillet framing covers, spine gilt with raised bands, inner roll, red edges (contemporary binding).\" \/>\n<meta property=\"og:url\" content=\"https:\/\/www.librairieclavreuil.com\/en\/banville-theodore-de-les-camees-parisiens-suivi-de-les-camees-parisiens-deuxieme-serie\/\" \/>\n<meta property=\"og:site_name\" content=\"Libairie Clavreuil\" \/>\n<meta property=\"article:modified_time\" content=\"2025-10-03T16:05:57+00:00\" \/>\n<meta property=\"og:image\" content=\"https:\/\/www.librairieclavreuil.com\/wp-content\/uploads\/2025\/02\/theodore-de-banville-les-camees-parisiens-suivi-de-les-camees-parisiens-deuxieme-serie-8413-6644d2aea04b5.jpg\" \/>\n\t<meta property=\"og:image:width\" content=\"474\" \/>\n\t<meta property=\"og:image:height\" content=\"800\" \/>\n\t<meta property=\"og:image:type\" content=\"image\/jpeg\" \/>\n<meta name=\"twitter:card\" content=\"summary_large_image\" \/>\n<meta name=\"twitter:label1\" content=\"Est. reading time\" \/>\n\t<meta name=\"twitter:data1\" content=\"1 minute\" \/>\n<script type=\"application\/ld+json\" class=\"yoast-schema-graph\">{\"@context\":\"https:\/\/schema.org\",\"@graph\":[{\"@type\":\"WebPage\",\"@id\":\"https:\/\/www.librairieclavreuil.com\/en\/banville-theodore-de-les-camees-parisiens-suivi-de-les-camees-parisiens-deuxieme-serie\/\",\"url\":\"https:\/\/www.librairieclavreuil.com\/en\/banville-theodore-de-les-camees-parisiens-suivi-de-les-camees-parisiens-deuxieme-serie\/\",\"name\":\"BANVILLE Th\u00e9odore de Les Cam\u00e9es parisiens. [suivi de] Les Cam\u00e9es parisiens, deuxi\u00e8me s\u00e9rie. - Libairie Clavreuil\",\"isPartOf\":{\"@id\":\"https:\/\/www.librairieclavreuil.com\/#website\"},\"primaryImageOfPage\":{\"@id\":\"https:\/\/www.librairieclavreuil.com\/en\/banville-theodore-de-les-camees-parisiens-suivi-de-les-camees-parisiens-deuxieme-serie\/#primaryimage\"},\"image\":{\"@id\":\"https:\/\/www.librairieclavreuil.com\/en\/banville-theodore-de-les-camees-parisiens-suivi-de-les-camees-parisiens-deuxieme-serie\/#primaryimage\"},\"thumbnailUrl\":\"https:\/\/www.librairieclavreuil.com\/wp-content\/uploads\/2025\/02\/theodore-de-banville-les-camees-parisiens-suivi-de-les-camees-parisiens-deuxieme-serie-8413-6644d2aea04b5.jpg\",\"datePublished\":\"2025-02-12T13:59:44+00:00\",\"dateModified\":\"2025-10-03T16:05:57+00:00\",\"breadcrumb\":{\"@id\":\"https:\/\/www.librairieclavreuil.com\/en\/banville-theodore-de-les-camees-parisiens-suivi-de-les-camees-parisiens-deuxieme-serie\/#breadcrumb\"},\"inLanguage\":\"en-US\",\"potentialAction\":[{\"@type\":\"ReadAction\",\"target\":[\"https:\/\/www.librairieclavreuil.com\/en\/banville-theodore-de-les-camees-parisiens-suivi-de-les-camees-parisiens-deuxieme-serie\/\"]}]},{\"@type\":\"ImageObject\",\"inLanguage\":\"en-US\",\"@id\":\"https:\/\/www.librairieclavreuil.com\/en\/banville-theodore-de-les-camees-parisiens-suivi-de-les-camees-parisiens-deuxieme-serie\/#primaryimage\",\"url\":\"https:\/\/www.librairieclavreuil.com\/wp-content\/uploads\/2025\/02\/theodore-de-banville-les-camees-parisiens-suivi-de-les-camees-parisiens-deuxieme-serie-8413-6644d2aea04b5.jpg\",\"contentUrl\":\"https:\/\/www.librairieclavreuil.com\/wp-content\/uploads\/2025\/02\/theodore-de-banville-les-camees-parisiens-suivi-de-les-camees-parisiens-deuxieme-serie-8413-6644d2aea04b5.jpg\",\"width\":474,\"height\":800},{\"@type\":\"BreadcrumbList\",\"@id\":\"https:\/\/www.librairieclavreuil.com\/en\/banville-theodore-de-les-camees-parisiens-suivi-de-les-camees-parisiens-deuxieme-serie\/#breadcrumb\",\"itemListElement\":[{\"@type\":\"ListItem\",\"position\":1,\"name\":\"Accueil\",\"item\":\"https:\/\/www.librairieclavreuil.com\/\"},{\"@type\":\"ListItem\",\"position\":2,\"name\":\"All our books\",\"item\":\"https:\/\/www.librairieclavreuil.com\/en\/all-our-books\/\"},{\"@type\":\"ListItem\",\"position\":3,\"name\":\"BANVILLE Th\u00e9odore de Les Cam\u00e9es parisiens. [suivi de]...\"}]},{\"@type\":\"WebSite\",\"@id\":\"https:\/\/www.librairieclavreuil.com\/#website\",\"url\":\"https:\/\/www.librairieclavreuil.com\/\",\"name\":\"Libairie Clavreuil\",\"description\":\"Livres anciens, manuscrits rares et \u00e9ditions originales \u2013 Librairie Clavreuil\",\"publisher\":{\"@id\":\"https:\/\/www.librairieclavreuil.com\/#organization\"},\"potentialAction\":[{\"@type\":\"SearchAction\",\"target\":{\"@type\":\"EntryPoint\",\"urlTemplate\":\"https:\/\/www.librairieclavreuil.com\/?s={search_term_string}\"},\"query-input\":{\"@type\":\"PropertyValueSpecification\",\"valueRequired\":true,\"valueName\":\"search_term_string\"}}],\"inLanguage\":\"en-US\"},{\"@type\":\"Organization\",\"@id\":\"https:\/\/www.librairieclavreuil.com\/#organization\",\"name\":\"Libairie Clavreuil\",\"url\":\"https:\/\/www.librairieclavreuil.com\/\",\"logo\":{\"@type\":\"ImageObject\",\"inLanguage\":\"en-US\",\"@id\":\"https:\/\/www.librairieclavreuil.com\/#\/schema\/logo\/image\/\",\"url\":\"https:\/\/www.librairieclavreuil.com\/wp-content\/uploads\/2021\/06\/cropped-LOGO_PNG_DATE-_gold-512x512-1.png\",\"contentUrl\":\"https:\/\/www.librairieclavreuil.com\/wp-content\/uploads\/2021\/06\/cropped-LOGO_PNG_DATE-_gold-512x512-1.png\",\"width\":512,\"height\":512,\"caption\":\"Libairie Clavreuil\"},\"image\":{\"@id\":\"https:\/\/www.librairieclavreuil.com\/#\/schema\/logo\/image\/\"},\"sameAs\":[\"https:\/\/www.instagram.com\/librairieclavreuil\/\"]}]}<\/script>\n<!-- \/ Yoast SEO plugin. -->","yoast_head_json":{"title":"BANVILLE Th\u00e9odore de Les Cam\u00e9es parisiens. [suivi de] Les Cam\u00e9es parisiens, deuxi\u00e8me s\u00e9rie. - Libairie Clavreuil","robots":{"index":"index","follow":"follow","max-snippet":"max-snippet:-1","max-image-preview":"max-image-preview:large","max-video-preview":"max-video-preview:-1"},"canonical":"https:\/\/www.librairieclavreuil.com\/en\/banville-theodore-de-les-camees-parisiens-suivi-de-les-camees-parisiens-deuxieme-serie\/","og_locale":"en_US","og_type":"article","og_title":"BANVILLE Th\u00e9odore de Les Cam\u00e9es parisiens. [suivi de] Les Cam\u00e9es parisiens, deuxi\u00e8me s\u00e9rie. - Libairie Clavreuil","og_description":"12mo (158 x 95 mm) of 1 nn.l. (frontispiece with an etching of Ulm), 117 pp.,1 nn.l. (catalogue); 120 pp. Green shagreen, triple fillet framing covers, spine gilt with raised bands, inner roll, red edges (contemporary binding).","og_url":"https:\/\/www.librairieclavreuil.com\/en\/banville-theodore-de-les-camees-parisiens-suivi-de-les-camees-parisiens-deuxieme-serie\/","og_site_name":"Libairie Clavreuil","article_modified_time":"2025-10-03T16:05:57+00:00","og_image":[{"width":474,"height":800,"url":"https:\/\/www.librairieclavreuil.com\/wp-content\/uploads\/2025\/02\/theodore-de-banville-les-camees-parisiens-suivi-de-les-camees-parisiens-deuxieme-serie-8413-6644d2aea04b5.jpg","type":"image\/jpeg"}],"twitter_card":"summary_large_image","twitter_misc":{"Est. reading time":"1 minute"},"schema":{"@context":"https:\/\/schema.org","@graph":[{"@type":"WebPage","@id":"https:\/\/www.librairieclavreuil.com\/en\/banville-theodore-de-les-camees-parisiens-suivi-de-les-camees-parisiens-deuxieme-serie\/","url":"https:\/\/www.librairieclavreuil.com\/en\/banville-theodore-de-les-camees-parisiens-suivi-de-les-camees-parisiens-deuxieme-serie\/","name":"BANVILLE Th\u00e9odore de Les Cam\u00e9es parisiens. [suivi de] Les Cam\u00e9es parisiens, deuxi\u00e8me s\u00e9rie. - Libairie Clavreuil","isPartOf":{"@id":"https:\/\/www.librairieclavreuil.com\/#website"},"primaryImageOfPage":{"@id":"https:\/\/www.librairieclavreuil.com\/en\/banville-theodore-de-les-camees-parisiens-suivi-de-les-camees-parisiens-deuxieme-serie\/#primaryimage"},"image":{"@id":"https:\/\/www.librairieclavreuil.com\/en\/banville-theodore-de-les-camees-parisiens-suivi-de-les-camees-parisiens-deuxieme-serie\/#primaryimage"},"thumbnailUrl":"https:\/\/www.librairieclavreuil.com\/wp-content\/uploads\/2025\/02\/theodore-de-banville-les-camees-parisiens-suivi-de-les-camees-parisiens-deuxieme-serie-8413-6644d2aea04b5.jpg","datePublished":"2025-02-12T13:59:44+00:00","dateModified":"2025-10-03T16:05:57+00:00","breadcrumb":{"@id":"https:\/\/www.librairieclavreuil.com\/en\/banville-theodore-de-les-camees-parisiens-suivi-de-les-camees-parisiens-deuxieme-serie\/#breadcrumb"},"inLanguage":"en-US","potentialAction":[{"@type":"ReadAction","target":["https:\/\/www.librairieclavreuil.com\/en\/banville-theodore-de-les-camees-parisiens-suivi-de-les-camees-parisiens-deuxieme-serie\/"]}]},{"@type":"ImageObject","inLanguage":"en-US","@id":"https:\/\/www.librairieclavreuil.com\/en\/banville-theodore-de-les-camees-parisiens-suivi-de-les-camees-parisiens-deuxieme-serie\/#primaryimage","url":"https:\/\/www.librairieclavreuil.com\/wp-content\/uploads\/2025\/02\/theodore-de-banville-les-camees-parisiens-suivi-de-les-camees-parisiens-deuxieme-serie-8413-6644d2aea04b5.jpg","contentUrl":"https:\/\/www.librairieclavreuil.com\/wp-content\/uploads\/2025\/02\/theodore-de-banville-les-camees-parisiens-suivi-de-les-camees-parisiens-deuxieme-serie-8413-6644d2aea04b5.jpg","width":474,"height":800},{"@type":"BreadcrumbList","@id":"https:\/\/www.librairieclavreuil.com\/en\/banville-theodore-de-les-camees-parisiens-suivi-de-les-camees-parisiens-deuxieme-serie\/#breadcrumb","itemListElement":[{"@type":"ListItem","position":1,"name":"Accueil","item":"https:\/\/www.librairieclavreuil.com\/"},{"@type":"ListItem","position":2,"name":"All our books","item":"https:\/\/www.librairieclavreuil.com\/en\/all-our-books\/"},{"@type":"ListItem","position":3,"name":"BANVILLE Th\u00e9odore de Les Cam\u00e9es parisiens. [suivi de]..."}]},{"@type":"WebSite","@id":"https:\/\/www.librairieclavreuil.com\/#website","url":"https:\/\/www.librairieclavreuil.com\/","name":"Libairie Clavreuil","description":"Livres anciens, manuscrits rares et \u00e9ditions originales \u2013 Librairie Clavreuil","publisher":{"@id":"https:\/\/www.librairieclavreuil.com\/#organization"},"potentialAction":[{"@type":"SearchAction","target":{"@type":"EntryPoint","urlTemplate":"https:\/\/www.librairieclavreuil.com\/?s={search_term_string}"},"query-input":{"@type":"PropertyValueSpecification","valueRequired":true,"valueName":"search_term_string"}}],"inLanguage":"en-US"},{"@type":"Organization","@id":"https:\/\/www.librairieclavreuil.com\/#organization","name":"Libairie Clavreuil","url":"https:\/\/www.librairieclavreuil.com\/","logo":{"@type":"ImageObject","inLanguage":"en-US","@id":"https:\/\/www.librairieclavreuil.com\/#\/schema\/logo\/image\/","url":"https:\/\/www.librairieclavreuil.com\/wp-content\/uploads\/2021\/06\/cropped-LOGO_PNG_DATE-_gold-512x512-1.png","contentUrl":"https:\/\/www.librairieclavreuil.com\/wp-content\/uploads\/2021\/06\/cropped-LOGO_PNG_DATE-_gold-512x512-1.png","width":512,"height":512,"caption":"Libairie Clavreuil"},"image":{"@id":"https:\/\/www.librairieclavreuil.com\/#\/schema\/logo\/image\/"},"sameAs":["https:\/\/www.instagram.com\/librairieclavreuil\/"]}]}},"jetpack_sharing_enabled":true,"_links":{"self":[{"href":"https:\/\/www.librairieclavreuil.com\/en\/wp-json\/wp\/v2\/product\/82950","targetHints":{"allow":["GET"]}}],"collection":[{"href":"https:\/\/www.librairieclavreuil.com\/en\/wp-json\/wp\/v2\/product"}],"about":[{"href":"https:\/\/www.librairieclavreuil.com\/en\/wp-json\/wp\/v2\/types\/product"}],"replies":[{"embeddable":true,"href":"https:\/\/www.librairieclavreuil.com\/en\/wp-json\/wp\/v2\/comments?post=82950"}],"wp:featuredmedia":[{"embeddable":true,"href":"https:\/\/www.librairieclavreuil.com\/en\/wp-json\/wp\/v2\/media\/82943"}],"wp:attachment":[{"href":"https:\/\/www.librairieclavreuil.com\/en\/wp-json\/wp\/v2\/media?parent=82950"}],"wp:term":[{"taxonomy":"product_brand","embeddable":true,"href":"https:\/\/www.librairieclavreuil.com\/en\/wp-json\/wp\/v2\/product_brand?post=82950"},{"taxonomy":"product_cat","embeddable":true,"href":"https:\/\/www.librairieclavreuil.com\/en\/wp-json\/wp\/v2\/product_cat?post=82950"},{"taxonomy":"product_tag","embeddable":true,"href":"https:\/\/www.librairieclavreuil.com\/en\/wp-json\/wp\/v2\/product_tag?post=82950"}],"curies":[{"name":"wp","href":"https:\/\/api.w.org\/{rel}","templated":true}]}}