{"id":82942,"date":"2025-02-12T14:59:11","date_gmt":"2025-02-12T13:59:11","guid":{"rendered":"https:\/\/www.librairieclavreuil.com\/barbe-de-marbois-francois-lettres-de-madame-la-marquise-de-pompadour-depuis-1753-jusqua-1762-inclusivement-suivi-de-lettres-de-madame-la-marquise-de-pompadour-depuis-1746-jusqua-1752-inclusiv\/"},"modified":"2025-02-12T14:59:26","modified_gmt":"2025-02-12T13:59:26","slug":"barbe-de-marbois-francois-lettres-de-madame-la-marquise-de-pompadour-depuis-1753-jusqua-1762-inclusivement-suivi-de-lettres-de-madame-la-marquise-de-pompadour-depuis-1746-jusqua-1752-inclusiv","status":"publish","type":"product","link":"https:\/\/www.librairieclavreuil.com\/en\/barbe-de-marbois-francois-lettres-de-madame-la-marquise-de-pompadour-depuis-1753-jusqua-1762-inclusivement-suivi-de-lettres-de-madame-la-marquise-de-pompadour-depuis-1746-jusqua-1752-inclusiv\/","title":{"rendered":"BARB\u00c9 DE MARBOIS Fran\u00e7ois Lettres de madame la..."},"content":{"rendered":"<p style=\"text-align:justify\"><i>Deviosse, Jean, L&#8217;Homme qui vendit la Louisiane, 1989; Qu\u00e9rard, I, 173.<\/i><\/p>\n<p style=\"text-align:justify\">Fifth edition for part I and II (first in 1771) and fourth edition for part III and IV (first in 1772). Complete with 212 letters.<\/p>\n<p style=\"text-align:justify\">The letters in this volume were not written by the Marquise de Pompadour but by Fran\u00e7ois Barb\u00e9 de Marbois (1745-1837).<\/p>\n<p style=\"text-align:justify\">This politician, who was <i>Charg\u00e9 d&#8217;affaires<\/i> at the Ministry of Foreign Affairs, State Councillor, then Director of the Treasury and First President of the Court of Auditors, had a life full of adventures.<\/p>\n<p style=\"text-align:justify\">In the 1770s, while in Saxony to take up a political post, he discovered and studied belles-lettres. He became an editorial writer for <i>Deutscher Merkur<\/i>, an influential German journal. It was thanks to this journal in particular that he came to terms with the deception of the false letters from the Marquise. In the columns of the periodical, he proclaimed the letters to be newly discovered and thus concealed his imprint on them.<\/p>\n<p style=\"text-align:justify\">Lower margin of page 153 torn without affecting the text, page 175 incorrectly numbered 173 for volume I.<\/p>\n<p style=\"text-align:justify\">Title pages of both volumes slightly toned in outer margins.<\/p>\n<p style=\"text-align:justify\">Nice set.<\/p>\n","protected":false},"excerpt":{"rendered":"<p>4 parts in 2 volumes, 12mo (166 x 93 mm) 6 nn.ll. (half-title, title, preface), 179 pp. for part I; 2 nn.ll. (half-title, title), 163 pp., 7 nn.ll. (index part I-II) for part II; 9 nn.ll. (title, introduction, index), 236 pp. for part III ; 8 pp. ( title, publisher&#8217;s announcement), 2 nn.ll. (index), 225 pp. for part IV. Contemppruar marbled calf, triple gilt filet on covers, flat spine, speckled edges.<\/p>\n","protected":false},"featured_media":82937,"comment_status":"open","ping_status":"closed","template":"","meta":{"_acf_changed":false},"product_brand":[],"product_cat":[544],"product_tag":[1240],"class_list":{"0":"post-82942","1":"product","2":"type-product","3":"status-publish","4":"has-post-thumbnail","6":"product_cat-literature","7":"product_tag-18th-century-illustrations","8":"pa_auteur-barbe-de-marbois-francois-2","9":"pa_type-de-livre-printed-book","11":"first","12":"instock","13":"shipping-taxable","14":"purchasable","15":"product-type-simple"},"acf":{"artist":"Fran\u00e7ois BARB\u00c9 DE MARBOIS","chapeau":"","adresse_bibliographique":"Londres, G. Owen & T. Cadell, 1774","book_type":"Printed book","provenance":"","afficher_prix":""},"yoast_head":"<!-- This site is optimized with the Yoast SEO plugin v24.7 - https:\/\/yoast.com\/wordpress\/plugins\/seo\/ -->\n<title>BARB\u00c9 DE MARBOIS Fran\u00e7ois Lettres de madame la marquise de Pompadour, depuis 1753 jusqu&#039;\u00e0 1762 inclusivement. [suivi de] Lettres de madame la marquise de Pompadour, depuis 1746 jusqu&#039;\u00e0 1752 inclusivement. [suivi de] Lettres et r\u00e9ponses \u00e9crites \u00e0 madame la marquise de Pompadour, depuis 1753 jusqu&#039;\u00e0 1762 inclusivement. - Libairie Clavreuil<\/title>\n<meta name=\"robots\" content=\"index, follow, max-snippet:-1, max-image-preview:large, max-video-preview:-1\" \/>\n<link rel=\"canonical\" href=\"https:\/\/www.librairieclavreuil.com\/en\/barbe-de-marbois-francois-lettres-de-madame-la-marquise-de-pompadour-depuis-1753-jusqua-1762-inclusivement-suivi-de-lettres-de-madame-la-marquise-de-pompadour-depuis-1746-jusqua-1752-inclusiv\/\" \/>\n<meta property=\"og:locale\" content=\"en_US\" \/>\n<meta property=\"og:type\" content=\"article\" \/>\n<meta property=\"og:title\" content=\"BARB\u00c9 DE MARBOIS Fran\u00e7ois Lettres de madame la marquise de Pompadour, depuis 1753 jusqu&#039;\u00e0 1762 inclusivement. [suivi de] Lettres de madame la marquise de Pompadour, depuis 1746 jusqu&#039;\u00e0 1752 inclusivement. [suivi de] Lettres et r\u00e9ponses \u00e9crites \u00e0 madame la marquise de Pompadour, depuis 1753 jusqu&#039;\u00e0 1762 inclusivement. - Libairie Clavreuil\" \/>\n<meta property=\"og:description\" content=\"4 parts in 2 volumes, 12mo (166 x 93 mm) 6 nn.ll. (half-title, title, preface), 179 pp. for part I; 2 nn.ll. (half-title, title), 163 pp., 7 nn.ll. (index part I-II) for part II; 9 nn.ll. (title, introduction, index), 236 pp. for part III ; 8 pp. ( title, publisher&#039;s announcement), 2 nn.ll. (index), 225 pp. for part IV. Contemppruar marbled calf, triple gilt filet on covers, flat spine, speckled edges.\" \/>\n<meta property=\"og:url\" content=\"https:\/\/www.librairieclavreuil.com\/en\/barbe-de-marbois-francois-lettres-de-madame-la-marquise-de-pompadour-depuis-1753-jusqua-1762-inclusivement-suivi-de-lettres-de-madame-la-marquise-de-pompadour-depuis-1746-jusqua-1752-inclusiv\/\" \/>\n<meta property=\"og:site_name\" content=\"Libairie Clavreuil\" \/>\n<meta property=\"article:modified_time\" content=\"2025-02-12T13:59:26+00:00\" \/>\n<meta property=\"og:image\" content=\"https:\/\/www.librairieclavreuil.com\/wp-content\/uploads\/2025\/02\/barbe-marbois-lettres-de-madame-la-marquise-de-pompadour-depuis-1753-jusqu-a-1762-inclusivement-suivi-de-lettres-de-madame-la-marquise-de-pompadour-de.jpg\" \/>\n\t<meta property=\"og:image:width\" content=\"469\" \/>\n\t<meta property=\"og:image:height\" content=\"800\" \/>\n\t<meta property=\"og:image:type\" content=\"image\/jpeg\" \/>\n<meta name=\"twitter:card\" content=\"summary_large_image\" \/>\n<meta name=\"twitter:label1\" content=\"Est. reading time\" \/>\n\t<meta name=\"twitter:data1\" content=\"1 minute\" \/>\n<script type=\"application\/ld+json\" class=\"yoast-schema-graph\">{\"@context\":\"https:\/\/schema.org\",\"@graph\":[{\"@type\":\"WebPage\",\"@id\":\"https:\/\/www.librairieclavreuil.com\/en\/barbe-de-marbois-francois-lettres-de-madame-la-marquise-de-pompadour-depuis-1753-jusqua-1762-inclusivement-suivi-de-lettres-de-madame-la-marquise-de-pompadour-depuis-1746-jusqua-1752-inclusiv\/\",\"url\":\"https:\/\/www.librairieclavreuil.com\/en\/barbe-de-marbois-francois-lettres-de-madame-la-marquise-de-pompadour-depuis-1753-jusqua-1762-inclusivement-suivi-de-lettres-de-madame-la-marquise-de-pompadour-depuis-1746-jusqua-1752-inclusiv\/\",\"name\":\"BARB\u00c9 DE MARBOIS Fran\u00e7ois Lettres de madame la marquise de Pompadour, depuis 1753 jusqu'\u00e0 1762 inclusivement. [suivi de] Lettres de madame la marquise de Pompadour, depuis 1746 jusqu'\u00e0 1752 inclusivement. [suivi de] Lettres et r\u00e9ponses \u00e9crites \u00e0 madame la marquise de Pompadour, depuis 1753 jusqu'\u00e0 1762 inclusivement. - Libairie Clavreuil\",\"isPartOf\":{\"@id\":\"https:\/\/www.librairieclavreuil.com\/#website\"},\"primaryImageOfPage\":{\"@id\":\"https:\/\/www.librairieclavreuil.com\/en\/barbe-de-marbois-francois-lettres-de-madame-la-marquise-de-pompadour-depuis-1753-jusqua-1762-inclusivement-suivi-de-lettres-de-madame-la-marquise-de-pompadour-depuis-1746-jusqua-1752-inclusiv\/#primaryimage\"},\"image\":{\"@id\":\"https:\/\/www.librairieclavreuil.com\/en\/barbe-de-marbois-francois-lettres-de-madame-la-marquise-de-pompadour-depuis-1753-jusqua-1762-inclusivement-suivi-de-lettres-de-madame-la-marquise-de-pompadour-depuis-1746-jusqua-1752-inclusiv\/#primaryimage\"},\"thumbnailUrl\":\"https:\/\/www.librairieclavreuil.com\/wp-content\/uploads\/2025\/02\/barbe-marbois-lettres-de-madame-la-marquise-de-pompadour-depuis-1753-jusqu-a-1762-inclusivement-suivi-de-lettres-de-madame-la-marquise-de-pompadour-de.jpg\",\"datePublished\":\"2025-02-12T13:59:11+00:00\",\"dateModified\":\"2025-02-12T13:59:26+00:00\",\"breadcrumb\":{\"@id\":\"https:\/\/www.librairieclavreuil.com\/en\/barbe-de-marbois-francois-lettres-de-madame-la-marquise-de-pompadour-depuis-1753-jusqua-1762-inclusivement-suivi-de-lettres-de-madame-la-marquise-de-pompadour-depuis-1746-jusqua-1752-inclusiv\/#breadcrumb\"},\"inLanguage\":\"en-US\",\"potentialAction\":[{\"@type\":\"ReadAction\",\"target\":[\"https:\/\/www.librairieclavreuil.com\/en\/barbe-de-marbois-francois-lettres-de-madame-la-marquise-de-pompadour-depuis-1753-jusqua-1762-inclusivement-suivi-de-lettres-de-madame-la-marquise-de-pompadour-depuis-1746-jusqua-1752-inclusiv\/\"]}]},{\"@type\":\"ImageObject\",\"inLanguage\":\"en-US\",\"@id\":\"https:\/\/www.librairieclavreuil.com\/en\/barbe-de-marbois-francois-lettres-de-madame-la-marquise-de-pompadour-depuis-1753-jusqua-1762-inclusivement-suivi-de-lettres-de-madame-la-marquise-de-pompadour-depuis-1746-jusqua-1752-inclusiv\/#primaryimage\",\"url\":\"https:\/\/www.librairieclavreuil.com\/wp-content\/uploads\/2025\/02\/barbe-marbois-lettres-de-madame-la-marquise-de-pompadour-depuis-1753-jusqu-a-1762-inclusivement-suivi-de-lettres-de-madame-la-marquise-de-pompadour-de.jpg\",\"contentUrl\":\"https:\/\/www.librairieclavreuil.com\/wp-content\/uploads\/2025\/02\/barbe-marbois-lettres-de-madame-la-marquise-de-pompadour-depuis-1753-jusqu-a-1762-inclusivement-suivi-de-lettres-de-madame-la-marquise-de-pompadour-de.jpg\",\"width\":469,\"height\":800},{\"@type\":\"BreadcrumbList\",\"@id\":\"https:\/\/www.librairieclavreuil.com\/en\/barbe-de-marbois-francois-lettres-de-madame-la-marquise-de-pompadour-depuis-1753-jusqua-1762-inclusivement-suivi-de-lettres-de-madame-la-marquise-de-pompadour-depuis-1746-jusqua-1752-inclusiv\/#breadcrumb\",\"itemListElement\":[{\"@type\":\"ListItem\",\"position\":1,\"name\":\"Accueil\",\"item\":\"https:\/\/www.librairieclavreuil.com\/\"},{\"@type\":\"ListItem\",\"position\":2,\"name\":\"All our books\",\"item\":\"https:\/\/www.librairieclavreuil.com\/en\/all-our-books\/\"},{\"@type\":\"ListItem\",\"position\":3,\"name\":\"BARB\u00c9 DE MARBOIS Fran\u00e7ois Lettres de madame la marquise de Pompadour, depuis 1753 jusqu&#8217;\u00e0 1762 inclusivement. [suivi de] Lettres de madame la marquise de Pompadour, depuis 1746 jusqu&#8217;\u00e0 1752 inclusivement. [suivi de] Lettres et r\u00e9ponses \u00e9crites \u00e0 madame la marquise de Pompadour, depuis 1753 jusqu&#8217;\u00e0 1762 inclusivement.\"}]},{\"@type\":\"WebSite\",\"@id\":\"https:\/\/www.librairieclavreuil.com\/#website\",\"url\":\"https:\/\/www.librairieclavreuil.com\/\",\"name\":\"Libairie Clavreuil\",\"description\":\"Livres anciens, manuscrits rares et \u00e9ditions originales \u2013 Librairie Clavreuil\",\"publisher\":{\"@id\":\"https:\/\/www.librairieclavreuil.com\/#organization\"},\"potentialAction\":[{\"@type\":\"SearchAction\",\"target\":{\"@type\":\"EntryPoint\",\"urlTemplate\":\"https:\/\/www.librairieclavreuil.com\/?s={search_term_string}\"},\"query-input\":{\"@type\":\"PropertyValueSpecification\",\"valueRequired\":true,\"valueName\":\"search_term_string\"}}],\"inLanguage\":\"en-US\"},{\"@type\":\"Organization\",\"@id\":\"https:\/\/www.librairieclavreuil.com\/#organization\",\"name\":\"Libairie Clavreuil\",\"url\":\"https:\/\/www.librairieclavreuil.com\/\",\"logo\":{\"@type\":\"ImageObject\",\"inLanguage\":\"en-US\",\"@id\":\"https:\/\/www.librairieclavreuil.com\/#\/schema\/logo\/image\/\",\"url\":\"https:\/\/www.librairieclavreuil.com\/wp-content\/uploads\/2021\/06\/cropped-LOGO_PNG_DATE-_gold-512x512-1.png\",\"contentUrl\":\"https:\/\/www.librairieclavreuil.com\/wp-content\/uploads\/2021\/06\/cropped-LOGO_PNG_DATE-_gold-512x512-1.png\",\"width\":512,\"height\":512,\"caption\":\"Libairie Clavreuil\"},\"image\":{\"@id\":\"https:\/\/www.librairieclavreuil.com\/#\/schema\/logo\/image\/\"},\"sameAs\":[\"https:\/\/www.instagram.com\/librairieclavreuil\/\"]}]}<\/script>\n<!-- \/ Yoast SEO plugin. -->","yoast_head_json":{"title":"BARB\u00c9 DE MARBOIS Fran\u00e7ois Lettres de madame la marquise de Pompadour, depuis 1753 jusqu'\u00e0 1762 inclusivement. [suivi de] Lettres de madame la marquise de Pompadour, depuis 1746 jusqu'\u00e0 1752 inclusivement. [suivi de] Lettres et r\u00e9ponses \u00e9crites \u00e0 madame la marquise de Pompadour, depuis 1753 jusqu'\u00e0 1762 inclusivement. - Libairie Clavreuil","robots":{"index":"index","follow":"follow","max-snippet":"max-snippet:-1","max-image-preview":"max-image-preview:large","max-video-preview":"max-video-preview:-1"},"canonical":"https:\/\/www.librairieclavreuil.com\/en\/barbe-de-marbois-francois-lettres-de-madame-la-marquise-de-pompadour-depuis-1753-jusqua-1762-inclusivement-suivi-de-lettres-de-madame-la-marquise-de-pompadour-depuis-1746-jusqua-1752-inclusiv\/","og_locale":"en_US","og_type":"article","og_title":"BARB\u00c9 DE MARBOIS Fran\u00e7ois Lettres de madame la marquise de Pompadour, depuis 1753 jusqu'\u00e0 1762 inclusivement. [suivi de] Lettres de madame la marquise de Pompadour, depuis 1746 jusqu'\u00e0 1752 inclusivement. [suivi de] Lettres et r\u00e9ponses \u00e9crites \u00e0 madame la marquise de Pompadour, depuis 1753 jusqu'\u00e0 1762 inclusivement. - Libairie Clavreuil","og_description":"4 parts in 2 volumes, 12mo (166 x 93 mm) 6 nn.ll. (half-title, title, preface), 179 pp. for part I; 2 nn.ll. (half-title, title), 163 pp., 7 nn.ll. (index part I-II) for part II; 9 nn.ll. (title, introduction, index), 236 pp. for part III ; 8 pp. ( title, publisher's announcement), 2 nn.ll. (index), 225 pp. for part IV. Contemppruar marbled calf, triple gilt filet on covers, flat spine, speckled edges.","og_url":"https:\/\/www.librairieclavreuil.com\/en\/barbe-de-marbois-francois-lettres-de-madame-la-marquise-de-pompadour-depuis-1753-jusqua-1762-inclusivement-suivi-de-lettres-de-madame-la-marquise-de-pompadour-depuis-1746-jusqua-1752-inclusiv\/","og_site_name":"Libairie Clavreuil","article_modified_time":"2025-02-12T13:59:26+00:00","og_image":[{"width":469,"height":800,"url":"https:\/\/www.librairieclavreuil.com\/wp-content\/uploads\/2025\/02\/barbe-marbois-lettres-de-madame-la-marquise-de-pompadour-depuis-1753-jusqu-a-1762-inclusivement-suivi-de-lettres-de-madame-la-marquise-de-pompadour-de.jpg","type":"image\/jpeg"}],"twitter_card":"summary_large_image","twitter_misc":{"Est. reading time":"1 minute"},"schema":{"@context":"https:\/\/schema.org","@graph":[{"@type":"WebPage","@id":"https:\/\/www.librairieclavreuil.com\/en\/barbe-de-marbois-francois-lettres-de-madame-la-marquise-de-pompadour-depuis-1753-jusqua-1762-inclusivement-suivi-de-lettres-de-madame-la-marquise-de-pompadour-depuis-1746-jusqua-1752-inclusiv\/","url":"https:\/\/www.librairieclavreuil.com\/en\/barbe-de-marbois-francois-lettres-de-madame-la-marquise-de-pompadour-depuis-1753-jusqua-1762-inclusivement-suivi-de-lettres-de-madame-la-marquise-de-pompadour-depuis-1746-jusqua-1752-inclusiv\/","name":"BARB\u00c9 DE MARBOIS Fran\u00e7ois Lettres de madame la marquise de Pompadour, depuis 1753 jusqu'\u00e0 1762 inclusivement. [suivi de] Lettres de madame la marquise de Pompadour, depuis 1746 jusqu'\u00e0 1752 inclusivement. [suivi de] Lettres et r\u00e9ponses \u00e9crites \u00e0 madame la marquise de Pompadour, depuis 1753 jusqu'\u00e0 1762 inclusivement. - Libairie Clavreuil","isPartOf":{"@id":"https:\/\/www.librairieclavreuil.com\/#website"},"primaryImageOfPage":{"@id":"https:\/\/www.librairieclavreuil.com\/en\/barbe-de-marbois-francois-lettres-de-madame-la-marquise-de-pompadour-depuis-1753-jusqua-1762-inclusivement-suivi-de-lettres-de-madame-la-marquise-de-pompadour-depuis-1746-jusqua-1752-inclusiv\/#primaryimage"},"image":{"@id":"https:\/\/www.librairieclavreuil.com\/en\/barbe-de-marbois-francois-lettres-de-madame-la-marquise-de-pompadour-depuis-1753-jusqua-1762-inclusivement-suivi-de-lettres-de-madame-la-marquise-de-pompadour-depuis-1746-jusqua-1752-inclusiv\/#primaryimage"},"thumbnailUrl":"https:\/\/www.librairieclavreuil.com\/wp-content\/uploads\/2025\/02\/barbe-marbois-lettres-de-madame-la-marquise-de-pompadour-depuis-1753-jusqu-a-1762-inclusivement-suivi-de-lettres-de-madame-la-marquise-de-pompadour-de.jpg","datePublished":"2025-02-12T13:59:11+00:00","dateModified":"2025-02-12T13:59:26+00:00","breadcrumb":{"@id":"https:\/\/www.librairieclavreuil.com\/en\/barbe-de-marbois-francois-lettres-de-madame-la-marquise-de-pompadour-depuis-1753-jusqua-1762-inclusivement-suivi-de-lettres-de-madame-la-marquise-de-pompadour-depuis-1746-jusqua-1752-inclusiv\/#breadcrumb"},"inLanguage":"en-US","potentialAction":[{"@type":"ReadAction","target":["https:\/\/www.librairieclavreuil.com\/en\/barbe-de-marbois-francois-lettres-de-madame-la-marquise-de-pompadour-depuis-1753-jusqua-1762-inclusivement-suivi-de-lettres-de-madame-la-marquise-de-pompadour-depuis-1746-jusqua-1752-inclusiv\/"]}]},{"@type":"ImageObject","inLanguage":"en-US","@id":"https:\/\/www.librairieclavreuil.com\/en\/barbe-de-marbois-francois-lettres-de-madame-la-marquise-de-pompadour-depuis-1753-jusqua-1762-inclusivement-suivi-de-lettres-de-madame-la-marquise-de-pompadour-depuis-1746-jusqua-1752-inclusiv\/#primaryimage","url":"https:\/\/www.librairieclavreuil.com\/wp-content\/uploads\/2025\/02\/barbe-marbois-lettres-de-madame-la-marquise-de-pompadour-depuis-1753-jusqu-a-1762-inclusivement-suivi-de-lettres-de-madame-la-marquise-de-pompadour-de.jpg","contentUrl":"https:\/\/www.librairieclavreuil.com\/wp-content\/uploads\/2025\/02\/barbe-marbois-lettres-de-madame-la-marquise-de-pompadour-depuis-1753-jusqu-a-1762-inclusivement-suivi-de-lettres-de-madame-la-marquise-de-pompadour-de.jpg","width":469,"height":800},{"@type":"BreadcrumbList","@id":"https:\/\/www.librairieclavreuil.com\/en\/barbe-de-marbois-francois-lettres-de-madame-la-marquise-de-pompadour-depuis-1753-jusqua-1762-inclusivement-suivi-de-lettres-de-madame-la-marquise-de-pompadour-depuis-1746-jusqua-1752-inclusiv\/#breadcrumb","itemListElement":[{"@type":"ListItem","position":1,"name":"Accueil","item":"https:\/\/www.librairieclavreuil.com\/"},{"@type":"ListItem","position":2,"name":"All our books","item":"https:\/\/www.librairieclavreuil.com\/en\/all-our-books\/"},{"@type":"ListItem","position":3,"name":"BARB\u00c9 DE MARBOIS Fran\u00e7ois Lettres de madame la marquise de Pompadour, depuis 1753 jusqu&#8217;\u00e0 1762 inclusivement. [suivi de] Lettres de madame la marquise de Pompadour, depuis 1746 jusqu&#8217;\u00e0 1752 inclusivement. [suivi de] Lettres et r\u00e9ponses \u00e9crites \u00e0 madame la marquise de Pompadour, depuis 1753 jusqu&#8217;\u00e0 1762 inclusivement."}]},{"@type":"WebSite","@id":"https:\/\/www.librairieclavreuil.com\/#website","url":"https:\/\/www.librairieclavreuil.com\/","name":"Libairie Clavreuil","description":"Livres anciens, manuscrits rares et \u00e9ditions originales \u2013 Librairie Clavreuil","publisher":{"@id":"https:\/\/www.librairieclavreuil.com\/#organization"},"potentialAction":[{"@type":"SearchAction","target":{"@type":"EntryPoint","urlTemplate":"https:\/\/www.librairieclavreuil.com\/?s={search_term_string}"},"query-input":{"@type":"PropertyValueSpecification","valueRequired":true,"valueName":"search_term_string"}}],"inLanguage":"en-US"},{"@type":"Organization","@id":"https:\/\/www.librairieclavreuil.com\/#organization","name":"Libairie Clavreuil","url":"https:\/\/www.librairieclavreuil.com\/","logo":{"@type":"ImageObject","inLanguage":"en-US","@id":"https:\/\/www.librairieclavreuil.com\/#\/schema\/logo\/image\/","url":"https:\/\/www.librairieclavreuil.com\/wp-content\/uploads\/2021\/06\/cropped-LOGO_PNG_DATE-_gold-512x512-1.png","contentUrl":"https:\/\/www.librairieclavreuil.com\/wp-content\/uploads\/2021\/06\/cropped-LOGO_PNG_DATE-_gold-512x512-1.png","width":512,"height":512,"caption":"Libairie Clavreuil"},"image":{"@id":"https:\/\/www.librairieclavreuil.com\/#\/schema\/logo\/image\/"},"sameAs":["https:\/\/www.instagram.com\/librairieclavreuil\/"]}]}},"jetpack_sharing_enabled":true,"_links":{"self":[{"href":"https:\/\/www.librairieclavreuil.com\/en\/wp-json\/wp\/v2\/product\/82942","targetHints":{"allow":["GET"]}}],"collection":[{"href":"https:\/\/www.librairieclavreuil.com\/en\/wp-json\/wp\/v2\/product"}],"about":[{"href":"https:\/\/www.librairieclavreuil.com\/en\/wp-json\/wp\/v2\/types\/product"}],"replies":[{"embeddable":true,"href":"https:\/\/www.librairieclavreuil.com\/en\/wp-json\/wp\/v2\/comments?post=82942"}],"wp:featuredmedia":[{"embeddable":true,"href":"https:\/\/www.librairieclavreuil.com\/en\/wp-json\/wp\/v2\/media\/82937"}],"wp:attachment":[{"href":"https:\/\/www.librairieclavreuil.com\/en\/wp-json\/wp\/v2\/media?parent=82942"}],"wp:term":[{"taxonomy":"product_brand","embeddable":true,"href":"https:\/\/www.librairieclavreuil.com\/en\/wp-json\/wp\/v2\/product_brand?post=82942"},{"taxonomy":"product_cat","embeddable":true,"href":"https:\/\/www.librairieclavreuil.com\/en\/wp-json\/wp\/v2\/product_cat?post=82942"},{"taxonomy":"product_tag","embeddable":true,"href":"https:\/\/www.librairieclavreuil.com\/en\/wp-json\/wp\/v2\/product_tag?post=82942"}],"curies":[{"name":"wp","href":"https:\/\/api.w.org\/{rel}","templated":true}]}}