{"id":82936,"date":"2025-02-12T14:54:42","date_gmt":"2025-02-12T13:54:42","guid":{"rendered":"https:\/\/www.librairieclavreuil.com\/anonyme-le-facecieux-reveille-matin-des-esprits-melancholiques-ou-le-remede-preservatif-contre-les-tristes\/"},"modified":"2025-02-12T14:54:58","modified_gmt":"2025-02-12T13:54:58","slug":"anonyme-le-facecieux-reveille-matin-des-esprits-melancholiques-ou-le-remede-preservatif-contre-les-tristes","status":"publish","type":"product","link":"https:\/\/www.librairieclavreuil.com\/en\/anonyme-le-facecieux-reveille-matin-des-esprits-melancholiques-ou-le-remede-preservatif-contre-les-tristes\/","title":{"rendered":"ANONYME Le Fac\u00e9cieux reveille-matin des esprits m\u00e9lancholiques, ou..."},"content":{"rendered":"<p style=\"text-align:justify\"><i>Gay-Lemonnyer, II, 224 ; voir Pichon, vente de 1869, lot 797 (published in Utrecht 1654, bound by Bauzonnet-Trautz).<\/i><\/p>\n<p style=\"text-align:justify\">A rare edition of this anthology of funny, facetious and sometimes saucy stories.&nbsp;<\/p>\n<p style=\"text-align:justify\">First published in 1643, this work was reprinted several times in the 17th century.&nbsp;<\/p>\n<p style=\"text-align:justify\">A very fine copy bound by Bauzonnet.<\/p>\n","protected":false},"excerpt":{"rendered":"<p>12mo (125 x 69 mm) title, 251 pp., 6 nn.ll. (index). Longrained bronze morocco by Bauzonnet, triple gilt filet on covers, spine gilt with raised bands, gilt edges.<\/p>\n","protected":false},"featured_media":82931,"comment_status":"open","ping_status":"closed","template":"","meta":{"_acf_changed":false},"product_brand":[],"product_cat":[544],"product_tag":[1244],"class_list":{"0":"post-82936","1":"product","2":"type-product","3":"status-publish","4":"has-post-thumbnail","6":"product_cat-literature","7":"product_tag-17th-century-literature","8":"pa_auteur-anonyme-2","9":"pa_type-de-livre-printed-book","11":"first","12":"instock","13":"shipping-taxable","14":"purchasable","15":"product-type-simple"},"acf":{"artist":" ANONYME","chapeau":"","adresse_bibliographique":"Paris, Claude Barbin, 1674","book_type":"Printed book","provenance":"","afficher_prix":""},"yoast_head":"<!-- This site is optimized with the Yoast SEO plugin v24.7 - https:\/\/yoast.com\/wordpress\/plugins\/seo\/ -->\n<title>ANONYME  Le Fac\u00e9cieux reveille-matin des esprits m\u00e9lancholiques, ou Le Rem\u00e8de pr\u00e9servatif contre les tristes. - Libairie Clavreuil<\/title>\n<meta name=\"robots\" content=\"index, follow, max-snippet:-1, max-image-preview:large, max-video-preview:-1\" \/>\n<link rel=\"canonical\" href=\"https:\/\/www.librairieclavreuil.com\/produit\/anonyme-le-facecieux-reveille-matin-des-esprits-melancholiques-ou-le-remede-preservatif-contre-les-tristes\/\" \/>\n<meta property=\"og:locale\" content=\"en_US\" \/>\n<meta property=\"og:type\" content=\"article\" \/>\n<meta property=\"og:title\" content=\"ANONYME  Le Fac\u00e9cieux reveille-matin des esprits m\u00e9lancholiques, ou Le Rem\u00e8de pr\u00e9servatif contre les tristes. - Libairie Clavreuil\" \/>\n<meta property=\"og:description\" content=\"12mo (125 x 69 mm) title, 251 pp., 6 nn.ll. (index). Longrained bronze morocco by Bauzonnet, triple gilt filet on covers, spine gilt with raised bands, gilt edges.\" \/>\n<meta property=\"og:url\" content=\"https:\/\/www.librairieclavreuil.com\/produit\/anonyme-le-facecieux-reveille-matin-des-esprits-melancholiques-ou-le-remede-preservatif-contre-les-tristes\/\" \/>\n<meta property=\"og:site_name\" content=\"Libairie Clavreuil\" \/>\n<meta property=\"article:modified_time\" content=\"2025-02-12T13:54:58+00:00\" \/>\n<meta property=\"og:image\" content=\"https:\/\/www.librairieclavreuil.com\/wp-content\/uploads\/2025\/02\/anonyme-le-facecieux-reveille-matin-des-esprits-melancholiques-ou-le-remede-preservatif-contre-les-tristes-8021-6605a3bfef925.jpg\" \/>\n\t<meta property=\"og:image:width\" content=\"443\" \/>\n\t<meta property=\"og:image:height\" content=\"800\" \/>\n\t<meta property=\"og:image:type\" content=\"image\/jpeg\" \/>\n<meta name=\"twitter:card\" content=\"summary_large_image\" \/>\n<script type=\"application\/ld+json\" class=\"yoast-schema-graph\">{\"@context\":\"https:\/\/schema.org\",\"@graph\":[{\"@type\":\"WebPage\",\"@id\":\"https:\/\/www.librairieclavreuil.com\/produit\/anonyme-le-facecieux-reveille-matin-des-esprits-melancholiques-ou-le-remede-preservatif-contre-les-tristes\/\",\"url\":\"https:\/\/www.librairieclavreuil.com\/produit\/anonyme-le-facecieux-reveille-matin-des-esprits-melancholiques-ou-le-remede-preservatif-contre-les-tristes\/\",\"name\":\"ANONYME Le Fac\u00e9cieux reveille-matin des esprits m\u00e9lancholiques, ou Le Rem\u00e8de pr\u00e9servatif contre les tristes. - Libairie Clavreuil\",\"isPartOf\":{\"@id\":\"https:\/\/www.librairieclavreuil.com\/#website\"},\"primaryImageOfPage\":{\"@id\":\"https:\/\/www.librairieclavreuil.com\/produit\/anonyme-le-facecieux-reveille-matin-des-esprits-melancholiques-ou-le-remede-preservatif-contre-les-tristes\/#primaryimage\"},\"image\":{\"@id\":\"https:\/\/www.librairieclavreuil.com\/produit\/anonyme-le-facecieux-reveille-matin-des-esprits-melancholiques-ou-le-remede-preservatif-contre-les-tristes\/#primaryimage\"},\"thumbnailUrl\":\"https:\/\/www.librairieclavreuil.com\/wp-content\/uploads\/2025\/02\/anonyme-le-facecieux-reveille-matin-des-esprits-melancholiques-ou-le-remede-preservatif-contre-les-tristes-8021-6605a3bfef925.jpg\",\"datePublished\":\"2025-02-12T13:54:42+00:00\",\"dateModified\":\"2025-02-12T13:54:58+00:00\",\"breadcrumb\":{\"@id\":\"https:\/\/www.librairieclavreuil.com\/produit\/anonyme-le-facecieux-reveille-matin-des-esprits-melancholiques-ou-le-remede-preservatif-contre-les-tristes\/#breadcrumb\"},\"inLanguage\":\"en-US\",\"potentialAction\":[{\"@type\":\"ReadAction\",\"target\":[\"https:\/\/www.librairieclavreuil.com\/produit\/anonyme-le-facecieux-reveille-matin-des-esprits-melancholiques-ou-le-remede-preservatif-contre-les-tristes\/\"]}]},{\"@type\":\"ImageObject\",\"inLanguage\":\"en-US\",\"@id\":\"https:\/\/www.librairieclavreuil.com\/produit\/anonyme-le-facecieux-reveille-matin-des-esprits-melancholiques-ou-le-remede-preservatif-contre-les-tristes\/#primaryimage\",\"url\":\"https:\/\/www.librairieclavreuil.com\/wp-content\/uploads\/2025\/02\/anonyme-le-facecieux-reveille-matin-des-esprits-melancholiques-ou-le-remede-preservatif-contre-les-tristes-8021-6605a3bfef925.jpg\",\"contentUrl\":\"https:\/\/www.librairieclavreuil.com\/wp-content\/uploads\/2025\/02\/anonyme-le-facecieux-reveille-matin-des-esprits-melancholiques-ou-le-remede-preservatif-contre-les-tristes-8021-6605a3bfef925.jpg\",\"width\":443,\"height\":800},{\"@type\":\"BreadcrumbList\",\"@id\":\"https:\/\/www.librairieclavreuil.com\/produit\/anonyme-le-facecieux-reveille-matin-des-esprits-melancholiques-ou-le-remede-preservatif-contre-les-tristes\/#breadcrumb\",\"itemListElement\":[{\"@type\":\"ListItem\",\"position\":1,\"name\":\"Accueil\",\"item\":\"https:\/\/www.librairieclavreuil.com\/\"},{\"@type\":\"ListItem\",\"position\":2,\"name\":\"All our books\",\"item\":\"https:\/\/www.librairieclavreuil.com\/en\/all-our-books\/\"},{\"@type\":\"ListItem\",\"position\":3,\"name\":\"ANONYME Le Fac\u00e9cieux reveille-matin des esprits m\u00e9lancholiques, ou...\"}]},{\"@type\":\"WebSite\",\"@id\":\"https:\/\/www.librairieclavreuil.com\/#website\",\"url\":\"https:\/\/www.librairieclavreuil.com\/\",\"name\":\"Libairie Clavreuil\",\"description\":\"Livres anciens, manuscrits rares et \u00e9ditions originales \u2013 Librairie Clavreuil\",\"publisher\":{\"@id\":\"https:\/\/www.librairieclavreuil.com\/#organization\"},\"potentialAction\":[{\"@type\":\"SearchAction\",\"target\":{\"@type\":\"EntryPoint\",\"urlTemplate\":\"https:\/\/www.librairieclavreuil.com\/?s={search_term_string}\"},\"query-input\":{\"@type\":\"PropertyValueSpecification\",\"valueRequired\":true,\"valueName\":\"search_term_string\"}}],\"inLanguage\":\"en-US\"},{\"@type\":\"Organization\",\"@id\":\"https:\/\/www.librairieclavreuil.com\/#organization\",\"name\":\"Libairie Clavreuil\",\"url\":\"https:\/\/www.librairieclavreuil.com\/\",\"logo\":{\"@type\":\"ImageObject\",\"inLanguage\":\"en-US\",\"@id\":\"https:\/\/www.librairieclavreuil.com\/#\/schema\/logo\/image\/\",\"url\":\"https:\/\/www.librairieclavreuil.com\/wp-content\/uploads\/2021\/06\/cropped-LOGO_PNG_DATE-_gold-512x512-1.png\",\"contentUrl\":\"https:\/\/www.librairieclavreuil.com\/wp-content\/uploads\/2021\/06\/cropped-LOGO_PNG_DATE-_gold-512x512-1.png\",\"width\":512,\"height\":512,\"caption\":\"Libairie Clavreuil\"},\"image\":{\"@id\":\"https:\/\/www.librairieclavreuil.com\/#\/schema\/logo\/image\/\"},\"sameAs\":[\"https:\/\/www.instagram.com\/librairieclavreuil\/\"]}]}<\/script>\n<!-- \/ Yoast SEO plugin. -->","yoast_head_json":{"title":"ANONYME  Le Fac\u00e9cieux reveille-matin des esprits m\u00e9lancholiques, ou Le Rem\u00e8de pr\u00e9servatif contre les tristes. - Libairie Clavreuil","robots":{"index":"index","follow":"follow","max-snippet":"max-snippet:-1","max-image-preview":"max-image-preview:large","max-video-preview":"max-video-preview:-1"},"canonical":"https:\/\/www.librairieclavreuil.com\/produit\/anonyme-le-facecieux-reveille-matin-des-esprits-melancholiques-ou-le-remede-preservatif-contre-les-tristes\/","og_locale":"en_US","og_type":"article","og_title":"ANONYME  Le Fac\u00e9cieux reveille-matin des esprits m\u00e9lancholiques, ou Le Rem\u00e8de pr\u00e9servatif contre les tristes. - Libairie Clavreuil","og_description":"12mo (125 x 69 mm) title, 251 pp., 6 nn.ll. (index). Longrained bronze morocco by Bauzonnet, triple gilt filet on covers, spine gilt with raised bands, gilt edges.","og_url":"https:\/\/www.librairieclavreuil.com\/produit\/anonyme-le-facecieux-reveille-matin-des-esprits-melancholiques-ou-le-remede-preservatif-contre-les-tristes\/","og_site_name":"Libairie Clavreuil","article_modified_time":"2025-02-12T13:54:58+00:00","og_image":[{"width":443,"height":800,"url":"https:\/\/www.librairieclavreuil.com\/wp-content\/uploads\/2025\/02\/anonyme-le-facecieux-reveille-matin-des-esprits-melancholiques-ou-le-remede-preservatif-contre-les-tristes-8021-6605a3bfef925.jpg","type":"image\/jpeg"}],"twitter_card":"summary_large_image","schema":{"@context":"https:\/\/schema.org","@graph":[{"@type":"WebPage","@id":"https:\/\/www.librairieclavreuil.com\/produit\/anonyme-le-facecieux-reveille-matin-des-esprits-melancholiques-ou-le-remede-preservatif-contre-les-tristes\/","url":"https:\/\/www.librairieclavreuil.com\/produit\/anonyme-le-facecieux-reveille-matin-des-esprits-melancholiques-ou-le-remede-preservatif-contre-les-tristes\/","name":"ANONYME Le Fac\u00e9cieux reveille-matin des esprits m\u00e9lancholiques, ou Le Rem\u00e8de pr\u00e9servatif contre les tristes. - Libairie Clavreuil","isPartOf":{"@id":"https:\/\/www.librairieclavreuil.com\/#website"},"primaryImageOfPage":{"@id":"https:\/\/www.librairieclavreuil.com\/produit\/anonyme-le-facecieux-reveille-matin-des-esprits-melancholiques-ou-le-remede-preservatif-contre-les-tristes\/#primaryimage"},"image":{"@id":"https:\/\/www.librairieclavreuil.com\/produit\/anonyme-le-facecieux-reveille-matin-des-esprits-melancholiques-ou-le-remede-preservatif-contre-les-tristes\/#primaryimage"},"thumbnailUrl":"https:\/\/www.librairieclavreuil.com\/wp-content\/uploads\/2025\/02\/anonyme-le-facecieux-reveille-matin-des-esprits-melancholiques-ou-le-remede-preservatif-contre-les-tristes-8021-6605a3bfef925.jpg","datePublished":"2025-02-12T13:54:42+00:00","dateModified":"2025-02-12T13:54:58+00:00","breadcrumb":{"@id":"https:\/\/www.librairieclavreuil.com\/produit\/anonyme-le-facecieux-reveille-matin-des-esprits-melancholiques-ou-le-remede-preservatif-contre-les-tristes\/#breadcrumb"},"inLanguage":"en-US","potentialAction":[{"@type":"ReadAction","target":["https:\/\/www.librairieclavreuil.com\/produit\/anonyme-le-facecieux-reveille-matin-des-esprits-melancholiques-ou-le-remede-preservatif-contre-les-tristes\/"]}]},{"@type":"ImageObject","inLanguage":"en-US","@id":"https:\/\/www.librairieclavreuil.com\/produit\/anonyme-le-facecieux-reveille-matin-des-esprits-melancholiques-ou-le-remede-preservatif-contre-les-tristes\/#primaryimage","url":"https:\/\/www.librairieclavreuil.com\/wp-content\/uploads\/2025\/02\/anonyme-le-facecieux-reveille-matin-des-esprits-melancholiques-ou-le-remede-preservatif-contre-les-tristes-8021-6605a3bfef925.jpg","contentUrl":"https:\/\/www.librairieclavreuil.com\/wp-content\/uploads\/2025\/02\/anonyme-le-facecieux-reveille-matin-des-esprits-melancholiques-ou-le-remede-preservatif-contre-les-tristes-8021-6605a3bfef925.jpg","width":443,"height":800},{"@type":"BreadcrumbList","@id":"https:\/\/www.librairieclavreuil.com\/produit\/anonyme-le-facecieux-reveille-matin-des-esprits-melancholiques-ou-le-remede-preservatif-contre-les-tristes\/#breadcrumb","itemListElement":[{"@type":"ListItem","position":1,"name":"Accueil","item":"https:\/\/www.librairieclavreuil.com\/"},{"@type":"ListItem","position":2,"name":"All our books","item":"https:\/\/www.librairieclavreuil.com\/en\/all-our-books\/"},{"@type":"ListItem","position":3,"name":"ANONYME Le Fac\u00e9cieux reveille-matin des esprits m\u00e9lancholiques, ou..."}]},{"@type":"WebSite","@id":"https:\/\/www.librairieclavreuil.com\/#website","url":"https:\/\/www.librairieclavreuil.com\/","name":"Libairie Clavreuil","description":"Livres anciens, manuscrits rares et \u00e9ditions originales \u2013 Librairie Clavreuil","publisher":{"@id":"https:\/\/www.librairieclavreuil.com\/#organization"},"potentialAction":[{"@type":"SearchAction","target":{"@type":"EntryPoint","urlTemplate":"https:\/\/www.librairieclavreuil.com\/?s={search_term_string}"},"query-input":{"@type":"PropertyValueSpecification","valueRequired":true,"valueName":"search_term_string"}}],"inLanguage":"en-US"},{"@type":"Organization","@id":"https:\/\/www.librairieclavreuil.com\/#organization","name":"Libairie Clavreuil","url":"https:\/\/www.librairieclavreuil.com\/","logo":{"@type":"ImageObject","inLanguage":"en-US","@id":"https:\/\/www.librairieclavreuil.com\/#\/schema\/logo\/image\/","url":"https:\/\/www.librairieclavreuil.com\/wp-content\/uploads\/2021\/06\/cropped-LOGO_PNG_DATE-_gold-512x512-1.png","contentUrl":"https:\/\/www.librairieclavreuil.com\/wp-content\/uploads\/2021\/06\/cropped-LOGO_PNG_DATE-_gold-512x512-1.png","width":512,"height":512,"caption":"Libairie Clavreuil"},"image":{"@id":"https:\/\/www.librairieclavreuil.com\/#\/schema\/logo\/image\/"},"sameAs":["https:\/\/www.instagram.com\/librairieclavreuil\/"]}]}},"jetpack_sharing_enabled":true,"_links":{"self":[{"href":"https:\/\/www.librairieclavreuil.com\/en\/wp-json\/wp\/v2\/product\/82936","targetHints":{"allow":["GET"]}}],"collection":[{"href":"https:\/\/www.librairieclavreuil.com\/en\/wp-json\/wp\/v2\/product"}],"about":[{"href":"https:\/\/www.librairieclavreuil.com\/en\/wp-json\/wp\/v2\/types\/product"}],"replies":[{"embeddable":true,"href":"https:\/\/www.librairieclavreuil.com\/en\/wp-json\/wp\/v2\/comments?post=82936"}],"wp:featuredmedia":[{"embeddable":true,"href":"https:\/\/www.librairieclavreuil.com\/en\/wp-json\/wp\/v2\/media\/82931"}],"wp:attachment":[{"href":"https:\/\/www.librairieclavreuil.com\/en\/wp-json\/wp\/v2\/media?parent=82936"}],"wp:term":[{"taxonomy":"product_brand","embeddable":true,"href":"https:\/\/www.librairieclavreuil.com\/en\/wp-json\/wp\/v2\/product_brand?post=82936"},{"taxonomy":"product_cat","embeddable":true,"href":"https:\/\/www.librairieclavreuil.com\/en\/wp-json\/wp\/v2\/product_cat?post=82936"},{"taxonomy":"product_tag","embeddable":true,"href":"https:\/\/www.librairieclavreuil.com\/en\/wp-json\/wp\/v2\/product_tag?post=82936"}],"curies":[{"name":"wp","href":"https:\/\/api.w.org\/{rel}","templated":true}]}}