{"id":82770,"date":"2025-01-24T15:41:05","date_gmt":"2025-01-24T14:41:05","guid":{"rendered":"https:\/\/www.librairieclavreuil.com\/martin-bernardin-dissertation-sur-les-dents\/"},"modified":"2025-09-01T14:55:49","modified_gmt":"2025-09-01T12:55:49","slug":"martin-bernardin-dissertation-sur-les-dents","status":"publish","type":"product","link":"https:\/\/www.librairieclavreuil.com\/en\/martin-bernardin-dissertation-sur-les-dents\/","title":{"rendered":"MARTIN Bernardin Dissertation sur les dents."},"content":{"rendered":"<p style=\"text-align:justify\"><i>Krivatsy, 7490 (under Barth\u00e9l\u00e9my Martin); David, p.190; Poletti, p.131; Weinberger, p.94.<\/i><\/p>\n<p style=\"text-align:justify\"><span style=\"font-variant:small-caps\">First edition, very rare, of a founding text of French odontology.<\/span><\/p>\n<p style=\"text-align:justify\">One of the first works in French devoted entirely to dentistry, <i>Dissertation sur les dents<\/i> predates Pierre Fauchard&#8217;s Chirurgien dentiste (1728) by half a century. In his preface, Fauchard acknowledges Bernardin Martin as one of only two writers who have discussed teeth scientifically. The first being Urbain H\u00e9mard, Fauchard adds in his preface: \u201cLe second, qui \u00e9tait apothicaire de feu\u00eb S.A.S.M. le Prince, nous a donn\u00e9 une<i> Dissertation sur les dents<\/i>, imprim\u00e9e \u00e0 Paris chez Thierry en 1679. Formant un petit volume in-12, dans laquelle il explique la nature des dents, &amp; traite de leurs maladies et de leur gu\u00e9rison avec assez de m\u00e9thode.\u201d<\/p>\n<p style=\"text-align:justify\">In his introduction the author explains what to expect to find in the book : \u201c<i>J\u2019expliquerai dans ce Discours la nature des Dents, leur sensibilit\u00e9 &amp; en quoi elles diff\u00e8rent des autres os. Ensuite je traiterai du temps &amp; de la mani\u00e8re qu\u2019elles naissent, de leur nombre et des noms qu\u2019on leur a donn\u00e9s ; des maladies qu\u2019elles causent quand elles commencent \u00e0 vouloir sortir &amp; du moyen de pr\u00e9venir ces accidents &amp; ce qu\u2019on peut faire pour faciliter leur venue. Je parlerai de leur chute dans l\u2019enfance, de leur carie &amp; de ce qu\u2019il faut observer pour emp\u00eacher qu\u2019elles ne deviennent difformes &amp; mal rang\u00e9es &amp; combien elles sont n\u00e9cessaires : ce qu\u2019il faut pratiquer pour les bien conserver durant le cours de la vie &amp; pour cela, je ferai un d\u00e9tail de leurs d\u00e9fauts &amp; des Rem\u00e8des qui sont usit\u00e9s pour les r\u00e9parer. &amp; comme les dents ont une \u00e9troite liaison avec les Gencives, je dirai quelque chose de leur beaut\u00e9 &amp; de leurs imperfections, des maux qui les fatiguent &amp; de la mani\u00e8re d\u2019y rem\u00e9dier<\/i>.\u201d<\/p>\n<p style=\"text-align:justify\">The work, divided into fourteen chapters, offers a detailed study of teeth. Until the 18th century, barber surgeons, who were more or less competent, were the only practitioners who attempted to treat teeth, and generally only one chapter was devoted to teeth in more general works on anatomy and surgery. Martin, a master apothecary, dedicated his work to Abb\u00e9 Bourdelot, physician to the Prince of Cond\u00e9.<\/p>\n<p style=\"text-align:justify\">\u2018He criticises dentists who use artificial teeth, and prefers the pelican to the forceps when it comes to extracting a decayed tooth\u2019 (see Portal). He also advises against filing teeth, but recommends separating teeth that are too close together.<\/p>\n<p style=\"text-align:justify\">P. d&#8217;Estr\u00e9e devoted an article to the author in the Bulletin de l&#8217;Histoire de la Pharmacie, 1917, vol. I no. 17, pp. 286-92.<\/p>\n<p style=\"text-align:justify\">A fine copy of this important book.<\/p>\n","protected":false},"excerpt":{"rendered":"<p style=\"text-align:justify\">12mo (138 x 78 mm) 9 nn.ll., 136 pp. Contemporary speckled calf, spine gilt with raised bands, speckled edges (small expert restorations to ends of spine and to corners).<\/p>\n","protected":false},"featured_media":87883,"comment_status":"open","ping_status":"closed","template":"","meta":{"_acf_changed":false},"product_brand":[],"product_cat":[548],"product_tag":[1296],"class_list":{"0":"post-82770","1":"product","2":"type-product","3":"status-publish","4":"has-post-thumbnail","6":"product_cat-medicine","7":"product_tag-teeth","8":"pa_auteur-martin-bernardin-2","9":"pa_type-de-livre-printed-book","11":"first","12":"instock","13":"shipping-taxable","14":"purchasable","15":"product-type-simple"},"acf":{"artist":"Bernardin MARTIN","chapeau":"One of the earliest work entirely devoted to dental health","adresse_bibliographique":"Paris, Denys Thierry, 1679","book_type":"Printed book","provenance":"","afficher_prix":""},"yoast_head":"<!-- This site is optimized with the Yoast SEO plugin v24.7 - https:\/\/yoast.com\/wordpress\/plugins\/seo\/ -->\n<title>MARTIN Bernardin Dissertation sur les dents. - Libairie Clavreuil<\/title>\n<meta name=\"robots\" content=\"index, follow, max-snippet:-1, max-image-preview:large, max-video-preview:-1\" \/>\n<link rel=\"canonical\" href=\"https:\/\/www.librairieclavreuil.com\/en\/martin-bernardin-dissertation-sur-les-dents\/\" \/>\n<meta property=\"og:locale\" content=\"en_US\" \/>\n<meta property=\"og:type\" content=\"article\" \/>\n<meta property=\"og:title\" content=\"MARTIN Bernardin Dissertation sur les dents. - Libairie Clavreuil\" \/>\n<meta property=\"og:description\" content=\"12mo (138 x 78 mm) 9 nn.ll., 136 pp. Contemporary speckled calf, spine gilt with raised bands, speckled edges (small expert restorations to ends of spine and to corners).\" \/>\n<meta property=\"og:url\" content=\"https:\/\/www.librairieclavreuil.com\/en\/martin-bernardin-dissertation-sur-les-dents\/\" \/>\n<meta property=\"og:site_name\" content=\"Libairie Clavreuil\" \/>\n<meta property=\"article:modified_time\" content=\"2025-09-01T12:55:49+00:00\" \/>\n<meta property=\"og:image\" content=\"https:\/\/www.librairieclavreuil.com\/wp-content\/uploads\/2025\/09\/bernardin-martin-dissertation-sur-les-dents-9593-68b597a0d89cc.jpg\" \/>\n\t<meta property=\"og:image:width\" content=\"511\" \/>\n\t<meta property=\"og:image:height\" content=\"800\" \/>\n\t<meta property=\"og:image:type\" content=\"image\/jpeg\" \/>\n<meta name=\"twitter:card\" content=\"summary_large_image\" \/>\n<meta name=\"twitter:label1\" content=\"Est. reading time\" \/>\n\t<meta name=\"twitter:data1\" content=\"2 minutes\" \/>\n<script type=\"application\/ld+json\" class=\"yoast-schema-graph\">{\"@context\":\"https:\/\/schema.org\",\"@graph\":[{\"@type\":\"WebPage\",\"@id\":\"https:\/\/www.librairieclavreuil.com\/en\/martin-bernardin-dissertation-sur-les-dents\/\",\"url\":\"https:\/\/www.librairieclavreuil.com\/en\/martin-bernardin-dissertation-sur-les-dents\/\",\"name\":\"MARTIN Bernardin Dissertation sur les dents. - Libairie Clavreuil\",\"isPartOf\":{\"@id\":\"https:\/\/www.librairieclavreuil.com\/#website\"},\"primaryImageOfPage\":{\"@id\":\"https:\/\/www.librairieclavreuil.com\/en\/martin-bernardin-dissertation-sur-les-dents\/#primaryimage\"},\"image\":{\"@id\":\"https:\/\/www.librairieclavreuil.com\/en\/martin-bernardin-dissertation-sur-les-dents\/#primaryimage\"},\"thumbnailUrl\":\"https:\/\/www.librairieclavreuil.com\/wp-content\/uploads\/2025\/09\/bernardin-martin-dissertation-sur-les-dents-9593-68b597a0d89cc.jpg\",\"datePublished\":\"2025-01-24T14:41:05+00:00\",\"dateModified\":\"2025-09-01T12:55:49+00:00\",\"breadcrumb\":{\"@id\":\"https:\/\/www.librairieclavreuil.com\/en\/martin-bernardin-dissertation-sur-les-dents\/#breadcrumb\"},\"inLanguage\":\"en-US\",\"potentialAction\":[{\"@type\":\"ReadAction\",\"target\":[\"https:\/\/www.librairieclavreuil.com\/en\/martin-bernardin-dissertation-sur-les-dents\/\"]}]},{\"@type\":\"ImageObject\",\"inLanguage\":\"en-US\",\"@id\":\"https:\/\/www.librairieclavreuil.com\/en\/martin-bernardin-dissertation-sur-les-dents\/#primaryimage\",\"url\":\"https:\/\/www.librairieclavreuil.com\/wp-content\/uploads\/2025\/09\/bernardin-martin-dissertation-sur-les-dents-9593-68b597a0d89cc.jpg\",\"contentUrl\":\"https:\/\/www.librairieclavreuil.com\/wp-content\/uploads\/2025\/09\/bernardin-martin-dissertation-sur-les-dents-9593-68b597a0d89cc.jpg\",\"width\":511,\"height\":800},{\"@type\":\"BreadcrumbList\",\"@id\":\"https:\/\/www.librairieclavreuil.com\/en\/martin-bernardin-dissertation-sur-les-dents\/#breadcrumb\",\"itemListElement\":[{\"@type\":\"ListItem\",\"position\":1,\"name\":\"Accueil\",\"item\":\"https:\/\/www.librairieclavreuil.com\/\"},{\"@type\":\"ListItem\",\"position\":2,\"name\":\"All our books\",\"item\":\"https:\/\/www.librairieclavreuil.com\/en\/all-our-books\/\"},{\"@type\":\"ListItem\",\"position\":3,\"name\":\"MARTIN Bernardin Dissertation sur les dents.\"}]},{\"@type\":\"WebSite\",\"@id\":\"https:\/\/www.librairieclavreuil.com\/#website\",\"url\":\"https:\/\/www.librairieclavreuil.com\/\",\"name\":\"Libairie Clavreuil\",\"description\":\"Livres anciens, manuscrits rares et \u00e9ditions originales \u2013 Librairie Clavreuil\",\"publisher\":{\"@id\":\"https:\/\/www.librairieclavreuil.com\/#organization\"},\"potentialAction\":[{\"@type\":\"SearchAction\",\"target\":{\"@type\":\"EntryPoint\",\"urlTemplate\":\"https:\/\/www.librairieclavreuil.com\/?s={search_term_string}\"},\"query-input\":{\"@type\":\"PropertyValueSpecification\",\"valueRequired\":true,\"valueName\":\"search_term_string\"}}],\"inLanguage\":\"en-US\"},{\"@type\":\"Organization\",\"@id\":\"https:\/\/www.librairieclavreuil.com\/#organization\",\"name\":\"Libairie Clavreuil\",\"url\":\"https:\/\/www.librairieclavreuil.com\/\",\"logo\":{\"@type\":\"ImageObject\",\"inLanguage\":\"en-US\",\"@id\":\"https:\/\/www.librairieclavreuil.com\/#\/schema\/logo\/image\/\",\"url\":\"https:\/\/www.librairieclavreuil.com\/wp-content\/uploads\/2021\/06\/cropped-LOGO_PNG_DATE-_gold-512x512-1.png\",\"contentUrl\":\"https:\/\/www.librairieclavreuil.com\/wp-content\/uploads\/2021\/06\/cropped-LOGO_PNG_DATE-_gold-512x512-1.png\",\"width\":512,\"height\":512,\"caption\":\"Libairie Clavreuil\"},\"image\":{\"@id\":\"https:\/\/www.librairieclavreuil.com\/#\/schema\/logo\/image\/\"},\"sameAs\":[\"https:\/\/www.instagram.com\/librairieclavreuil\/\"]}]}<\/script>\n<!-- \/ Yoast SEO plugin. -->","yoast_head_json":{"title":"MARTIN Bernardin Dissertation sur les dents. - Libairie Clavreuil","robots":{"index":"index","follow":"follow","max-snippet":"max-snippet:-1","max-image-preview":"max-image-preview:large","max-video-preview":"max-video-preview:-1"},"canonical":"https:\/\/www.librairieclavreuil.com\/en\/martin-bernardin-dissertation-sur-les-dents\/","og_locale":"en_US","og_type":"article","og_title":"MARTIN Bernardin Dissertation sur les dents. - Libairie Clavreuil","og_description":"12mo (138 x 78 mm) 9 nn.ll., 136 pp. Contemporary speckled calf, spine gilt with raised bands, speckled edges (small expert restorations to ends of spine and to corners).","og_url":"https:\/\/www.librairieclavreuil.com\/en\/martin-bernardin-dissertation-sur-les-dents\/","og_site_name":"Libairie Clavreuil","article_modified_time":"2025-09-01T12:55:49+00:00","og_image":[{"width":511,"height":800,"url":"https:\/\/www.librairieclavreuil.com\/wp-content\/uploads\/2025\/09\/bernardin-martin-dissertation-sur-les-dents-9593-68b597a0d89cc.jpg","type":"image\/jpeg"}],"twitter_card":"summary_large_image","twitter_misc":{"Est. reading time":"2 minutes"},"schema":{"@context":"https:\/\/schema.org","@graph":[{"@type":"WebPage","@id":"https:\/\/www.librairieclavreuil.com\/en\/martin-bernardin-dissertation-sur-les-dents\/","url":"https:\/\/www.librairieclavreuil.com\/en\/martin-bernardin-dissertation-sur-les-dents\/","name":"MARTIN Bernardin Dissertation sur les dents. - Libairie Clavreuil","isPartOf":{"@id":"https:\/\/www.librairieclavreuil.com\/#website"},"primaryImageOfPage":{"@id":"https:\/\/www.librairieclavreuil.com\/en\/martin-bernardin-dissertation-sur-les-dents\/#primaryimage"},"image":{"@id":"https:\/\/www.librairieclavreuil.com\/en\/martin-bernardin-dissertation-sur-les-dents\/#primaryimage"},"thumbnailUrl":"https:\/\/www.librairieclavreuil.com\/wp-content\/uploads\/2025\/09\/bernardin-martin-dissertation-sur-les-dents-9593-68b597a0d89cc.jpg","datePublished":"2025-01-24T14:41:05+00:00","dateModified":"2025-09-01T12:55:49+00:00","breadcrumb":{"@id":"https:\/\/www.librairieclavreuil.com\/en\/martin-bernardin-dissertation-sur-les-dents\/#breadcrumb"},"inLanguage":"en-US","potentialAction":[{"@type":"ReadAction","target":["https:\/\/www.librairieclavreuil.com\/en\/martin-bernardin-dissertation-sur-les-dents\/"]}]},{"@type":"ImageObject","inLanguage":"en-US","@id":"https:\/\/www.librairieclavreuil.com\/en\/martin-bernardin-dissertation-sur-les-dents\/#primaryimage","url":"https:\/\/www.librairieclavreuil.com\/wp-content\/uploads\/2025\/09\/bernardin-martin-dissertation-sur-les-dents-9593-68b597a0d89cc.jpg","contentUrl":"https:\/\/www.librairieclavreuil.com\/wp-content\/uploads\/2025\/09\/bernardin-martin-dissertation-sur-les-dents-9593-68b597a0d89cc.jpg","width":511,"height":800},{"@type":"BreadcrumbList","@id":"https:\/\/www.librairieclavreuil.com\/en\/martin-bernardin-dissertation-sur-les-dents\/#breadcrumb","itemListElement":[{"@type":"ListItem","position":1,"name":"Accueil","item":"https:\/\/www.librairieclavreuil.com\/"},{"@type":"ListItem","position":2,"name":"All our books","item":"https:\/\/www.librairieclavreuil.com\/en\/all-our-books\/"},{"@type":"ListItem","position":3,"name":"MARTIN Bernardin Dissertation sur les dents."}]},{"@type":"WebSite","@id":"https:\/\/www.librairieclavreuil.com\/#website","url":"https:\/\/www.librairieclavreuil.com\/","name":"Libairie Clavreuil","description":"Livres anciens, manuscrits rares et \u00e9ditions originales \u2013 Librairie Clavreuil","publisher":{"@id":"https:\/\/www.librairieclavreuil.com\/#organization"},"potentialAction":[{"@type":"SearchAction","target":{"@type":"EntryPoint","urlTemplate":"https:\/\/www.librairieclavreuil.com\/?s={search_term_string}"},"query-input":{"@type":"PropertyValueSpecification","valueRequired":true,"valueName":"search_term_string"}}],"inLanguage":"en-US"},{"@type":"Organization","@id":"https:\/\/www.librairieclavreuil.com\/#organization","name":"Libairie Clavreuil","url":"https:\/\/www.librairieclavreuil.com\/","logo":{"@type":"ImageObject","inLanguage":"en-US","@id":"https:\/\/www.librairieclavreuil.com\/#\/schema\/logo\/image\/","url":"https:\/\/www.librairieclavreuil.com\/wp-content\/uploads\/2021\/06\/cropped-LOGO_PNG_DATE-_gold-512x512-1.png","contentUrl":"https:\/\/www.librairieclavreuil.com\/wp-content\/uploads\/2021\/06\/cropped-LOGO_PNG_DATE-_gold-512x512-1.png","width":512,"height":512,"caption":"Libairie Clavreuil"},"image":{"@id":"https:\/\/www.librairieclavreuil.com\/#\/schema\/logo\/image\/"},"sameAs":["https:\/\/www.instagram.com\/librairieclavreuil\/"]}]}},"jetpack_sharing_enabled":true,"_links":{"self":[{"href":"https:\/\/www.librairieclavreuil.com\/en\/wp-json\/wp\/v2\/product\/82770","targetHints":{"allow":["GET"]}}],"collection":[{"href":"https:\/\/www.librairieclavreuil.com\/en\/wp-json\/wp\/v2\/product"}],"about":[{"href":"https:\/\/www.librairieclavreuil.com\/en\/wp-json\/wp\/v2\/types\/product"}],"replies":[{"embeddable":true,"href":"https:\/\/www.librairieclavreuil.com\/en\/wp-json\/wp\/v2\/comments?post=82770"}],"wp:featuredmedia":[{"embeddable":true,"href":"https:\/\/www.librairieclavreuil.com\/en\/wp-json\/wp\/v2\/media\/87883"}],"wp:attachment":[{"href":"https:\/\/www.librairieclavreuil.com\/en\/wp-json\/wp\/v2\/media?parent=82770"}],"wp:term":[{"taxonomy":"product_brand","embeddable":true,"href":"https:\/\/www.librairieclavreuil.com\/en\/wp-json\/wp\/v2\/product_brand?post=82770"},{"taxonomy":"product_cat","embeddable":true,"href":"https:\/\/www.librairieclavreuil.com\/en\/wp-json\/wp\/v2\/product_cat?post=82770"},{"taxonomy":"product_tag","embeddable":true,"href":"https:\/\/www.librairieclavreuil.com\/en\/wp-json\/wp\/v2\/product_tag?post=82770"}],"curies":[{"name":"wp","href":"https:\/\/api.w.org\/{rel}","templated":true}]}}