{"id":82758,"date":"2025-01-24T15:40:21","date_gmt":"2025-01-24T14:40:21","guid":{"rendered":"https:\/\/www.librairieclavreuil.com\/laforgue-louis-lart-du-dentiste-ou-manuel-des-operations-de-chirurgie-qui-se-pratiquent-sur-les-dents-et-de-tout-ce-que-les-dentistes-font-en-dents-artificielles-obturateurs-et-palais-ar\/"},"modified":"2025-01-24T15:40:46","modified_gmt":"2025-01-24T14:40:46","slug":"laforgue-louis-lart-du-dentiste-ou-manuel-des-operations-de-chirurgie-qui-se-pratiquent-sur-les-dents-et-de-tout-ce-que-les-dentistes-font-en-dents-artificielles-obturateurs-et-palais-ar","status":"publish","type":"product","link":"https:\/\/www.librairieclavreuil.com\/en\/laforgue-louis-lart-du-dentiste-ou-manuel-des-operations-de-chirurgie-qui-se-pratiquent-sur-les-dents-et-de-tout-ce-que-les-dentistes-font-en-dents-artificielles-obturateurs-et-palais-ar\/","title":{"rendered":"LAFORGUE Louis L\u2019Art du dentiste ou Manuel des..."},"content":{"rendered":"<p style=\"text-align:justify\"><i>David, p. 158&nbsp;; Poletti, p. 113&nbsp;; Weinberger, p. 81 ; Waller, 10665 ; Wellcome, III, 431.<\/i><\/p>\n<p style=\"text-align:justify\"><span style=\"font-variant:small-caps\">First edition.<\/span><\/p>\n<p style=\"text-align:justify\">Louis Laforgue was a skillful dentist certified by the Paris College of Surgery and was known as the citizens dentist of the department of the Seine. There isn\u2019t much information on Laforque\u2019s early childhood and upbringing however he was admitted as an expert dentist to the College Royal de Chirurgie de Saint-Come in 1785 and he resided at Rue des Fosses-Saint-Germain-des-Pres, Paris.<\/p>\n<p style=\"text-align:justify\">Louis Laforgue is the author of several works, of which \u201cL\u2019art du Dentiste\u201d published in 1802, is his second and best-known on the theory and practice of the art of dentistry. The treatise has four major parts extending to nearly 400 pages: Oral Semiology\/Gum Disease, Instrumentation and Extractions, Artificial Teeth, and Obturators and Artificial Palates.&nbsp; Within each part, Laforgue describes his experience, he proper tools and instrumentation, techniques for straightening teeth, transplantation of teeth, inconveniences that result from decayed teeth after the pain has ceased, diseases caused by the output of wisdom teeth. The volume also displays a series of illustrations of his instruments, various artificial appliances he created for his patients (see NYU Dentistry).<\/p>\n<p style=\"text-align:justify\">Laforgue also pioneered in hygienic treatment as well in exercising the art of a dentist in quick and precise manipulations.<\/p>\n<p style=\"text-align:justify\">&nbsp;\u00ab&nbsp;En prescrivant le lavage des mains, mais aussi la l\u00e9g\u00e8ret\u00e9 des gestes, Laforgue, Gariot et Maury \u00e0 leur suite, t\u00e9moignent non seulement de leur adh\u00e9sion au mouvement hygi\u00e9niste mais aussi de leur capacit\u00e9 \u00e0 se mettre \u00e0 la place du patient pour en \u00eatre appr\u00e9ci\u00e9s et gagner la confiance de celui-ci. Pour Louis Laforgue (17 ? -18 ?) (fig. 7) \u00ab L\u2019op\u00e9rateur apr\u00e8s avoir lav\u00e9 ses mains et mis une serviette devant celui qu\u2019il va op\u00e9rer, place ses instruments \u00e0 sa port\u00e9e [&#8230;]. Il faut avoir de l\u2019eau chaude pour y tremper les limes qui produisent trop d\u2019irritation lorsqu\u2019elles sont mouill\u00e9es dans l\u2019eau froide ; les op\u00e9r\u00e9s s\u2019y trouvent mieux. [&#8230;] Bien nettoyer les dents avec dext\u00e9rit\u00e9, l\u00e9g\u00e8ret\u00e9, douceur, s\u00fbret\u00e9, propret\u00e9 et complaisance, est chose difficile, et surtout le faire avec cette adresse qui n\u2019appartient qu\u2019aux op\u00e9rateurs vers\u00e9s dans cette partie&nbsp;\u00bb (Micheline Ruel-Kellermann, Actes&nbsp;; Soci\u00e9t\u00e9 fran\u00e7aise d\u2019histoire de l\u2019art dentaire, 2014).<\/p>\n<p style=\"text-align:justify\">The 16 plates depict 53 objects including instruments, teeth and dentures and obturators.<\/p>\n","protected":false},"excerpt":{"rendered":"<p style=\"text-align:justify\">[8vo (194 x 119 mm) 396 pp., 1 nn.l. (errata), 16 engraved plates. Contemporary tree-sheep&nbsp;; flat spine gilt, yellow edges (hinges partly split, some overall wear).<\/p>\n","protected":false},"featured_media":82756,"comment_status":"open","ping_status":"closed","template":"","meta":{"_acf_changed":false},"product_brand":[],"product_cat":[548],"product_tag":[1296],"class_list":{"0":"post-82758","1":"product","2":"type-product","3":"status-publish","4":"has-post-thumbnail","6":"product_cat-medicine","7":"product_tag-teeth","8":"pa_auteur-laforgue-louis-2","9":"pa_type-de-livre-printed-book","11":"first","12":"instock","13":"shipping-taxable","14":"purchasable","15":"product-type-simple"},"acf":{"artist":" Louis LAFORGUE","chapeau":"","adresse_bibliographique":"Paris, chez l\u2019auteur, Crouillebois, Barois jeune, M\u00e9quignon, Gabon et Comp., 1802 - An X","book_type":"Printed book","provenance":"","afficher_prix":""},"yoast_head":"<!-- This site is optimized with the Yoast SEO plugin v24.7 - https:\/\/yoast.com\/wordpress\/plugins\/seo\/ -->\n<title>LAFORGUE Louis L\u2019Art du dentiste ou Manuel des op\u00e9rations de chirurgie, qui se pratiquent sur les dents, et de tout ce que les dentistes font en, dents artificielles, obturateurs et palais artificiles\u2026 - Libairie Clavreuil<\/title>\n<meta name=\"robots\" content=\"index, follow, max-snippet:-1, max-image-preview:large, max-video-preview:-1\" \/>\n<link rel=\"canonical\" href=\"https:\/\/www.librairieclavreuil.com\/en\/laforgue-louis-lart-du-dentiste-ou-manuel-des-operations-de-chirurgie-qui-se-pratiquent-sur-les-dents-et-de-tout-ce-que-les-dentistes-font-en-dents-artificielles-obturateurs-et-palais-ar\/\" \/>\n<meta property=\"og:locale\" content=\"en_US\" \/>\n<meta property=\"og:type\" content=\"article\" \/>\n<meta property=\"og:title\" content=\"LAFORGUE Louis L\u2019Art du dentiste ou Manuel des op\u00e9rations de chirurgie, qui se pratiquent sur les dents, et de tout ce que les dentistes font en, dents artificielles, obturateurs et palais artificiles\u2026 - Libairie Clavreuil\" \/>\n<meta property=\"og:description\" content=\"[8vo (194 x 119 mm) 396 pp., 1 nn.l. (errata), 16 engraved plates. Contemporary tree-sheep&nbsp;; flat spine gilt, yellow edges (hinges partly split, some overall wear).\" \/>\n<meta property=\"og:url\" content=\"https:\/\/www.librairieclavreuil.com\/en\/laforgue-louis-lart-du-dentiste-ou-manuel-des-operations-de-chirurgie-qui-se-pratiquent-sur-les-dents-et-de-tout-ce-que-les-dentistes-font-en-dents-artificielles-obturateurs-et-palais-ar\/\" \/>\n<meta property=\"og:site_name\" content=\"Libairie Clavreuil\" \/>\n<meta property=\"article:modified_time\" content=\"2025-01-24T14:40:46+00:00\" \/>\n<meta property=\"og:image\" content=\"https:\/\/www.librairieclavreuil.com\/wp-content\/uploads\/2025\/01\/louis-laforgue-l-art-du-dentiste-ou-manuel-des-operations-de-chirurgie-qui-se-pratiquent-sur-les-dents-et-de-tout-ce-que-les-dentistes-font-6793a5bce823c-1.jpg\" \/>\n\t<meta property=\"og:image:width\" content=\"622\" \/>\n\t<meta property=\"og:image:height\" content=\"800\" \/>\n\t<meta property=\"og:image:type\" content=\"image\/jpeg\" \/>\n<meta name=\"twitter:card\" content=\"summary_large_image\" \/>\n<meta name=\"twitter:label1\" content=\"Est. reading time\" \/>\n\t<meta name=\"twitter:data1\" content=\"2 minutes\" \/>\n<script type=\"application\/ld+json\" class=\"yoast-schema-graph\">{\"@context\":\"https:\/\/schema.org\",\"@graph\":[{\"@type\":\"WebPage\",\"@id\":\"https:\/\/www.librairieclavreuil.com\/en\/laforgue-louis-lart-du-dentiste-ou-manuel-des-operations-de-chirurgie-qui-se-pratiquent-sur-les-dents-et-de-tout-ce-que-les-dentistes-font-en-dents-artificielles-obturateurs-et-palais-ar\/\",\"url\":\"https:\/\/www.librairieclavreuil.com\/en\/laforgue-louis-lart-du-dentiste-ou-manuel-des-operations-de-chirurgie-qui-se-pratiquent-sur-les-dents-et-de-tout-ce-que-les-dentistes-font-en-dents-artificielles-obturateurs-et-palais-ar\/\",\"name\":\"LAFORGUE Louis L\u2019Art du dentiste ou Manuel des op\u00e9rations de chirurgie, qui se pratiquent sur les dents, et de tout ce que les dentistes font en, dents artificielles, obturateurs et palais artificiles\u2026 - Libairie Clavreuil\",\"isPartOf\":{\"@id\":\"https:\/\/www.librairieclavreuil.com\/#website\"},\"primaryImageOfPage\":{\"@id\":\"https:\/\/www.librairieclavreuil.com\/en\/laforgue-louis-lart-du-dentiste-ou-manuel-des-operations-de-chirurgie-qui-se-pratiquent-sur-les-dents-et-de-tout-ce-que-les-dentistes-font-en-dents-artificielles-obturateurs-et-palais-ar\/#primaryimage\"},\"image\":{\"@id\":\"https:\/\/www.librairieclavreuil.com\/en\/laforgue-louis-lart-du-dentiste-ou-manuel-des-operations-de-chirurgie-qui-se-pratiquent-sur-les-dents-et-de-tout-ce-que-les-dentistes-font-en-dents-artificielles-obturateurs-et-palais-ar\/#primaryimage\"},\"thumbnailUrl\":\"https:\/\/www.librairieclavreuil.com\/wp-content\/uploads\/2025\/01\/louis-laforgue-l-art-du-dentiste-ou-manuel-des-operations-de-chirurgie-qui-se-pratiquent-sur-les-dents-et-de-tout-ce-que-les-dentistes-font-6793a5bce823c-1.jpg\",\"datePublished\":\"2025-01-24T14:40:21+00:00\",\"dateModified\":\"2025-01-24T14:40:46+00:00\",\"breadcrumb\":{\"@id\":\"https:\/\/www.librairieclavreuil.com\/en\/laforgue-louis-lart-du-dentiste-ou-manuel-des-operations-de-chirurgie-qui-se-pratiquent-sur-les-dents-et-de-tout-ce-que-les-dentistes-font-en-dents-artificielles-obturateurs-et-palais-ar\/#breadcrumb\"},\"inLanguage\":\"en-US\",\"potentialAction\":[{\"@type\":\"ReadAction\",\"target\":[\"https:\/\/www.librairieclavreuil.com\/en\/laforgue-louis-lart-du-dentiste-ou-manuel-des-operations-de-chirurgie-qui-se-pratiquent-sur-les-dents-et-de-tout-ce-que-les-dentistes-font-en-dents-artificielles-obturateurs-et-palais-ar\/\"]}]},{\"@type\":\"ImageObject\",\"inLanguage\":\"en-US\",\"@id\":\"https:\/\/www.librairieclavreuil.com\/en\/laforgue-louis-lart-du-dentiste-ou-manuel-des-operations-de-chirurgie-qui-se-pratiquent-sur-les-dents-et-de-tout-ce-que-les-dentistes-font-en-dents-artificielles-obturateurs-et-palais-ar\/#primaryimage\",\"url\":\"https:\/\/www.librairieclavreuil.com\/wp-content\/uploads\/2025\/01\/louis-laforgue-l-art-du-dentiste-ou-manuel-des-operations-de-chirurgie-qui-se-pratiquent-sur-les-dents-et-de-tout-ce-que-les-dentistes-font-6793a5bce823c-1.jpg\",\"contentUrl\":\"https:\/\/www.librairieclavreuil.com\/wp-content\/uploads\/2025\/01\/louis-laforgue-l-art-du-dentiste-ou-manuel-des-operations-de-chirurgie-qui-se-pratiquent-sur-les-dents-et-de-tout-ce-que-les-dentistes-font-6793a5bce823c-1.jpg\",\"width\":622,\"height\":800},{\"@type\":\"BreadcrumbList\",\"@id\":\"https:\/\/www.librairieclavreuil.com\/en\/laforgue-louis-lart-du-dentiste-ou-manuel-des-operations-de-chirurgie-qui-se-pratiquent-sur-les-dents-et-de-tout-ce-que-les-dentistes-font-en-dents-artificielles-obturateurs-et-palais-ar\/#breadcrumb\",\"itemListElement\":[{\"@type\":\"ListItem\",\"position\":1,\"name\":\"Accueil\",\"item\":\"https:\/\/www.librairieclavreuil.com\/\"},{\"@type\":\"ListItem\",\"position\":2,\"name\":\"All our books\",\"item\":\"https:\/\/www.librairieclavreuil.com\/en\/all-our-books\/\"},{\"@type\":\"ListItem\",\"position\":3,\"name\":\"LAFORGUE Louis L\u2019Art du dentiste ou Manuel des op\u00e9rations de chirurgie, qui se pratiquent sur les dents, et de tout ce que les dentistes font en, dents artificielles, obturateurs et palais artificiles\u2026\"}]},{\"@type\":\"WebSite\",\"@id\":\"https:\/\/www.librairieclavreuil.com\/#website\",\"url\":\"https:\/\/www.librairieclavreuil.com\/\",\"name\":\"Libairie Clavreuil\",\"description\":\"Livres anciens, manuscrits rares et \u00e9ditions originales \u2013 Librairie Clavreuil\",\"publisher\":{\"@id\":\"https:\/\/www.librairieclavreuil.com\/#organization\"},\"potentialAction\":[{\"@type\":\"SearchAction\",\"target\":{\"@type\":\"EntryPoint\",\"urlTemplate\":\"https:\/\/www.librairieclavreuil.com\/?s={search_term_string}\"},\"query-input\":{\"@type\":\"PropertyValueSpecification\",\"valueRequired\":true,\"valueName\":\"search_term_string\"}}],\"inLanguage\":\"en-US\"},{\"@type\":\"Organization\",\"@id\":\"https:\/\/www.librairieclavreuil.com\/#organization\",\"name\":\"Libairie Clavreuil\",\"url\":\"https:\/\/www.librairieclavreuil.com\/\",\"logo\":{\"@type\":\"ImageObject\",\"inLanguage\":\"en-US\",\"@id\":\"https:\/\/www.librairieclavreuil.com\/#\/schema\/logo\/image\/\",\"url\":\"https:\/\/www.librairieclavreuil.com\/wp-content\/uploads\/2021\/06\/cropped-LOGO_PNG_DATE-_gold-512x512-1.png\",\"contentUrl\":\"https:\/\/www.librairieclavreuil.com\/wp-content\/uploads\/2021\/06\/cropped-LOGO_PNG_DATE-_gold-512x512-1.png\",\"width\":512,\"height\":512,\"caption\":\"Libairie Clavreuil\"},\"image\":{\"@id\":\"https:\/\/www.librairieclavreuil.com\/#\/schema\/logo\/image\/\"},\"sameAs\":[\"https:\/\/www.instagram.com\/librairieclavreuil\/\"]}]}<\/script>\n<!-- \/ Yoast SEO plugin. -->","yoast_head_json":{"title":"LAFORGUE Louis L\u2019Art du dentiste ou Manuel des op\u00e9rations de chirurgie, qui se pratiquent sur les dents, et de tout ce que les dentistes font en, dents artificielles, obturateurs et palais artificiles\u2026 - Libairie Clavreuil","robots":{"index":"index","follow":"follow","max-snippet":"max-snippet:-1","max-image-preview":"max-image-preview:large","max-video-preview":"max-video-preview:-1"},"canonical":"https:\/\/www.librairieclavreuil.com\/en\/laforgue-louis-lart-du-dentiste-ou-manuel-des-operations-de-chirurgie-qui-se-pratiquent-sur-les-dents-et-de-tout-ce-que-les-dentistes-font-en-dents-artificielles-obturateurs-et-palais-ar\/","og_locale":"en_US","og_type":"article","og_title":"LAFORGUE Louis L\u2019Art du dentiste ou Manuel des op\u00e9rations de chirurgie, qui se pratiquent sur les dents, et de tout ce que les dentistes font en, dents artificielles, obturateurs et palais artificiles\u2026 - Libairie Clavreuil","og_description":"[8vo (194 x 119 mm) 396 pp., 1 nn.l. (errata), 16 engraved plates. Contemporary tree-sheep&nbsp;; flat spine gilt, yellow edges (hinges partly split, some overall wear).","og_url":"https:\/\/www.librairieclavreuil.com\/en\/laforgue-louis-lart-du-dentiste-ou-manuel-des-operations-de-chirurgie-qui-se-pratiquent-sur-les-dents-et-de-tout-ce-que-les-dentistes-font-en-dents-artificielles-obturateurs-et-palais-ar\/","og_site_name":"Libairie Clavreuil","article_modified_time":"2025-01-24T14:40:46+00:00","og_image":[{"width":622,"height":800,"url":"https:\/\/www.librairieclavreuil.com\/wp-content\/uploads\/2025\/01\/louis-laforgue-l-art-du-dentiste-ou-manuel-des-operations-de-chirurgie-qui-se-pratiquent-sur-les-dents-et-de-tout-ce-que-les-dentistes-font-6793a5bce823c-1.jpg","type":"image\/jpeg"}],"twitter_card":"summary_large_image","twitter_misc":{"Est. reading time":"2 minutes"},"schema":{"@context":"https:\/\/schema.org","@graph":[{"@type":"WebPage","@id":"https:\/\/www.librairieclavreuil.com\/en\/laforgue-louis-lart-du-dentiste-ou-manuel-des-operations-de-chirurgie-qui-se-pratiquent-sur-les-dents-et-de-tout-ce-que-les-dentistes-font-en-dents-artificielles-obturateurs-et-palais-ar\/","url":"https:\/\/www.librairieclavreuil.com\/en\/laforgue-louis-lart-du-dentiste-ou-manuel-des-operations-de-chirurgie-qui-se-pratiquent-sur-les-dents-et-de-tout-ce-que-les-dentistes-font-en-dents-artificielles-obturateurs-et-palais-ar\/","name":"LAFORGUE Louis L\u2019Art du dentiste ou Manuel des op\u00e9rations de chirurgie, qui se pratiquent sur les dents, et de tout ce que les dentistes font en, dents artificielles, obturateurs et palais artificiles\u2026 - Libairie Clavreuil","isPartOf":{"@id":"https:\/\/www.librairieclavreuil.com\/#website"},"primaryImageOfPage":{"@id":"https:\/\/www.librairieclavreuil.com\/en\/laforgue-louis-lart-du-dentiste-ou-manuel-des-operations-de-chirurgie-qui-se-pratiquent-sur-les-dents-et-de-tout-ce-que-les-dentistes-font-en-dents-artificielles-obturateurs-et-palais-ar\/#primaryimage"},"image":{"@id":"https:\/\/www.librairieclavreuil.com\/en\/laforgue-louis-lart-du-dentiste-ou-manuel-des-operations-de-chirurgie-qui-se-pratiquent-sur-les-dents-et-de-tout-ce-que-les-dentistes-font-en-dents-artificielles-obturateurs-et-palais-ar\/#primaryimage"},"thumbnailUrl":"https:\/\/www.librairieclavreuil.com\/wp-content\/uploads\/2025\/01\/louis-laforgue-l-art-du-dentiste-ou-manuel-des-operations-de-chirurgie-qui-se-pratiquent-sur-les-dents-et-de-tout-ce-que-les-dentistes-font-6793a5bce823c-1.jpg","datePublished":"2025-01-24T14:40:21+00:00","dateModified":"2025-01-24T14:40:46+00:00","breadcrumb":{"@id":"https:\/\/www.librairieclavreuil.com\/en\/laforgue-louis-lart-du-dentiste-ou-manuel-des-operations-de-chirurgie-qui-se-pratiquent-sur-les-dents-et-de-tout-ce-que-les-dentistes-font-en-dents-artificielles-obturateurs-et-palais-ar\/#breadcrumb"},"inLanguage":"en-US","potentialAction":[{"@type":"ReadAction","target":["https:\/\/www.librairieclavreuil.com\/en\/laforgue-louis-lart-du-dentiste-ou-manuel-des-operations-de-chirurgie-qui-se-pratiquent-sur-les-dents-et-de-tout-ce-que-les-dentistes-font-en-dents-artificielles-obturateurs-et-palais-ar\/"]}]},{"@type":"ImageObject","inLanguage":"en-US","@id":"https:\/\/www.librairieclavreuil.com\/en\/laforgue-louis-lart-du-dentiste-ou-manuel-des-operations-de-chirurgie-qui-se-pratiquent-sur-les-dents-et-de-tout-ce-que-les-dentistes-font-en-dents-artificielles-obturateurs-et-palais-ar\/#primaryimage","url":"https:\/\/www.librairieclavreuil.com\/wp-content\/uploads\/2025\/01\/louis-laforgue-l-art-du-dentiste-ou-manuel-des-operations-de-chirurgie-qui-se-pratiquent-sur-les-dents-et-de-tout-ce-que-les-dentistes-font-6793a5bce823c-1.jpg","contentUrl":"https:\/\/www.librairieclavreuil.com\/wp-content\/uploads\/2025\/01\/louis-laforgue-l-art-du-dentiste-ou-manuel-des-operations-de-chirurgie-qui-se-pratiquent-sur-les-dents-et-de-tout-ce-que-les-dentistes-font-6793a5bce823c-1.jpg","width":622,"height":800},{"@type":"BreadcrumbList","@id":"https:\/\/www.librairieclavreuil.com\/en\/laforgue-louis-lart-du-dentiste-ou-manuel-des-operations-de-chirurgie-qui-se-pratiquent-sur-les-dents-et-de-tout-ce-que-les-dentistes-font-en-dents-artificielles-obturateurs-et-palais-ar\/#breadcrumb","itemListElement":[{"@type":"ListItem","position":1,"name":"Accueil","item":"https:\/\/www.librairieclavreuil.com\/"},{"@type":"ListItem","position":2,"name":"All our books","item":"https:\/\/www.librairieclavreuil.com\/en\/all-our-books\/"},{"@type":"ListItem","position":3,"name":"LAFORGUE Louis L\u2019Art du dentiste ou Manuel des op\u00e9rations de chirurgie, qui se pratiquent sur les dents, et de tout ce que les dentistes font en, dents artificielles, obturateurs et palais artificiles\u2026"}]},{"@type":"WebSite","@id":"https:\/\/www.librairieclavreuil.com\/#website","url":"https:\/\/www.librairieclavreuil.com\/","name":"Libairie Clavreuil","description":"Livres anciens, manuscrits rares et \u00e9ditions originales \u2013 Librairie Clavreuil","publisher":{"@id":"https:\/\/www.librairieclavreuil.com\/#organization"},"potentialAction":[{"@type":"SearchAction","target":{"@type":"EntryPoint","urlTemplate":"https:\/\/www.librairieclavreuil.com\/?s={search_term_string}"},"query-input":{"@type":"PropertyValueSpecification","valueRequired":true,"valueName":"search_term_string"}}],"inLanguage":"en-US"},{"@type":"Organization","@id":"https:\/\/www.librairieclavreuil.com\/#organization","name":"Libairie Clavreuil","url":"https:\/\/www.librairieclavreuil.com\/","logo":{"@type":"ImageObject","inLanguage":"en-US","@id":"https:\/\/www.librairieclavreuil.com\/#\/schema\/logo\/image\/","url":"https:\/\/www.librairieclavreuil.com\/wp-content\/uploads\/2021\/06\/cropped-LOGO_PNG_DATE-_gold-512x512-1.png","contentUrl":"https:\/\/www.librairieclavreuil.com\/wp-content\/uploads\/2021\/06\/cropped-LOGO_PNG_DATE-_gold-512x512-1.png","width":512,"height":512,"caption":"Libairie Clavreuil"},"image":{"@id":"https:\/\/www.librairieclavreuil.com\/#\/schema\/logo\/image\/"},"sameAs":["https:\/\/www.instagram.com\/librairieclavreuil\/"]}]}},"jetpack_sharing_enabled":true,"_links":{"self":[{"href":"https:\/\/www.librairieclavreuil.com\/en\/wp-json\/wp\/v2\/product\/82758","targetHints":{"allow":["GET"]}}],"collection":[{"href":"https:\/\/www.librairieclavreuil.com\/en\/wp-json\/wp\/v2\/product"}],"about":[{"href":"https:\/\/www.librairieclavreuil.com\/en\/wp-json\/wp\/v2\/types\/product"}],"replies":[{"embeddable":true,"href":"https:\/\/www.librairieclavreuil.com\/en\/wp-json\/wp\/v2\/comments?post=82758"}],"wp:featuredmedia":[{"embeddable":true,"href":"https:\/\/www.librairieclavreuil.com\/en\/wp-json\/wp\/v2\/media\/82756"}],"wp:attachment":[{"href":"https:\/\/www.librairieclavreuil.com\/en\/wp-json\/wp\/v2\/media?parent=82758"}],"wp:term":[{"taxonomy":"product_brand","embeddable":true,"href":"https:\/\/www.librairieclavreuil.com\/en\/wp-json\/wp\/v2\/product_brand?post=82758"},{"taxonomy":"product_cat","embeddable":true,"href":"https:\/\/www.librairieclavreuil.com\/en\/wp-json\/wp\/v2\/product_cat?post=82758"},{"taxonomy":"product_tag","embeddable":true,"href":"https:\/\/www.librairieclavreuil.com\/en\/wp-json\/wp\/v2\/product_tag?post=82758"}],"curies":[{"name":"wp","href":"https:\/\/api.w.org\/{rel}","templated":true}]}}