{"id":82740,"date":"2025-01-24T15:33:34","date_gmt":"2025-01-24T14:33:34","guid":{"rendered":"https:\/\/www.librairieclavreuil.com\/jourdain-anselme-louis-traite-des-depots-dans-le-sinus-maxillaire-des-fractures-et-des-caries\/"},"modified":"2025-01-24T15:33:56","modified_gmt":"2025-01-24T14:33:56","slug":"jourdain-anselme-louis-traite-des-depots-dans-le-sinus-maxillaire-des-fractures-et-des-caries","status":"publish","type":"product","link":"https:\/\/www.librairieclavreuil.com\/en\/jourdain-anselme-louis-traite-des-depots-dans-le-sinus-maxillaire-des-fractures-et-des-caries\/","title":{"rendered":"JOURDAIN Anselme-Louis Trait\u00e9 des d\u00e9p\u00f4ts dans le sinus..."},"content":{"rendered":"<p style=\"text-align:justify\"><i>David, P&nbsp;; 153&nbsp;; Poletti, p. 110&nbsp;; manque \u00e0 Weinberger. See Blake, 237 (only edition of 1761).<\/i><\/p>\n<p style=\"text-align:justify\"><span style=\"font-variant:small-caps\">First edition.<\/span><\/p>\n<p style=\"text-align:justify\">It is divided into two main parts, the first of which contains the Treatises on deposits in the maxillary sinus and the Treatise on caries (pp. 1-128). The second part contains his Reflections and observations on the art of dentistry. The plates show instruments and prostheses.<\/p>\n<p style=\"text-align:justify\">Anselme Jourdain (1734-1816) was the first general surgeon to specialise in oral surgery. He was one of the first to perform operations on the maxilla and mandibulus.<\/p>\n<p style=\"text-align:justify\">\u00ab&nbsp;Jourdain was particularly expert in diseases of the maxillary sinus and describes all forms inflammation and cystic and tumorous alterations of the sinus\u201c (see Garrison-Mort, 3676.1, <i>Trait\u00e9 des maladies<\/i>\u2026 1778).<\/p>\n<p style=\"text-align:justify\">A good copy.<\/p>\n<p style=\"text-align:justify\">Provenance&nbsp;: rubber stamp \u00ab&nbsp;Collection Jean-L. Angeot&nbsp;\u00bb on half-title<\/p>\n","protected":false},"excerpt":{"rendered":"<p style=\"text-align:justify\">12mo (165 x 95 mm) XXIV, 358 pp., 6 engraved folding plates. Contemporary marbled calf, spine gilt with raised bands, red edges (corners bumped).<\/p>\n","protected":false},"featured_media":82731,"comment_status":"open","ping_status":"closed","template":"","meta":{"_acf_changed":false},"product_brand":[],"product_cat":[548],"product_tag":[1296],"class_list":{"0":"post-82740","1":"product","2":"type-product","3":"status-publish","4":"has-post-thumbnail","6":"product_cat-medicine","7":"product_tag-teeth","8":"pa_auteur-jourdain-anselme-louis-2","9":"pa_type-de-livre-printed-book","11":"first","12":"outofstock","13":"shipping-taxable","14":"purchasable","15":"product-type-simple"},"acf":{"artist":"Anselme-Louis JOURDAIN","chapeau":"","adresse_bibliographique":"Paris, d'Houry, 1760","book_type":"Printed book","provenance":"","afficher_prix":""},"yoast_head":"<!-- This site is optimized with the Yoast SEO plugin v24.7 - https:\/\/yoast.com\/wordpress\/plugins\/seo\/ -->\n<title>JOURDAIN Anselme-Louis Trait\u00e9 des d\u00e9p\u00f4ts dans le sinus maxillaire, des fractures, et des caries. - Libairie Clavreuil<\/title>\n<meta name=\"robots\" content=\"index, follow, max-snippet:-1, max-image-preview:large, max-video-preview:-1\" \/>\n<link rel=\"canonical\" href=\"https:\/\/www.librairieclavreuil.com\/produit\/jourdain-anselme-louis-traite-des-depots-dans-le-sinus-maxillaire-des-fractures-et-des-caries\/\" \/>\n<meta property=\"og:locale\" content=\"en_US\" \/>\n<meta property=\"og:type\" content=\"article\" \/>\n<meta property=\"og:title\" content=\"JOURDAIN Anselme-Louis Trait\u00e9 des d\u00e9p\u00f4ts dans le sinus maxillaire, des fractures, et des caries. - Libairie Clavreuil\" \/>\n<meta property=\"og:description\" content=\"12mo (165 x 95 mm) XXIV, 358 pp., 6 engraved folding plates. Contemporary marbled calf, spine gilt with raised bands, red edges (corners bumped).\" \/>\n<meta property=\"og:url\" content=\"https:\/\/www.librairieclavreuil.com\/produit\/jourdain-anselme-louis-traite-des-depots-dans-le-sinus-maxillaire-des-fractures-et-des-caries\/\" \/>\n<meta property=\"og:site_name\" content=\"Libairie Clavreuil\" \/>\n<meta property=\"article:modified_time\" content=\"2025-01-24T14:33:56+00:00\" \/>\n<meta property=\"og:image\" content=\"https:\/\/www.librairieclavreuil.com\/wp-content\/uploads\/2025\/01\/anselme-louis-jourdain-traite-des-depots-dans-le-sinus-maxillaire-des-fractures-et-des-caries-9590-6793a43074632.jpg\" \/>\n\t<meta property=\"og:image:width\" content=\"622\" \/>\n\t<meta property=\"og:image:height\" content=\"800\" \/>\n\t<meta property=\"og:image:type\" content=\"image\/jpeg\" \/>\n<meta name=\"twitter:card\" content=\"summary_large_image\" \/>\n<meta name=\"twitter:label1\" content=\"Est. reading time\" \/>\n\t<meta name=\"twitter:data1\" content=\"1 minute\" \/>\n<script type=\"application\/ld+json\" class=\"yoast-schema-graph\">{\"@context\":\"https:\/\/schema.org\",\"@graph\":[{\"@type\":\"WebPage\",\"@id\":\"https:\/\/www.librairieclavreuil.com\/produit\/jourdain-anselme-louis-traite-des-depots-dans-le-sinus-maxillaire-des-fractures-et-des-caries\/\",\"url\":\"https:\/\/www.librairieclavreuil.com\/produit\/jourdain-anselme-louis-traite-des-depots-dans-le-sinus-maxillaire-des-fractures-et-des-caries\/\",\"name\":\"JOURDAIN Anselme-Louis Trait\u00e9 des d\u00e9p\u00f4ts dans le sinus maxillaire, des fractures, et des caries. - Libairie Clavreuil\",\"isPartOf\":{\"@id\":\"https:\/\/www.librairieclavreuil.com\/#website\"},\"primaryImageOfPage\":{\"@id\":\"https:\/\/www.librairieclavreuil.com\/produit\/jourdain-anselme-louis-traite-des-depots-dans-le-sinus-maxillaire-des-fractures-et-des-caries\/#primaryimage\"},\"image\":{\"@id\":\"https:\/\/www.librairieclavreuil.com\/produit\/jourdain-anselme-louis-traite-des-depots-dans-le-sinus-maxillaire-des-fractures-et-des-caries\/#primaryimage\"},\"thumbnailUrl\":\"https:\/\/www.librairieclavreuil.com\/wp-content\/uploads\/2025\/01\/anselme-louis-jourdain-traite-des-depots-dans-le-sinus-maxillaire-des-fractures-et-des-caries-9590-6793a43074632.jpg\",\"datePublished\":\"2025-01-24T14:33:34+00:00\",\"dateModified\":\"2025-01-24T14:33:56+00:00\",\"breadcrumb\":{\"@id\":\"https:\/\/www.librairieclavreuil.com\/produit\/jourdain-anselme-louis-traite-des-depots-dans-le-sinus-maxillaire-des-fractures-et-des-caries\/#breadcrumb\"},\"inLanguage\":\"en-US\",\"potentialAction\":[{\"@type\":\"ReadAction\",\"target\":[\"https:\/\/www.librairieclavreuil.com\/produit\/jourdain-anselme-louis-traite-des-depots-dans-le-sinus-maxillaire-des-fractures-et-des-caries\/\"]}]},{\"@type\":\"ImageObject\",\"inLanguage\":\"en-US\",\"@id\":\"https:\/\/www.librairieclavreuil.com\/produit\/jourdain-anselme-louis-traite-des-depots-dans-le-sinus-maxillaire-des-fractures-et-des-caries\/#primaryimage\",\"url\":\"https:\/\/www.librairieclavreuil.com\/wp-content\/uploads\/2025\/01\/anselme-louis-jourdain-traite-des-depots-dans-le-sinus-maxillaire-des-fractures-et-des-caries-9590-6793a43074632.jpg\",\"contentUrl\":\"https:\/\/www.librairieclavreuil.com\/wp-content\/uploads\/2025\/01\/anselme-louis-jourdain-traite-des-depots-dans-le-sinus-maxillaire-des-fractures-et-des-caries-9590-6793a43074632.jpg\",\"width\":622,\"height\":800},{\"@type\":\"BreadcrumbList\",\"@id\":\"https:\/\/www.librairieclavreuil.com\/produit\/jourdain-anselme-louis-traite-des-depots-dans-le-sinus-maxillaire-des-fractures-et-des-caries\/#breadcrumb\",\"itemListElement\":[{\"@type\":\"ListItem\",\"position\":1,\"name\":\"Accueil\",\"item\":\"https:\/\/www.librairieclavreuil.com\/\"},{\"@type\":\"ListItem\",\"position\":2,\"name\":\"All our books\",\"item\":\"https:\/\/www.librairieclavreuil.com\/en\/all-our-books\/\"},{\"@type\":\"ListItem\",\"position\":3,\"name\":\"JOURDAIN Anselme-Louis Trait\u00e9 des d\u00e9p\u00f4ts dans le sinus...\"}]},{\"@type\":\"WebSite\",\"@id\":\"https:\/\/www.librairieclavreuil.com\/#website\",\"url\":\"https:\/\/www.librairieclavreuil.com\/\",\"name\":\"Libairie Clavreuil\",\"description\":\"Livres anciens, manuscrits rares et \u00e9ditions originales \u2013 Librairie Clavreuil\",\"publisher\":{\"@id\":\"https:\/\/www.librairieclavreuil.com\/#organization\"},\"potentialAction\":[{\"@type\":\"SearchAction\",\"target\":{\"@type\":\"EntryPoint\",\"urlTemplate\":\"https:\/\/www.librairieclavreuil.com\/?s={search_term_string}\"},\"query-input\":{\"@type\":\"PropertyValueSpecification\",\"valueRequired\":true,\"valueName\":\"search_term_string\"}}],\"inLanguage\":\"en-US\"},{\"@type\":\"Organization\",\"@id\":\"https:\/\/www.librairieclavreuil.com\/#organization\",\"name\":\"Libairie Clavreuil\",\"url\":\"https:\/\/www.librairieclavreuil.com\/\",\"logo\":{\"@type\":\"ImageObject\",\"inLanguage\":\"en-US\",\"@id\":\"https:\/\/www.librairieclavreuil.com\/#\/schema\/logo\/image\/\",\"url\":\"https:\/\/www.librairieclavreuil.com\/wp-content\/uploads\/2021\/06\/cropped-LOGO_PNG_DATE-_gold-512x512-1.png\",\"contentUrl\":\"https:\/\/www.librairieclavreuil.com\/wp-content\/uploads\/2021\/06\/cropped-LOGO_PNG_DATE-_gold-512x512-1.png\",\"width\":512,\"height\":512,\"caption\":\"Libairie Clavreuil\"},\"image\":{\"@id\":\"https:\/\/www.librairieclavreuil.com\/#\/schema\/logo\/image\/\"},\"sameAs\":[\"https:\/\/www.instagram.com\/librairieclavreuil\/\"]}]}<\/script>\n<!-- \/ Yoast SEO plugin. -->","yoast_head_json":{"title":"JOURDAIN Anselme-Louis Trait\u00e9 des d\u00e9p\u00f4ts dans le sinus maxillaire, des fractures, et des caries. - Libairie Clavreuil","robots":{"index":"index","follow":"follow","max-snippet":"max-snippet:-1","max-image-preview":"max-image-preview:large","max-video-preview":"max-video-preview:-1"},"canonical":"https:\/\/www.librairieclavreuil.com\/produit\/jourdain-anselme-louis-traite-des-depots-dans-le-sinus-maxillaire-des-fractures-et-des-caries\/","og_locale":"en_US","og_type":"article","og_title":"JOURDAIN Anselme-Louis Trait\u00e9 des d\u00e9p\u00f4ts dans le sinus maxillaire, des fractures, et des caries. - Libairie Clavreuil","og_description":"12mo (165 x 95 mm) XXIV, 358 pp., 6 engraved folding plates. Contemporary marbled calf, spine gilt with raised bands, red edges (corners bumped).","og_url":"https:\/\/www.librairieclavreuil.com\/produit\/jourdain-anselme-louis-traite-des-depots-dans-le-sinus-maxillaire-des-fractures-et-des-caries\/","og_site_name":"Libairie Clavreuil","article_modified_time":"2025-01-24T14:33:56+00:00","og_image":[{"width":622,"height":800,"url":"https:\/\/www.librairieclavreuil.com\/wp-content\/uploads\/2025\/01\/anselme-louis-jourdain-traite-des-depots-dans-le-sinus-maxillaire-des-fractures-et-des-caries-9590-6793a43074632.jpg","type":"image\/jpeg"}],"twitter_card":"summary_large_image","twitter_misc":{"Est. reading time":"1 minute"},"schema":{"@context":"https:\/\/schema.org","@graph":[{"@type":"WebPage","@id":"https:\/\/www.librairieclavreuil.com\/produit\/jourdain-anselme-louis-traite-des-depots-dans-le-sinus-maxillaire-des-fractures-et-des-caries\/","url":"https:\/\/www.librairieclavreuil.com\/produit\/jourdain-anselme-louis-traite-des-depots-dans-le-sinus-maxillaire-des-fractures-et-des-caries\/","name":"JOURDAIN Anselme-Louis Trait\u00e9 des d\u00e9p\u00f4ts dans le sinus maxillaire, des fractures, et des caries. - Libairie Clavreuil","isPartOf":{"@id":"https:\/\/www.librairieclavreuil.com\/#website"},"primaryImageOfPage":{"@id":"https:\/\/www.librairieclavreuil.com\/produit\/jourdain-anselme-louis-traite-des-depots-dans-le-sinus-maxillaire-des-fractures-et-des-caries\/#primaryimage"},"image":{"@id":"https:\/\/www.librairieclavreuil.com\/produit\/jourdain-anselme-louis-traite-des-depots-dans-le-sinus-maxillaire-des-fractures-et-des-caries\/#primaryimage"},"thumbnailUrl":"https:\/\/www.librairieclavreuil.com\/wp-content\/uploads\/2025\/01\/anselme-louis-jourdain-traite-des-depots-dans-le-sinus-maxillaire-des-fractures-et-des-caries-9590-6793a43074632.jpg","datePublished":"2025-01-24T14:33:34+00:00","dateModified":"2025-01-24T14:33:56+00:00","breadcrumb":{"@id":"https:\/\/www.librairieclavreuil.com\/produit\/jourdain-anselme-louis-traite-des-depots-dans-le-sinus-maxillaire-des-fractures-et-des-caries\/#breadcrumb"},"inLanguage":"en-US","potentialAction":[{"@type":"ReadAction","target":["https:\/\/www.librairieclavreuil.com\/produit\/jourdain-anselme-louis-traite-des-depots-dans-le-sinus-maxillaire-des-fractures-et-des-caries\/"]}]},{"@type":"ImageObject","inLanguage":"en-US","@id":"https:\/\/www.librairieclavreuil.com\/produit\/jourdain-anselme-louis-traite-des-depots-dans-le-sinus-maxillaire-des-fractures-et-des-caries\/#primaryimage","url":"https:\/\/www.librairieclavreuil.com\/wp-content\/uploads\/2025\/01\/anselme-louis-jourdain-traite-des-depots-dans-le-sinus-maxillaire-des-fractures-et-des-caries-9590-6793a43074632.jpg","contentUrl":"https:\/\/www.librairieclavreuil.com\/wp-content\/uploads\/2025\/01\/anselme-louis-jourdain-traite-des-depots-dans-le-sinus-maxillaire-des-fractures-et-des-caries-9590-6793a43074632.jpg","width":622,"height":800},{"@type":"BreadcrumbList","@id":"https:\/\/www.librairieclavreuil.com\/produit\/jourdain-anselme-louis-traite-des-depots-dans-le-sinus-maxillaire-des-fractures-et-des-caries\/#breadcrumb","itemListElement":[{"@type":"ListItem","position":1,"name":"Accueil","item":"https:\/\/www.librairieclavreuil.com\/"},{"@type":"ListItem","position":2,"name":"All our books","item":"https:\/\/www.librairieclavreuil.com\/en\/all-our-books\/"},{"@type":"ListItem","position":3,"name":"JOURDAIN Anselme-Louis Trait\u00e9 des d\u00e9p\u00f4ts dans le sinus..."}]},{"@type":"WebSite","@id":"https:\/\/www.librairieclavreuil.com\/#website","url":"https:\/\/www.librairieclavreuil.com\/","name":"Libairie Clavreuil","description":"Livres anciens, manuscrits rares et \u00e9ditions originales \u2013 Librairie Clavreuil","publisher":{"@id":"https:\/\/www.librairieclavreuil.com\/#organization"},"potentialAction":[{"@type":"SearchAction","target":{"@type":"EntryPoint","urlTemplate":"https:\/\/www.librairieclavreuil.com\/?s={search_term_string}"},"query-input":{"@type":"PropertyValueSpecification","valueRequired":true,"valueName":"search_term_string"}}],"inLanguage":"en-US"},{"@type":"Organization","@id":"https:\/\/www.librairieclavreuil.com\/#organization","name":"Libairie Clavreuil","url":"https:\/\/www.librairieclavreuil.com\/","logo":{"@type":"ImageObject","inLanguage":"en-US","@id":"https:\/\/www.librairieclavreuil.com\/#\/schema\/logo\/image\/","url":"https:\/\/www.librairieclavreuil.com\/wp-content\/uploads\/2021\/06\/cropped-LOGO_PNG_DATE-_gold-512x512-1.png","contentUrl":"https:\/\/www.librairieclavreuil.com\/wp-content\/uploads\/2021\/06\/cropped-LOGO_PNG_DATE-_gold-512x512-1.png","width":512,"height":512,"caption":"Libairie Clavreuil"},"image":{"@id":"https:\/\/www.librairieclavreuil.com\/#\/schema\/logo\/image\/"},"sameAs":["https:\/\/www.instagram.com\/librairieclavreuil\/"]}]}},"jetpack_sharing_enabled":true,"_links":{"self":[{"href":"https:\/\/www.librairieclavreuil.com\/en\/wp-json\/wp\/v2\/product\/82740","targetHints":{"allow":["GET"]}}],"collection":[{"href":"https:\/\/www.librairieclavreuil.com\/en\/wp-json\/wp\/v2\/product"}],"about":[{"href":"https:\/\/www.librairieclavreuil.com\/en\/wp-json\/wp\/v2\/types\/product"}],"replies":[{"embeddable":true,"href":"https:\/\/www.librairieclavreuil.com\/en\/wp-json\/wp\/v2\/comments?post=82740"}],"wp:featuredmedia":[{"embeddable":true,"href":"https:\/\/www.librairieclavreuil.com\/en\/wp-json\/wp\/v2\/media\/82731"}],"wp:attachment":[{"href":"https:\/\/www.librairieclavreuil.com\/en\/wp-json\/wp\/v2\/media?parent=82740"}],"wp:term":[{"taxonomy":"product_brand","embeddable":true,"href":"https:\/\/www.librairieclavreuil.com\/en\/wp-json\/wp\/v2\/product_brand?post=82740"},{"taxonomy":"product_cat","embeddable":true,"href":"https:\/\/www.librairieclavreuil.com\/en\/wp-json\/wp\/v2\/product_cat?post=82740"},{"taxonomy":"product_tag","embeddable":true,"href":"https:\/\/www.librairieclavreuil.com\/en\/wp-json\/wp\/v2\/product_tag?post=82740"}],"curies":[{"name":"wp","href":"https:\/\/api.w.org\/{rel}","templated":true}]}}