{"id":82668,"date":"2025-01-24T15:11:52","date_gmt":"2025-01-24T14:11:52","guid":{"rendered":"https:\/\/www.librairieclavreuil.com\/dionis-pierre-lanatomie-de-lhomme-suivant-la-circulation-du-sang-les-dernieres-decouvertes-quatrieme-edition\/"},"modified":"2025-01-24T15:12:16","modified_gmt":"2025-01-24T14:12:16","slug":"dionis-pierre-lanatomie-de-lhomme-suivant-la-circulation-du-sang-les-dernieres-decouvertes-quatrieme-edition","status":"publish","type":"product","link":"https:\/\/www.librairieclavreuil.com\/en\/dionis-pierre-lanatomie-de-lhomme-suivant-la-circulation-du-sang-les-dernieres-decouvertes-quatrieme-edition\/","title":{"rendered":"DIONIS Pierre L\u2019Anatomie de l\u2019homme suivant la circulation..."},"content":{"rendered":"<p style=\"text-align:justify\"><i>Blake, p. 121; Wellcome, II, p. 471; Guigard, I, p. 38 ; see Osler, 2468 (first editino 1690) and Heirs of Hippocrates, 649.<\/i><\/p>\n<p style=\"text-align:justify\">Fourth, enlarged edition.<\/p>\n<p style=\"text-align:justify\">Pierre Dionis (1643-1718) was the first to present anatomical dissections at the Jardin Royal.<\/p>\n<p style=\"text-align:justify\">\u00ab&nbsp;A native of Paris, Dionis studied surgery at the Confraternity of St; C\u00f4me and was first surgeon to Queen maria Theresa until her death in 1684. When Louis XIV established a demonstratorship in operative surgery at the Jardin Royal ion the early 1670\u2019s, he appointed Dionis to the position. Dionis remained there until 1680 when he returned to serve as surgeon to the entire royal house. The present work [Latin edition, Paris 1696] was first published in French in 1690 and soon became a standard work and popular textbook on the subject. It remained in print for over half a century and was even translated into Chinese\u201d (Heirs).<\/p>\n<p style=\"text-align:justify\">The work is divided into 10 large chapters in which the author gives details of his anatomical demonstrations given in the King&#8217;s garden.<\/p>\n<p style=\"text-align:justify\">Compared with the first edition illustrated with 19 plates, this edition has a new plate (p. 308) showing the male and female genitalia, as well as a new chapter devoted to the \u2018description of an extraordinarily dilated ear of the heart\u2019. This chapter is illustrated with a beautiful fold-out plate showing the affected organ.<\/p>\n<p style=\"text-align:justify\">All the plates were engraved by the famous master engraver Simon Thomassin (1654-1733).<\/p>\n<p style=\"text-align:justify\"><span style=\"font-variant:small-caps\">Royal provenance<\/span><\/p>\n<p style=\"text-align:justify\">A superb copy with the arms of Philippe II de France, Duc d&#8217;Orl\u00e9ans (1674-1723), nephew of Louis XIV and future regent.<\/p>\n<p style=\"text-align:justify\">Some occasional foxing.<\/p>\n","protected":false},"excerpt":{"rendered":"<p style=\"text-align:justify\">8vo (193 x 120 mm) engraved title and portrait frontispiece, 16 nn.ll., 671 pp., 19 nn.ll., 22 engraved paltes (including 1 folding). Contempoorary red morocco, triple gilt filet on covers, central coat of arms of Philippe II of France (OHR 2566, no. 1), spine with raised bands, compartments decoratde with gilt lfeur de lis, inner gilt rule, gilt edges.<\/p>\n","protected":false},"featured_media":82655,"comment_status":"open","ping_status":"closed","template":"","meta":{"_acf_changed":false},"product_brand":[],"product_cat":[548],"product_tag":[1272,1275],"class_list":{"0":"post-82668","1":"product","2":"type-product","3":"status-publish","4":"has-post-thumbnail","6":"product_cat-medicine","7":"product_tag-anatomy","8":"product_tag-general-anatomy","9":"pa_auteur-dionis-pierre-2","10":"pa_type-de-livre-printed-book","12":"first","13":"instock","14":"shipping-taxable","15":"purchasable","16":"product-type-simple"},"acf":{"artist":" Pierre DIONIS","chapeau":"From the library of Phillippe II of France bound in red morocco and with his coat of arms","adresse_bibliographique":"Paris, Laurent D'Houry, 1705","book_type":"Printed book","provenance":"","afficher_prix":""},"yoast_head":"<!-- This site is optimized with the Yoast SEO plugin v24.7 - https:\/\/yoast.com\/wordpress\/plugins\/seo\/ -->\n<title>DIONIS Pierre L\u2019Anatomie de l\u2019homme suivant la circulation du sang, &amp; les derni\u00e8res d\u00e9couvertes. Quatri\u00e8me \u00e9dition. - Libairie Clavreuil<\/title>\n<meta name=\"robots\" content=\"index, follow, max-snippet:-1, max-image-preview:large, max-video-preview:-1\" \/>\n<link rel=\"canonical\" href=\"https:\/\/www.librairieclavreuil.com\/produit\/dionis-pierre-lanatomie-de-lhomme-suivant-la-circulation-du-sang-les-dernieres-decouvertes-quatrieme-edition\/\" \/>\n<meta property=\"og:locale\" content=\"en_US\" \/>\n<meta property=\"og:type\" content=\"article\" \/>\n<meta property=\"og:title\" content=\"DIONIS Pierre L\u2019Anatomie de l\u2019homme suivant la circulation du sang, &amp; les derni\u00e8res d\u00e9couvertes. Quatri\u00e8me \u00e9dition. - Libairie Clavreuil\" \/>\n<meta property=\"og:description\" content=\"8vo (193 x 120 mm) engraved title and portrait frontispiece, 16 nn.ll., 671 pp., 19 nn.ll., 22 engraved paltes (including 1 folding). Contempoorary red morocco, triple gilt filet on covers, central coat of arms of Philippe II of France (OHR 2566, no. 1), spine with raised bands, compartments decoratde with gilt lfeur de lis, inner gilt rule, gilt edges.\" \/>\n<meta property=\"og:url\" content=\"https:\/\/www.librairieclavreuil.com\/produit\/dionis-pierre-lanatomie-de-lhomme-suivant-la-circulation-du-sang-les-dernieres-decouvertes-quatrieme-edition\/\" \/>\n<meta property=\"og:site_name\" content=\"Libairie Clavreuil\" \/>\n<meta property=\"article:modified_time\" content=\"2025-01-24T14:12:16+00:00\" \/>\n<meta property=\"og:image\" content=\"https:\/\/www.librairieclavreuil.com\/wp-content\/uploads\/2025\/01\/pierre-dionis-l-anatomie-de-l-homme-suivant-la-circulation-du-sang-les-dernieres-decouvertes-quatrieme-edition-9582-67939efaa7abf.jpg\" \/>\n\t<meta property=\"og:image:width\" content=\"622\" \/>\n\t<meta property=\"og:image:height\" content=\"800\" \/>\n\t<meta property=\"og:image:type\" content=\"image\/jpeg\" \/>\n<meta name=\"twitter:card\" content=\"summary_large_image\" \/>\n<meta name=\"twitter:label1\" content=\"Est. reading time\" \/>\n\t<meta name=\"twitter:data1\" content=\"1 minute\" \/>\n<script type=\"application\/ld+json\" class=\"yoast-schema-graph\">{\"@context\":\"https:\/\/schema.org\",\"@graph\":[{\"@type\":\"WebPage\",\"@id\":\"https:\/\/www.librairieclavreuil.com\/produit\/dionis-pierre-lanatomie-de-lhomme-suivant-la-circulation-du-sang-les-dernieres-decouvertes-quatrieme-edition\/\",\"url\":\"https:\/\/www.librairieclavreuil.com\/produit\/dionis-pierre-lanatomie-de-lhomme-suivant-la-circulation-du-sang-les-dernieres-decouvertes-quatrieme-edition\/\",\"name\":\"DIONIS Pierre L\u2019Anatomie de l\u2019homme suivant la circulation du sang, &amp; les derni\u00e8res d\u00e9couvertes. Quatri\u00e8me \u00e9dition. - Libairie Clavreuil\",\"isPartOf\":{\"@id\":\"https:\/\/www.librairieclavreuil.com\/#website\"},\"primaryImageOfPage\":{\"@id\":\"https:\/\/www.librairieclavreuil.com\/produit\/dionis-pierre-lanatomie-de-lhomme-suivant-la-circulation-du-sang-les-dernieres-decouvertes-quatrieme-edition\/#primaryimage\"},\"image\":{\"@id\":\"https:\/\/www.librairieclavreuil.com\/produit\/dionis-pierre-lanatomie-de-lhomme-suivant-la-circulation-du-sang-les-dernieres-decouvertes-quatrieme-edition\/#primaryimage\"},\"thumbnailUrl\":\"https:\/\/www.librairieclavreuil.com\/wp-content\/uploads\/2025\/01\/pierre-dionis-l-anatomie-de-l-homme-suivant-la-circulation-du-sang-les-dernieres-decouvertes-quatrieme-edition-9582-67939efaa7abf.jpg\",\"datePublished\":\"2025-01-24T14:11:52+00:00\",\"dateModified\":\"2025-01-24T14:12:16+00:00\",\"breadcrumb\":{\"@id\":\"https:\/\/www.librairieclavreuil.com\/produit\/dionis-pierre-lanatomie-de-lhomme-suivant-la-circulation-du-sang-les-dernieres-decouvertes-quatrieme-edition\/#breadcrumb\"},\"inLanguage\":\"en-US\",\"potentialAction\":[{\"@type\":\"ReadAction\",\"target\":[\"https:\/\/www.librairieclavreuil.com\/produit\/dionis-pierre-lanatomie-de-lhomme-suivant-la-circulation-du-sang-les-dernieres-decouvertes-quatrieme-edition\/\"]}]},{\"@type\":\"ImageObject\",\"inLanguage\":\"en-US\",\"@id\":\"https:\/\/www.librairieclavreuil.com\/produit\/dionis-pierre-lanatomie-de-lhomme-suivant-la-circulation-du-sang-les-dernieres-decouvertes-quatrieme-edition\/#primaryimage\",\"url\":\"https:\/\/www.librairieclavreuil.com\/wp-content\/uploads\/2025\/01\/pierre-dionis-l-anatomie-de-l-homme-suivant-la-circulation-du-sang-les-dernieres-decouvertes-quatrieme-edition-9582-67939efaa7abf.jpg\",\"contentUrl\":\"https:\/\/www.librairieclavreuil.com\/wp-content\/uploads\/2025\/01\/pierre-dionis-l-anatomie-de-l-homme-suivant-la-circulation-du-sang-les-dernieres-decouvertes-quatrieme-edition-9582-67939efaa7abf.jpg\",\"width\":622,\"height\":800},{\"@type\":\"BreadcrumbList\",\"@id\":\"https:\/\/www.librairieclavreuil.com\/produit\/dionis-pierre-lanatomie-de-lhomme-suivant-la-circulation-du-sang-les-dernieres-decouvertes-quatrieme-edition\/#breadcrumb\",\"itemListElement\":[{\"@type\":\"ListItem\",\"position\":1,\"name\":\"Accueil\",\"item\":\"https:\/\/www.librairieclavreuil.com\/\"},{\"@type\":\"ListItem\",\"position\":2,\"name\":\"All our books\",\"item\":\"https:\/\/www.librairieclavreuil.com\/en\/all-our-books\/\"},{\"@type\":\"ListItem\",\"position\":3,\"name\":\"DIONIS Pierre L\u2019Anatomie de l\u2019homme suivant la circulation...\"}]},{\"@type\":\"WebSite\",\"@id\":\"https:\/\/www.librairieclavreuil.com\/#website\",\"url\":\"https:\/\/www.librairieclavreuil.com\/\",\"name\":\"Libairie Clavreuil\",\"description\":\"Livres anciens, manuscrits rares et \u00e9ditions originales \u2013 Librairie Clavreuil\",\"publisher\":{\"@id\":\"https:\/\/www.librairieclavreuil.com\/#organization\"},\"potentialAction\":[{\"@type\":\"SearchAction\",\"target\":{\"@type\":\"EntryPoint\",\"urlTemplate\":\"https:\/\/www.librairieclavreuil.com\/?s={search_term_string}\"},\"query-input\":{\"@type\":\"PropertyValueSpecification\",\"valueRequired\":true,\"valueName\":\"search_term_string\"}}],\"inLanguage\":\"en-US\"},{\"@type\":\"Organization\",\"@id\":\"https:\/\/www.librairieclavreuil.com\/#organization\",\"name\":\"Libairie Clavreuil\",\"url\":\"https:\/\/www.librairieclavreuil.com\/\",\"logo\":{\"@type\":\"ImageObject\",\"inLanguage\":\"en-US\",\"@id\":\"https:\/\/www.librairieclavreuil.com\/#\/schema\/logo\/image\/\",\"url\":\"https:\/\/www.librairieclavreuil.com\/wp-content\/uploads\/2021\/06\/cropped-LOGO_PNG_DATE-_gold-512x512-1.png\",\"contentUrl\":\"https:\/\/www.librairieclavreuil.com\/wp-content\/uploads\/2021\/06\/cropped-LOGO_PNG_DATE-_gold-512x512-1.png\",\"width\":512,\"height\":512,\"caption\":\"Libairie Clavreuil\"},\"image\":{\"@id\":\"https:\/\/www.librairieclavreuil.com\/#\/schema\/logo\/image\/\"},\"sameAs\":[\"https:\/\/www.instagram.com\/librairieclavreuil\/\"]}]}<\/script>\n<!-- \/ Yoast SEO plugin. -->","yoast_head_json":{"title":"DIONIS Pierre L\u2019Anatomie de l\u2019homme suivant la circulation du sang, &amp; les derni\u00e8res d\u00e9couvertes. Quatri\u00e8me \u00e9dition. - Libairie Clavreuil","robots":{"index":"index","follow":"follow","max-snippet":"max-snippet:-1","max-image-preview":"max-image-preview:large","max-video-preview":"max-video-preview:-1"},"canonical":"https:\/\/www.librairieclavreuil.com\/produit\/dionis-pierre-lanatomie-de-lhomme-suivant-la-circulation-du-sang-les-dernieres-decouvertes-quatrieme-edition\/","og_locale":"en_US","og_type":"article","og_title":"DIONIS Pierre L\u2019Anatomie de l\u2019homme suivant la circulation du sang, &amp; les derni\u00e8res d\u00e9couvertes. Quatri\u00e8me \u00e9dition. - Libairie Clavreuil","og_description":"8vo (193 x 120 mm) engraved title and portrait frontispiece, 16 nn.ll., 671 pp., 19 nn.ll., 22 engraved paltes (including 1 folding). Contempoorary red morocco, triple gilt filet on covers, central coat of arms of Philippe II of France (OHR 2566, no. 1), spine with raised bands, compartments decoratde with gilt lfeur de lis, inner gilt rule, gilt edges.","og_url":"https:\/\/www.librairieclavreuil.com\/produit\/dionis-pierre-lanatomie-de-lhomme-suivant-la-circulation-du-sang-les-dernieres-decouvertes-quatrieme-edition\/","og_site_name":"Libairie Clavreuil","article_modified_time":"2025-01-24T14:12:16+00:00","og_image":[{"width":622,"height":800,"url":"https:\/\/www.librairieclavreuil.com\/wp-content\/uploads\/2025\/01\/pierre-dionis-l-anatomie-de-l-homme-suivant-la-circulation-du-sang-les-dernieres-decouvertes-quatrieme-edition-9582-67939efaa7abf.jpg","type":"image\/jpeg"}],"twitter_card":"summary_large_image","twitter_misc":{"Est. reading time":"1 minute"},"schema":{"@context":"https:\/\/schema.org","@graph":[{"@type":"WebPage","@id":"https:\/\/www.librairieclavreuil.com\/produit\/dionis-pierre-lanatomie-de-lhomme-suivant-la-circulation-du-sang-les-dernieres-decouvertes-quatrieme-edition\/","url":"https:\/\/www.librairieclavreuil.com\/produit\/dionis-pierre-lanatomie-de-lhomme-suivant-la-circulation-du-sang-les-dernieres-decouvertes-quatrieme-edition\/","name":"DIONIS Pierre L\u2019Anatomie de l\u2019homme suivant la circulation du sang, &amp; les derni\u00e8res d\u00e9couvertes. Quatri\u00e8me \u00e9dition. - Libairie Clavreuil","isPartOf":{"@id":"https:\/\/www.librairieclavreuil.com\/#website"},"primaryImageOfPage":{"@id":"https:\/\/www.librairieclavreuil.com\/produit\/dionis-pierre-lanatomie-de-lhomme-suivant-la-circulation-du-sang-les-dernieres-decouvertes-quatrieme-edition\/#primaryimage"},"image":{"@id":"https:\/\/www.librairieclavreuil.com\/produit\/dionis-pierre-lanatomie-de-lhomme-suivant-la-circulation-du-sang-les-dernieres-decouvertes-quatrieme-edition\/#primaryimage"},"thumbnailUrl":"https:\/\/www.librairieclavreuil.com\/wp-content\/uploads\/2025\/01\/pierre-dionis-l-anatomie-de-l-homme-suivant-la-circulation-du-sang-les-dernieres-decouvertes-quatrieme-edition-9582-67939efaa7abf.jpg","datePublished":"2025-01-24T14:11:52+00:00","dateModified":"2025-01-24T14:12:16+00:00","breadcrumb":{"@id":"https:\/\/www.librairieclavreuil.com\/produit\/dionis-pierre-lanatomie-de-lhomme-suivant-la-circulation-du-sang-les-dernieres-decouvertes-quatrieme-edition\/#breadcrumb"},"inLanguage":"en-US","potentialAction":[{"@type":"ReadAction","target":["https:\/\/www.librairieclavreuil.com\/produit\/dionis-pierre-lanatomie-de-lhomme-suivant-la-circulation-du-sang-les-dernieres-decouvertes-quatrieme-edition\/"]}]},{"@type":"ImageObject","inLanguage":"en-US","@id":"https:\/\/www.librairieclavreuil.com\/produit\/dionis-pierre-lanatomie-de-lhomme-suivant-la-circulation-du-sang-les-dernieres-decouvertes-quatrieme-edition\/#primaryimage","url":"https:\/\/www.librairieclavreuil.com\/wp-content\/uploads\/2025\/01\/pierre-dionis-l-anatomie-de-l-homme-suivant-la-circulation-du-sang-les-dernieres-decouvertes-quatrieme-edition-9582-67939efaa7abf.jpg","contentUrl":"https:\/\/www.librairieclavreuil.com\/wp-content\/uploads\/2025\/01\/pierre-dionis-l-anatomie-de-l-homme-suivant-la-circulation-du-sang-les-dernieres-decouvertes-quatrieme-edition-9582-67939efaa7abf.jpg","width":622,"height":800},{"@type":"BreadcrumbList","@id":"https:\/\/www.librairieclavreuil.com\/produit\/dionis-pierre-lanatomie-de-lhomme-suivant-la-circulation-du-sang-les-dernieres-decouvertes-quatrieme-edition\/#breadcrumb","itemListElement":[{"@type":"ListItem","position":1,"name":"Accueil","item":"https:\/\/www.librairieclavreuil.com\/"},{"@type":"ListItem","position":2,"name":"All our books","item":"https:\/\/www.librairieclavreuil.com\/en\/all-our-books\/"},{"@type":"ListItem","position":3,"name":"DIONIS Pierre L\u2019Anatomie de l\u2019homme suivant la circulation..."}]},{"@type":"WebSite","@id":"https:\/\/www.librairieclavreuil.com\/#website","url":"https:\/\/www.librairieclavreuil.com\/","name":"Libairie Clavreuil","description":"Livres anciens, manuscrits rares et \u00e9ditions originales \u2013 Librairie Clavreuil","publisher":{"@id":"https:\/\/www.librairieclavreuil.com\/#organization"},"potentialAction":[{"@type":"SearchAction","target":{"@type":"EntryPoint","urlTemplate":"https:\/\/www.librairieclavreuil.com\/?s={search_term_string}"},"query-input":{"@type":"PropertyValueSpecification","valueRequired":true,"valueName":"search_term_string"}}],"inLanguage":"en-US"},{"@type":"Organization","@id":"https:\/\/www.librairieclavreuil.com\/#organization","name":"Libairie Clavreuil","url":"https:\/\/www.librairieclavreuil.com\/","logo":{"@type":"ImageObject","inLanguage":"en-US","@id":"https:\/\/www.librairieclavreuil.com\/#\/schema\/logo\/image\/","url":"https:\/\/www.librairieclavreuil.com\/wp-content\/uploads\/2021\/06\/cropped-LOGO_PNG_DATE-_gold-512x512-1.png","contentUrl":"https:\/\/www.librairieclavreuil.com\/wp-content\/uploads\/2021\/06\/cropped-LOGO_PNG_DATE-_gold-512x512-1.png","width":512,"height":512,"caption":"Libairie Clavreuil"},"image":{"@id":"https:\/\/www.librairieclavreuil.com\/#\/schema\/logo\/image\/"},"sameAs":["https:\/\/www.instagram.com\/librairieclavreuil\/"]}]}},"jetpack_sharing_enabled":true,"_links":{"self":[{"href":"https:\/\/www.librairieclavreuil.com\/en\/wp-json\/wp\/v2\/product\/82668","targetHints":{"allow":["GET"]}}],"collection":[{"href":"https:\/\/www.librairieclavreuil.com\/en\/wp-json\/wp\/v2\/product"}],"about":[{"href":"https:\/\/www.librairieclavreuil.com\/en\/wp-json\/wp\/v2\/types\/product"}],"replies":[{"embeddable":true,"href":"https:\/\/www.librairieclavreuil.com\/en\/wp-json\/wp\/v2\/comments?post=82668"}],"wp:featuredmedia":[{"embeddable":true,"href":"https:\/\/www.librairieclavreuil.com\/en\/wp-json\/wp\/v2\/media\/82655"}],"wp:attachment":[{"href":"https:\/\/www.librairieclavreuil.com\/en\/wp-json\/wp\/v2\/media?parent=82668"}],"wp:term":[{"taxonomy":"product_brand","embeddable":true,"href":"https:\/\/www.librairieclavreuil.com\/en\/wp-json\/wp\/v2\/product_brand?post=82668"},{"taxonomy":"product_cat","embeddable":true,"href":"https:\/\/www.librairieclavreuil.com\/en\/wp-json\/wp\/v2\/product_cat?post=82668"},{"taxonomy":"product_tag","embeddable":true,"href":"https:\/\/www.librairieclavreuil.com\/en\/wp-json\/wp\/v2\/product_tag?post=82668"}],"curies":[{"name":"wp","href":"https:\/\/api.w.org\/{rel}","templated":true}]}}