{"id":82654,"date":"2025-01-24T15:11:11","date_gmt":"2025-01-24T14:11:11","guid":{"rendered":"https:\/\/www.librairieclavreuil.com\/bunon-robert-essay-sur-les-maladies-des-dents\/"},"modified":"2025-01-24T15:11:29","modified_gmt":"2025-01-24T14:11:29","slug":"bunon-robert-essay-sur-les-maladies-des-dents","status":"publish","type":"product","link":"https:\/\/www.librairieclavreuil.com\/en\/bunon-robert-essay-sur-les-maladies-des-dents\/","title":{"rendered":"BUNON Robert Essay sur les maladies des dents."},"content":{"rendered":"<p style=\"text-align:justify\"><i>Garrison-Morton, 3672.1; Weinberger, p.27; David, p.46; Poletti, p.36; Blake, p. 71; Wellcome, II, 270.<\/i><\/p>\n<p style=\"text-align:justify\"><span style=\"font-variant:small-caps\">First edition.<\/span><\/p>\n<p style=\"text-align:justify\">An excellent work, one of the first devoted entirely to children&#8217;s teeth. In it, Robert Bunon (1702-1748) proves that milk teeth are well supported by roots, but that this part is gradually destroyed by absorption as the second teeth develop. He explained that poorly arranged teeth are often due to the presence of the first set of teeth, and advised that baby teeth that shift should be pulled out quickly. He also made a distinction between caries and erosion, and proved that erosion was the cause of the destruction of teeth in their sockets before they had even emerged. Thanks to his important writings, he is regarded today as the father of pedodontology.<\/p>\n<p style=\"text-align:justify\">&#8220;The first book incorporating specialized odontological research. Bunon investigated the genesis of enamel hypoplasia&#8221;(Garrison-Morton).<\/p>\n<p style=\"text-align:justify\">\u00ab&nbsp;En 1747 il est nomm\u00e9 dentiste des filles du Roi et donne des conseils aux m\u00e8res concernant l\u2019hygi\u00e8ne de leurs enfants. Il se consacre \u00e0 la pr\u00e9vention et sera consid\u00e9r\u00e9 pour beaucoup comme le pr\u00e9curseur de la p\u00e9dodontie. Son c\u00e9l\u00e8bre ouvrage Essay sur les maladies des dents para\u00eet trois ans apr\u00e8s la deuxi\u00e8me \u00e9dition du Chirurgien-dentiste de Fauchard en 1746. Ce trait\u00e9, divis\u00e9 en six chapitres, est essentiellement consacr\u00e9 aux enfants. Il se penche sur les \u00e9tiologies, la pathog\u00e9nie, les th\u00e9rapeutiques et la pharmacop\u00e9e de la carie en mettant l\u2019accent sur le risque de contamination carieuse d\u2019une dent \u00e0 l\u2019autre. Il comprend l\u2019importance de conserver une dent vivante le plus longtemps possible et mets en place une th\u00e9rapeutique apparent\u00e9e aux actuels coiffages pulpaires \u00e0 base de cannelle ou de girofle. Il s\u2019int\u00e9ressera \u00e9galement aux MIH et aux autres anomalies de l\u2019\u00e9mail et de la dentine qu\u2019il nomme alors \u00ab \u00e9rosion \u00bb (Caroline Fauchet, La Dentisterie, p. 51)<\/p>\n<p style=\"text-align:justify\">Rubber stamp of Acad\u00e9mie de Dijon on the title and on page 31.<\/p>\n<p style=\"text-align:justify\">Good copy.<\/p>\n","protected":false},"excerpt":{"rendered":"<p>12mo (166 x 94 mm) XII, 237 pp., 1 nn.l. (approbation). Contemporary mottled sheep, spine gilt with raised bands, red edges (some expert restorations).<\/p>\n","protected":false},"featured_media":82649,"comment_status":"open","ping_status":"closed","template":"","meta":{"_acf_changed":false},"product_brand":[],"product_cat":[548],"product_tag":[1296],"class_list":{"0":"post-82654","1":"product","2":"type-product","3":"status-publish","4":"has-post-thumbnail","6":"product_cat-medicine","7":"product_tag-teeth","8":"pa_auteur-bunon-robert-2","9":"pa_type-de-livre-printed-book","11":"first","12":"instock","13":"shipping-taxable","14":"purchasable","15":"product-type-simple"},"acf":{"artist":" Robert BUNON","chapeau":"","adresse_bibliographique":"Paris, Briasson, 1743","book_type":"Printed book","provenance":"","afficher_prix":""},"yoast_head":"<!-- This site is optimized with the Yoast SEO plugin v24.7 - https:\/\/yoast.com\/wordpress\/plugins\/seo\/ -->\n<title>BUNON Robert Essay sur les maladies des dents. - Libairie Clavreuil<\/title>\n<meta name=\"robots\" content=\"index, follow, max-snippet:-1, max-image-preview:large, max-video-preview:-1\" \/>\n<link rel=\"canonical\" href=\"https:\/\/www.librairieclavreuil.com\/en\/bunon-robert-essay-sur-les-maladies-des-dents\/\" \/>\n<meta property=\"og:locale\" content=\"en_US\" \/>\n<meta property=\"og:type\" content=\"article\" \/>\n<meta property=\"og:title\" content=\"BUNON Robert Essay sur les maladies des dents. - Libairie Clavreuil\" \/>\n<meta property=\"og:description\" content=\"12mo (166 x 94 mm) XII, 237 pp., 1 nn.l. (approbation). Contemporary mottled sheep, spine gilt with raised bands, red edges (some expert restorations).\" \/>\n<meta property=\"og:url\" content=\"https:\/\/www.librairieclavreuil.com\/en\/bunon-robert-essay-sur-les-maladies-des-dents\/\" \/>\n<meta property=\"og:site_name\" content=\"Libairie Clavreuil\" \/>\n<meta property=\"article:modified_time\" content=\"2025-01-24T14:11:29+00:00\" \/>\n<meta property=\"og:image\" content=\"https:\/\/www.librairieclavreuil.com\/wp-content\/uploads\/2025\/01\/robert-bunon-essay-sur-les-maladies-des-dents-9580-67939ed48a1e0.jpg\" \/>\n\t<meta property=\"og:image:width\" content=\"622\" \/>\n\t<meta property=\"og:image:height\" content=\"800\" \/>\n\t<meta property=\"og:image:type\" content=\"image\/jpeg\" \/>\n<meta name=\"twitter:card\" content=\"summary_large_image\" \/>\n<meta name=\"twitter:label1\" content=\"Est. reading time\" \/>\n\t<meta name=\"twitter:data1\" content=\"2 minutes\" \/>\n<script type=\"application\/ld+json\" class=\"yoast-schema-graph\">{\"@context\":\"https:\/\/schema.org\",\"@graph\":[{\"@type\":\"WebPage\",\"@id\":\"https:\/\/www.librairieclavreuil.com\/en\/bunon-robert-essay-sur-les-maladies-des-dents\/\",\"url\":\"https:\/\/www.librairieclavreuil.com\/en\/bunon-robert-essay-sur-les-maladies-des-dents\/\",\"name\":\"BUNON Robert Essay sur les maladies des dents. - Libairie Clavreuil\",\"isPartOf\":{\"@id\":\"https:\/\/www.librairieclavreuil.com\/#website\"},\"primaryImageOfPage\":{\"@id\":\"https:\/\/www.librairieclavreuil.com\/en\/bunon-robert-essay-sur-les-maladies-des-dents\/#primaryimage\"},\"image\":{\"@id\":\"https:\/\/www.librairieclavreuil.com\/en\/bunon-robert-essay-sur-les-maladies-des-dents\/#primaryimage\"},\"thumbnailUrl\":\"https:\/\/www.librairieclavreuil.com\/wp-content\/uploads\/2025\/01\/robert-bunon-essay-sur-les-maladies-des-dents-9580-67939ed48a1e0.jpg\",\"datePublished\":\"2025-01-24T14:11:11+00:00\",\"dateModified\":\"2025-01-24T14:11:29+00:00\",\"breadcrumb\":{\"@id\":\"https:\/\/www.librairieclavreuil.com\/en\/bunon-robert-essay-sur-les-maladies-des-dents\/#breadcrumb\"},\"inLanguage\":\"en-US\",\"potentialAction\":[{\"@type\":\"ReadAction\",\"target\":[\"https:\/\/www.librairieclavreuil.com\/en\/bunon-robert-essay-sur-les-maladies-des-dents\/\"]}]},{\"@type\":\"ImageObject\",\"inLanguage\":\"en-US\",\"@id\":\"https:\/\/www.librairieclavreuil.com\/en\/bunon-robert-essay-sur-les-maladies-des-dents\/#primaryimage\",\"url\":\"https:\/\/www.librairieclavreuil.com\/wp-content\/uploads\/2025\/01\/robert-bunon-essay-sur-les-maladies-des-dents-9580-67939ed48a1e0.jpg\",\"contentUrl\":\"https:\/\/www.librairieclavreuil.com\/wp-content\/uploads\/2025\/01\/robert-bunon-essay-sur-les-maladies-des-dents-9580-67939ed48a1e0.jpg\",\"width\":622,\"height\":800},{\"@type\":\"BreadcrumbList\",\"@id\":\"https:\/\/www.librairieclavreuil.com\/en\/bunon-robert-essay-sur-les-maladies-des-dents\/#breadcrumb\",\"itemListElement\":[{\"@type\":\"ListItem\",\"position\":1,\"name\":\"Accueil\",\"item\":\"https:\/\/www.librairieclavreuil.com\/\"},{\"@type\":\"ListItem\",\"position\":2,\"name\":\"All our books\",\"item\":\"https:\/\/www.librairieclavreuil.com\/en\/all-our-books\/\"},{\"@type\":\"ListItem\",\"position\":3,\"name\":\"BUNON Robert Essay sur les maladies des dents.\"}]},{\"@type\":\"WebSite\",\"@id\":\"https:\/\/www.librairieclavreuil.com\/#website\",\"url\":\"https:\/\/www.librairieclavreuil.com\/\",\"name\":\"Libairie Clavreuil\",\"description\":\"Livres anciens, manuscrits rares et \u00e9ditions originales \u2013 Librairie Clavreuil\",\"publisher\":{\"@id\":\"https:\/\/www.librairieclavreuil.com\/#organization\"},\"potentialAction\":[{\"@type\":\"SearchAction\",\"target\":{\"@type\":\"EntryPoint\",\"urlTemplate\":\"https:\/\/www.librairieclavreuil.com\/?s={search_term_string}\"},\"query-input\":{\"@type\":\"PropertyValueSpecification\",\"valueRequired\":true,\"valueName\":\"search_term_string\"}}],\"inLanguage\":\"en-US\"},{\"@type\":\"Organization\",\"@id\":\"https:\/\/www.librairieclavreuil.com\/#organization\",\"name\":\"Libairie Clavreuil\",\"url\":\"https:\/\/www.librairieclavreuil.com\/\",\"logo\":{\"@type\":\"ImageObject\",\"inLanguage\":\"en-US\",\"@id\":\"https:\/\/www.librairieclavreuil.com\/#\/schema\/logo\/image\/\",\"url\":\"https:\/\/www.librairieclavreuil.com\/wp-content\/uploads\/2021\/06\/cropped-LOGO_PNG_DATE-_gold-512x512-1.png\",\"contentUrl\":\"https:\/\/www.librairieclavreuil.com\/wp-content\/uploads\/2021\/06\/cropped-LOGO_PNG_DATE-_gold-512x512-1.png\",\"width\":512,\"height\":512,\"caption\":\"Libairie Clavreuil\"},\"image\":{\"@id\":\"https:\/\/www.librairieclavreuil.com\/#\/schema\/logo\/image\/\"},\"sameAs\":[\"https:\/\/www.instagram.com\/librairieclavreuil\/\"]}]}<\/script>\n<!-- \/ Yoast SEO plugin. -->","yoast_head_json":{"title":"BUNON Robert Essay sur les maladies des dents. - Libairie Clavreuil","robots":{"index":"index","follow":"follow","max-snippet":"max-snippet:-1","max-image-preview":"max-image-preview:large","max-video-preview":"max-video-preview:-1"},"canonical":"https:\/\/www.librairieclavreuil.com\/en\/bunon-robert-essay-sur-les-maladies-des-dents\/","og_locale":"en_US","og_type":"article","og_title":"BUNON Robert Essay sur les maladies des dents. - Libairie Clavreuil","og_description":"12mo (166 x 94 mm) XII, 237 pp., 1 nn.l. (approbation). Contemporary mottled sheep, spine gilt with raised bands, red edges (some expert restorations).","og_url":"https:\/\/www.librairieclavreuil.com\/en\/bunon-robert-essay-sur-les-maladies-des-dents\/","og_site_name":"Libairie Clavreuil","article_modified_time":"2025-01-24T14:11:29+00:00","og_image":[{"width":622,"height":800,"url":"https:\/\/www.librairieclavreuil.com\/wp-content\/uploads\/2025\/01\/robert-bunon-essay-sur-les-maladies-des-dents-9580-67939ed48a1e0.jpg","type":"image\/jpeg"}],"twitter_card":"summary_large_image","twitter_misc":{"Est. reading time":"2 minutes"},"schema":{"@context":"https:\/\/schema.org","@graph":[{"@type":"WebPage","@id":"https:\/\/www.librairieclavreuil.com\/en\/bunon-robert-essay-sur-les-maladies-des-dents\/","url":"https:\/\/www.librairieclavreuil.com\/en\/bunon-robert-essay-sur-les-maladies-des-dents\/","name":"BUNON Robert Essay sur les maladies des dents. - Libairie Clavreuil","isPartOf":{"@id":"https:\/\/www.librairieclavreuil.com\/#website"},"primaryImageOfPage":{"@id":"https:\/\/www.librairieclavreuil.com\/en\/bunon-robert-essay-sur-les-maladies-des-dents\/#primaryimage"},"image":{"@id":"https:\/\/www.librairieclavreuil.com\/en\/bunon-robert-essay-sur-les-maladies-des-dents\/#primaryimage"},"thumbnailUrl":"https:\/\/www.librairieclavreuil.com\/wp-content\/uploads\/2025\/01\/robert-bunon-essay-sur-les-maladies-des-dents-9580-67939ed48a1e0.jpg","datePublished":"2025-01-24T14:11:11+00:00","dateModified":"2025-01-24T14:11:29+00:00","breadcrumb":{"@id":"https:\/\/www.librairieclavreuil.com\/en\/bunon-robert-essay-sur-les-maladies-des-dents\/#breadcrumb"},"inLanguage":"en-US","potentialAction":[{"@type":"ReadAction","target":["https:\/\/www.librairieclavreuil.com\/en\/bunon-robert-essay-sur-les-maladies-des-dents\/"]}]},{"@type":"ImageObject","inLanguage":"en-US","@id":"https:\/\/www.librairieclavreuil.com\/en\/bunon-robert-essay-sur-les-maladies-des-dents\/#primaryimage","url":"https:\/\/www.librairieclavreuil.com\/wp-content\/uploads\/2025\/01\/robert-bunon-essay-sur-les-maladies-des-dents-9580-67939ed48a1e0.jpg","contentUrl":"https:\/\/www.librairieclavreuil.com\/wp-content\/uploads\/2025\/01\/robert-bunon-essay-sur-les-maladies-des-dents-9580-67939ed48a1e0.jpg","width":622,"height":800},{"@type":"BreadcrumbList","@id":"https:\/\/www.librairieclavreuil.com\/en\/bunon-robert-essay-sur-les-maladies-des-dents\/#breadcrumb","itemListElement":[{"@type":"ListItem","position":1,"name":"Accueil","item":"https:\/\/www.librairieclavreuil.com\/"},{"@type":"ListItem","position":2,"name":"All our books","item":"https:\/\/www.librairieclavreuil.com\/en\/all-our-books\/"},{"@type":"ListItem","position":3,"name":"BUNON Robert Essay sur les maladies des dents."}]},{"@type":"WebSite","@id":"https:\/\/www.librairieclavreuil.com\/#website","url":"https:\/\/www.librairieclavreuil.com\/","name":"Libairie Clavreuil","description":"Livres anciens, manuscrits rares et \u00e9ditions originales \u2013 Librairie Clavreuil","publisher":{"@id":"https:\/\/www.librairieclavreuil.com\/#organization"},"potentialAction":[{"@type":"SearchAction","target":{"@type":"EntryPoint","urlTemplate":"https:\/\/www.librairieclavreuil.com\/?s={search_term_string}"},"query-input":{"@type":"PropertyValueSpecification","valueRequired":true,"valueName":"search_term_string"}}],"inLanguage":"en-US"},{"@type":"Organization","@id":"https:\/\/www.librairieclavreuil.com\/#organization","name":"Libairie Clavreuil","url":"https:\/\/www.librairieclavreuil.com\/","logo":{"@type":"ImageObject","inLanguage":"en-US","@id":"https:\/\/www.librairieclavreuil.com\/#\/schema\/logo\/image\/","url":"https:\/\/www.librairieclavreuil.com\/wp-content\/uploads\/2021\/06\/cropped-LOGO_PNG_DATE-_gold-512x512-1.png","contentUrl":"https:\/\/www.librairieclavreuil.com\/wp-content\/uploads\/2021\/06\/cropped-LOGO_PNG_DATE-_gold-512x512-1.png","width":512,"height":512,"caption":"Libairie Clavreuil"},"image":{"@id":"https:\/\/www.librairieclavreuil.com\/#\/schema\/logo\/image\/"},"sameAs":["https:\/\/www.instagram.com\/librairieclavreuil\/"]}]}},"jetpack_sharing_enabled":true,"_links":{"self":[{"href":"https:\/\/www.librairieclavreuil.com\/en\/wp-json\/wp\/v2\/product\/82654","targetHints":{"allow":["GET"]}}],"collection":[{"href":"https:\/\/www.librairieclavreuil.com\/en\/wp-json\/wp\/v2\/product"}],"about":[{"href":"https:\/\/www.librairieclavreuil.com\/en\/wp-json\/wp\/v2\/types\/product"}],"replies":[{"embeddable":true,"href":"https:\/\/www.librairieclavreuil.com\/en\/wp-json\/wp\/v2\/comments?post=82654"}],"wp:featuredmedia":[{"embeddable":true,"href":"https:\/\/www.librairieclavreuil.com\/en\/wp-json\/wp\/v2\/media\/82649"}],"wp:attachment":[{"href":"https:\/\/www.librairieclavreuil.com\/en\/wp-json\/wp\/v2\/media?parent=82654"}],"wp:term":[{"taxonomy":"product_brand","embeddable":true,"href":"https:\/\/www.librairieclavreuil.com\/en\/wp-json\/wp\/v2\/product_brand?post=82654"},{"taxonomy":"product_cat","embeddable":true,"href":"https:\/\/www.librairieclavreuil.com\/en\/wp-json\/wp\/v2\/product_cat?post=82654"},{"taxonomy":"product_tag","embeddable":true,"href":"https:\/\/www.librairieclavreuil.com\/en\/wp-json\/wp\/v2\/product_tag?post=82654"}],"curies":[{"name":"wp","href":"https:\/\/api.w.org\/{rel}","templated":true}]}}