{"id":82648,"date":"2025-01-24T15:10:34","date_gmt":"2025-01-24T14:10:34","guid":{"rendered":"https:\/\/www.librairieclavreuil.com\/bunon-robert-experiences-et-demonstrations-faites-a-lhopital-de-la-salpetriere-pour-servir-de-suite-de-preuves-a-lessai-sur-les-maladies-des-dents-c-et-une-pha\/"},"modified":"2025-01-24T15:20:18","modified_gmt":"2025-01-24T14:20:18","slug":"bunon-robert-experiences-et-demonstrations-faites-a-lhopital-de-la-salpetriere-pour-servir-de-suite-de-preuves-a-lessai-sur-les-maladies-des-dents-c-et-une-pha","status":"publish","type":"product","link":"https:\/\/www.librairieclavreuil.com\/en\/bunon-robert-experiences-et-demonstrations-faites-a-lhopital-de-la-salpetriere-pour-servir-de-suite-de-preuves-a-lessai-sur-les-maladies-des-dents-c-et-une-pha\/","title":{"rendered":"BUNON Robert Exp\u00e9riences et d\u00e9monstrations faites \u00e0 l\u2019h\u00f4pital..."},"content":{"rendered":"<p style=\"text-align:justify\"><i>David, p. 46; Poletti, p. 36; Weinberger, p. 27; Blake, p.71; Wellcome, II, p. 270.<\/i><\/p>\n<p style=\"text-align:justify\"><span style=\"font-variant:small-caps\">First edition.<\/span><\/p>\n<p style=\"text-align:justify\">Robert Bunon (1702-1748) is considered to be the father of pedodontology.<\/p>\n<p style=\"text-align:justify\"><i>Les Exp\u00e9riences et d\u00e9monstrations<\/i> is a collection of case studies which, as well as being of strictly odontological interest, presents a panorama of the society of the time. The book also contains the first pharmacopoeia for dentists.<\/p>\n<p style=\"text-align:justify\">\u00ab&nbsp;En 1747 il est nomm\u00e9 dentiste des filles du Roi et donne des conseils aux m\u00e8res concernant l\u2019hygi\u00e8ne de leurs enfants. Il se consacre \u00e0 la pr\u00e9vention et sera consid\u00e9r\u00e9 pour beaucoup comme le pr\u00e9curseur de la p\u00e9dodontie. Son c\u00e9l\u00e8bre ouvrage Essay sur les maladies des dents para\u00eet trois ans apr\u00e8s la deuxi\u00e8me \u00e9dition du Chirurgien-dentiste de Fauchard en 1746. Ce trait\u00e9, divis\u00e9 en six chapitres, est essentiellement consacr\u00e9 aux enfants. Il se penche sur les \u00e9tiologies, la pathog\u00e9nie, les th\u00e9rapeutiques et la pharmacop\u00e9e de la carie en mettant l\u2019accent sur le risque de contamination carieuse d\u2019une dent \u00e0 l\u2019autre. Il comprend l\u2019importance de conserver une dent vivante le plus longtemps possible et mets en place une th\u00e9rapeutique apparent\u00e9e aux actuels coiffages pulpaires \u00e0 base de cannelle ou de girofle. Il s\u2019int\u00e9ressera \u00e9galement aux MIH et aux autres anomalies de l\u2019\u00e9mail et de la dentine qu\u2019il nomme alors \u00ab \u00e9rosion \u00bb (Caroline Fauchet, La Dentisterie, p. 51).<\/p>\n<p style=\"text-align:justify\">Some occasional foxing, title formerly laid down, else a good copy.<\/p>\n","protected":false},"excerpt":{"rendered":"<p style=\"text-align:justify\">12mo (164 x 94 mm) XXVI, 410 pp., 3 nn.ll. Contemporary mottled sheep, spine gilt with raised bands, marbled edges.<\/p>\n","protected":false},"featured_media":82643,"comment_status":"open","ping_status":"closed","template":"","meta":{"_acf_changed":false},"product_brand":[],"product_cat":[548],"product_tag":[1296],"class_list":{"0":"post-82648","1":"product","2":"type-product","3":"status-publish","4":"has-post-thumbnail","6":"product_cat-medicine","7":"product_tag-teeth","8":"pa_auteur-bunon-robert-2","9":"pa_type-de-livre-printed-book","11":"first","12":"instock","13":"shipping-taxable","14":"purchasable","15":"product-type-simple"},"acf":{"artist":" Robert BUNON","chapeau":"","adresse_bibliographique":"Paris, Briasson, 1746","book_type":"Printed book","provenance":"","afficher_prix":""},"yoast_head":"<!-- This site is optimized with the Yoast SEO plugin v24.7 - https:\/\/yoast.com\/wordpress\/plugins\/seo\/ -->\n<title>BUNON Robert Exp\u00e9riences et d\u00e9monstrations faites \u00e0 l\u2019h\u00f4pital de la Salp\u00eatri\u00e8re\u2026 pour servir de suite &amp; de preuves \u00e0 l\u2019essai sur les maladies des dents, &amp;c. et une pharmacie odontalgique. - Libairie Clavreuil<\/title>\n<meta name=\"robots\" content=\"index, follow, max-snippet:-1, max-image-preview:large, max-video-preview:-1\" \/>\n<link rel=\"canonical\" href=\"https:\/\/www.librairieclavreuil.com\/produit\/bunon-robert-experiences-et-demonstrations-faites-a-lhopital-de-la-salpetriere-pour-servir-de-suite-de-preuves-a-lessai-sur-les-maladies-des-dents-c-et-une-pha\/\" \/>\n<meta property=\"og:locale\" content=\"en_US\" \/>\n<meta property=\"og:type\" content=\"article\" \/>\n<meta property=\"og:title\" content=\"BUNON Robert Exp\u00e9riences et d\u00e9monstrations faites \u00e0 l\u2019h\u00f4pital de la Salp\u00eatri\u00e8re\u2026 pour servir de suite &amp; de preuves \u00e0 l\u2019essai sur les maladies des dents, &amp;c. et une pharmacie odontalgique. - Libairie Clavreuil\" \/>\n<meta property=\"og:description\" content=\"12mo (164 x 94 mm) XXVI, 410 pp., 3 nn.ll. Contemporary mottled sheep, spine gilt with raised bands, marbled edges.\" \/>\n<meta property=\"og:url\" content=\"https:\/\/www.librairieclavreuil.com\/produit\/bunon-robert-experiences-et-demonstrations-faites-a-lhopital-de-la-salpetriere-pour-servir-de-suite-de-preuves-a-lessai-sur-les-maladies-des-dents-c-et-une-pha\/\" \/>\n<meta property=\"og:site_name\" content=\"Libairie Clavreuil\" \/>\n<meta property=\"article:modified_time\" content=\"2025-01-24T14:20:18+00:00\" \/>\n<meta property=\"og:image\" content=\"https:\/\/www.librairieclavreuil.com\/wp-content\/uploads\/2025\/01\/robert-bunon-experiences-et-demonstrations-faites-a-l-hopital-de-la-salpetriere-pour-servir-de-suite-de-preuves-a-l-essai-sur-les-maladies-d-67939eb4e2fbf.jpg\" \/>\n\t<meta property=\"og:image:width\" content=\"622\" \/>\n\t<meta property=\"og:image:height\" content=\"800\" \/>\n\t<meta property=\"og:image:type\" content=\"image\/jpeg\" \/>\n<meta name=\"twitter:card\" content=\"summary_large_image\" \/>\n<meta name=\"twitter:label1\" content=\"Est. reading time\" \/>\n\t<meta name=\"twitter:data1\" content=\"1 minute\" \/>\n<script type=\"application\/ld+json\" class=\"yoast-schema-graph\">{\"@context\":\"https:\/\/schema.org\",\"@graph\":[{\"@type\":\"WebPage\",\"@id\":\"https:\/\/www.librairieclavreuil.com\/produit\/bunon-robert-experiences-et-demonstrations-faites-a-lhopital-de-la-salpetriere-pour-servir-de-suite-de-preuves-a-lessai-sur-les-maladies-des-dents-c-et-une-pha\/\",\"url\":\"https:\/\/www.librairieclavreuil.com\/produit\/bunon-robert-experiences-et-demonstrations-faites-a-lhopital-de-la-salpetriere-pour-servir-de-suite-de-preuves-a-lessai-sur-les-maladies-des-dents-c-et-une-pha\/\",\"name\":\"BUNON Robert Exp\u00e9riences et d\u00e9monstrations faites \u00e0 l\u2019h\u00f4pital de la Salp\u00eatri\u00e8re\u2026 pour servir de suite &amp; de preuves \u00e0 l\u2019essai sur les maladies des dents, &amp;c. et une pharmacie odontalgique. - Libairie Clavreuil\",\"isPartOf\":{\"@id\":\"https:\/\/www.librairieclavreuil.com\/#website\"},\"primaryImageOfPage\":{\"@id\":\"https:\/\/www.librairieclavreuil.com\/produit\/bunon-robert-experiences-et-demonstrations-faites-a-lhopital-de-la-salpetriere-pour-servir-de-suite-de-preuves-a-lessai-sur-les-maladies-des-dents-c-et-une-pha\/#primaryimage\"},\"image\":{\"@id\":\"https:\/\/www.librairieclavreuil.com\/produit\/bunon-robert-experiences-et-demonstrations-faites-a-lhopital-de-la-salpetriere-pour-servir-de-suite-de-preuves-a-lessai-sur-les-maladies-des-dents-c-et-une-pha\/#primaryimage\"},\"thumbnailUrl\":\"https:\/\/www.librairieclavreuil.com\/wp-content\/uploads\/2025\/01\/robert-bunon-experiences-et-demonstrations-faites-a-l-hopital-de-la-salpetriere-pour-servir-de-suite-de-preuves-a-l-essai-sur-les-maladies-d-67939eb4e2fbf.jpg\",\"datePublished\":\"2025-01-24T14:10:34+00:00\",\"dateModified\":\"2025-01-24T14:20:18+00:00\",\"breadcrumb\":{\"@id\":\"https:\/\/www.librairieclavreuil.com\/produit\/bunon-robert-experiences-et-demonstrations-faites-a-lhopital-de-la-salpetriere-pour-servir-de-suite-de-preuves-a-lessai-sur-les-maladies-des-dents-c-et-une-pha\/#breadcrumb\"},\"inLanguage\":\"en-US\",\"potentialAction\":[{\"@type\":\"ReadAction\",\"target\":[\"https:\/\/www.librairieclavreuil.com\/produit\/bunon-robert-experiences-et-demonstrations-faites-a-lhopital-de-la-salpetriere-pour-servir-de-suite-de-preuves-a-lessai-sur-les-maladies-des-dents-c-et-une-pha\/\"]}]},{\"@type\":\"ImageObject\",\"inLanguage\":\"en-US\",\"@id\":\"https:\/\/www.librairieclavreuil.com\/produit\/bunon-robert-experiences-et-demonstrations-faites-a-lhopital-de-la-salpetriere-pour-servir-de-suite-de-preuves-a-lessai-sur-les-maladies-des-dents-c-et-une-pha\/#primaryimage\",\"url\":\"https:\/\/www.librairieclavreuil.com\/wp-content\/uploads\/2025\/01\/robert-bunon-experiences-et-demonstrations-faites-a-l-hopital-de-la-salpetriere-pour-servir-de-suite-de-preuves-a-l-essai-sur-les-maladies-d-67939eb4e2fbf.jpg\",\"contentUrl\":\"https:\/\/www.librairieclavreuil.com\/wp-content\/uploads\/2025\/01\/robert-bunon-experiences-et-demonstrations-faites-a-l-hopital-de-la-salpetriere-pour-servir-de-suite-de-preuves-a-l-essai-sur-les-maladies-d-67939eb4e2fbf.jpg\",\"width\":622,\"height\":800},{\"@type\":\"BreadcrumbList\",\"@id\":\"https:\/\/www.librairieclavreuil.com\/produit\/bunon-robert-experiences-et-demonstrations-faites-a-lhopital-de-la-salpetriere-pour-servir-de-suite-de-preuves-a-lessai-sur-les-maladies-des-dents-c-et-une-pha\/#breadcrumb\",\"itemListElement\":[{\"@type\":\"ListItem\",\"position\":1,\"name\":\"Accueil\",\"item\":\"https:\/\/www.librairieclavreuil.com\/\"},{\"@type\":\"ListItem\",\"position\":2,\"name\":\"All our books\",\"item\":\"https:\/\/www.librairieclavreuil.com\/en\/all-our-books\/\"},{\"@type\":\"ListItem\",\"position\":3,\"name\":\"BUNON Robert Exp\u00e9riences et d\u00e9monstrations faites \u00e0 l\u2019h\u00f4pital...\"}]},{\"@type\":\"WebSite\",\"@id\":\"https:\/\/www.librairieclavreuil.com\/#website\",\"url\":\"https:\/\/www.librairieclavreuil.com\/\",\"name\":\"Libairie Clavreuil\",\"description\":\"Livres anciens, manuscrits rares et \u00e9ditions originales \u2013 Librairie Clavreuil\",\"publisher\":{\"@id\":\"https:\/\/www.librairieclavreuil.com\/#organization\"},\"potentialAction\":[{\"@type\":\"SearchAction\",\"target\":{\"@type\":\"EntryPoint\",\"urlTemplate\":\"https:\/\/www.librairieclavreuil.com\/?s={search_term_string}\"},\"query-input\":{\"@type\":\"PropertyValueSpecification\",\"valueRequired\":true,\"valueName\":\"search_term_string\"}}],\"inLanguage\":\"en-US\"},{\"@type\":\"Organization\",\"@id\":\"https:\/\/www.librairieclavreuil.com\/#organization\",\"name\":\"Libairie Clavreuil\",\"url\":\"https:\/\/www.librairieclavreuil.com\/\",\"logo\":{\"@type\":\"ImageObject\",\"inLanguage\":\"en-US\",\"@id\":\"https:\/\/www.librairieclavreuil.com\/#\/schema\/logo\/image\/\",\"url\":\"https:\/\/www.librairieclavreuil.com\/wp-content\/uploads\/2021\/06\/cropped-LOGO_PNG_DATE-_gold-512x512-1.png\",\"contentUrl\":\"https:\/\/www.librairieclavreuil.com\/wp-content\/uploads\/2021\/06\/cropped-LOGO_PNG_DATE-_gold-512x512-1.png\",\"width\":512,\"height\":512,\"caption\":\"Libairie Clavreuil\"},\"image\":{\"@id\":\"https:\/\/www.librairieclavreuil.com\/#\/schema\/logo\/image\/\"},\"sameAs\":[\"https:\/\/www.instagram.com\/librairieclavreuil\/\"]}]}<\/script>\n<!-- \/ Yoast SEO plugin. -->","yoast_head_json":{"title":"BUNON Robert Exp\u00e9riences et d\u00e9monstrations faites \u00e0 l\u2019h\u00f4pital de la Salp\u00eatri\u00e8re\u2026 pour servir de suite &amp; de preuves \u00e0 l\u2019essai sur les maladies des dents, &amp;c. et une pharmacie odontalgique. - Libairie Clavreuil","robots":{"index":"index","follow":"follow","max-snippet":"max-snippet:-1","max-image-preview":"max-image-preview:large","max-video-preview":"max-video-preview:-1"},"canonical":"https:\/\/www.librairieclavreuil.com\/produit\/bunon-robert-experiences-et-demonstrations-faites-a-lhopital-de-la-salpetriere-pour-servir-de-suite-de-preuves-a-lessai-sur-les-maladies-des-dents-c-et-une-pha\/","og_locale":"en_US","og_type":"article","og_title":"BUNON Robert Exp\u00e9riences et d\u00e9monstrations faites \u00e0 l\u2019h\u00f4pital de la Salp\u00eatri\u00e8re\u2026 pour servir de suite &amp; de preuves \u00e0 l\u2019essai sur les maladies des dents, &amp;c. et une pharmacie odontalgique. - Libairie Clavreuil","og_description":"12mo (164 x 94 mm) XXVI, 410 pp., 3 nn.ll. Contemporary mottled sheep, spine gilt with raised bands, marbled edges.","og_url":"https:\/\/www.librairieclavreuil.com\/produit\/bunon-robert-experiences-et-demonstrations-faites-a-lhopital-de-la-salpetriere-pour-servir-de-suite-de-preuves-a-lessai-sur-les-maladies-des-dents-c-et-une-pha\/","og_site_name":"Libairie Clavreuil","article_modified_time":"2025-01-24T14:20:18+00:00","og_image":[{"width":622,"height":800,"url":"https:\/\/www.librairieclavreuil.com\/wp-content\/uploads\/2025\/01\/robert-bunon-experiences-et-demonstrations-faites-a-l-hopital-de-la-salpetriere-pour-servir-de-suite-de-preuves-a-l-essai-sur-les-maladies-d-67939eb4e2fbf.jpg","type":"image\/jpeg"}],"twitter_card":"summary_large_image","twitter_misc":{"Est. reading time":"1 minute"},"schema":{"@context":"https:\/\/schema.org","@graph":[{"@type":"WebPage","@id":"https:\/\/www.librairieclavreuil.com\/produit\/bunon-robert-experiences-et-demonstrations-faites-a-lhopital-de-la-salpetriere-pour-servir-de-suite-de-preuves-a-lessai-sur-les-maladies-des-dents-c-et-une-pha\/","url":"https:\/\/www.librairieclavreuil.com\/produit\/bunon-robert-experiences-et-demonstrations-faites-a-lhopital-de-la-salpetriere-pour-servir-de-suite-de-preuves-a-lessai-sur-les-maladies-des-dents-c-et-une-pha\/","name":"BUNON Robert Exp\u00e9riences et d\u00e9monstrations faites \u00e0 l\u2019h\u00f4pital de la Salp\u00eatri\u00e8re\u2026 pour servir de suite &amp; de preuves \u00e0 l\u2019essai sur les maladies des dents, &amp;c. et une pharmacie odontalgique. - Libairie Clavreuil","isPartOf":{"@id":"https:\/\/www.librairieclavreuil.com\/#website"},"primaryImageOfPage":{"@id":"https:\/\/www.librairieclavreuil.com\/produit\/bunon-robert-experiences-et-demonstrations-faites-a-lhopital-de-la-salpetriere-pour-servir-de-suite-de-preuves-a-lessai-sur-les-maladies-des-dents-c-et-une-pha\/#primaryimage"},"image":{"@id":"https:\/\/www.librairieclavreuil.com\/produit\/bunon-robert-experiences-et-demonstrations-faites-a-lhopital-de-la-salpetriere-pour-servir-de-suite-de-preuves-a-lessai-sur-les-maladies-des-dents-c-et-une-pha\/#primaryimage"},"thumbnailUrl":"https:\/\/www.librairieclavreuil.com\/wp-content\/uploads\/2025\/01\/robert-bunon-experiences-et-demonstrations-faites-a-l-hopital-de-la-salpetriere-pour-servir-de-suite-de-preuves-a-l-essai-sur-les-maladies-d-67939eb4e2fbf.jpg","datePublished":"2025-01-24T14:10:34+00:00","dateModified":"2025-01-24T14:20:18+00:00","breadcrumb":{"@id":"https:\/\/www.librairieclavreuil.com\/produit\/bunon-robert-experiences-et-demonstrations-faites-a-lhopital-de-la-salpetriere-pour-servir-de-suite-de-preuves-a-lessai-sur-les-maladies-des-dents-c-et-une-pha\/#breadcrumb"},"inLanguage":"en-US","potentialAction":[{"@type":"ReadAction","target":["https:\/\/www.librairieclavreuil.com\/produit\/bunon-robert-experiences-et-demonstrations-faites-a-lhopital-de-la-salpetriere-pour-servir-de-suite-de-preuves-a-lessai-sur-les-maladies-des-dents-c-et-une-pha\/"]}]},{"@type":"ImageObject","inLanguage":"en-US","@id":"https:\/\/www.librairieclavreuil.com\/produit\/bunon-robert-experiences-et-demonstrations-faites-a-lhopital-de-la-salpetriere-pour-servir-de-suite-de-preuves-a-lessai-sur-les-maladies-des-dents-c-et-une-pha\/#primaryimage","url":"https:\/\/www.librairieclavreuil.com\/wp-content\/uploads\/2025\/01\/robert-bunon-experiences-et-demonstrations-faites-a-l-hopital-de-la-salpetriere-pour-servir-de-suite-de-preuves-a-l-essai-sur-les-maladies-d-67939eb4e2fbf.jpg","contentUrl":"https:\/\/www.librairieclavreuil.com\/wp-content\/uploads\/2025\/01\/robert-bunon-experiences-et-demonstrations-faites-a-l-hopital-de-la-salpetriere-pour-servir-de-suite-de-preuves-a-l-essai-sur-les-maladies-d-67939eb4e2fbf.jpg","width":622,"height":800},{"@type":"BreadcrumbList","@id":"https:\/\/www.librairieclavreuil.com\/produit\/bunon-robert-experiences-et-demonstrations-faites-a-lhopital-de-la-salpetriere-pour-servir-de-suite-de-preuves-a-lessai-sur-les-maladies-des-dents-c-et-une-pha\/#breadcrumb","itemListElement":[{"@type":"ListItem","position":1,"name":"Accueil","item":"https:\/\/www.librairieclavreuil.com\/"},{"@type":"ListItem","position":2,"name":"All our books","item":"https:\/\/www.librairieclavreuil.com\/en\/all-our-books\/"},{"@type":"ListItem","position":3,"name":"BUNON Robert Exp\u00e9riences et d\u00e9monstrations faites \u00e0 l\u2019h\u00f4pital..."}]},{"@type":"WebSite","@id":"https:\/\/www.librairieclavreuil.com\/#website","url":"https:\/\/www.librairieclavreuil.com\/","name":"Libairie Clavreuil","description":"Livres anciens, manuscrits rares et \u00e9ditions originales \u2013 Librairie Clavreuil","publisher":{"@id":"https:\/\/www.librairieclavreuil.com\/#organization"},"potentialAction":[{"@type":"SearchAction","target":{"@type":"EntryPoint","urlTemplate":"https:\/\/www.librairieclavreuil.com\/?s={search_term_string}"},"query-input":{"@type":"PropertyValueSpecification","valueRequired":true,"valueName":"search_term_string"}}],"inLanguage":"en-US"},{"@type":"Organization","@id":"https:\/\/www.librairieclavreuil.com\/#organization","name":"Libairie Clavreuil","url":"https:\/\/www.librairieclavreuil.com\/","logo":{"@type":"ImageObject","inLanguage":"en-US","@id":"https:\/\/www.librairieclavreuil.com\/#\/schema\/logo\/image\/","url":"https:\/\/www.librairieclavreuil.com\/wp-content\/uploads\/2021\/06\/cropped-LOGO_PNG_DATE-_gold-512x512-1.png","contentUrl":"https:\/\/www.librairieclavreuil.com\/wp-content\/uploads\/2021\/06\/cropped-LOGO_PNG_DATE-_gold-512x512-1.png","width":512,"height":512,"caption":"Libairie Clavreuil"},"image":{"@id":"https:\/\/www.librairieclavreuil.com\/#\/schema\/logo\/image\/"},"sameAs":["https:\/\/www.instagram.com\/librairieclavreuil\/"]}]}},"jetpack_sharing_enabled":true,"_links":{"self":[{"href":"https:\/\/www.librairieclavreuil.com\/en\/wp-json\/wp\/v2\/product\/82648","targetHints":{"allow":["GET"]}}],"collection":[{"href":"https:\/\/www.librairieclavreuil.com\/en\/wp-json\/wp\/v2\/product"}],"about":[{"href":"https:\/\/www.librairieclavreuil.com\/en\/wp-json\/wp\/v2\/types\/product"}],"replies":[{"embeddable":true,"href":"https:\/\/www.librairieclavreuil.com\/en\/wp-json\/wp\/v2\/comments?post=82648"}],"wp:featuredmedia":[{"embeddable":true,"href":"https:\/\/www.librairieclavreuil.com\/en\/wp-json\/wp\/v2\/media\/82643"}],"wp:attachment":[{"href":"https:\/\/www.librairieclavreuil.com\/en\/wp-json\/wp\/v2\/media?parent=82648"}],"wp:term":[{"taxonomy":"product_brand","embeddable":true,"href":"https:\/\/www.librairieclavreuil.com\/en\/wp-json\/wp\/v2\/product_brand?post=82648"},{"taxonomy":"product_cat","embeddable":true,"href":"https:\/\/www.librairieclavreuil.com\/en\/wp-json\/wp\/v2\/product_cat?post=82648"},{"taxonomy":"product_tag","embeddable":true,"href":"https:\/\/www.librairieclavreuil.com\/en\/wp-json\/wp\/v2\/product_tag?post=82648"}],"curies":[{"name":"wp","href":"https:\/\/api.w.org\/{rel}","templated":true}]}}