{"id":82616,"date":"2025-01-24T15:00:51","date_gmt":"2025-01-24T14:00:51","guid":{"rendered":"https:\/\/www.librairieclavreuil.com\/bourdet-etienne-soins-faciles-pour-la-proprete-de-la-bouche-nouvelle-edition\/"},"modified":"2025-01-24T15:01:15","modified_gmt":"2025-01-24T14:01:15","slug":"bourdet-etienne-soins-faciles-pour-la-proprete-de-la-bouche-nouvelle-edition","status":"publish","type":"product","link":"https:\/\/www.librairieclavreuil.com\/en\/bourdet-etienne-soins-faciles-pour-la-proprete-de-la-bouche-nouvelle-edition\/","title":{"rendered":"BOURDET \u00c9tienne Soins faciles pour la propret\u00e9 de..."},"content":{"rendered":"<p style=\"text-align:justify\"><i>David, p.39; Poletti, p.31; Blake, p. 61; Waller, p. 465. Not in Osler.<\/i><\/p>\n<p style=\"text-align:justify\">Second edition, considerably enlarged compared with the first edition of 1759, which consisted of only 131 pages.<\/p>\n<p style=\"text-align:justify\">This edition contains for the first time the long preliminary note with details on the distinction between the dental surgeon and the barber (\u2018dentiste chirurgien\u2019 and \u2018chirurgien dentiste\u2019), followed by a treatise on the gums (gencives, thermom\u00e8tre de la sant\u00e9), then general observations on enamel and the disposition of teeth. It is follow by the 10 chapters as in the original edition, but here corrected, modified and enlarged with more detailed information<\/p>\n<p style=\"text-align:justify\">A good copy despite the absence of the spine label.<\/p>\n","protected":false},"excerpt":{"rendered":"<p>16mo (123 x 63 mm) 248 pp., 2 nn.ll. Contemporary marbled calf, flat spine gilt, red edges (missing spine label).<\/p>\n","protected":false},"featured_media":82611,"comment_status":"open","ping_status":"closed","template":"","meta":{"_acf_changed":false},"product_brand":[],"product_cat":[548],"product_tag":[1296],"class_list":{"0":"post-82616","1":"product","2":"type-product","3":"status-publish","4":"has-post-thumbnail","6":"product_cat-medicine","7":"product_tag-teeth","8":"pa_auteur-bourdet-etienne-2","9":"pa_type-de-livre-printed-book","11":"first","12":"instock","13":"shipping-taxable","14":"purchasable","15":"product-type-simple"},"acf":{"artist":"\u00c9tienne BOURDET","chapeau":"","adresse_bibliographique":"Paris, Jean-Thomas H\u00e9rissant, 1771","book_type":"Printed book","provenance":"","afficher_prix":""},"yoast_head":"<!-- This site is optimized with the Yoast SEO plugin v24.7 - https:\/\/yoast.com\/wordpress\/plugins\/seo\/ -->\n<title>BOURDET \u00c9tienne Soins faciles pour la propret\u00e9 de la bouche. Nouvelle \u00e9dition. - Libairie Clavreuil<\/title>\n<meta name=\"robots\" content=\"index, follow, max-snippet:-1, max-image-preview:large, max-video-preview:-1\" \/>\n<link rel=\"canonical\" href=\"https:\/\/www.librairieclavreuil.com\/produit\/bourdet-etienne-soins-faciles-pour-la-proprete-de-la-bouche-nouvelle-edition\/\" \/>\n<meta property=\"og:locale\" content=\"en_US\" \/>\n<meta property=\"og:type\" content=\"article\" \/>\n<meta property=\"og:title\" content=\"BOURDET \u00c9tienne Soins faciles pour la propret\u00e9 de la bouche. Nouvelle \u00e9dition. - Libairie Clavreuil\" \/>\n<meta property=\"og:description\" content=\"16mo (123 x 63 mm) 248 pp., 2 nn.ll. Contemporary marbled calf, flat spine gilt, red edges (missing spine label).\" \/>\n<meta property=\"og:url\" content=\"https:\/\/www.librairieclavreuil.com\/produit\/bourdet-etienne-soins-faciles-pour-la-proprete-de-la-bouche-nouvelle-edition\/\" \/>\n<meta property=\"og:site_name\" content=\"Libairie Clavreuil\" \/>\n<meta property=\"article:modified_time\" content=\"2025-01-24T14:01:15+00:00\" \/>\n<meta property=\"og:image\" content=\"https:\/\/www.librairieclavreuil.com\/wp-content\/uploads\/2025\/01\/etienne-bourdet-soins-faciles-pour-la-proprete-de-la-bouche-nouvelle-edition-9577-67939c72cc289.jpg\" \/>\n\t<meta property=\"og:image:width\" content=\"622\" \/>\n\t<meta property=\"og:image:height\" content=\"800\" \/>\n\t<meta property=\"og:image:type\" content=\"image\/jpeg\" \/>\n<meta name=\"twitter:card\" content=\"summary_large_image\" \/>\n<meta name=\"twitter:label1\" content=\"Est. reading time\" \/>\n\t<meta name=\"twitter:data1\" content=\"1 minute\" \/>\n<script type=\"application\/ld+json\" class=\"yoast-schema-graph\">{\"@context\":\"https:\/\/schema.org\",\"@graph\":[{\"@type\":\"WebPage\",\"@id\":\"https:\/\/www.librairieclavreuil.com\/produit\/bourdet-etienne-soins-faciles-pour-la-proprete-de-la-bouche-nouvelle-edition\/\",\"url\":\"https:\/\/www.librairieclavreuil.com\/produit\/bourdet-etienne-soins-faciles-pour-la-proprete-de-la-bouche-nouvelle-edition\/\",\"name\":\"BOURDET \u00c9tienne Soins faciles pour la propret\u00e9 de la bouche. Nouvelle \u00e9dition. - Libairie Clavreuil\",\"isPartOf\":{\"@id\":\"https:\/\/www.librairieclavreuil.com\/#website\"},\"primaryImageOfPage\":{\"@id\":\"https:\/\/www.librairieclavreuil.com\/produit\/bourdet-etienne-soins-faciles-pour-la-proprete-de-la-bouche-nouvelle-edition\/#primaryimage\"},\"image\":{\"@id\":\"https:\/\/www.librairieclavreuil.com\/produit\/bourdet-etienne-soins-faciles-pour-la-proprete-de-la-bouche-nouvelle-edition\/#primaryimage\"},\"thumbnailUrl\":\"https:\/\/www.librairieclavreuil.com\/wp-content\/uploads\/2025\/01\/etienne-bourdet-soins-faciles-pour-la-proprete-de-la-bouche-nouvelle-edition-9577-67939c72cc289.jpg\",\"datePublished\":\"2025-01-24T14:00:51+00:00\",\"dateModified\":\"2025-01-24T14:01:15+00:00\",\"breadcrumb\":{\"@id\":\"https:\/\/www.librairieclavreuil.com\/produit\/bourdet-etienne-soins-faciles-pour-la-proprete-de-la-bouche-nouvelle-edition\/#breadcrumb\"},\"inLanguage\":\"en-US\",\"potentialAction\":[{\"@type\":\"ReadAction\",\"target\":[\"https:\/\/www.librairieclavreuil.com\/produit\/bourdet-etienne-soins-faciles-pour-la-proprete-de-la-bouche-nouvelle-edition\/\"]}]},{\"@type\":\"ImageObject\",\"inLanguage\":\"en-US\",\"@id\":\"https:\/\/www.librairieclavreuil.com\/produit\/bourdet-etienne-soins-faciles-pour-la-proprete-de-la-bouche-nouvelle-edition\/#primaryimage\",\"url\":\"https:\/\/www.librairieclavreuil.com\/wp-content\/uploads\/2025\/01\/etienne-bourdet-soins-faciles-pour-la-proprete-de-la-bouche-nouvelle-edition-9577-67939c72cc289.jpg\",\"contentUrl\":\"https:\/\/www.librairieclavreuil.com\/wp-content\/uploads\/2025\/01\/etienne-bourdet-soins-faciles-pour-la-proprete-de-la-bouche-nouvelle-edition-9577-67939c72cc289.jpg\",\"width\":622,\"height\":800},{\"@type\":\"BreadcrumbList\",\"@id\":\"https:\/\/www.librairieclavreuil.com\/produit\/bourdet-etienne-soins-faciles-pour-la-proprete-de-la-bouche-nouvelle-edition\/#breadcrumb\",\"itemListElement\":[{\"@type\":\"ListItem\",\"position\":1,\"name\":\"Accueil\",\"item\":\"https:\/\/www.librairieclavreuil.com\/\"},{\"@type\":\"ListItem\",\"position\":2,\"name\":\"All our books\",\"item\":\"https:\/\/www.librairieclavreuil.com\/en\/all-our-books\/\"},{\"@type\":\"ListItem\",\"position\":3,\"name\":\"BOURDET \u00c9tienne Soins faciles pour la propret\u00e9 de...\"}]},{\"@type\":\"WebSite\",\"@id\":\"https:\/\/www.librairieclavreuil.com\/#website\",\"url\":\"https:\/\/www.librairieclavreuil.com\/\",\"name\":\"Libairie Clavreuil\",\"description\":\"Livres anciens, manuscrits rares et \u00e9ditions originales \u2013 Librairie Clavreuil\",\"publisher\":{\"@id\":\"https:\/\/www.librairieclavreuil.com\/#organization\"},\"potentialAction\":[{\"@type\":\"SearchAction\",\"target\":{\"@type\":\"EntryPoint\",\"urlTemplate\":\"https:\/\/www.librairieclavreuil.com\/?s={search_term_string}\"},\"query-input\":{\"@type\":\"PropertyValueSpecification\",\"valueRequired\":true,\"valueName\":\"search_term_string\"}}],\"inLanguage\":\"en-US\"},{\"@type\":\"Organization\",\"@id\":\"https:\/\/www.librairieclavreuil.com\/#organization\",\"name\":\"Libairie Clavreuil\",\"url\":\"https:\/\/www.librairieclavreuil.com\/\",\"logo\":{\"@type\":\"ImageObject\",\"inLanguage\":\"en-US\",\"@id\":\"https:\/\/www.librairieclavreuil.com\/#\/schema\/logo\/image\/\",\"url\":\"https:\/\/www.librairieclavreuil.com\/wp-content\/uploads\/2021\/06\/cropped-LOGO_PNG_DATE-_gold-512x512-1.png\",\"contentUrl\":\"https:\/\/www.librairieclavreuil.com\/wp-content\/uploads\/2021\/06\/cropped-LOGO_PNG_DATE-_gold-512x512-1.png\",\"width\":512,\"height\":512,\"caption\":\"Libairie Clavreuil\"},\"image\":{\"@id\":\"https:\/\/www.librairieclavreuil.com\/#\/schema\/logo\/image\/\"},\"sameAs\":[\"https:\/\/www.instagram.com\/librairieclavreuil\/\"]}]}<\/script>\n<!-- \/ Yoast SEO plugin. -->","yoast_head_json":{"title":"BOURDET \u00c9tienne Soins faciles pour la propret\u00e9 de la bouche. Nouvelle \u00e9dition. - Libairie Clavreuil","robots":{"index":"index","follow":"follow","max-snippet":"max-snippet:-1","max-image-preview":"max-image-preview:large","max-video-preview":"max-video-preview:-1"},"canonical":"https:\/\/www.librairieclavreuil.com\/produit\/bourdet-etienne-soins-faciles-pour-la-proprete-de-la-bouche-nouvelle-edition\/","og_locale":"en_US","og_type":"article","og_title":"BOURDET \u00c9tienne Soins faciles pour la propret\u00e9 de la bouche. Nouvelle \u00e9dition. - Libairie Clavreuil","og_description":"16mo (123 x 63 mm) 248 pp., 2 nn.ll. Contemporary marbled calf, flat spine gilt, red edges (missing spine label).","og_url":"https:\/\/www.librairieclavreuil.com\/produit\/bourdet-etienne-soins-faciles-pour-la-proprete-de-la-bouche-nouvelle-edition\/","og_site_name":"Libairie Clavreuil","article_modified_time":"2025-01-24T14:01:15+00:00","og_image":[{"width":622,"height":800,"url":"https:\/\/www.librairieclavreuil.com\/wp-content\/uploads\/2025\/01\/etienne-bourdet-soins-faciles-pour-la-proprete-de-la-bouche-nouvelle-edition-9577-67939c72cc289.jpg","type":"image\/jpeg"}],"twitter_card":"summary_large_image","twitter_misc":{"Est. reading time":"1 minute"},"schema":{"@context":"https:\/\/schema.org","@graph":[{"@type":"WebPage","@id":"https:\/\/www.librairieclavreuil.com\/produit\/bourdet-etienne-soins-faciles-pour-la-proprete-de-la-bouche-nouvelle-edition\/","url":"https:\/\/www.librairieclavreuil.com\/produit\/bourdet-etienne-soins-faciles-pour-la-proprete-de-la-bouche-nouvelle-edition\/","name":"BOURDET \u00c9tienne Soins faciles pour la propret\u00e9 de la bouche. Nouvelle \u00e9dition. - Libairie Clavreuil","isPartOf":{"@id":"https:\/\/www.librairieclavreuil.com\/#website"},"primaryImageOfPage":{"@id":"https:\/\/www.librairieclavreuil.com\/produit\/bourdet-etienne-soins-faciles-pour-la-proprete-de-la-bouche-nouvelle-edition\/#primaryimage"},"image":{"@id":"https:\/\/www.librairieclavreuil.com\/produit\/bourdet-etienne-soins-faciles-pour-la-proprete-de-la-bouche-nouvelle-edition\/#primaryimage"},"thumbnailUrl":"https:\/\/www.librairieclavreuil.com\/wp-content\/uploads\/2025\/01\/etienne-bourdet-soins-faciles-pour-la-proprete-de-la-bouche-nouvelle-edition-9577-67939c72cc289.jpg","datePublished":"2025-01-24T14:00:51+00:00","dateModified":"2025-01-24T14:01:15+00:00","breadcrumb":{"@id":"https:\/\/www.librairieclavreuil.com\/produit\/bourdet-etienne-soins-faciles-pour-la-proprete-de-la-bouche-nouvelle-edition\/#breadcrumb"},"inLanguage":"en-US","potentialAction":[{"@type":"ReadAction","target":["https:\/\/www.librairieclavreuil.com\/produit\/bourdet-etienne-soins-faciles-pour-la-proprete-de-la-bouche-nouvelle-edition\/"]}]},{"@type":"ImageObject","inLanguage":"en-US","@id":"https:\/\/www.librairieclavreuil.com\/produit\/bourdet-etienne-soins-faciles-pour-la-proprete-de-la-bouche-nouvelle-edition\/#primaryimage","url":"https:\/\/www.librairieclavreuil.com\/wp-content\/uploads\/2025\/01\/etienne-bourdet-soins-faciles-pour-la-proprete-de-la-bouche-nouvelle-edition-9577-67939c72cc289.jpg","contentUrl":"https:\/\/www.librairieclavreuil.com\/wp-content\/uploads\/2025\/01\/etienne-bourdet-soins-faciles-pour-la-proprete-de-la-bouche-nouvelle-edition-9577-67939c72cc289.jpg","width":622,"height":800},{"@type":"BreadcrumbList","@id":"https:\/\/www.librairieclavreuil.com\/produit\/bourdet-etienne-soins-faciles-pour-la-proprete-de-la-bouche-nouvelle-edition\/#breadcrumb","itemListElement":[{"@type":"ListItem","position":1,"name":"Accueil","item":"https:\/\/www.librairieclavreuil.com\/"},{"@type":"ListItem","position":2,"name":"All our books","item":"https:\/\/www.librairieclavreuil.com\/en\/all-our-books\/"},{"@type":"ListItem","position":3,"name":"BOURDET \u00c9tienne Soins faciles pour la propret\u00e9 de..."}]},{"@type":"WebSite","@id":"https:\/\/www.librairieclavreuil.com\/#website","url":"https:\/\/www.librairieclavreuil.com\/","name":"Libairie Clavreuil","description":"Livres anciens, manuscrits rares et \u00e9ditions originales \u2013 Librairie Clavreuil","publisher":{"@id":"https:\/\/www.librairieclavreuil.com\/#organization"},"potentialAction":[{"@type":"SearchAction","target":{"@type":"EntryPoint","urlTemplate":"https:\/\/www.librairieclavreuil.com\/?s={search_term_string}"},"query-input":{"@type":"PropertyValueSpecification","valueRequired":true,"valueName":"search_term_string"}}],"inLanguage":"en-US"},{"@type":"Organization","@id":"https:\/\/www.librairieclavreuil.com\/#organization","name":"Libairie Clavreuil","url":"https:\/\/www.librairieclavreuil.com\/","logo":{"@type":"ImageObject","inLanguage":"en-US","@id":"https:\/\/www.librairieclavreuil.com\/#\/schema\/logo\/image\/","url":"https:\/\/www.librairieclavreuil.com\/wp-content\/uploads\/2021\/06\/cropped-LOGO_PNG_DATE-_gold-512x512-1.png","contentUrl":"https:\/\/www.librairieclavreuil.com\/wp-content\/uploads\/2021\/06\/cropped-LOGO_PNG_DATE-_gold-512x512-1.png","width":512,"height":512,"caption":"Libairie Clavreuil"},"image":{"@id":"https:\/\/www.librairieclavreuil.com\/#\/schema\/logo\/image\/"},"sameAs":["https:\/\/www.instagram.com\/librairieclavreuil\/"]}]}},"jetpack_sharing_enabled":true,"_links":{"self":[{"href":"https:\/\/www.librairieclavreuil.com\/en\/wp-json\/wp\/v2\/product\/82616","targetHints":{"allow":["GET"]}}],"collection":[{"href":"https:\/\/www.librairieclavreuil.com\/en\/wp-json\/wp\/v2\/product"}],"about":[{"href":"https:\/\/www.librairieclavreuil.com\/en\/wp-json\/wp\/v2\/types\/product"}],"replies":[{"embeddable":true,"href":"https:\/\/www.librairieclavreuil.com\/en\/wp-json\/wp\/v2\/comments?post=82616"}],"wp:featuredmedia":[{"embeddable":true,"href":"https:\/\/www.librairieclavreuil.com\/en\/wp-json\/wp\/v2\/media\/82611"}],"wp:attachment":[{"href":"https:\/\/www.librairieclavreuil.com\/en\/wp-json\/wp\/v2\/media?parent=82616"}],"wp:term":[{"taxonomy":"product_brand","embeddable":true,"href":"https:\/\/www.librairieclavreuil.com\/en\/wp-json\/wp\/v2\/product_brand?post=82616"},{"taxonomy":"product_cat","embeddable":true,"href":"https:\/\/www.librairieclavreuil.com\/en\/wp-json\/wp\/v2\/product_cat?post=82616"},{"taxonomy":"product_tag","embeddable":true,"href":"https:\/\/www.librairieclavreuil.com\/en\/wp-json\/wp\/v2\/product_tag?post=82616"}],"curies":[{"name":"wp","href":"https:\/\/api.w.org\/{rel}","templated":true}]}}