{"id":82296,"date":"2025-01-21T15:05:11","date_gmt":"2025-01-21T14:05:11","guid":{"rendered":"https:\/\/www.librairieclavreuil.com\/young-arthur-le-cultivateur-anglois-ou-oeuvres-choisies-dagriculture-et-deconomie-rurale-et-politique\/"},"modified":"2025-06-03T13:20:25","modified_gmt":"2025-06-03T11:20:25","slug":"young-arthur-le-cultivateur-anglois-ou-oeuvres-choisies-dagriculture-et-deconomie-rurale-et-politique","status":"publish","type":"product","link":"https:\/\/www.librairieclavreuil.com\/en\/young-arthur-le-cultivateur-anglois-ou-oeuvres-choisies-dagriculture-et-deconomie-rurale-et-politique\/","title":{"rendered":"YOUNG Arthur Le Cultivateur anglois, ou \u0152uvres choisies..."},"content":{"rendered":"<p style=\"text-align:justify\"><i>Kress B.4312.<\/i><\/p>\n<p style=\"text-align:justify\"><span style=\"font-variant:small-caps\">First edition of the French translation, with notes by Delalauze, a contributor to the <\/span><i><span style=\"font-variant:small-caps\">Cours d&#8217;agriculture<\/span><\/i><span style=\"font-variant:small-caps\"> by Rozier.<\/span><\/p>\n<p style=\"text-align:justify\">The edition is lavishly illustrated with 73 engraved plates (pulled on 72 leaves, plates 28\/29 are printed on a single sheet) including two maps of France one being coloured in outline.<\/p>\n<p style=\"text-align:justify\">The collection comprises the following works by the British agronome : Voyage au sud (vol. I), Voyage au nord (II-III), Voyage \u00e0 l&#8217;est (IV-VI), Voyage en Irlande (VII-VIII), Lettres d&#8217;un fermier avec le Voyage \u00e0 Northampton (IX-X), Guide du fermier (XI), Exp\u00e9riences d&#8217;agriculture (XII-XIII), Annales d&#8217;agriculture (XIV-XV), Voyage en France (XVI-XVII), Arithm\u00e9tique politique (vol. XVIII).<\/p>\n<p style=\"text-align:justify\">The travel accounts are generally written in letter-form, as are the Annales d&#8217;Agriculture, which form a collection of the results of the agricultural experiences of its correspondents in various countries. In his Voyage en France, published in English in 1792, Young wittily describes daily life in France on the eve of the Revolution.<\/p>\n<p style=\"text-align:justify\">Fine copy, preserved in a handsome and decoative binding albeit some light worming on the front hinge of volume XIII.<\/p>\n","protected":false},"excerpt":{"rendered":"<p style=\"text-align:justify\">18 volumes 8vo (197 x 108 mm) richly illustrated with 73 numbered engraved plates (maps, plans, and views). Contemporary tree-claf, flat spines gilt, spine labels and volume numbering respectively in red and green morocco.<\/p>\n","protected":false},"featured_media":82287,"comment_status":"open","ping_status":"closed","template":"","meta":{"_acf_changed":false},"product_brand":[],"product_cat":[540],"product_tag":[576,590],"class_list":{"0":"post-82296","1":"product","2":"type-product","3":"status-publish","4":"has-post-thumbnail","6":"product_cat-natural-history","7":"product_tag-agriculture-2","8":"product_tag-botanical","9":"pa_auteur-young-arthur-2","10":"pa_type-de-livre-printed-book","12":"first","13":"instock","14":"shipping-taxable","15":"purchasable","16":"product-type-simple"},"acf":{"artist":"Arthur YOUNG","chapeau":"","adresse_bibliographique":"Paris, Maradan, An IX - 1800","book_type":"Printed book","provenance":"","afficher_prix":""},"yoast_head":"<!-- This site is optimized with the Yoast SEO plugin v24.7 - https:\/\/yoast.com\/wordpress\/plugins\/seo\/ -->\n<title>YOUNG Arthur Le Cultivateur anglois, ou \u0152uvres choisies d&#039;agriculture, et d&#039;\u00e9conomie rurale et politique. - Libairie Clavreuil<\/title>\n<meta name=\"robots\" content=\"index, follow, max-snippet:-1, max-image-preview:large, max-video-preview:-1\" \/>\n<link rel=\"canonical\" href=\"https:\/\/www.librairieclavreuil.com\/en\/young-arthur-le-cultivateur-anglois-ou-oeuvres-choisies-dagriculture-et-deconomie-rurale-et-politique\/\" \/>\n<meta property=\"og:locale\" content=\"en_US\" \/>\n<meta property=\"og:type\" content=\"article\" \/>\n<meta property=\"og:title\" content=\"YOUNG Arthur Le Cultivateur anglois, ou \u0152uvres choisies d&#039;agriculture, et d&#039;\u00e9conomie rurale et politique. - Libairie Clavreuil\" \/>\n<meta property=\"og:description\" content=\"18 volumes 8vo (197 x 108 mm) richly illustrated with 73 numbered engraved plates (maps, plans, and views). Contemporary tree-claf, flat spines gilt, spine labels and volume numbering respectively in red and green morocco.\" \/>\n<meta property=\"og:url\" content=\"https:\/\/www.librairieclavreuil.com\/en\/young-arthur-le-cultivateur-anglois-ou-oeuvres-choisies-dagriculture-et-deconomie-rurale-et-politique\/\" \/>\n<meta property=\"og:site_name\" content=\"Libairie Clavreuil\" \/>\n<meta property=\"article:modified_time\" content=\"2025-06-03T11:20:25+00:00\" \/>\n<meta property=\"og:image\" content=\"https:\/\/www.librairieclavreuil.com\/wp-content\/uploads\/2025\/01\/arthur-young-le-cultivateur-anglois-ou-oeuvres-choisies-d-agriculture-et-d-economie-rurale-et-politique-3908-678fa934364f8.jpg\" \/>\n\t<meta property=\"og:image:width\" content=\"622\" \/>\n\t<meta property=\"og:image:height\" content=\"800\" \/>\n\t<meta property=\"og:image:type\" content=\"image\/jpeg\" \/>\n<meta name=\"twitter:card\" content=\"summary_large_image\" \/>\n<meta name=\"twitter:label1\" content=\"Est. reading time\" \/>\n\t<meta name=\"twitter:data1\" content=\"1 minute\" \/>\n<script type=\"application\/ld+json\" class=\"yoast-schema-graph\">{\"@context\":\"https:\/\/schema.org\",\"@graph\":[{\"@type\":\"WebPage\",\"@id\":\"https:\/\/www.librairieclavreuil.com\/en\/young-arthur-le-cultivateur-anglois-ou-oeuvres-choisies-dagriculture-et-deconomie-rurale-et-politique\/\",\"url\":\"https:\/\/www.librairieclavreuil.com\/en\/young-arthur-le-cultivateur-anglois-ou-oeuvres-choisies-dagriculture-et-deconomie-rurale-et-politique\/\",\"name\":\"YOUNG Arthur Le Cultivateur anglois, ou \u0152uvres choisies d'agriculture, et d'\u00e9conomie rurale et politique. - Libairie Clavreuil\",\"isPartOf\":{\"@id\":\"https:\/\/www.librairieclavreuil.com\/#website\"},\"primaryImageOfPage\":{\"@id\":\"https:\/\/www.librairieclavreuil.com\/en\/young-arthur-le-cultivateur-anglois-ou-oeuvres-choisies-dagriculture-et-deconomie-rurale-et-politique\/#primaryimage\"},\"image\":{\"@id\":\"https:\/\/www.librairieclavreuil.com\/en\/young-arthur-le-cultivateur-anglois-ou-oeuvres-choisies-dagriculture-et-deconomie-rurale-et-politique\/#primaryimage\"},\"thumbnailUrl\":\"https:\/\/www.librairieclavreuil.com\/wp-content\/uploads\/2025\/01\/arthur-young-le-cultivateur-anglois-ou-oeuvres-choisies-d-agriculture-et-d-economie-rurale-et-politique-3908-678fa934364f8.jpg\",\"datePublished\":\"2025-01-21T14:05:11+00:00\",\"dateModified\":\"2025-06-03T11:20:25+00:00\",\"breadcrumb\":{\"@id\":\"https:\/\/www.librairieclavreuil.com\/en\/young-arthur-le-cultivateur-anglois-ou-oeuvres-choisies-dagriculture-et-deconomie-rurale-et-politique\/#breadcrumb\"},\"inLanguage\":\"en-US\",\"potentialAction\":[{\"@type\":\"ReadAction\",\"target\":[\"https:\/\/www.librairieclavreuil.com\/en\/young-arthur-le-cultivateur-anglois-ou-oeuvres-choisies-dagriculture-et-deconomie-rurale-et-politique\/\"]}]},{\"@type\":\"ImageObject\",\"inLanguage\":\"en-US\",\"@id\":\"https:\/\/www.librairieclavreuil.com\/en\/young-arthur-le-cultivateur-anglois-ou-oeuvres-choisies-dagriculture-et-deconomie-rurale-et-politique\/#primaryimage\",\"url\":\"https:\/\/www.librairieclavreuil.com\/wp-content\/uploads\/2025\/01\/arthur-young-le-cultivateur-anglois-ou-oeuvres-choisies-d-agriculture-et-d-economie-rurale-et-politique-3908-678fa934364f8.jpg\",\"contentUrl\":\"https:\/\/www.librairieclavreuil.com\/wp-content\/uploads\/2025\/01\/arthur-young-le-cultivateur-anglois-ou-oeuvres-choisies-d-agriculture-et-d-economie-rurale-et-politique-3908-678fa934364f8.jpg\",\"width\":622,\"height\":800},{\"@type\":\"BreadcrumbList\",\"@id\":\"https:\/\/www.librairieclavreuil.com\/en\/young-arthur-le-cultivateur-anglois-ou-oeuvres-choisies-dagriculture-et-deconomie-rurale-et-politique\/#breadcrumb\",\"itemListElement\":[{\"@type\":\"ListItem\",\"position\":1,\"name\":\"Accueil\",\"item\":\"https:\/\/www.librairieclavreuil.com\/\"},{\"@type\":\"ListItem\",\"position\":2,\"name\":\"All our books\",\"item\":\"https:\/\/www.librairieclavreuil.com\/en\/all-our-books\/\"},{\"@type\":\"ListItem\",\"position\":3,\"name\":\"YOUNG Arthur Le Cultivateur anglois, ou \u0152uvres choisies...\"}]},{\"@type\":\"WebSite\",\"@id\":\"https:\/\/www.librairieclavreuil.com\/#website\",\"url\":\"https:\/\/www.librairieclavreuil.com\/\",\"name\":\"Libairie Clavreuil\",\"description\":\"Livres anciens, manuscrits rares et \u00e9ditions originales \u2013 Librairie Clavreuil\",\"publisher\":{\"@id\":\"https:\/\/www.librairieclavreuil.com\/#organization\"},\"potentialAction\":[{\"@type\":\"SearchAction\",\"target\":{\"@type\":\"EntryPoint\",\"urlTemplate\":\"https:\/\/www.librairieclavreuil.com\/?s={search_term_string}\"},\"query-input\":{\"@type\":\"PropertyValueSpecification\",\"valueRequired\":true,\"valueName\":\"search_term_string\"}}],\"inLanguage\":\"en-US\"},{\"@type\":\"Organization\",\"@id\":\"https:\/\/www.librairieclavreuil.com\/#organization\",\"name\":\"Libairie Clavreuil\",\"url\":\"https:\/\/www.librairieclavreuil.com\/\",\"logo\":{\"@type\":\"ImageObject\",\"inLanguage\":\"en-US\",\"@id\":\"https:\/\/www.librairieclavreuil.com\/#\/schema\/logo\/image\/\",\"url\":\"https:\/\/www.librairieclavreuil.com\/wp-content\/uploads\/2021\/06\/cropped-LOGO_PNG_DATE-_gold-512x512-1.png\",\"contentUrl\":\"https:\/\/www.librairieclavreuil.com\/wp-content\/uploads\/2021\/06\/cropped-LOGO_PNG_DATE-_gold-512x512-1.png\",\"width\":512,\"height\":512,\"caption\":\"Libairie Clavreuil\"},\"image\":{\"@id\":\"https:\/\/www.librairieclavreuil.com\/#\/schema\/logo\/image\/\"},\"sameAs\":[\"https:\/\/www.instagram.com\/librairieclavreuil\/\"]}]}<\/script>\n<!-- \/ Yoast SEO plugin. -->","yoast_head_json":{"title":"YOUNG Arthur Le Cultivateur anglois, ou \u0152uvres choisies d'agriculture, et d'\u00e9conomie rurale et politique. - Libairie Clavreuil","robots":{"index":"index","follow":"follow","max-snippet":"max-snippet:-1","max-image-preview":"max-image-preview:large","max-video-preview":"max-video-preview:-1"},"canonical":"https:\/\/www.librairieclavreuil.com\/en\/young-arthur-le-cultivateur-anglois-ou-oeuvres-choisies-dagriculture-et-deconomie-rurale-et-politique\/","og_locale":"en_US","og_type":"article","og_title":"YOUNG Arthur Le Cultivateur anglois, ou \u0152uvres choisies d'agriculture, et d'\u00e9conomie rurale et politique. - Libairie Clavreuil","og_description":"18 volumes 8vo (197 x 108 mm) richly illustrated with 73 numbered engraved plates (maps, plans, and views). Contemporary tree-claf, flat spines gilt, spine labels and volume numbering respectively in red and green morocco.","og_url":"https:\/\/www.librairieclavreuil.com\/en\/young-arthur-le-cultivateur-anglois-ou-oeuvres-choisies-dagriculture-et-deconomie-rurale-et-politique\/","og_site_name":"Libairie Clavreuil","article_modified_time":"2025-06-03T11:20:25+00:00","og_image":[{"width":622,"height":800,"url":"https:\/\/www.librairieclavreuil.com\/wp-content\/uploads\/2025\/01\/arthur-young-le-cultivateur-anglois-ou-oeuvres-choisies-d-agriculture-et-d-economie-rurale-et-politique-3908-678fa934364f8.jpg","type":"image\/jpeg"}],"twitter_card":"summary_large_image","twitter_misc":{"Est. reading time":"1 minute"},"schema":{"@context":"https:\/\/schema.org","@graph":[{"@type":"WebPage","@id":"https:\/\/www.librairieclavreuil.com\/en\/young-arthur-le-cultivateur-anglois-ou-oeuvres-choisies-dagriculture-et-deconomie-rurale-et-politique\/","url":"https:\/\/www.librairieclavreuil.com\/en\/young-arthur-le-cultivateur-anglois-ou-oeuvres-choisies-dagriculture-et-deconomie-rurale-et-politique\/","name":"YOUNG Arthur Le Cultivateur anglois, ou \u0152uvres choisies d'agriculture, et d'\u00e9conomie rurale et politique. - Libairie Clavreuil","isPartOf":{"@id":"https:\/\/www.librairieclavreuil.com\/#website"},"primaryImageOfPage":{"@id":"https:\/\/www.librairieclavreuil.com\/en\/young-arthur-le-cultivateur-anglois-ou-oeuvres-choisies-dagriculture-et-deconomie-rurale-et-politique\/#primaryimage"},"image":{"@id":"https:\/\/www.librairieclavreuil.com\/en\/young-arthur-le-cultivateur-anglois-ou-oeuvres-choisies-dagriculture-et-deconomie-rurale-et-politique\/#primaryimage"},"thumbnailUrl":"https:\/\/www.librairieclavreuil.com\/wp-content\/uploads\/2025\/01\/arthur-young-le-cultivateur-anglois-ou-oeuvres-choisies-d-agriculture-et-d-economie-rurale-et-politique-3908-678fa934364f8.jpg","datePublished":"2025-01-21T14:05:11+00:00","dateModified":"2025-06-03T11:20:25+00:00","breadcrumb":{"@id":"https:\/\/www.librairieclavreuil.com\/en\/young-arthur-le-cultivateur-anglois-ou-oeuvres-choisies-dagriculture-et-deconomie-rurale-et-politique\/#breadcrumb"},"inLanguage":"en-US","potentialAction":[{"@type":"ReadAction","target":["https:\/\/www.librairieclavreuil.com\/en\/young-arthur-le-cultivateur-anglois-ou-oeuvres-choisies-dagriculture-et-deconomie-rurale-et-politique\/"]}]},{"@type":"ImageObject","inLanguage":"en-US","@id":"https:\/\/www.librairieclavreuil.com\/en\/young-arthur-le-cultivateur-anglois-ou-oeuvres-choisies-dagriculture-et-deconomie-rurale-et-politique\/#primaryimage","url":"https:\/\/www.librairieclavreuil.com\/wp-content\/uploads\/2025\/01\/arthur-young-le-cultivateur-anglois-ou-oeuvres-choisies-d-agriculture-et-d-economie-rurale-et-politique-3908-678fa934364f8.jpg","contentUrl":"https:\/\/www.librairieclavreuil.com\/wp-content\/uploads\/2025\/01\/arthur-young-le-cultivateur-anglois-ou-oeuvres-choisies-d-agriculture-et-d-economie-rurale-et-politique-3908-678fa934364f8.jpg","width":622,"height":800},{"@type":"BreadcrumbList","@id":"https:\/\/www.librairieclavreuil.com\/en\/young-arthur-le-cultivateur-anglois-ou-oeuvres-choisies-dagriculture-et-deconomie-rurale-et-politique\/#breadcrumb","itemListElement":[{"@type":"ListItem","position":1,"name":"Accueil","item":"https:\/\/www.librairieclavreuil.com\/"},{"@type":"ListItem","position":2,"name":"All our books","item":"https:\/\/www.librairieclavreuil.com\/en\/all-our-books\/"},{"@type":"ListItem","position":3,"name":"YOUNG Arthur Le Cultivateur anglois, ou \u0152uvres choisies..."}]},{"@type":"WebSite","@id":"https:\/\/www.librairieclavreuil.com\/#website","url":"https:\/\/www.librairieclavreuil.com\/","name":"Libairie Clavreuil","description":"Livres anciens, manuscrits rares et \u00e9ditions originales \u2013 Librairie Clavreuil","publisher":{"@id":"https:\/\/www.librairieclavreuil.com\/#organization"},"potentialAction":[{"@type":"SearchAction","target":{"@type":"EntryPoint","urlTemplate":"https:\/\/www.librairieclavreuil.com\/?s={search_term_string}"},"query-input":{"@type":"PropertyValueSpecification","valueRequired":true,"valueName":"search_term_string"}}],"inLanguage":"en-US"},{"@type":"Organization","@id":"https:\/\/www.librairieclavreuil.com\/#organization","name":"Libairie Clavreuil","url":"https:\/\/www.librairieclavreuil.com\/","logo":{"@type":"ImageObject","inLanguage":"en-US","@id":"https:\/\/www.librairieclavreuil.com\/#\/schema\/logo\/image\/","url":"https:\/\/www.librairieclavreuil.com\/wp-content\/uploads\/2021\/06\/cropped-LOGO_PNG_DATE-_gold-512x512-1.png","contentUrl":"https:\/\/www.librairieclavreuil.com\/wp-content\/uploads\/2021\/06\/cropped-LOGO_PNG_DATE-_gold-512x512-1.png","width":512,"height":512,"caption":"Libairie Clavreuil"},"image":{"@id":"https:\/\/www.librairieclavreuil.com\/#\/schema\/logo\/image\/"},"sameAs":["https:\/\/www.instagram.com\/librairieclavreuil\/"]}]}},"jetpack_sharing_enabled":true,"_links":{"self":[{"href":"https:\/\/www.librairieclavreuil.com\/en\/wp-json\/wp\/v2\/product\/82296","targetHints":{"allow":["GET"]}}],"collection":[{"href":"https:\/\/www.librairieclavreuil.com\/en\/wp-json\/wp\/v2\/product"}],"about":[{"href":"https:\/\/www.librairieclavreuil.com\/en\/wp-json\/wp\/v2\/types\/product"}],"replies":[{"embeddable":true,"href":"https:\/\/www.librairieclavreuil.com\/en\/wp-json\/wp\/v2\/comments?post=82296"}],"wp:featuredmedia":[{"embeddable":true,"href":"https:\/\/www.librairieclavreuil.com\/en\/wp-json\/wp\/v2\/media\/82287"}],"wp:attachment":[{"href":"https:\/\/www.librairieclavreuil.com\/en\/wp-json\/wp\/v2\/media?parent=82296"}],"wp:term":[{"taxonomy":"product_brand","embeddable":true,"href":"https:\/\/www.librairieclavreuil.com\/en\/wp-json\/wp\/v2\/product_brand?post=82296"},{"taxonomy":"product_cat","embeddable":true,"href":"https:\/\/www.librairieclavreuil.com\/en\/wp-json\/wp\/v2\/product_cat?post=82296"},{"taxonomy":"product_tag","embeddable":true,"href":"https:\/\/www.librairieclavreuil.com\/en\/wp-json\/wp\/v2\/product_tag?post=82296"}],"curies":[{"name":"wp","href":"https:\/\/api.w.org\/{rel}","templated":true}]}}