{"id":82136,"date":"2024-11-30T15:58:57","date_gmt":"2024-11-30T14:58:57","guid":{"rendered":"https:\/\/www.librairieclavreuil.com\/girault-de-prangey-joseph-philibert-monuments-arabes-et-moresques-de-cordoue-seville-et-grenade-dessines-et-mesures-en-1832-et-1833-faux-titre-mosquee-de-cordoue-vues-generales-interieurs-det\/"},"modified":"2026-01-06T12:39:11","modified_gmt":"2026-01-06T11:39:11","slug":"girault-de-prangey-joseph-philibert-monuments-arabes-et-moresques-de-cordoue-seville-et-grenade-dessines-et-mesures-en-1832-et-1833-faux-titre-mosquee-de-cordoue-vues-generales-interieurs-det","status":"publish","type":"product","link":"https:\/\/www.librairieclavreuil.com\/en\/girault-de-prangey-joseph-philibert-monuments-arabes-et-moresques-de-cordoue-seville-et-grenade-dessines-et-mesures-en-1832-et-1833-faux-titre-mosquee-de-cordoue-vues-generales-interieurs-det\/","title":{"rendered":"GIRAULT DE PRANGEY Joseph Philibert Monuments Arabes et..."},"content":{"rendered":"<p style=\"text-align:justify\"><i>Palau, VI, 102629<\/i>.<\/p>\n<p style=\"text-align:justify\"><span style=\"font-variant:small-caps\">First edition of this important publication on Arabian antiquities in Spain, collected by Girault de Prangey (1804\u20131892).<\/span><\/p>\n<p style=\"text-align:justify\">&#8220;Joseph-Philibert Girault de Prangey was born in Langres in Haute-Marne on 20 October 1804 into a wealthy family of the local aristocracy. He remained an only child after the early death of his brothers and sisters. He turned to artistic training, studying drawing in Langres with his contemporary, the painter Jules Ziegler. He then continued his studies in Paris, where he received lessons from Fran\u00e7ois Edme Ricois and Jules Coignet. His interest in archaeology and ancient monuments was already evident. In 1831, Girault de Prangey embarked on the first of his many journeys, following in the footsteps of Coignet. This journey kept him busy from 1831 to 1834: his family&#8217;s fortune allowed him to devote himself to drawing and archaeology. He began, as was customary, in Italy, and also visited Algeria, Spain, Sicily and finally Switzerland. He produced numerous drawings of monuments and landscapes. He spent a particularly long time visiting Andalusia and Sicily. On his return to Langres, his interest in archaeology remained undiminished: he was one of the founding members of the Langres Archaeological Society in 1836. He decided to publish his drawings made in Cordoba, Seville and Granada in the form of a collection of lithographs. The first part of Arab and Moorish Monuments of Cordoba, Seville and Granada, drawn and measured in 1832 and 1832, was published in 1836.<\/p>\n<p style=\"text-align:justify\">The publication of the three volumes continued until 1839: they were Mosque of Cordoba (volume I), La Giralda and the Alcazar of Seville (volume II) and Memories of Granada and the Alhambra (volume 3).<\/p>\n<p style=\"text-align:justify\">During this trip, Girault de Prangey was particularly interested in the Arabic architecture of Spain and Sicily&#8221; (Sylvie Aubenas, The rediscovery of a pioneer: Joseph-Philibert Girault de Prangey (1804-1892), in: Cairo drawn and photographed in the 19th century, Publications de l\u2019Institut national de l\u2019histoire de l\u2019art, 2013).<\/p>\n<p style=\"text-align:justify\">Very good copy, complete with all 44 plates of this impressive serial publication on the Arabian antiquities of Spain.<\/p>\n","protected":false},"excerpt":{"rendered":"<p style=\"text-align:justify\">3 parts in 1 volume large folio (564 x 413 mm), frontispiece,&nbsp; lithographed title page, a text page in a lithographed frame, 8 lithographed plates for Part I; a lithographed title page, a page of explanatory text in a lithographed frame, 6 lithographed plates, a table page (parts I and II) for part II; lithographed title, 5 text pages in a lithographed frame, 30 lithographed plates (the last one double-page), 1 table page for part III. Blue buckram, flat spine (<i>contemporary binding<\/i>).<\/p>\n","protected":false},"featured_media":82119,"comment_status":"open","ping_status":"closed","template":"","meta":{"_acf_changed":false},"product_brand":[],"product_cat":[552],"product_tag":[1254,1200,1450],"class_list":{"0":"post-82136","1":"product","2":"type-product","3":"status-publish","4":"has-post-thumbnail","6":"product_cat-travel","7":"product_tag-arabic","8":"product_tag-architecture-2","9":"product_tag-first-edition","10":"pa_auteur-girault-de-prangey-joseph-philibert-2","11":"pa_type-de-livre-printed-book","13":"first","14":"instock","15":"shipping-taxable","16":"purchasable","17":"product-type-simple"},"acf":{"artist":" Joseph Philibert GIRAULT DE PRANGEY","chapeau":"Arabic antiquities in Spain","adresse_bibliographique":"Paris, Veith et Hauser, 1836-1839","book_type":"Printed book","provenance":"","afficher_prix":""},"yoast_head":"<!-- This site is optimized with the Yoast SEO plugin v24.7 - https:\/\/yoast.com\/wordpress\/plugins\/seo\/ -->\n<title>GIRAULT DE PRANGEY Joseph Philibert Monuments Arabes et Moresques de Cordoue, Seville et Grenade, dessin\u00e9s et mesur\u00e9s en 1832 et 1833 [faux-titre]. Mosqu\u00e9e de Cordoue, vues g\u00e9n\u00e9rales, int\u00e9rieurs, d\u00e9tails et plans dessin\u00e9s et mesur\u00e9s sur les lieux en 1833. - Libairie Clavreuil<\/title>\n<meta name=\"robots\" content=\"index, follow, max-snippet:-1, max-image-preview:large, max-video-preview:-1\" \/>\n<link rel=\"canonical\" href=\"https:\/\/www.librairieclavreuil.com\/en\/girault-de-prangey-joseph-philibert-monuments-arabes-et-moresques-de-cordoue-seville-et-grenade-dessines-et-mesures-en-1832-et-1833-faux-titre-mosquee-de-cordoue-vues-generales-interieurs-det\/\" \/>\n<meta property=\"og:locale\" content=\"en_US\" \/>\n<meta property=\"og:type\" content=\"article\" \/>\n<meta property=\"og:title\" content=\"GIRAULT DE PRANGEY Joseph Philibert Monuments Arabes et Moresques de Cordoue, Seville et Grenade, dessin\u00e9s et mesur\u00e9s en 1832 et 1833 [faux-titre]. Mosqu\u00e9e de Cordoue, vues g\u00e9n\u00e9rales, int\u00e9rieurs, d\u00e9tails et plans dessin\u00e9s et mesur\u00e9s sur les lieux en 1833. - Libairie Clavreuil\" \/>\n<meta property=\"og:description\" content=\"3 parts in 1 volume large folio (564 x 413 mm), frontispiece,&nbsp; lithographed title page, a text page in a lithographed frame, 8 lithographed plates for Part I; a lithographed title page, a page of explanatory text in a lithographed frame, 6 lithographed plates, a table page (parts I and II) for part II; lithographed title, 5 text pages in a lithographed frame, 30 lithographed plates (the last one double-page), 1 table page for part III. Blue buckram, flat spine (contemporary binding).\" \/>\n<meta property=\"og:url\" content=\"https:\/\/www.librairieclavreuil.com\/en\/girault-de-prangey-joseph-philibert-monuments-arabes-et-moresques-de-cordoue-seville-et-grenade-dessines-et-mesures-en-1832-et-1833-faux-titre-mosquee-de-cordoue-vues-generales-interieurs-det\/\" \/>\n<meta property=\"og:site_name\" content=\"Libairie Clavreuil\" \/>\n<meta property=\"article:modified_time\" content=\"2026-01-06T11:39:11+00:00\" \/>\n<meta property=\"og:image\" content=\"https:\/\/www.librairieclavreuil.com\/wp-content\/uploads\/2024\/11\/joseph-philibert-girault-de-prangey-monuments-arabes-et-moresques-de-cordoue-seville-et-grenade-dessines-et-mesures-en-1832-et-1833-faux-titre-mosquee.jpg\" \/>\n\t<meta property=\"og:image:width\" content=\"580\" \/>\n\t<meta property=\"og:image:height\" content=\"800\" \/>\n\t<meta property=\"og:image:type\" content=\"image\/jpeg\" \/>\n<meta name=\"twitter:card\" content=\"summary_large_image\" \/>\n<meta name=\"twitter:label1\" content=\"Est. reading time\" \/>\n\t<meta name=\"twitter:data1\" content=\"2 minutes\" \/>\n<script type=\"application\/ld+json\" class=\"yoast-schema-graph\">{\"@context\":\"https:\/\/schema.org\",\"@graph\":[{\"@type\":\"WebPage\",\"@id\":\"https:\/\/www.librairieclavreuil.com\/en\/girault-de-prangey-joseph-philibert-monuments-arabes-et-moresques-de-cordoue-seville-et-grenade-dessines-et-mesures-en-1832-et-1833-faux-titre-mosquee-de-cordoue-vues-generales-interieurs-det\/\",\"url\":\"https:\/\/www.librairieclavreuil.com\/en\/girault-de-prangey-joseph-philibert-monuments-arabes-et-moresques-de-cordoue-seville-et-grenade-dessines-et-mesures-en-1832-et-1833-faux-titre-mosquee-de-cordoue-vues-generales-interieurs-det\/\",\"name\":\"GIRAULT DE PRANGEY Joseph Philibert Monuments Arabes et Moresques de Cordoue, Seville et Grenade, dessin\u00e9s et mesur\u00e9s en 1832 et 1833 [faux-titre]. Mosqu\u00e9e de Cordoue, vues g\u00e9n\u00e9rales, int\u00e9rieurs, d\u00e9tails et plans dessin\u00e9s et mesur\u00e9s sur les lieux en 1833. - Libairie Clavreuil\",\"isPartOf\":{\"@id\":\"https:\/\/www.librairieclavreuil.com\/#website\"},\"primaryImageOfPage\":{\"@id\":\"https:\/\/www.librairieclavreuil.com\/en\/girault-de-prangey-joseph-philibert-monuments-arabes-et-moresques-de-cordoue-seville-et-grenade-dessines-et-mesures-en-1832-et-1833-faux-titre-mosquee-de-cordoue-vues-generales-interieurs-det\/#primaryimage\"},\"image\":{\"@id\":\"https:\/\/www.librairieclavreuil.com\/en\/girault-de-prangey-joseph-philibert-monuments-arabes-et-moresques-de-cordoue-seville-et-grenade-dessines-et-mesures-en-1832-et-1833-faux-titre-mosquee-de-cordoue-vues-generales-interieurs-det\/#primaryimage\"},\"thumbnailUrl\":\"https:\/\/www.librairieclavreuil.com\/wp-content\/uploads\/2024\/11\/joseph-philibert-girault-de-prangey-monuments-arabes-et-moresques-de-cordoue-seville-et-grenade-dessines-et-mesures-en-1832-et-1833-faux-titre-mosquee.jpg\",\"datePublished\":\"2024-11-30T14:58:57+00:00\",\"dateModified\":\"2026-01-06T11:39:11+00:00\",\"breadcrumb\":{\"@id\":\"https:\/\/www.librairieclavreuil.com\/en\/girault-de-prangey-joseph-philibert-monuments-arabes-et-moresques-de-cordoue-seville-et-grenade-dessines-et-mesures-en-1832-et-1833-faux-titre-mosquee-de-cordoue-vues-generales-interieurs-det\/#breadcrumb\"},\"inLanguage\":\"en-US\",\"potentialAction\":[{\"@type\":\"ReadAction\",\"target\":[\"https:\/\/www.librairieclavreuil.com\/en\/girault-de-prangey-joseph-philibert-monuments-arabes-et-moresques-de-cordoue-seville-et-grenade-dessines-et-mesures-en-1832-et-1833-faux-titre-mosquee-de-cordoue-vues-generales-interieurs-det\/\"]}]},{\"@type\":\"ImageObject\",\"inLanguage\":\"en-US\",\"@id\":\"https:\/\/www.librairieclavreuil.com\/en\/girault-de-prangey-joseph-philibert-monuments-arabes-et-moresques-de-cordoue-seville-et-grenade-dessines-et-mesures-en-1832-et-1833-faux-titre-mosquee-de-cordoue-vues-generales-interieurs-det\/#primaryimage\",\"url\":\"https:\/\/www.librairieclavreuil.com\/wp-content\/uploads\/2024\/11\/joseph-philibert-girault-de-prangey-monuments-arabes-et-moresques-de-cordoue-seville-et-grenade-dessines-et-mesures-en-1832-et-1833-faux-titre-mosquee.jpg\",\"contentUrl\":\"https:\/\/www.librairieclavreuil.com\/wp-content\/uploads\/2024\/11\/joseph-philibert-girault-de-prangey-monuments-arabes-et-moresques-de-cordoue-seville-et-grenade-dessines-et-mesures-en-1832-et-1833-faux-titre-mosquee.jpg\",\"width\":580,\"height\":800},{\"@type\":\"BreadcrumbList\",\"@id\":\"https:\/\/www.librairieclavreuil.com\/en\/girault-de-prangey-joseph-philibert-monuments-arabes-et-moresques-de-cordoue-seville-et-grenade-dessines-et-mesures-en-1832-et-1833-faux-titre-mosquee-de-cordoue-vues-generales-interieurs-det\/#breadcrumb\",\"itemListElement\":[{\"@type\":\"ListItem\",\"position\":1,\"name\":\"Accueil\",\"item\":\"https:\/\/www.librairieclavreuil.com\/\"},{\"@type\":\"ListItem\",\"position\":2,\"name\":\"All our books\",\"item\":\"https:\/\/www.librairieclavreuil.com\/en\/all-our-books\/\"},{\"@type\":\"ListItem\",\"position\":3,\"name\":\"GIRAULT DE PRANGEY Joseph Philibert Monuments Arabes et...\"}]},{\"@type\":\"WebSite\",\"@id\":\"https:\/\/www.librairieclavreuil.com\/#website\",\"url\":\"https:\/\/www.librairieclavreuil.com\/\",\"name\":\"Libairie Clavreuil\",\"description\":\"Livres anciens, manuscrits rares et \u00e9ditions originales \u2013 Librairie Clavreuil\",\"publisher\":{\"@id\":\"https:\/\/www.librairieclavreuil.com\/#organization\"},\"potentialAction\":[{\"@type\":\"SearchAction\",\"target\":{\"@type\":\"EntryPoint\",\"urlTemplate\":\"https:\/\/www.librairieclavreuil.com\/?s={search_term_string}\"},\"query-input\":{\"@type\":\"PropertyValueSpecification\",\"valueRequired\":true,\"valueName\":\"search_term_string\"}}],\"inLanguage\":\"en-US\"},{\"@type\":\"Organization\",\"@id\":\"https:\/\/www.librairieclavreuil.com\/#organization\",\"name\":\"Libairie Clavreuil\",\"url\":\"https:\/\/www.librairieclavreuil.com\/\",\"logo\":{\"@type\":\"ImageObject\",\"inLanguage\":\"en-US\",\"@id\":\"https:\/\/www.librairieclavreuil.com\/#\/schema\/logo\/image\/\",\"url\":\"https:\/\/www.librairieclavreuil.com\/wp-content\/uploads\/2021\/06\/cropped-LOGO_PNG_DATE-_gold-512x512-1.png\",\"contentUrl\":\"https:\/\/www.librairieclavreuil.com\/wp-content\/uploads\/2021\/06\/cropped-LOGO_PNG_DATE-_gold-512x512-1.png\",\"width\":512,\"height\":512,\"caption\":\"Libairie Clavreuil\"},\"image\":{\"@id\":\"https:\/\/www.librairieclavreuil.com\/#\/schema\/logo\/image\/\"},\"sameAs\":[\"https:\/\/www.instagram.com\/librairieclavreuil\/\"]}]}<\/script>\n<!-- \/ Yoast SEO plugin. -->","yoast_head_json":{"title":"GIRAULT DE PRANGEY Joseph Philibert Monuments Arabes et Moresques de Cordoue, Seville et Grenade, dessin\u00e9s et mesur\u00e9s en 1832 et 1833 [faux-titre]. Mosqu\u00e9e de Cordoue, vues g\u00e9n\u00e9rales, int\u00e9rieurs, d\u00e9tails et plans dessin\u00e9s et mesur\u00e9s sur les lieux en 1833. - Libairie Clavreuil","robots":{"index":"index","follow":"follow","max-snippet":"max-snippet:-1","max-image-preview":"max-image-preview:large","max-video-preview":"max-video-preview:-1"},"canonical":"https:\/\/www.librairieclavreuil.com\/en\/girault-de-prangey-joseph-philibert-monuments-arabes-et-moresques-de-cordoue-seville-et-grenade-dessines-et-mesures-en-1832-et-1833-faux-titre-mosquee-de-cordoue-vues-generales-interieurs-det\/","og_locale":"en_US","og_type":"article","og_title":"GIRAULT DE PRANGEY Joseph Philibert Monuments Arabes et Moresques de Cordoue, Seville et Grenade, dessin\u00e9s et mesur\u00e9s en 1832 et 1833 [faux-titre]. Mosqu\u00e9e de Cordoue, vues g\u00e9n\u00e9rales, int\u00e9rieurs, d\u00e9tails et plans dessin\u00e9s et mesur\u00e9s sur les lieux en 1833. - Libairie Clavreuil","og_description":"3 parts in 1 volume large folio (564 x 413 mm), frontispiece,&nbsp; lithographed title page, a text page in a lithographed frame, 8 lithographed plates for Part I; a lithographed title page, a page of explanatory text in a lithographed frame, 6 lithographed plates, a table page (parts I and II) for part II; lithographed title, 5 text pages in a lithographed frame, 30 lithographed plates (the last one double-page), 1 table page for part III. Blue buckram, flat spine (contemporary binding).","og_url":"https:\/\/www.librairieclavreuil.com\/en\/girault-de-prangey-joseph-philibert-monuments-arabes-et-moresques-de-cordoue-seville-et-grenade-dessines-et-mesures-en-1832-et-1833-faux-titre-mosquee-de-cordoue-vues-generales-interieurs-det\/","og_site_name":"Libairie Clavreuil","article_modified_time":"2026-01-06T11:39:11+00:00","og_image":[{"width":580,"height":800,"url":"https:\/\/www.librairieclavreuil.com\/wp-content\/uploads\/2024\/11\/joseph-philibert-girault-de-prangey-monuments-arabes-et-moresques-de-cordoue-seville-et-grenade-dessines-et-mesures-en-1832-et-1833-faux-titre-mosquee.jpg","type":"image\/jpeg"}],"twitter_card":"summary_large_image","twitter_misc":{"Est. reading time":"2 minutes"},"schema":{"@context":"https:\/\/schema.org","@graph":[{"@type":"WebPage","@id":"https:\/\/www.librairieclavreuil.com\/en\/girault-de-prangey-joseph-philibert-monuments-arabes-et-moresques-de-cordoue-seville-et-grenade-dessines-et-mesures-en-1832-et-1833-faux-titre-mosquee-de-cordoue-vues-generales-interieurs-det\/","url":"https:\/\/www.librairieclavreuil.com\/en\/girault-de-prangey-joseph-philibert-monuments-arabes-et-moresques-de-cordoue-seville-et-grenade-dessines-et-mesures-en-1832-et-1833-faux-titre-mosquee-de-cordoue-vues-generales-interieurs-det\/","name":"GIRAULT DE PRANGEY Joseph Philibert Monuments Arabes et Moresques de Cordoue, Seville et Grenade, dessin\u00e9s et mesur\u00e9s en 1832 et 1833 [faux-titre]. Mosqu\u00e9e de Cordoue, vues g\u00e9n\u00e9rales, int\u00e9rieurs, d\u00e9tails et plans dessin\u00e9s et mesur\u00e9s sur les lieux en 1833. - Libairie Clavreuil","isPartOf":{"@id":"https:\/\/www.librairieclavreuil.com\/#website"},"primaryImageOfPage":{"@id":"https:\/\/www.librairieclavreuil.com\/en\/girault-de-prangey-joseph-philibert-monuments-arabes-et-moresques-de-cordoue-seville-et-grenade-dessines-et-mesures-en-1832-et-1833-faux-titre-mosquee-de-cordoue-vues-generales-interieurs-det\/#primaryimage"},"image":{"@id":"https:\/\/www.librairieclavreuil.com\/en\/girault-de-prangey-joseph-philibert-monuments-arabes-et-moresques-de-cordoue-seville-et-grenade-dessines-et-mesures-en-1832-et-1833-faux-titre-mosquee-de-cordoue-vues-generales-interieurs-det\/#primaryimage"},"thumbnailUrl":"https:\/\/www.librairieclavreuil.com\/wp-content\/uploads\/2024\/11\/joseph-philibert-girault-de-prangey-monuments-arabes-et-moresques-de-cordoue-seville-et-grenade-dessines-et-mesures-en-1832-et-1833-faux-titre-mosquee.jpg","datePublished":"2024-11-30T14:58:57+00:00","dateModified":"2026-01-06T11:39:11+00:00","breadcrumb":{"@id":"https:\/\/www.librairieclavreuil.com\/en\/girault-de-prangey-joseph-philibert-monuments-arabes-et-moresques-de-cordoue-seville-et-grenade-dessines-et-mesures-en-1832-et-1833-faux-titre-mosquee-de-cordoue-vues-generales-interieurs-det\/#breadcrumb"},"inLanguage":"en-US","potentialAction":[{"@type":"ReadAction","target":["https:\/\/www.librairieclavreuil.com\/en\/girault-de-prangey-joseph-philibert-monuments-arabes-et-moresques-de-cordoue-seville-et-grenade-dessines-et-mesures-en-1832-et-1833-faux-titre-mosquee-de-cordoue-vues-generales-interieurs-det\/"]}]},{"@type":"ImageObject","inLanguage":"en-US","@id":"https:\/\/www.librairieclavreuil.com\/en\/girault-de-prangey-joseph-philibert-monuments-arabes-et-moresques-de-cordoue-seville-et-grenade-dessines-et-mesures-en-1832-et-1833-faux-titre-mosquee-de-cordoue-vues-generales-interieurs-det\/#primaryimage","url":"https:\/\/www.librairieclavreuil.com\/wp-content\/uploads\/2024\/11\/joseph-philibert-girault-de-prangey-monuments-arabes-et-moresques-de-cordoue-seville-et-grenade-dessines-et-mesures-en-1832-et-1833-faux-titre-mosquee.jpg","contentUrl":"https:\/\/www.librairieclavreuil.com\/wp-content\/uploads\/2024\/11\/joseph-philibert-girault-de-prangey-monuments-arabes-et-moresques-de-cordoue-seville-et-grenade-dessines-et-mesures-en-1832-et-1833-faux-titre-mosquee.jpg","width":580,"height":800},{"@type":"BreadcrumbList","@id":"https:\/\/www.librairieclavreuil.com\/en\/girault-de-prangey-joseph-philibert-monuments-arabes-et-moresques-de-cordoue-seville-et-grenade-dessines-et-mesures-en-1832-et-1833-faux-titre-mosquee-de-cordoue-vues-generales-interieurs-det\/#breadcrumb","itemListElement":[{"@type":"ListItem","position":1,"name":"Accueil","item":"https:\/\/www.librairieclavreuil.com\/"},{"@type":"ListItem","position":2,"name":"All our books","item":"https:\/\/www.librairieclavreuil.com\/en\/all-our-books\/"},{"@type":"ListItem","position":3,"name":"GIRAULT DE PRANGEY Joseph Philibert Monuments Arabes et..."}]},{"@type":"WebSite","@id":"https:\/\/www.librairieclavreuil.com\/#website","url":"https:\/\/www.librairieclavreuil.com\/","name":"Libairie Clavreuil","description":"Livres anciens, manuscrits rares et \u00e9ditions originales \u2013 Librairie Clavreuil","publisher":{"@id":"https:\/\/www.librairieclavreuil.com\/#organization"},"potentialAction":[{"@type":"SearchAction","target":{"@type":"EntryPoint","urlTemplate":"https:\/\/www.librairieclavreuil.com\/?s={search_term_string}"},"query-input":{"@type":"PropertyValueSpecification","valueRequired":true,"valueName":"search_term_string"}}],"inLanguage":"en-US"},{"@type":"Organization","@id":"https:\/\/www.librairieclavreuil.com\/#organization","name":"Libairie Clavreuil","url":"https:\/\/www.librairieclavreuil.com\/","logo":{"@type":"ImageObject","inLanguage":"en-US","@id":"https:\/\/www.librairieclavreuil.com\/#\/schema\/logo\/image\/","url":"https:\/\/www.librairieclavreuil.com\/wp-content\/uploads\/2021\/06\/cropped-LOGO_PNG_DATE-_gold-512x512-1.png","contentUrl":"https:\/\/www.librairieclavreuil.com\/wp-content\/uploads\/2021\/06\/cropped-LOGO_PNG_DATE-_gold-512x512-1.png","width":512,"height":512,"caption":"Libairie Clavreuil"},"image":{"@id":"https:\/\/www.librairieclavreuil.com\/#\/schema\/logo\/image\/"},"sameAs":["https:\/\/www.instagram.com\/librairieclavreuil\/"]}]}},"jetpack_sharing_enabled":true,"_links":{"self":[{"href":"https:\/\/www.librairieclavreuil.com\/en\/wp-json\/wp\/v2\/product\/82136","targetHints":{"allow":["GET"]}}],"collection":[{"href":"https:\/\/www.librairieclavreuil.com\/en\/wp-json\/wp\/v2\/product"}],"about":[{"href":"https:\/\/www.librairieclavreuil.com\/en\/wp-json\/wp\/v2\/types\/product"}],"replies":[{"embeddable":true,"href":"https:\/\/www.librairieclavreuil.com\/en\/wp-json\/wp\/v2\/comments?post=82136"}],"wp:featuredmedia":[{"embeddable":true,"href":"https:\/\/www.librairieclavreuil.com\/en\/wp-json\/wp\/v2\/media\/82119"}],"wp:attachment":[{"href":"https:\/\/www.librairieclavreuil.com\/en\/wp-json\/wp\/v2\/media?parent=82136"}],"wp:term":[{"taxonomy":"product_brand","embeddable":true,"href":"https:\/\/www.librairieclavreuil.com\/en\/wp-json\/wp\/v2\/product_brand?post=82136"},{"taxonomy":"product_cat","embeddable":true,"href":"https:\/\/www.librairieclavreuil.com\/en\/wp-json\/wp\/v2\/product_cat?post=82136"},{"taxonomy":"product_tag","embeddable":true,"href":"https:\/\/www.librairieclavreuil.com\/en\/wp-json\/wp\/v2\/product_tag?post=82136"}],"curies":[{"name":"wp","href":"https:\/\/api.w.org\/{rel}","templated":true}]}}