{"id":82031,"date":"2024-11-13T17:29:20","date_gmt":"2024-11-13T16:29:20","guid":{"rendered":"https:\/\/www.librairieclavreuil.com\/gide-andre-le-voyage-durien-illustrations-de-maurice-denis\/"},"modified":"2024-11-13T17:30:31","modified_gmt":"2024-11-13T16:30:31","slug":"gide-andre-le-voyage-durien-illustrations-de-maurice-denis","status":"publish","type":"product","link":"https:\/\/www.librairieclavreuil.com\/en\/gide-andre-le-voyage-durien-illustrations-de-maurice-denis\/","title":{"rendered":"GIDE Andr\u00e9 Le Voyage d&#8217;Urien. [Illustrations de Maurice..."},"content":{"rendered":"<p style=\"text-align:justify\"><i>Garvey, 76 ; Monod, 5370; Chapon, Le Peintre et le livre, p. 278; Y. Peyr\u00e9, Peinture et po\u00e9sie, p. 106 (&#8220;Ce livre est la trace la plus accentu\u00e9e du symbolisme, la ratification &#8211; par les Nabis du principe du livre de dialogue&#8221;).<\/i><\/p>\n<p style=\"text-align:justify\"><span style=\"font-variant:small-caps\">First edition of this magnificent book, produced in complete harmony between author and illustrator, is also Maurice Denis&#8217; (1870-1945) first illustrated book.<\/span><\/p>\n<p style=\"text-align:justify\">An exceptional copy inscribed by Gide to Rodenbach. Limited edition of 300 numbered copies on wove paper (this copy numbered 49). Less than a handful large paper copies (not mentioned in the colophon) are recorded: one or two copies on Japan (one of which is located at Harvard), and again one or two copies on China paper.<\/p>\n<p style=\"text-align:justify\">The work is divided into two large chapters, <i>Voyage sur l&#8217;oc\u00e9an path\u00e9tique<\/i>, and <i>Voyage vers une mer glaciale<\/i>, the latter being dedicated to &#8220;\u00e0 Georges Pouchet, qui y est all\u00e9&#8221;. Georges Pouchet (Rouen 1833-1894), natural scientist and anatomist. Professor of comparative anatomy &#8211; he is the creator of the Gallery of Comparative Anatomy at the Museum d&#8217;histoire naturelle &#8211; took part in a polar expedition in 1892.<\/p>\n<p style=\"text-align:justify\">Thirty illustrations by Maurice Denis<\/p>\n<p style=\"text-align:justify\">This first book illustration contains 30 tinted lithographs in the text by Maurice Denis to which is added the woodcut vignette decorating the printed cover.<\/p>\n<p style=\"text-align:justify\">&#8220;Denis&#8217; first published book illustration. The compressed, elongated composition demonstrates his theories of expression through abstract linear design. After seeing Denis\u2019 unpublished drawings for <i>Sagesse<\/i> in 1891, Gide requested him to illustrate <i>Le Voyage d\u2019Urien<\/i>, and the importance the author attached to the artist\u2019s contribution is indicated by the title-page, which is headed \u2018Andr\u00e9 Gide \u2013 Maurice Denis\u2019. Here Denis best achieved his goal in book illustration, which he considered to be \u2018the decoration of a book, without servitude to the text, but with an embroidery of arabesques on the pages, an accompaniment of expressive lines\u2019. This little-known item is a masterpiece of Art Nouveau, the style of the nineties to which the graphic work of Denis and the Nabis made an important contribution\u201d (Garvey).<\/p>\n<p style=\"text-align:justify\">Important association copy<\/p>\n<p style=\"text-align:justify\">This copy is inscribed and signed by Gide &#8220;\u00e0 Georges Rodenbach, en hommage, Andr\u00e9 Gide&#8221;. Geroges Rodenbach (1855-1898) was a very famous Belgian symbolist poet and writer. Well introduced into the intellectual society of his time, he counted many writers (\u00c9mile Verhaeren, St\u00e9phane Mallarm\u00e9, Alphonse Daudet, Huysmans) as well as artists (Rodin, Rops, Ch\u00e9ret, Monet, C\u00e9zanne), just to name a few, amongst his close friends.<\/p>\n<p style=\"text-align:justify\">Small traces of adhesive paper on the fly leaves, else a fine and well-preserved copy of important provenance.<\/p>\n","protected":false},"excerpt":{"rendered":"<p style=\"text-align:justify\">Square 8vo (201 x 191 mm) 4 nn.ll., 105 pp., 2 nn.ll. Original illustrated and printed wrappers, later slipcase<\/p>\n","protected":false},"featured_media":82020,"comment_status":"open","ping_status":"closed","template":"","meta":{"_acf_changed":false},"product_brand":[],"product_cat":[544],"product_tag":[604,598,1450,1264],"class_list":{"0":"post-82031","1":"product","2":"type-product","3":"status-publish","4":"has-post-thumbnail","6":"product_cat-literature","7":"product_tag-19th-century-illustrations","8":"product_tag-19th-century-literature","9":"product_tag-first-edition","10":"product_tag-inscription","11":"pa_auteur-gide-andre-2","12":"pa_type-de-livre-printed-book","14":"first","15":"instock","16":"shipping-taxable","17":"purchasable","18":"product-type-simple"},"acf":{"artist":" Andr\u00e9 GIDE","chapeau":"Inscribed to the Belgian symbolist writer Georges Rodenbach","adresse_bibliographique":"Paris, Librairie de l'Art Ind\u00e9pendant, 1893","book_type":"Printed book","provenance":"","afficher_prix":""},"yoast_head":"<!-- This site is optimized with the Yoast SEO plugin v24.7 - https:\/\/yoast.com\/wordpress\/plugins\/seo\/ -->\n<title>GIDE Andr\u00e9 Le Voyage d&#039;Urien. [Illustrations de Maurice Denis]. - Libairie Clavreuil<\/title>\n<meta name=\"robots\" content=\"index, follow, max-snippet:-1, max-image-preview:large, max-video-preview:-1\" \/>\n<link rel=\"canonical\" href=\"https:\/\/www.librairieclavreuil.com\/en\/gide-andre-le-voyage-durien-illustrations-de-maurice-denis\/\" \/>\n<meta property=\"og:locale\" content=\"en_US\" \/>\n<meta property=\"og:type\" content=\"article\" \/>\n<meta property=\"og:title\" content=\"GIDE Andr\u00e9 Le Voyage d&#039;Urien. [Illustrations de Maurice Denis]. - Libairie Clavreuil\" \/>\n<meta property=\"og:description\" content=\"Square 8vo (201 x 191 mm) 4 nn.ll., 105 pp., 2 nn.ll. Original illustrated and printed wrappers, later slipcase\" \/>\n<meta property=\"og:url\" content=\"https:\/\/www.librairieclavreuil.com\/en\/gide-andre-le-voyage-durien-illustrations-de-maurice-denis\/\" \/>\n<meta property=\"og:site_name\" content=\"Libairie Clavreuil\" \/>\n<meta property=\"article:modified_time\" content=\"2024-11-13T16:30:31+00:00\" \/>\n<meta property=\"og:image\" content=\"https:\/\/www.librairieclavreuil.com\/wp-content\/uploads\/2024\/11\/andre-gide-le-voyage-d-urien-illustrations-de-maurice-denis-7906-6734d37459c56.jpg\" \/>\n\t<meta property=\"og:image:width\" content=\"670\" \/>\n\t<meta property=\"og:image:height\" content=\"800\" \/>\n\t<meta property=\"og:image:type\" content=\"image\/jpeg\" \/>\n<meta name=\"twitter:card\" content=\"summary_large_image\" \/>\n<meta name=\"twitter:label1\" content=\"Est. reading time\" \/>\n\t<meta name=\"twitter:data1\" content=\"2 minutes\" \/>\n<script type=\"application\/ld+json\" class=\"yoast-schema-graph\">{\"@context\":\"https:\/\/schema.org\",\"@graph\":[{\"@type\":\"WebPage\",\"@id\":\"https:\/\/www.librairieclavreuil.com\/en\/gide-andre-le-voyage-durien-illustrations-de-maurice-denis\/\",\"url\":\"https:\/\/www.librairieclavreuil.com\/en\/gide-andre-le-voyage-durien-illustrations-de-maurice-denis\/\",\"name\":\"GIDE Andr\u00e9 Le Voyage d'Urien. [Illustrations de Maurice Denis]. - Libairie Clavreuil\",\"isPartOf\":{\"@id\":\"https:\/\/www.librairieclavreuil.com\/#website\"},\"primaryImageOfPage\":{\"@id\":\"https:\/\/www.librairieclavreuil.com\/en\/gide-andre-le-voyage-durien-illustrations-de-maurice-denis\/#primaryimage\"},\"image\":{\"@id\":\"https:\/\/www.librairieclavreuil.com\/en\/gide-andre-le-voyage-durien-illustrations-de-maurice-denis\/#primaryimage\"},\"thumbnailUrl\":\"https:\/\/www.librairieclavreuil.com\/wp-content\/uploads\/2024\/11\/andre-gide-le-voyage-d-urien-illustrations-de-maurice-denis-7906-6734d37459c56.jpg\",\"datePublished\":\"2024-11-13T16:29:20+00:00\",\"dateModified\":\"2024-11-13T16:30:31+00:00\",\"breadcrumb\":{\"@id\":\"https:\/\/www.librairieclavreuil.com\/en\/gide-andre-le-voyage-durien-illustrations-de-maurice-denis\/#breadcrumb\"},\"inLanguage\":\"en-US\",\"potentialAction\":[{\"@type\":\"ReadAction\",\"target\":[\"https:\/\/www.librairieclavreuil.com\/en\/gide-andre-le-voyage-durien-illustrations-de-maurice-denis\/\"]}]},{\"@type\":\"ImageObject\",\"inLanguage\":\"en-US\",\"@id\":\"https:\/\/www.librairieclavreuil.com\/en\/gide-andre-le-voyage-durien-illustrations-de-maurice-denis\/#primaryimage\",\"url\":\"https:\/\/www.librairieclavreuil.com\/wp-content\/uploads\/2024\/11\/andre-gide-le-voyage-d-urien-illustrations-de-maurice-denis-7906-6734d37459c56.jpg\",\"contentUrl\":\"https:\/\/www.librairieclavreuil.com\/wp-content\/uploads\/2024\/11\/andre-gide-le-voyage-d-urien-illustrations-de-maurice-denis-7906-6734d37459c56.jpg\",\"width\":670,\"height\":800},{\"@type\":\"BreadcrumbList\",\"@id\":\"https:\/\/www.librairieclavreuil.com\/en\/gide-andre-le-voyage-durien-illustrations-de-maurice-denis\/#breadcrumb\",\"itemListElement\":[{\"@type\":\"ListItem\",\"position\":1,\"name\":\"Accueil\",\"item\":\"https:\/\/www.librairieclavreuil.com\/\"},{\"@type\":\"ListItem\",\"position\":2,\"name\":\"All our books\",\"item\":\"https:\/\/www.librairieclavreuil.com\/en\/all-our-books\/\"},{\"@type\":\"ListItem\",\"position\":3,\"name\":\"GIDE Andr\u00e9 Le Voyage d&#8217;Urien. [Illustrations de Maurice Denis].\"}]},{\"@type\":\"WebSite\",\"@id\":\"https:\/\/www.librairieclavreuil.com\/#website\",\"url\":\"https:\/\/www.librairieclavreuil.com\/\",\"name\":\"Libairie Clavreuil\",\"description\":\"Livres anciens, manuscrits rares et \u00e9ditions originales \u2013 Librairie Clavreuil\",\"publisher\":{\"@id\":\"https:\/\/www.librairieclavreuil.com\/#organization\"},\"potentialAction\":[{\"@type\":\"SearchAction\",\"target\":{\"@type\":\"EntryPoint\",\"urlTemplate\":\"https:\/\/www.librairieclavreuil.com\/?s={search_term_string}\"},\"query-input\":{\"@type\":\"PropertyValueSpecification\",\"valueRequired\":true,\"valueName\":\"search_term_string\"}}],\"inLanguage\":\"en-US\"},{\"@type\":\"Organization\",\"@id\":\"https:\/\/www.librairieclavreuil.com\/#organization\",\"name\":\"Libairie Clavreuil\",\"url\":\"https:\/\/www.librairieclavreuil.com\/\",\"logo\":{\"@type\":\"ImageObject\",\"inLanguage\":\"en-US\",\"@id\":\"https:\/\/www.librairieclavreuil.com\/#\/schema\/logo\/image\/\",\"url\":\"https:\/\/www.librairieclavreuil.com\/wp-content\/uploads\/2021\/06\/cropped-LOGO_PNG_DATE-_gold-512x512-1.png\",\"contentUrl\":\"https:\/\/www.librairieclavreuil.com\/wp-content\/uploads\/2021\/06\/cropped-LOGO_PNG_DATE-_gold-512x512-1.png\",\"width\":512,\"height\":512,\"caption\":\"Libairie Clavreuil\"},\"image\":{\"@id\":\"https:\/\/www.librairieclavreuil.com\/#\/schema\/logo\/image\/\"},\"sameAs\":[\"https:\/\/www.instagram.com\/librairieclavreuil\/\"]}]}<\/script>\n<!-- \/ Yoast SEO plugin. -->","yoast_head_json":{"title":"GIDE Andr\u00e9 Le Voyage d'Urien. [Illustrations de Maurice Denis]. - Libairie Clavreuil","robots":{"index":"index","follow":"follow","max-snippet":"max-snippet:-1","max-image-preview":"max-image-preview:large","max-video-preview":"max-video-preview:-1"},"canonical":"https:\/\/www.librairieclavreuil.com\/en\/gide-andre-le-voyage-durien-illustrations-de-maurice-denis\/","og_locale":"en_US","og_type":"article","og_title":"GIDE Andr\u00e9 Le Voyage d'Urien. [Illustrations de Maurice Denis]. - Libairie Clavreuil","og_description":"Square 8vo (201 x 191 mm) 4 nn.ll., 105 pp., 2 nn.ll. Original illustrated and printed wrappers, later slipcase","og_url":"https:\/\/www.librairieclavreuil.com\/en\/gide-andre-le-voyage-durien-illustrations-de-maurice-denis\/","og_site_name":"Libairie Clavreuil","article_modified_time":"2024-11-13T16:30:31+00:00","og_image":[{"width":670,"height":800,"url":"https:\/\/www.librairieclavreuil.com\/wp-content\/uploads\/2024\/11\/andre-gide-le-voyage-d-urien-illustrations-de-maurice-denis-7906-6734d37459c56.jpg","type":"image\/jpeg"}],"twitter_card":"summary_large_image","twitter_misc":{"Est. reading time":"2 minutes"},"schema":{"@context":"https:\/\/schema.org","@graph":[{"@type":"WebPage","@id":"https:\/\/www.librairieclavreuil.com\/en\/gide-andre-le-voyage-durien-illustrations-de-maurice-denis\/","url":"https:\/\/www.librairieclavreuil.com\/en\/gide-andre-le-voyage-durien-illustrations-de-maurice-denis\/","name":"GIDE Andr\u00e9 Le Voyage d'Urien. [Illustrations de Maurice Denis]. - Libairie Clavreuil","isPartOf":{"@id":"https:\/\/www.librairieclavreuil.com\/#website"},"primaryImageOfPage":{"@id":"https:\/\/www.librairieclavreuil.com\/en\/gide-andre-le-voyage-durien-illustrations-de-maurice-denis\/#primaryimage"},"image":{"@id":"https:\/\/www.librairieclavreuil.com\/en\/gide-andre-le-voyage-durien-illustrations-de-maurice-denis\/#primaryimage"},"thumbnailUrl":"https:\/\/www.librairieclavreuil.com\/wp-content\/uploads\/2024\/11\/andre-gide-le-voyage-d-urien-illustrations-de-maurice-denis-7906-6734d37459c56.jpg","datePublished":"2024-11-13T16:29:20+00:00","dateModified":"2024-11-13T16:30:31+00:00","breadcrumb":{"@id":"https:\/\/www.librairieclavreuil.com\/en\/gide-andre-le-voyage-durien-illustrations-de-maurice-denis\/#breadcrumb"},"inLanguage":"en-US","potentialAction":[{"@type":"ReadAction","target":["https:\/\/www.librairieclavreuil.com\/en\/gide-andre-le-voyage-durien-illustrations-de-maurice-denis\/"]}]},{"@type":"ImageObject","inLanguage":"en-US","@id":"https:\/\/www.librairieclavreuil.com\/en\/gide-andre-le-voyage-durien-illustrations-de-maurice-denis\/#primaryimage","url":"https:\/\/www.librairieclavreuil.com\/wp-content\/uploads\/2024\/11\/andre-gide-le-voyage-d-urien-illustrations-de-maurice-denis-7906-6734d37459c56.jpg","contentUrl":"https:\/\/www.librairieclavreuil.com\/wp-content\/uploads\/2024\/11\/andre-gide-le-voyage-d-urien-illustrations-de-maurice-denis-7906-6734d37459c56.jpg","width":670,"height":800},{"@type":"BreadcrumbList","@id":"https:\/\/www.librairieclavreuil.com\/en\/gide-andre-le-voyage-durien-illustrations-de-maurice-denis\/#breadcrumb","itemListElement":[{"@type":"ListItem","position":1,"name":"Accueil","item":"https:\/\/www.librairieclavreuil.com\/"},{"@type":"ListItem","position":2,"name":"All our books","item":"https:\/\/www.librairieclavreuil.com\/en\/all-our-books\/"},{"@type":"ListItem","position":3,"name":"GIDE Andr\u00e9 Le Voyage d&#8217;Urien. [Illustrations de Maurice Denis]."}]},{"@type":"WebSite","@id":"https:\/\/www.librairieclavreuil.com\/#website","url":"https:\/\/www.librairieclavreuil.com\/","name":"Libairie Clavreuil","description":"Livres anciens, manuscrits rares et \u00e9ditions originales \u2013 Librairie Clavreuil","publisher":{"@id":"https:\/\/www.librairieclavreuil.com\/#organization"},"potentialAction":[{"@type":"SearchAction","target":{"@type":"EntryPoint","urlTemplate":"https:\/\/www.librairieclavreuil.com\/?s={search_term_string}"},"query-input":{"@type":"PropertyValueSpecification","valueRequired":true,"valueName":"search_term_string"}}],"inLanguage":"en-US"},{"@type":"Organization","@id":"https:\/\/www.librairieclavreuil.com\/#organization","name":"Libairie Clavreuil","url":"https:\/\/www.librairieclavreuil.com\/","logo":{"@type":"ImageObject","inLanguage":"en-US","@id":"https:\/\/www.librairieclavreuil.com\/#\/schema\/logo\/image\/","url":"https:\/\/www.librairieclavreuil.com\/wp-content\/uploads\/2021\/06\/cropped-LOGO_PNG_DATE-_gold-512x512-1.png","contentUrl":"https:\/\/www.librairieclavreuil.com\/wp-content\/uploads\/2021\/06\/cropped-LOGO_PNG_DATE-_gold-512x512-1.png","width":512,"height":512,"caption":"Libairie Clavreuil"},"image":{"@id":"https:\/\/www.librairieclavreuil.com\/#\/schema\/logo\/image\/"},"sameAs":["https:\/\/www.instagram.com\/librairieclavreuil\/"]}]}},"jetpack_sharing_enabled":true,"_links":{"self":[{"href":"https:\/\/www.librairieclavreuil.com\/en\/wp-json\/wp\/v2\/product\/82031","targetHints":{"allow":["GET"]}}],"collection":[{"href":"https:\/\/www.librairieclavreuil.com\/en\/wp-json\/wp\/v2\/product"}],"about":[{"href":"https:\/\/www.librairieclavreuil.com\/en\/wp-json\/wp\/v2\/types\/product"}],"replies":[{"embeddable":true,"href":"https:\/\/www.librairieclavreuil.com\/en\/wp-json\/wp\/v2\/comments?post=82031"}],"wp:featuredmedia":[{"embeddable":true,"href":"https:\/\/www.librairieclavreuil.com\/en\/wp-json\/wp\/v2\/media\/82020"}],"wp:attachment":[{"href":"https:\/\/www.librairieclavreuil.com\/en\/wp-json\/wp\/v2\/media?parent=82031"}],"wp:term":[{"taxonomy":"product_brand","embeddable":true,"href":"https:\/\/www.librairieclavreuil.com\/en\/wp-json\/wp\/v2\/product_brand?post=82031"},{"taxonomy":"product_cat","embeddable":true,"href":"https:\/\/www.librairieclavreuil.com\/en\/wp-json\/wp\/v2\/product_cat?post=82031"},{"taxonomy":"product_tag","embeddable":true,"href":"https:\/\/www.librairieclavreuil.com\/en\/wp-json\/wp\/v2\/product_tag?post=82031"}],"curies":[{"name":"wp","href":"https:\/\/api.w.org\/{rel}","templated":true}]}}