{"id":81889,"date":"2024-10-31T18:30:30","date_gmt":"2024-10-31T17:30:30","guid":{"rendered":"https:\/\/www.librairieclavreuil.com\/bacquencourt-guillaume-joseph-dupleix-de-l-a-a-guyton-de-morveau\/"},"modified":"2024-10-31T18:30:49","modified_gmt":"2024-10-31T17:30:49","slug":"bacquencourt-guillaume-joseph-dupleix-de-l-a-a-guyton-de-morveau","status":"publish","type":"product","link":"https:\/\/www.librairieclavreuil.com\/en\/bacquencourt-guillaume-joseph-dupleix-de-l-a-a-guyton-de-morveau\/","title":{"rendered":"BACQUENCOURT Guillaume Joseph Dupleix de L.A. \u00e0 Guyton..."},"content":{"rendered":"<p style=\"text-align:justify\">&#8220;&#8230;Mon cher ami, nous nous r\u00e9unissons, M. de Buffon, Mme de Bacquencourt et moi, pour vous conjurer de ne pas exposer votre vie, et de ne pas donner au monde l&#8217;exemple funeste d&#8217;un second Icare&#8230; Votre r\u00e9putation est faite, ne la compromettez pas&#8230; M. de Montgolfier, le premier inventeur, et dont M. de Buffon pr\u00e9f\u00e8re la m\u00e9thode, ne s&#8217;est pas expos\u00e9. Ne soyez pas plus t\u00e9m\u00e9raire que lui&#8230; Vous \u00eates \u00e0 la discr\u00e9tion d&#8217;ouvriers ignorants, et une couture mal faite&#8230; peuvent rendre tout votre appareil inutile&#8230;&#8221;&nbsp;<\/p>\n<p>A magistrate and chemist, Louis Bernard Guyton de Morveau (1737-1816) had resigned two years earlier from his position as Advocate General at the Dijon Parliament in order to devote himself entirely to science. He worked with Lavoisier, Berthollet and Fourcroy. As a member of the Comit\u00e9 de salut public during the French Revolution, he organised the means of defence, in particular the aerostation service.<\/p>\n<p>Also included:&nbsp;<\/p>\n<p>2 pretty A.L. from Bacquencourt&#8217;s wife to Guyton de Morveau, 4to (216 x 167 mm) of 8 pp.<\/p>\n<p>One of them ends as follows: &#8220;&#8230; J&#8217;ai vu le fameux globe s&#8217;\u00e9lever dans les nues, on nous en promet des exp\u00e9riences plus int\u00e9ressantes encore. Qu&#8217;on est heureux de vivre sous un si\u00e8cle aussi ami des arts, et qui s&#8217;efforce de franchir toutes les bornes !&#8221;.&nbsp;<\/p>\n","protected":false},"excerpt":{"rendered":"<p>4to (212 x 167 mm) 2 pp.&nbsp;<\/p>\n","protected":false},"featured_media":81882,"comment_status":"open","ping_status":"closed","template":"","meta":{"_acf_changed":false},"product_brand":[],"product_cat":[546],"product_tag":[1336,1328],"class_list":{"0":"post-81889","1":"product","2":"type-product","3":"status-publish","4":"has-post-thumbnail","6":"product_cat-manuscript","7":"product_tag-aerostatic-locomotion","8":"product_tag-scientifical-manuscript","9":"pa_auteur-bacquencourt-guillaume-joseph-dupleix-de-2","10":"pa_type-de-livre-manuscript","12":"first","13":"instock","14":"shipping-taxable","15":"purchasable","16":"product-type-simple"},"acf":{"artist":" Guillaume Joseph Dupleix de BACQUENCOURT","chapeau":"Guyton de Morveau's aerostatic experiments","adresse_bibliographique":"Paris, Dondey-Dupr\u00e9, 1784","book_type":"Manuscript","provenance":"","afficher_prix":""},"yoast_head":"<!-- This site is optimized with the Yoast SEO plugin v24.7 - https:\/\/yoast.com\/wordpress\/plugins\/seo\/ -->\n<title>BACQUENCOURT Guillaume Joseph Dupleix de L.A. \u00e0 Guyton de Morveau. - Libairie Clavreuil<\/title>\n<meta name=\"robots\" content=\"index, follow, max-snippet:-1, max-image-preview:large, max-video-preview:-1\" \/>\n<link rel=\"canonical\" href=\"https:\/\/www.librairieclavreuil.com\/en\/bacquencourt-guillaume-joseph-dupleix-de-l-a-a-guyton-de-morveau\/\" \/>\n<meta property=\"og:locale\" content=\"en_US\" \/>\n<meta property=\"og:type\" content=\"article\" \/>\n<meta property=\"og:title\" content=\"BACQUENCOURT Guillaume Joseph Dupleix de L.A. \u00e0 Guyton de Morveau. - Libairie Clavreuil\" \/>\n<meta property=\"og:description\" content=\"4to (212 x 167 mm) 2 pp.&nbsp;\" \/>\n<meta property=\"og:url\" content=\"https:\/\/www.librairieclavreuil.com\/en\/bacquencourt-guillaume-joseph-dupleix-de-l-a-a-guyton-de-morveau\/\" \/>\n<meta property=\"og:site_name\" content=\"Libairie Clavreuil\" \/>\n<meta property=\"article:modified_time\" content=\"2024-10-31T17:30:49+00:00\" \/>\n<meta property=\"og:image\" content=\"https:\/\/www.librairieclavreuil.com\/wp-content\/uploads\/2024\/10\/guillaume-joseph-dupleix-de-bacquencourt-l-a-a-guyton-de-morveau-6516-6723be62dc1f8.jpg\" \/>\n\t<meta property=\"og:image:width\" content=\"622\" \/>\n\t<meta property=\"og:image:height\" content=\"800\" \/>\n\t<meta property=\"og:image:type\" content=\"image\/jpeg\" \/>\n<meta name=\"twitter:card\" content=\"summary_large_image\" \/>\n<meta name=\"twitter:label1\" content=\"Est. reading time\" \/>\n\t<meta name=\"twitter:data1\" content=\"1 minute\" \/>\n<script type=\"application\/ld+json\" class=\"yoast-schema-graph\">{\"@context\":\"https:\/\/schema.org\",\"@graph\":[{\"@type\":\"WebPage\",\"@id\":\"https:\/\/www.librairieclavreuil.com\/en\/bacquencourt-guillaume-joseph-dupleix-de-l-a-a-guyton-de-morveau\/\",\"url\":\"https:\/\/www.librairieclavreuil.com\/en\/bacquencourt-guillaume-joseph-dupleix-de-l-a-a-guyton-de-morveau\/\",\"name\":\"BACQUENCOURT Guillaume Joseph Dupleix de L.A. \u00e0 Guyton de Morveau. - Libairie Clavreuil\",\"isPartOf\":{\"@id\":\"https:\/\/www.librairieclavreuil.com\/#website\"},\"primaryImageOfPage\":{\"@id\":\"https:\/\/www.librairieclavreuil.com\/en\/bacquencourt-guillaume-joseph-dupleix-de-l-a-a-guyton-de-morveau\/#primaryimage\"},\"image\":{\"@id\":\"https:\/\/www.librairieclavreuil.com\/en\/bacquencourt-guillaume-joseph-dupleix-de-l-a-a-guyton-de-morveau\/#primaryimage\"},\"thumbnailUrl\":\"https:\/\/www.librairieclavreuil.com\/wp-content\/uploads\/2024\/10\/guillaume-joseph-dupleix-de-bacquencourt-l-a-a-guyton-de-morveau-6516-6723be62dc1f8.jpg\",\"datePublished\":\"2024-10-31T17:30:30+00:00\",\"dateModified\":\"2024-10-31T17:30:49+00:00\",\"breadcrumb\":{\"@id\":\"https:\/\/www.librairieclavreuil.com\/en\/bacquencourt-guillaume-joseph-dupleix-de-l-a-a-guyton-de-morveau\/#breadcrumb\"},\"inLanguage\":\"en-US\",\"potentialAction\":[{\"@type\":\"ReadAction\",\"target\":[\"https:\/\/www.librairieclavreuil.com\/en\/bacquencourt-guillaume-joseph-dupleix-de-l-a-a-guyton-de-morveau\/\"]}]},{\"@type\":\"ImageObject\",\"inLanguage\":\"en-US\",\"@id\":\"https:\/\/www.librairieclavreuil.com\/en\/bacquencourt-guillaume-joseph-dupleix-de-l-a-a-guyton-de-morveau\/#primaryimage\",\"url\":\"https:\/\/www.librairieclavreuil.com\/wp-content\/uploads\/2024\/10\/guillaume-joseph-dupleix-de-bacquencourt-l-a-a-guyton-de-morveau-6516-6723be62dc1f8.jpg\",\"contentUrl\":\"https:\/\/www.librairieclavreuil.com\/wp-content\/uploads\/2024\/10\/guillaume-joseph-dupleix-de-bacquencourt-l-a-a-guyton-de-morveau-6516-6723be62dc1f8.jpg\",\"width\":622,\"height\":800},{\"@type\":\"BreadcrumbList\",\"@id\":\"https:\/\/www.librairieclavreuil.com\/en\/bacquencourt-guillaume-joseph-dupleix-de-l-a-a-guyton-de-morveau\/#breadcrumb\",\"itemListElement\":[{\"@type\":\"ListItem\",\"position\":1,\"name\":\"Accueil\",\"item\":\"https:\/\/www.librairieclavreuil.com\/\"},{\"@type\":\"ListItem\",\"position\":2,\"name\":\"All our books\",\"item\":\"https:\/\/www.librairieclavreuil.com\/en\/all-our-books\/\"},{\"@type\":\"ListItem\",\"position\":3,\"name\":\"BACQUENCOURT Guillaume Joseph Dupleix de L.A. \u00e0 Guyton de Morveau.\"}]},{\"@type\":\"WebSite\",\"@id\":\"https:\/\/www.librairieclavreuil.com\/#website\",\"url\":\"https:\/\/www.librairieclavreuil.com\/\",\"name\":\"Libairie Clavreuil\",\"description\":\"Livres anciens, manuscrits rares et \u00e9ditions originales \u2013 Librairie Clavreuil\",\"publisher\":{\"@id\":\"https:\/\/www.librairieclavreuil.com\/#organization\"},\"potentialAction\":[{\"@type\":\"SearchAction\",\"target\":{\"@type\":\"EntryPoint\",\"urlTemplate\":\"https:\/\/www.librairieclavreuil.com\/?s={search_term_string}\"},\"query-input\":{\"@type\":\"PropertyValueSpecification\",\"valueRequired\":true,\"valueName\":\"search_term_string\"}}],\"inLanguage\":\"en-US\"},{\"@type\":\"Organization\",\"@id\":\"https:\/\/www.librairieclavreuil.com\/#organization\",\"name\":\"Libairie Clavreuil\",\"url\":\"https:\/\/www.librairieclavreuil.com\/\",\"logo\":{\"@type\":\"ImageObject\",\"inLanguage\":\"en-US\",\"@id\":\"https:\/\/www.librairieclavreuil.com\/#\/schema\/logo\/image\/\",\"url\":\"https:\/\/www.librairieclavreuil.com\/wp-content\/uploads\/2021\/06\/cropped-LOGO_PNG_DATE-_gold-512x512-1.png\",\"contentUrl\":\"https:\/\/www.librairieclavreuil.com\/wp-content\/uploads\/2021\/06\/cropped-LOGO_PNG_DATE-_gold-512x512-1.png\",\"width\":512,\"height\":512,\"caption\":\"Libairie Clavreuil\"},\"image\":{\"@id\":\"https:\/\/www.librairieclavreuil.com\/#\/schema\/logo\/image\/\"},\"sameAs\":[\"https:\/\/www.instagram.com\/librairieclavreuil\/\"]}]}<\/script>\n<!-- \/ Yoast SEO plugin. -->","yoast_head_json":{"title":"BACQUENCOURT Guillaume Joseph Dupleix de L.A. \u00e0 Guyton de Morveau. - Libairie Clavreuil","robots":{"index":"index","follow":"follow","max-snippet":"max-snippet:-1","max-image-preview":"max-image-preview:large","max-video-preview":"max-video-preview:-1"},"canonical":"https:\/\/www.librairieclavreuil.com\/en\/bacquencourt-guillaume-joseph-dupleix-de-l-a-a-guyton-de-morveau\/","og_locale":"en_US","og_type":"article","og_title":"BACQUENCOURT Guillaume Joseph Dupleix de L.A. \u00e0 Guyton de Morveau. - Libairie Clavreuil","og_description":"4to (212 x 167 mm) 2 pp.&nbsp;","og_url":"https:\/\/www.librairieclavreuil.com\/en\/bacquencourt-guillaume-joseph-dupleix-de-l-a-a-guyton-de-morveau\/","og_site_name":"Libairie Clavreuil","article_modified_time":"2024-10-31T17:30:49+00:00","og_image":[{"width":622,"height":800,"url":"https:\/\/www.librairieclavreuil.com\/wp-content\/uploads\/2024\/10\/guillaume-joseph-dupleix-de-bacquencourt-l-a-a-guyton-de-morveau-6516-6723be62dc1f8.jpg","type":"image\/jpeg"}],"twitter_card":"summary_large_image","twitter_misc":{"Est. reading time":"1 minute"},"schema":{"@context":"https:\/\/schema.org","@graph":[{"@type":"WebPage","@id":"https:\/\/www.librairieclavreuil.com\/en\/bacquencourt-guillaume-joseph-dupleix-de-l-a-a-guyton-de-morveau\/","url":"https:\/\/www.librairieclavreuil.com\/en\/bacquencourt-guillaume-joseph-dupleix-de-l-a-a-guyton-de-morveau\/","name":"BACQUENCOURT Guillaume Joseph Dupleix de L.A. \u00e0 Guyton de Morveau. - Libairie Clavreuil","isPartOf":{"@id":"https:\/\/www.librairieclavreuil.com\/#website"},"primaryImageOfPage":{"@id":"https:\/\/www.librairieclavreuil.com\/en\/bacquencourt-guillaume-joseph-dupleix-de-l-a-a-guyton-de-morveau\/#primaryimage"},"image":{"@id":"https:\/\/www.librairieclavreuil.com\/en\/bacquencourt-guillaume-joseph-dupleix-de-l-a-a-guyton-de-morveau\/#primaryimage"},"thumbnailUrl":"https:\/\/www.librairieclavreuil.com\/wp-content\/uploads\/2024\/10\/guillaume-joseph-dupleix-de-bacquencourt-l-a-a-guyton-de-morveau-6516-6723be62dc1f8.jpg","datePublished":"2024-10-31T17:30:30+00:00","dateModified":"2024-10-31T17:30:49+00:00","breadcrumb":{"@id":"https:\/\/www.librairieclavreuil.com\/en\/bacquencourt-guillaume-joseph-dupleix-de-l-a-a-guyton-de-morveau\/#breadcrumb"},"inLanguage":"en-US","potentialAction":[{"@type":"ReadAction","target":["https:\/\/www.librairieclavreuil.com\/en\/bacquencourt-guillaume-joseph-dupleix-de-l-a-a-guyton-de-morveau\/"]}]},{"@type":"ImageObject","inLanguage":"en-US","@id":"https:\/\/www.librairieclavreuil.com\/en\/bacquencourt-guillaume-joseph-dupleix-de-l-a-a-guyton-de-morveau\/#primaryimage","url":"https:\/\/www.librairieclavreuil.com\/wp-content\/uploads\/2024\/10\/guillaume-joseph-dupleix-de-bacquencourt-l-a-a-guyton-de-morveau-6516-6723be62dc1f8.jpg","contentUrl":"https:\/\/www.librairieclavreuil.com\/wp-content\/uploads\/2024\/10\/guillaume-joseph-dupleix-de-bacquencourt-l-a-a-guyton-de-morveau-6516-6723be62dc1f8.jpg","width":622,"height":800},{"@type":"BreadcrumbList","@id":"https:\/\/www.librairieclavreuil.com\/en\/bacquencourt-guillaume-joseph-dupleix-de-l-a-a-guyton-de-morveau\/#breadcrumb","itemListElement":[{"@type":"ListItem","position":1,"name":"Accueil","item":"https:\/\/www.librairieclavreuil.com\/"},{"@type":"ListItem","position":2,"name":"All our books","item":"https:\/\/www.librairieclavreuil.com\/en\/all-our-books\/"},{"@type":"ListItem","position":3,"name":"BACQUENCOURT Guillaume Joseph Dupleix de L.A. \u00e0 Guyton de Morveau."}]},{"@type":"WebSite","@id":"https:\/\/www.librairieclavreuil.com\/#website","url":"https:\/\/www.librairieclavreuil.com\/","name":"Libairie Clavreuil","description":"Livres anciens, manuscrits rares et \u00e9ditions originales \u2013 Librairie Clavreuil","publisher":{"@id":"https:\/\/www.librairieclavreuil.com\/#organization"},"potentialAction":[{"@type":"SearchAction","target":{"@type":"EntryPoint","urlTemplate":"https:\/\/www.librairieclavreuil.com\/?s={search_term_string}"},"query-input":{"@type":"PropertyValueSpecification","valueRequired":true,"valueName":"search_term_string"}}],"inLanguage":"en-US"},{"@type":"Organization","@id":"https:\/\/www.librairieclavreuil.com\/#organization","name":"Libairie Clavreuil","url":"https:\/\/www.librairieclavreuil.com\/","logo":{"@type":"ImageObject","inLanguage":"en-US","@id":"https:\/\/www.librairieclavreuil.com\/#\/schema\/logo\/image\/","url":"https:\/\/www.librairieclavreuil.com\/wp-content\/uploads\/2021\/06\/cropped-LOGO_PNG_DATE-_gold-512x512-1.png","contentUrl":"https:\/\/www.librairieclavreuil.com\/wp-content\/uploads\/2021\/06\/cropped-LOGO_PNG_DATE-_gold-512x512-1.png","width":512,"height":512,"caption":"Libairie Clavreuil"},"image":{"@id":"https:\/\/www.librairieclavreuil.com\/#\/schema\/logo\/image\/"},"sameAs":["https:\/\/www.instagram.com\/librairieclavreuil\/"]}]}},"jetpack_sharing_enabled":true,"_links":{"self":[{"href":"https:\/\/www.librairieclavreuil.com\/en\/wp-json\/wp\/v2\/product\/81889","targetHints":{"allow":["GET"]}}],"collection":[{"href":"https:\/\/www.librairieclavreuil.com\/en\/wp-json\/wp\/v2\/product"}],"about":[{"href":"https:\/\/www.librairieclavreuil.com\/en\/wp-json\/wp\/v2\/types\/product"}],"replies":[{"embeddable":true,"href":"https:\/\/www.librairieclavreuil.com\/en\/wp-json\/wp\/v2\/comments?post=81889"}],"wp:featuredmedia":[{"embeddable":true,"href":"https:\/\/www.librairieclavreuil.com\/en\/wp-json\/wp\/v2\/media\/81882"}],"wp:attachment":[{"href":"https:\/\/www.librairieclavreuil.com\/en\/wp-json\/wp\/v2\/media?parent=81889"}],"wp:term":[{"taxonomy":"product_brand","embeddable":true,"href":"https:\/\/www.librairieclavreuil.com\/en\/wp-json\/wp\/v2\/product_brand?post=81889"},{"taxonomy":"product_cat","embeddable":true,"href":"https:\/\/www.librairieclavreuil.com\/en\/wp-json\/wp\/v2\/product_cat?post=81889"},{"taxonomy":"product_tag","embeddable":true,"href":"https:\/\/www.librairieclavreuil.com\/en\/wp-json\/wp\/v2\/product_tag?post=81889"}],"curies":[{"name":"wp","href":"https:\/\/api.w.org\/{rel}","templated":true}]}}