{"id":81869,"date":"2024-10-31T17:44:38","date_gmt":"2024-10-31T16:44:38","guid":{"rendered":"https:\/\/www.librairieclavreuil.com\/malouet-pierre-victor-examen-de-cette-question-quel-sera-pour-les-colonies-de-lamerique-le-resultat-de-la-revolution-francoise-de-la-guerre-qui-en-est-la-suite-de-la-paix-qui-doit-la-term\/"},"modified":"2024-10-31T17:44:53","modified_gmt":"2024-10-31T16:44:53","slug":"malouet-pierre-victor-examen-de-cette-question-quel-sera-pour-les-colonies-de-lamerique-le-resultat-de-la-revolution-francoise-de-la-guerre-qui-en-est-la-suite-de-la-paix-qui-doit-la-term","status":"publish","type":"product","link":"https:\/\/www.librairieclavreuil.com\/en\/malouet-pierre-victor-examen-de-cette-question-quel-sera-pour-les-colonies-de-lamerique-le-resultat-de-la-revolution-francoise-de-la-guerre-qui-en-est-la-suite-de-la-paix-qui-doit-la-term\/","title":{"rendered":"MALOUET Pierre-Victor Examen de cette question : Quel..."},"content":{"rendered":"<p style=\"text-align:justify\"><i>Sabin, 44146.<\/i><\/p>\n<p style=\"text-align:justify\"><span style=\"font-variant:small-caps\">First edition, very rare.<\/span><\/p>\n<p style=\"text-align:justify\">Pierre-Victor Malouet (1740-1814), owner of large sugar cane and coffee plantations in Santo-Domingo in the commune of Maribaroux, was one of the leaders of the Partie Constitutionnelle party in the French Constituent Assembly and signed the Treaty of Whitehall in London in 1793 between the large French sugar planters and England. At the time this study went to press, he was a deputy for the colony of St. Domingue.<\/p>\n<p style=\"text-align:justify\">There is another Paris edition of the same date (title and 40 pp.), printed &#8216;according to a copy printed in London\u2019, which Sabin describes but which Monglond missed. This French edition is much less rare. The John Carter Brown Library owns a mutilated copy of the Paris edition only.<\/p>\n<p style=\"text-align:justify\">A very fine copy.<\/p>\n<p style=\"text-align:justify\">Provenance: F\u00fcrst Starhemberg (rubber stamp) &#8211; Arpad Plesch (bookplate).<\/p>\n","protected":false},"excerpt":{"rendered":"<p>8vo (198 x 123 mm) 29 pp. Stitched, as issued, contemporary marbled wrappers.<\/p>\n","protected":false},"featured_media":81866,"comment_status":"open","ping_status":"closed","template":"","meta":{"_acf_changed":false},"product_brand":[],"product_cat":[552],"product_tag":[1224,1450,1213,1362],"class_list":{"0":"post-81869","1":"product","2":"type-product","3":"status-publish","4":"has-post-thumbnail","6":"product_cat-travel","7":"product_tag-colony","8":"product_tag-first-edition","9":"product_tag-history","10":"product_tag-north-america","11":"pa_auteur-malouet-pierre-victor-2","12":"pa_type-de-livre-printed-book","14":"first","15":"instock","16":"shipping-taxable","17":"purchasable","18":"product-type-simple"},"acf":{"artist":" Pierre-Victor MALOUET","chapeau":"French Revolution and the American Colonies","adresse_bibliographique":"Londres, imprimerie de Baylis et se trouve chez J. Deboffe, 1797","book_type":"Printed book","provenance":"","afficher_prix":""},"yoast_head":"<!-- This site is optimized with the Yoast SEO plugin v24.7 - https:\/\/yoast.com\/wordpress\/plugins\/seo\/ -->\n<title>MALOUET Pierre-Victor Examen de cette question : Quel sera pour les colonies de l&#039;Am\u00e9rique le r\u00e9sultat de la R\u00e9volution fran\u00e7oise, de la guerre qui en est la suite, &amp; de la paix qui doit la terminer ? - Libairie Clavreuil<\/title>\n<meta name=\"robots\" content=\"index, follow, max-snippet:-1, max-image-preview:large, max-video-preview:-1\" \/>\n<link rel=\"canonical\" href=\"https:\/\/www.librairieclavreuil.com\/produit\/malouet-pierre-victor-examen-de-cette-question-quel-sera-pour-les-colonies-de-lamerique-le-resultat-de-la-revolution-francoise-de-la-guerre-qui-en-est-la-suite-de-la-paix-qui-doit-la-term\/\" \/>\n<meta property=\"og:locale\" content=\"en_US\" \/>\n<meta property=\"og:type\" content=\"article\" \/>\n<meta property=\"og:title\" content=\"MALOUET Pierre-Victor Examen de cette question : Quel sera pour les colonies de l&#039;Am\u00e9rique le r\u00e9sultat de la R\u00e9volution fran\u00e7oise, de la guerre qui en est la suite, &amp; de la paix qui doit la terminer ? - Libairie Clavreuil\" \/>\n<meta property=\"og:description\" content=\"8vo (198 x 123 mm) 29 pp. Stitched, as issued, contemporary marbled wrappers.\" \/>\n<meta property=\"og:url\" content=\"https:\/\/www.librairieclavreuil.com\/produit\/malouet-pierre-victor-examen-de-cette-question-quel-sera-pour-les-colonies-de-lamerique-le-resultat-de-la-revolution-francoise-de-la-guerre-qui-en-est-la-suite-de-la-paix-qui-doit-la-term\/\" \/>\n<meta property=\"og:site_name\" content=\"Libairie Clavreuil\" \/>\n<meta property=\"article:modified_time\" content=\"2024-10-31T16:44:53+00:00\" \/>\n<meta property=\"og:image\" content=\"https:\/\/www.librairieclavreuil.com\/wp-content\/uploads\/2024\/10\/pierre-victor-malouet-examen-de-cette-question-quel-sera-pour-les-colonies-de-l-amerique-le-resultat-de-la-revolution-francoise-de-la-guerre-6723b3cf3a473.jpg\" \/>\n\t<meta property=\"og:image:width\" content=\"622\" \/>\n\t<meta property=\"og:image:height\" content=\"800\" \/>\n\t<meta property=\"og:image:type\" content=\"image\/jpeg\" \/>\n<meta name=\"twitter:card\" content=\"summary_large_image\" \/>\n<meta name=\"twitter:label1\" content=\"Est. reading time\" \/>\n\t<meta name=\"twitter:data1\" content=\"1 minute\" \/>\n<script type=\"application\/ld+json\" class=\"yoast-schema-graph\">{\"@context\":\"https:\/\/schema.org\",\"@graph\":[{\"@type\":\"WebPage\",\"@id\":\"https:\/\/www.librairieclavreuil.com\/produit\/malouet-pierre-victor-examen-de-cette-question-quel-sera-pour-les-colonies-de-lamerique-le-resultat-de-la-revolution-francoise-de-la-guerre-qui-en-est-la-suite-de-la-paix-qui-doit-la-term\/\",\"url\":\"https:\/\/www.librairieclavreuil.com\/produit\/malouet-pierre-victor-examen-de-cette-question-quel-sera-pour-les-colonies-de-lamerique-le-resultat-de-la-revolution-francoise-de-la-guerre-qui-en-est-la-suite-de-la-paix-qui-doit-la-term\/\",\"name\":\"MALOUET Pierre-Victor Examen de cette question : Quel sera pour les colonies de l'Am\u00e9rique le r\u00e9sultat de la R\u00e9volution fran\u00e7oise, de la guerre qui en est la suite, &amp; de la paix qui doit la terminer ? - Libairie Clavreuil\",\"isPartOf\":{\"@id\":\"https:\/\/www.librairieclavreuil.com\/#website\"},\"primaryImageOfPage\":{\"@id\":\"https:\/\/www.librairieclavreuil.com\/produit\/malouet-pierre-victor-examen-de-cette-question-quel-sera-pour-les-colonies-de-lamerique-le-resultat-de-la-revolution-francoise-de-la-guerre-qui-en-est-la-suite-de-la-paix-qui-doit-la-term\/#primaryimage\"},\"image\":{\"@id\":\"https:\/\/www.librairieclavreuil.com\/produit\/malouet-pierre-victor-examen-de-cette-question-quel-sera-pour-les-colonies-de-lamerique-le-resultat-de-la-revolution-francoise-de-la-guerre-qui-en-est-la-suite-de-la-paix-qui-doit-la-term\/#primaryimage\"},\"thumbnailUrl\":\"https:\/\/www.librairieclavreuil.com\/wp-content\/uploads\/2024\/10\/pierre-victor-malouet-examen-de-cette-question-quel-sera-pour-les-colonies-de-l-amerique-le-resultat-de-la-revolution-francoise-de-la-guerre-6723b3cf3a473.jpg\",\"datePublished\":\"2024-10-31T16:44:38+00:00\",\"dateModified\":\"2024-10-31T16:44:53+00:00\",\"breadcrumb\":{\"@id\":\"https:\/\/www.librairieclavreuil.com\/produit\/malouet-pierre-victor-examen-de-cette-question-quel-sera-pour-les-colonies-de-lamerique-le-resultat-de-la-revolution-francoise-de-la-guerre-qui-en-est-la-suite-de-la-paix-qui-doit-la-term\/#breadcrumb\"},\"inLanguage\":\"en-US\",\"potentialAction\":[{\"@type\":\"ReadAction\",\"target\":[\"https:\/\/www.librairieclavreuil.com\/produit\/malouet-pierre-victor-examen-de-cette-question-quel-sera-pour-les-colonies-de-lamerique-le-resultat-de-la-revolution-francoise-de-la-guerre-qui-en-est-la-suite-de-la-paix-qui-doit-la-term\/\"]}]},{\"@type\":\"ImageObject\",\"inLanguage\":\"en-US\",\"@id\":\"https:\/\/www.librairieclavreuil.com\/produit\/malouet-pierre-victor-examen-de-cette-question-quel-sera-pour-les-colonies-de-lamerique-le-resultat-de-la-revolution-francoise-de-la-guerre-qui-en-est-la-suite-de-la-paix-qui-doit-la-term\/#primaryimage\",\"url\":\"https:\/\/www.librairieclavreuil.com\/wp-content\/uploads\/2024\/10\/pierre-victor-malouet-examen-de-cette-question-quel-sera-pour-les-colonies-de-l-amerique-le-resultat-de-la-revolution-francoise-de-la-guerre-6723b3cf3a473.jpg\",\"contentUrl\":\"https:\/\/www.librairieclavreuil.com\/wp-content\/uploads\/2024\/10\/pierre-victor-malouet-examen-de-cette-question-quel-sera-pour-les-colonies-de-l-amerique-le-resultat-de-la-revolution-francoise-de-la-guerre-6723b3cf3a473.jpg\",\"width\":622,\"height\":800},{\"@type\":\"BreadcrumbList\",\"@id\":\"https:\/\/www.librairieclavreuil.com\/produit\/malouet-pierre-victor-examen-de-cette-question-quel-sera-pour-les-colonies-de-lamerique-le-resultat-de-la-revolution-francoise-de-la-guerre-qui-en-est-la-suite-de-la-paix-qui-doit-la-term\/#breadcrumb\",\"itemListElement\":[{\"@type\":\"ListItem\",\"position\":1,\"name\":\"Accueil\",\"item\":\"https:\/\/www.librairieclavreuil.com\/\"},{\"@type\":\"ListItem\",\"position\":2,\"name\":\"All our books\",\"item\":\"https:\/\/www.librairieclavreuil.com\/en\/all-our-books\/\"},{\"@type\":\"ListItem\",\"position\":3,\"name\":\"MALOUET Pierre-Victor Examen de cette question : Quel...\"}]},{\"@type\":\"WebSite\",\"@id\":\"https:\/\/www.librairieclavreuil.com\/#website\",\"url\":\"https:\/\/www.librairieclavreuil.com\/\",\"name\":\"Libairie Clavreuil\",\"description\":\"Livres anciens, manuscrits rares et \u00e9ditions originales \u2013 Librairie Clavreuil\",\"publisher\":{\"@id\":\"https:\/\/www.librairieclavreuil.com\/#organization\"},\"potentialAction\":[{\"@type\":\"SearchAction\",\"target\":{\"@type\":\"EntryPoint\",\"urlTemplate\":\"https:\/\/www.librairieclavreuil.com\/?s={search_term_string}\"},\"query-input\":{\"@type\":\"PropertyValueSpecification\",\"valueRequired\":true,\"valueName\":\"search_term_string\"}}],\"inLanguage\":\"en-US\"},{\"@type\":\"Organization\",\"@id\":\"https:\/\/www.librairieclavreuil.com\/#organization\",\"name\":\"Libairie Clavreuil\",\"url\":\"https:\/\/www.librairieclavreuil.com\/\",\"logo\":{\"@type\":\"ImageObject\",\"inLanguage\":\"en-US\",\"@id\":\"https:\/\/www.librairieclavreuil.com\/#\/schema\/logo\/image\/\",\"url\":\"https:\/\/www.librairieclavreuil.com\/wp-content\/uploads\/2021\/06\/cropped-LOGO_PNG_DATE-_gold-512x512-1.png\",\"contentUrl\":\"https:\/\/www.librairieclavreuil.com\/wp-content\/uploads\/2021\/06\/cropped-LOGO_PNG_DATE-_gold-512x512-1.png\",\"width\":512,\"height\":512,\"caption\":\"Libairie Clavreuil\"},\"image\":{\"@id\":\"https:\/\/www.librairieclavreuil.com\/#\/schema\/logo\/image\/\"},\"sameAs\":[\"https:\/\/www.instagram.com\/librairieclavreuil\/\"]}]}<\/script>\n<!-- \/ Yoast SEO plugin. -->","yoast_head_json":{"title":"MALOUET Pierre-Victor Examen de cette question : Quel sera pour les colonies de l'Am\u00e9rique le r\u00e9sultat de la R\u00e9volution fran\u00e7oise, de la guerre qui en est la suite, &amp; de la paix qui doit la terminer ? - Libairie Clavreuil","robots":{"index":"index","follow":"follow","max-snippet":"max-snippet:-1","max-image-preview":"max-image-preview:large","max-video-preview":"max-video-preview:-1"},"canonical":"https:\/\/www.librairieclavreuil.com\/produit\/malouet-pierre-victor-examen-de-cette-question-quel-sera-pour-les-colonies-de-lamerique-le-resultat-de-la-revolution-francoise-de-la-guerre-qui-en-est-la-suite-de-la-paix-qui-doit-la-term\/","og_locale":"en_US","og_type":"article","og_title":"MALOUET Pierre-Victor Examen de cette question : Quel sera pour les colonies de l'Am\u00e9rique le r\u00e9sultat de la R\u00e9volution fran\u00e7oise, de la guerre qui en est la suite, &amp; de la paix qui doit la terminer ? - Libairie Clavreuil","og_description":"8vo (198 x 123 mm) 29 pp. Stitched, as issued, contemporary marbled wrappers.","og_url":"https:\/\/www.librairieclavreuil.com\/produit\/malouet-pierre-victor-examen-de-cette-question-quel-sera-pour-les-colonies-de-lamerique-le-resultat-de-la-revolution-francoise-de-la-guerre-qui-en-est-la-suite-de-la-paix-qui-doit-la-term\/","og_site_name":"Libairie Clavreuil","article_modified_time":"2024-10-31T16:44:53+00:00","og_image":[{"width":622,"height":800,"url":"https:\/\/www.librairieclavreuil.com\/wp-content\/uploads\/2024\/10\/pierre-victor-malouet-examen-de-cette-question-quel-sera-pour-les-colonies-de-l-amerique-le-resultat-de-la-revolution-francoise-de-la-guerre-6723b3cf3a473.jpg","type":"image\/jpeg"}],"twitter_card":"summary_large_image","twitter_misc":{"Est. reading time":"1 minute"},"schema":{"@context":"https:\/\/schema.org","@graph":[{"@type":"WebPage","@id":"https:\/\/www.librairieclavreuil.com\/produit\/malouet-pierre-victor-examen-de-cette-question-quel-sera-pour-les-colonies-de-lamerique-le-resultat-de-la-revolution-francoise-de-la-guerre-qui-en-est-la-suite-de-la-paix-qui-doit-la-term\/","url":"https:\/\/www.librairieclavreuil.com\/produit\/malouet-pierre-victor-examen-de-cette-question-quel-sera-pour-les-colonies-de-lamerique-le-resultat-de-la-revolution-francoise-de-la-guerre-qui-en-est-la-suite-de-la-paix-qui-doit-la-term\/","name":"MALOUET Pierre-Victor Examen de cette question : Quel sera pour les colonies de l'Am\u00e9rique le r\u00e9sultat de la R\u00e9volution fran\u00e7oise, de la guerre qui en est la suite, &amp; de la paix qui doit la terminer ? - Libairie Clavreuil","isPartOf":{"@id":"https:\/\/www.librairieclavreuil.com\/#website"},"primaryImageOfPage":{"@id":"https:\/\/www.librairieclavreuil.com\/produit\/malouet-pierre-victor-examen-de-cette-question-quel-sera-pour-les-colonies-de-lamerique-le-resultat-de-la-revolution-francoise-de-la-guerre-qui-en-est-la-suite-de-la-paix-qui-doit-la-term\/#primaryimage"},"image":{"@id":"https:\/\/www.librairieclavreuil.com\/produit\/malouet-pierre-victor-examen-de-cette-question-quel-sera-pour-les-colonies-de-lamerique-le-resultat-de-la-revolution-francoise-de-la-guerre-qui-en-est-la-suite-de-la-paix-qui-doit-la-term\/#primaryimage"},"thumbnailUrl":"https:\/\/www.librairieclavreuil.com\/wp-content\/uploads\/2024\/10\/pierre-victor-malouet-examen-de-cette-question-quel-sera-pour-les-colonies-de-l-amerique-le-resultat-de-la-revolution-francoise-de-la-guerre-6723b3cf3a473.jpg","datePublished":"2024-10-31T16:44:38+00:00","dateModified":"2024-10-31T16:44:53+00:00","breadcrumb":{"@id":"https:\/\/www.librairieclavreuil.com\/produit\/malouet-pierre-victor-examen-de-cette-question-quel-sera-pour-les-colonies-de-lamerique-le-resultat-de-la-revolution-francoise-de-la-guerre-qui-en-est-la-suite-de-la-paix-qui-doit-la-term\/#breadcrumb"},"inLanguage":"en-US","potentialAction":[{"@type":"ReadAction","target":["https:\/\/www.librairieclavreuil.com\/produit\/malouet-pierre-victor-examen-de-cette-question-quel-sera-pour-les-colonies-de-lamerique-le-resultat-de-la-revolution-francoise-de-la-guerre-qui-en-est-la-suite-de-la-paix-qui-doit-la-term\/"]}]},{"@type":"ImageObject","inLanguage":"en-US","@id":"https:\/\/www.librairieclavreuil.com\/produit\/malouet-pierre-victor-examen-de-cette-question-quel-sera-pour-les-colonies-de-lamerique-le-resultat-de-la-revolution-francoise-de-la-guerre-qui-en-est-la-suite-de-la-paix-qui-doit-la-term\/#primaryimage","url":"https:\/\/www.librairieclavreuil.com\/wp-content\/uploads\/2024\/10\/pierre-victor-malouet-examen-de-cette-question-quel-sera-pour-les-colonies-de-l-amerique-le-resultat-de-la-revolution-francoise-de-la-guerre-6723b3cf3a473.jpg","contentUrl":"https:\/\/www.librairieclavreuil.com\/wp-content\/uploads\/2024\/10\/pierre-victor-malouet-examen-de-cette-question-quel-sera-pour-les-colonies-de-l-amerique-le-resultat-de-la-revolution-francoise-de-la-guerre-6723b3cf3a473.jpg","width":622,"height":800},{"@type":"BreadcrumbList","@id":"https:\/\/www.librairieclavreuil.com\/produit\/malouet-pierre-victor-examen-de-cette-question-quel-sera-pour-les-colonies-de-lamerique-le-resultat-de-la-revolution-francoise-de-la-guerre-qui-en-est-la-suite-de-la-paix-qui-doit-la-term\/#breadcrumb","itemListElement":[{"@type":"ListItem","position":1,"name":"Accueil","item":"https:\/\/www.librairieclavreuil.com\/"},{"@type":"ListItem","position":2,"name":"All our books","item":"https:\/\/www.librairieclavreuil.com\/en\/all-our-books\/"},{"@type":"ListItem","position":3,"name":"MALOUET Pierre-Victor Examen de cette question : Quel..."}]},{"@type":"WebSite","@id":"https:\/\/www.librairieclavreuil.com\/#website","url":"https:\/\/www.librairieclavreuil.com\/","name":"Libairie Clavreuil","description":"Livres anciens, manuscrits rares et \u00e9ditions originales \u2013 Librairie Clavreuil","publisher":{"@id":"https:\/\/www.librairieclavreuil.com\/#organization"},"potentialAction":[{"@type":"SearchAction","target":{"@type":"EntryPoint","urlTemplate":"https:\/\/www.librairieclavreuil.com\/?s={search_term_string}"},"query-input":{"@type":"PropertyValueSpecification","valueRequired":true,"valueName":"search_term_string"}}],"inLanguage":"en-US"},{"@type":"Organization","@id":"https:\/\/www.librairieclavreuil.com\/#organization","name":"Libairie Clavreuil","url":"https:\/\/www.librairieclavreuil.com\/","logo":{"@type":"ImageObject","inLanguage":"en-US","@id":"https:\/\/www.librairieclavreuil.com\/#\/schema\/logo\/image\/","url":"https:\/\/www.librairieclavreuil.com\/wp-content\/uploads\/2021\/06\/cropped-LOGO_PNG_DATE-_gold-512x512-1.png","contentUrl":"https:\/\/www.librairieclavreuil.com\/wp-content\/uploads\/2021\/06\/cropped-LOGO_PNG_DATE-_gold-512x512-1.png","width":512,"height":512,"caption":"Libairie Clavreuil"},"image":{"@id":"https:\/\/www.librairieclavreuil.com\/#\/schema\/logo\/image\/"},"sameAs":["https:\/\/www.instagram.com\/librairieclavreuil\/"]}]}},"jetpack_sharing_enabled":true,"_links":{"self":[{"href":"https:\/\/www.librairieclavreuil.com\/en\/wp-json\/wp\/v2\/product\/81869","targetHints":{"allow":["GET"]}}],"collection":[{"href":"https:\/\/www.librairieclavreuil.com\/en\/wp-json\/wp\/v2\/product"}],"about":[{"href":"https:\/\/www.librairieclavreuil.com\/en\/wp-json\/wp\/v2\/types\/product"}],"replies":[{"embeddable":true,"href":"https:\/\/www.librairieclavreuil.com\/en\/wp-json\/wp\/v2\/comments?post=81869"}],"wp:featuredmedia":[{"embeddable":true,"href":"https:\/\/www.librairieclavreuil.com\/en\/wp-json\/wp\/v2\/media\/81866"}],"wp:attachment":[{"href":"https:\/\/www.librairieclavreuil.com\/en\/wp-json\/wp\/v2\/media?parent=81869"}],"wp:term":[{"taxonomy":"product_brand","embeddable":true,"href":"https:\/\/www.librairieclavreuil.com\/en\/wp-json\/wp\/v2\/product_brand?post=81869"},{"taxonomy":"product_cat","embeddable":true,"href":"https:\/\/www.librairieclavreuil.com\/en\/wp-json\/wp\/v2\/product_cat?post=81869"},{"taxonomy":"product_tag","embeddable":true,"href":"https:\/\/www.librairieclavreuil.com\/en\/wp-json\/wp\/v2\/product_tag?post=81869"}],"curies":[{"name":"wp","href":"https:\/\/api.w.org\/{rel}","templated":true}]}}