{"id":81795,"date":"2024-10-29T17:22:32","date_gmt":"2024-10-29T16:22:32","guid":{"rendered":"https:\/\/www.librairieclavreuil.com\/estienne-charles-lagriculture-et-maison-rustique-en-laquelle-est-contenu-tout-ce-qui-peut-estre-requis-pour-bastir-maison-champestre-nourrir-medeciner-bestial-volaille-de-toutes-so\/"},"modified":"2024-10-29T17:22:52","modified_gmt":"2024-10-29T16:22:52","slug":"estienne-charles-lagriculture-et-maison-rustique-en-laquelle-est-contenu-tout-ce-qui-peut-estre-requis-pour-bastir-maison-champestre-nourrir-medeciner-bestial-volaille-de-toutes-so","status":"publish","type":"product","link":"https:\/\/www.librairieclavreuil.com\/en\/estienne-charles-lagriculture-et-maison-rustique-en-laquelle-est-contenu-tout-ce-qui-peut-estre-requis-pour-bastir-maison-champestre-nourrir-medeciner-bestial-volaille-de-toutes-so\/","title":{"rendered":"ESTIENNE Charles L&#8217;Agriculture et Maison Rustique&#8230; En laquelle..."},"content":{"rendered":"<p><i>Frank, I, 234-235 (for the Lyon counterfeit of 1565)<\/i>;<i> Thi\u00e9baud, 338; Souhart, 169; Schwerdt, I, 165 (&#8220;very rare&#8221;); Jeanson, 211; Brunet II, 1074; IA 165.309; Mortimer, French, 214 note; Simon, Bacchica, II, 224 &amp; Gastronomica, 610 note; Arents, 12 note; Einaudi, 1790 note.<\/i><\/p>\n<p><span style=\"font-variant:small-caps\">Extremely rare first edition of the first major treatise on agronomy in French.<\/span><\/p>\n<p style=\"text-align:justify\">First edition, first issue, with the errata leaf (the Jeanson copy that appeared in the famous 1987 sale was in second issue, with the corrected errata and therefore without the errata leaf).<\/p>\n<p style=\"text-align:justify\"><i>La Maison rustique<\/i> is a treatise on agriculture, gastronomy, botany, gardening, and domestic medicine. A large part of the book is devoted to livestock, how to make butter and cheese, poultry (hens, geese, peacocks, pheasants, thrushes, quails, pigeons), kennels, horse-breeding, vegetable and ornamental gardens, medicinal plants, orchards, and beekeeping. There are also many recipes for preserved fruit, jams, and oils.<\/p>\n<p style=\"text-align:justify\">Estienne also devotes many chapters to the making of wines, beers, and liqueurs, to the cultivation of the vine; he gives advice on distillation, baking, pastry-making, verjuice and vinegar.<\/p>\n<p style=\"text-align:justify\">Finally, this work is of great importance in hunting literature, the end of the volume (leaves 136-155) being entirely devoted to venery, fox hunting, boar hunting and falconry.<\/p>\n<p style=\"text-align:justify\">The chapter on falconry opens with general consideration on the subject with a note printed in the margin indicating that this is actually a recently created sport (\u201c<i>Fauconnerie est un art recent<\/i>\u201d). The chapter continues with considerations on which birds of prey are useful for the sport, followed by a general description of vultures, buzzards, etc. The final portion gives details on bird hunting with the help of whistles.<\/p>\n<p style=\"text-align:justify\">This text was well received by the public and Souhart lists 109 editions of this book printed in five different languages: French, Italian, German, English and Latin.<\/p>\n<p style=\"text-align:justify\">&#8220;Charles Estienne (vers 1504-1564), fr\u00e8re de Robert I, form\u00e9 dans l\u2019atelier familial et en Italie, devenu tardivement m\u00e9decin (1542), publie \u00e0 partir de 1535 des opuscules p\u00e9dagogiques sur les diff\u00e9rents aspects du lexique agricole latin (le jardin, la p\u00e9pini\u00e8re, la vigne\u2026), pour lesquels il convoque aussi un riche vocabulaire fran\u00e7ais sp\u00e9cialis\u00e9 afin de faciliter la compr\u00e9hension des textes classiques. En 1554, alors qu\u2019il a pris la direction de l\u2019atelier parisien apr\u00e8s le d\u00e9part de Robert \u00e0 Gen\u00e8ve, il tire de ces opuscules un vaste trait\u00e9 latin, le <i>Praedium rusticum<\/i> (&#8216;domaine rustique&#8217;), destin\u00e9 aux \u00ab jeunes gens qui \u00e9tudient les bonnes lettres \u00bb, mais que son organisation syst\u00e9matique en 10 livres et son copieux index offrent aussi \u00e0 une consultation \u00ab pratique \u00bb. Enfin, en 1564, alors qu\u2019il est emprisonn\u00e9 pour dettes, il fait para\u00eetre un livre fran\u00e7ais au titre analogue, <i>L\u2019Agriculture, et Maison rustique<\/i>, mais au contenu enti\u00e8rement renouvel\u00e9, visant cette fois \u00e0 r\u00e9unir \u00ab<i>tout ce qui peut estre requis pour la perfection de l\u2019agriculture Fran\u00e7oise<\/i> \u00bb.<\/p>\n<p style=\"text-align:justify\">Charles Estienne n\u2019est pas lui-m\u00eame propri\u00e9taire terrien. Le savoir qu\u2019il rassemble est issu de ses lectures, de sa connaissance du pays (il en a d\u00e9j\u00e0 tir\u00e9 en 1552 <i>La Guide des chemins de France<\/i>) et de ses enqu\u00eates : il dit avoir \u00e9t\u00e9 \u00ab <i>contraint de rustiquer souventesfois, et familierement converser avec toute sorte de gents rustiques <\/i>\u00bb. Il peut se pr\u00e9senter alors comme \u00ab <i>auteur oculaire et quasi practicien<\/i> \u00bb. Organis\u00e9 en six livres th\u00e9matiques (maison, jardin, verger, prairie et \u00e9tang, labours et vignes, chasses), sur le mod\u00e8le des trait\u00e9s de Caton et Columelle, r\u00e9dig\u00e9 en brefs chapitres et compl\u00e9t\u00e9 par un index, l\u2019ouvrage est \u00e0 la fois un recueil de conseils pratiques, un vaste tableau des plaisirs rustiques et une somme linguistique sur le lexique agricole fran\u00e7ais. Il se pr\u00eate ainsi \u00e0 des lectures particuli\u00e8rement vari\u00e9es, ce que va confirmer son impressionnant succ\u00e8s&#8221;. Michel Jourde, <i>Le succ\u00e8s de la Maison rustique (1564).<\/i> Biblioth\u00e8que municipale de Lyon, exposition en ligne.<\/p>\n<p style=\"text-align:justify\">Carefully washed, title with small restoration in the margin not touching text.<\/p>\n<p style=\"text-align:justify\">Provenance : Kilian Fritsch (his book plate with the motto &#8216;\u00e9perons de nos vertus&#8217;) &#8211; Pierre de Crombrugghe.<\/p>\n","protected":false},"excerpt":{"rendered":"<p style=\"text-align:justify\">4to (228 x 156 mm) 10 unn.ll., (including last blank), 155 num.ll., 13 unn.ll.(11 index, errata, and the last blank). Nineteenth-century red morocco by Veuve Pouillet, triple gilt filet on covers, spine with raised bands gilt in compartments, gilt edges.<\/p>\n","protected":false},"featured_media":81784,"comment_status":"open","ping_status":"closed","template":"","meta":{"_acf_changed":false},"product_brand":[],"product_cat":[534],"product_tag":[1348,1450,566,1229],"class_list":{"0":"post-81795","1":"product","2":"type-product","3":"status-publish","4":"has-post-thumbnail","6":"product_cat-hunting","7":"product_tag-apiculture-2","8":"product_tag-first-edition","9":"product_tag-hunting","10":"product_tag-oenology","11":"pa_auteur-estienne-charles-2","12":"pa_type-de-livre-printed-book","14":"first","15":"outofstock","16":"shipping-taxable","17":"purchasable","18":"product-type-simple"},"acf":{"artist":" Charles ESTIENNE","chapeau":"The first important work on agronomy in French\r\nWith a very accurate treatise on hunting and falconry","adresse_bibliographique":"Paris, Jacques du Puis, 1564","book_type":"Printed book","provenance":"","afficher_prix":""},"yoast_head":"<!-- This site is optimized with the Yoast SEO plugin v24.7 - https:\/\/yoast.com\/wordpress\/plugins\/seo\/ -->\n<title>ESTIENNE Charles L&#039;Agriculture et Maison Rustique... En laquelle est contenu tout ce qui peut estre requis, pour bastir maison champestre, nourrir &amp; medeciner bestial &amp; volaille de toutes sortes, dresser jardins, tant potagers que parterres, gouverner mouches \u00e0 miel, planter et enter toute sorte d&#039;arbres fruictiers, entretenir les prez, viviers &amp; estangs, labourer les terres \u00e0 grains, fa\u00e7onner les vignes, planter bois de haute afustaye &amp; taillis, bastir la Garenne, la Haironniere &amp; le parc pour les bestes sauvages. Plus un bref recueil de la chasse &amp; de la fauconnerie. - Libairie Clavreuil<\/title>\n<meta name=\"robots\" content=\"index, follow, max-snippet:-1, max-image-preview:large, max-video-preview:-1\" \/>\n<link rel=\"canonical\" href=\"https:\/\/www.librairieclavreuil.com\/en\/estienne-charles-lagriculture-et-maison-rustique-en-laquelle-est-contenu-tout-ce-qui-peut-estre-requis-pour-bastir-maison-champestre-nourrir-medeciner-bestial-volaille-de-toutes-so\/\" \/>\n<meta property=\"og:locale\" content=\"en_US\" \/>\n<meta property=\"og:type\" content=\"article\" \/>\n<meta property=\"og:title\" content=\"ESTIENNE Charles L&#039;Agriculture et Maison Rustique... En laquelle est contenu tout ce qui peut estre requis, pour bastir maison champestre, nourrir &amp; medeciner bestial &amp; volaille de toutes sortes, dresser jardins, tant potagers que parterres, gouverner mouches \u00e0 miel, planter et enter toute sorte d&#039;arbres fruictiers, entretenir les prez, viviers &amp; estangs, labourer les terres \u00e0 grains, fa\u00e7onner les vignes, planter bois de haute afustaye &amp; taillis, bastir la Garenne, la Haironniere &amp; le parc pour les bestes sauvages. Plus un bref recueil de la chasse &amp; de la fauconnerie. - Libairie Clavreuil\" \/>\n<meta property=\"og:description\" content=\"4to (228 x 156 mm) 10 unn.ll., (including last blank), 155 num.ll., 13 unn.ll.(11 index, errata, and the last blank). Nineteenth-century red morocco by Veuve Pouillet, triple gilt filet on covers, spine with raised bands gilt in compartments, gilt edges.\" \/>\n<meta property=\"og:url\" content=\"https:\/\/www.librairieclavreuil.com\/en\/estienne-charles-lagriculture-et-maison-rustique-en-laquelle-est-contenu-tout-ce-qui-peut-estre-requis-pour-bastir-maison-champestre-nourrir-medeciner-bestial-volaille-de-toutes-so\/\" \/>\n<meta property=\"og:site_name\" content=\"Libairie Clavreuil\" \/>\n<meta property=\"article:modified_time\" content=\"2024-10-29T16:22:52+00:00\" \/>\n<meta property=\"og:image\" content=\"https:\/\/www.librairieclavreuil.com\/wp-content\/uploads\/2024\/10\/charles-estienne-l-agriculture-et-maison-rustique-en-laquelle-est-contenu-tout-ce-qui-peut-estre-requis-pour-bastir-maison-champestre-nourri-67210b527fb85.jpg\" \/>\n\t<meta property=\"og:image:width\" content=\"622\" \/>\n\t<meta property=\"og:image:height\" content=\"800\" \/>\n\t<meta property=\"og:image:type\" content=\"image\/jpeg\" \/>\n<meta name=\"twitter:card\" content=\"summary_large_image\" \/>\n<meta name=\"twitter:label1\" content=\"Est. reading time\" \/>\n\t<meta name=\"twitter:data1\" content=\"3 minutes\" \/>\n<script type=\"application\/ld+json\" class=\"yoast-schema-graph\">{\"@context\":\"https:\/\/schema.org\",\"@graph\":[{\"@type\":\"WebPage\",\"@id\":\"https:\/\/www.librairieclavreuil.com\/en\/estienne-charles-lagriculture-et-maison-rustique-en-laquelle-est-contenu-tout-ce-qui-peut-estre-requis-pour-bastir-maison-champestre-nourrir-medeciner-bestial-volaille-de-toutes-so\/\",\"url\":\"https:\/\/www.librairieclavreuil.com\/en\/estienne-charles-lagriculture-et-maison-rustique-en-laquelle-est-contenu-tout-ce-qui-peut-estre-requis-pour-bastir-maison-champestre-nourrir-medeciner-bestial-volaille-de-toutes-so\/\",\"name\":\"ESTIENNE Charles L'Agriculture et Maison Rustique... En laquelle est contenu tout ce qui peut estre requis, pour bastir maison champestre, nourrir &amp; medeciner bestial &amp; volaille de toutes sortes, dresser jardins, tant potagers que parterres, gouverner mouches \u00e0 miel, planter et enter toute sorte d'arbres fruictiers, entretenir les prez, viviers &amp; estangs, labourer les terres \u00e0 grains, fa\u00e7onner les vignes, planter bois de haute afustaye &amp; taillis, bastir la Garenne, la Haironniere &amp; le parc pour les bestes sauvages. Plus un bref recueil de la chasse &amp; de la fauconnerie. - Libairie Clavreuil\",\"isPartOf\":{\"@id\":\"https:\/\/www.librairieclavreuil.com\/#website\"},\"primaryImageOfPage\":{\"@id\":\"https:\/\/www.librairieclavreuil.com\/en\/estienne-charles-lagriculture-et-maison-rustique-en-laquelle-est-contenu-tout-ce-qui-peut-estre-requis-pour-bastir-maison-champestre-nourrir-medeciner-bestial-volaille-de-toutes-so\/#primaryimage\"},\"image\":{\"@id\":\"https:\/\/www.librairieclavreuil.com\/en\/estienne-charles-lagriculture-et-maison-rustique-en-laquelle-est-contenu-tout-ce-qui-peut-estre-requis-pour-bastir-maison-champestre-nourrir-medeciner-bestial-volaille-de-toutes-so\/#primaryimage\"},\"thumbnailUrl\":\"https:\/\/www.librairieclavreuil.com\/wp-content\/uploads\/2024\/10\/charles-estienne-l-agriculture-et-maison-rustique-en-laquelle-est-contenu-tout-ce-qui-peut-estre-requis-pour-bastir-maison-champestre-nourri-67210b527fb85.jpg\",\"datePublished\":\"2024-10-29T16:22:32+00:00\",\"dateModified\":\"2024-10-29T16:22:52+00:00\",\"breadcrumb\":{\"@id\":\"https:\/\/www.librairieclavreuil.com\/en\/estienne-charles-lagriculture-et-maison-rustique-en-laquelle-est-contenu-tout-ce-qui-peut-estre-requis-pour-bastir-maison-champestre-nourrir-medeciner-bestial-volaille-de-toutes-so\/#breadcrumb\"},\"inLanguage\":\"en-US\",\"potentialAction\":[{\"@type\":\"ReadAction\",\"target\":[\"https:\/\/www.librairieclavreuil.com\/en\/estienne-charles-lagriculture-et-maison-rustique-en-laquelle-est-contenu-tout-ce-qui-peut-estre-requis-pour-bastir-maison-champestre-nourrir-medeciner-bestial-volaille-de-toutes-so\/\"]}]},{\"@type\":\"ImageObject\",\"inLanguage\":\"en-US\",\"@id\":\"https:\/\/www.librairieclavreuil.com\/en\/estienne-charles-lagriculture-et-maison-rustique-en-laquelle-est-contenu-tout-ce-qui-peut-estre-requis-pour-bastir-maison-champestre-nourrir-medeciner-bestial-volaille-de-toutes-so\/#primaryimage\",\"url\":\"https:\/\/www.librairieclavreuil.com\/wp-content\/uploads\/2024\/10\/charles-estienne-l-agriculture-et-maison-rustique-en-laquelle-est-contenu-tout-ce-qui-peut-estre-requis-pour-bastir-maison-champestre-nourri-67210b527fb85.jpg\",\"contentUrl\":\"https:\/\/www.librairieclavreuil.com\/wp-content\/uploads\/2024\/10\/charles-estienne-l-agriculture-et-maison-rustique-en-laquelle-est-contenu-tout-ce-qui-peut-estre-requis-pour-bastir-maison-champestre-nourri-67210b527fb85.jpg\",\"width\":622,\"height\":800},{\"@type\":\"BreadcrumbList\",\"@id\":\"https:\/\/www.librairieclavreuil.com\/en\/estienne-charles-lagriculture-et-maison-rustique-en-laquelle-est-contenu-tout-ce-qui-peut-estre-requis-pour-bastir-maison-champestre-nourrir-medeciner-bestial-volaille-de-toutes-so\/#breadcrumb\",\"itemListElement\":[{\"@type\":\"ListItem\",\"position\":1,\"name\":\"Accueil\",\"item\":\"https:\/\/www.librairieclavreuil.com\/\"},{\"@type\":\"ListItem\",\"position\":2,\"name\":\"All our books\",\"item\":\"https:\/\/www.librairieclavreuil.com\/en\/all-our-books\/\"},{\"@type\":\"ListItem\",\"position\":3,\"name\":\"ESTIENNE Charles L&#8217;Agriculture et Maison Rustique&#8230; En laquelle est contenu tout ce qui peut estre requis, pour bastir maison champestre, nourrir &amp; medeciner bestial &amp; volaille de toutes sortes, dresser jardins, tant potagers que parterres, gouverner mouches \u00e0 miel, planter et enter toute sorte d&#8217;arbres fruictiers, entretenir les prez, viviers &amp; estangs, labourer les terres \u00e0 grains, fa\u00e7onner les vignes, planter bois de haute afustaye &amp; taillis, bastir la Garenne, la Haironniere &amp; le parc pour les bestes sauvages. Plus un bref recueil de la chasse &amp; de la fauconnerie.\"}]},{\"@type\":\"WebSite\",\"@id\":\"https:\/\/www.librairieclavreuil.com\/#website\",\"url\":\"https:\/\/www.librairieclavreuil.com\/\",\"name\":\"Libairie Clavreuil\",\"description\":\"Livres anciens, manuscrits rares et \u00e9ditions originales \u2013 Librairie Clavreuil\",\"publisher\":{\"@id\":\"https:\/\/www.librairieclavreuil.com\/#organization\"},\"potentialAction\":[{\"@type\":\"SearchAction\",\"target\":{\"@type\":\"EntryPoint\",\"urlTemplate\":\"https:\/\/www.librairieclavreuil.com\/?s={search_term_string}\"},\"query-input\":{\"@type\":\"PropertyValueSpecification\",\"valueRequired\":true,\"valueName\":\"search_term_string\"}}],\"inLanguage\":\"en-US\"},{\"@type\":\"Organization\",\"@id\":\"https:\/\/www.librairieclavreuil.com\/#organization\",\"name\":\"Libairie Clavreuil\",\"url\":\"https:\/\/www.librairieclavreuil.com\/\",\"logo\":{\"@type\":\"ImageObject\",\"inLanguage\":\"en-US\",\"@id\":\"https:\/\/www.librairieclavreuil.com\/#\/schema\/logo\/image\/\",\"url\":\"https:\/\/www.librairieclavreuil.com\/wp-content\/uploads\/2021\/06\/cropped-LOGO_PNG_DATE-_gold-512x512-1.png\",\"contentUrl\":\"https:\/\/www.librairieclavreuil.com\/wp-content\/uploads\/2021\/06\/cropped-LOGO_PNG_DATE-_gold-512x512-1.png\",\"width\":512,\"height\":512,\"caption\":\"Libairie Clavreuil\"},\"image\":{\"@id\":\"https:\/\/www.librairieclavreuil.com\/#\/schema\/logo\/image\/\"},\"sameAs\":[\"https:\/\/www.instagram.com\/librairieclavreuil\/\"]}]}<\/script>\n<!-- \/ Yoast SEO plugin. -->","yoast_head_json":{"title":"ESTIENNE Charles L'Agriculture et Maison Rustique... En laquelle est contenu tout ce qui peut estre requis, pour bastir maison champestre, nourrir &amp; medeciner bestial &amp; volaille de toutes sortes, dresser jardins, tant potagers que parterres, gouverner mouches \u00e0 miel, planter et enter toute sorte d'arbres fruictiers, entretenir les prez, viviers &amp; estangs, labourer les terres \u00e0 grains, fa\u00e7onner les vignes, planter bois de haute afustaye &amp; taillis, bastir la Garenne, la Haironniere &amp; le parc pour les bestes sauvages. Plus un bref recueil de la chasse &amp; de la fauconnerie. - Libairie Clavreuil","robots":{"index":"index","follow":"follow","max-snippet":"max-snippet:-1","max-image-preview":"max-image-preview:large","max-video-preview":"max-video-preview:-1"},"canonical":"https:\/\/www.librairieclavreuil.com\/en\/estienne-charles-lagriculture-et-maison-rustique-en-laquelle-est-contenu-tout-ce-qui-peut-estre-requis-pour-bastir-maison-champestre-nourrir-medeciner-bestial-volaille-de-toutes-so\/","og_locale":"en_US","og_type":"article","og_title":"ESTIENNE Charles L'Agriculture et Maison Rustique... En laquelle est contenu tout ce qui peut estre requis, pour bastir maison champestre, nourrir &amp; medeciner bestial &amp; volaille de toutes sortes, dresser jardins, tant potagers que parterres, gouverner mouches \u00e0 miel, planter et enter toute sorte d'arbres fruictiers, entretenir les prez, viviers &amp; estangs, labourer les terres \u00e0 grains, fa\u00e7onner les vignes, planter bois de haute afustaye &amp; taillis, bastir la Garenne, la Haironniere &amp; le parc pour les bestes sauvages. Plus un bref recueil de la chasse &amp; de la fauconnerie. - Libairie Clavreuil","og_description":"4to (228 x 156 mm) 10 unn.ll., (including last blank), 155 num.ll., 13 unn.ll.(11 index, errata, and the last blank). Nineteenth-century red morocco by Veuve Pouillet, triple gilt filet on covers, spine with raised bands gilt in compartments, gilt edges.","og_url":"https:\/\/www.librairieclavreuil.com\/en\/estienne-charles-lagriculture-et-maison-rustique-en-laquelle-est-contenu-tout-ce-qui-peut-estre-requis-pour-bastir-maison-champestre-nourrir-medeciner-bestial-volaille-de-toutes-so\/","og_site_name":"Libairie Clavreuil","article_modified_time":"2024-10-29T16:22:52+00:00","og_image":[{"width":622,"height":800,"url":"https:\/\/www.librairieclavreuil.com\/wp-content\/uploads\/2024\/10\/charles-estienne-l-agriculture-et-maison-rustique-en-laquelle-est-contenu-tout-ce-qui-peut-estre-requis-pour-bastir-maison-champestre-nourri-67210b527fb85.jpg","type":"image\/jpeg"}],"twitter_card":"summary_large_image","twitter_misc":{"Est. reading time":"3 minutes"},"schema":{"@context":"https:\/\/schema.org","@graph":[{"@type":"WebPage","@id":"https:\/\/www.librairieclavreuil.com\/en\/estienne-charles-lagriculture-et-maison-rustique-en-laquelle-est-contenu-tout-ce-qui-peut-estre-requis-pour-bastir-maison-champestre-nourrir-medeciner-bestial-volaille-de-toutes-so\/","url":"https:\/\/www.librairieclavreuil.com\/en\/estienne-charles-lagriculture-et-maison-rustique-en-laquelle-est-contenu-tout-ce-qui-peut-estre-requis-pour-bastir-maison-champestre-nourrir-medeciner-bestial-volaille-de-toutes-so\/","name":"ESTIENNE Charles L'Agriculture et Maison Rustique... En laquelle est contenu tout ce qui peut estre requis, pour bastir maison champestre, nourrir &amp; medeciner bestial &amp; volaille de toutes sortes, dresser jardins, tant potagers que parterres, gouverner mouches \u00e0 miel, planter et enter toute sorte d'arbres fruictiers, entretenir les prez, viviers &amp; estangs, labourer les terres \u00e0 grains, fa\u00e7onner les vignes, planter bois de haute afustaye &amp; taillis, bastir la Garenne, la Haironniere &amp; le parc pour les bestes sauvages. Plus un bref recueil de la chasse &amp; de la fauconnerie. - Libairie Clavreuil","isPartOf":{"@id":"https:\/\/www.librairieclavreuil.com\/#website"},"primaryImageOfPage":{"@id":"https:\/\/www.librairieclavreuil.com\/en\/estienne-charles-lagriculture-et-maison-rustique-en-laquelle-est-contenu-tout-ce-qui-peut-estre-requis-pour-bastir-maison-champestre-nourrir-medeciner-bestial-volaille-de-toutes-so\/#primaryimage"},"image":{"@id":"https:\/\/www.librairieclavreuil.com\/en\/estienne-charles-lagriculture-et-maison-rustique-en-laquelle-est-contenu-tout-ce-qui-peut-estre-requis-pour-bastir-maison-champestre-nourrir-medeciner-bestial-volaille-de-toutes-so\/#primaryimage"},"thumbnailUrl":"https:\/\/www.librairieclavreuil.com\/wp-content\/uploads\/2024\/10\/charles-estienne-l-agriculture-et-maison-rustique-en-laquelle-est-contenu-tout-ce-qui-peut-estre-requis-pour-bastir-maison-champestre-nourri-67210b527fb85.jpg","datePublished":"2024-10-29T16:22:32+00:00","dateModified":"2024-10-29T16:22:52+00:00","breadcrumb":{"@id":"https:\/\/www.librairieclavreuil.com\/en\/estienne-charles-lagriculture-et-maison-rustique-en-laquelle-est-contenu-tout-ce-qui-peut-estre-requis-pour-bastir-maison-champestre-nourrir-medeciner-bestial-volaille-de-toutes-so\/#breadcrumb"},"inLanguage":"en-US","potentialAction":[{"@type":"ReadAction","target":["https:\/\/www.librairieclavreuil.com\/en\/estienne-charles-lagriculture-et-maison-rustique-en-laquelle-est-contenu-tout-ce-qui-peut-estre-requis-pour-bastir-maison-champestre-nourrir-medeciner-bestial-volaille-de-toutes-so\/"]}]},{"@type":"ImageObject","inLanguage":"en-US","@id":"https:\/\/www.librairieclavreuil.com\/en\/estienne-charles-lagriculture-et-maison-rustique-en-laquelle-est-contenu-tout-ce-qui-peut-estre-requis-pour-bastir-maison-champestre-nourrir-medeciner-bestial-volaille-de-toutes-so\/#primaryimage","url":"https:\/\/www.librairieclavreuil.com\/wp-content\/uploads\/2024\/10\/charles-estienne-l-agriculture-et-maison-rustique-en-laquelle-est-contenu-tout-ce-qui-peut-estre-requis-pour-bastir-maison-champestre-nourri-67210b527fb85.jpg","contentUrl":"https:\/\/www.librairieclavreuil.com\/wp-content\/uploads\/2024\/10\/charles-estienne-l-agriculture-et-maison-rustique-en-laquelle-est-contenu-tout-ce-qui-peut-estre-requis-pour-bastir-maison-champestre-nourri-67210b527fb85.jpg","width":622,"height":800},{"@type":"BreadcrumbList","@id":"https:\/\/www.librairieclavreuil.com\/en\/estienne-charles-lagriculture-et-maison-rustique-en-laquelle-est-contenu-tout-ce-qui-peut-estre-requis-pour-bastir-maison-champestre-nourrir-medeciner-bestial-volaille-de-toutes-so\/#breadcrumb","itemListElement":[{"@type":"ListItem","position":1,"name":"Accueil","item":"https:\/\/www.librairieclavreuil.com\/"},{"@type":"ListItem","position":2,"name":"All our books","item":"https:\/\/www.librairieclavreuil.com\/en\/all-our-books\/"},{"@type":"ListItem","position":3,"name":"ESTIENNE Charles L&#8217;Agriculture et Maison Rustique&#8230; En laquelle est contenu tout ce qui peut estre requis, pour bastir maison champestre, nourrir &amp; medeciner bestial &amp; volaille de toutes sortes, dresser jardins, tant potagers que parterres, gouverner mouches \u00e0 miel, planter et enter toute sorte d&#8217;arbres fruictiers, entretenir les prez, viviers &amp; estangs, labourer les terres \u00e0 grains, fa\u00e7onner les vignes, planter bois de haute afustaye &amp; taillis, bastir la Garenne, la Haironniere &amp; le parc pour les bestes sauvages. Plus un bref recueil de la chasse &amp; de la fauconnerie."}]},{"@type":"WebSite","@id":"https:\/\/www.librairieclavreuil.com\/#website","url":"https:\/\/www.librairieclavreuil.com\/","name":"Libairie Clavreuil","description":"Livres anciens, manuscrits rares et \u00e9ditions originales \u2013 Librairie Clavreuil","publisher":{"@id":"https:\/\/www.librairieclavreuil.com\/#organization"},"potentialAction":[{"@type":"SearchAction","target":{"@type":"EntryPoint","urlTemplate":"https:\/\/www.librairieclavreuil.com\/?s={search_term_string}"},"query-input":{"@type":"PropertyValueSpecification","valueRequired":true,"valueName":"search_term_string"}}],"inLanguage":"en-US"},{"@type":"Organization","@id":"https:\/\/www.librairieclavreuil.com\/#organization","name":"Libairie Clavreuil","url":"https:\/\/www.librairieclavreuil.com\/","logo":{"@type":"ImageObject","inLanguage":"en-US","@id":"https:\/\/www.librairieclavreuil.com\/#\/schema\/logo\/image\/","url":"https:\/\/www.librairieclavreuil.com\/wp-content\/uploads\/2021\/06\/cropped-LOGO_PNG_DATE-_gold-512x512-1.png","contentUrl":"https:\/\/www.librairieclavreuil.com\/wp-content\/uploads\/2021\/06\/cropped-LOGO_PNG_DATE-_gold-512x512-1.png","width":512,"height":512,"caption":"Libairie Clavreuil"},"image":{"@id":"https:\/\/www.librairieclavreuil.com\/#\/schema\/logo\/image\/"},"sameAs":["https:\/\/www.instagram.com\/librairieclavreuil\/"]}]}},"jetpack_sharing_enabled":true,"_links":{"self":[{"href":"https:\/\/www.librairieclavreuil.com\/en\/wp-json\/wp\/v2\/product\/81795","targetHints":{"allow":["GET"]}}],"collection":[{"href":"https:\/\/www.librairieclavreuil.com\/en\/wp-json\/wp\/v2\/product"}],"about":[{"href":"https:\/\/www.librairieclavreuil.com\/en\/wp-json\/wp\/v2\/types\/product"}],"replies":[{"embeddable":true,"href":"https:\/\/www.librairieclavreuil.com\/en\/wp-json\/wp\/v2\/comments?post=81795"}],"wp:featuredmedia":[{"embeddable":true,"href":"https:\/\/www.librairieclavreuil.com\/en\/wp-json\/wp\/v2\/media\/81784"}],"wp:attachment":[{"href":"https:\/\/www.librairieclavreuil.com\/en\/wp-json\/wp\/v2\/media?parent=81795"}],"wp:term":[{"taxonomy":"product_brand","embeddable":true,"href":"https:\/\/www.librairieclavreuil.com\/en\/wp-json\/wp\/v2\/product_brand?post=81795"},{"taxonomy":"product_cat","embeddable":true,"href":"https:\/\/www.librairieclavreuil.com\/en\/wp-json\/wp\/v2\/product_cat?post=81795"},{"taxonomy":"product_tag","embeddable":true,"href":"https:\/\/www.librairieclavreuil.com\/en\/wp-json\/wp\/v2\/product_tag?post=81795"}],"curies":[{"name":"wp","href":"https:\/\/api.w.org\/{rel}","templated":true}]}}