{"id":81731,"date":"2024-10-25T12:43:23","date_gmt":"2024-10-25T10:43:23","guid":{"rendered":"https:\/\/www.librairieclavreuil.com\/stendhal-marie-henri-beyle-dit-lettres-ecrites-de-vienne-en-autriche-sur-le-celebre-compositeur-jh-haydn-suivies-dune-vie-de-mozart-et-de-considerations-sur-metastase-et-letat-present-de-la-mu\/"},"modified":"2024-10-25T12:43:39","modified_gmt":"2024-10-25T10:43:39","slug":"stendhal-marie-henri-beyle-dit-lettres-ecrites-de-vienne-en-autriche-sur-le-celebre-compositeur-jh-haydn-suivies-dune-vie-de-mozart-et-de-considerations-sur-metastase-et-letat-present-de-la-mu","status":"publish","type":"product","link":"https:\/\/www.librairieclavreuil.com\/en\/stendhal-marie-henri-beyle-dit-lettres-ecrites-de-vienne-en-autriche-sur-le-celebre-compositeur-jh-haydn-suivies-dune-vie-de-mozart-et-de-considerations-sur-metastase-et-letat-present-de-la-mu\/","title":{"rendered":"STENDHAL Marie-Henri Beyle dit Lettres \u00e9crites de Vienne..."},"content":{"rendered":"<p style=\"text-align:justify\"><i>Carteret, II, 343; Vicaire, I, 450; Clouzot, 256.&nbsp;&nbsp;<\/i><\/p>\n<p style=\"text-align:justify\"><span style=\"font-variant:small-caps\">First edition&#8221;tr\u00e8s rare&#8221; (Clouzot).&nbsp;<\/span><\/p>\n<p style=\"text-align:justify\">&nbsp;\u00ab&nbsp;Ces lettres de l&#8217;Italien Joseph Carpani, paraissant ici, en partie traduites, en partie arrang\u00e9es avec additions originales, sous le nom du premier pseudonyme de Henry Beyle, donn\u00e8rent lieu \u00e0 des r\u00e9clamations \u00e9nerg\u00e9tiques de leur auteur&nbsp;\u00bb (Carteret).&nbsp;<\/p>\n<p style=\"text-align:justify\">\u00ab&nbsp;S&#8217;avise-t-on suffisamment que le premier livre que publia Stendhal \u00e9tait consacr\u00e9 \u00e0 la musique? \u2026Dans ces Lettres sur Haydn,\u2026 il a r\u00e9ussi la gageure,&nbsp;\u2026 de rester original.A la principale de ses victimes, le librettiste Joseph Carpani, qui avait cri\u00e9 plus haut que les autres : Au voleur ! il avait demand\u00e9 avec impertinence si celui-ci \u00ab aurait la charmante pr\u00e9tention d&#8217;avoir servi de mod\u00e8le au style plein de gr\u00e2ce, plein d&#8217;une sensibilit\u00e9 sans affectation et qui n&#8217;exclut pas le piquant, qui peut-\u00eatre est le premier m\u00e9rite de l&#8217;ouvrage. \u00bb On ne pouvait se juger plus \u00e9quitablement soi-m\u00eame\u00bb&nbsp;&#8230; Dans ses <i>Lettres sur Haydn<\/i>, il se hasarde \u00e0 dresser un tableau de concordance entre peintres et musiciens. Alors que Haydn, pr\u00e9cis\u00e9ment, est le Tintoret de la musique \u2014 car il \u00ab unit, comme le peintre v\u00e9nitien, \u00e0 l&#8217;\u00e9nergie de Michel Ange, le feu, l&#8217;originalit\u00e9, l&#8217;abondance des inventions \u00bb Robert Baschet in <i>La Revue des deux mondes<\/i>&nbsp;<\/p>\n<p>On 20 July 1814, after working on the printing of his book, Stendhal left Paris for Milan, where he lived for seven years. This was undoubtedly the happiest period of Stendhal&#8217;s life.<\/p>\n<p>Minor brown spots, a good copy.<\/p>\n","protected":false},"excerpt":{"rendered":"<p>8vo (200 x 125 mm) of 468 pp. Red half- shagreen with corners, flat spine (<i>bound in style<\/i>).<\/p>\n","protected":false},"featured_media":81726,"comment_status":"open","ping_status":"closed","template":"","meta":{"_acf_changed":false},"product_brand":[],"product_cat":[544],"product_tag":[598,1450],"class_list":{"0":"post-81731","1":"product","2":"type-product","3":"status-publish","4":"has-post-thumbnail","6":"product_cat-literature","7":"product_tag-19th-century-literature","8":"product_tag-first-edition","9":"pa_auteur-stendhal-marie-henri-beyle-dit-2","10":"pa_type-de-livre-printed-book","12":"first","13":"instock","14":"shipping-taxable","15":"purchasable","16":"product-type-simple"},"acf":{"artist":" Marie-Henri Beyle dit STENDHAL","chapeau":"","adresse_bibliographique":"Paris, P. Didot l'a\u00een\u00e9, 1814","book_type":"Printed book","provenance":"","afficher_prix":""},"yoast_head":"<!-- This site is optimized with the Yoast SEO plugin v24.7 - https:\/\/yoast.com\/wordpress\/plugins\/seo\/ -->\n<title>STENDHAL Marie-Henri Beyle dit Lettres \u00e9crites de Vienne en Autriche, sur le c\u00e9l\u00e8bre compositeur Jh. Haydn, suivies d&#039;une vie de Mozart et de consid\u00e9rations sur M\u00e9tastase et l&#039;\u00e9tat pr\u00e9sent de la musique en France et en Italie, par Louis-Alexandre-C\u00e9sar Bombet. - Libairie Clavreuil<\/title>\n<meta name=\"robots\" content=\"index, follow, max-snippet:-1, max-image-preview:large, max-video-preview:-1\" \/>\n<link rel=\"canonical\" href=\"https:\/\/www.librairieclavreuil.com\/en\/stendhal-marie-henri-beyle-dit-lettres-ecrites-de-vienne-en-autriche-sur-le-celebre-compositeur-jh-haydn-suivies-dune-vie-de-mozart-et-de-considerations-sur-metastase-et-letat-present-de-la-mu\/\" \/>\n<meta property=\"og:locale\" content=\"en_US\" \/>\n<meta property=\"og:type\" content=\"article\" \/>\n<meta property=\"og:title\" content=\"STENDHAL Marie-Henri Beyle dit Lettres \u00e9crites de Vienne en Autriche, sur le c\u00e9l\u00e8bre compositeur Jh. Haydn, suivies d&#039;une vie de Mozart et de consid\u00e9rations sur M\u00e9tastase et l&#039;\u00e9tat pr\u00e9sent de la musique en France et en Italie, par Louis-Alexandre-C\u00e9sar Bombet. - Libairie Clavreuil\" \/>\n<meta property=\"og:description\" content=\"8vo (200 x 125 mm) of 468 pp. Red half- shagreen with corners, flat spine (bound in style).\" \/>\n<meta property=\"og:url\" content=\"https:\/\/www.librairieclavreuil.com\/en\/stendhal-marie-henri-beyle-dit-lettres-ecrites-de-vienne-en-autriche-sur-le-celebre-compositeur-jh-haydn-suivies-dune-vie-de-mozart-et-de-considerations-sur-metastase-et-letat-present-de-la-mu\/\" \/>\n<meta property=\"og:site_name\" content=\"Libairie Clavreuil\" \/>\n<meta property=\"article:modified_time\" content=\"2024-10-25T10:43:39+00:00\" \/>\n<meta property=\"og:image\" content=\"https:\/\/www.librairieclavreuil.com\/wp-content\/uploads\/2024\/10\/marie-henri-beyle-dit-stendhal-lettres-ecrites-de-vienne-en-autriche-sur-le-celebre-compositeur-jh-haydn-suivies-d-une-vie-de-mozart-et-de-c-671b75a6e4157.jpg\" \/>\n\t<meta property=\"og:image:width\" content=\"622\" \/>\n\t<meta property=\"og:image:height\" content=\"800\" \/>\n\t<meta property=\"og:image:type\" content=\"image\/jpeg\" \/>\n<meta name=\"twitter:card\" content=\"summary_large_image\" \/>\n<meta name=\"twitter:label1\" content=\"Est. reading time\" \/>\n\t<meta name=\"twitter:data1\" content=\"1 minute\" \/>\n<script type=\"application\/ld+json\" class=\"yoast-schema-graph\">{\"@context\":\"https:\/\/schema.org\",\"@graph\":[{\"@type\":\"WebPage\",\"@id\":\"https:\/\/www.librairieclavreuil.com\/en\/stendhal-marie-henri-beyle-dit-lettres-ecrites-de-vienne-en-autriche-sur-le-celebre-compositeur-jh-haydn-suivies-dune-vie-de-mozart-et-de-considerations-sur-metastase-et-letat-present-de-la-mu\/\",\"url\":\"https:\/\/www.librairieclavreuil.com\/en\/stendhal-marie-henri-beyle-dit-lettres-ecrites-de-vienne-en-autriche-sur-le-celebre-compositeur-jh-haydn-suivies-dune-vie-de-mozart-et-de-considerations-sur-metastase-et-letat-present-de-la-mu\/\",\"name\":\"STENDHAL Marie-Henri Beyle dit Lettres \u00e9crites de Vienne en Autriche, sur le c\u00e9l\u00e8bre compositeur Jh. Haydn, suivies d'une vie de Mozart et de consid\u00e9rations sur M\u00e9tastase et l'\u00e9tat pr\u00e9sent de la musique en France et en Italie, par Louis-Alexandre-C\u00e9sar Bombet. - Libairie Clavreuil\",\"isPartOf\":{\"@id\":\"https:\/\/www.librairieclavreuil.com\/#website\"},\"primaryImageOfPage\":{\"@id\":\"https:\/\/www.librairieclavreuil.com\/en\/stendhal-marie-henri-beyle-dit-lettres-ecrites-de-vienne-en-autriche-sur-le-celebre-compositeur-jh-haydn-suivies-dune-vie-de-mozart-et-de-considerations-sur-metastase-et-letat-present-de-la-mu\/#primaryimage\"},\"image\":{\"@id\":\"https:\/\/www.librairieclavreuil.com\/en\/stendhal-marie-henri-beyle-dit-lettres-ecrites-de-vienne-en-autriche-sur-le-celebre-compositeur-jh-haydn-suivies-dune-vie-de-mozart-et-de-considerations-sur-metastase-et-letat-present-de-la-mu\/#primaryimage\"},\"thumbnailUrl\":\"https:\/\/www.librairieclavreuil.com\/wp-content\/uploads\/2024\/10\/marie-henri-beyle-dit-stendhal-lettres-ecrites-de-vienne-en-autriche-sur-le-celebre-compositeur-jh-haydn-suivies-d-une-vie-de-mozart-et-de-c-671b75a6e4157.jpg\",\"datePublished\":\"2024-10-25T10:43:23+00:00\",\"dateModified\":\"2024-10-25T10:43:39+00:00\",\"breadcrumb\":{\"@id\":\"https:\/\/www.librairieclavreuil.com\/en\/stendhal-marie-henri-beyle-dit-lettres-ecrites-de-vienne-en-autriche-sur-le-celebre-compositeur-jh-haydn-suivies-dune-vie-de-mozart-et-de-considerations-sur-metastase-et-letat-present-de-la-mu\/#breadcrumb\"},\"inLanguage\":\"en-US\",\"potentialAction\":[{\"@type\":\"ReadAction\",\"target\":[\"https:\/\/www.librairieclavreuil.com\/en\/stendhal-marie-henri-beyle-dit-lettres-ecrites-de-vienne-en-autriche-sur-le-celebre-compositeur-jh-haydn-suivies-dune-vie-de-mozart-et-de-considerations-sur-metastase-et-letat-present-de-la-mu\/\"]}]},{\"@type\":\"ImageObject\",\"inLanguage\":\"en-US\",\"@id\":\"https:\/\/www.librairieclavreuil.com\/en\/stendhal-marie-henri-beyle-dit-lettres-ecrites-de-vienne-en-autriche-sur-le-celebre-compositeur-jh-haydn-suivies-dune-vie-de-mozart-et-de-considerations-sur-metastase-et-letat-present-de-la-mu\/#primaryimage\",\"url\":\"https:\/\/www.librairieclavreuil.com\/wp-content\/uploads\/2024\/10\/marie-henri-beyle-dit-stendhal-lettres-ecrites-de-vienne-en-autriche-sur-le-celebre-compositeur-jh-haydn-suivies-d-une-vie-de-mozart-et-de-c-671b75a6e4157.jpg\",\"contentUrl\":\"https:\/\/www.librairieclavreuil.com\/wp-content\/uploads\/2024\/10\/marie-henri-beyle-dit-stendhal-lettres-ecrites-de-vienne-en-autriche-sur-le-celebre-compositeur-jh-haydn-suivies-d-une-vie-de-mozart-et-de-c-671b75a6e4157.jpg\",\"width\":622,\"height\":800},{\"@type\":\"BreadcrumbList\",\"@id\":\"https:\/\/www.librairieclavreuil.com\/en\/stendhal-marie-henri-beyle-dit-lettres-ecrites-de-vienne-en-autriche-sur-le-celebre-compositeur-jh-haydn-suivies-dune-vie-de-mozart-et-de-considerations-sur-metastase-et-letat-present-de-la-mu\/#breadcrumb\",\"itemListElement\":[{\"@type\":\"ListItem\",\"position\":1,\"name\":\"Accueil\",\"item\":\"https:\/\/www.librairieclavreuil.com\/\"},{\"@type\":\"ListItem\",\"position\":2,\"name\":\"All our books\",\"item\":\"https:\/\/www.librairieclavreuil.com\/en\/all-our-books\/\"},{\"@type\":\"ListItem\",\"position\":3,\"name\":\"STENDHAL Marie-Henri Beyle dit Lettres \u00e9crites de Vienne en Autriche, sur le c\u00e9l\u00e8bre compositeur Jh. Haydn, suivies d&#8217;une vie de Mozart et de consid\u00e9rations sur M\u00e9tastase et l&#8217;\u00e9tat pr\u00e9sent de la musique en France et en Italie, par Louis-Alexandre-C\u00e9sar Bombet.\"}]},{\"@type\":\"WebSite\",\"@id\":\"https:\/\/www.librairieclavreuil.com\/#website\",\"url\":\"https:\/\/www.librairieclavreuil.com\/\",\"name\":\"Libairie Clavreuil\",\"description\":\"Livres anciens, manuscrits rares et \u00e9ditions originales \u2013 Librairie Clavreuil\",\"publisher\":{\"@id\":\"https:\/\/www.librairieclavreuil.com\/#organization\"},\"potentialAction\":[{\"@type\":\"SearchAction\",\"target\":{\"@type\":\"EntryPoint\",\"urlTemplate\":\"https:\/\/www.librairieclavreuil.com\/?s={search_term_string}\"},\"query-input\":{\"@type\":\"PropertyValueSpecification\",\"valueRequired\":true,\"valueName\":\"search_term_string\"}}],\"inLanguage\":\"en-US\"},{\"@type\":\"Organization\",\"@id\":\"https:\/\/www.librairieclavreuil.com\/#organization\",\"name\":\"Libairie Clavreuil\",\"url\":\"https:\/\/www.librairieclavreuil.com\/\",\"logo\":{\"@type\":\"ImageObject\",\"inLanguage\":\"en-US\",\"@id\":\"https:\/\/www.librairieclavreuil.com\/#\/schema\/logo\/image\/\",\"url\":\"https:\/\/www.librairieclavreuil.com\/wp-content\/uploads\/2021\/06\/cropped-LOGO_PNG_DATE-_gold-512x512-1.png\",\"contentUrl\":\"https:\/\/www.librairieclavreuil.com\/wp-content\/uploads\/2021\/06\/cropped-LOGO_PNG_DATE-_gold-512x512-1.png\",\"width\":512,\"height\":512,\"caption\":\"Libairie Clavreuil\"},\"image\":{\"@id\":\"https:\/\/www.librairieclavreuil.com\/#\/schema\/logo\/image\/\"},\"sameAs\":[\"https:\/\/www.instagram.com\/librairieclavreuil\/\"]}]}<\/script>\n<!-- \/ Yoast SEO plugin. -->","yoast_head_json":{"title":"STENDHAL Marie-Henri Beyle dit Lettres \u00e9crites de Vienne en Autriche, sur le c\u00e9l\u00e8bre compositeur Jh. Haydn, suivies d'une vie de Mozart et de consid\u00e9rations sur M\u00e9tastase et l'\u00e9tat pr\u00e9sent de la musique en France et en Italie, par Louis-Alexandre-C\u00e9sar Bombet. - Libairie Clavreuil","robots":{"index":"index","follow":"follow","max-snippet":"max-snippet:-1","max-image-preview":"max-image-preview:large","max-video-preview":"max-video-preview:-1"},"canonical":"https:\/\/www.librairieclavreuil.com\/en\/stendhal-marie-henri-beyle-dit-lettres-ecrites-de-vienne-en-autriche-sur-le-celebre-compositeur-jh-haydn-suivies-dune-vie-de-mozart-et-de-considerations-sur-metastase-et-letat-present-de-la-mu\/","og_locale":"en_US","og_type":"article","og_title":"STENDHAL Marie-Henri Beyle dit Lettres \u00e9crites de Vienne en Autriche, sur le c\u00e9l\u00e8bre compositeur Jh. Haydn, suivies d'une vie de Mozart et de consid\u00e9rations sur M\u00e9tastase et l'\u00e9tat pr\u00e9sent de la musique en France et en Italie, par Louis-Alexandre-C\u00e9sar Bombet. - Libairie Clavreuil","og_description":"8vo (200 x 125 mm) of 468 pp. Red half- shagreen with corners, flat spine (bound in style).","og_url":"https:\/\/www.librairieclavreuil.com\/en\/stendhal-marie-henri-beyle-dit-lettres-ecrites-de-vienne-en-autriche-sur-le-celebre-compositeur-jh-haydn-suivies-dune-vie-de-mozart-et-de-considerations-sur-metastase-et-letat-present-de-la-mu\/","og_site_name":"Libairie Clavreuil","article_modified_time":"2024-10-25T10:43:39+00:00","og_image":[{"width":622,"height":800,"url":"https:\/\/www.librairieclavreuil.com\/wp-content\/uploads\/2024\/10\/marie-henri-beyle-dit-stendhal-lettres-ecrites-de-vienne-en-autriche-sur-le-celebre-compositeur-jh-haydn-suivies-d-une-vie-de-mozart-et-de-c-671b75a6e4157.jpg","type":"image\/jpeg"}],"twitter_card":"summary_large_image","twitter_misc":{"Est. reading time":"1 minute"},"schema":{"@context":"https:\/\/schema.org","@graph":[{"@type":"WebPage","@id":"https:\/\/www.librairieclavreuil.com\/en\/stendhal-marie-henri-beyle-dit-lettres-ecrites-de-vienne-en-autriche-sur-le-celebre-compositeur-jh-haydn-suivies-dune-vie-de-mozart-et-de-considerations-sur-metastase-et-letat-present-de-la-mu\/","url":"https:\/\/www.librairieclavreuil.com\/en\/stendhal-marie-henri-beyle-dit-lettres-ecrites-de-vienne-en-autriche-sur-le-celebre-compositeur-jh-haydn-suivies-dune-vie-de-mozart-et-de-considerations-sur-metastase-et-letat-present-de-la-mu\/","name":"STENDHAL Marie-Henri Beyle dit Lettres \u00e9crites de Vienne en Autriche, sur le c\u00e9l\u00e8bre compositeur Jh. Haydn, suivies d'une vie de Mozart et de consid\u00e9rations sur M\u00e9tastase et l'\u00e9tat pr\u00e9sent de la musique en France et en Italie, par Louis-Alexandre-C\u00e9sar Bombet. - Libairie Clavreuil","isPartOf":{"@id":"https:\/\/www.librairieclavreuil.com\/#website"},"primaryImageOfPage":{"@id":"https:\/\/www.librairieclavreuil.com\/en\/stendhal-marie-henri-beyle-dit-lettres-ecrites-de-vienne-en-autriche-sur-le-celebre-compositeur-jh-haydn-suivies-dune-vie-de-mozart-et-de-considerations-sur-metastase-et-letat-present-de-la-mu\/#primaryimage"},"image":{"@id":"https:\/\/www.librairieclavreuil.com\/en\/stendhal-marie-henri-beyle-dit-lettres-ecrites-de-vienne-en-autriche-sur-le-celebre-compositeur-jh-haydn-suivies-dune-vie-de-mozart-et-de-considerations-sur-metastase-et-letat-present-de-la-mu\/#primaryimage"},"thumbnailUrl":"https:\/\/www.librairieclavreuil.com\/wp-content\/uploads\/2024\/10\/marie-henri-beyle-dit-stendhal-lettres-ecrites-de-vienne-en-autriche-sur-le-celebre-compositeur-jh-haydn-suivies-d-une-vie-de-mozart-et-de-c-671b75a6e4157.jpg","datePublished":"2024-10-25T10:43:23+00:00","dateModified":"2024-10-25T10:43:39+00:00","breadcrumb":{"@id":"https:\/\/www.librairieclavreuil.com\/en\/stendhal-marie-henri-beyle-dit-lettres-ecrites-de-vienne-en-autriche-sur-le-celebre-compositeur-jh-haydn-suivies-dune-vie-de-mozart-et-de-considerations-sur-metastase-et-letat-present-de-la-mu\/#breadcrumb"},"inLanguage":"en-US","potentialAction":[{"@type":"ReadAction","target":["https:\/\/www.librairieclavreuil.com\/en\/stendhal-marie-henri-beyle-dit-lettres-ecrites-de-vienne-en-autriche-sur-le-celebre-compositeur-jh-haydn-suivies-dune-vie-de-mozart-et-de-considerations-sur-metastase-et-letat-present-de-la-mu\/"]}]},{"@type":"ImageObject","inLanguage":"en-US","@id":"https:\/\/www.librairieclavreuil.com\/en\/stendhal-marie-henri-beyle-dit-lettres-ecrites-de-vienne-en-autriche-sur-le-celebre-compositeur-jh-haydn-suivies-dune-vie-de-mozart-et-de-considerations-sur-metastase-et-letat-present-de-la-mu\/#primaryimage","url":"https:\/\/www.librairieclavreuil.com\/wp-content\/uploads\/2024\/10\/marie-henri-beyle-dit-stendhal-lettres-ecrites-de-vienne-en-autriche-sur-le-celebre-compositeur-jh-haydn-suivies-d-une-vie-de-mozart-et-de-c-671b75a6e4157.jpg","contentUrl":"https:\/\/www.librairieclavreuil.com\/wp-content\/uploads\/2024\/10\/marie-henri-beyle-dit-stendhal-lettres-ecrites-de-vienne-en-autriche-sur-le-celebre-compositeur-jh-haydn-suivies-d-une-vie-de-mozart-et-de-c-671b75a6e4157.jpg","width":622,"height":800},{"@type":"BreadcrumbList","@id":"https:\/\/www.librairieclavreuil.com\/en\/stendhal-marie-henri-beyle-dit-lettres-ecrites-de-vienne-en-autriche-sur-le-celebre-compositeur-jh-haydn-suivies-dune-vie-de-mozart-et-de-considerations-sur-metastase-et-letat-present-de-la-mu\/#breadcrumb","itemListElement":[{"@type":"ListItem","position":1,"name":"Accueil","item":"https:\/\/www.librairieclavreuil.com\/"},{"@type":"ListItem","position":2,"name":"All our books","item":"https:\/\/www.librairieclavreuil.com\/en\/all-our-books\/"},{"@type":"ListItem","position":3,"name":"STENDHAL Marie-Henri Beyle dit Lettres \u00e9crites de Vienne en Autriche, sur le c\u00e9l\u00e8bre compositeur Jh. Haydn, suivies d&#8217;une vie de Mozart et de consid\u00e9rations sur M\u00e9tastase et l&#8217;\u00e9tat pr\u00e9sent de la musique en France et en Italie, par Louis-Alexandre-C\u00e9sar Bombet."}]},{"@type":"WebSite","@id":"https:\/\/www.librairieclavreuil.com\/#website","url":"https:\/\/www.librairieclavreuil.com\/","name":"Libairie Clavreuil","description":"Livres anciens, manuscrits rares et \u00e9ditions originales \u2013 Librairie Clavreuil","publisher":{"@id":"https:\/\/www.librairieclavreuil.com\/#organization"},"potentialAction":[{"@type":"SearchAction","target":{"@type":"EntryPoint","urlTemplate":"https:\/\/www.librairieclavreuil.com\/?s={search_term_string}"},"query-input":{"@type":"PropertyValueSpecification","valueRequired":true,"valueName":"search_term_string"}}],"inLanguage":"en-US"},{"@type":"Organization","@id":"https:\/\/www.librairieclavreuil.com\/#organization","name":"Libairie Clavreuil","url":"https:\/\/www.librairieclavreuil.com\/","logo":{"@type":"ImageObject","inLanguage":"en-US","@id":"https:\/\/www.librairieclavreuil.com\/#\/schema\/logo\/image\/","url":"https:\/\/www.librairieclavreuil.com\/wp-content\/uploads\/2021\/06\/cropped-LOGO_PNG_DATE-_gold-512x512-1.png","contentUrl":"https:\/\/www.librairieclavreuil.com\/wp-content\/uploads\/2021\/06\/cropped-LOGO_PNG_DATE-_gold-512x512-1.png","width":512,"height":512,"caption":"Libairie Clavreuil"},"image":{"@id":"https:\/\/www.librairieclavreuil.com\/#\/schema\/logo\/image\/"},"sameAs":["https:\/\/www.instagram.com\/librairieclavreuil\/"]}]}},"jetpack_sharing_enabled":true,"_links":{"self":[{"href":"https:\/\/www.librairieclavreuil.com\/en\/wp-json\/wp\/v2\/product\/81731","targetHints":{"allow":["GET"]}}],"collection":[{"href":"https:\/\/www.librairieclavreuil.com\/en\/wp-json\/wp\/v2\/product"}],"about":[{"href":"https:\/\/www.librairieclavreuil.com\/en\/wp-json\/wp\/v2\/types\/product"}],"replies":[{"embeddable":true,"href":"https:\/\/www.librairieclavreuil.com\/en\/wp-json\/wp\/v2\/comments?post=81731"}],"wp:featuredmedia":[{"embeddable":true,"href":"https:\/\/www.librairieclavreuil.com\/en\/wp-json\/wp\/v2\/media\/81726"}],"wp:attachment":[{"href":"https:\/\/www.librairieclavreuil.com\/en\/wp-json\/wp\/v2\/media?parent=81731"}],"wp:term":[{"taxonomy":"product_brand","embeddable":true,"href":"https:\/\/www.librairieclavreuil.com\/en\/wp-json\/wp\/v2\/product_brand?post=81731"},{"taxonomy":"product_cat","embeddable":true,"href":"https:\/\/www.librairieclavreuil.com\/en\/wp-json\/wp\/v2\/product_cat?post=81731"},{"taxonomy":"product_tag","embeddable":true,"href":"https:\/\/www.librairieclavreuil.com\/en\/wp-json\/wp\/v2\/product_tag?post=81731"}],"curies":[{"name":"wp","href":"https:\/\/api.w.org\/{rel}","templated":true}]}}