{"id":81717,"date":"2024-10-25T12:16:10","date_gmt":"2024-10-25T10:16:10","guid":{"rendered":"https:\/\/www.librairieclavreuil.com\/vigny-alfred-de-poemes-helena-le-somnambule-la-fille-de-jephte-la-femme-adultere-la-bal-la-prison-etc\/"},"modified":"2024-10-25T12:22:04","modified_gmt":"2024-10-25T10:22:04","slug":"vigny-alfred-de-poemes-helena-le-somnambule-la-fille-de-jephte-la-femme-adultere-la-bal-la-prison-etc","status":"publish","type":"product","link":"https:\/\/www.librairieclavreuil.com\/en\/vigny-alfred-de-poemes-helena-le-somnambule-la-fille-de-jephte-la-femme-adultere-la-bal-la-prison-etc\/","title":{"rendered":"VIGNY Alfred de Po\u00ebmes. H\u00e9l\u00e9na, Le Somnambule, La..."},"content":{"rendered":"<p style=\"text-align:justify\"><i>Clouzot, 274; Carteret, II, 445; Vicaire, VII, 1049.&nbsp;&nbsp;<\/i><\/p>\n<p style=\"text-align:justify\"><span style=\"font-variant:small-caps\">First edition, rare.<\/span><\/p>\n<p style=\"text-align:justify\">Often offering a disenchanted vision of society, Alfred de Vigny&#8217;s poems, rich in symbolism, foreshadow the poetic modernity of Baudelaire, Verlaine and Mallarm\u00e9. &nbsp;Born at the end of the eighteenth century, on 27 March 1797 in Loches, into a small military aristocratic family with a strong monarchist streak, the only survivor of three brothers, Alfred de Vigny was brought up in Paris by his parents: \u00ab Mon p\u00e8re, ruin\u00e9 par la R\u00e9volution, consacra le reste de son bien \u00e0 mon \u00e9ducation. Bon vieillard \u00e0 cheveux blancs, spirituel, instruit, bless\u00e9, mutil\u00e9 par la guerre de Sept ans, et gai, et plein de gr\u00e2ces, de mani\u00e8res\u00bb.&nbsp;<\/p>\n<p style=\"text-align:justify\">Married to the Chevalier de Vigny, who was 25 years older than her, his mother, with whom he remained very close throughout his life, had the ambition to write and played an important role in her son&#8217;s intellectual and literary training. After attending the Ecole Polytechnique, the officer who was almost a child was admitted as a gendarme to the King on 6 July 1814, and for 15 years went from garrison to garrison, remaining in the army until 1827. This monotonous life &#8211; which inspired his<i> Servitude et grandeur militaires <\/i>&#8211; but above all his taste for letters led him to write. He was not yet twenty when, in parallel with his military career, he began to write poetry and quickly made a name for himself in literary circles. From 1820 onwards, he was part of the first \u2018C\u00e9nacle\u2019 of Victor Hugo and Nodier and became one of the leaders of the Romantic school. In March 1822 he published his first collection of poetry, <i>Po\u00ebmes<\/i>.<\/p>\n<p style=\"text-align:justify\">&#8220;Ce recueil de po\u00e9sies est de la plus grande raret\u00e9: un seul po\u00e8me, Le Bal, avait paru en d\u00e9cembre 1819 dans Le Conservateur litt\u00e9raire,. Il contient deux pi\u00e8ces, H\u00e9l\u00e9na et Le Malheur qui n&#8217;ont pas \u00e9t\u00e9 r\u00e9imprim\u00e9es dans les \u00e9ditions suivantes et certaines qui l&#8217;ont \u00e9t\u00e9 avec retranchements&#8221; (Carteret).<\/p>\n<p style=\"text-align:justify\">For 16 years, from 1822 to 1838, he devoted himself to literature, writing poems, novels, dramas, short stories and Chatterton. Played by Marie Dorval, with whom Vigny had an affair, the play was performed at the Com\u00e9die-Fran\u00e7aise and brought him fame.<br \/>In 1845 he was admitted to the Acad\u00e9mie Fran\u00e7aise but refused to praise King Louis Philippe in his speech, which irritated the other members of the Acad\u00e9mie, only Victor Hugo remained loyal to him.<\/p>\n<p style=\"text-align:justify\">A rare copy enriched with an autograph ex-dono :&#8221;Hommage de l&#8217;auteur&#8221; \u00e0 l&#8217;encre, sur le faux-titre.&nbsp;<\/p>\n<p style=\"text-align:justify\">[Bound with:]&nbsp;&nbsp;<\/p>\n<p style=\"text-align:justify\"><strong>VIGNY, Alfred de.<\/strong> Le Trapiste, Po\u00ebme. <i>S.l., s.d. [1822].<\/i> 8vo of 22 pp., vignette (axe and helmet) on the last page.<\/p>\n<p style=\"text-align:justify\">First edition in octavo format, published the same year as the original in quarto format (16 pp.).<\/p>\n<p style=\"text-align:justify\">Vicaire (VII, 1050) states that he has never seen it.<\/p>\n<p style=\"text-align:justify\">A fine copy preserved in its original binding, bringing together two very rare works by Alfred de Vigny.<\/p>\n","protected":false},"excerpt":{"rendered":"<p>8vo (192 x 118 mm) of 158 pp. Half sheep, flat spine gilt (<i>contemporary binding<\/i>).<\/p>\n","protected":false},"featured_media":81712,"comment_status":"open","ping_status":"closed","template":"","meta":{"_acf_changed":false},"product_brand":[],"product_cat":[544],"product_tag":[598,1450,1264],"class_list":{"0":"post-81717","1":"product","2":"type-product","3":"status-publish","4":"has-post-thumbnail","6":"product_cat-literature","7":"product_tag-19th-century-literature","8":"product_tag-first-edition","9":"product_tag-inscription","10":"pa_auteur-vigny-alfred-de-2","11":"pa_type-de-livre-printed-book","13":"first","14":"instock","15":"shipping-taxable","16":"purchasable","17":"product-type-simple"},"acf":{"artist":" Alfred de VIGNY","chapeau":"","adresse_bibliographique":"Paris, imprimerie Guiraudet pour P\u00e9licier, 1822","book_type":"Printed book","provenance":"","afficher_prix":""},"yoast_head":"<!-- This site is optimized with the Yoast SEO plugin v24.7 - https:\/\/yoast.com\/wordpress\/plugins\/seo\/ -->\n<title>VIGNY Alfred de Po\u00ebmes. H\u00e9l\u00e9na, Le Somnambule, La Fille de Jepht\u00e9, La Femme adult\u00e8re, La Bal, La Prison, etc. - Libairie Clavreuil<\/title>\n<meta name=\"robots\" content=\"index, follow, max-snippet:-1, max-image-preview:large, max-video-preview:-1\" \/>\n<link rel=\"canonical\" href=\"https:\/\/www.librairieclavreuil.com\/produit\/vigny-alfred-de-poemes-helena-le-somnambule-la-fille-de-jephte-la-femme-adultere-la-bal-la-prison-etc\/\" \/>\n<meta property=\"og:locale\" content=\"en_US\" \/>\n<meta property=\"og:type\" content=\"article\" \/>\n<meta property=\"og:title\" content=\"VIGNY Alfred de Po\u00ebmes. H\u00e9l\u00e9na, Le Somnambule, La Fille de Jepht\u00e9, La Femme adult\u00e8re, La Bal, La Prison, etc. - Libairie Clavreuil\" \/>\n<meta property=\"og:description\" content=\"8vo (192 x 118 mm) of 158 pp. Half sheep, flat spine gilt (contemporary binding).\" \/>\n<meta property=\"og:url\" content=\"https:\/\/www.librairieclavreuil.com\/produit\/vigny-alfred-de-poemes-helena-le-somnambule-la-fille-de-jephte-la-femme-adultere-la-bal-la-prison-etc\/\" \/>\n<meta property=\"og:site_name\" content=\"Libairie Clavreuil\" \/>\n<meta property=\"article:modified_time\" content=\"2024-10-25T10:22:04+00:00\" \/>\n<meta property=\"og:image\" content=\"https:\/\/www.librairieclavreuil.com\/wp-content\/uploads\/2024\/10\/alfred-de-vigny-poemes-helena-le-somnambule-la-fille-de-jephte-la-femme-adultere-la-bal-la-prison-etc-5577-671b6e68006bc.jpg\" \/>\n\t<meta property=\"og:image:width\" content=\"622\" \/>\n\t<meta property=\"og:image:height\" content=\"800\" \/>\n\t<meta property=\"og:image:type\" content=\"image\/jpeg\" \/>\n<meta name=\"twitter:card\" content=\"summary_large_image\" \/>\n<meta name=\"twitter:label1\" content=\"Est. reading time\" \/>\n\t<meta name=\"twitter:data1\" content=\"2 minutes\" \/>\n<script type=\"application\/ld+json\" class=\"yoast-schema-graph\">{\"@context\":\"https:\/\/schema.org\",\"@graph\":[{\"@type\":\"WebPage\",\"@id\":\"https:\/\/www.librairieclavreuil.com\/produit\/vigny-alfred-de-poemes-helena-le-somnambule-la-fille-de-jephte-la-femme-adultere-la-bal-la-prison-etc\/\",\"url\":\"https:\/\/www.librairieclavreuil.com\/produit\/vigny-alfred-de-poemes-helena-le-somnambule-la-fille-de-jephte-la-femme-adultere-la-bal-la-prison-etc\/\",\"name\":\"VIGNY Alfred de Po\u00ebmes. H\u00e9l\u00e9na, Le Somnambule, La Fille de Jepht\u00e9, La Femme adult\u00e8re, La Bal, La Prison, etc. - Libairie Clavreuil\",\"isPartOf\":{\"@id\":\"https:\/\/www.librairieclavreuil.com\/#website\"},\"primaryImageOfPage\":{\"@id\":\"https:\/\/www.librairieclavreuil.com\/produit\/vigny-alfred-de-poemes-helena-le-somnambule-la-fille-de-jephte-la-femme-adultere-la-bal-la-prison-etc\/#primaryimage\"},\"image\":{\"@id\":\"https:\/\/www.librairieclavreuil.com\/produit\/vigny-alfred-de-poemes-helena-le-somnambule-la-fille-de-jephte-la-femme-adultere-la-bal-la-prison-etc\/#primaryimage\"},\"thumbnailUrl\":\"https:\/\/www.librairieclavreuil.com\/wp-content\/uploads\/2024\/10\/alfred-de-vigny-poemes-helena-le-somnambule-la-fille-de-jephte-la-femme-adultere-la-bal-la-prison-etc-5577-671b6e68006bc.jpg\",\"datePublished\":\"2024-10-25T10:16:10+00:00\",\"dateModified\":\"2024-10-25T10:22:04+00:00\",\"breadcrumb\":{\"@id\":\"https:\/\/www.librairieclavreuil.com\/produit\/vigny-alfred-de-poemes-helena-le-somnambule-la-fille-de-jephte-la-femme-adultere-la-bal-la-prison-etc\/#breadcrumb\"},\"inLanguage\":\"en-US\",\"potentialAction\":[{\"@type\":\"ReadAction\",\"target\":[\"https:\/\/www.librairieclavreuil.com\/produit\/vigny-alfred-de-poemes-helena-le-somnambule-la-fille-de-jephte-la-femme-adultere-la-bal-la-prison-etc\/\"]}]},{\"@type\":\"ImageObject\",\"inLanguage\":\"en-US\",\"@id\":\"https:\/\/www.librairieclavreuil.com\/produit\/vigny-alfred-de-poemes-helena-le-somnambule-la-fille-de-jephte-la-femme-adultere-la-bal-la-prison-etc\/#primaryimage\",\"url\":\"https:\/\/www.librairieclavreuil.com\/wp-content\/uploads\/2024\/10\/alfred-de-vigny-poemes-helena-le-somnambule-la-fille-de-jephte-la-femme-adultere-la-bal-la-prison-etc-5577-671b6e68006bc.jpg\",\"contentUrl\":\"https:\/\/www.librairieclavreuil.com\/wp-content\/uploads\/2024\/10\/alfred-de-vigny-poemes-helena-le-somnambule-la-fille-de-jephte-la-femme-adultere-la-bal-la-prison-etc-5577-671b6e68006bc.jpg\",\"width\":622,\"height\":800},{\"@type\":\"BreadcrumbList\",\"@id\":\"https:\/\/www.librairieclavreuil.com\/produit\/vigny-alfred-de-poemes-helena-le-somnambule-la-fille-de-jephte-la-femme-adultere-la-bal-la-prison-etc\/#breadcrumb\",\"itemListElement\":[{\"@type\":\"ListItem\",\"position\":1,\"name\":\"Accueil\",\"item\":\"https:\/\/www.librairieclavreuil.com\/\"},{\"@type\":\"ListItem\",\"position\":2,\"name\":\"All our books\",\"item\":\"https:\/\/www.librairieclavreuil.com\/en\/all-our-books\/\"},{\"@type\":\"ListItem\",\"position\":3,\"name\":\"VIGNY Alfred de Po\u00ebmes. H\u00e9l\u00e9na, Le Somnambule, La...\"}]},{\"@type\":\"WebSite\",\"@id\":\"https:\/\/www.librairieclavreuil.com\/#website\",\"url\":\"https:\/\/www.librairieclavreuil.com\/\",\"name\":\"Libairie Clavreuil\",\"description\":\"Livres anciens, manuscrits rares et \u00e9ditions originales \u2013 Librairie Clavreuil\",\"publisher\":{\"@id\":\"https:\/\/www.librairieclavreuil.com\/#organization\"},\"potentialAction\":[{\"@type\":\"SearchAction\",\"target\":{\"@type\":\"EntryPoint\",\"urlTemplate\":\"https:\/\/www.librairieclavreuil.com\/?s={search_term_string}\"},\"query-input\":{\"@type\":\"PropertyValueSpecification\",\"valueRequired\":true,\"valueName\":\"search_term_string\"}}],\"inLanguage\":\"en-US\"},{\"@type\":\"Organization\",\"@id\":\"https:\/\/www.librairieclavreuil.com\/#organization\",\"name\":\"Libairie Clavreuil\",\"url\":\"https:\/\/www.librairieclavreuil.com\/\",\"logo\":{\"@type\":\"ImageObject\",\"inLanguage\":\"en-US\",\"@id\":\"https:\/\/www.librairieclavreuil.com\/#\/schema\/logo\/image\/\",\"url\":\"https:\/\/www.librairieclavreuil.com\/wp-content\/uploads\/2021\/06\/cropped-LOGO_PNG_DATE-_gold-512x512-1.png\",\"contentUrl\":\"https:\/\/www.librairieclavreuil.com\/wp-content\/uploads\/2021\/06\/cropped-LOGO_PNG_DATE-_gold-512x512-1.png\",\"width\":512,\"height\":512,\"caption\":\"Libairie Clavreuil\"},\"image\":{\"@id\":\"https:\/\/www.librairieclavreuil.com\/#\/schema\/logo\/image\/\"},\"sameAs\":[\"https:\/\/www.instagram.com\/librairieclavreuil\/\"]}]}<\/script>\n<!-- \/ Yoast SEO plugin. -->","yoast_head_json":{"title":"VIGNY Alfred de Po\u00ebmes. H\u00e9l\u00e9na, Le Somnambule, La Fille de Jepht\u00e9, La Femme adult\u00e8re, La Bal, La Prison, etc. - Libairie Clavreuil","robots":{"index":"index","follow":"follow","max-snippet":"max-snippet:-1","max-image-preview":"max-image-preview:large","max-video-preview":"max-video-preview:-1"},"canonical":"https:\/\/www.librairieclavreuil.com\/produit\/vigny-alfred-de-poemes-helena-le-somnambule-la-fille-de-jephte-la-femme-adultere-la-bal-la-prison-etc\/","og_locale":"en_US","og_type":"article","og_title":"VIGNY Alfred de Po\u00ebmes. H\u00e9l\u00e9na, Le Somnambule, La Fille de Jepht\u00e9, La Femme adult\u00e8re, La Bal, La Prison, etc. - Libairie Clavreuil","og_description":"8vo (192 x 118 mm) of 158 pp. Half sheep, flat spine gilt (contemporary binding).","og_url":"https:\/\/www.librairieclavreuil.com\/produit\/vigny-alfred-de-poemes-helena-le-somnambule-la-fille-de-jephte-la-femme-adultere-la-bal-la-prison-etc\/","og_site_name":"Libairie Clavreuil","article_modified_time":"2024-10-25T10:22:04+00:00","og_image":[{"width":622,"height":800,"url":"https:\/\/www.librairieclavreuil.com\/wp-content\/uploads\/2024\/10\/alfred-de-vigny-poemes-helena-le-somnambule-la-fille-de-jephte-la-femme-adultere-la-bal-la-prison-etc-5577-671b6e68006bc.jpg","type":"image\/jpeg"}],"twitter_card":"summary_large_image","twitter_misc":{"Est. reading time":"2 minutes"},"schema":{"@context":"https:\/\/schema.org","@graph":[{"@type":"WebPage","@id":"https:\/\/www.librairieclavreuil.com\/produit\/vigny-alfred-de-poemes-helena-le-somnambule-la-fille-de-jephte-la-femme-adultere-la-bal-la-prison-etc\/","url":"https:\/\/www.librairieclavreuil.com\/produit\/vigny-alfred-de-poemes-helena-le-somnambule-la-fille-de-jephte-la-femme-adultere-la-bal-la-prison-etc\/","name":"VIGNY Alfred de Po\u00ebmes. H\u00e9l\u00e9na, Le Somnambule, La Fille de Jepht\u00e9, La Femme adult\u00e8re, La Bal, La Prison, etc. - Libairie Clavreuil","isPartOf":{"@id":"https:\/\/www.librairieclavreuil.com\/#website"},"primaryImageOfPage":{"@id":"https:\/\/www.librairieclavreuil.com\/produit\/vigny-alfred-de-poemes-helena-le-somnambule-la-fille-de-jephte-la-femme-adultere-la-bal-la-prison-etc\/#primaryimage"},"image":{"@id":"https:\/\/www.librairieclavreuil.com\/produit\/vigny-alfred-de-poemes-helena-le-somnambule-la-fille-de-jephte-la-femme-adultere-la-bal-la-prison-etc\/#primaryimage"},"thumbnailUrl":"https:\/\/www.librairieclavreuil.com\/wp-content\/uploads\/2024\/10\/alfred-de-vigny-poemes-helena-le-somnambule-la-fille-de-jephte-la-femme-adultere-la-bal-la-prison-etc-5577-671b6e68006bc.jpg","datePublished":"2024-10-25T10:16:10+00:00","dateModified":"2024-10-25T10:22:04+00:00","breadcrumb":{"@id":"https:\/\/www.librairieclavreuil.com\/produit\/vigny-alfred-de-poemes-helena-le-somnambule-la-fille-de-jephte-la-femme-adultere-la-bal-la-prison-etc\/#breadcrumb"},"inLanguage":"en-US","potentialAction":[{"@type":"ReadAction","target":["https:\/\/www.librairieclavreuil.com\/produit\/vigny-alfred-de-poemes-helena-le-somnambule-la-fille-de-jephte-la-femme-adultere-la-bal-la-prison-etc\/"]}]},{"@type":"ImageObject","inLanguage":"en-US","@id":"https:\/\/www.librairieclavreuil.com\/produit\/vigny-alfred-de-poemes-helena-le-somnambule-la-fille-de-jephte-la-femme-adultere-la-bal-la-prison-etc\/#primaryimage","url":"https:\/\/www.librairieclavreuil.com\/wp-content\/uploads\/2024\/10\/alfred-de-vigny-poemes-helena-le-somnambule-la-fille-de-jephte-la-femme-adultere-la-bal-la-prison-etc-5577-671b6e68006bc.jpg","contentUrl":"https:\/\/www.librairieclavreuil.com\/wp-content\/uploads\/2024\/10\/alfred-de-vigny-poemes-helena-le-somnambule-la-fille-de-jephte-la-femme-adultere-la-bal-la-prison-etc-5577-671b6e68006bc.jpg","width":622,"height":800},{"@type":"BreadcrumbList","@id":"https:\/\/www.librairieclavreuil.com\/produit\/vigny-alfred-de-poemes-helena-le-somnambule-la-fille-de-jephte-la-femme-adultere-la-bal-la-prison-etc\/#breadcrumb","itemListElement":[{"@type":"ListItem","position":1,"name":"Accueil","item":"https:\/\/www.librairieclavreuil.com\/"},{"@type":"ListItem","position":2,"name":"All our books","item":"https:\/\/www.librairieclavreuil.com\/en\/all-our-books\/"},{"@type":"ListItem","position":3,"name":"VIGNY Alfred de Po\u00ebmes. H\u00e9l\u00e9na, Le Somnambule, La..."}]},{"@type":"WebSite","@id":"https:\/\/www.librairieclavreuil.com\/#website","url":"https:\/\/www.librairieclavreuil.com\/","name":"Libairie Clavreuil","description":"Livres anciens, manuscrits rares et \u00e9ditions originales \u2013 Librairie Clavreuil","publisher":{"@id":"https:\/\/www.librairieclavreuil.com\/#organization"},"potentialAction":[{"@type":"SearchAction","target":{"@type":"EntryPoint","urlTemplate":"https:\/\/www.librairieclavreuil.com\/?s={search_term_string}"},"query-input":{"@type":"PropertyValueSpecification","valueRequired":true,"valueName":"search_term_string"}}],"inLanguage":"en-US"},{"@type":"Organization","@id":"https:\/\/www.librairieclavreuil.com\/#organization","name":"Libairie Clavreuil","url":"https:\/\/www.librairieclavreuil.com\/","logo":{"@type":"ImageObject","inLanguage":"en-US","@id":"https:\/\/www.librairieclavreuil.com\/#\/schema\/logo\/image\/","url":"https:\/\/www.librairieclavreuil.com\/wp-content\/uploads\/2021\/06\/cropped-LOGO_PNG_DATE-_gold-512x512-1.png","contentUrl":"https:\/\/www.librairieclavreuil.com\/wp-content\/uploads\/2021\/06\/cropped-LOGO_PNG_DATE-_gold-512x512-1.png","width":512,"height":512,"caption":"Libairie Clavreuil"},"image":{"@id":"https:\/\/www.librairieclavreuil.com\/#\/schema\/logo\/image\/"},"sameAs":["https:\/\/www.instagram.com\/librairieclavreuil\/"]}]}},"jetpack_sharing_enabled":true,"_links":{"self":[{"href":"https:\/\/www.librairieclavreuil.com\/en\/wp-json\/wp\/v2\/product\/81717","targetHints":{"allow":["GET"]}}],"collection":[{"href":"https:\/\/www.librairieclavreuil.com\/en\/wp-json\/wp\/v2\/product"}],"about":[{"href":"https:\/\/www.librairieclavreuil.com\/en\/wp-json\/wp\/v2\/types\/product"}],"replies":[{"embeddable":true,"href":"https:\/\/www.librairieclavreuil.com\/en\/wp-json\/wp\/v2\/comments?post=81717"}],"wp:featuredmedia":[{"embeddable":true,"href":"https:\/\/www.librairieclavreuil.com\/en\/wp-json\/wp\/v2\/media\/81712"}],"wp:attachment":[{"href":"https:\/\/www.librairieclavreuil.com\/en\/wp-json\/wp\/v2\/media?parent=81717"}],"wp:term":[{"taxonomy":"product_brand","embeddable":true,"href":"https:\/\/www.librairieclavreuil.com\/en\/wp-json\/wp\/v2\/product_brand?post=81717"},{"taxonomy":"product_cat","embeddable":true,"href":"https:\/\/www.librairieclavreuil.com\/en\/wp-json\/wp\/v2\/product_cat?post=81717"},{"taxonomy":"product_tag","embeddable":true,"href":"https:\/\/www.librairieclavreuil.com\/en\/wp-json\/wp\/v2\/product_tag?post=81717"}],"curies":[{"name":"wp","href":"https:\/\/api.w.org\/{rel}","templated":true}]}}