{"id":81681,"date":"2024-10-19T12:41:36","date_gmt":"2024-10-19T10:41:36","guid":{"rendered":"https:\/\/www.librairieclavreuil.com\/lasserre-j-rapport-de-la-commission-formee-pour-examiner-les-conditions-dans-lesquelles-se-trouvent-les-etablissements-agricoles-et-penitentiaires-de-la-colonie\/"},"modified":"2024-10-19T12:41:50","modified_gmt":"2024-10-19T10:41:50","slug":"lasserre-j-rapport-de-la-commission-formee-pour-examiner-les-conditions-dans-lesquelles-se-trouvent-les-etablissements-agricoles-et-penitentiaires-de-la-colonie","status":"publish","type":"product","link":"https:\/\/www.librairieclavreuil.com\/en\/lasserre-j-rapport-de-la-commission-formee-pour-examiner-les-conditions-dans-lesquelles-se-trouvent-les-etablissements-agricoles-et-penitentiaires-de-la-colonie\/","title":{"rendered":"LASSERRE J Rapport de la commission form\u00e9e pour..."},"content":{"rendered":"<p style=\"text-align:justify\">Very interesting reports written at the request of the governor of the island, by Boyer, commissaire-ordonnateur, Herbillon, lieutenant-colonel, and Lasserre, president of the tribunal sup\u00e9rieur.<\/p>\n<p style=\"text-align:justify\">Following a first inspection trip, and even before completing its mission, the Commission decided to write the first report to alert the authorities to the deplorable state of the agricultural colonies. It estimated the number of deportees in New Caledonia at 5,000, of whom 1,200 to 1,500 were assigned to the agricultural colonies.<\/p>\n<p style=\"text-align:justify\">This first report concerns the settlements of Uara\u00ef, Bourail, the Foa region, and the Moindou farm. On the whole, these farms, created two or three years earlier, have not prospered much in relation to the considerable investments they required. In most cases, the appointed managers were incompetent, and the cane was poorly cultivated (yield per hectare was half that of private farms). Moreover, a contract has been signed with Higginson, Morgan et Cie to install sugar factories, but the state, unable to fulfill its contract with such low production, will have to pay damages to the company. Hence the rapporteurs&#8217; cry of alarm: Agricultural penitentiaries have had their day, and experience confirms that they have never produced anything but deplorable results&#8230; In a word, penitentiary labor should be made available to farmers to the greatest extent possible, and the State should be relieved of the concern and responsibility of a feasibility that is better left to private industry\u201d. On their second trip, aboard the steamer Co\u00ebtlogon, the rapporteurs visited Quarai, Monea, Gomen, Nehou\u00e9, Diahot and Canala where the commission recommended establishing vast concessions for large-scale cultivation such as sugar cane, some plots have been broken up, horses are no longer shoed, \u201cno less than 184 cubic meters of wood await some kind of destination\u201d in the rain in the southern bay, but logging continues&#8230; The Diahot region along the island&#8217;s first watercourse, near the Ouegoa mines, would need an administrative center in the village of Le Caillou. Only the Canala farm, in \u201ca magnificent valley watered by several streams\u201d, is flourishing and almost profitable. There are large concessions with rich coffee and rice crops.<\/p>\n<p style=\"text-align:justify\">n the whole, the colony lacks manpower, but \u201cthe freedmen and deportees &#8230; for the most part indulge in laziness and drink&#8230;. The strong and robust Canaques would be a powerful aid for cultivating the land, but, without needs, they live in a savage state and show no interest in improving their condition through work\u201d.<\/p>\n<p style=\"text-align:justify\">These reports, peppered with a variety of lively observations on life on the island, provide an initial assessment of the penal colony in New Caledonia after just a few years&#8217; existence. The experiment was abandoned in 1896.<\/p>\n<p style=\"text-align:justify\">A very important document, perfectly legible.<\/p>\n","protected":false},"excerpt":{"rendered":"<p>Folio (344 x 230 mm) 26 pp., manuscript on paper. Stitched&nbsp;<strong> [Together with :] <\/strong>DEUXIEME RAPPORT de la Commission sup\u00e9rieure charg\u00e9e de l&#8217;inspection des \u00e9tablissements p\u00e9nitentiaires et agricoles de la Colonie. Noum\u00e9a, February 4, 1875. Manuscript, folio, 24 pp.<\/p>\n","protected":false},"featured_media":81674,"comment_status":"open","ping_status":"closed","template":"","meta":{"_acf_changed":false},"product_brand":[],"product_cat":[552],"product_tag":[1405,1409,620],"class_list":{"0":"post-81681","1":"product","2":"type-product","3":"status-publish","4":"has-post-thumbnail","6":"product_cat-travel","7":"product_tag-manuscript","8":"product_tag-oceania","9":"product_tag-travel","10":"pa_auteur-lasserre-j-2","11":"pa_type-de-livre-manuscript","13":"first","14":"instock","15":"shipping-taxable","16":"purchasable","17":"product-type-simple"},"acf":{"artist":" J LASSERRE","chapeau":"","adresse_bibliographique":"Noum\u00e9a, 1874","book_type":"Manuscript","provenance":"","afficher_prix":""},"yoast_head":"<!-- This site is optimized with the Yoast SEO plugin v24.7 - https:\/\/yoast.com\/wordpress\/plugins\/seo\/ -->\n<title>LASSERRE J Rapport de la commission form\u00e9e pour examiner les conditions dans lesquelles se trouvent les \u00e9tablissements agricoles et p\u00e9nitentiaires de la Colonie. - Libairie Clavreuil<\/title>\n<meta name=\"robots\" content=\"index, follow, max-snippet:-1, max-image-preview:large, max-video-preview:-1\" \/>\n<link rel=\"canonical\" href=\"https:\/\/www.librairieclavreuil.com\/en\/lasserre-j-rapport-de-la-commission-formee-pour-examiner-les-conditions-dans-lesquelles-se-trouvent-les-etablissements-agricoles-et-penitentiaires-de-la-colonie\/\" \/>\n<meta property=\"og:locale\" content=\"en_US\" \/>\n<meta property=\"og:type\" content=\"article\" \/>\n<meta property=\"og:title\" content=\"LASSERRE J Rapport de la commission form\u00e9e pour examiner les conditions dans lesquelles se trouvent les \u00e9tablissements agricoles et p\u00e9nitentiaires de la Colonie. - Libairie Clavreuil\" \/>\n<meta property=\"og:description\" content=\"Folio (344 x 230 mm) 26 pp., manuscript on paper. Stitched&nbsp; [Together with :] DEUXIEME RAPPORT de la Commission sup\u00e9rieure charg\u00e9e de l&#039;inspection des \u00e9tablissements p\u00e9nitentiaires et agricoles de la Colonie. Noum\u00e9a, February 4, 1875. Manuscript, folio, 24 pp.\" \/>\n<meta property=\"og:url\" content=\"https:\/\/www.librairieclavreuil.com\/en\/lasserre-j-rapport-de-la-commission-formee-pour-examiner-les-conditions-dans-lesquelles-se-trouvent-les-etablissements-agricoles-et-penitentiaires-de-la-colonie\/\" \/>\n<meta property=\"og:site_name\" content=\"Libairie Clavreuil\" \/>\n<meta property=\"article:modified_time\" content=\"2024-10-19T10:41:50+00:00\" \/>\n<meta property=\"og:image\" content=\"https:\/\/www.librairieclavreuil.com\/wp-content\/uploads\/2024\/10\/j-lasserre-rapport-de-la-commission-formee-pour-examiner-les-conditions-dans-lesquelles-se-trouvent-les-etablissements-agricoles-et-penitent-67138c7764f60.jpg\" \/>\n\t<meta property=\"og:image:width\" content=\"622\" \/>\n\t<meta property=\"og:image:height\" content=\"800\" \/>\n\t<meta property=\"og:image:type\" content=\"image\/jpeg\" \/>\n<meta name=\"twitter:card\" content=\"summary_large_image\" \/>\n<meta name=\"twitter:label1\" content=\"Est. reading time\" \/>\n\t<meta name=\"twitter:data1\" content=\"2 minutes\" \/>\n<script type=\"application\/ld+json\" class=\"yoast-schema-graph\">{\"@context\":\"https:\/\/schema.org\",\"@graph\":[{\"@type\":\"WebPage\",\"@id\":\"https:\/\/www.librairieclavreuil.com\/en\/lasserre-j-rapport-de-la-commission-formee-pour-examiner-les-conditions-dans-lesquelles-se-trouvent-les-etablissements-agricoles-et-penitentiaires-de-la-colonie\/\",\"url\":\"https:\/\/www.librairieclavreuil.com\/en\/lasserre-j-rapport-de-la-commission-formee-pour-examiner-les-conditions-dans-lesquelles-se-trouvent-les-etablissements-agricoles-et-penitentiaires-de-la-colonie\/\",\"name\":\"LASSERRE J Rapport de la commission form\u00e9e pour examiner les conditions dans lesquelles se trouvent les \u00e9tablissements agricoles et p\u00e9nitentiaires de la Colonie. - Libairie Clavreuil\",\"isPartOf\":{\"@id\":\"https:\/\/www.librairieclavreuil.com\/#website\"},\"primaryImageOfPage\":{\"@id\":\"https:\/\/www.librairieclavreuil.com\/en\/lasserre-j-rapport-de-la-commission-formee-pour-examiner-les-conditions-dans-lesquelles-se-trouvent-les-etablissements-agricoles-et-penitentiaires-de-la-colonie\/#primaryimage\"},\"image\":{\"@id\":\"https:\/\/www.librairieclavreuil.com\/en\/lasserre-j-rapport-de-la-commission-formee-pour-examiner-les-conditions-dans-lesquelles-se-trouvent-les-etablissements-agricoles-et-penitentiaires-de-la-colonie\/#primaryimage\"},\"thumbnailUrl\":\"https:\/\/www.librairieclavreuil.com\/wp-content\/uploads\/2024\/10\/j-lasserre-rapport-de-la-commission-formee-pour-examiner-les-conditions-dans-lesquelles-se-trouvent-les-etablissements-agricoles-et-penitent-67138c7764f60.jpg\",\"datePublished\":\"2024-10-19T10:41:36+00:00\",\"dateModified\":\"2024-10-19T10:41:50+00:00\",\"breadcrumb\":{\"@id\":\"https:\/\/www.librairieclavreuil.com\/en\/lasserre-j-rapport-de-la-commission-formee-pour-examiner-les-conditions-dans-lesquelles-se-trouvent-les-etablissements-agricoles-et-penitentiaires-de-la-colonie\/#breadcrumb\"},\"inLanguage\":\"en-US\",\"potentialAction\":[{\"@type\":\"ReadAction\",\"target\":[\"https:\/\/www.librairieclavreuil.com\/en\/lasserre-j-rapport-de-la-commission-formee-pour-examiner-les-conditions-dans-lesquelles-se-trouvent-les-etablissements-agricoles-et-penitentiaires-de-la-colonie\/\"]}]},{\"@type\":\"ImageObject\",\"inLanguage\":\"en-US\",\"@id\":\"https:\/\/www.librairieclavreuil.com\/en\/lasserre-j-rapport-de-la-commission-formee-pour-examiner-les-conditions-dans-lesquelles-se-trouvent-les-etablissements-agricoles-et-penitentiaires-de-la-colonie\/#primaryimage\",\"url\":\"https:\/\/www.librairieclavreuil.com\/wp-content\/uploads\/2024\/10\/j-lasserre-rapport-de-la-commission-formee-pour-examiner-les-conditions-dans-lesquelles-se-trouvent-les-etablissements-agricoles-et-penitent-67138c7764f60.jpg\",\"contentUrl\":\"https:\/\/www.librairieclavreuil.com\/wp-content\/uploads\/2024\/10\/j-lasserre-rapport-de-la-commission-formee-pour-examiner-les-conditions-dans-lesquelles-se-trouvent-les-etablissements-agricoles-et-penitent-67138c7764f60.jpg\",\"width\":622,\"height\":800},{\"@type\":\"BreadcrumbList\",\"@id\":\"https:\/\/www.librairieclavreuil.com\/en\/lasserre-j-rapport-de-la-commission-formee-pour-examiner-les-conditions-dans-lesquelles-se-trouvent-les-etablissements-agricoles-et-penitentiaires-de-la-colonie\/#breadcrumb\",\"itemListElement\":[{\"@type\":\"ListItem\",\"position\":1,\"name\":\"Accueil\",\"item\":\"https:\/\/www.librairieclavreuil.com\/\"},{\"@type\":\"ListItem\",\"position\":2,\"name\":\"All our books\",\"item\":\"https:\/\/www.librairieclavreuil.com\/en\/all-our-books\/\"},{\"@type\":\"ListItem\",\"position\":3,\"name\":\"LASSERRE J Rapport de la commission form\u00e9e pour examiner les conditions dans lesquelles se trouvent les \u00e9tablissements agricoles et p\u00e9nitentiaires de la Colonie.\"}]},{\"@type\":\"WebSite\",\"@id\":\"https:\/\/www.librairieclavreuil.com\/#website\",\"url\":\"https:\/\/www.librairieclavreuil.com\/\",\"name\":\"Libairie Clavreuil\",\"description\":\"Livres anciens, manuscrits rares et \u00e9ditions originales \u2013 Librairie Clavreuil\",\"publisher\":{\"@id\":\"https:\/\/www.librairieclavreuil.com\/#organization\"},\"potentialAction\":[{\"@type\":\"SearchAction\",\"target\":{\"@type\":\"EntryPoint\",\"urlTemplate\":\"https:\/\/www.librairieclavreuil.com\/?s={search_term_string}\"},\"query-input\":{\"@type\":\"PropertyValueSpecification\",\"valueRequired\":true,\"valueName\":\"search_term_string\"}}],\"inLanguage\":\"en-US\"},{\"@type\":\"Organization\",\"@id\":\"https:\/\/www.librairieclavreuil.com\/#organization\",\"name\":\"Libairie Clavreuil\",\"url\":\"https:\/\/www.librairieclavreuil.com\/\",\"logo\":{\"@type\":\"ImageObject\",\"inLanguage\":\"en-US\",\"@id\":\"https:\/\/www.librairieclavreuil.com\/#\/schema\/logo\/image\/\",\"url\":\"https:\/\/www.librairieclavreuil.com\/wp-content\/uploads\/2021\/06\/cropped-LOGO_PNG_DATE-_gold-512x512-1.png\",\"contentUrl\":\"https:\/\/www.librairieclavreuil.com\/wp-content\/uploads\/2021\/06\/cropped-LOGO_PNG_DATE-_gold-512x512-1.png\",\"width\":512,\"height\":512,\"caption\":\"Libairie Clavreuil\"},\"image\":{\"@id\":\"https:\/\/www.librairieclavreuil.com\/#\/schema\/logo\/image\/\"},\"sameAs\":[\"https:\/\/www.instagram.com\/librairieclavreuil\/\"]}]}<\/script>\n<!-- \/ Yoast SEO plugin. -->","yoast_head_json":{"title":"LASSERRE J Rapport de la commission form\u00e9e pour examiner les conditions dans lesquelles se trouvent les \u00e9tablissements agricoles et p\u00e9nitentiaires de la Colonie. - Libairie Clavreuil","robots":{"index":"index","follow":"follow","max-snippet":"max-snippet:-1","max-image-preview":"max-image-preview:large","max-video-preview":"max-video-preview:-1"},"canonical":"https:\/\/www.librairieclavreuil.com\/en\/lasserre-j-rapport-de-la-commission-formee-pour-examiner-les-conditions-dans-lesquelles-se-trouvent-les-etablissements-agricoles-et-penitentiaires-de-la-colonie\/","og_locale":"en_US","og_type":"article","og_title":"LASSERRE J Rapport de la commission form\u00e9e pour examiner les conditions dans lesquelles se trouvent les \u00e9tablissements agricoles et p\u00e9nitentiaires de la Colonie. - Libairie Clavreuil","og_description":"Folio (344 x 230 mm) 26 pp., manuscript on paper. Stitched&nbsp; [Together with :] DEUXIEME RAPPORT de la Commission sup\u00e9rieure charg\u00e9e de l'inspection des \u00e9tablissements p\u00e9nitentiaires et agricoles de la Colonie. Noum\u00e9a, February 4, 1875. Manuscript, folio, 24 pp.","og_url":"https:\/\/www.librairieclavreuil.com\/en\/lasserre-j-rapport-de-la-commission-formee-pour-examiner-les-conditions-dans-lesquelles-se-trouvent-les-etablissements-agricoles-et-penitentiaires-de-la-colonie\/","og_site_name":"Libairie Clavreuil","article_modified_time":"2024-10-19T10:41:50+00:00","og_image":[{"width":622,"height":800,"url":"https:\/\/www.librairieclavreuil.com\/wp-content\/uploads\/2024\/10\/j-lasserre-rapport-de-la-commission-formee-pour-examiner-les-conditions-dans-lesquelles-se-trouvent-les-etablissements-agricoles-et-penitent-67138c7764f60.jpg","type":"image\/jpeg"}],"twitter_card":"summary_large_image","twitter_misc":{"Est. reading time":"2 minutes"},"schema":{"@context":"https:\/\/schema.org","@graph":[{"@type":"WebPage","@id":"https:\/\/www.librairieclavreuil.com\/en\/lasserre-j-rapport-de-la-commission-formee-pour-examiner-les-conditions-dans-lesquelles-se-trouvent-les-etablissements-agricoles-et-penitentiaires-de-la-colonie\/","url":"https:\/\/www.librairieclavreuil.com\/en\/lasserre-j-rapport-de-la-commission-formee-pour-examiner-les-conditions-dans-lesquelles-se-trouvent-les-etablissements-agricoles-et-penitentiaires-de-la-colonie\/","name":"LASSERRE J Rapport de la commission form\u00e9e pour examiner les conditions dans lesquelles se trouvent les \u00e9tablissements agricoles et p\u00e9nitentiaires de la Colonie. - Libairie Clavreuil","isPartOf":{"@id":"https:\/\/www.librairieclavreuil.com\/#website"},"primaryImageOfPage":{"@id":"https:\/\/www.librairieclavreuil.com\/en\/lasserre-j-rapport-de-la-commission-formee-pour-examiner-les-conditions-dans-lesquelles-se-trouvent-les-etablissements-agricoles-et-penitentiaires-de-la-colonie\/#primaryimage"},"image":{"@id":"https:\/\/www.librairieclavreuil.com\/en\/lasserre-j-rapport-de-la-commission-formee-pour-examiner-les-conditions-dans-lesquelles-se-trouvent-les-etablissements-agricoles-et-penitentiaires-de-la-colonie\/#primaryimage"},"thumbnailUrl":"https:\/\/www.librairieclavreuil.com\/wp-content\/uploads\/2024\/10\/j-lasserre-rapport-de-la-commission-formee-pour-examiner-les-conditions-dans-lesquelles-se-trouvent-les-etablissements-agricoles-et-penitent-67138c7764f60.jpg","datePublished":"2024-10-19T10:41:36+00:00","dateModified":"2024-10-19T10:41:50+00:00","breadcrumb":{"@id":"https:\/\/www.librairieclavreuil.com\/en\/lasserre-j-rapport-de-la-commission-formee-pour-examiner-les-conditions-dans-lesquelles-se-trouvent-les-etablissements-agricoles-et-penitentiaires-de-la-colonie\/#breadcrumb"},"inLanguage":"en-US","potentialAction":[{"@type":"ReadAction","target":["https:\/\/www.librairieclavreuil.com\/en\/lasserre-j-rapport-de-la-commission-formee-pour-examiner-les-conditions-dans-lesquelles-se-trouvent-les-etablissements-agricoles-et-penitentiaires-de-la-colonie\/"]}]},{"@type":"ImageObject","inLanguage":"en-US","@id":"https:\/\/www.librairieclavreuil.com\/en\/lasserre-j-rapport-de-la-commission-formee-pour-examiner-les-conditions-dans-lesquelles-se-trouvent-les-etablissements-agricoles-et-penitentiaires-de-la-colonie\/#primaryimage","url":"https:\/\/www.librairieclavreuil.com\/wp-content\/uploads\/2024\/10\/j-lasserre-rapport-de-la-commission-formee-pour-examiner-les-conditions-dans-lesquelles-se-trouvent-les-etablissements-agricoles-et-penitent-67138c7764f60.jpg","contentUrl":"https:\/\/www.librairieclavreuil.com\/wp-content\/uploads\/2024\/10\/j-lasserre-rapport-de-la-commission-formee-pour-examiner-les-conditions-dans-lesquelles-se-trouvent-les-etablissements-agricoles-et-penitent-67138c7764f60.jpg","width":622,"height":800},{"@type":"BreadcrumbList","@id":"https:\/\/www.librairieclavreuil.com\/en\/lasserre-j-rapport-de-la-commission-formee-pour-examiner-les-conditions-dans-lesquelles-se-trouvent-les-etablissements-agricoles-et-penitentiaires-de-la-colonie\/#breadcrumb","itemListElement":[{"@type":"ListItem","position":1,"name":"Accueil","item":"https:\/\/www.librairieclavreuil.com\/"},{"@type":"ListItem","position":2,"name":"All our books","item":"https:\/\/www.librairieclavreuil.com\/en\/all-our-books\/"},{"@type":"ListItem","position":3,"name":"LASSERRE J Rapport de la commission form\u00e9e pour examiner les conditions dans lesquelles se trouvent les \u00e9tablissements agricoles et p\u00e9nitentiaires de la Colonie."}]},{"@type":"WebSite","@id":"https:\/\/www.librairieclavreuil.com\/#website","url":"https:\/\/www.librairieclavreuil.com\/","name":"Libairie Clavreuil","description":"Livres anciens, manuscrits rares et \u00e9ditions originales \u2013 Librairie Clavreuil","publisher":{"@id":"https:\/\/www.librairieclavreuil.com\/#organization"},"potentialAction":[{"@type":"SearchAction","target":{"@type":"EntryPoint","urlTemplate":"https:\/\/www.librairieclavreuil.com\/?s={search_term_string}"},"query-input":{"@type":"PropertyValueSpecification","valueRequired":true,"valueName":"search_term_string"}}],"inLanguage":"en-US"},{"@type":"Organization","@id":"https:\/\/www.librairieclavreuil.com\/#organization","name":"Libairie Clavreuil","url":"https:\/\/www.librairieclavreuil.com\/","logo":{"@type":"ImageObject","inLanguage":"en-US","@id":"https:\/\/www.librairieclavreuil.com\/#\/schema\/logo\/image\/","url":"https:\/\/www.librairieclavreuil.com\/wp-content\/uploads\/2021\/06\/cropped-LOGO_PNG_DATE-_gold-512x512-1.png","contentUrl":"https:\/\/www.librairieclavreuil.com\/wp-content\/uploads\/2021\/06\/cropped-LOGO_PNG_DATE-_gold-512x512-1.png","width":512,"height":512,"caption":"Libairie Clavreuil"},"image":{"@id":"https:\/\/www.librairieclavreuil.com\/#\/schema\/logo\/image\/"},"sameAs":["https:\/\/www.instagram.com\/librairieclavreuil\/"]}]}},"jetpack_sharing_enabled":true,"_links":{"self":[{"href":"https:\/\/www.librairieclavreuil.com\/en\/wp-json\/wp\/v2\/product\/81681","targetHints":{"allow":["GET"]}}],"collection":[{"href":"https:\/\/www.librairieclavreuil.com\/en\/wp-json\/wp\/v2\/product"}],"about":[{"href":"https:\/\/www.librairieclavreuil.com\/en\/wp-json\/wp\/v2\/types\/product"}],"replies":[{"embeddable":true,"href":"https:\/\/www.librairieclavreuil.com\/en\/wp-json\/wp\/v2\/comments?post=81681"}],"wp:featuredmedia":[{"embeddable":true,"href":"https:\/\/www.librairieclavreuil.com\/en\/wp-json\/wp\/v2\/media\/81674"}],"wp:attachment":[{"href":"https:\/\/www.librairieclavreuil.com\/en\/wp-json\/wp\/v2\/media?parent=81681"}],"wp:term":[{"taxonomy":"product_brand","embeddable":true,"href":"https:\/\/www.librairieclavreuil.com\/en\/wp-json\/wp\/v2\/product_brand?post=81681"},{"taxonomy":"product_cat","embeddable":true,"href":"https:\/\/www.librairieclavreuil.com\/en\/wp-json\/wp\/v2\/product_cat?post=81681"},{"taxonomy":"product_tag","embeddable":true,"href":"https:\/\/www.librairieclavreuil.com\/en\/wp-json\/wp\/v2\/product_tag?post=81681"}],"curies":[{"name":"wp","href":"https:\/\/api.w.org\/{rel}","templated":true}]}}