{"id":81673,"date":"2024-10-19T12:41:05","date_gmt":"2024-10-19T10:41:05","guid":{"rendered":"https:\/\/www.librairieclavreuil.com\/rochambeau-donatien-marie-joseph-de-vimeur-certificat-pour-le-citoyen-joseph-gambez\/"},"modified":"2024-10-25T10:54:14","modified_gmt":"2024-10-25T08:54:14","slug":"rochambeau-donatien-marie-joseph-de-vimeur-certificat-pour-le-citoyen-joseph-gambez","status":"publish","type":"product","link":"https:\/\/www.librairieclavreuil.com\/en\/rochambeau-donatien-marie-joseph-de-vimeur-certificat-pour-le-citoyen-joseph-gambez\/","title":{"rendered":"ROCHAMBEAU Donatien-Marie-Joseph de Vimeur Certificat pour le citoyen..."},"content":{"rendered":"<p>Certificate for \u2018Citizen Joseph Gambez, doctor of the Republic&#8230; military hospital of St-Pierre-Martinique has carried out his duties with great zeal&#8230; he has supported the true constitutional principles of the republican government adopted by France with a civic-mindedness free from any personal interest\u2019.<\/p>\n<p>Appointed lieutenant-general of the Leeward Islands in 1793, Donatien Rochambeau won several victories over the English allied with the Royalists. However, he had to surrender on 22 March 1794 in Saint-Pierre after a long siege, and this certificate was written five days before the surrender and is fully signed &#8216;Le 19 Mars vieux style &#8211; 29 vent\u00f4se An II de la r\u00e9publique fran\u00e7aise une et indivisible&#8221;.<\/p>\n<p>Traces of folding and splitting in the centre, small missing stamp.<\/p>\n","protected":false},"excerpt":{"rendered":"<p style=\"text-align:justify\">4to (230 x 180 mm) autograph certificat, signed [Martinique] 19 mars 1794, 1p., brown ink on paper with the seal of &#8216;Le Commandant des Iles du Vent&#8221; (traces of folds, small portion missing at center, seal brittle and with slight loss).<\/p>\n","protected":false},"featured_media":81704,"comment_status":"open","ping_status":"closed","template":"","meta":{"_acf_changed":false},"product_brand":[],"product_cat":[552],"product_tag":[1363,1405],"class_list":{"0":"post-81673","1":"product","2":"type-product","3":"status-publish","4":"has-post-thumbnail","6":"product_cat-travel","7":"product_tag-caribbean","8":"product_tag-manuscript","9":"pa_auteur-rochambeau-donatien-marie-joseph-de-vimeur-2","10":"pa_type-de-livre-manuscript","12":"first","13":"instock","14":"shipping-taxable","15":"purchasable","16":"product-type-simple"},"acf":{"artist":" Donatien-Marie-Joseph de Vimeur ROCHAMBEAU","chapeau":"","adresse_bibliographique":"Martinique, 1794","book_type":"Manuscript","provenance":"","afficher_prix":""},"yoast_head":"<!-- This site is optimized with the Yoast SEO plugin v24.7 - https:\/\/yoast.com\/wordpress\/plugins\/seo\/ -->\n<title>ROCHAMBEAU Donatien-Marie-Joseph de Vimeur Certificat pour le citoyen Joseph Gambez. - Libairie Clavreuil<\/title>\n<meta name=\"robots\" content=\"index, follow, max-snippet:-1, max-image-preview:large, max-video-preview:-1\" \/>\n<link rel=\"canonical\" href=\"https:\/\/www.librairieclavreuil.com\/produit\/rochambeau-donatien-marie-joseph-de-vimeur-certificat-pour-le-citoyen-joseph-gambez\/\" \/>\n<meta property=\"og:locale\" content=\"en_US\" \/>\n<meta property=\"og:type\" content=\"article\" \/>\n<meta property=\"og:title\" content=\"ROCHAMBEAU Donatien-Marie-Joseph de Vimeur Certificat pour le citoyen Joseph Gambez. - Libairie Clavreuil\" \/>\n<meta property=\"og:description\" content=\"4to (230 x 180 mm) autograph certificat, signed [Martinique] 19 mars 1794, 1p., brown ink on paper with the seal of &#039;Le Commandant des Iles du Vent&quot; (traces of folds, small portion missing at center, seal brittle and with slight loss).\" \/>\n<meta property=\"og:url\" content=\"https:\/\/www.librairieclavreuil.com\/produit\/rochambeau-donatien-marie-joseph-de-vimeur-certificat-pour-le-citoyen-joseph-gambez\/\" \/>\n<meta property=\"og:site_name\" content=\"Libairie Clavreuil\" \/>\n<meta property=\"article:modified_time\" content=\"2024-10-25T08:54:14+00:00\" \/>\n<meta property=\"og:image\" content=\"https:\/\/www.librairieclavreuil.com\/wp-content\/uploads\/2024\/10\/donatien-marie-joseph-de-vimeur-rochambeau-certificat-pour-le-citoyen-joseph-gambez-9606-671b5c7f02271.jpg\" \/>\n\t<meta property=\"og:image:width\" content=\"622\" \/>\n\t<meta property=\"og:image:height\" content=\"800\" \/>\n\t<meta property=\"og:image:type\" content=\"image\/jpeg\" \/>\n<meta name=\"twitter:card\" content=\"summary_large_image\" \/>\n<meta name=\"twitter:label1\" content=\"Est. reading time\" \/>\n\t<meta name=\"twitter:data1\" content=\"1 minute\" \/>\n<script type=\"application\/ld+json\" class=\"yoast-schema-graph\">{\"@context\":\"https:\/\/schema.org\",\"@graph\":[{\"@type\":\"WebPage\",\"@id\":\"https:\/\/www.librairieclavreuil.com\/produit\/rochambeau-donatien-marie-joseph-de-vimeur-certificat-pour-le-citoyen-joseph-gambez\/\",\"url\":\"https:\/\/www.librairieclavreuil.com\/produit\/rochambeau-donatien-marie-joseph-de-vimeur-certificat-pour-le-citoyen-joseph-gambez\/\",\"name\":\"ROCHAMBEAU Donatien-Marie-Joseph de Vimeur Certificat pour le citoyen Joseph Gambez. - Libairie Clavreuil\",\"isPartOf\":{\"@id\":\"https:\/\/www.librairieclavreuil.com\/#website\"},\"primaryImageOfPage\":{\"@id\":\"https:\/\/www.librairieclavreuil.com\/produit\/rochambeau-donatien-marie-joseph-de-vimeur-certificat-pour-le-citoyen-joseph-gambez\/#primaryimage\"},\"image\":{\"@id\":\"https:\/\/www.librairieclavreuil.com\/produit\/rochambeau-donatien-marie-joseph-de-vimeur-certificat-pour-le-citoyen-joseph-gambez\/#primaryimage\"},\"thumbnailUrl\":\"https:\/\/www.librairieclavreuil.com\/wp-content\/uploads\/2024\/10\/donatien-marie-joseph-de-vimeur-rochambeau-certificat-pour-le-citoyen-joseph-gambez-9606-671b5c7f02271.jpg\",\"datePublished\":\"2024-10-19T10:41:05+00:00\",\"dateModified\":\"2024-10-25T08:54:14+00:00\",\"breadcrumb\":{\"@id\":\"https:\/\/www.librairieclavreuil.com\/produit\/rochambeau-donatien-marie-joseph-de-vimeur-certificat-pour-le-citoyen-joseph-gambez\/#breadcrumb\"},\"inLanguage\":\"en-US\",\"potentialAction\":[{\"@type\":\"ReadAction\",\"target\":[\"https:\/\/www.librairieclavreuil.com\/produit\/rochambeau-donatien-marie-joseph-de-vimeur-certificat-pour-le-citoyen-joseph-gambez\/\"]}]},{\"@type\":\"ImageObject\",\"inLanguage\":\"en-US\",\"@id\":\"https:\/\/www.librairieclavreuil.com\/produit\/rochambeau-donatien-marie-joseph-de-vimeur-certificat-pour-le-citoyen-joseph-gambez\/#primaryimage\",\"url\":\"https:\/\/www.librairieclavreuil.com\/wp-content\/uploads\/2024\/10\/donatien-marie-joseph-de-vimeur-rochambeau-certificat-pour-le-citoyen-joseph-gambez-9606-671b5c7f02271.jpg\",\"contentUrl\":\"https:\/\/www.librairieclavreuil.com\/wp-content\/uploads\/2024\/10\/donatien-marie-joseph-de-vimeur-rochambeau-certificat-pour-le-citoyen-joseph-gambez-9606-671b5c7f02271.jpg\",\"width\":622,\"height\":800},{\"@type\":\"BreadcrumbList\",\"@id\":\"https:\/\/www.librairieclavreuil.com\/produit\/rochambeau-donatien-marie-joseph-de-vimeur-certificat-pour-le-citoyen-joseph-gambez\/#breadcrumb\",\"itemListElement\":[{\"@type\":\"ListItem\",\"position\":1,\"name\":\"Accueil\",\"item\":\"https:\/\/www.librairieclavreuil.com\/\"},{\"@type\":\"ListItem\",\"position\":2,\"name\":\"All our books\",\"item\":\"https:\/\/www.librairieclavreuil.com\/en\/all-our-books\/\"},{\"@type\":\"ListItem\",\"position\":3,\"name\":\"ROCHAMBEAU Donatien-Marie-Joseph de Vimeur Certificat pour le citoyen...\"}]},{\"@type\":\"WebSite\",\"@id\":\"https:\/\/www.librairieclavreuil.com\/#website\",\"url\":\"https:\/\/www.librairieclavreuil.com\/\",\"name\":\"Libairie Clavreuil\",\"description\":\"Livres anciens, manuscrits rares et \u00e9ditions originales \u2013 Librairie Clavreuil\",\"publisher\":{\"@id\":\"https:\/\/www.librairieclavreuil.com\/#organization\"},\"potentialAction\":[{\"@type\":\"SearchAction\",\"target\":{\"@type\":\"EntryPoint\",\"urlTemplate\":\"https:\/\/www.librairieclavreuil.com\/?s={search_term_string}\"},\"query-input\":{\"@type\":\"PropertyValueSpecification\",\"valueRequired\":true,\"valueName\":\"search_term_string\"}}],\"inLanguage\":\"en-US\"},{\"@type\":\"Organization\",\"@id\":\"https:\/\/www.librairieclavreuil.com\/#organization\",\"name\":\"Libairie Clavreuil\",\"url\":\"https:\/\/www.librairieclavreuil.com\/\",\"logo\":{\"@type\":\"ImageObject\",\"inLanguage\":\"en-US\",\"@id\":\"https:\/\/www.librairieclavreuil.com\/#\/schema\/logo\/image\/\",\"url\":\"https:\/\/www.librairieclavreuil.com\/wp-content\/uploads\/2021\/06\/cropped-LOGO_PNG_DATE-_gold-512x512-1.png\",\"contentUrl\":\"https:\/\/www.librairieclavreuil.com\/wp-content\/uploads\/2021\/06\/cropped-LOGO_PNG_DATE-_gold-512x512-1.png\",\"width\":512,\"height\":512,\"caption\":\"Libairie Clavreuil\"},\"image\":{\"@id\":\"https:\/\/www.librairieclavreuil.com\/#\/schema\/logo\/image\/\"},\"sameAs\":[\"https:\/\/www.instagram.com\/librairieclavreuil\/\"]}]}<\/script>\n<!-- \/ Yoast SEO plugin. -->","yoast_head_json":{"title":"ROCHAMBEAU Donatien-Marie-Joseph de Vimeur Certificat pour le citoyen Joseph Gambez. - Libairie Clavreuil","robots":{"index":"index","follow":"follow","max-snippet":"max-snippet:-1","max-image-preview":"max-image-preview:large","max-video-preview":"max-video-preview:-1"},"canonical":"https:\/\/www.librairieclavreuil.com\/produit\/rochambeau-donatien-marie-joseph-de-vimeur-certificat-pour-le-citoyen-joseph-gambez\/","og_locale":"en_US","og_type":"article","og_title":"ROCHAMBEAU Donatien-Marie-Joseph de Vimeur Certificat pour le citoyen Joseph Gambez. - Libairie Clavreuil","og_description":"4to (230 x 180 mm) autograph certificat, signed [Martinique] 19 mars 1794, 1p., brown ink on paper with the seal of 'Le Commandant des Iles du Vent\" (traces of folds, small portion missing at center, seal brittle and with slight loss).","og_url":"https:\/\/www.librairieclavreuil.com\/produit\/rochambeau-donatien-marie-joseph-de-vimeur-certificat-pour-le-citoyen-joseph-gambez\/","og_site_name":"Libairie Clavreuil","article_modified_time":"2024-10-25T08:54:14+00:00","og_image":[{"width":622,"height":800,"url":"https:\/\/www.librairieclavreuil.com\/wp-content\/uploads\/2024\/10\/donatien-marie-joseph-de-vimeur-rochambeau-certificat-pour-le-citoyen-joseph-gambez-9606-671b5c7f02271.jpg","type":"image\/jpeg"}],"twitter_card":"summary_large_image","twitter_misc":{"Est. reading time":"1 minute"},"schema":{"@context":"https:\/\/schema.org","@graph":[{"@type":"WebPage","@id":"https:\/\/www.librairieclavreuil.com\/produit\/rochambeau-donatien-marie-joseph-de-vimeur-certificat-pour-le-citoyen-joseph-gambez\/","url":"https:\/\/www.librairieclavreuil.com\/produit\/rochambeau-donatien-marie-joseph-de-vimeur-certificat-pour-le-citoyen-joseph-gambez\/","name":"ROCHAMBEAU Donatien-Marie-Joseph de Vimeur Certificat pour le citoyen Joseph Gambez. - Libairie Clavreuil","isPartOf":{"@id":"https:\/\/www.librairieclavreuil.com\/#website"},"primaryImageOfPage":{"@id":"https:\/\/www.librairieclavreuil.com\/produit\/rochambeau-donatien-marie-joseph-de-vimeur-certificat-pour-le-citoyen-joseph-gambez\/#primaryimage"},"image":{"@id":"https:\/\/www.librairieclavreuil.com\/produit\/rochambeau-donatien-marie-joseph-de-vimeur-certificat-pour-le-citoyen-joseph-gambez\/#primaryimage"},"thumbnailUrl":"https:\/\/www.librairieclavreuil.com\/wp-content\/uploads\/2024\/10\/donatien-marie-joseph-de-vimeur-rochambeau-certificat-pour-le-citoyen-joseph-gambez-9606-671b5c7f02271.jpg","datePublished":"2024-10-19T10:41:05+00:00","dateModified":"2024-10-25T08:54:14+00:00","breadcrumb":{"@id":"https:\/\/www.librairieclavreuil.com\/produit\/rochambeau-donatien-marie-joseph-de-vimeur-certificat-pour-le-citoyen-joseph-gambez\/#breadcrumb"},"inLanguage":"en-US","potentialAction":[{"@type":"ReadAction","target":["https:\/\/www.librairieclavreuil.com\/produit\/rochambeau-donatien-marie-joseph-de-vimeur-certificat-pour-le-citoyen-joseph-gambez\/"]}]},{"@type":"ImageObject","inLanguage":"en-US","@id":"https:\/\/www.librairieclavreuil.com\/produit\/rochambeau-donatien-marie-joseph-de-vimeur-certificat-pour-le-citoyen-joseph-gambez\/#primaryimage","url":"https:\/\/www.librairieclavreuil.com\/wp-content\/uploads\/2024\/10\/donatien-marie-joseph-de-vimeur-rochambeau-certificat-pour-le-citoyen-joseph-gambez-9606-671b5c7f02271.jpg","contentUrl":"https:\/\/www.librairieclavreuil.com\/wp-content\/uploads\/2024\/10\/donatien-marie-joseph-de-vimeur-rochambeau-certificat-pour-le-citoyen-joseph-gambez-9606-671b5c7f02271.jpg","width":622,"height":800},{"@type":"BreadcrumbList","@id":"https:\/\/www.librairieclavreuil.com\/produit\/rochambeau-donatien-marie-joseph-de-vimeur-certificat-pour-le-citoyen-joseph-gambez\/#breadcrumb","itemListElement":[{"@type":"ListItem","position":1,"name":"Accueil","item":"https:\/\/www.librairieclavreuil.com\/"},{"@type":"ListItem","position":2,"name":"All our books","item":"https:\/\/www.librairieclavreuil.com\/en\/all-our-books\/"},{"@type":"ListItem","position":3,"name":"ROCHAMBEAU Donatien-Marie-Joseph de Vimeur Certificat pour le citoyen..."}]},{"@type":"WebSite","@id":"https:\/\/www.librairieclavreuil.com\/#website","url":"https:\/\/www.librairieclavreuil.com\/","name":"Libairie Clavreuil","description":"Livres anciens, manuscrits rares et \u00e9ditions originales \u2013 Librairie Clavreuil","publisher":{"@id":"https:\/\/www.librairieclavreuil.com\/#organization"},"potentialAction":[{"@type":"SearchAction","target":{"@type":"EntryPoint","urlTemplate":"https:\/\/www.librairieclavreuil.com\/?s={search_term_string}"},"query-input":{"@type":"PropertyValueSpecification","valueRequired":true,"valueName":"search_term_string"}}],"inLanguage":"en-US"},{"@type":"Organization","@id":"https:\/\/www.librairieclavreuil.com\/#organization","name":"Libairie Clavreuil","url":"https:\/\/www.librairieclavreuil.com\/","logo":{"@type":"ImageObject","inLanguage":"en-US","@id":"https:\/\/www.librairieclavreuil.com\/#\/schema\/logo\/image\/","url":"https:\/\/www.librairieclavreuil.com\/wp-content\/uploads\/2021\/06\/cropped-LOGO_PNG_DATE-_gold-512x512-1.png","contentUrl":"https:\/\/www.librairieclavreuil.com\/wp-content\/uploads\/2021\/06\/cropped-LOGO_PNG_DATE-_gold-512x512-1.png","width":512,"height":512,"caption":"Libairie Clavreuil"},"image":{"@id":"https:\/\/www.librairieclavreuil.com\/#\/schema\/logo\/image\/"},"sameAs":["https:\/\/www.instagram.com\/librairieclavreuil\/"]}]}},"jetpack_sharing_enabled":true,"_links":{"self":[{"href":"https:\/\/www.librairieclavreuil.com\/en\/wp-json\/wp\/v2\/product\/81673","targetHints":{"allow":["GET"]}}],"collection":[{"href":"https:\/\/www.librairieclavreuil.com\/en\/wp-json\/wp\/v2\/product"}],"about":[{"href":"https:\/\/www.librairieclavreuil.com\/en\/wp-json\/wp\/v2\/types\/product"}],"replies":[{"embeddable":true,"href":"https:\/\/www.librairieclavreuil.com\/en\/wp-json\/wp\/v2\/comments?post=81673"}],"wp:featuredmedia":[{"embeddable":true,"href":"https:\/\/www.librairieclavreuil.com\/en\/wp-json\/wp\/v2\/media\/81704"}],"wp:attachment":[{"href":"https:\/\/www.librairieclavreuil.com\/en\/wp-json\/wp\/v2\/media?parent=81673"}],"wp:term":[{"taxonomy":"product_brand","embeddable":true,"href":"https:\/\/www.librairieclavreuil.com\/en\/wp-json\/wp\/v2\/product_brand?post=81673"},{"taxonomy":"product_cat","embeddable":true,"href":"https:\/\/www.librairieclavreuil.com\/en\/wp-json\/wp\/v2\/product_cat?post=81673"},{"taxonomy":"product_tag","embeddable":true,"href":"https:\/\/www.librairieclavreuil.com\/en\/wp-json\/wp\/v2\/product_tag?post=81673"}],"curies":[{"name":"wp","href":"https:\/\/api.w.org\/{rel}","templated":true}]}}