{"id":81671,"date":"2024-10-19T12:17:19","date_gmt":"2024-10-19T10:17:19","guid":{"rendered":"https:\/\/www.librairieclavreuil.com\/adanson-charles-louis-reglement-concernant-les-jeunes-de-langues-et-eleves-drogmans-decembre-1833-projet-modifie-copie\/"},"modified":"2024-10-19T12:17:47","modified_gmt":"2024-10-19T10:17:47","slug":"adanson-charles-louis-reglement-concernant-les-jeunes-de-langues-et-eleves-drogmans-decembre-1833-projet-modifie-copie","status":"publish","type":"product","link":"https:\/\/www.librairieclavreuil.com\/en\/adanson-charles-louis-reglement-concernant-les-jeunes-de-langues-et-eleves-drogmans-decembre-1833-projet-modifie-copie\/","title":{"rendered":"ADANSON Charles-Louis Reglement concernant les jeunes-de-langues et \u00e9l\u00e8ves..."},"content":{"rendered":"<p style=\"text-align:justify\">In the diplomatic terminology of the Ottoman Empire, interpreters were referred to as drogman, dragoman and truchement, which derive from the Turkish term terj\u00fcman, a word of Aramaic origin that had long existed in Arabic in the form of targuman. This term, like many oriental words, had several meanings in Islamic texts. Firstly, it meant a translator or interpreter in the strict sense of the term; secondly, it referred to an explainer of Arabic terms whose meaning was obscure to people with little knowledge of the subtleties of the language; the third meaning corresponded to the term mediator or intermediary understood in a very broad sense, which could mean, in modern times, an expert in oriental languages and civilisations.<\/p>\n<p style=\"text-align:justify\">Language students or drogmans (interpreters) were taught oriental languages and were subject to strict discipline at the Coll\u00e8ge Louis-le-Grand in Paris. Jean-Baptiste Adanson was a pupil there in the 18th century, and his son Charles-Louis Adanson (1767-1840) followed the same career as his father. This is his copy of the rules, with the changes in red ink and corrections and additions in his own hand.<\/p>\n<p style=\"text-align:justify\">The school regulations were amended in 1833 in the interests of oriental studies (the possession of Algiers gave them a new degree of importance). Pupils were required to follow the normal college courses as well as Oriental languages (Arabic, Turkish, Persian, Greek, etc.), law and an introduction to the laws of Muslim countries where they would be called upon to defend the interests of their homeland and fellow citizens. After a few years, they were sent to Aleppo, Smyrna or Constantinople to the consul to perfect their knowledge of the language, calligraphy and customs of the country. The consul was required to report on their conduct, with the possibility of sending them back to France.<\/p>\n<p style=\"text-align:justify\">A very interesting document on the discipline of the drogmans, who assisted the ambassadors and thus had a very great influence on all diplomatic relations with the Middle East.<\/p>\n<p style=\"text-align:justify\">Fine condition, in a fine, legible handwriting.<\/p>\n","protected":false},"excerpt":{"rendered":"<p>Folio (305 x 210 mm) 14pp. Manuscript on paper, stitched.<\/p>\n","protected":false},"featured_media":81662,"comment_status":"open","ping_status":"closed","template":"","meta":{"_acf_changed":false},"product_brand":[],"product_cat":[552],"product_tag":[1405,1402],"class_list":{"0":"post-81671","1":"product","2":"type-product","3":"status-publish","4":"has-post-thumbnail","6":"product_cat-travel","7":"product_tag-manuscript","8":"product_tag-turkey","9":"pa_auteur-adanson-charles-louis-2","10":"pa_type-de-livre-manuscript","12":"first","13":"instock","14":"shipping-taxable","15":"purchasable","16":"product-type-simple"},"acf":{"artist":"Charles-Louis ADANSON","chapeau":"","adresse_bibliographique":"1833-1834","book_type":"Manuscript","provenance":"","afficher_prix":""},"yoast_head":"<!-- This site is optimized with the Yoast SEO plugin v24.7 - https:\/\/yoast.com\/wordpress\/plugins\/seo\/ -->\n<title>ADANSON Charles-Louis Reglement concernant les jeunes-de-langues et \u00e9l\u00e8ves Drogmans. D\u00e9cembre 1833. Projet modifi\u00e9, copie. - Libairie Clavreuil<\/title>\n<meta name=\"robots\" content=\"index, follow, max-snippet:-1, max-image-preview:large, max-video-preview:-1\" \/>\n<link rel=\"canonical\" href=\"https:\/\/www.librairieclavreuil.com\/en\/adanson-charles-louis-reglement-concernant-les-jeunes-de-langues-et-eleves-drogmans-decembre-1833-projet-modifie-copie\/\" \/>\n<meta property=\"og:locale\" content=\"en_US\" \/>\n<meta property=\"og:type\" content=\"article\" \/>\n<meta property=\"og:title\" content=\"ADANSON Charles-Louis Reglement concernant les jeunes-de-langues et \u00e9l\u00e8ves Drogmans. D\u00e9cembre 1833. Projet modifi\u00e9, copie. - Libairie Clavreuil\" \/>\n<meta property=\"og:description\" content=\"Folio (305 x 210 mm) 14pp. Manuscript on paper, stitched.\" \/>\n<meta property=\"og:url\" content=\"https:\/\/www.librairieclavreuil.com\/en\/adanson-charles-louis-reglement-concernant-les-jeunes-de-langues-et-eleves-drogmans-decembre-1833-projet-modifie-copie\/\" \/>\n<meta property=\"og:site_name\" content=\"Libairie Clavreuil\" \/>\n<meta property=\"article:modified_time\" content=\"2024-10-19T10:17:47+00:00\" \/>\n<meta property=\"og:image\" content=\"https:\/\/www.librairieclavreuil.com\/wp-content\/uploads\/2024\/10\/charles-louis-adanson-reglement-concernant-les-jeunes-de-langues-et-eleves-drogmans-decembre-1833-projet-modifie-copie-9605-671386ceec8d5.jpg\" \/>\n\t<meta property=\"og:image:width\" content=\"622\" \/>\n\t<meta property=\"og:image:height\" content=\"800\" \/>\n\t<meta property=\"og:image:type\" content=\"image\/jpeg\" \/>\n<meta name=\"twitter:card\" content=\"summary_large_image\" \/>\n<meta name=\"twitter:label1\" content=\"Est. reading time\" \/>\n\t<meta name=\"twitter:data1\" content=\"2 minutes\" \/>\n<script type=\"application\/ld+json\" class=\"yoast-schema-graph\">{\"@context\":\"https:\/\/schema.org\",\"@graph\":[{\"@type\":\"WebPage\",\"@id\":\"https:\/\/www.librairieclavreuil.com\/en\/adanson-charles-louis-reglement-concernant-les-jeunes-de-langues-et-eleves-drogmans-decembre-1833-projet-modifie-copie\/\",\"url\":\"https:\/\/www.librairieclavreuil.com\/en\/adanson-charles-louis-reglement-concernant-les-jeunes-de-langues-et-eleves-drogmans-decembre-1833-projet-modifie-copie\/\",\"name\":\"ADANSON Charles-Louis Reglement concernant les jeunes-de-langues et \u00e9l\u00e8ves Drogmans. D\u00e9cembre 1833. Projet modifi\u00e9, copie. - Libairie Clavreuil\",\"isPartOf\":{\"@id\":\"https:\/\/www.librairieclavreuil.com\/#website\"},\"primaryImageOfPage\":{\"@id\":\"https:\/\/www.librairieclavreuil.com\/en\/adanson-charles-louis-reglement-concernant-les-jeunes-de-langues-et-eleves-drogmans-decembre-1833-projet-modifie-copie\/#primaryimage\"},\"image\":{\"@id\":\"https:\/\/www.librairieclavreuil.com\/en\/adanson-charles-louis-reglement-concernant-les-jeunes-de-langues-et-eleves-drogmans-decembre-1833-projet-modifie-copie\/#primaryimage\"},\"thumbnailUrl\":\"https:\/\/www.librairieclavreuil.com\/wp-content\/uploads\/2024\/10\/charles-louis-adanson-reglement-concernant-les-jeunes-de-langues-et-eleves-drogmans-decembre-1833-projet-modifie-copie-9605-671386ceec8d5.jpg\",\"datePublished\":\"2024-10-19T10:17:19+00:00\",\"dateModified\":\"2024-10-19T10:17:47+00:00\",\"breadcrumb\":{\"@id\":\"https:\/\/www.librairieclavreuil.com\/en\/adanson-charles-louis-reglement-concernant-les-jeunes-de-langues-et-eleves-drogmans-decembre-1833-projet-modifie-copie\/#breadcrumb\"},\"inLanguage\":\"en-US\",\"potentialAction\":[{\"@type\":\"ReadAction\",\"target\":[\"https:\/\/www.librairieclavreuil.com\/en\/adanson-charles-louis-reglement-concernant-les-jeunes-de-langues-et-eleves-drogmans-decembre-1833-projet-modifie-copie\/\"]}]},{\"@type\":\"ImageObject\",\"inLanguage\":\"en-US\",\"@id\":\"https:\/\/www.librairieclavreuil.com\/en\/adanson-charles-louis-reglement-concernant-les-jeunes-de-langues-et-eleves-drogmans-decembre-1833-projet-modifie-copie\/#primaryimage\",\"url\":\"https:\/\/www.librairieclavreuil.com\/wp-content\/uploads\/2024\/10\/charles-louis-adanson-reglement-concernant-les-jeunes-de-langues-et-eleves-drogmans-decembre-1833-projet-modifie-copie-9605-671386ceec8d5.jpg\",\"contentUrl\":\"https:\/\/www.librairieclavreuil.com\/wp-content\/uploads\/2024\/10\/charles-louis-adanson-reglement-concernant-les-jeunes-de-langues-et-eleves-drogmans-decembre-1833-projet-modifie-copie-9605-671386ceec8d5.jpg\",\"width\":622,\"height\":800},{\"@type\":\"BreadcrumbList\",\"@id\":\"https:\/\/www.librairieclavreuil.com\/en\/adanson-charles-louis-reglement-concernant-les-jeunes-de-langues-et-eleves-drogmans-decembre-1833-projet-modifie-copie\/#breadcrumb\",\"itemListElement\":[{\"@type\":\"ListItem\",\"position\":1,\"name\":\"Accueil\",\"item\":\"https:\/\/www.librairieclavreuil.com\/\"},{\"@type\":\"ListItem\",\"position\":2,\"name\":\"All our books\",\"item\":\"https:\/\/www.librairieclavreuil.com\/en\/all-our-books\/\"},{\"@type\":\"ListItem\",\"position\":3,\"name\":\"ADANSON Charles-Louis Reglement concernant les jeunes-de-langues et \u00e9l\u00e8ves Drogmans. D\u00e9cembre 1833. Projet modifi\u00e9, copie.\"}]},{\"@type\":\"WebSite\",\"@id\":\"https:\/\/www.librairieclavreuil.com\/#website\",\"url\":\"https:\/\/www.librairieclavreuil.com\/\",\"name\":\"Libairie Clavreuil\",\"description\":\"Livres anciens, manuscrits rares et \u00e9ditions originales \u2013 Librairie Clavreuil\",\"publisher\":{\"@id\":\"https:\/\/www.librairieclavreuil.com\/#organization\"},\"potentialAction\":[{\"@type\":\"SearchAction\",\"target\":{\"@type\":\"EntryPoint\",\"urlTemplate\":\"https:\/\/www.librairieclavreuil.com\/?s={search_term_string}\"},\"query-input\":{\"@type\":\"PropertyValueSpecification\",\"valueRequired\":true,\"valueName\":\"search_term_string\"}}],\"inLanguage\":\"en-US\"},{\"@type\":\"Organization\",\"@id\":\"https:\/\/www.librairieclavreuil.com\/#organization\",\"name\":\"Libairie Clavreuil\",\"url\":\"https:\/\/www.librairieclavreuil.com\/\",\"logo\":{\"@type\":\"ImageObject\",\"inLanguage\":\"en-US\",\"@id\":\"https:\/\/www.librairieclavreuil.com\/#\/schema\/logo\/image\/\",\"url\":\"https:\/\/www.librairieclavreuil.com\/wp-content\/uploads\/2021\/06\/cropped-LOGO_PNG_DATE-_gold-512x512-1.png\",\"contentUrl\":\"https:\/\/www.librairieclavreuil.com\/wp-content\/uploads\/2021\/06\/cropped-LOGO_PNG_DATE-_gold-512x512-1.png\",\"width\":512,\"height\":512,\"caption\":\"Libairie Clavreuil\"},\"image\":{\"@id\":\"https:\/\/www.librairieclavreuil.com\/#\/schema\/logo\/image\/\"},\"sameAs\":[\"https:\/\/www.instagram.com\/librairieclavreuil\/\"]}]}<\/script>\n<!-- \/ Yoast SEO plugin. -->","yoast_head_json":{"title":"ADANSON Charles-Louis Reglement concernant les jeunes-de-langues et \u00e9l\u00e8ves Drogmans. D\u00e9cembre 1833. Projet modifi\u00e9, copie. - Libairie Clavreuil","robots":{"index":"index","follow":"follow","max-snippet":"max-snippet:-1","max-image-preview":"max-image-preview:large","max-video-preview":"max-video-preview:-1"},"canonical":"https:\/\/www.librairieclavreuil.com\/en\/adanson-charles-louis-reglement-concernant-les-jeunes-de-langues-et-eleves-drogmans-decembre-1833-projet-modifie-copie\/","og_locale":"en_US","og_type":"article","og_title":"ADANSON Charles-Louis Reglement concernant les jeunes-de-langues et \u00e9l\u00e8ves Drogmans. D\u00e9cembre 1833. Projet modifi\u00e9, copie. - Libairie Clavreuil","og_description":"Folio (305 x 210 mm) 14pp. Manuscript on paper, stitched.","og_url":"https:\/\/www.librairieclavreuil.com\/en\/adanson-charles-louis-reglement-concernant-les-jeunes-de-langues-et-eleves-drogmans-decembre-1833-projet-modifie-copie\/","og_site_name":"Libairie Clavreuil","article_modified_time":"2024-10-19T10:17:47+00:00","og_image":[{"width":622,"height":800,"url":"https:\/\/www.librairieclavreuil.com\/wp-content\/uploads\/2024\/10\/charles-louis-adanson-reglement-concernant-les-jeunes-de-langues-et-eleves-drogmans-decembre-1833-projet-modifie-copie-9605-671386ceec8d5.jpg","type":"image\/jpeg"}],"twitter_card":"summary_large_image","twitter_misc":{"Est. reading time":"2 minutes"},"schema":{"@context":"https:\/\/schema.org","@graph":[{"@type":"WebPage","@id":"https:\/\/www.librairieclavreuil.com\/en\/adanson-charles-louis-reglement-concernant-les-jeunes-de-langues-et-eleves-drogmans-decembre-1833-projet-modifie-copie\/","url":"https:\/\/www.librairieclavreuil.com\/en\/adanson-charles-louis-reglement-concernant-les-jeunes-de-langues-et-eleves-drogmans-decembre-1833-projet-modifie-copie\/","name":"ADANSON Charles-Louis Reglement concernant les jeunes-de-langues et \u00e9l\u00e8ves Drogmans. D\u00e9cembre 1833. Projet modifi\u00e9, copie. - Libairie Clavreuil","isPartOf":{"@id":"https:\/\/www.librairieclavreuil.com\/#website"},"primaryImageOfPage":{"@id":"https:\/\/www.librairieclavreuil.com\/en\/adanson-charles-louis-reglement-concernant-les-jeunes-de-langues-et-eleves-drogmans-decembre-1833-projet-modifie-copie\/#primaryimage"},"image":{"@id":"https:\/\/www.librairieclavreuil.com\/en\/adanson-charles-louis-reglement-concernant-les-jeunes-de-langues-et-eleves-drogmans-decembre-1833-projet-modifie-copie\/#primaryimage"},"thumbnailUrl":"https:\/\/www.librairieclavreuil.com\/wp-content\/uploads\/2024\/10\/charles-louis-adanson-reglement-concernant-les-jeunes-de-langues-et-eleves-drogmans-decembre-1833-projet-modifie-copie-9605-671386ceec8d5.jpg","datePublished":"2024-10-19T10:17:19+00:00","dateModified":"2024-10-19T10:17:47+00:00","breadcrumb":{"@id":"https:\/\/www.librairieclavreuil.com\/en\/adanson-charles-louis-reglement-concernant-les-jeunes-de-langues-et-eleves-drogmans-decembre-1833-projet-modifie-copie\/#breadcrumb"},"inLanguage":"en-US","potentialAction":[{"@type":"ReadAction","target":["https:\/\/www.librairieclavreuil.com\/en\/adanson-charles-louis-reglement-concernant-les-jeunes-de-langues-et-eleves-drogmans-decembre-1833-projet-modifie-copie\/"]}]},{"@type":"ImageObject","inLanguage":"en-US","@id":"https:\/\/www.librairieclavreuil.com\/en\/adanson-charles-louis-reglement-concernant-les-jeunes-de-langues-et-eleves-drogmans-decembre-1833-projet-modifie-copie\/#primaryimage","url":"https:\/\/www.librairieclavreuil.com\/wp-content\/uploads\/2024\/10\/charles-louis-adanson-reglement-concernant-les-jeunes-de-langues-et-eleves-drogmans-decembre-1833-projet-modifie-copie-9605-671386ceec8d5.jpg","contentUrl":"https:\/\/www.librairieclavreuil.com\/wp-content\/uploads\/2024\/10\/charles-louis-adanson-reglement-concernant-les-jeunes-de-langues-et-eleves-drogmans-decembre-1833-projet-modifie-copie-9605-671386ceec8d5.jpg","width":622,"height":800},{"@type":"BreadcrumbList","@id":"https:\/\/www.librairieclavreuil.com\/en\/adanson-charles-louis-reglement-concernant-les-jeunes-de-langues-et-eleves-drogmans-decembre-1833-projet-modifie-copie\/#breadcrumb","itemListElement":[{"@type":"ListItem","position":1,"name":"Accueil","item":"https:\/\/www.librairieclavreuil.com\/"},{"@type":"ListItem","position":2,"name":"All our books","item":"https:\/\/www.librairieclavreuil.com\/en\/all-our-books\/"},{"@type":"ListItem","position":3,"name":"ADANSON Charles-Louis Reglement concernant les jeunes-de-langues et \u00e9l\u00e8ves Drogmans. D\u00e9cembre 1833. Projet modifi\u00e9, copie."}]},{"@type":"WebSite","@id":"https:\/\/www.librairieclavreuil.com\/#website","url":"https:\/\/www.librairieclavreuil.com\/","name":"Libairie Clavreuil","description":"Livres anciens, manuscrits rares et \u00e9ditions originales \u2013 Librairie Clavreuil","publisher":{"@id":"https:\/\/www.librairieclavreuil.com\/#organization"},"potentialAction":[{"@type":"SearchAction","target":{"@type":"EntryPoint","urlTemplate":"https:\/\/www.librairieclavreuil.com\/?s={search_term_string}"},"query-input":{"@type":"PropertyValueSpecification","valueRequired":true,"valueName":"search_term_string"}}],"inLanguage":"en-US"},{"@type":"Organization","@id":"https:\/\/www.librairieclavreuil.com\/#organization","name":"Libairie Clavreuil","url":"https:\/\/www.librairieclavreuil.com\/","logo":{"@type":"ImageObject","inLanguage":"en-US","@id":"https:\/\/www.librairieclavreuil.com\/#\/schema\/logo\/image\/","url":"https:\/\/www.librairieclavreuil.com\/wp-content\/uploads\/2021\/06\/cropped-LOGO_PNG_DATE-_gold-512x512-1.png","contentUrl":"https:\/\/www.librairieclavreuil.com\/wp-content\/uploads\/2021\/06\/cropped-LOGO_PNG_DATE-_gold-512x512-1.png","width":512,"height":512,"caption":"Libairie Clavreuil"},"image":{"@id":"https:\/\/www.librairieclavreuil.com\/#\/schema\/logo\/image\/"},"sameAs":["https:\/\/www.instagram.com\/librairieclavreuil\/"]}]}},"jetpack_sharing_enabled":true,"_links":{"self":[{"href":"https:\/\/www.librairieclavreuil.com\/en\/wp-json\/wp\/v2\/product\/81671","targetHints":{"allow":["GET"]}}],"collection":[{"href":"https:\/\/www.librairieclavreuil.com\/en\/wp-json\/wp\/v2\/product"}],"about":[{"href":"https:\/\/www.librairieclavreuil.com\/en\/wp-json\/wp\/v2\/types\/product"}],"replies":[{"embeddable":true,"href":"https:\/\/www.librairieclavreuil.com\/en\/wp-json\/wp\/v2\/comments?post=81671"}],"wp:featuredmedia":[{"embeddable":true,"href":"https:\/\/www.librairieclavreuil.com\/en\/wp-json\/wp\/v2\/media\/81662"}],"wp:attachment":[{"href":"https:\/\/www.librairieclavreuil.com\/en\/wp-json\/wp\/v2\/media?parent=81671"}],"wp:term":[{"taxonomy":"product_brand","embeddable":true,"href":"https:\/\/www.librairieclavreuil.com\/en\/wp-json\/wp\/v2\/product_brand?post=81671"},{"taxonomy":"product_cat","embeddable":true,"href":"https:\/\/www.librairieclavreuil.com\/en\/wp-json\/wp\/v2\/product_cat?post=81671"},{"taxonomy":"product_tag","embeddable":true,"href":"https:\/\/www.librairieclavreuil.com\/en\/wp-json\/wp\/v2\/product_tag?post=81671"}],"curies":[{"name":"wp","href":"https:\/\/api.w.org\/{rel}","templated":true}]}}