{"id":81639,"date":"2024-10-19T11:20:08","date_gmt":"2024-10-19T09:20:08","guid":{"rendered":"https:\/\/www.librairieclavreuil.com\/terrasse-claude-petites-scenes-familieres\/"},"modified":"2024-10-19T11:20:35","modified_gmt":"2024-10-19T09:20:35","slug":"terrasse-claude-petites-scenes-familieres","status":"publish","type":"product","link":"https:\/\/www.librairieclavreuil.com\/en\/terrasse-claude-petites-scenes-familieres\/","title":{"rendered":"TERRASSE Claude Petites sc\u00e8nes famili\u00e8res."},"content":{"rendered":"<p style=\"text-align:justify\"><i>Garvey, 25 ; Monod, 10600 ; Fran\u00e7ois Chapon, Le peintre et le livre, p. 65. &nbsp;<\/i><\/p>\n<p style=\"text-align:justify\"><span style=\"font-variant:small-caps\">First edition. &nbsp;<\/span><\/p>\n<p style=\"text-align:justify\">One of two musical teaching manuals by Bonnard published jointly with his brother-in-law the musician Claude Terrasse.&nbsp;<\/p>\n<p style=\"text-align:justify\">It is illustrated with 20 magnificent lithographs (one the cover, and 19 in the text). &nbsp;<\/p>\n<p style=\"text-align:justify\">&#8220;Bonnard&#8217;s first illustrations; songs by Franc-Nohain set to music by Claude Terrasse, Bonnard&#8217;s brother-in-law, for whom the artist also illustrated the Petit solf\u00e8ge (1893, photomechanical reproductions) and with whom he later collaborated in the Th\u00e9\u00e2tre des Pantins&#8221; (Garvey). &nbsp;<\/p>\n<p style=\"text-align:justify\">Bonnard &#8220;had learned to marry his line to rigid systems, musical notations or typographical orders. This modulation, so particular to his line, which creates an atmosphere around the slightest sketch; these deformations where the Japanese Nabi still reveals itself; and above all this aptitude for the decorative arrangement of a surface, had been exercised around the songs of Claude Terrasse (Petites Sc\u00e8nes Famili\u00e8res, Fromont, 1893)&#8221; (note translated after Chapon). &nbsp;<\/p>\n<p style=\"text-align:justify\">Very nice and well preserved copy of this rare edition.<\/p>\n","protected":false},"excerpt":{"rendered":"<p>Large 4to (357 x 278 mm) 2 unn.ll., 61 pp. Loose, as issued, original illustrated wrapper (modern grey cloth case)..<\/p>\n","protected":false},"featured_media":81628,"comment_status":"open","ping_status":"closed","template":"","meta":{"_acf_changed":false},"product_brand":[],"product_cat":[544],"product_tag":[604,568],"class_list":{"0":"post-81639","1":"product","2":"type-product","3":"status-publish","4":"has-post-thumbnail","6":"product_cat-literature","7":"product_tag-19th-century-illustrations","8":"product_tag-music","9":"pa_auteur-terrasse-claude-2","10":"pa_type-de-livre-printed-book","12":"first","13":"outofstock","14":"shipping-taxable","15":"purchasable","16":"product-type-simple"},"acf":{"artist":" Claude TERRASSE","chapeau":"Bonnard's first illustrated book","adresse_bibliographique":"Paris, E. Fromont, 1893","book_type":"Printed book","provenance":"","afficher_prix":""},"yoast_head":"<!-- This site is optimized with the Yoast SEO plugin v24.7 - https:\/\/yoast.com\/wordpress\/plugins\/seo\/ -->\n<title>TERRASSE Claude Petites sc\u00e8nes famili\u00e8res. - Libairie Clavreuil<\/title>\n<meta name=\"robots\" content=\"index, follow, max-snippet:-1, max-image-preview:large, max-video-preview:-1\" \/>\n<link rel=\"canonical\" href=\"https:\/\/www.librairieclavreuil.com\/produit\/terrasse-claude-petites-scenes-familieres\/\" \/>\n<meta property=\"og:locale\" content=\"en_US\" \/>\n<meta property=\"og:type\" content=\"article\" \/>\n<meta property=\"og:title\" content=\"TERRASSE Claude Petites sc\u00e8nes famili\u00e8res. - Libairie Clavreuil\" \/>\n<meta property=\"og:description\" content=\"Large 4to (357 x 278 mm) 2 unn.ll., 61 pp. Loose, as issued, original illustrated wrapper (modern grey cloth case)..\" \/>\n<meta property=\"og:url\" content=\"https:\/\/www.librairieclavreuil.com\/produit\/terrasse-claude-petites-scenes-familieres\/\" \/>\n<meta property=\"og:site_name\" content=\"Libairie Clavreuil\" \/>\n<meta property=\"article:modified_time\" content=\"2024-10-19T09:20:35+00:00\" \/>\n<meta property=\"og:image\" content=\"https:\/\/www.librairieclavreuil.com\/wp-content\/uploads\/2024\/10\/claude-terrasse-petites-scenes-familieres-8059-6713798e7c059.jpg\" \/>\n\t<meta property=\"og:image:width\" content=\"622\" \/>\n\t<meta property=\"og:image:height\" content=\"800\" \/>\n\t<meta property=\"og:image:type\" content=\"image\/jpeg\" \/>\n<meta name=\"twitter:card\" content=\"summary_large_image\" \/>\n<meta name=\"twitter:label1\" content=\"Est. reading time\" \/>\n\t<meta name=\"twitter:data1\" content=\"1 minute\" \/>\n<script type=\"application\/ld+json\" class=\"yoast-schema-graph\">{\"@context\":\"https:\/\/schema.org\",\"@graph\":[{\"@type\":\"WebPage\",\"@id\":\"https:\/\/www.librairieclavreuil.com\/produit\/terrasse-claude-petites-scenes-familieres\/\",\"url\":\"https:\/\/www.librairieclavreuil.com\/produit\/terrasse-claude-petites-scenes-familieres\/\",\"name\":\"TERRASSE Claude Petites sc\u00e8nes famili\u00e8res. - Libairie Clavreuil\",\"isPartOf\":{\"@id\":\"https:\/\/www.librairieclavreuil.com\/#website\"},\"primaryImageOfPage\":{\"@id\":\"https:\/\/www.librairieclavreuil.com\/produit\/terrasse-claude-petites-scenes-familieres\/#primaryimage\"},\"image\":{\"@id\":\"https:\/\/www.librairieclavreuil.com\/produit\/terrasse-claude-petites-scenes-familieres\/#primaryimage\"},\"thumbnailUrl\":\"https:\/\/www.librairieclavreuil.com\/wp-content\/uploads\/2024\/10\/claude-terrasse-petites-scenes-familieres-8059-6713798e7c059.jpg\",\"datePublished\":\"2024-10-19T09:20:08+00:00\",\"dateModified\":\"2024-10-19T09:20:35+00:00\",\"breadcrumb\":{\"@id\":\"https:\/\/www.librairieclavreuil.com\/produit\/terrasse-claude-petites-scenes-familieres\/#breadcrumb\"},\"inLanguage\":\"en-US\",\"potentialAction\":[{\"@type\":\"ReadAction\",\"target\":[\"https:\/\/www.librairieclavreuil.com\/produit\/terrasse-claude-petites-scenes-familieres\/\"]}]},{\"@type\":\"ImageObject\",\"inLanguage\":\"en-US\",\"@id\":\"https:\/\/www.librairieclavreuil.com\/produit\/terrasse-claude-petites-scenes-familieres\/#primaryimage\",\"url\":\"https:\/\/www.librairieclavreuil.com\/wp-content\/uploads\/2024\/10\/claude-terrasse-petites-scenes-familieres-8059-6713798e7c059.jpg\",\"contentUrl\":\"https:\/\/www.librairieclavreuil.com\/wp-content\/uploads\/2024\/10\/claude-terrasse-petites-scenes-familieres-8059-6713798e7c059.jpg\",\"width\":622,\"height\":800},{\"@type\":\"BreadcrumbList\",\"@id\":\"https:\/\/www.librairieclavreuil.com\/produit\/terrasse-claude-petites-scenes-familieres\/#breadcrumb\",\"itemListElement\":[{\"@type\":\"ListItem\",\"position\":1,\"name\":\"Accueil\",\"item\":\"https:\/\/www.librairieclavreuil.com\/\"},{\"@type\":\"ListItem\",\"position\":2,\"name\":\"All our books\",\"item\":\"https:\/\/www.librairieclavreuil.com\/en\/all-our-books\/\"},{\"@type\":\"ListItem\",\"position\":3,\"name\":\"TERRASSE Claude Petites sc\u00e8nes famili\u00e8res.\"}]},{\"@type\":\"WebSite\",\"@id\":\"https:\/\/www.librairieclavreuil.com\/#website\",\"url\":\"https:\/\/www.librairieclavreuil.com\/\",\"name\":\"Libairie Clavreuil\",\"description\":\"Livres anciens, manuscrits rares et \u00e9ditions originales \u2013 Librairie Clavreuil\",\"publisher\":{\"@id\":\"https:\/\/www.librairieclavreuil.com\/#organization\"},\"potentialAction\":[{\"@type\":\"SearchAction\",\"target\":{\"@type\":\"EntryPoint\",\"urlTemplate\":\"https:\/\/www.librairieclavreuil.com\/?s={search_term_string}\"},\"query-input\":{\"@type\":\"PropertyValueSpecification\",\"valueRequired\":true,\"valueName\":\"search_term_string\"}}],\"inLanguage\":\"en-US\"},{\"@type\":\"Organization\",\"@id\":\"https:\/\/www.librairieclavreuil.com\/#organization\",\"name\":\"Libairie Clavreuil\",\"url\":\"https:\/\/www.librairieclavreuil.com\/\",\"logo\":{\"@type\":\"ImageObject\",\"inLanguage\":\"en-US\",\"@id\":\"https:\/\/www.librairieclavreuil.com\/#\/schema\/logo\/image\/\",\"url\":\"https:\/\/www.librairieclavreuil.com\/wp-content\/uploads\/2021\/06\/cropped-LOGO_PNG_DATE-_gold-512x512-1.png\",\"contentUrl\":\"https:\/\/www.librairieclavreuil.com\/wp-content\/uploads\/2021\/06\/cropped-LOGO_PNG_DATE-_gold-512x512-1.png\",\"width\":512,\"height\":512,\"caption\":\"Libairie Clavreuil\"},\"image\":{\"@id\":\"https:\/\/www.librairieclavreuil.com\/#\/schema\/logo\/image\/\"},\"sameAs\":[\"https:\/\/www.instagram.com\/librairieclavreuil\/\"]}]}<\/script>\n<!-- \/ Yoast SEO plugin. -->","yoast_head_json":{"title":"TERRASSE Claude Petites sc\u00e8nes famili\u00e8res. - Libairie Clavreuil","robots":{"index":"index","follow":"follow","max-snippet":"max-snippet:-1","max-image-preview":"max-image-preview:large","max-video-preview":"max-video-preview:-1"},"canonical":"https:\/\/www.librairieclavreuil.com\/produit\/terrasse-claude-petites-scenes-familieres\/","og_locale":"en_US","og_type":"article","og_title":"TERRASSE Claude Petites sc\u00e8nes famili\u00e8res. - Libairie Clavreuil","og_description":"Large 4to (357 x 278 mm) 2 unn.ll., 61 pp. Loose, as issued, original illustrated wrapper (modern grey cloth case)..","og_url":"https:\/\/www.librairieclavreuil.com\/produit\/terrasse-claude-petites-scenes-familieres\/","og_site_name":"Libairie Clavreuil","article_modified_time":"2024-10-19T09:20:35+00:00","og_image":[{"width":622,"height":800,"url":"https:\/\/www.librairieclavreuil.com\/wp-content\/uploads\/2024\/10\/claude-terrasse-petites-scenes-familieres-8059-6713798e7c059.jpg","type":"image\/jpeg"}],"twitter_card":"summary_large_image","twitter_misc":{"Est. reading time":"1 minute"},"schema":{"@context":"https:\/\/schema.org","@graph":[{"@type":"WebPage","@id":"https:\/\/www.librairieclavreuil.com\/produit\/terrasse-claude-petites-scenes-familieres\/","url":"https:\/\/www.librairieclavreuil.com\/produit\/terrasse-claude-petites-scenes-familieres\/","name":"TERRASSE Claude Petites sc\u00e8nes famili\u00e8res. - Libairie Clavreuil","isPartOf":{"@id":"https:\/\/www.librairieclavreuil.com\/#website"},"primaryImageOfPage":{"@id":"https:\/\/www.librairieclavreuil.com\/produit\/terrasse-claude-petites-scenes-familieres\/#primaryimage"},"image":{"@id":"https:\/\/www.librairieclavreuil.com\/produit\/terrasse-claude-petites-scenes-familieres\/#primaryimage"},"thumbnailUrl":"https:\/\/www.librairieclavreuil.com\/wp-content\/uploads\/2024\/10\/claude-terrasse-petites-scenes-familieres-8059-6713798e7c059.jpg","datePublished":"2024-10-19T09:20:08+00:00","dateModified":"2024-10-19T09:20:35+00:00","breadcrumb":{"@id":"https:\/\/www.librairieclavreuil.com\/produit\/terrasse-claude-petites-scenes-familieres\/#breadcrumb"},"inLanguage":"en-US","potentialAction":[{"@type":"ReadAction","target":["https:\/\/www.librairieclavreuil.com\/produit\/terrasse-claude-petites-scenes-familieres\/"]}]},{"@type":"ImageObject","inLanguage":"en-US","@id":"https:\/\/www.librairieclavreuil.com\/produit\/terrasse-claude-petites-scenes-familieres\/#primaryimage","url":"https:\/\/www.librairieclavreuil.com\/wp-content\/uploads\/2024\/10\/claude-terrasse-petites-scenes-familieres-8059-6713798e7c059.jpg","contentUrl":"https:\/\/www.librairieclavreuil.com\/wp-content\/uploads\/2024\/10\/claude-terrasse-petites-scenes-familieres-8059-6713798e7c059.jpg","width":622,"height":800},{"@type":"BreadcrumbList","@id":"https:\/\/www.librairieclavreuil.com\/produit\/terrasse-claude-petites-scenes-familieres\/#breadcrumb","itemListElement":[{"@type":"ListItem","position":1,"name":"Accueil","item":"https:\/\/www.librairieclavreuil.com\/"},{"@type":"ListItem","position":2,"name":"All our books","item":"https:\/\/www.librairieclavreuil.com\/en\/all-our-books\/"},{"@type":"ListItem","position":3,"name":"TERRASSE Claude Petites sc\u00e8nes famili\u00e8res."}]},{"@type":"WebSite","@id":"https:\/\/www.librairieclavreuil.com\/#website","url":"https:\/\/www.librairieclavreuil.com\/","name":"Libairie Clavreuil","description":"Livres anciens, manuscrits rares et \u00e9ditions originales \u2013 Librairie Clavreuil","publisher":{"@id":"https:\/\/www.librairieclavreuil.com\/#organization"},"potentialAction":[{"@type":"SearchAction","target":{"@type":"EntryPoint","urlTemplate":"https:\/\/www.librairieclavreuil.com\/?s={search_term_string}"},"query-input":{"@type":"PropertyValueSpecification","valueRequired":true,"valueName":"search_term_string"}}],"inLanguage":"en-US"},{"@type":"Organization","@id":"https:\/\/www.librairieclavreuil.com\/#organization","name":"Libairie Clavreuil","url":"https:\/\/www.librairieclavreuil.com\/","logo":{"@type":"ImageObject","inLanguage":"en-US","@id":"https:\/\/www.librairieclavreuil.com\/#\/schema\/logo\/image\/","url":"https:\/\/www.librairieclavreuil.com\/wp-content\/uploads\/2021\/06\/cropped-LOGO_PNG_DATE-_gold-512x512-1.png","contentUrl":"https:\/\/www.librairieclavreuil.com\/wp-content\/uploads\/2021\/06\/cropped-LOGO_PNG_DATE-_gold-512x512-1.png","width":512,"height":512,"caption":"Libairie Clavreuil"},"image":{"@id":"https:\/\/www.librairieclavreuil.com\/#\/schema\/logo\/image\/"},"sameAs":["https:\/\/www.instagram.com\/librairieclavreuil\/"]}]}},"jetpack_sharing_enabled":true,"_links":{"self":[{"href":"https:\/\/www.librairieclavreuil.com\/en\/wp-json\/wp\/v2\/product\/81639","targetHints":{"allow":["GET"]}}],"collection":[{"href":"https:\/\/www.librairieclavreuil.com\/en\/wp-json\/wp\/v2\/product"}],"about":[{"href":"https:\/\/www.librairieclavreuil.com\/en\/wp-json\/wp\/v2\/types\/product"}],"replies":[{"embeddable":true,"href":"https:\/\/www.librairieclavreuil.com\/en\/wp-json\/wp\/v2\/comments?post=81639"}],"wp:featuredmedia":[{"embeddable":true,"href":"https:\/\/www.librairieclavreuil.com\/en\/wp-json\/wp\/v2\/media\/81628"}],"wp:attachment":[{"href":"https:\/\/www.librairieclavreuil.com\/en\/wp-json\/wp\/v2\/media?parent=81639"}],"wp:term":[{"taxonomy":"product_brand","embeddable":true,"href":"https:\/\/www.librairieclavreuil.com\/en\/wp-json\/wp\/v2\/product_brand?post=81639"},{"taxonomy":"product_cat","embeddable":true,"href":"https:\/\/www.librairieclavreuil.com\/en\/wp-json\/wp\/v2\/product_cat?post=81639"},{"taxonomy":"product_tag","embeddable":true,"href":"https:\/\/www.librairieclavreuil.com\/en\/wp-json\/wp\/v2\/product_tag?post=81639"}],"curies":[{"name":"wp","href":"https:\/\/api.w.org\/{rel}","templated":true}]}}