{"id":81613,"date":"2024-10-18T16:43:15","date_gmt":"2024-10-18T14:43:15","guid":{"rendered":"https:\/\/www.librairieclavreuil.com\/luneau-de-boisjermain-pierre-joseph-francois-memoire-pour-le-sieur-luneau-de-boisjermain-souscripteur-de-lencyclopedie-contre-le-sieur-briasson-le-sieur-le-breton-et-contre-les-heritier\/"},"modified":"2024-10-18T16:43:32","modified_gmt":"2024-10-18T14:43:32","slug":"luneau-de-boisjermain-pierre-joseph-francois-memoire-pour-le-sieur-luneau-de-boisjermain-souscripteur-de-lencyclopedie-contre-le-sieur-briasson-le-sieur-le-breton-et-contre-les-heritier","status":"publish","type":"product","link":"https:\/\/www.librairieclavreuil.com\/en\/luneau-de-boisjermain-pierre-joseph-francois-memoire-pour-le-sieur-luneau-de-boisjermain-souscripteur-de-lencyclopedie-contre-le-sieur-briasson-le-sieur-le-breton-et-contre-les-heritier\/","title":{"rendered":"LUNEAU DE BOISJERMAIN Pierre-Joseph-Fran\u00e7ois M\u00e9moire pour le sieur..."},"content":{"rendered":"<p style=\"text-align:justify\"><span style=\"font-variant:small-caps\">First edition <\/span>of the famous memoir by Luneau de Boisjermain (1732-1801) against the Encyclop\u00e9die printers and book distributors Le Breton and Briasson. Also known as &#8220;l&#8217;Affaire Luneau de Boisjermain contre les \u00e9diteurs de l&#8217;encyclop\u00e9die&#8221;.<\/p>\n<p style=\"text-align:justify\">Luneau de Boisjermain, born in Issoudun, was educated by the Jesuits and later settled in Paris, where he opened public grammar, history and geography classes and wrote his own educational works.<\/p>\n<p style=\"text-align:justify\">&#8220;En 1768, voulant diffuser lui-m\u00eame son \u00e9dition des <i>\u0152uvres <\/i>de Racine avec Blin de Sainmore, il se heurte aux privil\u00e8ges des libraires qui le poursuivent avec succ\u00e8s. Il se vengea &#8211; et c&#8217;est surtout par l\u00e0 qu&#8217;il se fit conna\u00eetre &#8211; en intentant un proc\u00e8s aux libraires associ\u00e9s de l&#8217;Encyclop\u00e9die, les accusant de ne pas avoir tenu les engagements pris dans le Prospectus. Il demandait qu&#8217;on rembourse 50 \u00a3 \u00e0 chaque souscripteur. Le proc\u00e8s dura neuf ans&#8221; (A.J.B.D., <span>\u00abAu C. Millin, r\u00e9dacteur du Magasin encyclop\u00e9dique sur Luneau de Boisjermain\u00bb,<\/span><i> Magasin encyclop\u00e9dique,<\/i><span> 8<\/span><sup>e<\/sup><span> ann\u00e9e, t. II (an X, 1802), p. 25-32<\/span>).&nbsp;<\/p>\n<p style=\"text-align:justify\">Contrary to usual practice, the author decided to take care of the distribution and sale of his works himself, not only in Paris but also in the provinces.&nbsp;<\/p>\n<p style=\"text-align:justify\">&#8220;Bien que l\u2019auto-\u00e9diteur vende son ouvrage \u00e0 d\u2019autres libraires et non \u00e0 des particuliers, une saisie est lanc\u00e9e le 31 ao\u00fbt 1768 sur les exemplaires du livre, assortie d\u2019une demande des libraires \u00e0 le voir condamner \u00e0 une amende de 500 livres et \u00e0 10 000 livres de dommages et int\u00e9r\u00eats. Bien d\u00e9cid\u00e9 \u00e0 ne pas se laisser faire, Luneau de Boisjermain porte l\u2019affaire devant la justice royale, assist\u00e9 par l\u2019avocat et homme de lettres Simon Linguet qui voit dans ce litige un cas d\u2019\u00e9cole pour la libert\u00e9 d\u2019entreprendre des \u00e9crivains. Ce dernier anticipe le long d\u00e9bat \u00e0 venir sur la propri\u00e9t\u00e9 intellectuelle d\u2019une \u0153uvre en d\u00e9clarant que \u00ab la cause de M. Luneau de Boisjermain est celle de tous les hommes qui pensent, &amp; qui \u00e9crivent \u00bb. Apr\u00e8s plusieurs mois de suspense, et fort du soutien d\u2019une partie du monde litt\u00e9raire, le ministre Sartine tranche le 30 janvier 1770 en faveur de l\u2019\u00e9crivain autoris\u00e9 \u00e0 r\u00e9cup\u00e9rer les livres saisis et \u00e0 \u00eatre d\u00e9dommag\u00e9 \u00e0 la hauteur de trois cents livres&#8221; (Felton, Marie-Claude, Luneau de Boisjermain et l&#8217;\u00e9dition \u00e0 compte d&#8217;auteur \u00e0 Paris de 1750 \u00e0 1791, Th\u00e8se de doctorat en Histoire soutenue en 2011 \u00e0 l&#8217;Universit\u00e9 du Qu\u00e9bec \u00e0 Montr\u00e9al).&nbsp;<\/p>\n<p>Financially weakened and very angry at the power of the big publishers-printers-book distributors, the writer decided to sue the booksellers&#8217; unions for mismanagement of subscriptions to the famous <i>Encyclopaedia<\/i>. He felt that the initial subscription price, which had changed over the course of the publication, was too high and that the booksellers should return a considerable sum to the subscribers. This affair continued for seven long years and finally led to the author&#8217;s bankruptcy in 1785. However, it was thanks to the resounding impact of this affair that, on 30 August 1777, rulings were issued allowing authors to sell their own works.<\/p>\n<p>Divided into two parts, this long memoir begins with a detailed description of the facts occupying the first 152 pages. The second part is devoted to supporting documents (rulings, privileges including that for printing the Encyclop\u00e9die, etc.). The fold-out table gives details of the calculation of the sums received in excess by the booksellers Briasson, Le Breton, David &amp; Durand.<\/p>\n<p><strong>[ Enclosed:]<\/strong><\/p>\n<p style=\"text-align:justify\"><strong>1. LUNEAU DE BOISJERMAIN, Pierre-Joseph-Fran\u00e7ois<\/strong>. M\u00e9moire et consultation pour M. Luneau de Boisjermain contre le sieur Briasson, libraire, syndic des libraires &amp; imprimeurs&#8230; et le sieur Le Breton&#8230; associ\u00e9 avec le sieur Briasson pour l&#8217;impression de l&#8217;Encyclop\u00e9die. <i>Paris, imprimerie de Louis Cellot, 1770<\/i>. 4to (271 x 210 mm) of 14 pp.&nbsp;<\/p>\n<p style=\"text-align:justify\"><strong>[Bound with :]&nbsp;<\/strong><\/p>\n<p style=\"text-align:justify\"><strong>[SARTINE, Antoine de].<\/strong> Jugement rendu par M. de Sartine, chevalier&#8230; entre le sieur Luneau de Boisjermain et les syndics &amp; adjoints de la librairie &amp; imprimerie de Paris. <i>[du 30 janvier 1770]. Paris, s.n., 1770<\/i>. 4to of 7 pp.&nbsp;<\/p>\n<p style=\"text-align:justify\">First edition of this famous memoir, followed by the judgment of Antoine de Sartine (1729-1801) as Lieutenant General of Police of Paris in favour of Luneau de Boisjermain.<\/p>\n<p style=\"text-align:justify\">&nbsp;&#8220;&#8230; faisons main-lev\u00e9e pure &amp; simple audit Pierre-Joseph-Fran\u00e7ois Luneau de Boisjermain de la saisi sur lui&#8230; disons que tous les exemplaires &amp; livres saisis [lui] seront rendus &amp; restitu\u00e9s&#8221;.<\/p>\n<p style=\"text-align:justify\"><strong>[And:]&nbsp;<\/strong><\/p>\n<p style=\"text-align:justify\"><strong>2. DIDEROT, Denis.<\/strong> M\u00e9moire pour les Libraires associ\u00e9s \u00e0 l&#8217;Encyclop\u00e9die contre le sieur Luneau de Boisjermain. P<i>aris, Le Breton, 31 ao\u00fbt 1771.<\/i> 4to (253 x 195 mm) of 74 pp. Original wrappers.<\/p>\n<p style=\"text-align:justify\"><i>Adams, LD1.&nbsp;<\/i><\/p>\n<p><span style=\"font-variant:small-caps\">First edition of this reply by Diderot to the accusations of Luneau de Boisjemerain.<\/span><\/p>\n<p>Among the forty or so writings and rulings relating to this trial, this response &#8220;est le seul texte dans lequel Diderot laisse entendre au public ses id\u00e9es sur cette curieuse affaire&#8221; (Adams).&nbsp;<\/p>\n<p style=\"text-align:justify\">&#8220;L&#8217;honneur doit \u00eatre cher \u00e0 tous les hommes ; mais il doit \u00eatre particuli\u00e8rement en recommandation aux n\u00e9gocians &amp; commer\u00e7ans : il est en effet le fondement de leur cr\u00e9dit, de la confiance publique, &amp; cons\u00e9quemment de toute leur fortune. Les Libraires associ\u00e9s \u00e0 l&#8217;Encyclop\u00e9die ont \u00e9t\u00e9 si publiquement accus\u00e9s, si calomni\u00e9s, si outrag\u00e9s, qu&#8217;ils ont l&#8217;int\u00e9r\u00eat le plus l\u00e9gitime &amp; le plus pressant de poursuivre en justice la r\u00e9paration de cette diffamation&#8221; (p. 65).&nbsp;<\/p>\n<p style=\"text-align:justify\"><strong>[And:]&nbsp;<\/strong><\/p>\n<p style=\"text-align:justify\"><strong>3. LUNEAU DE BOISJERMAIN, Pierre-Joseph-Fran\u00e7ois.<\/strong> Pr\u00e9cis pour le sieur Luneau de Boisjermain, servant de r\u00e9ponse au m\u00e9moire distribu\u00e9 contre lui, sous le nom des Libraires associ\u00e9s \u00e0 l&#8217;Encyclop\u00e9die, &amp; aux pi\u00e8ce jointes.<i> Paris, G. Simon, 1 septembre 1771<\/i>. In-4 (270 x 213 mm) de 28 pp. Original wrappers.<\/p>\n<p>First edition of Luneau de Boisjermain&#8217;s memoir.<\/p>\n<p>Divided into two parts, the first gives a summary of the trial, from which the author emerged victorious, followed by his very detailed reply to Diderot&#8217;s letter, published in August 1771. Printed in two columns with Diderot&#8217;s text opposite, Luneau responds in detail to this letter.<\/p>\n<p>A very fine set of original documents from this case, which marked the beginning of the author&#8217;s right to distribute his own works.<\/p>\n","protected":false},"excerpt":{"rendered":"<p style=\"text-align:justify\">4to (275 x 220 mm) VIII, 152, 50 pp. 1 folding typographical chart, 1 nn.l (errata). In sheets.<\/p>\n","protected":false},"featured_media":81604,"comment_status":"open","ping_status":"closed","template":"","meta":{"_acf_changed":false},"product_brand":[],"product_cat":[544],"product_tag":[1245,1232],"class_list":{"0":"post-81613","1":"product","2":"type-product","3":"status-publish","4":"has-post-thumbnail","6":"product_cat-literature","7":"product_tag-18th-century-literature","8":"product_tag-law","9":"pa_auteur-luneau-de-boisjermain-pierre-joseph-francois-2","10":"pa_type-de-livre-printed-book","12":"first","13":"instock","14":"shipping-taxable","15":"purchasable","16":"product-type-simple"},"acf":{"artist":" Pierre-Joseph-Fran\u00e7ois LUNEAU DE BOISJERMAIN","chapeau":"The case of Luneau de Boisjermain against the publishers of the Encyclop\u00e9die \r\nThe beginning of the author's right to distribute his own works","adresse_bibliographique":"Paris, imprim\u00e9 par Grang\u00e9 par ordre sup\u00e9rieur, 1771","book_type":"Printed book","provenance":"","afficher_prix":""},"yoast_head":"<!-- This site is optimized with the Yoast SEO plugin v24.7 - https:\/\/yoast.com\/wordpress\/plugins\/seo\/ -->\n<title>LUNEAU DE BOISJERMAIN Pierre-Joseph-Fran\u00e7ois M\u00e9moire pour le sieur Luneau de Boisjermain, souscripteur de l&#039;Encyclop\u00e9die... contre le sieur Briasson, ... le sieur Le Breton... et contre les h\u00e9ritiers de feus sieurs David l&#039;a\u00een\u00e9 &amp; Durand. - Libairie Clavreuil<\/title>\n<meta name=\"robots\" content=\"index, follow, max-snippet:-1, max-image-preview:large, max-video-preview:-1\" \/>\n<link rel=\"canonical\" href=\"https:\/\/www.librairieclavreuil.com\/en\/luneau-de-boisjermain-pierre-joseph-francois-memoire-pour-le-sieur-luneau-de-boisjermain-souscripteur-de-lencyclopedie-contre-le-sieur-briasson-le-sieur-le-breton-et-contre-les-heritier\/\" \/>\n<meta property=\"og:locale\" content=\"en_US\" \/>\n<meta property=\"og:type\" content=\"article\" \/>\n<meta property=\"og:title\" content=\"LUNEAU DE BOISJERMAIN Pierre-Joseph-Fran\u00e7ois M\u00e9moire pour le sieur Luneau de Boisjermain, souscripteur de l&#039;Encyclop\u00e9die... contre le sieur Briasson, ... le sieur Le Breton... et contre les h\u00e9ritiers de feus sieurs David l&#039;a\u00een\u00e9 &amp; Durand. - Libairie Clavreuil\" \/>\n<meta property=\"og:description\" content=\"4to (275 x 220 mm) VIII, 152, 50 pp. 1 folding typographical chart, 1 nn.l (errata). In sheets.\" \/>\n<meta property=\"og:url\" content=\"https:\/\/www.librairieclavreuil.com\/en\/luneau-de-boisjermain-pierre-joseph-francois-memoire-pour-le-sieur-luneau-de-boisjermain-souscripteur-de-lencyclopedie-contre-le-sieur-briasson-le-sieur-le-breton-et-contre-les-heritier\/\" \/>\n<meta property=\"og:site_name\" content=\"Libairie Clavreuil\" \/>\n<meta property=\"article:modified_time\" content=\"2024-10-18T14:43:32+00:00\" \/>\n<meta property=\"og:image\" content=\"https:\/\/www.librairieclavreuil.com\/wp-content\/uploads\/2024\/10\/pierre-joseph-francois-luneau-de-boisjermain-memoire-pour-le-sieur-luneau-de-boisjermain-souscripteur-de-l-encyclopedie-contre-le-sieur-bria-671273cc0fdf0.jpg\" \/>\n\t<meta property=\"og:image:width\" content=\"622\" \/>\n\t<meta property=\"og:image:height\" content=\"800\" \/>\n\t<meta property=\"og:image:type\" content=\"image\/jpeg\" \/>\n<meta name=\"twitter:card\" content=\"summary_large_image\" \/>\n<meta name=\"twitter:label1\" content=\"Est. reading time\" \/>\n\t<meta name=\"twitter:data1\" content=\"5 minutes\" \/>\n<script type=\"application\/ld+json\" class=\"yoast-schema-graph\">{\"@context\":\"https:\/\/schema.org\",\"@graph\":[{\"@type\":\"WebPage\",\"@id\":\"https:\/\/www.librairieclavreuil.com\/en\/luneau-de-boisjermain-pierre-joseph-francois-memoire-pour-le-sieur-luneau-de-boisjermain-souscripteur-de-lencyclopedie-contre-le-sieur-briasson-le-sieur-le-breton-et-contre-les-heritier\/\",\"url\":\"https:\/\/www.librairieclavreuil.com\/en\/luneau-de-boisjermain-pierre-joseph-francois-memoire-pour-le-sieur-luneau-de-boisjermain-souscripteur-de-lencyclopedie-contre-le-sieur-briasson-le-sieur-le-breton-et-contre-les-heritier\/\",\"name\":\"LUNEAU DE BOISJERMAIN Pierre-Joseph-Fran\u00e7ois M\u00e9moire pour le sieur Luneau de Boisjermain, souscripteur de l'Encyclop\u00e9die... contre le sieur Briasson, ... le sieur Le Breton... et contre les h\u00e9ritiers de feus sieurs David l'a\u00een\u00e9 &amp; Durand. - Libairie Clavreuil\",\"isPartOf\":{\"@id\":\"https:\/\/www.librairieclavreuil.com\/#website\"},\"primaryImageOfPage\":{\"@id\":\"https:\/\/www.librairieclavreuil.com\/en\/luneau-de-boisjermain-pierre-joseph-francois-memoire-pour-le-sieur-luneau-de-boisjermain-souscripteur-de-lencyclopedie-contre-le-sieur-briasson-le-sieur-le-breton-et-contre-les-heritier\/#primaryimage\"},\"image\":{\"@id\":\"https:\/\/www.librairieclavreuil.com\/en\/luneau-de-boisjermain-pierre-joseph-francois-memoire-pour-le-sieur-luneau-de-boisjermain-souscripteur-de-lencyclopedie-contre-le-sieur-briasson-le-sieur-le-breton-et-contre-les-heritier\/#primaryimage\"},\"thumbnailUrl\":\"https:\/\/www.librairieclavreuil.com\/wp-content\/uploads\/2024\/10\/pierre-joseph-francois-luneau-de-boisjermain-memoire-pour-le-sieur-luneau-de-boisjermain-souscripteur-de-l-encyclopedie-contre-le-sieur-bria-671273cc0fdf0.jpg\",\"datePublished\":\"2024-10-18T14:43:15+00:00\",\"dateModified\":\"2024-10-18T14:43:32+00:00\",\"breadcrumb\":{\"@id\":\"https:\/\/www.librairieclavreuil.com\/en\/luneau-de-boisjermain-pierre-joseph-francois-memoire-pour-le-sieur-luneau-de-boisjermain-souscripteur-de-lencyclopedie-contre-le-sieur-briasson-le-sieur-le-breton-et-contre-les-heritier\/#breadcrumb\"},\"inLanguage\":\"en-US\",\"potentialAction\":[{\"@type\":\"ReadAction\",\"target\":[\"https:\/\/www.librairieclavreuil.com\/en\/luneau-de-boisjermain-pierre-joseph-francois-memoire-pour-le-sieur-luneau-de-boisjermain-souscripteur-de-lencyclopedie-contre-le-sieur-briasson-le-sieur-le-breton-et-contre-les-heritier\/\"]}]},{\"@type\":\"ImageObject\",\"inLanguage\":\"en-US\",\"@id\":\"https:\/\/www.librairieclavreuil.com\/en\/luneau-de-boisjermain-pierre-joseph-francois-memoire-pour-le-sieur-luneau-de-boisjermain-souscripteur-de-lencyclopedie-contre-le-sieur-briasson-le-sieur-le-breton-et-contre-les-heritier\/#primaryimage\",\"url\":\"https:\/\/www.librairieclavreuil.com\/wp-content\/uploads\/2024\/10\/pierre-joseph-francois-luneau-de-boisjermain-memoire-pour-le-sieur-luneau-de-boisjermain-souscripteur-de-l-encyclopedie-contre-le-sieur-bria-671273cc0fdf0.jpg\",\"contentUrl\":\"https:\/\/www.librairieclavreuil.com\/wp-content\/uploads\/2024\/10\/pierre-joseph-francois-luneau-de-boisjermain-memoire-pour-le-sieur-luneau-de-boisjermain-souscripteur-de-l-encyclopedie-contre-le-sieur-bria-671273cc0fdf0.jpg\",\"width\":622,\"height\":800},{\"@type\":\"BreadcrumbList\",\"@id\":\"https:\/\/www.librairieclavreuil.com\/en\/luneau-de-boisjermain-pierre-joseph-francois-memoire-pour-le-sieur-luneau-de-boisjermain-souscripteur-de-lencyclopedie-contre-le-sieur-briasson-le-sieur-le-breton-et-contre-les-heritier\/#breadcrumb\",\"itemListElement\":[{\"@type\":\"ListItem\",\"position\":1,\"name\":\"Accueil\",\"item\":\"https:\/\/www.librairieclavreuil.com\/\"},{\"@type\":\"ListItem\",\"position\":2,\"name\":\"All our books\",\"item\":\"https:\/\/www.librairieclavreuil.com\/en\/all-our-books\/\"},{\"@type\":\"ListItem\",\"position\":3,\"name\":\"LUNEAU DE BOISJERMAIN Pierre-Joseph-Fran\u00e7ois M\u00e9moire pour le sieur Luneau de Boisjermain, souscripteur de l&#8217;Encyclop\u00e9die&#8230; contre le sieur Briasson, &#8230; le sieur Le Breton&#8230; et contre les h\u00e9ritiers de feus sieurs David l&#8217;a\u00een\u00e9 &amp; Durand.\"}]},{\"@type\":\"WebSite\",\"@id\":\"https:\/\/www.librairieclavreuil.com\/#website\",\"url\":\"https:\/\/www.librairieclavreuil.com\/\",\"name\":\"Libairie Clavreuil\",\"description\":\"Livres anciens, manuscrits rares et \u00e9ditions originales \u2013 Librairie Clavreuil\",\"publisher\":{\"@id\":\"https:\/\/www.librairieclavreuil.com\/#organization\"},\"potentialAction\":[{\"@type\":\"SearchAction\",\"target\":{\"@type\":\"EntryPoint\",\"urlTemplate\":\"https:\/\/www.librairieclavreuil.com\/?s={search_term_string}\"},\"query-input\":{\"@type\":\"PropertyValueSpecification\",\"valueRequired\":true,\"valueName\":\"search_term_string\"}}],\"inLanguage\":\"en-US\"},{\"@type\":\"Organization\",\"@id\":\"https:\/\/www.librairieclavreuil.com\/#organization\",\"name\":\"Libairie Clavreuil\",\"url\":\"https:\/\/www.librairieclavreuil.com\/\",\"logo\":{\"@type\":\"ImageObject\",\"inLanguage\":\"en-US\",\"@id\":\"https:\/\/www.librairieclavreuil.com\/#\/schema\/logo\/image\/\",\"url\":\"https:\/\/www.librairieclavreuil.com\/wp-content\/uploads\/2021\/06\/cropped-LOGO_PNG_DATE-_gold-512x512-1.png\",\"contentUrl\":\"https:\/\/www.librairieclavreuil.com\/wp-content\/uploads\/2021\/06\/cropped-LOGO_PNG_DATE-_gold-512x512-1.png\",\"width\":512,\"height\":512,\"caption\":\"Libairie Clavreuil\"},\"image\":{\"@id\":\"https:\/\/www.librairieclavreuil.com\/#\/schema\/logo\/image\/\"},\"sameAs\":[\"https:\/\/www.instagram.com\/librairieclavreuil\/\"]}]}<\/script>\n<!-- \/ Yoast SEO plugin. -->","yoast_head_json":{"title":"LUNEAU DE BOISJERMAIN Pierre-Joseph-Fran\u00e7ois M\u00e9moire pour le sieur Luneau de Boisjermain, souscripteur de l'Encyclop\u00e9die... contre le sieur Briasson, ... le sieur Le Breton... et contre les h\u00e9ritiers de feus sieurs David l'a\u00een\u00e9 &amp; Durand. - Libairie Clavreuil","robots":{"index":"index","follow":"follow","max-snippet":"max-snippet:-1","max-image-preview":"max-image-preview:large","max-video-preview":"max-video-preview:-1"},"canonical":"https:\/\/www.librairieclavreuil.com\/en\/luneau-de-boisjermain-pierre-joseph-francois-memoire-pour-le-sieur-luneau-de-boisjermain-souscripteur-de-lencyclopedie-contre-le-sieur-briasson-le-sieur-le-breton-et-contre-les-heritier\/","og_locale":"en_US","og_type":"article","og_title":"LUNEAU DE BOISJERMAIN Pierre-Joseph-Fran\u00e7ois M\u00e9moire pour le sieur Luneau de Boisjermain, souscripteur de l'Encyclop\u00e9die... contre le sieur Briasson, ... le sieur Le Breton... et contre les h\u00e9ritiers de feus sieurs David l'a\u00een\u00e9 &amp; Durand. - Libairie Clavreuil","og_description":"4to (275 x 220 mm) VIII, 152, 50 pp. 1 folding typographical chart, 1 nn.l (errata). In sheets.","og_url":"https:\/\/www.librairieclavreuil.com\/en\/luneau-de-boisjermain-pierre-joseph-francois-memoire-pour-le-sieur-luneau-de-boisjermain-souscripteur-de-lencyclopedie-contre-le-sieur-briasson-le-sieur-le-breton-et-contre-les-heritier\/","og_site_name":"Libairie Clavreuil","article_modified_time":"2024-10-18T14:43:32+00:00","og_image":[{"width":622,"height":800,"url":"https:\/\/www.librairieclavreuil.com\/wp-content\/uploads\/2024\/10\/pierre-joseph-francois-luneau-de-boisjermain-memoire-pour-le-sieur-luneau-de-boisjermain-souscripteur-de-l-encyclopedie-contre-le-sieur-bria-671273cc0fdf0.jpg","type":"image\/jpeg"}],"twitter_card":"summary_large_image","twitter_misc":{"Est. reading time":"5 minutes"},"schema":{"@context":"https:\/\/schema.org","@graph":[{"@type":"WebPage","@id":"https:\/\/www.librairieclavreuil.com\/en\/luneau-de-boisjermain-pierre-joseph-francois-memoire-pour-le-sieur-luneau-de-boisjermain-souscripteur-de-lencyclopedie-contre-le-sieur-briasson-le-sieur-le-breton-et-contre-les-heritier\/","url":"https:\/\/www.librairieclavreuil.com\/en\/luneau-de-boisjermain-pierre-joseph-francois-memoire-pour-le-sieur-luneau-de-boisjermain-souscripteur-de-lencyclopedie-contre-le-sieur-briasson-le-sieur-le-breton-et-contre-les-heritier\/","name":"LUNEAU DE BOISJERMAIN Pierre-Joseph-Fran\u00e7ois M\u00e9moire pour le sieur Luneau de Boisjermain, souscripteur de l'Encyclop\u00e9die... contre le sieur Briasson, ... le sieur Le Breton... et contre les h\u00e9ritiers de feus sieurs David l'a\u00een\u00e9 &amp; Durand. - Libairie Clavreuil","isPartOf":{"@id":"https:\/\/www.librairieclavreuil.com\/#website"},"primaryImageOfPage":{"@id":"https:\/\/www.librairieclavreuil.com\/en\/luneau-de-boisjermain-pierre-joseph-francois-memoire-pour-le-sieur-luneau-de-boisjermain-souscripteur-de-lencyclopedie-contre-le-sieur-briasson-le-sieur-le-breton-et-contre-les-heritier\/#primaryimage"},"image":{"@id":"https:\/\/www.librairieclavreuil.com\/en\/luneau-de-boisjermain-pierre-joseph-francois-memoire-pour-le-sieur-luneau-de-boisjermain-souscripteur-de-lencyclopedie-contre-le-sieur-briasson-le-sieur-le-breton-et-contre-les-heritier\/#primaryimage"},"thumbnailUrl":"https:\/\/www.librairieclavreuil.com\/wp-content\/uploads\/2024\/10\/pierre-joseph-francois-luneau-de-boisjermain-memoire-pour-le-sieur-luneau-de-boisjermain-souscripteur-de-l-encyclopedie-contre-le-sieur-bria-671273cc0fdf0.jpg","datePublished":"2024-10-18T14:43:15+00:00","dateModified":"2024-10-18T14:43:32+00:00","breadcrumb":{"@id":"https:\/\/www.librairieclavreuil.com\/en\/luneau-de-boisjermain-pierre-joseph-francois-memoire-pour-le-sieur-luneau-de-boisjermain-souscripteur-de-lencyclopedie-contre-le-sieur-briasson-le-sieur-le-breton-et-contre-les-heritier\/#breadcrumb"},"inLanguage":"en-US","potentialAction":[{"@type":"ReadAction","target":["https:\/\/www.librairieclavreuil.com\/en\/luneau-de-boisjermain-pierre-joseph-francois-memoire-pour-le-sieur-luneau-de-boisjermain-souscripteur-de-lencyclopedie-contre-le-sieur-briasson-le-sieur-le-breton-et-contre-les-heritier\/"]}]},{"@type":"ImageObject","inLanguage":"en-US","@id":"https:\/\/www.librairieclavreuil.com\/en\/luneau-de-boisjermain-pierre-joseph-francois-memoire-pour-le-sieur-luneau-de-boisjermain-souscripteur-de-lencyclopedie-contre-le-sieur-briasson-le-sieur-le-breton-et-contre-les-heritier\/#primaryimage","url":"https:\/\/www.librairieclavreuil.com\/wp-content\/uploads\/2024\/10\/pierre-joseph-francois-luneau-de-boisjermain-memoire-pour-le-sieur-luneau-de-boisjermain-souscripteur-de-l-encyclopedie-contre-le-sieur-bria-671273cc0fdf0.jpg","contentUrl":"https:\/\/www.librairieclavreuil.com\/wp-content\/uploads\/2024\/10\/pierre-joseph-francois-luneau-de-boisjermain-memoire-pour-le-sieur-luneau-de-boisjermain-souscripteur-de-l-encyclopedie-contre-le-sieur-bria-671273cc0fdf0.jpg","width":622,"height":800},{"@type":"BreadcrumbList","@id":"https:\/\/www.librairieclavreuil.com\/en\/luneau-de-boisjermain-pierre-joseph-francois-memoire-pour-le-sieur-luneau-de-boisjermain-souscripteur-de-lencyclopedie-contre-le-sieur-briasson-le-sieur-le-breton-et-contre-les-heritier\/#breadcrumb","itemListElement":[{"@type":"ListItem","position":1,"name":"Accueil","item":"https:\/\/www.librairieclavreuil.com\/"},{"@type":"ListItem","position":2,"name":"All our books","item":"https:\/\/www.librairieclavreuil.com\/en\/all-our-books\/"},{"@type":"ListItem","position":3,"name":"LUNEAU DE BOISJERMAIN Pierre-Joseph-Fran\u00e7ois M\u00e9moire pour le sieur Luneau de Boisjermain, souscripteur de l&#8217;Encyclop\u00e9die&#8230; contre le sieur Briasson, &#8230; le sieur Le Breton&#8230; et contre les h\u00e9ritiers de feus sieurs David l&#8217;a\u00een\u00e9 &amp; Durand."}]},{"@type":"WebSite","@id":"https:\/\/www.librairieclavreuil.com\/#website","url":"https:\/\/www.librairieclavreuil.com\/","name":"Libairie Clavreuil","description":"Livres anciens, manuscrits rares et \u00e9ditions originales \u2013 Librairie Clavreuil","publisher":{"@id":"https:\/\/www.librairieclavreuil.com\/#organization"},"potentialAction":[{"@type":"SearchAction","target":{"@type":"EntryPoint","urlTemplate":"https:\/\/www.librairieclavreuil.com\/?s={search_term_string}"},"query-input":{"@type":"PropertyValueSpecification","valueRequired":true,"valueName":"search_term_string"}}],"inLanguage":"en-US"},{"@type":"Organization","@id":"https:\/\/www.librairieclavreuil.com\/#organization","name":"Libairie Clavreuil","url":"https:\/\/www.librairieclavreuil.com\/","logo":{"@type":"ImageObject","inLanguage":"en-US","@id":"https:\/\/www.librairieclavreuil.com\/#\/schema\/logo\/image\/","url":"https:\/\/www.librairieclavreuil.com\/wp-content\/uploads\/2021\/06\/cropped-LOGO_PNG_DATE-_gold-512x512-1.png","contentUrl":"https:\/\/www.librairieclavreuil.com\/wp-content\/uploads\/2021\/06\/cropped-LOGO_PNG_DATE-_gold-512x512-1.png","width":512,"height":512,"caption":"Libairie Clavreuil"},"image":{"@id":"https:\/\/www.librairieclavreuil.com\/#\/schema\/logo\/image\/"},"sameAs":["https:\/\/www.instagram.com\/librairieclavreuil\/"]}]}},"jetpack_sharing_enabled":true,"_links":{"self":[{"href":"https:\/\/www.librairieclavreuil.com\/en\/wp-json\/wp\/v2\/product\/81613","targetHints":{"allow":["GET"]}}],"collection":[{"href":"https:\/\/www.librairieclavreuil.com\/en\/wp-json\/wp\/v2\/product"}],"about":[{"href":"https:\/\/www.librairieclavreuil.com\/en\/wp-json\/wp\/v2\/types\/product"}],"replies":[{"embeddable":true,"href":"https:\/\/www.librairieclavreuil.com\/en\/wp-json\/wp\/v2\/comments?post=81613"}],"wp:featuredmedia":[{"embeddable":true,"href":"https:\/\/www.librairieclavreuil.com\/en\/wp-json\/wp\/v2\/media\/81604"}],"wp:attachment":[{"href":"https:\/\/www.librairieclavreuil.com\/en\/wp-json\/wp\/v2\/media?parent=81613"}],"wp:term":[{"taxonomy":"product_brand","embeddable":true,"href":"https:\/\/www.librairieclavreuil.com\/en\/wp-json\/wp\/v2\/product_brand?post=81613"},{"taxonomy":"product_cat","embeddable":true,"href":"https:\/\/www.librairieclavreuil.com\/en\/wp-json\/wp\/v2\/product_cat?post=81613"},{"taxonomy":"product_tag","embeddable":true,"href":"https:\/\/www.librairieclavreuil.com\/en\/wp-json\/wp\/v2\/product_tag?post=81613"}],"curies":[{"name":"wp","href":"https:\/\/api.w.org\/{rel}","templated":true}]}}