{"id":81587,"date":"2024-10-12T12:02:48","date_gmt":"2024-10-12T10:02:48","guid":{"rendered":"https:\/\/www.librairieclavreuil.com\/vian-boris-vercoquin-et-le-plancton-roman\/"},"modified":"2024-10-12T12:03:01","modified_gmt":"2024-10-12T10:03:01","slug":"vian-boris-vercoquin-et-le-plancton-roman","status":"publish","type":"product","link":"https:\/\/www.librairieclavreuil.com\/en\/vian-boris-vercoquin-et-le-plancton-roman\/","title":{"rendered":"VIAN Boris Vercoquin et le plancton. Roman."},"content":{"rendered":"<p style=\"text-align:justify\">First edition, no mention of print run. &nbsp;<\/p>\n<p style=\"text-align:justify\">Written between 1943 and 1944, Vercoquin et le plancton is Boris Vian&#8217;s first book. It was published by Gallimard thanks to Jean Rostand, who presented the manuscript to Raymond Queneau, a member of the publishing house&#8217;s reading committee. Queneau liked the book and decided to publish it in the collection La plume au vent, which he edited. In July 1945 Vian signed his first author&#8217;s contract and the book was published in 1946.<\/p>\n<p style=\"text-align:justify\">This farce-like novel recounts the experiences of Vian&#8217;s youth, a sort of chronicle spiced up with adventures of the author and his friends during the Occupation. Although it is often said that the title of the novel has nothing to do with its content, that it is intrinsically linked to Vian&#8217;s hermetic and humorous spirit, in reality it is undoubtedly to be read as a metaphor. &nbsp;<\/p>\n<p style=\"text-align:justify\">Vercoquin et le plancton presents an opposition between the world of adults and that of adolescents that is reflected not only in its narrative but also in its formal organisation. While the first and fourth parts are reserved for the world of teenagers, the second and third present the characters in contact with the adult world. This confrontation is undoubtedly what the title seems to suggest, with humour and a touch of childishness. &nbsp;<\/p>\n<p style=\"text-align:justify\">\u00ab&nbsp;Vian trouvait le s\u00e9rieux risible et voyait dans le rire une chose s\u00e9rieuse. Dans son arbre g\u00e9n\u00e9alogique litt\u00e9raire figurent les noms de Rabelais, Swift, Carroll, Jarry, Queneau&nbsp;\u00bb (Biblioth\u00e8que de la Pl\u00e9iade)<\/p>\n<p style=\"text-align:justify\">\u00ab&nbsp;Ing\u00e9nieur, trompettiste de jazz, acteur, chanteur, parolier, pasticheur de romans noirs am\u00e9ricains, critique, auteur de nouvelles et de pi\u00e8ces de th\u00e9\u00e2tre, Boris Vian (1920-1959) ne fut jamais reconnu de son vivant pour ce qu&#8217;il \u00e9tait avant tout : un grand romancier au style exub\u00e9rant, m\u00ealant l&#8217;absurde \u00e0 l&#8217;\u00e9motion, le paradoxe \u00e0 la fantaisie&nbsp;\u00bb. (Claire Julliard)&nbsp;&nbsp;<\/p>\n<p style=\"text-align:justify\">A fine copy, preserved in an elegant slipcase.<\/p>\n","protected":false},"excerpt":{"rendered":"<p>12mo (186 x 119 mm) de 193 pp., 2 unn.l. Original cover printed in red and black, slipcase.<\/p>\n","protected":false},"featured_media":81584,"comment_status":"open","ping_status":"closed","template":"","meta":{"_acf_changed":false},"product_brand":[],"product_cat":[544],"product_tag":[1450],"class_list":{"0":"post-81587","1":"product","2":"type-product","3":"status-publish","4":"has-post-thumbnail","6":"product_cat-literature","7":"product_tag-first-edition","8":"pa_auteur-vian-boris-2","9":"pa_type-de-livre-printed-book","11":"first","12":"instock","13":"shipping-taxable","14":"purchasable","15":"product-type-simple"},"acf":{"artist":" Boris VIAN","chapeau":"","adresse_bibliographique":"Paris, Gallimard, 1946","book_type":"Printed book","provenance":"","afficher_prix":""},"yoast_head":"<!-- This site is optimized with the Yoast SEO plugin v24.7 - https:\/\/yoast.com\/wordpress\/plugins\/seo\/ -->\n<title>VIAN Boris Vercoquin et le plancton. Roman. - Libairie Clavreuil<\/title>\n<meta name=\"robots\" content=\"index, follow, max-snippet:-1, max-image-preview:large, max-video-preview:-1\" \/>\n<link rel=\"canonical\" href=\"https:\/\/www.librairieclavreuil.com\/en\/vian-boris-vercoquin-et-le-plancton-roman\/\" \/>\n<meta property=\"og:locale\" content=\"en_US\" \/>\n<meta property=\"og:type\" content=\"article\" \/>\n<meta property=\"og:title\" content=\"VIAN Boris Vercoquin et le plancton. Roman. - Libairie Clavreuil\" \/>\n<meta property=\"og:description\" content=\"12mo (186 x 119 mm) de 193 pp., 2 unn.l. Original cover printed in red and black, slipcase.\" \/>\n<meta property=\"og:url\" content=\"https:\/\/www.librairieclavreuil.com\/en\/vian-boris-vercoquin-et-le-plancton-roman\/\" \/>\n<meta property=\"og:site_name\" content=\"Libairie Clavreuil\" \/>\n<meta property=\"article:modified_time\" content=\"2024-10-12T10:03:01+00:00\" \/>\n<meta property=\"og:image\" content=\"https:\/\/www.librairieclavreuil.com\/wp-content\/uploads\/2024\/10\/boris-vian-vercoquin-et-le-plancton-roman-5575-66ed731fd21dd.jpg\" \/>\n\t<meta property=\"og:image:width\" content=\"699\" \/>\n\t<meta property=\"og:image:height\" content=\"800\" \/>\n\t<meta property=\"og:image:type\" content=\"image\/jpeg\" \/>\n<meta name=\"twitter:card\" content=\"summary_large_image\" \/>\n<meta name=\"twitter:label1\" content=\"Est. reading time\" \/>\n\t<meta name=\"twitter:data1\" content=\"2 minutes\" \/>\n<script type=\"application\/ld+json\" class=\"yoast-schema-graph\">{\"@context\":\"https:\/\/schema.org\",\"@graph\":[{\"@type\":\"WebPage\",\"@id\":\"https:\/\/www.librairieclavreuil.com\/en\/vian-boris-vercoquin-et-le-plancton-roman\/\",\"url\":\"https:\/\/www.librairieclavreuil.com\/en\/vian-boris-vercoquin-et-le-plancton-roman\/\",\"name\":\"VIAN Boris Vercoquin et le plancton. Roman. - Libairie Clavreuil\",\"isPartOf\":{\"@id\":\"https:\/\/www.librairieclavreuil.com\/#website\"},\"primaryImageOfPage\":{\"@id\":\"https:\/\/www.librairieclavreuil.com\/en\/vian-boris-vercoquin-et-le-plancton-roman\/#primaryimage\"},\"image\":{\"@id\":\"https:\/\/www.librairieclavreuil.com\/en\/vian-boris-vercoquin-et-le-plancton-roman\/#primaryimage\"},\"thumbnailUrl\":\"https:\/\/www.librairieclavreuil.com\/wp-content\/uploads\/2024\/10\/boris-vian-vercoquin-et-le-plancton-roman-5575-66ed731fd21dd.jpg\",\"datePublished\":\"2024-10-12T10:02:48+00:00\",\"dateModified\":\"2024-10-12T10:03:01+00:00\",\"breadcrumb\":{\"@id\":\"https:\/\/www.librairieclavreuil.com\/en\/vian-boris-vercoquin-et-le-plancton-roman\/#breadcrumb\"},\"inLanguage\":\"en-US\",\"potentialAction\":[{\"@type\":\"ReadAction\",\"target\":[\"https:\/\/www.librairieclavreuil.com\/en\/vian-boris-vercoquin-et-le-plancton-roman\/\"]}]},{\"@type\":\"ImageObject\",\"inLanguage\":\"en-US\",\"@id\":\"https:\/\/www.librairieclavreuil.com\/en\/vian-boris-vercoquin-et-le-plancton-roman\/#primaryimage\",\"url\":\"https:\/\/www.librairieclavreuil.com\/wp-content\/uploads\/2024\/10\/boris-vian-vercoquin-et-le-plancton-roman-5575-66ed731fd21dd.jpg\",\"contentUrl\":\"https:\/\/www.librairieclavreuil.com\/wp-content\/uploads\/2024\/10\/boris-vian-vercoquin-et-le-plancton-roman-5575-66ed731fd21dd.jpg\",\"width\":699,\"height\":800},{\"@type\":\"BreadcrumbList\",\"@id\":\"https:\/\/www.librairieclavreuil.com\/en\/vian-boris-vercoquin-et-le-plancton-roman\/#breadcrumb\",\"itemListElement\":[{\"@type\":\"ListItem\",\"position\":1,\"name\":\"Accueil\",\"item\":\"https:\/\/www.librairieclavreuil.com\/\"},{\"@type\":\"ListItem\",\"position\":2,\"name\":\"All our books\",\"item\":\"https:\/\/www.librairieclavreuil.com\/en\/all-our-books\/\"},{\"@type\":\"ListItem\",\"position\":3,\"name\":\"VIAN Boris Vercoquin et le plancton. Roman.\"}]},{\"@type\":\"WebSite\",\"@id\":\"https:\/\/www.librairieclavreuil.com\/#website\",\"url\":\"https:\/\/www.librairieclavreuil.com\/\",\"name\":\"Libairie Clavreuil\",\"description\":\"Livres anciens, manuscrits rares et \u00e9ditions originales \u2013 Librairie Clavreuil\",\"publisher\":{\"@id\":\"https:\/\/www.librairieclavreuil.com\/#organization\"},\"potentialAction\":[{\"@type\":\"SearchAction\",\"target\":{\"@type\":\"EntryPoint\",\"urlTemplate\":\"https:\/\/www.librairieclavreuil.com\/?s={search_term_string}\"},\"query-input\":{\"@type\":\"PropertyValueSpecification\",\"valueRequired\":true,\"valueName\":\"search_term_string\"}}],\"inLanguage\":\"en-US\"},{\"@type\":\"Organization\",\"@id\":\"https:\/\/www.librairieclavreuil.com\/#organization\",\"name\":\"Libairie Clavreuil\",\"url\":\"https:\/\/www.librairieclavreuil.com\/\",\"logo\":{\"@type\":\"ImageObject\",\"inLanguage\":\"en-US\",\"@id\":\"https:\/\/www.librairieclavreuil.com\/#\/schema\/logo\/image\/\",\"url\":\"https:\/\/www.librairieclavreuil.com\/wp-content\/uploads\/2021\/06\/cropped-LOGO_PNG_DATE-_gold-512x512-1.png\",\"contentUrl\":\"https:\/\/www.librairieclavreuil.com\/wp-content\/uploads\/2021\/06\/cropped-LOGO_PNG_DATE-_gold-512x512-1.png\",\"width\":512,\"height\":512,\"caption\":\"Libairie Clavreuil\"},\"image\":{\"@id\":\"https:\/\/www.librairieclavreuil.com\/#\/schema\/logo\/image\/\"},\"sameAs\":[\"https:\/\/www.instagram.com\/librairieclavreuil\/\"]}]}<\/script>\n<!-- \/ Yoast SEO plugin. -->","yoast_head_json":{"title":"VIAN Boris Vercoquin et le plancton. Roman. - Libairie Clavreuil","robots":{"index":"index","follow":"follow","max-snippet":"max-snippet:-1","max-image-preview":"max-image-preview:large","max-video-preview":"max-video-preview:-1"},"canonical":"https:\/\/www.librairieclavreuil.com\/en\/vian-boris-vercoquin-et-le-plancton-roman\/","og_locale":"en_US","og_type":"article","og_title":"VIAN Boris Vercoquin et le plancton. Roman. - Libairie Clavreuil","og_description":"12mo (186 x 119 mm) de 193 pp., 2 unn.l. Original cover printed in red and black, slipcase.","og_url":"https:\/\/www.librairieclavreuil.com\/en\/vian-boris-vercoquin-et-le-plancton-roman\/","og_site_name":"Libairie Clavreuil","article_modified_time":"2024-10-12T10:03:01+00:00","og_image":[{"width":699,"height":800,"url":"https:\/\/www.librairieclavreuil.com\/wp-content\/uploads\/2024\/10\/boris-vian-vercoquin-et-le-plancton-roman-5575-66ed731fd21dd.jpg","type":"image\/jpeg"}],"twitter_card":"summary_large_image","twitter_misc":{"Est. reading time":"2 minutes"},"schema":{"@context":"https:\/\/schema.org","@graph":[{"@type":"WebPage","@id":"https:\/\/www.librairieclavreuil.com\/en\/vian-boris-vercoquin-et-le-plancton-roman\/","url":"https:\/\/www.librairieclavreuil.com\/en\/vian-boris-vercoquin-et-le-plancton-roman\/","name":"VIAN Boris Vercoquin et le plancton. Roman. - Libairie Clavreuil","isPartOf":{"@id":"https:\/\/www.librairieclavreuil.com\/#website"},"primaryImageOfPage":{"@id":"https:\/\/www.librairieclavreuil.com\/en\/vian-boris-vercoquin-et-le-plancton-roman\/#primaryimage"},"image":{"@id":"https:\/\/www.librairieclavreuil.com\/en\/vian-boris-vercoquin-et-le-plancton-roman\/#primaryimage"},"thumbnailUrl":"https:\/\/www.librairieclavreuil.com\/wp-content\/uploads\/2024\/10\/boris-vian-vercoquin-et-le-plancton-roman-5575-66ed731fd21dd.jpg","datePublished":"2024-10-12T10:02:48+00:00","dateModified":"2024-10-12T10:03:01+00:00","breadcrumb":{"@id":"https:\/\/www.librairieclavreuil.com\/en\/vian-boris-vercoquin-et-le-plancton-roman\/#breadcrumb"},"inLanguage":"en-US","potentialAction":[{"@type":"ReadAction","target":["https:\/\/www.librairieclavreuil.com\/en\/vian-boris-vercoquin-et-le-plancton-roman\/"]}]},{"@type":"ImageObject","inLanguage":"en-US","@id":"https:\/\/www.librairieclavreuil.com\/en\/vian-boris-vercoquin-et-le-plancton-roman\/#primaryimage","url":"https:\/\/www.librairieclavreuil.com\/wp-content\/uploads\/2024\/10\/boris-vian-vercoquin-et-le-plancton-roman-5575-66ed731fd21dd.jpg","contentUrl":"https:\/\/www.librairieclavreuil.com\/wp-content\/uploads\/2024\/10\/boris-vian-vercoquin-et-le-plancton-roman-5575-66ed731fd21dd.jpg","width":699,"height":800},{"@type":"BreadcrumbList","@id":"https:\/\/www.librairieclavreuil.com\/en\/vian-boris-vercoquin-et-le-plancton-roman\/#breadcrumb","itemListElement":[{"@type":"ListItem","position":1,"name":"Accueil","item":"https:\/\/www.librairieclavreuil.com\/"},{"@type":"ListItem","position":2,"name":"All our books","item":"https:\/\/www.librairieclavreuil.com\/en\/all-our-books\/"},{"@type":"ListItem","position":3,"name":"VIAN Boris Vercoquin et le plancton. Roman."}]},{"@type":"WebSite","@id":"https:\/\/www.librairieclavreuil.com\/#website","url":"https:\/\/www.librairieclavreuil.com\/","name":"Libairie Clavreuil","description":"Livres anciens, manuscrits rares et \u00e9ditions originales \u2013 Librairie Clavreuil","publisher":{"@id":"https:\/\/www.librairieclavreuil.com\/#organization"},"potentialAction":[{"@type":"SearchAction","target":{"@type":"EntryPoint","urlTemplate":"https:\/\/www.librairieclavreuil.com\/?s={search_term_string}"},"query-input":{"@type":"PropertyValueSpecification","valueRequired":true,"valueName":"search_term_string"}}],"inLanguage":"en-US"},{"@type":"Organization","@id":"https:\/\/www.librairieclavreuil.com\/#organization","name":"Libairie Clavreuil","url":"https:\/\/www.librairieclavreuil.com\/","logo":{"@type":"ImageObject","inLanguage":"en-US","@id":"https:\/\/www.librairieclavreuil.com\/#\/schema\/logo\/image\/","url":"https:\/\/www.librairieclavreuil.com\/wp-content\/uploads\/2021\/06\/cropped-LOGO_PNG_DATE-_gold-512x512-1.png","contentUrl":"https:\/\/www.librairieclavreuil.com\/wp-content\/uploads\/2021\/06\/cropped-LOGO_PNG_DATE-_gold-512x512-1.png","width":512,"height":512,"caption":"Libairie Clavreuil"},"image":{"@id":"https:\/\/www.librairieclavreuil.com\/#\/schema\/logo\/image\/"},"sameAs":["https:\/\/www.instagram.com\/librairieclavreuil\/"]}]}},"jetpack_sharing_enabled":true,"_links":{"self":[{"href":"https:\/\/www.librairieclavreuil.com\/en\/wp-json\/wp\/v2\/product\/81587","targetHints":{"allow":["GET"]}}],"collection":[{"href":"https:\/\/www.librairieclavreuil.com\/en\/wp-json\/wp\/v2\/product"}],"about":[{"href":"https:\/\/www.librairieclavreuil.com\/en\/wp-json\/wp\/v2\/types\/product"}],"replies":[{"embeddable":true,"href":"https:\/\/www.librairieclavreuil.com\/en\/wp-json\/wp\/v2\/comments?post=81587"}],"wp:featuredmedia":[{"embeddable":true,"href":"https:\/\/www.librairieclavreuil.com\/en\/wp-json\/wp\/v2\/media\/81584"}],"wp:attachment":[{"href":"https:\/\/www.librairieclavreuil.com\/en\/wp-json\/wp\/v2\/media?parent=81587"}],"wp:term":[{"taxonomy":"product_brand","embeddable":true,"href":"https:\/\/www.librairieclavreuil.com\/en\/wp-json\/wp\/v2\/product_brand?post=81587"},{"taxonomy":"product_cat","embeddable":true,"href":"https:\/\/www.librairieclavreuil.com\/en\/wp-json\/wp\/v2\/product_cat?post=81587"},{"taxonomy":"product_tag","embeddable":true,"href":"https:\/\/www.librairieclavreuil.com\/en\/wp-json\/wp\/v2\/product_tag?post=81587"}],"curies":[{"name":"wp","href":"https:\/\/api.w.org\/{rel}","templated":true}]}}