{"id":81569,"date":"2024-09-20T12:54:31","date_gmt":"2024-09-20T10:54:31","guid":{"rendered":"https:\/\/www.librairieclavreuil.com\/nodier-charles-bibliographie-entomologique-ou-catalogue-raisonne-des-ouvrages-relatifs-a-lentomologie-et-aux-insectes-avec-des-notes-critiques-et-lexposition-des-methodes\/"},"modified":"2024-09-20T12:55:01","modified_gmt":"2024-09-20T10:55:01","slug":"nodier-charles-bibliographie-entomologique-ou-catalogue-raisonne-des-ouvrages-relatifs-a-lentomologie-et-aux-insectes-avec-des-notes-critiques-et-lexposition-des-methodes","status":"publish","type":"product","link":"https:\/\/www.librairieclavreuil.com\/en\/nodier-charles-bibliographie-entomologique-ou-catalogue-raisonne-des-ouvrages-relatifs-a-lentomologie-et-aux-insectes-avec-des-notes-critiques-et-lexposition-des-methodes\/","title":{"rendered":"NODIER Charles Bibliographie entomologique, ou Catalogue raisonn\u00e9 des..."},"content":{"rendered":"<p style=\"text-align:justify\"><i>Clouzot, 224 (&#8220;extr\u00eamement rare&#8221;) Hagen, 16.&nbsp;&nbsp;<\/i><\/p>\n<p>A very rare first edition of this early work by Charles Nodier.<\/p>\n<p>In his catalogue published in 1827, Nodier himself stated: \u00ab J&#8217;\u00e9tais propri\u00e9taire de l&#8217;\u00e9dition et je l&#8217;ai d\u00e9truite avec tant de soin, qu&#8217;il n&#8217;en reste certainement pas quatre exemplaires \u00bb.<\/p>\n<p>Charles Nodier (1780-1844), novelist, writer and academician, was one of the great promoters of the Romantic movement in France. From 1793 onwards, the young Nodier studied entomology and mineralogy with Justin Girod de Chanterans, and later joined the Soci\u00e9t\u00e9 d&#8217;entomologique de France, thanks to the help of his friend Jean-Baptiste Bory de Saint-Vincent.<\/p>\n<p>Charles Nodier was an enthusiast of this discipline, and it was not by chance that he devoted his first book (after a number of occasional pamphlets printed in Besan\u00e7on between 1791 and 1800) to entomology.<\/p>\n<p style=\"text-align:justify\">\u00ab Avec son deuxi\u00e8me r\u00e9pertoire, la Bibliographie entomologique qu&#8217;il publie en 1801, Nodier affronte avec plus d&#8217;acuit\u00e9 le vertige des catalogues raisonn\u00e9s, car il lui faut r\u00e9soudre \u00e0 la fois le probl\u00e8me de la classification des insectes et celui de la classification des livres sur les insectes&#8221;. En divisant la table des mati\u00e8res en entomologie descriptive et entomologie philosophique, Nodier &#8220;donnait une orientation originale \u00e0 son ouvrage, montrant le passage progressif de la science \u00e0 l&#8217;art et \u00e0 la litt\u00e9rature. \u00bb (Didier Barri\u00e8re, Nodier, l&#8217;homme du livre)<\/p>\n<p style=\"text-align:justify\">A fine copy, interleaved.<\/p>\n","protected":false},"excerpt":{"rendered":"<p>12mo (140 x 81 mm) of VIII, 64 pp. Blue half-chagrin, spine gilt with raised bands (slightly later binding).<\/p>\n","protected":false},"featured_media":81564,"comment_status":"open","ping_status":"closed","template":"","meta":{"_acf_changed":false},"product_brand":[],"product_cat":[544],"product_tag":[598,1450],"class_list":{"0":"post-81569","1":"product","2":"type-product","3":"status-publish","4":"has-post-thumbnail","6":"product_cat-literature","7":"product_tag-19th-century-literature","8":"product_tag-first-edition","9":"pa_auteur-nodier-charles-2","10":"pa_type-de-livre-printed-book","12":"first","13":"instock","14":"shipping-taxable","15":"purchasable","16":"product-type-simple"},"acf":{"artist":" Charles NODIER","chapeau":"","adresse_bibliographique":"Paris, Moutardier, 1801","book_type":"Printed book","provenance":"","afficher_prix":""},"yoast_head":"<!-- This site is optimized with the Yoast SEO plugin v24.7 - https:\/\/yoast.com\/wordpress\/plugins\/seo\/ -->\n<title>NODIER Charles Bibliographie entomologique, ou Catalogue raisonn\u00e9 des ouvrages relatifs \u00e0 l&#039;entomologie et aux insectes, avec des notes critiques et l&#039;exposition des m\u00e9thodes. - Libairie Clavreuil<\/title>\n<meta name=\"robots\" content=\"index, follow, max-snippet:-1, max-image-preview:large, max-video-preview:-1\" \/>\n<link rel=\"canonical\" href=\"https:\/\/www.librairieclavreuil.com\/en\/nodier-charles-bibliographie-entomologique-ou-catalogue-raisonne-des-ouvrages-relatifs-a-lentomologie-et-aux-insectes-avec-des-notes-critiques-et-lexposition-des-methodes\/\" \/>\n<meta property=\"og:locale\" content=\"en_US\" \/>\n<meta property=\"og:type\" content=\"article\" \/>\n<meta property=\"og:title\" content=\"NODIER Charles Bibliographie entomologique, ou Catalogue raisonn\u00e9 des ouvrages relatifs \u00e0 l&#039;entomologie et aux insectes, avec des notes critiques et l&#039;exposition des m\u00e9thodes. - Libairie Clavreuil\" \/>\n<meta property=\"og:description\" content=\"12mo (140 x 81 mm) of VIII, 64 pp. Blue half-chagrin, spine gilt with raised bands (slightly later binding).\" \/>\n<meta property=\"og:url\" content=\"https:\/\/www.librairieclavreuil.com\/en\/nodier-charles-bibliographie-entomologique-ou-catalogue-raisonne-des-ouvrages-relatifs-a-lentomologie-et-aux-insectes-avec-des-notes-critiques-et-lexposition-des-methodes\/\" \/>\n<meta property=\"og:site_name\" content=\"Libairie Clavreuil\" \/>\n<meta property=\"article:modified_time\" content=\"2024-09-20T10:55:01+00:00\" \/>\n<meta property=\"og:image\" content=\"https:\/\/www.librairieclavreuil.com\/wp-content\/uploads\/2024\/09\/charles-nodier-bibliographie-entomologique-ou-catalogue-raisonne-des-ouvrages-relatifs-a-l-entomologie-et-aux-insectes-avec-des-notes-critiq-66ed5383e74f5.jpg\" \/>\n\t<meta property=\"og:image:width\" content=\"572\" \/>\n\t<meta property=\"og:image:height\" content=\"800\" \/>\n\t<meta property=\"og:image:type\" content=\"image\/jpeg\" \/>\n<meta name=\"twitter:card\" content=\"summary_large_image\" \/>\n<meta name=\"twitter:label1\" content=\"Est. reading time\" \/>\n\t<meta name=\"twitter:data1\" content=\"1 minute\" \/>\n<script type=\"application\/ld+json\" class=\"yoast-schema-graph\">{\"@context\":\"https:\/\/schema.org\",\"@graph\":[{\"@type\":\"WebPage\",\"@id\":\"https:\/\/www.librairieclavreuil.com\/en\/nodier-charles-bibliographie-entomologique-ou-catalogue-raisonne-des-ouvrages-relatifs-a-lentomologie-et-aux-insectes-avec-des-notes-critiques-et-lexposition-des-methodes\/\",\"url\":\"https:\/\/www.librairieclavreuil.com\/en\/nodier-charles-bibliographie-entomologique-ou-catalogue-raisonne-des-ouvrages-relatifs-a-lentomologie-et-aux-insectes-avec-des-notes-critiques-et-lexposition-des-methodes\/\",\"name\":\"NODIER Charles Bibliographie entomologique, ou Catalogue raisonn\u00e9 des ouvrages relatifs \u00e0 l'entomologie et aux insectes, avec des notes critiques et l'exposition des m\u00e9thodes. - Libairie Clavreuil\",\"isPartOf\":{\"@id\":\"https:\/\/www.librairieclavreuil.com\/#website\"},\"primaryImageOfPage\":{\"@id\":\"https:\/\/www.librairieclavreuil.com\/en\/nodier-charles-bibliographie-entomologique-ou-catalogue-raisonne-des-ouvrages-relatifs-a-lentomologie-et-aux-insectes-avec-des-notes-critiques-et-lexposition-des-methodes\/#primaryimage\"},\"image\":{\"@id\":\"https:\/\/www.librairieclavreuil.com\/en\/nodier-charles-bibliographie-entomologique-ou-catalogue-raisonne-des-ouvrages-relatifs-a-lentomologie-et-aux-insectes-avec-des-notes-critiques-et-lexposition-des-methodes\/#primaryimage\"},\"thumbnailUrl\":\"https:\/\/www.librairieclavreuil.com\/wp-content\/uploads\/2024\/09\/charles-nodier-bibliographie-entomologique-ou-catalogue-raisonne-des-ouvrages-relatifs-a-l-entomologie-et-aux-insectes-avec-des-notes-critiq-66ed5383e74f5.jpg\",\"datePublished\":\"2024-09-20T10:54:31+00:00\",\"dateModified\":\"2024-09-20T10:55:01+00:00\",\"breadcrumb\":{\"@id\":\"https:\/\/www.librairieclavreuil.com\/en\/nodier-charles-bibliographie-entomologique-ou-catalogue-raisonne-des-ouvrages-relatifs-a-lentomologie-et-aux-insectes-avec-des-notes-critiques-et-lexposition-des-methodes\/#breadcrumb\"},\"inLanguage\":\"en-US\",\"potentialAction\":[{\"@type\":\"ReadAction\",\"target\":[\"https:\/\/www.librairieclavreuil.com\/en\/nodier-charles-bibliographie-entomologique-ou-catalogue-raisonne-des-ouvrages-relatifs-a-lentomologie-et-aux-insectes-avec-des-notes-critiques-et-lexposition-des-methodes\/\"]}]},{\"@type\":\"ImageObject\",\"inLanguage\":\"en-US\",\"@id\":\"https:\/\/www.librairieclavreuil.com\/en\/nodier-charles-bibliographie-entomologique-ou-catalogue-raisonne-des-ouvrages-relatifs-a-lentomologie-et-aux-insectes-avec-des-notes-critiques-et-lexposition-des-methodes\/#primaryimage\",\"url\":\"https:\/\/www.librairieclavreuil.com\/wp-content\/uploads\/2024\/09\/charles-nodier-bibliographie-entomologique-ou-catalogue-raisonne-des-ouvrages-relatifs-a-l-entomologie-et-aux-insectes-avec-des-notes-critiq-66ed5383e74f5.jpg\",\"contentUrl\":\"https:\/\/www.librairieclavreuil.com\/wp-content\/uploads\/2024\/09\/charles-nodier-bibliographie-entomologique-ou-catalogue-raisonne-des-ouvrages-relatifs-a-l-entomologie-et-aux-insectes-avec-des-notes-critiq-66ed5383e74f5.jpg\",\"width\":572,\"height\":800},{\"@type\":\"BreadcrumbList\",\"@id\":\"https:\/\/www.librairieclavreuil.com\/en\/nodier-charles-bibliographie-entomologique-ou-catalogue-raisonne-des-ouvrages-relatifs-a-lentomologie-et-aux-insectes-avec-des-notes-critiques-et-lexposition-des-methodes\/#breadcrumb\",\"itemListElement\":[{\"@type\":\"ListItem\",\"position\":1,\"name\":\"Accueil\",\"item\":\"https:\/\/www.librairieclavreuil.com\/\"},{\"@type\":\"ListItem\",\"position\":2,\"name\":\"All our books\",\"item\":\"https:\/\/www.librairieclavreuil.com\/en\/all-our-books\/\"},{\"@type\":\"ListItem\",\"position\":3,\"name\":\"NODIER Charles Bibliographie entomologique, ou Catalogue raisonn\u00e9 des ouvrages relatifs \u00e0 l&#8217;entomologie et aux insectes, avec des notes critiques et l&#8217;exposition des m\u00e9thodes.\"}]},{\"@type\":\"WebSite\",\"@id\":\"https:\/\/www.librairieclavreuil.com\/#website\",\"url\":\"https:\/\/www.librairieclavreuil.com\/\",\"name\":\"Libairie Clavreuil\",\"description\":\"Livres anciens, manuscrits rares et \u00e9ditions originales \u2013 Librairie Clavreuil\",\"publisher\":{\"@id\":\"https:\/\/www.librairieclavreuil.com\/#organization\"},\"potentialAction\":[{\"@type\":\"SearchAction\",\"target\":{\"@type\":\"EntryPoint\",\"urlTemplate\":\"https:\/\/www.librairieclavreuil.com\/?s={search_term_string}\"},\"query-input\":{\"@type\":\"PropertyValueSpecification\",\"valueRequired\":true,\"valueName\":\"search_term_string\"}}],\"inLanguage\":\"en-US\"},{\"@type\":\"Organization\",\"@id\":\"https:\/\/www.librairieclavreuil.com\/#organization\",\"name\":\"Libairie Clavreuil\",\"url\":\"https:\/\/www.librairieclavreuil.com\/\",\"logo\":{\"@type\":\"ImageObject\",\"inLanguage\":\"en-US\",\"@id\":\"https:\/\/www.librairieclavreuil.com\/#\/schema\/logo\/image\/\",\"url\":\"https:\/\/www.librairieclavreuil.com\/wp-content\/uploads\/2021\/06\/cropped-LOGO_PNG_DATE-_gold-512x512-1.png\",\"contentUrl\":\"https:\/\/www.librairieclavreuil.com\/wp-content\/uploads\/2021\/06\/cropped-LOGO_PNG_DATE-_gold-512x512-1.png\",\"width\":512,\"height\":512,\"caption\":\"Libairie Clavreuil\"},\"image\":{\"@id\":\"https:\/\/www.librairieclavreuil.com\/#\/schema\/logo\/image\/\"},\"sameAs\":[\"https:\/\/www.instagram.com\/librairieclavreuil\/\"]}]}<\/script>\n<!-- \/ Yoast SEO plugin. -->","yoast_head_json":{"title":"NODIER Charles Bibliographie entomologique, ou Catalogue raisonn\u00e9 des ouvrages relatifs \u00e0 l'entomologie et aux insectes, avec des notes critiques et l'exposition des m\u00e9thodes. - Libairie Clavreuil","robots":{"index":"index","follow":"follow","max-snippet":"max-snippet:-1","max-image-preview":"max-image-preview:large","max-video-preview":"max-video-preview:-1"},"canonical":"https:\/\/www.librairieclavreuil.com\/en\/nodier-charles-bibliographie-entomologique-ou-catalogue-raisonne-des-ouvrages-relatifs-a-lentomologie-et-aux-insectes-avec-des-notes-critiques-et-lexposition-des-methodes\/","og_locale":"en_US","og_type":"article","og_title":"NODIER Charles Bibliographie entomologique, ou Catalogue raisonn\u00e9 des ouvrages relatifs \u00e0 l'entomologie et aux insectes, avec des notes critiques et l'exposition des m\u00e9thodes. - Libairie Clavreuil","og_description":"12mo (140 x 81 mm) of VIII, 64 pp. Blue half-chagrin, spine gilt with raised bands (slightly later binding).","og_url":"https:\/\/www.librairieclavreuil.com\/en\/nodier-charles-bibliographie-entomologique-ou-catalogue-raisonne-des-ouvrages-relatifs-a-lentomologie-et-aux-insectes-avec-des-notes-critiques-et-lexposition-des-methodes\/","og_site_name":"Libairie Clavreuil","article_modified_time":"2024-09-20T10:55:01+00:00","og_image":[{"width":572,"height":800,"url":"https:\/\/www.librairieclavreuil.com\/wp-content\/uploads\/2024\/09\/charles-nodier-bibliographie-entomologique-ou-catalogue-raisonne-des-ouvrages-relatifs-a-l-entomologie-et-aux-insectes-avec-des-notes-critiq-66ed5383e74f5.jpg","type":"image\/jpeg"}],"twitter_card":"summary_large_image","twitter_misc":{"Est. reading time":"1 minute"},"schema":{"@context":"https:\/\/schema.org","@graph":[{"@type":"WebPage","@id":"https:\/\/www.librairieclavreuil.com\/en\/nodier-charles-bibliographie-entomologique-ou-catalogue-raisonne-des-ouvrages-relatifs-a-lentomologie-et-aux-insectes-avec-des-notes-critiques-et-lexposition-des-methodes\/","url":"https:\/\/www.librairieclavreuil.com\/en\/nodier-charles-bibliographie-entomologique-ou-catalogue-raisonne-des-ouvrages-relatifs-a-lentomologie-et-aux-insectes-avec-des-notes-critiques-et-lexposition-des-methodes\/","name":"NODIER Charles Bibliographie entomologique, ou Catalogue raisonn\u00e9 des ouvrages relatifs \u00e0 l'entomologie et aux insectes, avec des notes critiques et l'exposition des m\u00e9thodes. - Libairie Clavreuil","isPartOf":{"@id":"https:\/\/www.librairieclavreuil.com\/#website"},"primaryImageOfPage":{"@id":"https:\/\/www.librairieclavreuil.com\/en\/nodier-charles-bibliographie-entomologique-ou-catalogue-raisonne-des-ouvrages-relatifs-a-lentomologie-et-aux-insectes-avec-des-notes-critiques-et-lexposition-des-methodes\/#primaryimage"},"image":{"@id":"https:\/\/www.librairieclavreuil.com\/en\/nodier-charles-bibliographie-entomologique-ou-catalogue-raisonne-des-ouvrages-relatifs-a-lentomologie-et-aux-insectes-avec-des-notes-critiques-et-lexposition-des-methodes\/#primaryimage"},"thumbnailUrl":"https:\/\/www.librairieclavreuil.com\/wp-content\/uploads\/2024\/09\/charles-nodier-bibliographie-entomologique-ou-catalogue-raisonne-des-ouvrages-relatifs-a-l-entomologie-et-aux-insectes-avec-des-notes-critiq-66ed5383e74f5.jpg","datePublished":"2024-09-20T10:54:31+00:00","dateModified":"2024-09-20T10:55:01+00:00","breadcrumb":{"@id":"https:\/\/www.librairieclavreuil.com\/en\/nodier-charles-bibliographie-entomologique-ou-catalogue-raisonne-des-ouvrages-relatifs-a-lentomologie-et-aux-insectes-avec-des-notes-critiques-et-lexposition-des-methodes\/#breadcrumb"},"inLanguage":"en-US","potentialAction":[{"@type":"ReadAction","target":["https:\/\/www.librairieclavreuil.com\/en\/nodier-charles-bibliographie-entomologique-ou-catalogue-raisonne-des-ouvrages-relatifs-a-lentomologie-et-aux-insectes-avec-des-notes-critiques-et-lexposition-des-methodes\/"]}]},{"@type":"ImageObject","inLanguage":"en-US","@id":"https:\/\/www.librairieclavreuil.com\/en\/nodier-charles-bibliographie-entomologique-ou-catalogue-raisonne-des-ouvrages-relatifs-a-lentomologie-et-aux-insectes-avec-des-notes-critiques-et-lexposition-des-methodes\/#primaryimage","url":"https:\/\/www.librairieclavreuil.com\/wp-content\/uploads\/2024\/09\/charles-nodier-bibliographie-entomologique-ou-catalogue-raisonne-des-ouvrages-relatifs-a-l-entomologie-et-aux-insectes-avec-des-notes-critiq-66ed5383e74f5.jpg","contentUrl":"https:\/\/www.librairieclavreuil.com\/wp-content\/uploads\/2024\/09\/charles-nodier-bibliographie-entomologique-ou-catalogue-raisonne-des-ouvrages-relatifs-a-l-entomologie-et-aux-insectes-avec-des-notes-critiq-66ed5383e74f5.jpg","width":572,"height":800},{"@type":"BreadcrumbList","@id":"https:\/\/www.librairieclavreuil.com\/en\/nodier-charles-bibliographie-entomologique-ou-catalogue-raisonne-des-ouvrages-relatifs-a-lentomologie-et-aux-insectes-avec-des-notes-critiques-et-lexposition-des-methodes\/#breadcrumb","itemListElement":[{"@type":"ListItem","position":1,"name":"Accueil","item":"https:\/\/www.librairieclavreuil.com\/"},{"@type":"ListItem","position":2,"name":"All our books","item":"https:\/\/www.librairieclavreuil.com\/en\/all-our-books\/"},{"@type":"ListItem","position":3,"name":"NODIER Charles Bibliographie entomologique, ou Catalogue raisonn\u00e9 des ouvrages relatifs \u00e0 l&#8217;entomologie et aux insectes, avec des notes critiques et l&#8217;exposition des m\u00e9thodes."}]},{"@type":"WebSite","@id":"https:\/\/www.librairieclavreuil.com\/#website","url":"https:\/\/www.librairieclavreuil.com\/","name":"Libairie Clavreuil","description":"Livres anciens, manuscrits rares et \u00e9ditions originales \u2013 Librairie Clavreuil","publisher":{"@id":"https:\/\/www.librairieclavreuil.com\/#organization"},"potentialAction":[{"@type":"SearchAction","target":{"@type":"EntryPoint","urlTemplate":"https:\/\/www.librairieclavreuil.com\/?s={search_term_string}"},"query-input":{"@type":"PropertyValueSpecification","valueRequired":true,"valueName":"search_term_string"}}],"inLanguage":"en-US"},{"@type":"Organization","@id":"https:\/\/www.librairieclavreuil.com\/#organization","name":"Libairie Clavreuil","url":"https:\/\/www.librairieclavreuil.com\/","logo":{"@type":"ImageObject","inLanguage":"en-US","@id":"https:\/\/www.librairieclavreuil.com\/#\/schema\/logo\/image\/","url":"https:\/\/www.librairieclavreuil.com\/wp-content\/uploads\/2021\/06\/cropped-LOGO_PNG_DATE-_gold-512x512-1.png","contentUrl":"https:\/\/www.librairieclavreuil.com\/wp-content\/uploads\/2021\/06\/cropped-LOGO_PNG_DATE-_gold-512x512-1.png","width":512,"height":512,"caption":"Libairie Clavreuil"},"image":{"@id":"https:\/\/www.librairieclavreuil.com\/#\/schema\/logo\/image\/"},"sameAs":["https:\/\/www.instagram.com\/librairieclavreuil\/"]}]}},"jetpack_sharing_enabled":true,"_links":{"self":[{"href":"https:\/\/www.librairieclavreuil.com\/en\/wp-json\/wp\/v2\/product\/81569","targetHints":{"allow":["GET"]}}],"collection":[{"href":"https:\/\/www.librairieclavreuil.com\/en\/wp-json\/wp\/v2\/product"}],"about":[{"href":"https:\/\/www.librairieclavreuil.com\/en\/wp-json\/wp\/v2\/types\/product"}],"replies":[{"embeddable":true,"href":"https:\/\/www.librairieclavreuil.com\/en\/wp-json\/wp\/v2\/comments?post=81569"}],"wp:featuredmedia":[{"embeddable":true,"href":"https:\/\/www.librairieclavreuil.com\/en\/wp-json\/wp\/v2\/media\/81564"}],"wp:attachment":[{"href":"https:\/\/www.librairieclavreuil.com\/en\/wp-json\/wp\/v2\/media?parent=81569"}],"wp:term":[{"taxonomy":"product_brand","embeddable":true,"href":"https:\/\/www.librairieclavreuil.com\/en\/wp-json\/wp\/v2\/product_brand?post=81569"},{"taxonomy":"product_cat","embeddable":true,"href":"https:\/\/www.librairieclavreuil.com\/en\/wp-json\/wp\/v2\/product_cat?post=81569"},{"taxonomy":"product_tag","embeddable":true,"href":"https:\/\/www.librairieclavreuil.com\/en\/wp-json\/wp\/v2\/product_tag?post=81569"}],"curies":[{"name":"wp","href":"https:\/\/api.w.org\/{rel}","templated":true}]}}