{"id":81533,"date":"2024-09-14T11:32:06","date_gmt":"2024-09-14T09:32:06","guid":{"rendered":"https:\/\/www.librairieclavreuil.com\/flaubert-gustave-bouvard-et-pecuchet-oeuvre-posthume\/"},"modified":"2025-04-12T15:17:50","modified_gmt":"2025-04-12T13:17:50","slug":"flaubert-gustave-bouvard-et-pecuchet-oeuvre-posthume","status":"publish","type":"product","link":"https:\/\/www.librairieclavreuil.com\/en\/flaubert-gustave-bouvard-et-pecuchet-oeuvre-posthume\/","title":{"rendered":"FLAUBERT Gustave Bouvard et P\u00e9cuchet. Oeuvre posthume."},"content":{"rendered":"<p style=\"text-align:justify\"><i>Clouzot, 122.&nbsp;<\/i><\/p>\n<p style=\"text-align:justify\"><span style=\"font-variant:small-caps\">First edition, posthumous.<\/span><\/p>\n<p style=\"text-align:justify\">An exceptional copy with a folded autograph note bound at the head.It contains two aphorisms by Flaubert, each signed :&nbsp;<\/p>\n<p style=\"text-align:center\"><i>&#8220;Aphorisme ant\u00e9dinatoire&nbsp;<\/i><br \/><i>Il y a peu de choses au monde qui \u00e9taient aussi<\/i><br \/><i>odieuses, inutiles et&#8230; le reste &#8211; que celle qui consent,&nbsp;<\/i><br \/><i>\u00e0 \u00e9crire dans un album&nbsp;<\/i><br \/><i>Voil\u00e0 !<\/i><br \/><i>G. Flaubert&nbsp;<\/i><\/p>\n<p style=\"text-align:center\"><i>Aphorisme post dinatoire&nbsp;<\/i><\/p>\n<p style=\"text-align:center\"><i>Il y a peu de choses au monde qui soient aussi<\/i><\/p>\n<p style=\"text-align:center\"><i>int\u00e9ressantes, charmantes, etc&#8230; le reste, &#8211; que celle qui&nbsp;<\/i><br \/><i>consiste, apr\u00e8s un bon d\u00eener, \u00e0 \u00e9crire dans un&nbsp;<\/i><br \/><i>album.<\/i><br \/><i>Voil\u00e0 !<\/i><br \/><i>G. Flaubert&nbsp;<\/i><br \/>&nbsp;<\/p>\n<p style=\"text-align:center\"><i>(Les aphorismes d\u00e9finitifs de P\u00e9cuchet et Bouvard)&#8221;&nbsp;<\/i><\/p>\n<p style=\"text-align:justify\">Bouvard and P\u00e9cuchet are lovably ridiculous characters who use empirical and pseudo-scientific methods to achieve encyclopaedic knowledge. The two protagonists cover almost every section of human knowledge at the time, but their lack of knowledge often leads to disaster. Flaubert offers an innovative and comic approach to encyclopaedic knowledge and its methods.<\/p>\n<p style=\"text-align:justify\">A fine copy.<\/p>\n","protected":false},"excerpt":{"rendered":"<p>12mo (176 x 111 mm) of 2 unn.l., 400 pp. Green half-chagrin, spine with raised bands, combed edges (<i>contemporary binding<\/i>).<\/p>\n","protected":false},"featured_media":81526,"comment_status":"open","ping_status":"closed","template":"","meta":{"_acf_changed":false},"product_brand":[],"product_cat":[544],"product_tag":[598,1450,1264],"class_list":{"0":"post-81533","1":"product","2":"type-product","3":"status-publish","4":"has-post-thumbnail","6":"product_cat-literature","7":"product_tag-19th-century-literature","8":"product_tag-first-edition","9":"product_tag-inscription","10":"pa_auteur-flaubert-gustave-2","11":"pa_type-de-livre-printed-book","13":"first","14":"instock","15":"shipping-taxable","16":"purchasable","17":"product-type-simple"},"acf":{"artist":" Gustave FLAUBERT","chapeau":"With an autographed \u2018dinner\u2019 note","adresse_bibliographique":"Paris, Alphonse Lemerre, 1881","book_type":"Printed book","provenance":"From the library of Armand Normand, bookplate on the upper back cover.","afficher_prix":""},"yoast_head":"<!-- This site is optimized with the Yoast SEO plugin v24.7 - https:\/\/yoast.com\/wordpress\/plugins\/seo\/ -->\n<title>FLAUBERT Gustave Bouvard et P\u00e9cuchet. Oeuvre posthume. - Libairie Clavreuil<\/title>\n<meta name=\"robots\" content=\"index, follow, max-snippet:-1, max-image-preview:large, max-video-preview:-1\" \/>\n<link rel=\"canonical\" href=\"https:\/\/www.librairieclavreuil.com\/en\/flaubert-gustave-bouvard-et-pecuchet-oeuvre-posthume\/\" \/>\n<meta property=\"og:locale\" content=\"en_US\" \/>\n<meta property=\"og:type\" content=\"article\" \/>\n<meta property=\"og:title\" content=\"FLAUBERT Gustave Bouvard et P\u00e9cuchet. Oeuvre posthume. - Libairie Clavreuil\" \/>\n<meta property=\"og:description\" content=\"12mo (176 x 111 mm) of 2 unn.l., 400 pp. Green half-chagrin, spine with raised bands, combed edges (contemporary binding).\" \/>\n<meta property=\"og:url\" content=\"https:\/\/www.librairieclavreuil.com\/en\/flaubert-gustave-bouvard-et-pecuchet-oeuvre-posthume\/\" \/>\n<meta property=\"og:site_name\" content=\"Libairie Clavreuil\" \/>\n<meta property=\"article:modified_time\" content=\"2025-04-12T13:17:50+00:00\" \/>\n<meta property=\"og:image\" content=\"https:\/\/www.librairieclavreuil.com\/wp-content\/uploads\/2024\/09\/gustave-flaubert-bouvard-et-pecuchet-oeuvre-posthume-8029-66e557c2a23f2.jpg\" \/>\n\t<meta property=\"og:image:width\" content=\"760\" \/>\n\t<meta property=\"og:image:height\" content=\"800\" \/>\n\t<meta property=\"og:image:type\" content=\"image\/jpeg\" \/>\n<meta name=\"twitter:card\" content=\"summary_large_image\" \/>\n<meta name=\"twitter:label1\" content=\"Est. reading time\" \/>\n\t<meta name=\"twitter:data1\" content=\"1 minute\" \/>\n<script type=\"application\/ld+json\" class=\"yoast-schema-graph\">{\"@context\":\"https:\/\/schema.org\",\"@graph\":[{\"@type\":\"WebPage\",\"@id\":\"https:\/\/www.librairieclavreuil.com\/en\/flaubert-gustave-bouvard-et-pecuchet-oeuvre-posthume\/\",\"url\":\"https:\/\/www.librairieclavreuil.com\/en\/flaubert-gustave-bouvard-et-pecuchet-oeuvre-posthume\/\",\"name\":\"FLAUBERT Gustave Bouvard et P\u00e9cuchet. Oeuvre posthume. - Libairie Clavreuil\",\"isPartOf\":{\"@id\":\"https:\/\/www.librairieclavreuil.com\/#website\"},\"primaryImageOfPage\":{\"@id\":\"https:\/\/www.librairieclavreuil.com\/en\/flaubert-gustave-bouvard-et-pecuchet-oeuvre-posthume\/#primaryimage\"},\"image\":{\"@id\":\"https:\/\/www.librairieclavreuil.com\/en\/flaubert-gustave-bouvard-et-pecuchet-oeuvre-posthume\/#primaryimage\"},\"thumbnailUrl\":\"https:\/\/www.librairieclavreuil.com\/wp-content\/uploads\/2024\/09\/gustave-flaubert-bouvard-et-pecuchet-oeuvre-posthume-8029-66e557c2a23f2.jpg\",\"datePublished\":\"2024-09-14T09:32:06+00:00\",\"dateModified\":\"2025-04-12T13:17:50+00:00\",\"breadcrumb\":{\"@id\":\"https:\/\/www.librairieclavreuil.com\/en\/flaubert-gustave-bouvard-et-pecuchet-oeuvre-posthume\/#breadcrumb\"},\"inLanguage\":\"en-US\",\"potentialAction\":[{\"@type\":\"ReadAction\",\"target\":[\"https:\/\/www.librairieclavreuil.com\/en\/flaubert-gustave-bouvard-et-pecuchet-oeuvre-posthume\/\"]}]},{\"@type\":\"ImageObject\",\"inLanguage\":\"en-US\",\"@id\":\"https:\/\/www.librairieclavreuil.com\/en\/flaubert-gustave-bouvard-et-pecuchet-oeuvre-posthume\/#primaryimage\",\"url\":\"https:\/\/www.librairieclavreuil.com\/wp-content\/uploads\/2024\/09\/gustave-flaubert-bouvard-et-pecuchet-oeuvre-posthume-8029-66e557c2a23f2.jpg\",\"contentUrl\":\"https:\/\/www.librairieclavreuil.com\/wp-content\/uploads\/2024\/09\/gustave-flaubert-bouvard-et-pecuchet-oeuvre-posthume-8029-66e557c2a23f2.jpg\",\"width\":760,\"height\":800},{\"@type\":\"BreadcrumbList\",\"@id\":\"https:\/\/www.librairieclavreuil.com\/en\/flaubert-gustave-bouvard-et-pecuchet-oeuvre-posthume\/#breadcrumb\",\"itemListElement\":[{\"@type\":\"ListItem\",\"position\":1,\"name\":\"Accueil\",\"item\":\"https:\/\/www.librairieclavreuil.com\/\"},{\"@type\":\"ListItem\",\"position\":2,\"name\":\"All our books\",\"item\":\"https:\/\/www.librairieclavreuil.com\/en\/all-our-books\/\"},{\"@type\":\"ListItem\",\"position\":3,\"name\":\"FLAUBERT Gustave Bouvard et P\u00e9cuchet. Oeuvre posthume.\"}]},{\"@type\":\"WebSite\",\"@id\":\"https:\/\/www.librairieclavreuil.com\/#website\",\"url\":\"https:\/\/www.librairieclavreuil.com\/\",\"name\":\"Libairie Clavreuil\",\"description\":\"Livres anciens, manuscrits rares et \u00e9ditions originales \u2013 Librairie Clavreuil\",\"publisher\":{\"@id\":\"https:\/\/www.librairieclavreuil.com\/#organization\"},\"potentialAction\":[{\"@type\":\"SearchAction\",\"target\":{\"@type\":\"EntryPoint\",\"urlTemplate\":\"https:\/\/www.librairieclavreuil.com\/?s={search_term_string}\"},\"query-input\":{\"@type\":\"PropertyValueSpecification\",\"valueRequired\":true,\"valueName\":\"search_term_string\"}}],\"inLanguage\":\"en-US\"},{\"@type\":\"Organization\",\"@id\":\"https:\/\/www.librairieclavreuil.com\/#organization\",\"name\":\"Libairie Clavreuil\",\"url\":\"https:\/\/www.librairieclavreuil.com\/\",\"logo\":{\"@type\":\"ImageObject\",\"inLanguage\":\"en-US\",\"@id\":\"https:\/\/www.librairieclavreuil.com\/#\/schema\/logo\/image\/\",\"url\":\"https:\/\/www.librairieclavreuil.com\/wp-content\/uploads\/2021\/06\/cropped-LOGO_PNG_DATE-_gold-512x512-1.png\",\"contentUrl\":\"https:\/\/www.librairieclavreuil.com\/wp-content\/uploads\/2021\/06\/cropped-LOGO_PNG_DATE-_gold-512x512-1.png\",\"width\":512,\"height\":512,\"caption\":\"Libairie Clavreuil\"},\"image\":{\"@id\":\"https:\/\/www.librairieclavreuil.com\/#\/schema\/logo\/image\/\"},\"sameAs\":[\"https:\/\/www.instagram.com\/librairieclavreuil\/\"]}]}<\/script>\n<!-- \/ Yoast SEO plugin. -->","yoast_head_json":{"title":"FLAUBERT Gustave Bouvard et P\u00e9cuchet. Oeuvre posthume. - Libairie Clavreuil","robots":{"index":"index","follow":"follow","max-snippet":"max-snippet:-1","max-image-preview":"max-image-preview:large","max-video-preview":"max-video-preview:-1"},"canonical":"https:\/\/www.librairieclavreuil.com\/en\/flaubert-gustave-bouvard-et-pecuchet-oeuvre-posthume\/","og_locale":"en_US","og_type":"article","og_title":"FLAUBERT Gustave Bouvard et P\u00e9cuchet. Oeuvre posthume. - Libairie Clavreuil","og_description":"12mo (176 x 111 mm) of 2 unn.l., 400 pp. Green half-chagrin, spine with raised bands, combed edges (contemporary binding).","og_url":"https:\/\/www.librairieclavreuil.com\/en\/flaubert-gustave-bouvard-et-pecuchet-oeuvre-posthume\/","og_site_name":"Libairie Clavreuil","article_modified_time":"2025-04-12T13:17:50+00:00","og_image":[{"width":760,"height":800,"url":"https:\/\/www.librairieclavreuil.com\/wp-content\/uploads\/2024\/09\/gustave-flaubert-bouvard-et-pecuchet-oeuvre-posthume-8029-66e557c2a23f2.jpg","type":"image\/jpeg"}],"twitter_card":"summary_large_image","twitter_misc":{"Est. reading time":"1 minute"},"schema":{"@context":"https:\/\/schema.org","@graph":[{"@type":"WebPage","@id":"https:\/\/www.librairieclavreuil.com\/en\/flaubert-gustave-bouvard-et-pecuchet-oeuvre-posthume\/","url":"https:\/\/www.librairieclavreuil.com\/en\/flaubert-gustave-bouvard-et-pecuchet-oeuvre-posthume\/","name":"FLAUBERT Gustave Bouvard et P\u00e9cuchet. Oeuvre posthume. - Libairie Clavreuil","isPartOf":{"@id":"https:\/\/www.librairieclavreuil.com\/#website"},"primaryImageOfPage":{"@id":"https:\/\/www.librairieclavreuil.com\/en\/flaubert-gustave-bouvard-et-pecuchet-oeuvre-posthume\/#primaryimage"},"image":{"@id":"https:\/\/www.librairieclavreuil.com\/en\/flaubert-gustave-bouvard-et-pecuchet-oeuvre-posthume\/#primaryimage"},"thumbnailUrl":"https:\/\/www.librairieclavreuil.com\/wp-content\/uploads\/2024\/09\/gustave-flaubert-bouvard-et-pecuchet-oeuvre-posthume-8029-66e557c2a23f2.jpg","datePublished":"2024-09-14T09:32:06+00:00","dateModified":"2025-04-12T13:17:50+00:00","breadcrumb":{"@id":"https:\/\/www.librairieclavreuil.com\/en\/flaubert-gustave-bouvard-et-pecuchet-oeuvre-posthume\/#breadcrumb"},"inLanguage":"en-US","potentialAction":[{"@type":"ReadAction","target":["https:\/\/www.librairieclavreuil.com\/en\/flaubert-gustave-bouvard-et-pecuchet-oeuvre-posthume\/"]}]},{"@type":"ImageObject","inLanguage":"en-US","@id":"https:\/\/www.librairieclavreuil.com\/en\/flaubert-gustave-bouvard-et-pecuchet-oeuvre-posthume\/#primaryimage","url":"https:\/\/www.librairieclavreuil.com\/wp-content\/uploads\/2024\/09\/gustave-flaubert-bouvard-et-pecuchet-oeuvre-posthume-8029-66e557c2a23f2.jpg","contentUrl":"https:\/\/www.librairieclavreuil.com\/wp-content\/uploads\/2024\/09\/gustave-flaubert-bouvard-et-pecuchet-oeuvre-posthume-8029-66e557c2a23f2.jpg","width":760,"height":800},{"@type":"BreadcrumbList","@id":"https:\/\/www.librairieclavreuil.com\/en\/flaubert-gustave-bouvard-et-pecuchet-oeuvre-posthume\/#breadcrumb","itemListElement":[{"@type":"ListItem","position":1,"name":"Accueil","item":"https:\/\/www.librairieclavreuil.com\/"},{"@type":"ListItem","position":2,"name":"All our books","item":"https:\/\/www.librairieclavreuil.com\/en\/all-our-books\/"},{"@type":"ListItem","position":3,"name":"FLAUBERT Gustave Bouvard et P\u00e9cuchet. Oeuvre posthume."}]},{"@type":"WebSite","@id":"https:\/\/www.librairieclavreuil.com\/#website","url":"https:\/\/www.librairieclavreuil.com\/","name":"Libairie Clavreuil","description":"Livres anciens, manuscrits rares et \u00e9ditions originales \u2013 Librairie Clavreuil","publisher":{"@id":"https:\/\/www.librairieclavreuil.com\/#organization"},"potentialAction":[{"@type":"SearchAction","target":{"@type":"EntryPoint","urlTemplate":"https:\/\/www.librairieclavreuil.com\/?s={search_term_string}"},"query-input":{"@type":"PropertyValueSpecification","valueRequired":true,"valueName":"search_term_string"}}],"inLanguage":"en-US"},{"@type":"Organization","@id":"https:\/\/www.librairieclavreuil.com\/#organization","name":"Libairie Clavreuil","url":"https:\/\/www.librairieclavreuil.com\/","logo":{"@type":"ImageObject","inLanguage":"en-US","@id":"https:\/\/www.librairieclavreuil.com\/#\/schema\/logo\/image\/","url":"https:\/\/www.librairieclavreuil.com\/wp-content\/uploads\/2021\/06\/cropped-LOGO_PNG_DATE-_gold-512x512-1.png","contentUrl":"https:\/\/www.librairieclavreuil.com\/wp-content\/uploads\/2021\/06\/cropped-LOGO_PNG_DATE-_gold-512x512-1.png","width":512,"height":512,"caption":"Libairie Clavreuil"},"image":{"@id":"https:\/\/www.librairieclavreuil.com\/#\/schema\/logo\/image\/"},"sameAs":["https:\/\/www.instagram.com\/librairieclavreuil\/"]}]}},"jetpack_sharing_enabled":true,"_links":{"self":[{"href":"https:\/\/www.librairieclavreuil.com\/en\/wp-json\/wp\/v2\/product\/81533","targetHints":{"allow":["GET"]}}],"collection":[{"href":"https:\/\/www.librairieclavreuil.com\/en\/wp-json\/wp\/v2\/product"}],"about":[{"href":"https:\/\/www.librairieclavreuil.com\/en\/wp-json\/wp\/v2\/types\/product"}],"replies":[{"embeddable":true,"href":"https:\/\/www.librairieclavreuil.com\/en\/wp-json\/wp\/v2\/comments?post=81533"}],"wp:featuredmedia":[{"embeddable":true,"href":"https:\/\/www.librairieclavreuil.com\/en\/wp-json\/wp\/v2\/media\/81526"}],"wp:attachment":[{"href":"https:\/\/www.librairieclavreuil.com\/en\/wp-json\/wp\/v2\/media?parent=81533"}],"wp:term":[{"taxonomy":"product_brand","embeddable":true,"href":"https:\/\/www.librairieclavreuil.com\/en\/wp-json\/wp\/v2\/product_brand?post=81533"},{"taxonomy":"product_cat","embeddable":true,"href":"https:\/\/www.librairieclavreuil.com\/en\/wp-json\/wp\/v2\/product_cat?post=81533"},{"taxonomy":"product_tag","embeddable":true,"href":"https:\/\/www.librairieclavreuil.com\/en\/wp-json\/wp\/v2\/product_tag?post=81533"}],"curies":[{"name":"wp","href":"https:\/\/api.w.org\/{rel}","templated":true}]}}