{"id":81491,"date":"2024-09-05T15:24:42","date_gmt":"2024-09-05T13:24:42","guid":{"rendered":"https:\/\/www.librairieclavreuil.com\/carnot-lazare-nicolas-marguerite-reflexions-sur-la-metaphysique-du-calcul-infinitesimal\/"},"modified":"2024-09-05T15:24:57","modified_gmt":"2024-09-05T13:24:57","slug":"carnot-lazare-nicolas-marguerite-reflexions-sur-la-metaphysique-du-calcul-infinitesimal","status":"publish","type":"product","link":"https:\/\/www.librairieclavreuil.com\/en\/carnot-lazare-nicolas-marguerite-reflexions-sur-la-metaphysique-du-calcul-infinitesimal\/","title":{"rendered":"CARNOT Lazare-Nicolas-Marguerite R\u00e9flexions sur la m\u00e9taphysique du calcul..."},"content":{"rendered":"<p style=\"text-align:justify\"><i>DSB, III, 75-76.<\/i><\/p>\n<p style=\"text-align:justify\"><span style=\"font-variant:small-caps\">First edition <\/span>of Carnot&#8217;s classic explanation of the genious of the infinitesimal calculus; this was a very popular book which went through six editions in French in over 100 years and was translated into English, Italian, Russian, Portuguese, and German.<\/p>\n<p style=\"text-align:justify\"><span>&#8220;His <i>R\u00e9flexions sur la m\u00e9taphysique du calcul infinit\u00e9simal<\/i>, first published in 1797 while he was still in political office as director, &#8230; frankly acknowledged the difficulties that infinitesimal analysis raises for common sense and although it was reserved to the reforms initiated by Cauchy, Bolzano and Gauss to put the calculus on a rigorous footing, Carnot&#8217;s justification evidently answered for well over a century to the needs of a public that wished to understand its own use of the calculus. The genious of the infinitesimal calculus, in Carnot&#8217;s account, lay in its capacity to compensate in its own procedures for errors that it deliberately admitted into the process of computation for the purpose of facilitating a solution&#8230; The art of infinitesimal calculus, therefore, consisted in transforming insoluble or difficult complete equations into manageable incomplete equations and then managing the calculation so as to eliminate all non designated quantities from the result. Their absence proved its correctness&#8221; (DSB).<\/span><\/p>\n<p style=\"text-align:justify\"><span>Fine copy.<\/span><\/p>\n","protected":false},"excerpt":{"rendered":"<p>8vo (202 x 123 mm) 80 pp., 1 engraved folding plate. Contemporary green half-vellum over speckled boards, speckled edges.<\/p>\n","protected":false},"featured_media":81484,"comment_status":"open","ping_status":"closed","template":"","meta":{"_acf_changed":false},"product_brand":[],"product_cat":[550],"product_tag":[947,1450,1330,1335],"class_list":{"0":"post-81491","1":"product","2":"type-product","3":"status-publish","4":"has-post-thumbnail","6":"product_cat-science","7":"product_tag-algebra","8":"product_tag-first-edition","9":"product_tag-mathematics","10":"product_tag-physics","11":"pa_auteur-carnot-lazare-nicolas-marguerite-2","12":"pa_type-de-livre-printed-book","14":"first","15":"instock","16":"shipping-taxable","17":"purchasable","18":"product-type-simple"},"acf":{"artist":"Lazare-Nicolas-Marguerite CARNOT","chapeau":"","adresse_bibliographique":"Paris, Chez Duprat, 1797 - An V","book_type":"Printed book","provenance":"","afficher_prix":""},"yoast_head":"<!-- This site is optimized with the Yoast SEO plugin v24.7 - https:\/\/yoast.com\/wordpress\/plugins\/seo\/ -->\n<title>CARNOT Lazare-Nicolas-Marguerite R\u00e9flexions sur la m\u00e9taphysique du calcul infinit\u00e9simal. - Libairie Clavreuil<\/title>\n<meta name=\"robots\" content=\"index, follow, max-snippet:-1, max-image-preview:large, max-video-preview:-1\" \/>\n<link rel=\"canonical\" href=\"https:\/\/www.librairieclavreuil.com\/en\/carnot-lazare-nicolas-marguerite-reflexions-sur-la-metaphysique-du-calcul-infinitesimal\/\" \/>\n<meta property=\"og:locale\" content=\"en_US\" \/>\n<meta property=\"og:type\" content=\"article\" \/>\n<meta property=\"og:title\" content=\"CARNOT Lazare-Nicolas-Marguerite R\u00e9flexions sur la m\u00e9taphysique du calcul infinit\u00e9simal. - Libairie Clavreuil\" \/>\n<meta property=\"og:description\" content=\"8vo (202 x 123 mm) 80 pp., 1 engraved folding plate. Contemporary green half-vellum over speckled boards, speckled edges.\" \/>\n<meta property=\"og:url\" content=\"https:\/\/www.librairieclavreuil.com\/en\/carnot-lazare-nicolas-marguerite-reflexions-sur-la-metaphysique-du-calcul-infinitesimal\/\" \/>\n<meta property=\"og:site_name\" content=\"Libairie Clavreuil\" \/>\n<meta property=\"article:modified_time\" content=\"2024-09-05T13:24:57+00:00\" \/>\n<meta property=\"og:image\" content=\"https:\/\/www.librairieclavreuil.com\/wp-content\/uploads\/2024\/09\/lazare-nicolas-marguerite-carnot-reflexions-sur-la-metaphysique-du-calcul-infinitesimal-9544-66d9b0e8bb479.jpg\" \/>\n\t<meta property=\"og:image:width\" content=\"800\" \/>\n\t<meta property=\"og:image:height\" content=\"622\" \/>\n\t<meta property=\"og:image:type\" content=\"image\/jpeg\" \/>\n<meta name=\"twitter:card\" content=\"summary_large_image\" \/>\n<meta name=\"twitter:label1\" content=\"Est. reading time\" \/>\n\t<meta name=\"twitter:data1\" content=\"1 minute\" \/>\n<script type=\"application\/ld+json\" class=\"yoast-schema-graph\">{\"@context\":\"https:\/\/schema.org\",\"@graph\":[{\"@type\":\"WebPage\",\"@id\":\"https:\/\/www.librairieclavreuil.com\/en\/carnot-lazare-nicolas-marguerite-reflexions-sur-la-metaphysique-du-calcul-infinitesimal\/\",\"url\":\"https:\/\/www.librairieclavreuil.com\/en\/carnot-lazare-nicolas-marguerite-reflexions-sur-la-metaphysique-du-calcul-infinitesimal\/\",\"name\":\"CARNOT Lazare-Nicolas-Marguerite R\u00e9flexions sur la m\u00e9taphysique du calcul infinit\u00e9simal. - Libairie Clavreuil\",\"isPartOf\":{\"@id\":\"https:\/\/www.librairieclavreuil.com\/#website\"},\"primaryImageOfPage\":{\"@id\":\"https:\/\/www.librairieclavreuil.com\/en\/carnot-lazare-nicolas-marguerite-reflexions-sur-la-metaphysique-du-calcul-infinitesimal\/#primaryimage\"},\"image\":{\"@id\":\"https:\/\/www.librairieclavreuil.com\/en\/carnot-lazare-nicolas-marguerite-reflexions-sur-la-metaphysique-du-calcul-infinitesimal\/#primaryimage\"},\"thumbnailUrl\":\"https:\/\/www.librairieclavreuil.com\/wp-content\/uploads\/2024\/09\/lazare-nicolas-marguerite-carnot-reflexions-sur-la-metaphysique-du-calcul-infinitesimal-9544-66d9b0e8bb479.jpg\",\"datePublished\":\"2024-09-05T13:24:42+00:00\",\"dateModified\":\"2024-09-05T13:24:57+00:00\",\"breadcrumb\":{\"@id\":\"https:\/\/www.librairieclavreuil.com\/en\/carnot-lazare-nicolas-marguerite-reflexions-sur-la-metaphysique-du-calcul-infinitesimal\/#breadcrumb\"},\"inLanguage\":\"en-US\",\"potentialAction\":[{\"@type\":\"ReadAction\",\"target\":[\"https:\/\/www.librairieclavreuil.com\/en\/carnot-lazare-nicolas-marguerite-reflexions-sur-la-metaphysique-du-calcul-infinitesimal\/\"]}]},{\"@type\":\"ImageObject\",\"inLanguage\":\"en-US\",\"@id\":\"https:\/\/www.librairieclavreuil.com\/en\/carnot-lazare-nicolas-marguerite-reflexions-sur-la-metaphysique-du-calcul-infinitesimal\/#primaryimage\",\"url\":\"https:\/\/www.librairieclavreuil.com\/wp-content\/uploads\/2024\/09\/lazare-nicolas-marguerite-carnot-reflexions-sur-la-metaphysique-du-calcul-infinitesimal-9544-66d9b0e8bb479.jpg\",\"contentUrl\":\"https:\/\/www.librairieclavreuil.com\/wp-content\/uploads\/2024\/09\/lazare-nicolas-marguerite-carnot-reflexions-sur-la-metaphysique-du-calcul-infinitesimal-9544-66d9b0e8bb479.jpg\",\"width\":800,\"height\":622},{\"@type\":\"BreadcrumbList\",\"@id\":\"https:\/\/www.librairieclavreuil.com\/en\/carnot-lazare-nicolas-marguerite-reflexions-sur-la-metaphysique-du-calcul-infinitesimal\/#breadcrumb\",\"itemListElement\":[{\"@type\":\"ListItem\",\"position\":1,\"name\":\"Accueil\",\"item\":\"https:\/\/www.librairieclavreuil.com\/\"},{\"@type\":\"ListItem\",\"position\":2,\"name\":\"All our books\",\"item\":\"https:\/\/www.librairieclavreuil.com\/en\/all-our-books\/\"},{\"@type\":\"ListItem\",\"position\":3,\"name\":\"CARNOT Lazare-Nicolas-Marguerite R\u00e9flexions sur la m\u00e9taphysique du calcul infinit\u00e9simal.\"}]},{\"@type\":\"WebSite\",\"@id\":\"https:\/\/www.librairieclavreuil.com\/#website\",\"url\":\"https:\/\/www.librairieclavreuil.com\/\",\"name\":\"Libairie Clavreuil\",\"description\":\"Livres anciens, manuscrits rares et \u00e9ditions originales \u2013 Librairie Clavreuil\",\"publisher\":{\"@id\":\"https:\/\/www.librairieclavreuil.com\/#organization\"},\"potentialAction\":[{\"@type\":\"SearchAction\",\"target\":{\"@type\":\"EntryPoint\",\"urlTemplate\":\"https:\/\/www.librairieclavreuil.com\/?s={search_term_string}\"},\"query-input\":{\"@type\":\"PropertyValueSpecification\",\"valueRequired\":true,\"valueName\":\"search_term_string\"}}],\"inLanguage\":\"en-US\"},{\"@type\":\"Organization\",\"@id\":\"https:\/\/www.librairieclavreuil.com\/#organization\",\"name\":\"Libairie Clavreuil\",\"url\":\"https:\/\/www.librairieclavreuil.com\/\",\"logo\":{\"@type\":\"ImageObject\",\"inLanguage\":\"en-US\",\"@id\":\"https:\/\/www.librairieclavreuil.com\/#\/schema\/logo\/image\/\",\"url\":\"https:\/\/www.librairieclavreuil.com\/wp-content\/uploads\/2021\/06\/cropped-LOGO_PNG_DATE-_gold-512x512-1.png\",\"contentUrl\":\"https:\/\/www.librairieclavreuil.com\/wp-content\/uploads\/2021\/06\/cropped-LOGO_PNG_DATE-_gold-512x512-1.png\",\"width\":512,\"height\":512,\"caption\":\"Libairie Clavreuil\"},\"image\":{\"@id\":\"https:\/\/www.librairieclavreuil.com\/#\/schema\/logo\/image\/\"},\"sameAs\":[\"https:\/\/www.instagram.com\/librairieclavreuil\/\"]}]}<\/script>\n<!-- \/ Yoast SEO plugin. -->","yoast_head_json":{"title":"CARNOT Lazare-Nicolas-Marguerite R\u00e9flexions sur la m\u00e9taphysique du calcul infinit\u00e9simal. - Libairie Clavreuil","robots":{"index":"index","follow":"follow","max-snippet":"max-snippet:-1","max-image-preview":"max-image-preview:large","max-video-preview":"max-video-preview:-1"},"canonical":"https:\/\/www.librairieclavreuil.com\/en\/carnot-lazare-nicolas-marguerite-reflexions-sur-la-metaphysique-du-calcul-infinitesimal\/","og_locale":"en_US","og_type":"article","og_title":"CARNOT Lazare-Nicolas-Marguerite R\u00e9flexions sur la m\u00e9taphysique du calcul infinit\u00e9simal. - Libairie Clavreuil","og_description":"8vo (202 x 123 mm) 80 pp., 1 engraved folding plate. Contemporary green half-vellum over speckled boards, speckled edges.","og_url":"https:\/\/www.librairieclavreuil.com\/en\/carnot-lazare-nicolas-marguerite-reflexions-sur-la-metaphysique-du-calcul-infinitesimal\/","og_site_name":"Libairie Clavreuil","article_modified_time":"2024-09-05T13:24:57+00:00","og_image":[{"width":800,"height":622,"url":"https:\/\/www.librairieclavreuil.com\/wp-content\/uploads\/2024\/09\/lazare-nicolas-marguerite-carnot-reflexions-sur-la-metaphysique-du-calcul-infinitesimal-9544-66d9b0e8bb479.jpg","type":"image\/jpeg"}],"twitter_card":"summary_large_image","twitter_misc":{"Est. reading time":"1 minute"},"schema":{"@context":"https:\/\/schema.org","@graph":[{"@type":"WebPage","@id":"https:\/\/www.librairieclavreuil.com\/en\/carnot-lazare-nicolas-marguerite-reflexions-sur-la-metaphysique-du-calcul-infinitesimal\/","url":"https:\/\/www.librairieclavreuil.com\/en\/carnot-lazare-nicolas-marguerite-reflexions-sur-la-metaphysique-du-calcul-infinitesimal\/","name":"CARNOT Lazare-Nicolas-Marguerite R\u00e9flexions sur la m\u00e9taphysique du calcul infinit\u00e9simal. - Libairie Clavreuil","isPartOf":{"@id":"https:\/\/www.librairieclavreuil.com\/#website"},"primaryImageOfPage":{"@id":"https:\/\/www.librairieclavreuil.com\/en\/carnot-lazare-nicolas-marguerite-reflexions-sur-la-metaphysique-du-calcul-infinitesimal\/#primaryimage"},"image":{"@id":"https:\/\/www.librairieclavreuil.com\/en\/carnot-lazare-nicolas-marguerite-reflexions-sur-la-metaphysique-du-calcul-infinitesimal\/#primaryimage"},"thumbnailUrl":"https:\/\/www.librairieclavreuil.com\/wp-content\/uploads\/2024\/09\/lazare-nicolas-marguerite-carnot-reflexions-sur-la-metaphysique-du-calcul-infinitesimal-9544-66d9b0e8bb479.jpg","datePublished":"2024-09-05T13:24:42+00:00","dateModified":"2024-09-05T13:24:57+00:00","breadcrumb":{"@id":"https:\/\/www.librairieclavreuil.com\/en\/carnot-lazare-nicolas-marguerite-reflexions-sur-la-metaphysique-du-calcul-infinitesimal\/#breadcrumb"},"inLanguage":"en-US","potentialAction":[{"@type":"ReadAction","target":["https:\/\/www.librairieclavreuil.com\/en\/carnot-lazare-nicolas-marguerite-reflexions-sur-la-metaphysique-du-calcul-infinitesimal\/"]}]},{"@type":"ImageObject","inLanguage":"en-US","@id":"https:\/\/www.librairieclavreuil.com\/en\/carnot-lazare-nicolas-marguerite-reflexions-sur-la-metaphysique-du-calcul-infinitesimal\/#primaryimage","url":"https:\/\/www.librairieclavreuil.com\/wp-content\/uploads\/2024\/09\/lazare-nicolas-marguerite-carnot-reflexions-sur-la-metaphysique-du-calcul-infinitesimal-9544-66d9b0e8bb479.jpg","contentUrl":"https:\/\/www.librairieclavreuil.com\/wp-content\/uploads\/2024\/09\/lazare-nicolas-marguerite-carnot-reflexions-sur-la-metaphysique-du-calcul-infinitesimal-9544-66d9b0e8bb479.jpg","width":800,"height":622},{"@type":"BreadcrumbList","@id":"https:\/\/www.librairieclavreuil.com\/en\/carnot-lazare-nicolas-marguerite-reflexions-sur-la-metaphysique-du-calcul-infinitesimal\/#breadcrumb","itemListElement":[{"@type":"ListItem","position":1,"name":"Accueil","item":"https:\/\/www.librairieclavreuil.com\/"},{"@type":"ListItem","position":2,"name":"All our books","item":"https:\/\/www.librairieclavreuil.com\/en\/all-our-books\/"},{"@type":"ListItem","position":3,"name":"CARNOT Lazare-Nicolas-Marguerite R\u00e9flexions sur la m\u00e9taphysique du calcul infinit\u00e9simal."}]},{"@type":"WebSite","@id":"https:\/\/www.librairieclavreuil.com\/#website","url":"https:\/\/www.librairieclavreuil.com\/","name":"Libairie Clavreuil","description":"Livres anciens, manuscrits rares et \u00e9ditions originales \u2013 Librairie Clavreuil","publisher":{"@id":"https:\/\/www.librairieclavreuil.com\/#organization"},"potentialAction":[{"@type":"SearchAction","target":{"@type":"EntryPoint","urlTemplate":"https:\/\/www.librairieclavreuil.com\/?s={search_term_string}"},"query-input":{"@type":"PropertyValueSpecification","valueRequired":true,"valueName":"search_term_string"}}],"inLanguage":"en-US"},{"@type":"Organization","@id":"https:\/\/www.librairieclavreuil.com\/#organization","name":"Libairie Clavreuil","url":"https:\/\/www.librairieclavreuil.com\/","logo":{"@type":"ImageObject","inLanguage":"en-US","@id":"https:\/\/www.librairieclavreuil.com\/#\/schema\/logo\/image\/","url":"https:\/\/www.librairieclavreuil.com\/wp-content\/uploads\/2021\/06\/cropped-LOGO_PNG_DATE-_gold-512x512-1.png","contentUrl":"https:\/\/www.librairieclavreuil.com\/wp-content\/uploads\/2021\/06\/cropped-LOGO_PNG_DATE-_gold-512x512-1.png","width":512,"height":512,"caption":"Libairie Clavreuil"},"image":{"@id":"https:\/\/www.librairieclavreuil.com\/#\/schema\/logo\/image\/"},"sameAs":["https:\/\/www.instagram.com\/librairieclavreuil\/"]}]}},"jetpack_sharing_enabled":true,"_links":{"self":[{"href":"https:\/\/www.librairieclavreuil.com\/en\/wp-json\/wp\/v2\/product\/81491","targetHints":{"allow":["GET"]}}],"collection":[{"href":"https:\/\/www.librairieclavreuil.com\/en\/wp-json\/wp\/v2\/product"}],"about":[{"href":"https:\/\/www.librairieclavreuil.com\/en\/wp-json\/wp\/v2\/types\/product"}],"replies":[{"embeddable":true,"href":"https:\/\/www.librairieclavreuil.com\/en\/wp-json\/wp\/v2\/comments?post=81491"}],"wp:featuredmedia":[{"embeddable":true,"href":"https:\/\/www.librairieclavreuil.com\/en\/wp-json\/wp\/v2\/media\/81484"}],"wp:attachment":[{"href":"https:\/\/www.librairieclavreuil.com\/en\/wp-json\/wp\/v2\/media?parent=81491"}],"wp:term":[{"taxonomy":"product_brand","embeddable":true,"href":"https:\/\/www.librairieclavreuil.com\/en\/wp-json\/wp\/v2\/product_brand?post=81491"},{"taxonomy":"product_cat","embeddable":true,"href":"https:\/\/www.librairieclavreuil.com\/en\/wp-json\/wp\/v2\/product_cat?post=81491"},{"taxonomy":"product_tag","embeddable":true,"href":"https:\/\/www.librairieclavreuil.com\/en\/wp-json\/wp\/v2\/product_tag?post=81491"}],"curies":[{"name":"wp","href":"https:\/\/api.w.org\/{rel}","templated":true}]}}