{"id":81386,"date":"2024-08-29T17:53:29","date_gmt":"2024-08-29T15:53:29","guid":{"rendered":"https:\/\/www.librairieclavreuil.com\/armand-histoire-des-amours-et-des-infortunes-dabelard-et-deloise-mise-en-vers-satiri-comi-burlesques\/"},"modified":"2024-08-29T17:53:41","modified_gmt":"2024-08-29T15:53:41","slug":"armand-histoire-des-amours-et-des-infortunes-dabelard-et-deloise-mise-en-vers-satiri-comi-burlesques","status":"publish","type":"product","link":"https:\/\/www.librairieclavreuil.com\/en\/armand-histoire-des-amours-et-des-infortunes-dabelard-et-deloise-mise-en-vers-satiri-comi-burlesques\/","title":{"rendered":"ARMAND Histoire des Amours et des Infortunes d&#8217;Ab\u00e9lard..."},"content":{"rendered":"<p><i>Comte d&#8217;I, II, 537 (&#8220;avec une figure qui manque souvent&#8221;); Nodier, Description raisonn\u00e9e d&#8217;une jolie collection de livres n\u00b0485 (sans la figure).<\/i><\/p>\n<p>First \u00e9dition.<\/p>\n<p>&#8220;Po\u00e8me burlesque d&#8217;un go\u00fbt fort cynique. Les deux pi\u00e8ces finales dont la premi\u00e8re contient une satire [contre Madame Dunoyer] de la plus outrageante grossi\u00e8ret\u00e9 ne se trouvent que dans un petit nombre d&#8217;exemplaires&#8221; (Nodier).<\/p>\n<p>&#8220;Les gens du caract\u00e8re d\u00e9testable dont on vient de parler, ne manqueront pas \u00e0 la lecture de cette nouvelle Histoire, de traiter son Auteur de libertin, de d\u00e9bauch\u00e9&#8230;&#8221; (Pr\u00e9face).<\/p>\n<p>Certainly the first book by the comedian Fran\u00e7ois Huguet, known as Armand, who was born in Richelieu in Touraine and composed numerous plays, entertainments and vaudevilles. The 36 pages at the end bear the title : Avanture Tragi-comique arriv\u00e9 sur le Mont-Parnasse au commencement de l&#8217;ann\u00e9e 1715&#8230;<\/p>\n<p>A fine copy, as in the Nodier copy, the plate is missing.<\/p>\n<p>Stamp A.J. Leclercq on the title.<\/p>\n","protected":false},"excerpt":{"rendered":"<p>12mo (152 x 94 mm) 6 nn.ll., 163, 36 pp. 19th century red morocco by Behrends, triple gilt filet on covers, spine gilt with raised bands, gilt inner decorative border, green silk endpapers, gilt edges.<\/p>\n","protected":false},"featured_media":81381,"comment_status":"open","ping_status":"closed","template":"","meta":{"_acf_changed":false},"product_brand":[],"product_cat":[544],"product_tag":[1245,1450],"class_list":{"0":"post-81386","1":"product","2":"type-product","3":"status-publish","4":"has-post-thumbnail","6":"product_cat-literature","7":"product_tag-18th-century-literature","8":"product_tag-first-edition","9":"pa_auteur-armand-2","10":"pa_type-de-livre-printed-book","12":"first","13":"instock","14":"shipping-taxable","15":"purchasable","16":"product-type-simple"},"acf":{"artist":" ARMAND","chapeau":"","adresse_bibliographique":"Cologne, Pierre Marteau, 1724","book_type":"Printed book","provenance":"","afficher_prix":""},"yoast_head":"<!-- This site is optimized with the Yoast SEO plugin v24.7 - https:\/\/yoast.com\/wordpress\/plugins\/seo\/ -->\n<title>ARMAND  Histoire des Amours et des Infortunes d&#039;Ab\u00e9lard et d&#039;Eloise, Mise en vers satiri-comi-burlesques. - Libairie Clavreuil<\/title>\n<meta name=\"robots\" content=\"index, follow, max-snippet:-1, max-image-preview:large, max-video-preview:-1\" \/>\n<link rel=\"canonical\" href=\"https:\/\/www.librairieclavreuil.com\/en\/armand-histoire-des-amours-et-des-infortunes-dabelard-et-deloise-mise-en-vers-satiri-comi-burlesques\/\" \/>\n<meta property=\"og:locale\" content=\"en_US\" \/>\n<meta property=\"og:type\" content=\"article\" \/>\n<meta property=\"og:title\" content=\"ARMAND  Histoire des Amours et des Infortunes d&#039;Ab\u00e9lard et d&#039;Eloise, Mise en vers satiri-comi-burlesques. - Libairie Clavreuil\" \/>\n<meta property=\"og:description\" content=\"12mo (152 x 94 mm) 6 nn.ll., 163, 36 pp. 19th century red morocco by Behrends, triple gilt filet on covers, spine gilt with raised bands, gilt inner decorative border, green silk endpapers, gilt edges.\" \/>\n<meta property=\"og:url\" content=\"https:\/\/www.librairieclavreuil.com\/en\/armand-histoire-des-amours-et-des-infortunes-dabelard-et-deloise-mise-en-vers-satiri-comi-burlesques\/\" \/>\n<meta property=\"og:site_name\" content=\"Libairie Clavreuil\" \/>\n<meta property=\"article:modified_time\" content=\"2024-08-29T15:53:41+00:00\" \/>\n<meta property=\"og:image\" content=\"https:\/\/www.librairieclavreuil.com\/wp-content\/uploads\/2024\/08\/armand-histoire-des-amours-et-des-infortunes-d-abelard-et-d-eloise-mise-en-vers-satiri-comi-burlesques-3561-6601ac0e6cb78.jpg\" \/>\n\t<meta property=\"og:image:width\" content=\"513\" \/>\n\t<meta property=\"og:image:height\" content=\"800\" \/>\n\t<meta property=\"og:image:type\" content=\"image\/jpeg\" \/>\n<meta name=\"twitter:card\" content=\"summary_large_image\" \/>\n<meta name=\"twitter:label1\" content=\"Est. reading time\" \/>\n\t<meta name=\"twitter:data1\" content=\"1 minute\" \/>\n<script type=\"application\/ld+json\" class=\"yoast-schema-graph\">{\"@context\":\"https:\/\/schema.org\",\"@graph\":[{\"@type\":\"WebPage\",\"@id\":\"https:\/\/www.librairieclavreuil.com\/en\/armand-histoire-des-amours-et-des-infortunes-dabelard-et-deloise-mise-en-vers-satiri-comi-burlesques\/\",\"url\":\"https:\/\/www.librairieclavreuil.com\/en\/armand-histoire-des-amours-et-des-infortunes-dabelard-et-deloise-mise-en-vers-satiri-comi-burlesques\/\",\"name\":\"ARMAND Histoire des Amours et des Infortunes d'Ab\u00e9lard et d'Eloise, Mise en vers satiri-comi-burlesques. - Libairie Clavreuil\",\"isPartOf\":{\"@id\":\"https:\/\/www.librairieclavreuil.com\/#website\"},\"primaryImageOfPage\":{\"@id\":\"https:\/\/www.librairieclavreuil.com\/en\/armand-histoire-des-amours-et-des-infortunes-dabelard-et-deloise-mise-en-vers-satiri-comi-burlesques\/#primaryimage\"},\"image\":{\"@id\":\"https:\/\/www.librairieclavreuil.com\/en\/armand-histoire-des-amours-et-des-infortunes-dabelard-et-deloise-mise-en-vers-satiri-comi-burlesques\/#primaryimage\"},\"thumbnailUrl\":\"https:\/\/www.librairieclavreuil.com\/wp-content\/uploads\/2024\/08\/armand-histoire-des-amours-et-des-infortunes-d-abelard-et-d-eloise-mise-en-vers-satiri-comi-burlesques-3561-6601ac0e6cb78.jpg\",\"datePublished\":\"2024-08-29T15:53:29+00:00\",\"dateModified\":\"2024-08-29T15:53:41+00:00\",\"breadcrumb\":{\"@id\":\"https:\/\/www.librairieclavreuil.com\/en\/armand-histoire-des-amours-et-des-infortunes-dabelard-et-deloise-mise-en-vers-satiri-comi-burlesques\/#breadcrumb\"},\"inLanguage\":\"en-US\",\"potentialAction\":[{\"@type\":\"ReadAction\",\"target\":[\"https:\/\/www.librairieclavreuil.com\/en\/armand-histoire-des-amours-et-des-infortunes-dabelard-et-deloise-mise-en-vers-satiri-comi-burlesques\/\"]}]},{\"@type\":\"ImageObject\",\"inLanguage\":\"en-US\",\"@id\":\"https:\/\/www.librairieclavreuil.com\/en\/armand-histoire-des-amours-et-des-infortunes-dabelard-et-deloise-mise-en-vers-satiri-comi-burlesques\/#primaryimage\",\"url\":\"https:\/\/www.librairieclavreuil.com\/wp-content\/uploads\/2024\/08\/armand-histoire-des-amours-et-des-infortunes-d-abelard-et-d-eloise-mise-en-vers-satiri-comi-burlesques-3561-6601ac0e6cb78.jpg\",\"contentUrl\":\"https:\/\/www.librairieclavreuil.com\/wp-content\/uploads\/2024\/08\/armand-histoire-des-amours-et-des-infortunes-d-abelard-et-d-eloise-mise-en-vers-satiri-comi-burlesques-3561-6601ac0e6cb78.jpg\",\"width\":513,\"height\":800},{\"@type\":\"BreadcrumbList\",\"@id\":\"https:\/\/www.librairieclavreuil.com\/en\/armand-histoire-des-amours-et-des-infortunes-dabelard-et-deloise-mise-en-vers-satiri-comi-burlesques\/#breadcrumb\",\"itemListElement\":[{\"@type\":\"ListItem\",\"position\":1,\"name\":\"Accueil\",\"item\":\"https:\/\/www.librairieclavreuil.com\/\"},{\"@type\":\"ListItem\",\"position\":2,\"name\":\"All our books\",\"item\":\"https:\/\/www.librairieclavreuil.com\/en\/all-our-books\/\"},{\"@type\":\"ListItem\",\"position\":3,\"name\":\"ARMAND Histoire des Amours et des Infortunes d&#8217;Ab\u00e9lard et d&#8217;Eloise, Mise en vers satiri-comi-burlesques.\"}]},{\"@type\":\"WebSite\",\"@id\":\"https:\/\/www.librairieclavreuil.com\/#website\",\"url\":\"https:\/\/www.librairieclavreuil.com\/\",\"name\":\"Libairie Clavreuil\",\"description\":\"Livres anciens, manuscrits rares et \u00e9ditions originales \u2013 Librairie Clavreuil\",\"publisher\":{\"@id\":\"https:\/\/www.librairieclavreuil.com\/#organization\"},\"potentialAction\":[{\"@type\":\"SearchAction\",\"target\":{\"@type\":\"EntryPoint\",\"urlTemplate\":\"https:\/\/www.librairieclavreuil.com\/?s={search_term_string}\"},\"query-input\":{\"@type\":\"PropertyValueSpecification\",\"valueRequired\":true,\"valueName\":\"search_term_string\"}}],\"inLanguage\":\"en-US\"},{\"@type\":\"Organization\",\"@id\":\"https:\/\/www.librairieclavreuil.com\/#organization\",\"name\":\"Libairie Clavreuil\",\"url\":\"https:\/\/www.librairieclavreuil.com\/\",\"logo\":{\"@type\":\"ImageObject\",\"inLanguage\":\"en-US\",\"@id\":\"https:\/\/www.librairieclavreuil.com\/#\/schema\/logo\/image\/\",\"url\":\"https:\/\/www.librairieclavreuil.com\/wp-content\/uploads\/2021\/06\/cropped-LOGO_PNG_DATE-_gold-512x512-1.png\",\"contentUrl\":\"https:\/\/www.librairieclavreuil.com\/wp-content\/uploads\/2021\/06\/cropped-LOGO_PNG_DATE-_gold-512x512-1.png\",\"width\":512,\"height\":512,\"caption\":\"Libairie Clavreuil\"},\"image\":{\"@id\":\"https:\/\/www.librairieclavreuil.com\/#\/schema\/logo\/image\/\"},\"sameAs\":[\"https:\/\/www.instagram.com\/librairieclavreuil\/\"]}]}<\/script>\n<!-- \/ Yoast SEO plugin. -->","yoast_head_json":{"title":"ARMAND  Histoire des Amours et des Infortunes d'Ab\u00e9lard et d'Eloise, Mise en vers satiri-comi-burlesques. - Libairie Clavreuil","robots":{"index":"index","follow":"follow","max-snippet":"max-snippet:-1","max-image-preview":"max-image-preview:large","max-video-preview":"max-video-preview:-1"},"canonical":"https:\/\/www.librairieclavreuil.com\/en\/armand-histoire-des-amours-et-des-infortunes-dabelard-et-deloise-mise-en-vers-satiri-comi-burlesques\/","og_locale":"en_US","og_type":"article","og_title":"ARMAND  Histoire des Amours et des Infortunes d'Ab\u00e9lard et d'Eloise, Mise en vers satiri-comi-burlesques. - Libairie Clavreuil","og_description":"12mo (152 x 94 mm) 6 nn.ll., 163, 36 pp. 19th century red morocco by Behrends, triple gilt filet on covers, spine gilt with raised bands, gilt inner decorative border, green silk endpapers, gilt edges.","og_url":"https:\/\/www.librairieclavreuil.com\/en\/armand-histoire-des-amours-et-des-infortunes-dabelard-et-deloise-mise-en-vers-satiri-comi-burlesques\/","og_site_name":"Libairie Clavreuil","article_modified_time":"2024-08-29T15:53:41+00:00","og_image":[{"width":513,"height":800,"url":"https:\/\/www.librairieclavreuil.com\/wp-content\/uploads\/2024\/08\/armand-histoire-des-amours-et-des-infortunes-d-abelard-et-d-eloise-mise-en-vers-satiri-comi-burlesques-3561-6601ac0e6cb78.jpg","type":"image\/jpeg"}],"twitter_card":"summary_large_image","twitter_misc":{"Est. reading time":"1 minute"},"schema":{"@context":"https:\/\/schema.org","@graph":[{"@type":"WebPage","@id":"https:\/\/www.librairieclavreuil.com\/en\/armand-histoire-des-amours-et-des-infortunes-dabelard-et-deloise-mise-en-vers-satiri-comi-burlesques\/","url":"https:\/\/www.librairieclavreuil.com\/en\/armand-histoire-des-amours-et-des-infortunes-dabelard-et-deloise-mise-en-vers-satiri-comi-burlesques\/","name":"ARMAND Histoire des Amours et des Infortunes d'Ab\u00e9lard et d'Eloise, Mise en vers satiri-comi-burlesques. - Libairie Clavreuil","isPartOf":{"@id":"https:\/\/www.librairieclavreuil.com\/#website"},"primaryImageOfPage":{"@id":"https:\/\/www.librairieclavreuil.com\/en\/armand-histoire-des-amours-et-des-infortunes-dabelard-et-deloise-mise-en-vers-satiri-comi-burlesques\/#primaryimage"},"image":{"@id":"https:\/\/www.librairieclavreuil.com\/en\/armand-histoire-des-amours-et-des-infortunes-dabelard-et-deloise-mise-en-vers-satiri-comi-burlesques\/#primaryimage"},"thumbnailUrl":"https:\/\/www.librairieclavreuil.com\/wp-content\/uploads\/2024\/08\/armand-histoire-des-amours-et-des-infortunes-d-abelard-et-d-eloise-mise-en-vers-satiri-comi-burlesques-3561-6601ac0e6cb78.jpg","datePublished":"2024-08-29T15:53:29+00:00","dateModified":"2024-08-29T15:53:41+00:00","breadcrumb":{"@id":"https:\/\/www.librairieclavreuil.com\/en\/armand-histoire-des-amours-et-des-infortunes-dabelard-et-deloise-mise-en-vers-satiri-comi-burlesques\/#breadcrumb"},"inLanguage":"en-US","potentialAction":[{"@type":"ReadAction","target":["https:\/\/www.librairieclavreuil.com\/en\/armand-histoire-des-amours-et-des-infortunes-dabelard-et-deloise-mise-en-vers-satiri-comi-burlesques\/"]}]},{"@type":"ImageObject","inLanguage":"en-US","@id":"https:\/\/www.librairieclavreuil.com\/en\/armand-histoire-des-amours-et-des-infortunes-dabelard-et-deloise-mise-en-vers-satiri-comi-burlesques\/#primaryimage","url":"https:\/\/www.librairieclavreuil.com\/wp-content\/uploads\/2024\/08\/armand-histoire-des-amours-et-des-infortunes-d-abelard-et-d-eloise-mise-en-vers-satiri-comi-burlesques-3561-6601ac0e6cb78.jpg","contentUrl":"https:\/\/www.librairieclavreuil.com\/wp-content\/uploads\/2024\/08\/armand-histoire-des-amours-et-des-infortunes-d-abelard-et-d-eloise-mise-en-vers-satiri-comi-burlesques-3561-6601ac0e6cb78.jpg","width":513,"height":800},{"@type":"BreadcrumbList","@id":"https:\/\/www.librairieclavreuil.com\/en\/armand-histoire-des-amours-et-des-infortunes-dabelard-et-deloise-mise-en-vers-satiri-comi-burlesques\/#breadcrumb","itemListElement":[{"@type":"ListItem","position":1,"name":"Accueil","item":"https:\/\/www.librairieclavreuil.com\/"},{"@type":"ListItem","position":2,"name":"All our books","item":"https:\/\/www.librairieclavreuil.com\/en\/all-our-books\/"},{"@type":"ListItem","position":3,"name":"ARMAND Histoire des Amours et des Infortunes d&#8217;Ab\u00e9lard et d&#8217;Eloise, Mise en vers satiri-comi-burlesques."}]},{"@type":"WebSite","@id":"https:\/\/www.librairieclavreuil.com\/#website","url":"https:\/\/www.librairieclavreuil.com\/","name":"Libairie Clavreuil","description":"Livres anciens, manuscrits rares et \u00e9ditions originales \u2013 Librairie Clavreuil","publisher":{"@id":"https:\/\/www.librairieclavreuil.com\/#organization"},"potentialAction":[{"@type":"SearchAction","target":{"@type":"EntryPoint","urlTemplate":"https:\/\/www.librairieclavreuil.com\/?s={search_term_string}"},"query-input":{"@type":"PropertyValueSpecification","valueRequired":true,"valueName":"search_term_string"}}],"inLanguage":"en-US"},{"@type":"Organization","@id":"https:\/\/www.librairieclavreuil.com\/#organization","name":"Libairie Clavreuil","url":"https:\/\/www.librairieclavreuil.com\/","logo":{"@type":"ImageObject","inLanguage":"en-US","@id":"https:\/\/www.librairieclavreuil.com\/#\/schema\/logo\/image\/","url":"https:\/\/www.librairieclavreuil.com\/wp-content\/uploads\/2021\/06\/cropped-LOGO_PNG_DATE-_gold-512x512-1.png","contentUrl":"https:\/\/www.librairieclavreuil.com\/wp-content\/uploads\/2021\/06\/cropped-LOGO_PNG_DATE-_gold-512x512-1.png","width":512,"height":512,"caption":"Libairie Clavreuil"},"image":{"@id":"https:\/\/www.librairieclavreuil.com\/#\/schema\/logo\/image\/"},"sameAs":["https:\/\/www.instagram.com\/librairieclavreuil\/"]}]}},"jetpack_sharing_enabled":true,"_links":{"self":[{"href":"https:\/\/www.librairieclavreuil.com\/en\/wp-json\/wp\/v2\/product\/81386","targetHints":{"allow":["GET"]}}],"collection":[{"href":"https:\/\/www.librairieclavreuil.com\/en\/wp-json\/wp\/v2\/product"}],"about":[{"href":"https:\/\/www.librairieclavreuil.com\/en\/wp-json\/wp\/v2\/types\/product"}],"replies":[{"embeddable":true,"href":"https:\/\/www.librairieclavreuil.com\/en\/wp-json\/wp\/v2\/comments?post=81386"}],"wp:featuredmedia":[{"embeddable":true,"href":"https:\/\/www.librairieclavreuil.com\/en\/wp-json\/wp\/v2\/media\/81381"}],"wp:attachment":[{"href":"https:\/\/www.librairieclavreuil.com\/en\/wp-json\/wp\/v2\/media?parent=81386"}],"wp:term":[{"taxonomy":"product_brand","embeddable":true,"href":"https:\/\/www.librairieclavreuil.com\/en\/wp-json\/wp\/v2\/product_brand?post=81386"},{"taxonomy":"product_cat","embeddable":true,"href":"https:\/\/www.librairieclavreuil.com\/en\/wp-json\/wp\/v2\/product_cat?post=81386"},{"taxonomy":"product_tag","embeddable":true,"href":"https:\/\/www.librairieclavreuil.com\/en\/wp-json\/wp\/v2\/product_tag?post=81386"}],"curies":[{"name":"wp","href":"https:\/\/api.w.org\/{rel}","templated":true}]}}