{"id":81356,"date":"2024-08-28T12:45:46","date_gmt":"2024-08-28T10:45:46","guid":{"rendered":"https:\/\/www.librairieclavreuil.com\/voltaire-francois-marie-arouet-de-lhomme-aux-quarante-ecus\/"},"modified":"2024-08-28T12:46:02","modified_gmt":"2024-08-28T10:46:02","slug":"voltaire-francois-marie-arouet-de-lhomme-aux-quarante-ecus","status":"publish","type":"product","link":"https:\/\/www.librairieclavreuil.com\/en\/voltaire-francois-marie-arouet-de-lhomme-aux-quarante-ecus\/","title":{"rendered":"VOLTAIRE Fran\u00e7ois Marie Arouet de L&#8217;Homme aux quarante..."},"content":{"rendered":"<p style=\"text-align:justify\"><i>Bengesco, 1478 ; Flety, 116.<\/i><\/p>\n<p><span style=\"font-variant:small-caps\">Genuine first edition.<\/span><\/p>\n<p>The errata have not been corrected (contrary to the counterfeit with the same number of pages).<\/p>\n<p>In this work Voltaire &#8220;pr\u00e9tend d\u00e9montrer d&#8217;abord l&#8217;absurdit\u00e9 des faiseurs de projets qui voudraient n&#8217;\u00e9tablir qu&#8217;un imp\u00f4t unique. Cette critique tombe sur la <i>Richesse de l&#8217;\u00e9tat <\/i>[par Roussel da La Tour] et sur le livre de M. de La Rivi\u00e8re [<i>L&#8217;Ordre naturel]<\/i>&#8221; (Bengesco).&nbsp;<\/p>\n<p style=\"text-align:justify\"><i>L&#8217;Homme aux quarante \u00e9cus <\/i>was condemned on 24 September 1768 and ordered to be set on fire, because it was<i> <\/i>&#8220;contraire aux bonnes moeurs et \u00e0 la religion&#8221;. Curiously, extracts from this work were nevertheless published in the Mercure de France in July 1768. The decision to place it on the index was taken in Rome on 29 November 1771.<\/p>\n<p style=\"text-align:justify\"><i>L&#8217;Homme aux quarante \u00e9cu<\/i>s was a huge success, and Bengesco lists no fewer than 10 French editions in the 18th century.&nbsp;<\/p>\n<p style=\"text-align:justify\">&#8220;Dans L&#8217;Homme aux quarante \u00e9cus Voltaire visait tout particuli\u00e8rement les doctrines des physiocrates. L&#8217;oeuvre connut un succ\u00e8s imm\u00e9diat&#8230; Dans cette \u0153uvre, le bon sens de Voltaire se r\u00e9volta contre un syst\u00e8me qui cherchait \u00e0 imposer de nouvelles absurdit\u00e9s pour tenter de corriger celles qui existaient d\u00e9j\u00e0&#8221; (Edward Ousselin, in : The French Review, vol. 72, no. 3, f\u00e9v. 1999, pp. 493-502).&nbsp;<\/p>\n<p style=\"text-align:justify\">A fine copy, well bound around 1900.<\/p>\n","protected":false},"excerpt":{"rendered":"<p>8vo (203 x 120 mm) of 2 unn.l., 120 pp. Polished calf, gilt fillet framing covers, spine gilt with raised bands, inner roll, red edges (<i>P. Luichon<\/i>).<\/p>\n","protected":false},"featured_media":81351,"comment_status":"open","ping_status":"closed","template":"","meta":{"_acf_changed":false},"product_brand":[],"product_cat":[544],"product_tag":[1245,1450,1266],"class_list":{"0":"post-81356","1":"product","2":"type-product","3":"status-publish","4":"has-post-thumbnail","6":"product_cat-literature","7":"product_tag-18th-century-literature","8":"product_tag-first-edition","9":"product_tag-philosophy","10":"pa_auteur-voltaire-francois-marie-arouet-de-2","11":"pa_type-de-livre-printed-book","13":"first","14":"instock","15":"shipping-taxable","16":"purchasable","17":"product-type-simple"},"acf":{"artist":" Fran\u00e7ois Marie Arouet de VOLTAIRE","chapeau":"The true first edition, blacklisted and condemned to be burnt","adresse_bibliographique":"[Gen\u00e8ve], 1768","book_type":"Printed book","provenance":"","afficher_prix":""},"yoast_head":"<!-- This site is optimized with the Yoast SEO plugin v24.7 - https:\/\/yoast.com\/wordpress\/plugins\/seo\/ -->\n<title>VOLTAIRE Fran\u00e7ois Marie Arouet de L&#039;Homme aux quarante \u00e9cus. - Libairie Clavreuil<\/title>\n<meta name=\"robots\" content=\"index, follow, max-snippet:-1, max-image-preview:large, max-video-preview:-1\" \/>\n<link rel=\"canonical\" href=\"https:\/\/www.librairieclavreuil.com\/en\/voltaire-francois-marie-arouet-de-lhomme-aux-quarante-ecus\/\" \/>\n<meta property=\"og:locale\" content=\"en_US\" \/>\n<meta property=\"og:type\" content=\"article\" \/>\n<meta property=\"og:title\" content=\"VOLTAIRE Fran\u00e7ois Marie Arouet de L&#039;Homme aux quarante \u00e9cus. - Libairie Clavreuil\" \/>\n<meta property=\"og:description\" content=\"8vo (203 x 120 mm) of 2 unn.l., 120 pp. Polished calf, gilt fillet framing covers, spine gilt with raised bands, inner roll, red edges (P. Luichon).\" \/>\n<meta property=\"og:url\" content=\"https:\/\/www.librairieclavreuil.com\/en\/voltaire-francois-marie-arouet-de-lhomme-aux-quarante-ecus\/\" \/>\n<meta property=\"og:site_name\" content=\"Libairie Clavreuil\" \/>\n<meta property=\"article:modified_time\" content=\"2024-08-28T10:46:02+00:00\" \/>\n<meta property=\"og:image\" content=\"https:\/\/www.librairieclavreuil.com\/wp-content\/uploads\/2024\/08\/francois-marie-arouet-de-voltaire-l-homme-aux-quarante-ecus-8403-66ceffa4bc26b.jpg\" \/>\n\t<meta property=\"og:image:width\" content=\"478\" \/>\n\t<meta property=\"og:image:height\" content=\"800\" \/>\n\t<meta property=\"og:image:type\" content=\"image\/jpeg\" \/>\n<meta name=\"twitter:card\" content=\"summary_large_image\" \/>\n<meta name=\"twitter:label1\" content=\"Est. reading time\" \/>\n\t<meta name=\"twitter:data1\" content=\"1 minute\" \/>\n<script type=\"application\/ld+json\" class=\"yoast-schema-graph\">{\"@context\":\"https:\/\/schema.org\",\"@graph\":[{\"@type\":\"WebPage\",\"@id\":\"https:\/\/www.librairieclavreuil.com\/en\/voltaire-francois-marie-arouet-de-lhomme-aux-quarante-ecus\/\",\"url\":\"https:\/\/www.librairieclavreuil.com\/en\/voltaire-francois-marie-arouet-de-lhomme-aux-quarante-ecus\/\",\"name\":\"VOLTAIRE Fran\u00e7ois Marie Arouet de L'Homme aux quarante \u00e9cus. - Libairie Clavreuil\",\"isPartOf\":{\"@id\":\"https:\/\/www.librairieclavreuil.com\/#website\"},\"primaryImageOfPage\":{\"@id\":\"https:\/\/www.librairieclavreuil.com\/en\/voltaire-francois-marie-arouet-de-lhomme-aux-quarante-ecus\/#primaryimage\"},\"image\":{\"@id\":\"https:\/\/www.librairieclavreuil.com\/en\/voltaire-francois-marie-arouet-de-lhomme-aux-quarante-ecus\/#primaryimage\"},\"thumbnailUrl\":\"https:\/\/www.librairieclavreuil.com\/wp-content\/uploads\/2024\/08\/francois-marie-arouet-de-voltaire-l-homme-aux-quarante-ecus-8403-66ceffa4bc26b.jpg\",\"datePublished\":\"2024-08-28T10:45:46+00:00\",\"dateModified\":\"2024-08-28T10:46:02+00:00\",\"breadcrumb\":{\"@id\":\"https:\/\/www.librairieclavreuil.com\/en\/voltaire-francois-marie-arouet-de-lhomme-aux-quarante-ecus\/#breadcrumb\"},\"inLanguage\":\"en-US\",\"potentialAction\":[{\"@type\":\"ReadAction\",\"target\":[\"https:\/\/www.librairieclavreuil.com\/en\/voltaire-francois-marie-arouet-de-lhomme-aux-quarante-ecus\/\"]}]},{\"@type\":\"ImageObject\",\"inLanguage\":\"en-US\",\"@id\":\"https:\/\/www.librairieclavreuil.com\/en\/voltaire-francois-marie-arouet-de-lhomme-aux-quarante-ecus\/#primaryimage\",\"url\":\"https:\/\/www.librairieclavreuil.com\/wp-content\/uploads\/2024\/08\/francois-marie-arouet-de-voltaire-l-homme-aux-quarante-ecus-8403-66ceffa4bc26b.jpg\",\"contentUrl\":\"https:\/\/www.librairieclavreuil.com\/wp-content\/uploads\/2024\/08\/francois-marie-arouet-de-voltaire-l-homme-aux-quarante-ecus-8403-66ceffa4bc26b.jpg\",\"width\":478,\"height\":800},{\"@type\":\"BreadcrumbList\",\"@id\":\"https:\/\/www.librairieclavreuil.com\/en\/voltaire-francois-marie-arouet-de-lhomme-aux-quarante-ecus\/#breadcrumb\",\"itemListElement\":[{\"@type\":\"ListItem\",\"position\":1,\"name\":\"Accueil\",\"item\":\"https:\/\/www.librairieclavreuil.com\/\"},{\"@type\":\"ListItem\",\"position\":2,\"name\":\"All our books\",\"item\":\"https:\/\/www.librairieclavreuil.com\/en\/all-our-books\/\"},{\"@type\":\"ListItem\",\"position\":3,\"name\":\"VOLTAIRE Fran\u00e7ois Marie Arouet de L&#8217;Homme aux quarante \u00e9cus.\"}]},{\"@type\":\"WebSite\",\"@id\":\"https:\/\/www.librairieclavreuil.com\/#website\",\"url\":\"https:\/\/www.librairieclavreuil.com\/\",\"name\":\"Libairie Clavreuil\",\"description\":\"Livres anciens, manuscrits rares et \u00e9ditions originales \u2013 Librairie Clavreuil\",\"publisher\":{\"@id\":\"https:\/\/www.librairieclavreuil.com\/#organization\"},\"potentialAction\":[{\"@type\":\"SearchAction\",\"target\":{\"@type\":\"EntryPoint\",\"urlTemplate\":\"https:\/\/www.librairieclavreuil.com\/?s={search_term_string}\"},\"query-input\":{\"@type\":\"PropertyValueSpecification\",\"valueRequired\":true,\"valueName\":\"search_term_string\"}}],\"inLanguage\":\"en-US\"},{\"@type\":\"Organization\",\"@id\":\"https:\/\/www.librairieclavreuil.com\/#organization\",\"name\":\"Libairie Clavreuil\",\"url\":\"https:\/\/www.librairieclavreuil.com\/\",\"logo\":{\"@type\":\"ImageObject\",\"inLanguage\":\"en-US\",\"@id\":\"https:\/\/www.librairieclavreuil.com\/#\/schema\/logo\/image\/\",\"url\":\"https:\/\/www.librairieclavreuil.com\/wp-content\/uploads\/2021\/06\/cropped-LOGO_PNG_DATE-_gold-512x512-1.png\",\"contentUrl\":\"https:\/\/www.librairieclavreuil.com\/wp-content\/uploads\/2021\/06\/cropped-LOGO_PNG_DATE-_gold-512x512-1.png\",\"width\":512,\"height\":512,\"caption\":\"Libairie Clavreuil\"},\"image\":{\"@id\":\"https:\/\/www.librairieclavreuil.com\/#\/schema\/logo\/image\/\"},\"sameAs\":[\"https:\/\/www.instagram.com\/librairieclavreuil\/\"]}]}<\/script>\n<!-- \/ Yoast SEO plugin. -->","yoast_head_json":{"title":"VOLTAIRE Fran\u00e7ois Marie Arouet de L'Homme aux quarante \u00e9cus. - Libairie Clavreuil","robots":{"index":"index","follow":"follow","max-snippet":"max-snippet:-1","max-image-preview":"max-image-preview:large","max-video-preview":"max-video-preview:-1"},"canonical":"https:\/\/www.librairieclavreuil.com\/en\/voltaire-francois-marie-arouet-de-lhomme-aux-quarante-ecus\/","og_locale":"en_US","og_type":"article","og_title":"VOLTAIRE Fran\u00e7ois Marie Arouet de L'Homme aux quarante \u00e9cus. - Libairie Clavreuil","og_description":"8vo (203 x 120 mm) of 2 unn.l., 120 pp. Polished calf, gilt fillet framing covers, spine gilt with raised bands, inner roll, red edges (P. Luichon).","og_url":"https:\/\/www.librairieclavreuil.com\/en\/voltaire-francois-marie-arouet-de-lhomme-aux-quarante-ecus\/","og_site_name":"Libairie Clavreuil","article_modified_time":"2024-08-28T10:46:02+00:00","og_image":[{"width":478,"height":800,"url":"https:\/\/www.librairieclavreuil.com\/wp-content\/uploads\/2024\/08\/francois-marie-arouet-de-voltaire-l-homme-aux-quarante-ecus-8403-66ceffa4bc26b.jpg","type":"image\/jpeg"}],"twitter_card":"summary_large_image","twitter_misc":{"Est. reading time":"1 minute"},"schema":{"@context":"https:\/\/schema.org","@graph":[{"@type":"WebPage","@id":"https:\/\/www.librairieclavreuil.com\/en\/voltaire-francois-marie-arouet-de-lhomme-aux-quarante-ecus\/","url":"https:\/\/www.librairieclavreuil.com\/en\/voltaire-francois-marie-arouet-de-lhomme-aux-quarante-ecus\/","name":"VOLTAIRE Fran\u00e7ois Marie Arouet de L'Homme aux quarante \u00e9cus. - Libairie Clavreuil","isPartOf":{"@id":"https:\/\/www.librairieclavreuil.com\/#website"},"primaryImageOfPage":{"@id":"https:\/\/www.librairieclavreuil.com\/en\/voltaire-francois-marie-arouet-de-lhomme-aux-quarante-ecus\/#primaryimage"},"image":{"@id":"https:\/\/www.librairieclavreuil.com\/en\/voltaire-francois-marie-arouet-de-lhomme-aux-quarante-ecus\/#primaryimage"},"thumbnailUrl":"https:\/\/www.librairieclavreuil.com\/wp-content\/uploads\/2024\/08\/francois-marie-arouet-de-voltaire-l-homme-aux-quarante-ecus-8403-66ceffa4bc26b.jpg","datePublished":"2024-08-28T10:45:46+00:00","dateModified":"2024-08-28T10:46:02+00:00","breadcrumb":{"@id":"https:\/\/www.librairieclavreuil.com\/en\/voltaire-francois-marie-arouet-de-lhomme-aux-quarante-ecus\/#breadcrumb"},"inLanguage":"en-US","potentialAction":[{"@type":"ReadAction","target":["https:\/\/www.librairieclavreuil.com\/en\/voltaire-francois-marie-arouet-de-lhomme-aux-quarante-ecus\/"]}]},{"@type":"ImageObject","inLanguage":"en-US","@id":"https:\/\/www.librairieclavreuil.com\/en\/voltaire-francois-marie-arouet-de-lhomme-aux-quarante-ecus\/#primaryimage","url":"https:\/\/www.librairieclavreuil.com\/wp-content\/uploads\/2024\/08\/francois-marie-arouet-de-voltaire-l-homme-aux-quarante-ecus-8403-66ceffa4bc26b.jpg","contentUrl":"https:\/\/www.librairieclavreuil.com\/wp-content\/uploads\/2024\/08\/francois-marie-arouet-de-voltaire-l-homme-aux-quarante-ecus-8403-66ceffa4bc26b.jpg","width":478,"height":800},{"@type":"BreadcrumbList","@id":"https:\/\/www.librairieclavreuil.com\/en\/voltaire-francois-marie-arouet-de-lhomme-aux-quarante-ecus\/#breadcrumb","itemListElement":[{"@type":"ListItem","position":1,"name":"Accueil","item":"https:\/\/www.librairieclavreuil.com\/"},{"@type":"ListItem","position":2,"name":"All our books","item":"https:\/\/www.librairieclavreuil.com\/en\/all-our-books\/"},{"@type":"ListItem","position":3,"name":"VOLTAIRE Fran\u00e7ois Marie Arouet de L&#8217;Homme aux quarante \u00e9cus."}]},{"@type":"WebSite","@id":"https:\/\/www.librairieclavreuil.com\/#website","url":"https:\/\/www.librairieclavreuil.com\/","name":"Libairie Clavreuil","description":"Livres anciens, manuscrits rares et \u00e9ditions originales \u2013 Librairie Clavreuil","publisher":{"@id":"https:\/\/www.librairieclavreuil.com\/#organization"},"potentialAction":[{"@type":"SearchAction","target":{"@type":"EntryPoint","urlTemplate":"https:\/\/www.librairieclavreuil.com\/?s={search_term_string}"},"query-input":{"@type":"PropertyValueSpecification","valueRequired":true,"valueName":"search_term_string"}}],"inLanguage":"en-US"},{"@type":"Organization","@id":"https:\/\/www.librairieclavreuil.com\/#organization","name":"Libairie Clavreuil","url":"https:\/\/www.librairieclavreuil.com\/","logo":{"@type":"ImageObject","inLanguage":"en-US","@id":"https:\/\/www.librairieclavreuil.com\/#\/schema\/logo\/image\/","url":"https:\/\/www.librairieclavreuil.com\/wp-content\/uploads\/2021\/06\/cropped-LOGO_PNG_DATE-_gold-512x512-1.png","contentUrl":"https:\/\/www.librairieclavreuil.com\/wp-content\/uploads\/2021\/06\/cropped-LOGO_PNG_DATE-_gold-512x512-1.png","width":512,"height":512,"caption":"Libairie Clavreuil"},"image":{"@id":"https:\/\/www.librairieclavreuil.com\/#\/schema\/logo\/image\/"},"sameAs":["https:\/\/www.instagram.com\/librairieclavreuil\/"]}]}},"jetpack_sharing_enabled":true,"_links":{"self":[{"href":"https:\/\/www.librairieclavreuil.com\/en\/wp-json\/wp\/v2\/product\/81356","targetHints":{"allow":["GET"]}}],"collection":[{"href":"https:\/\/www.librairieclavreuil.com\/en\/wp-json\/wp\/v2\/product"}],"about":[{"href":"https:\/\/www.librairieclavreuil.com\/en\/wp-json\/wp\/v2\/types\/product"}],"replies":[{"embeddable":true,"href":"https:\/\/www.librairieclavreuil.com\/en\/wp-json\/wp\/v2\/comments?post=81356"}],"wp:featuredmedia":[{"embeddable":true,"href":"https:\/\/www.librairieclavreuil.com\/en\/wp-json\/wp\/v2\/media\/81351"}],"wp:attachment":[{"href":"https:\/\/www.librairieclavreuil.com\/en\/wp-json\/wp\/v2\/media?parent=81356"}],"wp:term":[{"taxonomy":"product_brand","embeddable":true,"href":"https:\/\/www.librairieclavreuil.com\/en\/wp-json\/wp\/v2\/product_brand?post=81356"},{"taxonomy":"product_cat","embeddable":true,"href":"https:\/\/www.librairieclavreuil.com\/en\/wp-json\/wp\/v2\/product_cat?post=81356"},{"taxonomy":"product_tag","embeddable":true,"href":"https:\/\/www.librairieclavreuil.com\/en\/wp-json\/wp\/v2\/product_tag?post=81356"}],"curies":[{"name":"wp","href":"https:\/\/api.w.org\/{rel}","templated":true}]}}