{"id":81321,"date":"2024-07-19T14:36:31","date_gmt":"2024-07-19T12:36:31","guid":{"rendered":"https:\/\/www.librairieclavreuil.com\/hutton-william-nouveau-voyage-en-afrique-traduit-de-langlais-ou-description-generale-de-linterieur-de-lafrique-augmente-dun-vocabulaire-de-la-langue-africaine-indispensable-aux\/"},"modified":"2024-09-02T08:51:21","modified_gmt":"2024-09-02T06:51:21","slug":"hutton-william-nouveau-voyage-en-afrique-traduit-de-langlais-ou-description-generale-de-linterieur-de-lafrique-augmente-dun-vocabulaire-de-la-langue-africaine-indispensable-aux","status":"publish","type":"product","link":"https:\/\/www.librairieclavreuil.com\/en\/hutton-william-nouveau-voyage-en-afrique-traduit-de-langlais-ou-description-generale-de-linterieur-de-lafrique-augmente-dun-vocabulaire-de-la-langue-africaine-indispensable-aux\/","title":{"rendered":"HUTTON William Nouveau voyage en Afrique, traduit de..."},"content":{"rendered":"<p style=\"text-align:justify\"><i>See Gay, 2871 bis.<\/i><\/p>\n<p style=\"text-align:justify\">Reissue of the first French edition of 1823, without illustrations.<\/p>\n<p style=\"text-align:justify\">The author was sent on a diplomatic mission to the Achanti kingdom in central Ghana. The account of his reception at the king&#8217;s court in the capital Koumassi is particularly interesting. Hutton also provides geographical information on the rivers and coasts of the region.<\/p>\n","protected":false},"excerpt":{"rendered":"<p style=\"text-align:justify\">8vo (217 x 133 mm) 2 nn.ll., XXVIII, 447 pp. Modern calf-backed boards, flat spine gilt.<\/p>\n","protected":false},"featured_media":81317,"comment_status":"open","ping_status":"closed","template":"","meta":{"_acf_changed":false},"product_brand":[],"product_cat":[552],"product_tag":[1354],"class_list":{"0":"post-81321","1":"product","2":"type-product","3":"status-publish","4":"has-post-thumbnail","6":"product_cat-travel","7":"product_tag-sub-saharan-africa","8":"pa_auteur-hutton-william-2","9":"pa_type-de-livre-printed-book","11":"first","12":"instock","13":"shipping-taxable","14":"purchasable","15":"product-type-simple"},"acf":{"artist":" William HUTTON","chapeau":"","adresse_bibliographique":"Paris, marchands de nouveaut\u00e9s, 1832","book_type":"Printed book","provenance":"","afficher_prix":""},"yoast_head":"<!-- This site is optimized with the Yoast SEO plugin v24.7 - https:\/\/yoast.com\/wordpress\/plugins\/seo\/ -->\n<title>HUTTON William Nouveau voyage en Afrique, traduit de l&#039;anglais, ou description g\u00e9n\u00e9rale de l&#039;int\u00e9rieur&lt; de l&#039;Afrique, augment\u00e9 d&#039;un vocabulaire de la langue africaine indispensable aux voyageurs et suivis d&#039;un trait\u00e9 hygi\u00e9nique \u00e0 l&#039;usage des habitans. - Libairie Clavreuil<\/title>\n<meta name=\"robots\" content=\"index, follow, max-snippet:-1, max-image-preview:large, max-video-preview:-1\" \/>\n<link rel=\"canonical\" href=\"https:\/\/www.librairieclavreuil.com\/en\/hutton-william-nouveau-voyage-en-afrique-traduit-de-langlais-ou-description-generale-de-linterieur-de-lafrique-augmente-dun-vocabulaire-de-la-langue-africaine-indispensable-aux\/\" \/>\n<meta property=\"og:locale\" content=\"en_US\" \/>\n<meta property=\"og:type\" content=\"article\" \/>\n<meta property=\"og:title\" content=\"HUTTON William Nouveau voyage en Afrique, traduit de l&#039;anglais, ou description g\u00e9n\u00e9rale de l&#039;int\u00e9rieur&lt; de l&#039;Afrique, augment\u00e9 d&#039;un vocabulaire de la langue africaine indispensable aux voyageurs et suivis d&#039;un trait\u00e9 hygi\u00e9nique \u00e0 l&#039;usage des habitans. - Libairie Clavreuil\" \/>\n<meta property=\"og:description\" content=\"8vo (217 x 133 mm) 2 nn.ll., XXVIII, 447 pp. Modern calf-backed boards, flat spine gilt.\" \/>\n<meta property=\"og:url\" content=\"https:\/\/www.librairieclavreuil.com\/en\/hutton-william-nouveau-voyage-en-afrique-traduit-de-langlais-ou-description-generale-de-linterieur-de-lafrique-augmente-dun-vocabulaire-de-la-langue-africaine-indispensable-aux\/\" \/>\n<meta property=\"og:site_name\" content=\"Libairie Clavreuil\" \/>\n<meta property=\"article:modified_time\" content=\"2024-09-02T06:51:21+00:00\" \/>\n<meta property=\"og:image\" content=\"https:\/\/www.librairieclavreuil.com\/wp-content\/uploads\/2024\/07\/william-hutton-nouveau-voyage-en-afrique-traduit-de-l-anglais-ou-description-generale-de-l-interieur-de-l-afrique-augmente-d-un-vocabulaire-de-la-lang.jpg\" \/>\n\t<meta property=\"og:image:width\" content=\"600\" \/>\n\t<meta property=\"og:image:height\" content=\"800\" \/>\n\t<meta property=\"og:image:type\" content=\"image\/jpeg\" \/>\n<meta name=\"twitter:card\" content=\"summary_large_image\" \/>\n<script type=\"application\/ld+json\" class=\"yoast-schema-graph\">{\"@context\":\"https:\/\/schema.org\",\"@graph\":[{\"@type\":\"WebPage\",\"@id\":\"https:\/\/www.librairieclavreuil.com\/en\/hutton-william-nouveau-voyage-en-afrique-traduit-de-langlais-ou-description-generale-de-linterieur-de-lafrique-augmente-dun-vocabulaire-de-la-langue-africaine-indispensable-aux\/\",\"url\":\"https:\/\/www.librairieclavreuil.com\/en\/hutton-william-nouveau-voyage-en-afrique-traduit-de-langlais-ou-description-generale-de-linterieur-de-lafrique-augmente-dun-vocabulaire-de-la-langue-africaine-indispensable-aux\/\",\"name\":\"HUTTON William Nouveau voyage en Afrique, traduit de l'anglais, ou description g\u00e9n\u00e9rale de l'int\u00e9rieur&lt; de l&#039;Afrique, augment\u00e9 d&#039;un vocabulaire de la langue africaine indispensable aux voyageurs et suivis d&#039;un trait\u00e9 hygi\u00e9nique \u00e0 l&#039;usage des habitans. - Libairie Clavreuil\",\"isPartOf\":{\"@id\":\"https:\/\/www.librairieclavreuil.com\/#website\"},\"primaryImageOfPage\":{\"@id\":\"https:\/\/www.librairieclavreuil.com\/en\/hutton-william-nouveau-voyage-en-afrique-traduit-de-langlais-ou-description-generale-de-linterieur-de-lafrique-augmente-dun-vocabulaire-de-la-langue-africaine-indispensable-aux\/#primaryimage\"},\"image\":{\"@id\":\"https:\/\/www.librairieclavreuil.com\/en\/hutton-william-nouveau-voyage-en-afrique-traduit-de-langlais-ou-description-generale-de-linterieur-de-lafrique-augmente-dun-vocabulaire-de-la-langue-africaine-indispensable-aux\/#primaryimage\"},\"thumbnailUrl\":\"https:\/\/www.librairieclavreuil.com\/wp-content\/uploads\/2024\/07\/william-hutton-nouveau-voyage-en-afrique-traduit-de-l-anglais-ou-description-generale-de-l-interieur-de-l-afrique-augmente-d-un-vocabulaire-de-la-lang.jpg\",\"datePublished\":\"2024-07-19T12:36:31+00:00\",\"dateModified\":\"2024-09-02T06:51:21+00:00\",\"breadcrumb\":{\"@id\":\"https:\/\/www.librairieclavreuil.com\/en\/hutton-william-nouveau-voyage-en-afrique-traduit-de-langlais-ou-description-generale-de-linterieur-de-lafrique-augmente-dun-vocabulaire-de-la-langue-africaine-indispensable-aux\/#breadcrumb\"},\"inLanguage\":\"en-US\",\"potentialAction\":[{\"@type\":\"ReadAction\",\"target\":[\"https:\/\/www.librairieclavreuil.com\/en\/hutton-william-nouveau-voyage-en-afrique-traduit-de-langlais-ou-description-generale-de-linterieur-de-lafrique-augmente-dun-vocabulaire-de-la-langue-africaine-indispensable-aux\/\"]}]},{\"@type\":\"ImageObject\",\"inLanguage\":\"en-US\",\"@id\":\"https:\/\/www.librairieclavreuil.com\/en\/hutton-william-nouveau-voyage-en-afrique-traduit-de-langlais-ou-description-generale-de-linterieur-de-lafrique-augmente-dun-vocabulaire-de-la-langue-africaine-indispensable-aux\/#primaryimage\",\"url\":\"https:\/\/www.librairieclavreuil.com\/wp-content\/uploads\/2024\/07\/william-hutton-nouveau-voyage-en-afrique-traduit-de-l-anglais-ou-description-generale-de-l-interieur-de-l-afrique-augmente-d-un-vocabulaire-de-la-lang.jpg\",\"contentUrl\":\"https:\/\/www.librairieclavreuil.com\/wp-content\/uploads\/2024\/07\/william-hutton-nouveau-voyage-en-afrique-traduit-de-l-anglais-ou-description-generale-de-l-interieur-de-l-afrique-augmente-d-un-vocabulaire-de-la-lang.jpg\",\"width\":600,\"height\":800},{\"@type\":\"BreadcrumbList\",\"@id\":\"https:\/\/www.librairieclavreuil.com\/en\/hutton-william-nouveau-voyage-en-afrique-traduit-de-langlais-ou-description-generale-de-linterieur-de-lafrique-augmente-dun-vocabulaire-de-la-langue-africaine-indispensable-aux\/#breadcrumb\",\"itemListElement\":[{\"@type\":\"ListItem\",\"position\":1,\"name\":\"Accueil\",\"item\":\"https:\/\/www.librairieclavreuil.com\/\"},{\"@type\":\"ListItem\",\"position\":2,\"name\":\"All our books\",\"item\":\"https:\/\/www.librairieclavreuil.com\/en\/all-our-books\/\"},{\"@type\":\"ListItem\",\"position\":3,\"name\":\"HUTTON William Nouveau voyage en Afrique, traduit de l&#8217;anglais, ou description g\u00e9n\u00e9rale de l&#8217;int\u00e9rieur&lt; de l&#039;Afrique, augment\u00e9 d&#039;un vocabulaire de la langue africaine indispensable aux voyageurs et suivis d&#039;un trait\u00e9 hygi\u00e9nique \u00e0 l&#039;usage des habitans.\"}]},{\"@type\":\"WebSite\",\"@id\":\"https:\/\/www.librairieclavreuil.com\/#website\",\"url\":\"https:\/\/www.librairieclavreuil.com\/\",\"name\":\"Libairie Clavreuil\",\"description\":\"Livres anciens, manuscrits rares et \u00e9ditions originales \u2013 Librairie Clavreuil\",\"publisher\":{\"@id\":\"https:\/\/www.librairieclavreuil.com\/#organization\"},\"potentialAction\":[{\"@type\":\"SearchAction\",\"target\":{\"@type\":\"EntryPoint\",\"urlTemplate\":\"https:\/\/www.librairieclavreuil.com\/?s={search_term_string}\"},\"query-input\":{\"@type\":\"PropertyValueSpecification\",\"valueRequired\":true,\"valueName\":\"search_term_string\"}}],\"inLanguage\":\"en-US\"},{\"@type\":\"Organization\",\"@id\":\"https:\/\/www.librairieclavreuil.com\/#organization\",\"name\":\"Libairie Clavreuil\",\"url\":\"https:\/\/www.librairieclavreuil.com\/\",\"logo\":{\"@type\":\"ImageObject\",\"inLanguage\":\"en-US\",\"@id\":\"https:\/\/www.librairieclavreuil.com\/#\/schema\/logo\/image\/\",\"url\":\"https:\/\/www.librairieclavreuil.com\/wp-content\/uploads\/2021\/06\/cropped-LOGO_PNG_DATE-_gold-512x512-1.png\",\"contentUrl\":\"https:\/\/www.librairieclavreuil.com\/wp-content\/uploads\/2021\/06\/cropped-LOGO_PNG_DATE-_gold-512x512-1.png\",\"width\":512,\"height\":512,\"caption\":\"Libairie Clavreuil\"},\"image\":{\"@id\":\"https:\/\/www.librairieclavreuil.com\/#\/schema\/logo\/image\/\"},\"sameAs\":[\"https:\/\/www.instagram.com\/librairieclavreuil\/\"]}]}<\/script>\n<!-- \/ Yoast SEO plugin. -->","yoast_head_json":{"title":"HUTTON William Nouveau voyage en Afrique, traduit de l'anglais, ou description g\u00e9n\u00e9rale de l'int\u00e9rieur&lt; de l&#039;Afrique, augment\u00e9 d&#039;un vocabulaire de la langue africaine indispensable aux voyageurs et suivis d&#039;un trait\u00e9 hygi\u00e9nique \u00e0 l&#039;usage des habitans. - Libairie Clavreuil","robots":{"index":"index","follow":"follow","max-snippet":"max-snippet:-1","max-image-preview":"max-image-preview:large","max-video-preview":"max-video-preview:-1"},"canonical":"https:\/\/www.librairieclavreuil.com\/en\/hutton-william-nouveau-voyage-en-afrique-traduit-de-langlais-ou-description-generale-de-linterieur-de-lafrique-augmente-dun-vocabulaire-de-la-langue-africaine-indispensable-aux\/","og_locale":"en_US","og_type":"article","og_title":"HUTTON William Nouveau voyage en Afrique, traduit de l'anglais, ou description g\u00e9n\u00e9rale de l'int\u00e9rieur&lt; de l&#039;Afrique, augment\u00e9 d&#039;un vocabulaire de la langue africaine indispensable aux voyageurs et suivis d&#039;un trait\u00e9 hygi\u00e9nique \u00e0 l&#039;usage des habitans. - Libairie Clavreuil","og_description":"8vo (217 x 133 mm) 2 nn.ll., XXVIII, 447 pp. Modern calf-backed boards, flat spine gilt.","og_url":"https:\/\/www.librairieclavreuil.com\/en\/hutton-william-nouveau-voyage-en-afrique-traduit-de-langlais-ou-description-generale-de-linterieur-de-lafrique-augmente-dun-vocabulaire-de-la-langue-africaine-indispensable-aux\/","og_site_name":"Libairie Clavreuil","article_modified_time":"2024-09-02T06:51:21+00:00","og_image":[{"width":600,"height":800,"url":"https:\/\/www.librairieclavreuil.com\/wp-content\/uploads\/2024\/07\/william-hutton-nouveau-voyage-en-afrique-traduit-de-l-anglais-ou-description-generale-de-l-interieur-de-l-afrique-augmente-d-un-vocabulaire-de-la-lang.jpg","type":"image\/jpeg"}],"twitter_card":"summary_large_image","schema":{"@context":"https:\/\/schema.org","@graph":[{"@type":"WebPage","@id":"https:\/\/www.librairieclavreuil.com\/en\/hutton-william-nouveau-voyage-en-afrique-traduit-de-langlais-ou-description-generale-de-linterieur-de-lafrique-augmente-dun-vocabulaire-de-la-langue-africaine-indispensable-aux\/","url":"https:\/\/www.librairieclavreuil.com\/en\/hutton-william-nouveau-voyage-en-afrique-traduit-de-langlais-ou-description-generale-de-linterieur-de-lafrique-augmente-dun-vocabulaire-de-la-langue-africaine-indispensable-aux\/","name":"HUTTON William Nouveau voyage en Afrique, traduit de l'anglais, ou description g\u00e9n\u00e9rale de l'int\u00e9rieur&lt; de l&#039;Afrique, augment\u00e9 d&#039;un vocabulaire de la langue africaine indispensable aux voyageurs et suivis d&#039;un trait\u00e9 hygi\u00e9nique \u00e0 l&#039;usage des habitans. - Libairie Clavreuil","isPartOf":{"@id":"https:\/\/www.librairieclavreuil.com\/#website"},"primaryImageOfPage":{"@id":"https:\/\/www.librairieclavreuil.com\/en\/hutton-william-nouveau-voyage-en-afrique-traduit-de-langlais-ou-description-generale-de-linterieur-de-lafrique-augmente-dun-vocabulaire-de-la-langue-africaine-indispensable-aux\/#primaryimage"},"image":{"@id":"https:\/\/www.librairieclavreuil.com\/en\/hutton-william-nouveau-voyage-en-afrique-traduit-de-langlais-ou-description-generale-de-linterieur-de-lafrique-augmente-dun-vocabulaire-de-la-langue-africaine-indispensable-aux\/#primaryimage"},"thumbnailUrl":"https:\/\/www.librairieclavreuil.com\/wp-content\/uploads\/2024\/07\/william-hutton-nouveau-voyage-en-afrique-traduit-de-l-anglais-ou-description-generale-de-l-interieur-de-l-afrique-augmente-d-un-vocabulaire-de-la-lang.jpg","datePublished":"2024-07-19T12:36:31+00:00","dateModified":"2024-09-02T06:51:21+00:00","breadcrumb":{"@id":"https:\/\/www.librairieclavreuil.com\/en\/hutton-william-nouveau-voyage-en-afrique-traduit-de-langlais-ou-description-generale-de-linterieur-de-lafrique-augmente-dun-vocabulaire-de-la-langue-africaine-indispensable-aux\/#breadcrumb"},"inLanguage":"en-US","potentialAction":[{"@type":"ReadAction","target":["https:\/\/www.librairieclavreuil.com\/en\/hutton-william-nouveau-voyage-en-afrique-traduit-de-langlais-ou-description-generale-de-linterieur-de-lafrique-augmente-dun-vocabulaire-de-la-langue-africaine-indispensable-aux\/"]}]},{"@type":"ImageObject","inLanguage":"en-US","@id":"https:\/\/www.librairieclavreuil.com\/en\/hutton-william-nouveau-voyage-en-afrique-traduit-de-langlais-ou-description-generale-de-linterieur-de-lafrique-augmente-dun-vocabulaire-de-la-langue-africaine-indispensable-aux\/#primaryimage","url":"https:\/\/www.librairieclavreuil.com\/wp-content\/uploads\/2024\/07\/william-hutton-nouveau-voyage-en-afrique-traduit-de-l-anglais-ou-description-generale-de-l-interieur-de-l-afrique-augmente-d-un-vocabulaire-de-la-lang.jpg","contentUrl":"https:\/\/www.librairieclavreuil.com\/wp-content\/uploads\/2024\/07\/william-hutton-nouveau-voyage-en-afrique-traduit-de-l-anglais-ou-description-generale-de-l-interieur-de-l-afrique-augmente-d-un-vocabulaire-de-la-lang.jpg","width":600,"height":800},{"@type":"BreadcrumbList","@id":"https:\/\/www.librairieclavreuil.com\/en\/hutton-william-nouveau-voyage-en-afrique-traduit-de-langlais-ou-description-generale-de-linterieur-de-lafrique-augmente-dun-vocabulaire-de-la-langue-africaine-indispensable-aux\/#breadcrumb","itemListElement":[{"@type":"ListItem","position":1,"name":"Accueil","item":"https:\/\/www.librairieclavreuil.com\/"},{"@type":"ListItem","position":2,"name":"All our books","item":"https:\/\/www.librairieclavreuil.com\/en\/all-our-books\/"},{"@type":"ListItem","position":3,"name":"HUTTON William Nouveau voyage en Afrique, traduit de l&#8217;anglais, ou description g\u00e9n\u00e9rale de l&#8217;int\u00e9rieur&lt; de l&#039;Afrique, augment\u00e9 d&#039;un vocabulaire de la langue africaine indispensable aux voyageurs et suivis d&#039;un trait\u00e9 hygi\u00e9nique \u00e0 l&#039;usage des habitans."}]},{"@type":"WebSite","@id":"https:\/\/www.librairieclavreuil.com\/#website","url":"https:\/\/www.librairieclavreuil.com\/","name":"Libairie Clavreuil","description":"Livres anciens, manuscrits rares et \u00e9ditions originales \u2013 Librairie Clavreuil","publisher":{"@id":"https:\/\/www.librairieclavreuil.com\/#organization"},"potentialAction":[{"@type":"SearchAction","target":{"@type":"EntryPoint","urlTemplate":"https:\/\/www.librairieclavreuil.com\/?s={search_term_string}"},"query-input":{"@type":"PropertyValueSpecification","valueRequired":true,"valueName":"search_term_string"}}],"inLanguage":"en-US"},{"@type":"Organization","@id":"https:\/\/www.librairieclavreuil.com\/#organization","name":"Libairie Clavreuil","url":"https:\/\/www.librairieclavreuil.com\/","logo":{"@type":"ImageObject","inLanguage":"en-US","@id":"https:\/\/www.librairieclavreuil.com\/#\/schema\/logo\/image\/","url":"https:\/\/www.librairieclavreuil.com\/wp-content\/uploads\/2021\/06\/cropped-LOGO_PNG_DATE-_gold-512x512-1.png","contentUrl":"https:\/\/www.librairieclavreuil.com\/wp-content\/uploads\/2021\/06\/cropped-LOGO_PNG_DATE-_gold-512x512-1.png","width":512,"height":512,"caption":"Libairie Clavreuil"},"image":{"@id":"https:\/\/www.librairieclavreuil.com\/#\/schema\/logo\/image\/"},"sameAs":["https:\/\/www.instagram.com\/librairieclavreuil\/"]}]}},"jetpack_sharing_enabled":true,"_links":{"self":[{"href":"https:\/\/www.librairieclavreuil.com\/en\/wp-json\/wp\/v2\/product\/81321","targetHints":{"allow":["GET"]}}],"collection":[{"href":"https:\/\/www.librairieclavreuil.com\/en\/wp-json\/wp\/v2\/product"}],"about":[{"href":"https:\/\/www.librairieclavreuil.com\/en\/wp-json\/wp\/v2\/types\/product"}],"replies":[{"embeddable":true,"href":"https:\/\/www.librairieclavreuil.com\/en\/wp-json\/wp\/v2\/comments?post=81321"}],"wp:featuredmedia":[{"embeddable":true,"href":"https:\/\/www.librairieclavreuil.com\/en\/wp-json\/wp\/v2\/media\/81317"}],"wp:attachment":[{"href":"https:\/\/www.librairieclavreuil.com\/en\/wp-json\/wp\/v2\/media?parent=81321"}],"wp:term":[{"taxonomy":"product_brand","embeddable":true,"href":"https:\/\/www.librairieclavreuil.com\/en\/wp-json\/wp\/v2\/product_brand?post=81321"},{"taxonomy":"product_cat","embeddable":true,"href":"https:\/\/www.librairieclavreuil.com\/en\/wp-json\/wp\/v2\/product_cat?post=81321"},{"taxonomy":"product_tag","embeddable":true,"href":"https:\/\/www.librairieclavreuil.com\/en\/wp-json\/wp\/v2\/product_tag?post=81321"}],"curies":[{"name":"wp","href":"https:\/\/api.w.org\/{rel}","templated":true}]}}