{"id":81275,"date":"2024-07-19T13:03:58","date_gmt":"2024-07-19T11:03:58","guid":{"rendered":"https:\/\/www.librairieclavreuil.com\/lander-richard-et-john-journal-dune-expedition-entreprise-dans-le-but-dexplorer-le-cours-et-lembouchure-du-niger-ou-relation-dun-voyage-sur-cette-riviere-depuis-yaourie-jusqua-son-embouchu\/"},"modified":"2024-07-19T14:36:07","modified_gmt":"2024-07-19T12:36:07","slug":"lander-richard-et-john-journal-dune-expedition-entreprise-dans-le-but-dexplorer-le-cours-et-lembouchure-du-niger-ou-relation-dun-voyage-sur-cette-riviere-depuis-yaourie-jusqua-son-embouchu","status":"publish","type":"product","link":"https:\/\/www.librairieclavreuil.com\/en\/lander-richard-et-john-journal-dune-expedition-entreprise-dans-le-but-dexplorer-le-cours-et-lembouchure-du-niger-ou-relation-dun-voyage-sur-cette-riviere-depuis-yaourie-jusqua-son-embouchu\/","title":{"rendered":"LANDER Richard et John Journal d&#8217;une exp\u00e9dition entreprise..."},"content":{"rendered":"<p style=\"text-align:justify\"><i>Gay, 2777.<\/i><\/p>\n<p style=\"text-align:justify\"><span style=\"font-variant:small-caps\">First edition of the French translation.<\/span><\/p>\n<p style=\"text-align:justify\">&#8220;Richard Lander, retournant, avec son fr\u00e8re John, dans les contr\u00e9es int\u00e9rieures qu\u2019il avait pr\u00e9c\u00e9demment visit\u00e9es avec Clapperton, est all\u00e9 au-dessus de Yaoury, s\u2019embarquer sur le Niger (d\u00e9sign\u00e9 ici par les indig\u00e8nes sous le nom de Kou\u00e2r\u00e2), et apr\u00e8s une navigation de pr\u00e8s de quatre mois sur ce fleuve, il est entr\u00e9 dans l\u2019Oc\u00e9an par une embouchure voisine des terres basses si improprement d\u00e9cor\u00e9es du nom de Cap-Formose&#8221; (Revue des Deux Mondes, 1832).<\/p>\n<p style=\"text-align:justify\">Some occasional foxing. Bookplate of Ch\u00e2teau de Rosny.<\/p>\n","protected":false},"excerpt":{"rendered":"<p style=\"text-align:justify\">3 volumes, 8vo (207 x 130 mm) 354 pp., 2 engraved maps (1 folding) for volumeI ; 348 pp., 3 engraved plates for volume II ; 395 pp., 2 engraved plates for volume III. Contemporary half-green shagreen, spine gilt with raised bands.<\/p>\n","protected":false},"featured_media":81266,"comment_status":"open","ping_status":"closed","template":"","meta":{"_acf_changed":false},"product_brand":[],"product_cat":[552],"product_tag":[1354],"class_list":{"0":"post-81275","1":"product","2":"type-product","3":"status-publish","4":"has-post-thumbnail","6":"product_cat-travel","7":"product_tag-sub-saharan-africa","8":"pa_auteur-lander-richard-et-john-2","9":"pa_type-de-livre-printed-book","11":"first","12":"outofstock","13":"shipping-taxable","14":"purchasable","15":"product-type-simple"},"acf":{"artist":" Richard et John LANDER","chapeau":"","adresse_bibliographique":"Paris, Paulin, 1832","book_type":"Printed book","provenance":"","afficher_prix":""},"yoast_head":"<!-- This site is optimized with the Yoast SEO plugin v24.7 - https:\/\/yoast.com\/wordpress\/plugins\/seo\/ -->\n<title>LANDER Richard et John Journal d&#039;une exp\u00e9dition entreprise dans le but d&#039;explorer le cours et l&#039;embouchure du Niger, ou relation d&#039;un voyage sur cette rivi\u00e8re depuis Yaourie jusqu&#039;\u00e0 son embouchure. - Libairie Clavreuil<\/title>\n<meta name=\"robots\" content=\"index, follow, max-snippet:-1, max-image-preview:large, max-video-preview:-1\" \/>\n<link rel=\"canonical\" href=\"https:\/\/www.librairieclavreuil.com\/produit\/lander-richard-et-john-journal-dune-expedition-entreprise-dans-le-but-dexplorer-le-cours-et-lembouchure-du-niger-ou-relation-dun-voyage-sur-cette-riviere-depuis-yaourie-jusqua-son-embouchu\/\" \/>\n<meta property=\"og:locale\" content=\"en_US\" \/>\n<meta property=\"og:type\" content=\"article\" \/>\n<meta property=\"og:title\" content=\"LANDER Richard et John Journal d&#039;une exp\u00e9dition entreprise dans le but d&#039;explorer le cours et l&#039;embouchure du Niger, ou relation d&#039;un voyage sur cette rivi\u00e8re depuis Yaourie jusqu&#039;\u00e0 son embouchure. - Libairie Clavreuil\" \/>\n<meta property=\"og:description\" content=\"3 volumes, 8vo (207 x 130 mm) 354 pp., 2 engraved maps (1 folding) for volumeI ; 348 pp., 3 engraved plates for volume II ; 395 pp., 2 engraved plates for volume III. Contemporary half-green shagreen, spine gilt with raised bands.\" \/>\n<meta property=\"og:url\" content=\"https:\/\/www.librairieclavreuil.com\/produit\/lander-richard-et-john-journal-dune-expedition-entreprise-dans-le-but-dexplorer-le-cours-et-lembouchure-du-niger-ou-relation-dun-voyage-sur-cette-riviere-depuis-yaourie-jusqua-son-embouchu\/\" \/>\n<meta property=\"og:site_name\" content=\"Libairie Clavreuil\" \/>\n<meta property=\"article:modified_time\" content=\"2024-07-19T12:36:07+00:00\" \/>\n<meta property=\"og:image\" content=\"https:\/\/www.librairieclavreuil.com\/wp-content\/uploads\/2024\/07\/richard-et-john-lander-journal-d-une-expedition-entreprise-dans-le-but-d-explorer-le-cours-et-l-embouchure-du-niger-ou-relation-d-un-voyage-sur-cette-.jpg\" \/>\n\t<meta property=\"og:image:width\" content=\"648\" \/>\n\t<meta property=\"og:image:height\" content=\"800\" \/>\n\t<meta property=\"og:image:type\" content=\"image\/jpeg\" \/>\n<meta name=\"twitter:card\" content=\"summary_large_image\" \/>\n<meta name=\"twitter:label1\" content=\"Est. reading time\" \/>\n\t<meta name=\"twitter:data1\" content=\"1 minute\" \/>\n<script type=\"application\/ld+json\" class=\"yoast-schema-graph\">{\"@context\":\"https:\/\/schema.org\",\"@graph\":[{\"@type\":\"WebPage\",\"@id\":\"https:\/\/www.librairieclavreuil.com\/produit\/lander-richard-et-john-journal-dune-expedition-entreprise-dans-le-but-dexplorer-le-cours-et-lembouchure-du-niger-ou-relation-dun-voyage-sur-cette-riviere-depuis-yaourie-jusqua-son-embouchu\/\",\"url\":\"https:\/\/www.librairieclavreuil.com\/produit\/lander-richard-et-john-journal-dune-expedition-entreprise-dans-le-but-dexplorer-le-cours-et-lembouchure-du-niger-ou-relation-dun-voyage-sur-cette-riviere-depuis-yaourie-jusqua-son-embouchu\/\",\"name\":\"LANDER Richard et John Journal d'une exp\u00e9dition entreprise dans le but d'explorer le cours et l'embouchure du Niger, ou relation d'un voyage sur cette rivi\u00e8re depuis Yaourie jusqu'\u00e0 son embouchure. - Libairie Clavreuil\",\"isPartOf\":{\"@id\":\"https:\/\/www.librairieclavreuil.com\/#website\"},\"primaryImageOfPage\":{\"@id\":\"https:\/\/www.librairieclavreuil.com\/produit\/lander-richard-et-john-journal-dune-expedition-entreprise-dans-le-but-dexplorer-le-cours-et-lembouchure-du-niger-ou-relation-dun-voyage-sur-cette-riviere-depuis-yaourie-jusqua-son-embouchu\/#primaryimage\"},\"image\":{\"@id\":\"https:\/\/www.librairieclavreuil.com\/produit\/lander-richard-et-john-journal-dune-expedition-entreprise-dans-le-but-dexplorer-le-cours-et-lembouchure-du-niger-ou-relation-dun-voyage-sur-cette-riviere-depuis-yaourie-jusqua-son-embouchu\/#primaryimage\"},\"thumbnailUrl\":\"https:\/\/www.librairieclavreuil.com\/wp-content\/uploads\/2024\/07\/richard-et-john-lander-journal-d-une-expedition-entreprise-dans-le-but-d-explorer-le-cours-et-l-embouchure-du-niger-ou-relation-d-un-voyage-sur-cette-.jpg\",\"datePublished\":\"2024-07-19T11:03:58+00:00\",\"dateModified\":\"2024-07-19T12:36:07+00:00\",\"breadcrumb\":{\"@id\":\"https:\/\/www.librairieclavreuil.com\/produit\/lander-richard-et-john-journal-dune-expedition-entreprise-dans-le-but-dexplorer-le-cours-et-lembouchure-du-niger-ou-relation-dun-voyage-sur-cette-riviere-depuis-yaourie-jusqua-son-embouchu\/#breadcrumb\"},\"inLanguage\":\"en-US\",\"potentialAction\":[{\"@type\":\"ReadAction\",\"target\":[\"https:\/\/www.librairieclavreuil.com\/produit\/lander-richard-et-john-journal-dune-expedition-entreprise-dans-le-but-dexplorer-le-cours-et-lembouchure-du-niger-ou-relation-dun-voyage-sur-cette-riviere-depuis-yaourie-jusqua-son-embouchu\/\"]}]},{\"@type\":\"ImageObject\",\"inLanguage\":\"en-US\",\"@id\":\"https:\/\/www.librairieclavreuil.com\/produit\/lander-richard-et-john-journal-dune-expedition-entreprise-dans-le-but-dexplorer-le-cours-et-lembouchure-du-niger-ou-relation-dun-voyage-sur-cette-riviere-depuis-yaourie-jusqua-son-embouchu\/#primaryimage\",\"url\":\"https:\/\/www.librairieclavreuil.com\/wp-content\/uploads\/2024\/07\/richard-et-john-lander-journal-d-une-expedition-entreprise-dans-le-but-d-explorer-le-cours-et-l-embouchure-du-niger-ou-relation-d-un-voyage-sur-cette-.jpg\",\"contentUrl\":\"https:\/\/www.librairieclavreuil.com\/wp-content\/uploads\/2024\/07\/richard-et-john-lander-journal-d-une-expedition-entreprise-dans-le-but-d-explorer-le-cours-et-l-embouchure-du-niger-ou-relation-d-un-voyage-sur-cette-.jpg\",\"width\":648,\"height\":800},{\"@type\":\"BreadcrumbList\",\"@id\":\"https:\/\/www.librairieclavreuil.com\/produit\/lander-richard-et-john-journal-dune-expedition-entreprise-dans-le-but-dexplorer-le-cours-et-lembouchure-du-niger-ou-relation-dun-voyage-sur-cette-riviere-depuis-yaourie-jusqua-son-embouchu\/#breadcrumb\",\"itemListElement\":[{\"@type\":\"ListItem\",\"position\":1,\"name\":\"Accueil\",\"item\":\"https:\/\/www.librairieclavreuil.com\/\"},{\"@type\":\"ListItem\",\"position\":2,\"name\":\"All our books\",\"item\":\"https:\/\/www.librairieclavreuil.com\/en\/all-our-books\/\"},{\"@type\":\"ListItem\",\"position\":3,\"name\":\"LANDER Richard et John Journal d&rsquo;une exp\u00e9dition entreprise...\"}]},{\"@type\":\"WebSite\",\"@id\":\"https:\/\/www.librairieclavreuil.com\/#website\",\"url\":\"https:\/\/www.librairieclavreuil.com\/\",\"name\":\"Libairie Clavreuil\",\"description\":\"Livres anciens, manuscrits rares et \u00e9ditions originales \u2013 Librairie Clavreuil\",\"publisher\":{\"@id\":\"https:\/\/www.librairieclavreuil.com\/#organization\"},\"potentialAction\":[{\"@type\":\"SearchAction\",\"target\":{\"@type\":\"EntryPoint\",\"urlTemplate\":\"https:\/\/www.librairieclavreuil.com\/?s={search_term_string}\"},\"query-input\":{\"@type\":\"PropertyValueSpecification\",\"valueRequired\":true,\"valueName\":\"search_term_string\"}}],\"inLanguage\":\"en-US\"},{\"@type\":\"Organization\",\"@id\":\"https:\/\/www.librairieclavreuil.com\/#organization\",\"name\":\"Libairie Clavreuil\",\"url\":\"https:\/\/www.librairieclavreuil.com\/\",\"logo\":{\"@type\":\"ImageObject\",\"inLanguage\":\"en-US\",\"@id\":\"https:\/\/www.librairieclavreuil.com\/#\/schema\/logo\/image\/\",\"url\":\"https:\/\/www.librairieclavreuil.com\/wp-content\/uploads\/2021\/06\/cropped-LOGO_PNG_DATE-_gold-512x512-1.png\",\"contentUrl\":\"https:\/\/www.librairieclavreuil.com\/wp-content\/uploads\/2021\/06\/cropped-LOGO_PNG_DATE-_gold-512x512-1.png\",\"width\":512,\"height\":512,\"caption\":\"Libairie Clavreuil\"},\"image\":{\"@id\":\"https:\/\/www.librairieclavreuil.com\/#\/schema\/logo\/image\/\"},\"sameAs\":[\"https:\/\/www.instagram.com\/librairieclavreuil\/\"]}]}<\/script>\n<!-- \/ Yoast SEO plugin. -->","yoast_head_json":{"title":"LANDER Richard et John Journal d'une exp\u00e9dition entreprise dans le but d'explorer le cours et l'embouchure du Niger, ou relation d'un voyage sur cette rivi\u00e8re depuis Yaourie jusqu'\u00e0 son embouchure. - Libairie Clavreuil","robots":{"index":"index","follow":"follow","max-snippet":"max-snippet:-1","max-image-preview":"max-image-preview:large","max-video-preview":"max-video-preview:-1"},"canonical":"https:\/\/www.librairieclavreuil.com\/produit\/lander-richard-et-john-journal-dune-expedition-entreprise-dans-le-but-dexplorer-le-cours-et-lembouchure-du-niger-ou-relation-dun-voyage-sur-cette-riviere-depuis-yaourie-jusqua-son-embouchu\/","og_locale":"en_US","og_type":"article","og_title":"LANDER Richard et John Journal d'une exp\u00e9dition entreprise dans le but d'explorer le cours et l'embouchure du Niger, ou relation d'un voyage sur cette rivi\u00e8re depuis Yaourie jusqu'\u00e0 son embouchure. - Libairie Clavreuil","og_description":"3 volumes, 8vo (207 x 130 mm) 354 pp., 2 engraved maps (1 folding) for volumeI ; 348 pp., 3 engraved plates for volume II ; 395 pp., 2 engraved plates for volume III. Contemporary half-green shagreen, spine gilt with raised bands.","og_url":"https:\/\/www.librairieclavreuil.com\/produit\/lander-richard-et-john-journal-dune-expedition-entreprise-dans-le-but-dexplorer-le-cours-et-lembouchure-du-niger-ou-relation-dun-voyage-sur-cette-riviere-depuis-yaourie-jusqua-son-embouchu\/","og_site_name":"Libairie Clavreuil","article_modified_time":"2024-07-19T12:36:07+00:00","og_image":[{"width":648,"height":800,"url":"https:\/\/www.librairieclavreuil.com\/wp-content\/uploads\/2024\/07\/richard-et-john-lander-journal-d-une-expedition-entreprise-dans-le-but-d-explorer-le-cours-et-l-embouchure-du-niger-ou-relation-d-un-voyage-sur-cette-.jpg","type":"image\/jpeg"}],"twitter_card":"summary_large_image","twitter_misc":{"Est. reading time":"1 minute"},"schema":{"@context":"https:\/\/schema.org","@graph":[{"@type":"WebPage","@id":"https:\/\/www.librairieclavreuil.com\/produit\/lander-richard-et-john-journal-dune-expedition-entreprise-dans-le-but-dexplorer-le-cours-et-lembouchure-du-niger-ou-relation-dun-voyage-sur-cette-riviere-depuis-yaourie-jusqua-son-embouchu\/","url":"https:\/\/www.librairieclavreuil.com\/produit\/lander-richard-et-john-journal-dune-expedition-entreprise-dans-le-but-dexplorer-le-cours-et-lembouchure-du-niger-ou-relation-dun-voyage-sur-cette-riviere-depuis-yaourie-jusqua-son-embouchu\/","name":"LANDER Richard et John Journal d'une exp\u00e9dition entreprise dans le but d'explorer le cours et l'embouchure du Niger, ou relation d'un voyage sur cette rivi\u00e8re depuis Yaourie jusqu'\u00e0 son embouchure. - Libairie Clavreuil","isPartOf":{"@id":"https:\/\/www.librairieclavreuil.com\/#website"},"primaryImageOfPage":{"@id":"https:\/\/www.librairieclavreuil.com\/produit\/lander-richard-et-john-journal-dune-expedition-entreprise-dans-le-but-dexplorer-le-cours-et-lembouchure-du-niger-ou-relation-dun-voyage-sur-cette-riviere-depuis-yaourie-jusqua-son-embouchu\/#primaryimage"},"image":{"@id":"https:\/\/www.librairieclavreuil.com\/produit\/lander-richard-et-john-journal-dune-expedition-entreprise-dans-le-but-dexplorer-le-cours-et-lembouchure-du-niger-ou-relation-dun-voyage-sur-cette-riviere-depuis-yaourie-jusqua-son-embouchu\/#primaryimage"},"thumbnailUrl":"https:\/\/www.librairieclavreuil.com\/wp-content\/uploads\/2024\/07\/richard-et-john-lander-journal-d-une-expedition-entreprise-dans-le-but-d-explorer-le-cours-et-l-embouchure-du-niger-ou-relation-d-un-voyage-sur-cette-.jpg","datePublished":"2024-07-19T11:03:58+00:00","dateModified":"2024-07-19T12:36:07+00:00","breadcrumb":{"@id":"https:\/\/www.librairieclavreuil.com\/produit\/lander-richard-et-john-journal-dune-expedition-entreprise-dans-le-but-dexplorer-le-cours-et-lembouchure-du-niger-ou-relation-dun-voyage-sur-cette-riviere-depuis-yaourie-jusqua-son-embouchu\/#breadcrumb"},"inLanguage":"en-US","potentialAction":[{"@type":"ReadAction","target":["https:\/\/www.librairieclavreuil.com\/produit\/lander-richard-et-john-journal-dune-expedition-entreprise-dans-le-but-dexplorer-le-cours-et-lembouchure-du-niger-ou-relation-dun-voyage-sur-cette-riviere-depuis-yaourie-jusqua-son-embouchu\/"]}]},{"@type":"ImageObject","inLanguage":"en-US","@id":"https:\/\/www.librairieclavreuil.com\/produit\/lander-richard-et-john-journal-dune-expedition-entreprise-dans-le-but-dexplorer-le-cours-et-lembouchure-du-niger-ou-relation-dun-voyage-sur-cette-riviere-depuis-yaourie-jusqua-son-embouchu\/#primaryimage","url":"https:\/\/www.librairieclavreuil.com\/wp-content\/uploads\/2024\/07\/richard-et-john-lander-journal-d-une-expedition-entreprise-dans-le-but-d-explorer-le-cours-et-l-embouchure-du-niger-ou-relation-d-un-voyage-sur-cette-.jpg","contentUrl":"https:\/\/www.librairieclavreuil.com\/wp-content\/uploads\/2024\/07\/richard-et-john-lander-journal-d-une-expedition-entreprise-dans-le-but-d-explorer-le-cours-et-l-embouchure-du-niger-ou-relation-d-un-voyage-sur-cette-.jpg","width":648,"height":800},{"@type":"BreadcrumbList","@id":"https:\/\/www.librairieclavreuil.com\/produit\/lander-richard-et-john-journal-dune-expedition-entreprise-dans-le-but-dexplorer-le-cours-et-lembouchure-du-niger-ou-relation-dun-voyage-sur-cette-riviere-depuis-yaourie-jusqua-son-embouchu\/#breadcrumb","itemListElement":[{"@type":"ListItem","position":1,"name":"Accueil","item":"https:\/\/www.librairieclavreuil.com\/"},{"@type":"ListItem","position":2,"name":"All our books","item":"https:\/\/www.librairieclavreuil.com\/en\/all-our-books\/"},{"@type":"ListItem","position":3,"name":"LANDER Richard et John Journal d&rsquo;une exp\u00e9dition entreprise..."}]},{"@type":"WebSite","@id":"https:\/\/www.librairieclavreuil.com\/#website","url":"https:\/\/www.librairieclavreuil.com\/","name":"Libairie Clavreuil","description":"Livres anciens, manuscrits rares et \u00e9ditions originales \u2013 Librairie Clavreuil","publisher":{"@id":"https:\/\/www.librairieclavreuil.com\/#organization"},"potentialAction":[{"@type":"SearchAction","target":{"@type":"EntryPoint","urlTemplate":"https:\/\/www.librairieclavreuil.com\/?s={search_term_string}"},"query-input":{"@type":"PropertyValueSpecification","valueRequired":true,"valueName":"search_term_string"}}],"inLanguage":"en-US"},{"@type":"Organization","@id":"https:\/\/www.librairieclavreuil.com\/#organization","name":"Libairie Clavreuil","url":"https:\/\/www.librairieclavreuil.com\/","logo":{"@type":"ImageObject","inLanguage":"en-US","@id":"https:\/\/www.librairieclavreuil.com\/#\/schema\/logo\/image\/","url":"https:\/\/www.librairieclavreuil.com\/wp-content\/uploads\/2021\/06\/cropped-LOGO_PNG_DATE-_gold-512x512-1.png","contentUrl":"https:\/\/www.librairieclavreuil.com\/wp-content\/uploads\/2021\/06\/cropped-LOGO_PNG_DATE-_gold-512x512-1.png","width":512,"height":512,"caption":"Libairie Clavreuil"},"image":{"@id":"https:\/\/www.librairieclavreuil.com\/#\/schema\/logo\/image\/"},"sameAs":["https:\/\/www.instagram.com\/librairieclavreuil\/"]}]}},"jetpack_sharing_enabled":true,"_links":{"self":[{"href":"https:\/\/www.librairieclavreuil.com\/en\/wp-json\/wp\/v2\/product\/81275","targetHints":{"allow":["GET"]}}],"collection":[{"href":"https:\/\/www.librairieclavreuil.com\/en\/wp-json\/wp\/v2\/product"}],"about":[{"href":"https:\/\/www.librairieclavreuil.com\/en\/wp-json\/wp\/v2\/types\/product"}],"replies":[{"embeddable":true,"href":"https:\/\/www.librairieclavreuil.com\/en\/wp-json\/wp\/v2\/comments?post=81275"}],"wp:featuredmedia":[{"embeddable":true,"href":"https:\/\/www.librairieclavreuil.com\/en\/wp-json\/wp\/v2\/media\/81266"}],"wp:attachment":[{"href":"https:\/\/www.librairieclavreuil.com\/en\/wp-json\/wp\/v2\/media?parent=81275"}],"wp:term":[{"taxonomy":"product_brand","embeddable":true,"href":"https:\/\/www.librairieclavreuil.com\/en\/wp-json\/wp\/v2\/product_brand?post=81275"},{"taxonomy":"product_cat","embeddable":true,"href":"https:\/\/www.librairieclavreuil.com\/en\/wp-json\/wp\/v2\/product_cat?post=81275"},{"taxonomy":"product_tag","embeddable":true,"href":"https:\/\/www.librairieclavreuil.com\/en\/wp-json\/wp\/v2\/product_tag?post=81275"}],"curies":[{"name":"wp","href":"https:\/\/api.w.org\/{rel}","templated":true}]}}