{"id":81243,"date":"2024-07-18T16:19:47","date_gmt":"2024-07-18T14:19:47","guid":{"rendered":"https:\/\/www.librairieclavreuil.com\/blessebois-pierre-corneille-le-zombi-du-grand-perou-ou-la-comtesse-de-cocagne\/"},"modified":"2024-10-31T16:39:47","modified_gmt":"2024-10-31T15:39:47","slug":"blessebois-pierre-corneille-le-zombi-du-grand-perou-ou-la-comtesse-de-cocagne","status":"publish","type":"product","link":"https:\/\/www.librairieclavreuil.com\/en\/blessebois-pierre-corneille-le-zombi-du-grand-perou-ou-la-comtesse-de-cocagne\/","title":{"rendered":"BLESSEBOIS Pierre Corneille Le Zombi du Grand P\u00e9rou..."},"content":{"rendered":"<p style=\"text-align:justify\"><i>See Charles Nodier, M\u00e9langes tir\u00e9s d&#8217;une petite biblioth\u00e8que, p. 366 ff.<\/i><\/p>\n<p style=\"text-align:justify\">A new edition of this &#8220;colonial novel&#8221;, first published in 1697, here in an edition of 100 numbered copies. It is preceded by a long and learned study on the life and works of Pierre de Corneille Blessebois. In particular, there is an interesting note on the work, the rarest by the author, and the three or four known copies of the first edition.<\/p>\n<p style=\"text-align:justify\">&#8220;C&#8217;est la relation d&#8217;une aventure arriv\u00e9e \u00e0 l&#8217;auteur pendant le s\u00e9jour qu&#8217;il fit aux Antilles fran\u00e7aises, Zombi en patois cr\u00e9ole est un mot qui signifie un fantome&#8230; et le Grand P\u00e9rou d\u00e9signe une habitation fort connue&#8230;&#8221; It was Charles Nodier who identified the author as &#8216;Corneille Blessebois&#8217;, and he notes the following about this work, whose first edition is extremely rare: &#8220;Roman fac\u00e9tieux et obsc\u00e8ne dont il n&#8217;est fait mention dans aucun bibliographe, et dont je ne me souviens pas d&#8217;avoir vu le titre dans aucun catalogue. Le Zombi est, en patois cr\u00e9ole, un esprit, un fant\u00f4me, un sorcier. Dans l&#8217;admirable nouvelle de Bug-Jargal, Victor Hugo appelle Obi un jongleur malfaisant ; c&#8217;est probablement une variante de dialecte ou de prononciation. Le Grand-P\u00e9rou est une habitation fort connue, au moins \u00e0 l&#8217;\u00e9poque o\u00f9 le livre a \u00e9t\u00e9 \u00e9crit, dans une de nos possessions fran\u00e7oises des Antilles que nous occupions depuis plus de cinquante ans. Tous les termes de localit\u00e9s, multipli\u00e9s dans ce libelle, rappellent le m\u00eame pays; c&#8217;est la rivi\u00e8re de Go\u00efaves, c&#8217;est le Marigot, le Carbet, la Cabesse-Terre, la Basse-Terre, le Dos d&#8217;Ane, les Trois-Rivi\u00e8res, et jusqu&#8217;\u00e0 des noms propres qui ne sont pas encore effac\u00e9s du souvenirs de nos derniers colons&#8221;.<\/p>\n<p style=\"text-align:justify\">Some occasional foxing, otherwise a very good copy of 90 on &#8216;papier verg\u00e9&#8217; (after 10 on &#8216;Hollande&#8217;).<\/p>\n","protected":false},"excerpt":{"rendered":"<p style=\"text-align:justify\">12mo (178 x 113 mm) LV, 60 pp. Contemporary dark green half-sheep, flat spine gilt.<\/p>\n","protected":false},"featured_media":81236,"comment_status":"open","ping_status":"closed","template":"","meta":{"_acf_changed":false},"product_brand":[],"product_cat":[552],"product_tag":[1363],"class_list":{"0":"post-81243","1":"product","2":"type-product","3":"status-publish","4":"has-post-thumbnail","6":"product_cat-travel","7":"product_tag-caribbean","8":"pa_auteur-blessebois-pierre-corneille-2","9":"pa_type-de-livre-printed-book","11":"first","12":"instock","13":"shipping-taxable","14":"purchasable","15":"product-type-simple"},"acf":{"artist":" Pierre Corneille BLESSEBOIS","chapeau":"","adresse_bibliographique":"Paris, 1867","book_type":"Printed book","provenance":"","afficher_prix":""},"yoast_head":"<!-- This site is optimized with the Yoast SEO plugin v24.7 - https:\/\/yoast.com\/wordpress\/plugins\/seo\/ -->\n<title>BLESSEBOIS Pierre Corneille Le Zombi du Grand P\u00e9rou ou la Comtesse de Cocagne. - Libairie Clavreuil<\/title>\n<meta name=\"robots\" content=\"index, follow, max-snippet:-1, max-image-preview:large, max-video-preview:-1\" \/>\n<link rel=\"canonical\" href=\"https:\/\/www.librairieclavreuil.com\/en\/blessebois-pierre-corneille-le-zombi-du-grand-perou-ou-la-comtesse-de-cocagne\/\" \/>\n<meta property=\"og:locale\" content=\"en_US\" \/>\n<meta property=\"og:type\" content=\"article\" \/>\n<meta property=\"og:title\" content=\"BLESSEBOIS Pierre Corneille Le Zombi du Grand P\u00e9rou ou la Comtesse de Cocagne. - Libairie Clavreuil\" \/>\n<meta property=\"og:description\" content=\"12mo (178 x 113 mm) LV, 60 pp. Contemporary dark green half-sheep, flat spine gilt.\" \/>\n<meta property=\"og:url\" content=\"https:\/\/www.librairieclavreuil.com\/en\/blessebois-pierre-corneille-le-zombi-du-grand-perou-ou-la-comtesse-de-cocagne\/\" \/>\n<meta property=\"og:site_name\" content=\"Libairie Clavreuil\" \/>\n<meta property=\"article:modified_time\" content=\"2024-10-31T15:39:47+00:00\" \/>\n<meta property=\"og:image\" content=\"https:\/\/www.librairieclavreuil.com\/wp-content\/uploads\/2024\/07\/pierre-corneille-blessebois-le-zombi-du-grand-perou-ou-la-comtesse-de-cocagne-3396-65f878797407f.jpg\" \/>\n\t<meta property=\"og:image:width\" content=\"600\" \/>\n\t<meta property=\"og:image:height\" content=\"800\" \/>\n\t<meta property=\"og:image:type\" content=\"image\/jpeg\" \/>\n<meta name=\"twitter:card\" content=\"summary_large_image\" \/>\n<meta name=\"twitter:label1\" content=\"Est. reading time\" \/>\n\t<meta name=\"twitter:data1\" content=\"2 minutes\" \/>\n<script type=\"application\/ld+json\" class=\"yoast-schema-graph\">{\"@context\":\"https:\/\/schema.org\",\"@graph\":[{\"@type\":\"WebPage\",\"@id\":\"https:\/\/www.librairieclavreuil.com\/en\/blessebois-pierre-corneille-le-zombi-du-grand-perou-ou-la-comtesse-de-cocagne\/\",\"url\":\"https:\/\/www.librairieclavreuil.com\/en\/blessebois-pierre-corneille-le-zombi-du-grand-perou-ou-la-comtesse-de-cocagne\/\",\"name\":\"BLESSEBOIS Pierre Corneille Le Zombi du Grand P\u00e9rou ou la Comtesse de Cocagne. - Libairie Clavreuil\",\"isPartOf\":{\"@id\":\"https:\/\/www.librairieclavreuil.com\/#website\"},\"primaryImageOfPage\":{\"@id\":\"https:\/\/www.librairieclavreuil.com\/en\/blessebois-pierre-corneille-le-zombi-du-grand-perou-ou-la-comtesse-de-cocagne\/#primaryimage\"},\"image\":{\"@id\":\"https:\/\/www.librairieclavreuil.com\/en\/blessebois-pierre-corneille-le-zombi-du-grand-perou-ou-la-comtesse-de-cocagne\/#primaryimage\"},\"thumbnailUrl\":\"https:\/\/www.librairieclavreuil.com\/wp-content\/uploads\/2024\/07\/pierre-corneille-blessebois-le-zombi-du-grand-perou-ou-la-comtesse-de-cocagne-3396-65f878797407f.jpg\",\"datePublished\":\"2024-07-18T14:19:47+00:00\",\"dateModified\":\"2024-10-31T15:39:47+00:00\",\"breadcrumb\":{\"@id\":\"https:\/\/www.librairieclavreuil.com\/en\/blessebois-pierre-corneille-le-zombi-du-grand-perou-ou-la-comtesse-de-cocagne\/#breadcrumb\"},\"inLanguage\":\"en-US\",\"potentialAction\":[{\"@type\":\"ReadAction\",\"target\":[\"https:\/\/www.librairieclavreuil.com\/en\/blessebois-pierre-corneille-le-zombi-du-grand-perou-ou-la-comtesse-de-cocagne\/\"]}]},{\"@type\":\"ImageObject\",\"inLanguage\":\"en-US\",\"@id\":\"https:\/\/www.librairieclavreuil.com\/en\/blessebois-pierre-corneille-le-zombi-du-grand-perou-ou-la-comtesse-de-cocagne\/#primaryimage\",\"url\":\"https:\/\/www.librairieclavreuil.com\/wp-content\/uploads\/2024\/07\/pierre-corneille-blessebois-le-zombi-du-grand-perou-ou-la-comtesse-de-cocagne-3396-65f878797407f.jpg\",\"contentUrl\":\"https:\/\/www.librairieclavreuil.com\/wp-content\/uploads\/2024\/07\/pierre-corneille-blessebois-le-zombi-du-grand-perou-ou-la-comtesse-de-cocagne-3396-65f878797407f.jpg\",\"width\":600,\"height\":800},{\"@type\":\"BreadcrumbList\",\"@id\":\"https:\/\/www.librairieclavreuil.com\/en\/blessebois-pierre-corneille-le-zombi-du-grand-perou-ou-la-comtesse-de-cocagne\/#breadcrumb\",\"itemListElement\":[{\"@type\":\"ListItem\",\"position\":1,\"name\":\"Accueil\",\"item\":\"https:\/\/www.librairieclavreuil.com\/\"},{\"@type\":\"ListItem\",\"position\":2,\"name\":\"All our books\",\"item\":\"https:\/\/www.librairieclavreuil.com\/en\/all-our-books\/\"},{\"@type\":\"ListItem\",\"position\":3,\"name\":\"BLESSEBOIS Pierre Corneille Le Zombi du Grand P\u00e9rou ou la Comtesse de Cocagne.\"}]},{\"@type\":\"WebSite\",\"@id\":\"https:\/\/www.librairieclavreuil.com\/#website\",\"url\":\"https:\/\/www.librairieclavreuil.com\/\",\"name\":\"Libairie Clavreuil\",\"description\":\"Livres anciens, manuscrits rares et \u00e9ditions originales \u2013 Librairie Clavreuil\",\"publisher\":{\"@id\":\"https:\/\/www.librairieclavreuil.com\/#organization\"},\"potentialAction\":[{\"@type\":\"SearchAction\",\"target\":{\"@type\":\"EntryPoint\",\"urlTemplate\":\"https:\/\/www.librairieclavreuil.com\/?s={search_term_string}\"},\"query-input\":{\"@type\":\"PropertyValueSpecification\",\"valueRequired\":true,\"valueName\":\"search_term_string\"}}],\"inLanguage\":\"en-US\"},{\"@type\":\"Organization\",\"@id\":\"https:\/\/www.librairieclavreuil.com\/#organization\",\"name\":\"Libairie Clavreuil\",\"url\":\"https:\/\/www.librairieclavreuil.com\/\",\"logo\":{\"@type\":\"ImageObject\",\"inLanguage\":\"en-US\",\"@id\":\"https:\/\/www.librairieclavreuil.com\/#\/schema\/logo\/image\/\",\"url\":\"https:\/\/www.librairieclavreuil.com\/wp-content\/uploads\/2021\/06\/cropped-LOGO_PNG_DATE-_gold-512x512-1.png\",\"contentUrl\":\"https:\/\/www.librairieclavreuil.com\/wp-content\/uploads\/2021\/06\/cropped-LOGO_PNG_DATE-_gold-512x512-1.png\",\"width\":512,\"height\":512,\"caption\":\"Libairie Clavreuil\"},\"image\":{\"@id\":\"https:\/\/www.librairieclavreuil.com\/#\/schema\/logo\/image\/\"},\"sameAs\":[\"https:\/\/www.instagram.com\/librairieclavreuil\/\"]}]}<\/script>\n<!-- \/ Yoast SEO plugin. -->","yoast_head_json":{"title":"BLESSEBOIS Pierre Corneille Le Zombi du Grand P\u00e9rou ou la Comtesse de Cocagne. - Libairie Clavreuil","robots":{"index":"index","follow":"follow","max-snippet":"max-snippet:-1","max-image-preview":"max-image-preview:large","max-video-preview":"max-video-preview:-1"},"canonical":"https:\/\/www.librairieclavreuil.com\/en\/blessebois-pierre-corneille-le-zombi-du-grand-perou-ou-la-comtesse-de-cocagne\/","og_locale":"en_US","og_type":"article","og_title":"BLESSEBOIS Pierre Corneille Le Zombi du Grand P\u00e9rou ou la Comtesse de Cocagne. - Libairie Clavreuil","og_description":"12mo (178 x 113 mm) LV, 60 pp. Contemporary dark green half-sheep, flat spine gilt.","og_url":"https:\/\/www.librairieclavreuil.com\/en\/blessebois-pierre-corneille-le-zombi-du-grand-perou-ou-la-comtesse-de-cocagne\/","og_site_name":"Libairie Clavreuil","article_modified_time":"2024-10-31T15:39:47+00:00","og_image":[{"width":600,"height":800,"url":"https:\/\/www.librairieclavreuil.com\/wp-content\/uploads\/2024\/07\/pierre-corneille-blessebois-le-zombi-du-grand-perou-ou-la-comtesse-de-cocagne-3396-65f878797407f.jpg","type":"image\/jpeg"}],"twitter_card":"summary_large_image","twitter_misc":{"Est. reading time":"2 minutes"},"schema":{"@context":"https:\/\/schema.org","@graph":[{"@type":"WebPage","@id":"https:\/\/www.librairieclavreuil.com\/en\/blessebois-pierre-corneille-le-zombi-du-grand-perou-ou-la-comtesse-de-cocagne\/","url":"https:\/\/www.librairieclavreuil.com\/en\/blessebois-pierre-corneille-le-zombi-du-grand-perou-ou-la-comtesse-de-cocagne\/","name":"BLESSEBOIS Pierre Corneille Le Zombi du Grand P\u00e9rou ou la Comtesse de Cocagne. - Libairie Clavreuil","isPartOf":{"@id":"https:\/\/www.librairieclavreuil.com\/#website"},"primaryImageOfPage":{"@id":"https:\/\/www.librairieclavreuil.com\/en\/blessebois-pierre-corneille-le-zombi-du-grand-perou-ou-la-comtesse-de-cocagne\/#primaryimage"},"image":{"@id":"https:\/\/www.librairieclavreuil.com\/en\/blessebois-pierre-corneille-le-zombi-du-grand-perou-ou-la-comtesse-de-cocagne\/#primaryimage"},"thumbnailUrl":"https:\/\/www.librairieclavreuil.com\/wp-content\/uploads\/2024\/07\/pierre-corneille-blessebois-le-zombi-du-grand-perou-ou-la-comtesse-de-cocagne-3396-65f878797407f.jpg","datePublished":"2024-07-18T14:19:47+00:00","dateModified":"2024-10-31T15:39:47+00:00","breadcrumb":{"@id":"https:\/\/www.librairieclavreuil.com\/en\/blessebois-pierre-corneille-le-zombi-du-grand-perou-ou-la-comtesse-de-cocagne\/#breadcrumb"},"inLanguage":"en-US","potentialAction":[{"@type":"ReadAction","target":["https:\/\/www.librairieclavreuil.com\/en\/blessebois-pierre-corneille-le-zombi-du-grand-perou-ou-la-comtesse-de-cocagne\/"]}]},{"@type":"ImageObject","inLanguage":"en-US","@id":"https:\/\/www.librairieclavreuil.com\/en\/blessebois-pierre-corneille-le-zombi-du-grand-perou-ou-la-comtesse-de-cocagne\/#primaryimage","url":"https:\/\/www.librairieclavreuil.com\/wp-content\/uploads\/2024\/07\/pierre-corneille-blessebois-le-zombi-du-grand-perou-ou-la-comtesse-de-cocagne-3396-65f878797407f.jpg","contentUrl":"https:\/\/www.librairieclavreuil.com\/wp-content\/uploads\/2024\/07\/pierre-corneille-blessebois-le-zombi-du-grand-perou-ou-la-comtesse-de-cocagne-3396-65f878797407f.jpg","width":600,"height":800},{"@type":"BreadcrumbList","@id":"https:\/\/www.librairieclavreuil.com\/en\/blessebois-pierre-corneille-le-zombi-du-grand-perou-ou-la-comtesse-de-cocagne\/#breadcrumb","itemListElement":[{"@type":"ListItem","position":1,"name":"Accueil","item":"https:\/\/www.librairieclavreuil.com\/"},{"@type":"ListItem","position":2,"name":"All our books","item":"https:\/\/www.librairieclavreuil.com\/en\/all-our-books\/"},{"@type":"ListItem","position":3,"name":"BLESSEBOIS Pierre Corneille Le Zombi du Grand P\u00e9rou ou la Comtesse de Cocagne."}]},{"@type":"WebSite","@id":"https:\/\/www.librairieclavreuil.com\/#website","url":"https:\/\/www.librairieclavreuil.com\/","name":"Libairie Clavreuil","description":"Livres anciens, manuscrits rares et \u00e9ditions originales \u2013 Librairie Clavreuil","publisher":{"@id":"https:\/\/www.librairieclavreuil.com\/#organization"},"potentialAction":[{"@type":"SearchAction","target":{"@type":"EntryPoint","urlTemplate":"https:\/\/www.librairieclavreuil.com\/?s={search_term_string}"},"query-input":{"@type":"PropertyValueSpecification","valueRequired":true,"valueName":"search_term_string"}}],"inLanguage":"en-US"},{"@type":"Organization","@id":"https:\/\/www.librairieclavreuil.com\/#organization","name":"Libairie Clavreuil","url":"https:\/\/www.librairieclavreuil.com\/","logo":{"@type":"ImageObject","inLanguage":"en-US","@id":"https:\/\/www.librairieclavreuil.com\/#\/schema\/logo\/image\/","url":"https:\/\/www.librairieclavreuil.com\/wp-content\/uploads\/2021\/06\/cropped-LOGO_PNG_DATE-_gold-512x512-1.png","contentUrl":"https:\/\/www.librairieclavreuil.com\/wp-content\/uploads\/2021\/06\/cropped-LOGO_PNG_DATE-_gold-512x512-1.png","width":512,"height":512,"caption":"Libairie Clavreuil"},"image":{"@id":"https:\/\/www.librairieclavreuil.com\/#\/schema\/logo\/image\/"},"sameAs":["https:\/\/www.instagram.com\/librairieclavreuil\/"]}]}},"jetpack_sharing_enabled":true,"_links":{"self":[{"href":"https:\/\/www.librairieclavreuil.com\/en\/wp-json\/wp\/v2\/product\/81243","targetHints":{"allow":["GET"]}}],"collection":[{"href":"https:\/\/www.librairieclavreuil.com\/en\/wp-json\/wp\/v2\/product"}],"about":[{"href":"https:\/\/www.librairieclavreuil.com\/en\/wp-json\/wp\/v2\/types\/product"}],"replies":[{"embeddable":true,"href":"https:\/\/www.librairieclavreuil.com\/en\/wp-json\/wp\/v2\/comments?post=81243"}],"wp:featuredmedia":[{"embeddable":true,"href":"https:\/\/www.librairieclavreuil.com\/en\/wp-json\/wp\/v2\/media\/81236"}],"wp:attachment":[{"href":"https:\/\/www.librairieclavreuil.com\/en\/wp-json\/wp\/v2\/media?parent=81243"}],"wp:term":[{"taxonomy":"product_brand","embeddable":true,"href":"https:\/\/www.librairieclavreuil.com\/en\/wp-json\/wp\/v2\/product_brand?post=81243"},{"taxonomy":"product_cat","embeddable":true,"href":"https:\/\/www.librairieclavreuil.com\/en\/wp-json\/wp\/v2\/product_cat?post=81243"},{"taxonomy":"product_tag","embeddable":true,"href":"https:\/\/www.librairieclavreuil.com\/en\/wp-json\/wp\/v2\/product_tag?post=81243"}],"curies":[{"name":"wp","href":"https:\/\/api.w.org\/{rel}","templated":true}]}}