{"id":81167,"date":"2024-07-18T15:15:29","date_gmt":"2024-07-18T13:15:29","guid":{"rendered":"https:\/\/www.librairieclavreuil.com\/courier-paul-louis-eloge-dhelene-traduit-disocrate\/"},"modified":"2024-07-18T15:15:38","modified_gmt":"2024-07-18T13:15:38","slug":"courier-paul-louis-eloge-dhelene-traduit-disocrate","status":"publish","type":"product","link":"https:\/\/www.librairieclavreuil.com\/en\/courier-paul-louis-eloge-dhelene-traduit-disocrate\/","title":{"rendered":"COURIER Paul-Louis \u00c9loge d&#8217;H\u00e9l\u00e8ne, traduit d&#8217;Isocrate."},"content":{"rendered":"<p>First edition.<\/p>\n<p>Paul-Louis Courier (1772-1825) remained famous for his pamphlets but was also a brilliant Hellenist. His translation of Isocrates&#8217; <i>\u00c9loge d&#8217;H\u00e9l\u00e8ne<\/i>, in which Theseus, the popular leader who commanded his country in such a noble and law-abiding manner, serves as a pretext for expressing his thoughts on the political situation of the time.<\/p>\n<p>Printed in March 1803, <i>L&#8217;\u00c9loge d&#8217;H\u00e9l\u00e8ne<\/i> was Courier&#8217;s first published work. Some contemporaries did not understand the translator&#8217;s intention and thought he had betrayed the author. After the volume was published, Courier wrote to his friend Jean Schweighaeuser, who had clearly missed his intentions: \u2018If the episode of Theseus is of no interest today, I have missed my goal. Here, as in everything else, I have taken almost nothing from Isocrates. You have not realised that I wanted to give a new work under an old title. It is quite the opposite of what current authors do&#8230;\u2019. On 7 May 1803, <i>Le Journal des D\u00e9bats <\/i>reported on this work in the following terms: \u2018It is not as a Hellenist, or even as a translator, that the author of the <i>\u00c9loge d&#8217;H\u00e9l\u00e8ne<\/i> should be judged.&nbsp;&nbsp;It is not as a Hellenist, or even as a translator, that the author of the \u00c9loge d&#8217;H\u00e9l\u00e8ne should be judged. In truth, I do not know why he advertised this work as a translation, for it is not a translation at all, at most it is an extremely free imitation&#8230; [he] took from Isocrates only the ideas that suited him [&#8230;] in a word, he remade the Praise of Helen after Isocrates, but in no way after him&#8221;. This attitude of eighteenth- and nineteenth-century authors to the translation of ancient texts is not uncommon. James Macpherson is often remembered for completely rewriting Celtic mythology when he transcribed <i>Ossian<\/i>. The process was so recurrent that in the first third of the nineteenth century, literary scholars called it \u2018supposed translation\u2019. Subsequently, this practice of pseudo-translation was much appreciated by the Romantics. M\u00e9rim\u00e9e, Nodier and Nerval experimented with it, finding it a way of testing new poetic devices. As we know, Paul-Louis Courrier&#8217;s approval of Bonaparte&#8217;s attitude was short-lived, and he soon became scandalised by Napoleon&#8217;s policies, as evidenced by his famous letter of 1804 (Nous venons de faire un Empereur&#8230;).<\/p>\n<p>[<strong>Bound with<\/strong> :] <strong>GRUET.<\/strong> Les Adieux d&#8217;Hector et d&#8217;Andromaque. A play which shared the prize of the Acad\u00e9mie Fran\u00e7aise in 1776. <i>Paris, Demonville, 1776.<\/i> 11 pp.- <strong>MURVILLE.<\/strong> Les Adieux d&#8217;Hector et d&#8217;Andromaque. A play which shared the prize of the Acad\u00e9mie fran\u00e7oise in 1776. <i>Paris, Demonville, 1776.<\/i> 12 pp.- <strong>And<\/strong> 139 pp. ch.103 to 242, of a translation containing: Les Amours d&#8217;H\u00e9ro et de L\u00e9andre; Coluthus ; La Prise de Troye ; L&#8217;\u00c9picurien ; La Romance de l&#8217;Hermite.<\/p>\n<p>A good copy.<\/p>\n<p>Provenance: Charles Demandre (1805-1875) poet and bibliophile, the copy also bears his ex-libris as well as that of Viollet-le-Duc.<\/p>\n","protected":false},"excerpt":{"rendered":"<p>8vo (190 x 121 mm) 1 nn.l., 41 pp. Contemporary red half-morocco, central coat of arms of Charles Demandre, flat spine gilt.<\/p>\n","protected":false},"featured_media":81162,"comment_status":"open","ping_status":"closed","template":"","meta":{"_acf_changed":false},"product_brand":[],"product_cat":[530],"product_tag":[598,1267,1450],"class_list":{"0":"post-81167","1":"product","2":"type-product","3":"status-publish","4":"has-post-thumbnail","6":"product_cat-binding","7":"product_tag-19th-century-literature","8":"product_tag-binding","9":"product_tag-first-edition","10":"pa_auteur-courier-paul-louis-2","11":"pa_type-de-livre-printed-book","13":"first","14":"instock","15":"shipping-taxable","16":"purchasable","17":"product-type-simple"},"acf":{"artist":" Paul-Louis COURIER","chapeau":"","adresse_bibliographique":"Paris, chez Henrichs (ancienne librairie de Du Pont), 1803","book_type":"Printed book","provenance":"","afficher_prix":""},"yoast_head":"<!-- This site is optimized with the Yoast SEO plugin v24.7 - https:\/\/yoast.com\/wordpress\/plugins\/seo\/ -->\n<title>COURIER Paul-Louis \u00c9loge d&#039;H\u00e9l\u00e8ne, traduit d&#039;Isocrate. - Libairie Clavreuil<\/title>\n<meta name=\"robots\" content=\"index, follow, max-snippet:-1, max-image-preview:large, max-video-preview:-1\" \/>\n<link rel=\"canonical\" href=\"https:\/\/www.librairieclavreuil.com\/produit\/courier-paul-louis-eloge-dhelene-traduit-disocrate\/\" \/>\n<meta property=\"og:locale\" content=\"en_US\" \/>\n<meta property=\"og:type\" content=\"article\" \/>\n<meta property=\"og:title\" content=\"COURIER Paul-Louis \u00c9loge d&#039;H\u00e9l\u00e8ne, traduit d&#039;Isocrate. - Libairie Clavreuil\" \/>\n<meta property=\"og:description\" content=\"8vo (190 x 121 mm) 1 nn.l., 41 pp. Contemporary red half-morocco, central coat of arms of Charles Demandre, flat spine gilt.\" \/>\n<meta property=\"og:url\" content=\"https:\/\/www.librairieclavreuil.com\/produit\/courier-paul-louis-eloge-dhelene-traduit-disocrate\/\" \/>\n<meta property=\"og:site_name\" content=\"Libairie Clavreuil\" \/>\n<meta property=\"article:modified_time\" content=\"2024-07-18T13:15:38+00:00\" \/>\n<meta property=\"og:image\" content=\"https:\/\/www.librairieclavreuil.com\/wp-content\/uploads\/2024\/07\/paul-louis-courier-eloge-d-helene-traduit-d-isocrate-5621-662f77d8b03a7.jpg\" \/>\n\t<meta property=\"og:image:width\" content=\"605\" \/>\n\t<meta property=\"og:image:height\" content=\"800\" \/>\n\t<meta property=\"og:image:type\" content=\"image\/jpeg\" \/>\n<meta name=\"twitter:card\" content=\"summary_large_image\" \/>\n<meta name=\"twitter:label1\" content=\"Est. reading time\" \/>\n\t<meta name=\"twitter:data1\" content=\"2 minutes\" \/>\n<script type=\"application\/ld+json\" class=\"yoast-schema-graph\">{\"@context\":\"https:\/\/schema.org\",\"@graph\":[{\"@type\":\"WebPage\",\"@id\":\"https:\/\/www.librairieclavreuil.com\/produit\/courier-paul-louis-eloge-dhelene-traduit-disocrate\/\",\"url\":\"https:\/\/www.librairieclavreuil.com\/produit\/courier-paul-louis-eloge-dhelene-traduit-disocrate\/\",\"name\":\"COURIER Paul-Louis \u00c9loge d'H\u00e9l\u00e8ne, traduit d'Isocrate. - Libairie Clavreuil\",\"isPartOf\":{\"@id\":\"https:\/\/www.librairieclavreuil.com\/#website\"},\"primaryImageOfPage\":{\"@id\":\"https:\/\/www.librairieclavreuil.com\/produit\/courier-paul-louis-eloge-dhelene-traduit-disocrate\/#primaryimage\"},\"image\":{\"@id\":\"https:\/\/www.librairieclavreuil.com\/produit\/courier-paul-louis-eloge-dhelene-traduit-disocrate\/#primaryimage\"},\"thumbnailUrl\":\"https:\/\/www.librairieclavreuil.com\/wp-content\/uploads\/2024\/07\/paul-louis-courier-eloge-d-helene-traduit-d-isocrate-5621-662f77d8b03a7.jpg\",\"datePublished\":\"2024-07-18T13:15:29+00:00\",\"dateModified\":\"2024-07-18T13:15:38+00:00\",\"breadcrumb\":{\"@id\":\"https:\/\/www.librairieclavreuil.com\/produit\/courier-paul-louis-eloge-dhelene-traduit-disocrate\/#breadcrumb\"},\"inLanguage\":\"en-US\",\"potentialAction\":[{\"@type\":\"ReadAction\",\"target\":[\"https:\/\/www.librairieclavreuil.com\/produit\/courier-paul-louis-eloge-dhelene-traduit-disocrate\/\"]}]},{\"@type\":\"ImageObject\",\"inLanguage\":\"en-US\",\"@id\":\"https:\/\/www.librairieclavreuil.com\/produit\/courier-paul-louis-eloge-dhelene-traduit-disocrate\/#primaryimage\",\"url\":\"https:\/\/www.librairieclavreuil.com\/wp-content\/uploads\/2024\/07\/paul-louis-courier-eloge-d-helene-traduit-d-isocrate-5621-662f77d8b03a7.jpg\",\"contentUrl\":\"https:\/\/www.librairieclavreuil.com\/wp-content\/uploads\/2024\/07\/paul-louis-courier-eloge-d-helene-traduit-d-isocrate-5621-662f77d8b03a7.jpg\",\"width\":605,\"height\":800},{\"@type\":\"BreadcrumbList\",\"@id\":\"https:\/\/www.librairieclavreuil.com\/produit\/courier-paul-louis-eloge-dhelene-traduit-disocrate\/#breadcrumb\",\"itemListElement\":[{\"@type\":\"ListItem\",\"position\":1,\"name\":\"Accueil\",\"item\":\"https:\/\/www.librairieclavreuil.com\/\"},{\"@type\":\"ListItem\",\"position\":2,\"name\":\"All our books\",\"item\":\"https:\/\/www.librairieclavreuil.com\/en\/all-our-books\/\"},{\"@type\":\"ListItem\",\"position\":3,\"name\":\"COURIER Paul-Louis \u00c9loge d&rsquo;H\u00e9l\u00e8ne, traduit d&rsquo;Isocrate.\"}]},{\"@type\":\"WebSite\",\"@id\":\"https:\/\/www.librairieclavreuil.com\/#website\",\"url\":\"https:\/\/www.librairieclavreuil.com\/\",\"name\":\"Libairie Clavreuil\",\"description\":\"Livres anciens, manuscrits rares et \u00e9ditions originales \u2013 Librairie Clavreuil\",\"publisher\":{\"@id\":\"https:\/\/www.librairieclavreuil.com\/#organization\"},\"potentialAction\":[{\"@type\":\"SearchAction\",\"target\":{\"@type\":\"EntryPoint\",\"urlTemplate\":\"https:\/\/www.librairieclavreuil.com\/?s={search_term_string}\"},\"query-input\":{\"@type\":\"PropertyValueSpecification\",\"valueRequired\":true,\"valueName\":\"search_term_string\"}}],\"inLanguage\":\"en-US\"},{\"@type\":\"Organization\",\"@id\":\"https:\/\/www.librairieclavreuil.com\/#organization\",\"name\":\"Libairie Clavreuil\",\"url\":\"https:\/\/www.librairieclavreuil.com\/\",\"logo\":{\"@type\":\"ImageObject\",\"inLanguage\":\"en-US\",\"@id\":\"https:\/\/www.librairieclavreuil.com\/#\/schema\/logo\/image\/\",\"url\":\"https:\/\/www.librairieclavreuil.com\/wp-content\/uploads\/2021\/06\/cropped-LOGO_PNG_DATE-_gold-512x512-1.png\",\"contentUrl\":\"https:\/\/www.librairieclavreuil.com\/wp-content\/uploads\/2021\/06\/cropped-LOGO_PNG_DATE-_gold-512x512-1.png\",\"width\":512,\"height\":512,\"caption\":\"Libairie Clavreuil\"},\"image\":{\"@id\":\"https:\/\/www.librairieclavreuil.com\/#\/schema\/logo\/image\/\"},\"sameAs\":[\"https:\/\/www.instagram.com\/librairieclavreuil\/\"]}]}<\/script>\n<!-- \/ Yoast SEO plugin. -->","yoast_head_json":{"title":"COURIER Paul-Louis \u00c9loge d'H\u00e9l\u00e8ne, traduit d'Isocrate. - Libairie Clavreuil","robots":{"index":"index","follow":"follow","max-snippet":"max-snippet:-1","max-image-preview":"max-image-preview:large","max-video-preview":"max-video-preview:-1"},"canonical":"https:\/\/www.librairieclavreuil.com\/produit\/courier-paul-louis-eloge-dhelene-traduit-disocrate\/","og_locale":"en_US","og_type":"article","og_title":"COURIER Paul-Louis \u00c9loge d'H\u00e9l\u00e8ne, traduit d'Isocrate. - Libairie Clavreuil","og_description":"8vo (190 x 121 mm) 1 nn.l., 41 pp. Contemporary red half-morocco, central coat of arms of Charles Demandre, flat spine gilt.","og_url":"https:\/\/www.librairieclavreuil.com\/produit\/courier-paul-louis-eloge-dhelene-traduit-disocrate\/","og_site_name":"Libairie Clavreuil","article_modified_time":"2024-07-18T13:15:38+00:00","og_image":[{"width":605,"height":800,"url":"https:\/\/www.librairieclavreuil.com\/wp-content\/uploads\/2024\/07\/paul-louis-courier-eloge-d-helene-traduit-d-isocrate-5621-662f77d8b03a7.jpg","type":"image\/jpeg"}],"twitter_card":"summary_large_image","twitter_misc":{"Est. reading time":"2 minutes"},"schema":{"@context":"https:\/\/schema.org","@graph":[{"@type":"WebPage","@id":"https:\/\/www.librairieclavreuil.com\/produit\/courier-paul-louis-eloge-dhelene-traduit-disocrate\/","url":"https:\/\/www.librairieclavreuil.com\/produit\/courier-paul-louis-eloge-dhelene-traduit-disocrate\/","name":"COURIER Paul-Louis \u00c9loge d'H\u00e9l\u00e8ne, traduit d'Isocrate. - Libairie Clavreuil","isPartOf":{"@id":"https:\/\/www.librairieclavreuil.com\/#website"},"primaryImageOfPage":{"@id":"https:\/\/www.librairieclavreuil.com\/produit\/courier-paul-louis-eloge-dhelene-traduit-disocrate\/#primaryimage"},"image":{"@id":"https:\/\/www.librairieclavreuil.com\/produit\/courier-paul-louis-eloge-dhelene-traduit-disocrate\/#primaryimage"},"thumbnailUrl":"https:\/\/www.librairieclavreuil.com\/wp-content\/uploads\/2024\/07\/paul-louis-courier-eloge-d-helene-traduit-d-isocrate-5621-662f77d8b03a7.jpg","datePublished":"2024-07-18T13:15:29+00:00","dateModified":"2024-07-18T13:15:38+00:00","breadcrumb":{"@id":"https:\/\/www.librairieclavreuil.com\/produit\/courier-paul-louis-eloge-dhelene-traduit-disocrate\/#breadcrumb"},"inLanguage":"en-US","potentialAction":[{"@type":"ReadAction","target":["https:\/\/www.librairieclavreuil.com\/produit\/courier-paul-louis-eloge-dhelene-traduit-disocrate\/"]}]},{"@type":"ImageObject","inLanguage":"en-US","@id":"https:\/\/www.librairieclavreuil.com\/produit\/courier-paul-louis-eloge-dhelene-traduit-disocrate\/#primaryimage","url":"https:\/\/www.librairieclavreuil.com\/wp-content\/uploads\/2024\/07\/paul-louis-courier-eloge-d-helene-traduit-d-isocrate-5621-662f77d8b03a7.jpg","contentUrl":"https:\/\/www.librairieclavreuil.com\/wp-content\/uploads\/2024\/07\/paul-louis-courier-eloge-d-helene-traduit-d-isocrate-5621-662f77d8b03a7.jpg","width":605,"height":800},{"@type":"BreadcrumbList","@id":"https:\/\/www.librairieclavreuil.com\/produit\/courier-paul-louis-eloge-dhelene-traduit-disocrate\/#breadcrumb","itemListElement":[{"@type":"ListItem","position":1,"name":"Accueil","item":"https:\/\/www.librairieclavreuil.com\/"},{"@type":"ListItem","position":2,"name":"All our books","item":"https:\/\/www.librairieclavreuil.com\/en\/all-our-books\/"},{"@type":"ListItem","position":3,"name":"COURIER Paul-Louis \u00c9loge d&rsquo;H\u00e9l\u00e8ne, traduit d&rsquo;Isocrate."}]},{"@type":"WebSite","@id":"https:\/\/www.librairieclavreuil.com\/#website","url":"https:\/\/www.librairieclavreuil.com\/","name":"Libairie Clavreuil","description":"Livres anciens, manuscrits rares et \u00e9ditions originales \u2013 Librairie Clavreuil","publisher":{"@id":"https:\/\/www.librairieclavreuil.com\/#organization"},"potentialAction":[{"@type":"SearchAction","target":{"@type":"EntryPoint","urlTemplate":"https:\/\/www.librairieclavreuil.com\/?s={search_term_string}"},"query-input":{"@type":"PropertyValueSpecification","valueRequired":true,"valueName":"search_term_string"}}],"inLanguage":"en-US"},{"@type":"Organization","@id":"https:\/\/www.librairieclavreuil.com\/#organization","name":"Libairie Clavreuil","url":"https:\/\/www.librairieclavreuil.com\/","logo":{"@type":"ImageObject","inLanguage":"en-US","@id":"https:\/\/www.librairieclavreuil.com\/#\/schema\/logo\/image\/","url":"https:\/\/www.librairieclavreuil.com\/wp-content\/uploads\/2021\/06\/cropped-LOGO_PNG_DATE-_gold-512x512-1.png","contentUrl":"https:\/\/www.librairieclavreuil.com\/wp-content\/uploads\/2021\/06\/cropped-LOGO_PNG_DATE-_gold-512x512-1.png","width":512,"height":512,"caption":"Libairie Clavreuil"},"image":{"@id":"https:\/\/www.librairieclavreuil.com\/#\/schema\/logo\/image\/"},"sameAs":["https:\/\/www.instagram.com\/librairieclavreuil\/"]}]}},"jetpack_sharing_enabled":true,"_links":{"self":[{"href":"https:\/\/www.librairieclavreuil.com\/en\/wp-json\/wp\/v2\/product\/81167","targetHints":{"allow":["GET"]}}],"collection":[{"href":"https:\/\/www.librairieclavreuil.com\/en\/wp-json\/wp\/v2\/product"}],"about":[{"href":"https:\/\/www.librairieclavreuil.com\/en\/wp-json\/wp\/v2\/types\/product"}],"replies":[{"embeddable":true,"href":"https:\/\/www.librairieclavreuil.com\/en\/wp-json\/wp\/v2\/comments?post=81167"}],"wp:featuredmedia":[{"embeddable":true,"href":"https:\/\/www.librairieclavreuil.com\/en\/wp-json\/wp\/v2\/media\/81162"}],"wp:attachment":[{"href":"https:\/\/www.librairieclavreuil.com\/en\/wp-json\/wp\/v2\/media?parent=81167"}],"wp:term":[{"taxonomy":"product_brand","embeddable":true,"href":"https:\/\/www.librairieclavreuil.com\/en\/wp-json\/wp\/v2\/product_brand?post=81167"},{"taxonomy":"product_cat","embeddable":true,"href":"https:\/\/www.librairieclavreuil.com\/en\/wp-json\/wp\/v2\/product_cat?post=81167"},{"taxonomy":"product_tag","embeddable":true,"href":"https:\/\/www.librairieclavreuil.com\/en\/wp-json\/wp\/v2\/product_tag?post=81167"}],"curies":[{"name":"wp","href":"https:\/\/api.w.org\/{rel}","templated":true}]}}