{"id":81113,"date":"2024-07-17T19:02:11","date_gmt":"2024-07-17T17:02:11","guid":{"rendered":"https:\/\/www.librairieclavreuil.com\/butel-dumont-georges-marie-histoire-et-commerce-des-colonies-angloises-dans-lamerique-septentrionale-ou-lon-trouve-letat-actuel-de-leur-population-et-des-details-curieux-sur-la-constitution-de\/"},"modified":"2024-07-17T19:02:26","modified_gmt":"2024-07-17T17:02:26","slug":"butel-dumont-georges-marie-histoire-et-commerce-des-colonies-angloises-dans-lamerique-septentrionale-ou-lon-trouve-letat-actuel-de-leur-population-et-des-details-curieux-sur-la-constitution-de","status":"publish","type":"product","link":"https:\/\/www.librairieclavreuil.com\/en\/butel-dumont-georges-marie-histoire-et-commerce-des-colonies-angloises-dans-lamerique-septentrionale-ou-lon-trouve-letat-actuel-de-leur-population-et-des-details-curieux-sur-la-constitution-de\/","title":{"rendered":"BUTEL-DUMONT Georges-Marie Histoire et commerce des colonies angloises..."},"content":{"rendered":"<p><i>Sabin, 9602; INED, 884; Goldsmiths, 9028; Kress, 5420.<\/i><\/p>\n<p><span style=\"font-variant:small-caps\">First edition.<\/span><\/p>\n<p>Butel-Dumont attributes the strength and prosperity of Great-Britain to their colonies.<\/p>\n<p>He gives a detailed account of each state in the futur United States, of their production, population, import, commerce, etc.<\/p>\n<p>From Soci\u00e9t\u00e9 de secours mutuel de Crest (stamp); small wormoles at the bottom of spine.<\/p>\n","protected":false},"excerpt":{"rendered":"<p style=\"text-align:justify\">12mo (170 x 99 mm) XXIV et 336 pp. Contemporary sheep, spine gilt with raised bands, red edges.<\/p>\n","protected":false},"featured_media":81104,"comment_status":"open","ping_status":"closed","template":"","meta":{"_acf_changed":false},"product_brand":[],"product_cat":[536],"product_tag":[1392,1208],"class_list":{"0":"post-81113","1":"product","2":"type-product","3":"status-publish","4":"has-post-thumbnail","6":"product_cat-right-economy","7":"product_tag-england","8":"product_tag-political-economy","9":"pa_auteur-butel-dumont-georges-marie-2","10":"pa_type-de-livre-printed-book","12":"first","13":"instock","14":"shipping-taxable","15":"purchasable","16":"product-type-simple"},"acf":{"artist":" Georges-Marie BUTEL-DUMONT","chapeau":"","adresse_bibliographique":"Paris, Le Breton, 1755","book_type":"Printed book","provenance":"","afficher_prix":""},"yoast_head":"<!-- This site is optimized with the Yoast SEO plugin v24.7 - https:\/\/yoast.com\/wordpress\/plugins\/seo\/ -->\n<title>BUTEL-DUMONT Georges-Marie Histoire et commerce des colonies angloises dans l&#039;Am\u00e9rique septentrionale, o\u00f9 l&#039;on trouve l&#039;\u00e9tat actuel de leur population et des d\u00e9tails curieux sur la constitution de leur gouvernement... - Libairie Clavreuil<\/title>\n<meta name=\"robots\" content=\"index, follow, max-snippet:-1, max-image-preview:large, max-video-preview:-1\" \/>\n<link rel=\"canonical\" href=\"https:\/\/www.librairieclavreuil.com\/en\/butel-dumont-georges-marie-histoire-et-commerce-des-colonies-angloises-dans-lamerique-septentrionale-ou-lon-trouve-letat-actuel-de-leur-population-et-des-details-curieux-sur-la-constitution-de\/\" \/>\n<meta property=\"og:locale\" content=\"en_US\" \/>\n<meta property=\"og:type\" content=\"article\" \/>\n<meta property=\"og:title\" content=\"BUTEL-DUMONT Georges-Marie Histoire et commerce des colonies angloises dans l&#039;Am\u00e9rique septentrionale, o\u00f9 l&#039;on trouve l&#039;\u00e9tat actuel de leur population et des d\u00e9tails curieux sur la constitution de leur gouvernement... - Libairie Clavreuil\" \/>\n<meta property=\"og:description\" content=\"12mo (170 x 99 mm) XXIV et 336 pp. Contemporary sheep, spine gilt with raised bands, red edges.\" \/>\n<meta property=\"og:url\" content=\"https:\/\/www.librairieclavreuil.com\/en\/butel-dumont-georges-marie-histoire-et-commerce-des-colonies-angloises-dans-lamerique-septentrionale-ou-lon-trouve-letat-actuel-de-leur-population-et-des-details-curieux-sur-la-constitution-de\/\" \/>\n<meta property=\"og:site_name\" content=\"Libairie Clavreuil\" \/>\n<meta property=\"article:modified_time\" content=\"2024-07-17T17:02:26+00:00\" \/>\n<meta property=\"og:image\" content=\"https:\/\/www.librairieclavreuil.com\/wp-content\/uploads\/2024\/07\/georges-marie-butel-dumont-histoire-et-commerce-des-colonies-angloises-dans-l-amerique-septentrionale-ou-l-on-trouve-l-etat-actuel-de-leur-population-.jpg\" \/>\n\t<meta property=\"og:image:width\" content=\"506\" \/>\n\t<meta property=\"og:image:height\" content=\"800\" \/>\n\t<meta property=\"og:image:type\" content=\"image\/jpeg\" \/>\n<meta name=\"twitter:card\" content=\"summary_large_image\" \/>\n<script type=\"application\/ld+json\" class=\"yoast-schema-graph\">{\"@context\":\"https:\/\/schema.org\",\"@graph\":[{\"@type\":\"WebPage\",\"@id\":\"https:\/\/www.librairieclavreuil.com\/en\/butel-dumont-georges-marie-histoire-et-commerce-des-colonies-angloises-dans-lamerique-septentrionale-ou-lon-trouve-letat-actuel-de-leur-population-et-des-details-curieux-sur-la-constitution-de\/\",\"url\":\"https:\/\/www.librairieclavreuil.com\/en\/butel-dumont-georges-marie-histoire-et-commerce-des-colonies-angloises-dans-lamerique-septentrionale-ou-lon-trouve-letat-actuel-de-leur-population-et-des-details-curieux-sur-la-constitution-de\/\",\"name\":\"BUTEL-DUMONT Georges-Marie Histoire et commerce des colonies angloises dans l'Am\u00e9rique septentrionale, o\u00f9 l'on trouve l'\u00e9tat actuel de leur population et des d\u00e9tails curieux sur la constitution de leur gouvernement... - Libairie Clavreuil\",\"isPartOf\":{\"@id\":\"https:\/\/www.librairieclavreuil.com\/#website\"},\"primaryImageOfPage\":{\"@id\":\"https:\/\/www.librairieclavreuil.com\/en\/butel-dumont-georges-marie-histoire-et-commerce-des-colonies-angloises-dans-lamerique-septentrionale-ou-lon-trouve-letat-actuel-de-leur-population-et-des-details-curieux-sur-la-constitution-de\/#primaryimage\"},\"image\":{\"@id\":\"https:\/\/www.librairieclavreuil.com\/en\/butel-dumont-georges-marie-histoire-et-commerce-des-colonies-angloises-dans-lamerique-septentrionale-ou-lon-trouve-letat-actuel-de-leur-population-et-des-details-curieux-sur-la-constitution-de\/#primaryimage\"},\"thumbnailUrl\":\"https:\/\/www.librairieclavreuil.com\/wp-content\/uploads\/2024\/07\/georges-marie-butel-dumont-histoire-et-commerce-des-colonies-angloises-dans-l-amerique-septentrionale-ou-l-on-trouve-l-etat-actuel-de-leur-population-.jpg\",\"datePublished\":\"2024-07-17T17:02:11+00:00\",\"dateModified\":\"2024-07-17T17:02:26+00:00\",\"breadcrumb\":{\"@id\":\"https:\/\/www.librairieclavreuil.com\/en\/butel-dumont-georges-marie-histoire-et-commerce-des-colonies-angloises-dans-lamerique-septentrionale-ou-lon-trouve-letat-actuel-de-leur-population-et-des-details-curieux-sur-la-constitution-de\/#breadcrumb\"},\"inLanguage\":\"en-US\",\"potentialAction\":[{\"@type\":\"ReadAction\",\"target\":[\"https:\/\/www.librairieclavreuil.com\/en\/butel-dumont-georges-marie-histoire-et-commerce-des-colonies-angloises-dans-lamerique-septentrionale-ou-lon-trouve-letat-actuel-de-leur-population-et-des-details-curieux-sur-la-constitution-de\/\"]}]},{\"@type\":\"ImageObject\",\"inLanguage\":\"en-US\",\"@id\":\"https:\/\/www.librairieclavreuil.com\/en\/butel-dumont-georges-marie-histoire-et-commerce-des-colonies-angloises-dans-lamerique-septentrionale-ou-lon-trouve-letat-actuel-de-leur-population-et-des-details-curieux-sur-la-constitution-de\/#primaryimage\",\"url\":\"https:\/\/www.librairieclavreuil.com\/wp-content\/uploads\/2024\/07\/georges-marie-butel-dumont-histoire-et-commerce-des-colonies-angloises-dans-l-amerique-septentrionale-ou-l-on-trouve-l-etat-actuel-de-leur-population-.jpg\",\"contentUrl\":\"https:\/\/www.librairieclavreuil.com\/wp-content\/uploads\/2024\/07\/georges-marie-butel-dumont-histoire-et-commerce-des-colonies-angloises-dans-l-amerique-septentrionale-ou-l-on-trouve-l-etat-actuel-de-leur-population-.jpg\",\"width\":506,\"height\":800},{\"@type\":\"BreadcrumbList\",\"@id\":\"https:\/\/www.librairieclavreuil.com\/en\/butel-dumont-georges-marie-histoire-et-commerce-des-colonies-angloises-dans-lamerique-septentrionale-ou-lon-trouve-letat-actuel-de-leur-population-et-des-details-curieux-sur-la-constitution-de\/#breadcrumb\",\"itemListElement\":[{\"@type\":\"ListItem\",\"position\":1,\"name\":\"Accueil\",\"item\":\"https:\/\/www.librairieclavreuil.com\/\"},{\"@type\":\"ListItem\",\"position\":2,\"name\":\"All our books\",\"item\":\"https:\/\/www.librairieclavreuil.com\/en\/all-our-books\/\"},{\"@type\":\"ListItem\",\"position\":3,\"name\":\"BUTEL-DUMONT Georges-Marie Histoire et commerce des colonies angloises dans l&#8217;Am\u00e9rique septentrionale, o\u00f9 l&#8217;on trouve l&#8217;\u00e9tat actuel de leur population et des d\u00e9tails curieux sur la constitution de leur gouvernement&#8230;\"}]},{\"@type\":\"WebSite\",\"@id\":\"https:\/\/www.librairieclavreuil.com\/#website\",\"url\":\"https:\/\/www.librairieclavreuil.com\/\",\"name\":\"Libairie Clavreuil\",\"description\":\"Livres anciens, manuscrits rares et \u00e9ditions originales \u2013 Librairie Clavreuil\",\"publisher\":{\"@id\":\"https:\/\/www.librairieclavreuil.com\/#organization\"},\"potentialAction\":[{\"@type\":\"SearchAction\",\"target\":{\"@type\":\"EntryPoint\",\"urlTemplate\":\"https:\/\/www.librairieclavreuil.com\/?s={search_term_string}\"},\"query-input\":{\"@type\":\"PropertyValueSpecification\",\"valueRequired\":true,\"valueName\":\"search_term_string\"}}],\"inLanguage\":\"en-US\"},{\"@type\":\"Organization\",\"@id\":\"https:\/\/www.librairieclavreuil.com\/#organization\",\"name\":\"Libairie Clavreuil\",\"url\":\"https:\/\/www.librairieclavreuil.com\/\",\"logo\":{\"@type\":\"ImageObject\",\"inLanguage\":\"en-US\",\"@id\":\"https:\/\/www.librairieclavreuil.com\/#\/schema\/logo\/image\/\",\"url\":\"https:\/\/www.librairieclavreuil.com\/wp-content\/uploads\/2021\/06\/cropped-LOGO_PNG_DATE-_gold-512x512-1.png\",\"contentUrl\":\"https:\/\/www.librairieclavreuil.com\/wp-content\/uploads\/2021\/06\/cropped-LOGO_PNG_DATE-_gold-512x512-1.png\",\"width\":512,\"height\":512,\"caption\":\"Libairie Clavreuil\"},\"image\":{\"@id\":\"https:\/\/www.librairieclavreuil.com\/#\/schema\/logo\/image\/\"},\"sameAs\":[\"https:\/\/www.instagram.com\/librairieclavreuil\/\"]}]}<\/script>\n<!-- \/ Yoast SEO plugin. -->","yoast_head_json":{"title":"BUTEL-DUMONT Georges-Marie Histoire et commerce des colonies angloises dans l'Am\u00e9rique septentrionale, o\u00f9 l'on trouve l'\u00e9tat actuel de leur population et des d\u00e9tails curieux sur la constitution de leur gouvernement... - Libairie Clavreuil","robots":{"index":"index","follow":"follow","max-snippet":"max-snippet:-1","max-image-preview":"max-image-preview:large","max-video-preview":"max-video-preview:-1"},"canonical":"https:\/\/www.librairieclavreuil.com\/en\/butel-dumont-georges-marie-histoire-et-commerce-des-colonies-angloises-dans-lamerique-septentrionale-ou-lon-trouve-letat-actuel-de-leur-population-et-des-details-curieux-sur-la-constitution-de\/","og_locale":"en_US","og_type":"article","og_title":"BUTEL-DUMONT Georges-Marie Histoire et commerce des colonies angloises dans l'Am\u00e9rique septentrionale, o\u00f9 l'on trouve l'\u00e9tat actuel de leur population et des d\u00e9tails curieux sur la constitution de leur gouvernement... - Libairie Clavreuil","og_description":"12mo (170 x 99 mm) XXIV et 336 pp. Contemporary sheep, spine gilt with raised bands, red edges.","og_url":"https:\/\/www.librairieclavreuil.com\/en\/butel-dumont-georges-marie-histoire-et-commerce-des-colonies-angloises-dans-lamerique-septentrionale-ou-lon-trouve-letat-actuel-de-leur-population-et-des-details-curieux-sur-la-constitution-de\/","og_site_name":"Libairie Clavreuil","article_modified_time":"2024-07-17T17:02:26+00:00","og_image":[{"width":506,"height":800,"url":"https:\/\/www.librairieclavreuil.com\/wp-content\/uploads\/2024\/07\/georges-marie-butel-dumont-histoire-et-commerce-des-colonies-angloises-dans-l-amerique-septentrionale-ou-l-on-trouve-l-etat-actuel-de-leur-population-.jpg","type":"image\/jpeg"}],"twitter_card":"summary_large_image","schema":{"@context":"https:\/\/schema.org","@graph":[{"@type":"WebPage","@id":"https:\/\/www.librairieclavreuil.com\/en\/butel-dumont-georges-marie-histoire-et-commerce-des-colonies-angloises-dans-lamerique-septentrionale-ou-lon-trouve-letat-actuel-de-leur-population-et-des-details-curieux-sur-la-constitution-de\/","url":"https:\/\/www.librairieclavreuil.com\/en\/butel-dumont-georges-marie-histoire-et-commerce-des-colonies-angloises-dans-lamerique-septentrionale-ou-lon-trouve-letat-actuel-de-leur-population-et-des-details-curieux-sur-la-constitution-de\/","name":"BUTEL-DUMONT Georges-Marie Histoire et commerce des colonies angloises dans l'Am\u00e9rique septentrionale, o\u00f9 l'on trouve l'\u00e9tat actuel de leur population et des d\u00e9tails curieux sur la constitution de leur gouvernement... - Libairie Clavreuil","isPartOf":{"@id":"https:\/\/www.librairieclavreuil.com\/#website"},"primaryImageOfPage":{"@id":"https:\/\/www.librairieclavreuil.com\/en\/butel-dumont-georges-marie-histoire-et-commerce-des-colonies-angloises-dans-lamerique-septentrionale-ou-lon-trouve-letat-actuel-de-leur-population-et-des-details-curieux-sur-la-constitution-de\/#primaryimage"},"image":{"@id":"https:\/\/www.librairieclavreuil.com\/en\/butel-dumont-georges-marie-histoire-et-commerce-des-colonies-angloises-dans-lamerique-septentrionale-ou-lon-trouve-letat-actuel-de-leur-population-et-des-details-curieux-sur-la-constitution-de\/#primaryimage"},"thumbnailUrl":"https:\/\/www.librairieclavreuil.com\/wp-content\/uploads\/2024\/07\/georges-marie-butel-dumont-histoire-et-commerce-des-colonies-angloises-dans-l-amerique-septentrionale-ou-l-on-trouve-l-etat-actuel-de-leur-population-.jpg","datePublished":"2024-07-17T17:02:11+00:00","dateModified":"2024-07-17T17:02:26+00:00","breadcrumb":{"@id":"https:\/\/www.librairieclavreuil.com\/en\/butel-dumont-georges-marie-histoire-et-commerce-des-colonies-angloises-dans-lamerique-septentrionale-ou-lon-trouve-letat-actuel-de-leur-population-et-des-details-curieux-sur-la-constitution-de\/#breadcrumb"},"inLanguage":"en-US","potentialAction":[{"@type":"ReadAction","target":["https:\/\/www.librairieclavreuil.com\/en\/butel-dumont-georges-marie-histoire-et-commerce-des-colonies-angloises-dans-lamerique-septentrionale-ou-lon-trouve-letat-actuel-de-leur-population-et-des-details-curieux-sur-la-constitution-de\/"]}]},{"@type":"ImageObject","inLanguage":"en-US","@id":"https:\/\/www.librairieclavreuil.com\/en\/butel-dumont-georges-marie-histoire-et-commerce-des-colonies-angloises-dans-lamerique-septentrionale-ou-lon-trouve-letat-actuel-de-leur-population-et-des-details-curieux-sur-la-constitution-de\/#primaryimage","url":"https:\/\/www.librairieclavreuil.com\/wp-content\/uploads\/2024\/07\/georges-marie-butel-dumont-histoire-et-commerce-des-colonies-angloises-dans-l-amerique-septentrionale-ou-l-on-trouve-l-etat-actuel-de-leur-population-.jpg","contentUrl":"https:\/\/www.librairieclavreuil.com\/wp-content\/uploads\/2024\/07\/georges-marie-butel-dumont-histoire-et-commerce-des-colonies-angloises-dans-l-amerique-septentrionale-ou-l-on-trouve-l-etat-actuel-de-leur-population-.jpg","width":506,"height":800},{"@type":"BreadcrumbList","@id":"https:\/\/www.librairieclavreuil.com\/en\/butel-dumont-georges-marie-histoire-et-commerce-des-colonies-angloises-dans-lamerique-septentrionale-ou-lon-trouve-letat-actuel-de-leur-population-et-des-details-curieux-sur-la-constitution-de\/#breadcrumb","itemListElement":[{"@type":"ListItem","position":1,"name":"Accueil","item":"https:\/\/www.librairieclavreuil.com\/"},{"@type":"ListItem","position":2,"name":"All our books","item":"https:\/\/www.librairieclavreuil.com\/en\/all-our-books\/"},{"@type":"ListItem","position":3,"name":"BUTEL-DUMONT Georges-Marie Histoire et commerce des colonies angloises dans l&#8217;Am\u00e9rique septentrionale, o\u00f9 l&#8217;on trouve l&#8217;\u00e9tat actuel de leur population et des d\u00e9tails curieux sur la constitution de leur gouvernement&#8230;"}]},{"@type":"WebSite","@id":"https:\/\/www.librairieclavreuil.com\/#website","url":"https:\/\/www.librairieclavreuil.com\/","name":"Libairie Clavreuil","description":"Livres anciens, manuscrits rares et \u00e9ditions originales \u2013 Librairie Clavreuil","publisher":{"@id":"https:\/\/www.librairieclavreuil.com\/#organization"},"potentialAction":[{"@type":"SearchAction","target":{"@type":"EntryPoint","urlTemplate":"https:\/\/www.librairieclavreuil.com\/?s={search_term_string}"},"query-input":{"@type":"PropertyValueSpecification","valueRequired":true,"valueName":"search_term_string"}}],"inLanguage":"en-US"},{"@type":"Organization","@id":"https:\/\/www.librairieclavreuil.com\/#organization","name":"Libairie Clavreuil","url":"https:\/\/www.librairieclavreuil.com\/","logo":{"@type":"ImageObject","inLanguage":"en-US","@id":"https:\/\/www.librairieclavreuil.com\/#\/schema\/logo\/image\/","url":"https:\/\/www.librairieclavreuil.com\/wp-content\/uploads\/2021\/06\/cropped-LOGO_PNG_DATE-_gold-512x512-1.png","contentUrl":"https:\/\/www.librairieclavreuil.com\/wp-content\/uploads\/2021\/06\/cropped-LOGO_PNG_DATE-_gold-512x512-1.png","width":512,"height":512,"caption":"Libairie Clavreuil"},"image":{"@id":"https:\/\/www.librairieclavreuil.com\/#\/schema\/logo\/image\/"},"sameAs":["https:\/\/www.instagram.com\/librairieclavreuil\/"]}]}},"jetpack_sharing_enabled":true,"_links":{"self":[{"href":"https:\/\/www.librairieclavreuil.com\/en\/wp-json\/wp\/v2\/product\/81113","targetHints":{"allow":["GET"]}}],"collection":[{"href":"https:\/\/www.librairieclavreuil.com\/en\/wp-json\/wp\/v2\/product"}],"about":[{"href":"https:\/\/www.librairieclavreuil.com\/en\/wp-json\/wp\/v2\/types\/product"}],"replies":[{"embeddable":true,"href":"https:\/\/www.librairieclavreuil.com\/en\/wp-json\/wp\/v2\/comments?post=81113"}],"wp:featuredmedia":[{"embeddable":true,"href":"https:\/\/www.librairieclavreuil.com\/en\/wp-json\/wp\/v2\/media\/81104"}],"wp:attachment":[{"href":"https:\/\/www.librairieclavreuil.com\/en\/wp-json\/wp\/v2\/media?parent=81113"}],"wp:term":[{"taxonomy":"product_brand","embeddable":true,"href":"https:\/\/www.librairieclavreuil.com\/en\/wp-json\/wp\/v2\/product_brand?post=81113"},{"taxonomy":"product_cat","embeddable":true,"href":"https:\/\/www.librairieclavreuil.com\/en\/wp-json\/wp\/v2\/product_cat?post=81113"},{"taxonomy":"product_tag","embeddable":true,"href":"https:\/\/www.librairieclavreuil.com\/en\/wp-json\/wp\/v2\/product_tag?post=81113"}],"curies":[{"name":"wp","href":"https:\/\/api.w.org\/{rel}","templated":true}]}}