{"id":81093,"date":"2024-07-17T18:48:29","date_gmt":"2024-07-17T16:48:29","guid":{"rendered":"https:\/\/www.librairieclavreuil.com\/tastu-amable-poesies-nouvelles\/"},"modified":"2024-07-17T18:48:40","modified_gmt":"2024-07-17T16:48:40","slug":"tastu-amable-poesies-nouvelles","status":"publish","type":"product","link":"https:\/\/www.librairieclavreuil.com\/en\/tastu-amable-poesies-nouvelles\/","title":{"rendered":"TASTU Amable Po\u00e9sies Nouvelles"},"content":{"rendered":"<p style=\"text-align:justify\"><i>Vicaire, 761 ; Fl\u00e9ty, 38.<\/i><\/p>\n<p style=\"text-align:justify\">First edition, nicely illustrated with woodcut vignettes engraved by&nbsp;Henri-D\u00e9sir\u00e9 Porret, one of the pioneers of the Romantic bookillustration.<\/p>\n<p>Amable Tastu is an author of works for young people as well as a poet. This book seems to bring together these two strands of literature, with Tastu redrawing the verses of the greatest authors, including Perrault, Dante and Chateaubriand. The book opens with La Fontaine&#8217;s famous lines \u2018If Peau d&#8217;\u00c2ne were told to me. I would take extreme pleasure in it\u2019. This poetic extract became a leitmotif in 19th-century publications, repeated in every new edition of fables and tales. Far from being anodyne, La Fontaine&#8217;s quotation took on its full meaning in a 19th century that was fighting for the recognition of a literature that was often disparaged as outdated or frivolous.<\/p>\n<p>Madame Tastu is part of this movement and extends it, taking literary markers and making them her own. The aim was also to provide children with a multi-faceted education, using subjects that would serve as a basis for a sound upbringing. The poems in this collection borrow from several genres, not forgetting the biblical with \u2018Le tentateur\u2019 (The tempter), \u2018Le temps pascal\u2019 (Easter time) and \u2018La passion\u2019 (The passion). More surprisingly, they are not grouped together but interspersed with other more fanciful or moralistic pieces, discussing in turn \u2018The Horoscope\u2019, \u2018Time\u2019 or \u2018La Fayette\u2019.<\/p>\n<p>Illustrious figures are well present. Madame Tastu gave in to the fashion of glorifying great men. A tribute is paid to Chateaubriand, albeit somewhat overshadowed by the headband vignette. Although it presents a profile in the form of a medal, as is customary, Chateaubriand is hardly recognisable, and for good reason, it is undoubtedly a reuse of the worn-out wooden matrix. This clumsiness is accentuated by a spelling error in the great man&#8217;s name, which is spelled with a \u2018t\u2019 instead of a \u2018d\u2019.<\/p>\n<p>Madame Tastu only paid tribute to her friends whom she met in the Parisian salons. Thanks to her literary success, she was admitted to<i> <\/i>Madame R\u00e9camier&#8217;s salon, then to the C\u00e9nacle presided over by Charles Nodier. There she met Chateaubriand and Victor Hugo, who dedicated poems to her. B\u00e9ranger became one of her best friends.<\/p>\n<p>These <i>Nouvelles Po\u00e9sies<\/i> follow on from the <i>Po\u00e9sies <\/i>of 1826, which had the same layout: a series of poems dealing with history, religion and literature.<\/p>\n<p>A very fine copy, well preserved in its handsome contemporary binding.<\/p>\n<p>Provenance: \u00c9douard Rahir (bookplate, catalogue VI, lot 2083).<\/p>\n","protected":false},"excerpt":{"rendered":"<p>12mo (150 x 164 mm) of 2 unn.l, 378 pp. Blue shagreen, gilt filets on covers, spine gilt with raised bands, inner dentelle, gilt edges (<i>[Charles] Cap\u00e9<\/i>).<\/p>\n","protected":false},"featured_media":81084,"comment_status":"open","ping_status":"closed","template":"","meta":{"_acf_changed":false},"product_brand":[],"product_cat":[544],"product_tag":[598,1450],"class_list":{"0":"post-81093","1":"product","2":"type-product","3":"status-publish","4":"has-post-thumbnail","6":"product_cat-literature","7":"product_tag-19th-century-literature","8":"product_tag-first-edition","9":"pa_auteur-tastu-amable-2","10":"pa_type-de-livre-printed-book","12":"first","13":"instock","14":"shipping-taxable","15":"purchasable","16":"product-type-simple"},"acf":{"artist":"","chapeau":"","adresse_bibliographique":"","book_type":"","provenance":"","afficher_prix":""},"yoast_head":"<!-- This site is optimized with the Yoast SEO plugin v24.7 - https:\/\/yoast.com\/wordpress\/plugins\/seo\/ -->\n<title>TASTU Amable Po\u00e9sies Nouvelles - Libairie Clavreuil<\/title>\n<meta name=\"robots\" content=\"index, follow, max-snippet:-1, max-image-preview:large, max-video-preview:-1\" \/>\n<link rel=\"canonical\" href=\"https:\/\/www.librairieclavreuil.com\/en\/tastu-amable-poesies-nouvelles\/\" \/>\n<meta property=\"og:locale\" content=\"en_US\" \/>\n<meta property=\"og:type\" content=\"article\" \/>\n<meta property=\"og:title\" content=\"TASTU Amable Po\u00e9sies Nouvelles - Libairie Clavreuil\" \/>\n<meta property=\"og:description\" content=\"12mo (150 x 164 mm) of 2 unn.l, 378 pp. Blue shagreen, gilt filets on covers, spine gilt with raised bands, inner dentelle, gilt edges ([Charles] Cap\u00e9).\" \/>\n<meta property=\"og:url\" content=\"https:\/\/www.librairieclavreuil.com\/en\/tastu-amable-poesies-nouvelles\/\" \/>\n<meta property=\"og:site_name\" content=\"Libairie Clavreuil\" \/>\n<meta property=\"article:modified_time\" content=\"2024-07-17T16:48:40+00:00\" \/>\n<meta property=\"og:image\" content=\"https:\/\/www.librairieclavreuil.com\/wp-content\/uploads\/2024\/07\/amable-tastu-poesies-nouvelles-8111-662f6001bcd18.jpg\" \/>\n\t<meta property=\"og:image:width\" content=\"507\" \/>\n\t<meta property=\"og:image:height\" content=\"800\" \/>\n\t<meta property=\"og:image:type\" content=\"image\/jpeg\" \/>\n<meta name=\"twitter:card\" content=\"summary_large_image\" \/>\n<meta name=\"twitter:label1\" content=\"Est. reading time\" \/>\n\t<meta name=\"twitter:data1\" content=\"2 minutes\" \/>\n<script type=\"application\/ld+json\" class=\"yoast-schema-graph\">{\"@context\":\"https:\/\/schema.org\",\"@graph\":[{\"@type\":\"WebPage\",\"@id\":\"https:\/\/www.librairieclavreuil.com\/en\/tastu-amable-poesies-nouvelles\/\",\"url\":\"https:\/\/www.librairieclavreuil.com\/en\/tastu-amable-poesies-nouvelles\/\",\"name\":\"TASTU Amable Po\u00e9sies Nouvelles - Libairie Clavreuil\",\"isPartOf\":{\"@id\":\"https:\/\/www.librairieclavreuil.com\/#website\"},\"primaryImageOfPage\":{\"@id\":\"https:\/\/www.librairieclavreuil.com\/en\/tastu-amable-poesies-nouvelles\/#primaryimage\"},\"image\":{\"@id\":\"https:\/\/www.librairieclavreuil.com\/en\/tastu-amable-poesies-nouvelles\/#primaryimage\"},\"thumbnailUrl\":\"https:\/\/www.librairieclavreuil.com\/wp-content\/uploads\/2024\/07\/amable-tastu-poesies-nouvelles-8111-662f6001bcd18.jpg\",\"datePublished\":\"2024-07-17T16:48:29+00:00\",\"dateModified\":\"2024-07-17T16:48:40+00:00\",\"breadcrumb\":{\"@id\":\"https:\/\/www.librairieclavreuil.com\/en\/tastu-amable-poesies-nouvelles\/#breadcrumb\"},\"inLanguage\":\"en-US\",\"potentialAction\":[{\"@type\":\"ReadAction\",\"target\":[\"https:\/\/www.librairieclavreuil.com\/en\/tastu-amable-poesies-nouvelles\/\"]}]},{\"@type\":\"ImageObject\",\"inLanguage\":\"en-US\",\"@id\":\"https:\/\/www.librairieclavreuil.com\/en\/tastu-amable-poesies-nouvelles\/#primaryimage\",\"url\":\"https:\/\/www.librairieclavreuil.com\/wp-content\/uploads\/2024\/07\/amable-tastu-poesies-nouvelles-8111-662f6001bcd18.jpg\",\"contentUrl\":\"https:\/\/www.librairieclavreuil.com\/wp-content\/uploads\/2024\/07\/amable-tastu-poesies-nouvelles-8111-662f6001bcd18.jpg\",\"width\":507,\"height\":800},{\"@type\":\"BreadcrumbList\",\"@id\":\"https:\/\/www.librairieclavreuil.com\/en\/tastu-amable-poesies-nouvelles\/#breadcrumb\",\"itemListElement\":[{\"@type\":\"ListItem\",\"position\":1,\"name\":\"Accueil\",\"item\":\"https:\/\/www.librairieclavreuil.com\/\"},{\"@type\":\"ListItem\",\"position\":2,\"name\":\"All our books\",\"item\":\"https:\/\/www.librairieclavreuil.com\/en\/all-our-books\/\"},{\"@type\":\"ListItem\",\"position\":3,\"name\":\"TASTU Amable Po\u00e9sies Nouvelles\"}]},{\"@type\":\"WebSite\",\"@id\":\"https:\/\/www.librairieclavreuil.com\/#website\",\"url\":\"https:\/\/www.librairieclavreuil.com\/\",\"name\":\"Libairie Clavreuil\",\"description\":\"Livres anciens, manuscrits rares et \u00e9ditions originales \u2013 Librairie Clavreuil\",\"publisher\":{\"@id\":\"https:\/\/www.librairieclavreuil.com\/#organization\"},\"potentialAction\":[{\"@type\":\"SearchAction\",\"target\":{\"@type\":\"EntryPoint\",\"urlTemplate\":\"https:\/\/www.librairieclavreuil.com\/?s={search_term_string}\"},\"query-input\":{\"@type\":\"PropertyValueSpecification\",\"valueRequired\":true,\"valueName\":\"search_term_string\"}}],\"inLanguage\":\"en-US\"},{\"@type\":\"Organization\",\"@id\":\"https:\/\/www.librairieclavreuil.com\/#organization\",\"name\":\"Libairie Clavreuil\",\"url\":\"https:\/\/www.librairieclavreuil.com\/\",\"logo\":{\"@type\":\"ImageObject\",\"inLanguage\":\"en-US\",\"@id\":\"https:\/\/www.librairieclavreuil.com\/#\/schema\/logo\/image\/\",\"url\":\"https:\/\/www.librairieclavreuil.com\/wp-content\/uploads\/2021\/06\/cropped-LOGO_PNG_DATE-_gold-512x512-1.png\",\"contentUrl\":\"https:\/\/www.librairieclavreuil.com\/wp-content\/uploads\/2021\/06\/cropped-LOGO_PNG_DATE-_gold-512x512-1.png\",\"width\":512,\"height\":512,\"caption\":\"Libairie Clavreuil\"},\"image\":{\"@id\":\"https:\/\/www.librairieclavreuil.com\/#\/schema\/logo\/image\/\"},\"sameAs\":[\"https:\/\/www.instagram.com\/librairieclavreuil\/\"]}]}<\/script>\n<!-- \/ Yoast SEO plugin. -->","yoast_head_json":{"title":"TASTU Amable Po\u00e9sies Nouvelles - Libairie Clavreuil","robots":{"index":"index","follow":"follow","max-snippet":"max-snippet:-1","max-image-preview":"max-image-preview:large","max-video-preview":"max-video-preview:-1"},"canonical":"https:\/\/www.librairieclavreuil.com\/en\/tastu-amable-poesies-nouvelles\/","og_locale":"en_US","og_type":"article","og_title":"TASTU Amable Po\u00e9sies Nouvelles - Libairie Clavreuil","og_description":"12mo (150 x 164 mm) of 2 unn.l, 378 pp. Blue shagreen, gilt filets on covers, spine gilt with raised bands, inner dentelle, gilt edges ([Charles] Cap\u00e9).","og_url":"https:\/\/www.librairieclavreuil.com\/en\/tastu-amable-poesies-nouvelles\/","og_site_name":"Libairie Clavreuil","article_modified_time":"2024-07-17T16:48:40+00:00","og_image":[{"width":507,"height":800,"url":"https:\/\/www.librairieclavreuil.com\/wp-content\/uploads\/2024\/07\/amable-tastu-poesies-nouvelles-8111-662f6001bcd18.jpg","type":"image\/jpeg"}],"twitter_card":"summary_large_image","twitter_misc":{"Est. reading time":"2 minutes"},"schema":{"@context":"https:\/\/schema.org","@graph":[{"@type":"WebPage","@id":"https:\/\/www.librairieclavreuil.com\/en\/tastu-amable-poesies-nouvelles\/","url":"https:\/\/www.librairieclavreuil.com\/en\/tastu-amable-poesies-nouvelles\/","name":"TASTU Amable Po\u00e9sies Nouvelles - Libairie Clavreuil","isPartOf":{"@id":"https:\/\/www.librairieclavreuil.com\/#website"},"primaryImageOfPage":{"@id":"https:\/\/www.librairieclavreuil.com\/en\/tastu-amable-poesies-nouvelles\/#primaryimage"},"image":{"@id":"https:\/\/www.librairieclavreuil.com\/en\/tastu-amable-poesies-nouvelles\/#primaryimage"},"thumbnailUrl":"https:\/\/www.librairieclavreuil.com\/wp-content\/uploads\/2024\/07\/amable-tastu-poesies-nouvelles-8111-662f6001bcd18.jpg","datePublished":"2024-07-17T16:48:29+00:00","dateModified":"2024-07-17T16:48:40+00:00","breadcrumb":{"@id":"https:\/\/www.librairieclavreuil.com\/en\/tastu-amable-poesies-nouvelles\/#breadcrumb"},"inLanguage":"en-US","potentialAction":[{"@type":"ReadAction","target":["https:\/\/www.librairieclavreuil.com\/en\/tastu-amable-poesies-nouvelles\/"]}]},{"@type":"ImageObject","inLanguage":"en-US","@id":"https:\/\/www.librairieclavreuil.com\/en\/tastu-amable-poesies-nouvelles\/#primaryimage","url":"https:\/\/www.librairieclavreuil.com\/wp-content\/uploads\/2024\/07\/amable-tastu-poesies-nouvelles-8111-662f6001bcd18.jpg","contentUrl":"https:\/\/www.librairieclavreuil.com\/wp-content\/uploads\/2024\/07\/amable-tastu-poesies-nouvelles-8111-662f6001bcd18.jpg","width":507,"height":800},{"@type":"BreadcrumbList","@id":"https:\/\/www.librairieclavreuil.com\/en\/tastu-amable-poesies-nouvelles\/#breadcrumb","itemListElement":[{"@type":"ListItem","position":1,"name":"Accueil","item":"https:\/\/www.librairieclavreuil.com\/"},{"@type":"ListItem","position":2,"name":"All our books","item":"https:\/\/www.librairieclavreuil.com\/en\/all-our-books\/"},{"@type":"ListItem","position":3,"name":"TASTU Amable Po\u00e9sies Nouvelles"}]},{"@type":"WebSite","@id":"https:\/\/www.librairieclavreuil.com\/#website","url":"https:\/\/www.librairieclavreuil.com\/","name":"Libairie Clavreuil","description":"Livres anciens, manuscrits rares et \u00e9ditions originales \u2013 Librairie Clavreuil","publisher":{"@id":"https:\/\/www.librairieclavreuil.com\/#organization"},"potentialAction":[{"@type":"SearchAction","target":{"@type":"EntryPoint","urlTemplate":"https:\/\/www.librairieclavreuil.com\/?s={search_term_string}"},"query-input":{"@type":"PropertyValueSpecification","valueRequired":true,"valueName":"search_term_string"}}],"inLanguage":"en-US"},{"@type":"Organization","@id":"https:\/\/www.librairieclavreuil.com\/#organization","name":"Libairie Clavreuil","url":"https:\/\/www.librairieclavreuil.com\/","logo":{"@type":"ImageObject","inLanguage":"en-US","@id":"https:\/\/www.librairieclavreuil.com\/#\/schema\/logo\/image\/","url":"https:\/\/www.librairieclavreuil.com\/wp-content\/uploads\/2021\/06\/cropped-LOGO_PNG_DATE-_gold-512x512-1.png","contentUrl":"https:\/\/www.librairieclavreuil.com\/wp-content\/uploads\/2021\/06\/cropped-LOGO_PNG_DATE-_gold-512x512-1.png","width":512,"height":512,"caption":"Libairie Clavreuil"},"image":{"@id":"https:\/\/www.librairieclavreuil.com\/#\/schema\/logo\/image\/"},"sameAs":["https:\/\/www.instagram.com\/librairieclavreuil\/"]}]}},"jetpack_sharing_enabled":true,"_links":{"self":[{"href":"https:\/\/www.librairieclavreuil.com\/en\/wp-json\/wp\/v2\/product\/81093","targetHints":{"allow":["GET"]}}],"collection":[{"href":"https:\/\/www.librairieclavreuil.com\/en\/wp-json\/wp\/v2\/product"}],"about":[{"href":"https:\/\/www.librairieclavreuil.com\/en\/wp-json\/wp\/v2\/types\/product"}],"replies":[{"embeddable":true,"href":"https:\/\/www.librairieclavreuil.com\/en\/wp-json\/wp\/v2\/comments?post=81093"}],"wp:featuredmedia":[{"embeddable":true,"href":"https:\/\/www.librairieclavreuil.com\/en\/wp-json\/wp\/v2\/media\/81084"}],"wp:attachment":[{"href":"https:\/\/www.librairieclavreuil.com\/en\/wp-json\/wp\/v2\/media?parent=81093"}],"wp:term":[{"taxonomy":"product_brand","embeddable":true,"href":"https:\/\/www.librairieclavreuil.com\/en\/wp-json\/wp\/v2\/product_brand?post=81093"},{"taxonomy":"product_cat","embeddable":true,"href":"https:\/\/www.librairieclavreuil.com\/en\/wp-json\/wp\/v2\/product_cat?post=81093"},{"taxonomy":"product_tag","embeddable":true,"href":"https:\/\/www.librairieclavreuil.com\/en\/wp-json\/wp\/v2\/product_tag?post=81093"}],"curies":[{"name":"wp","href":"https:\/\/api.w.org\/{rel}","templated":true}]}}