{"id":81077,"date":"2024-07-17T17:58:31","date_gmt":"2024-07-17T15:58:31","guid":{"rendered":"https:\/\/www.librairieclavreuil.com\/petit-jehan-claude-virgile-goguenard-ou-le-douziesme-livre-de-leneide-travesty-puisque-traversty-y-a\/"},"modified":"2024-07-17T17:58:45","modified_gmt":"2024-07-17T15:58:45","slug":"petit-jehan-claude-virgile-goguenard-ou-le-douziesme-livre-de-leneide-travesty-puisque-traversty-y-a","status":"publish","type":"product","link":"https:\/\/www.librairieclavreuil.com\/en\/petit-jehan-claude-virgile-goguenard-ou-le-douziesme-livre-de-leneide-travesty-puisque-traversty-y-a\/","title":{"rendered":"PETIT-JEHAN Claude Virgile goguenard, ou Le douziesme livre..."},"content":{"rendered":"<p style=\"text-align:justify\"><i>Barbier, IV, 1037, Cioranescu, III, 54591; Jean Leclerc, &#8220;La biblioth\u00e8que humaniste du Virgile Goguenard&#8221;, Les Biblioth\u00e8ques, entre imaginaires et r\u00e9alit\u00e9s, Arras, Artois Presses Universit\u00e9, 2009.<\/i><\/p>\n<p style=\"text-align:justify\"><span style=\"font-variant:small-caps\">First edition.<\/span><\/p>\n<p style=\"text-align:justify\">Literary transvestism originated in 1633 with Giovanbattista Lalli, who also pastiched ancient literature with L&#8217;<i>Eneide travestita<\/i>. This comic version of the text was soon emulated by others, including Scarron, who published <i>Virgile travesty en vers burlesques<\/i> in 1648. Scarron&#8217;s parody was republished in 1652, the date of our edition. <i>Virgile goguenard<\/i> belongs fully to the burlesque vogue and was, moreover, conceived and printed at the height of the Fronde. The attribution of this work raises questions: &#8220;L&#8217;Extraict du Privilege du Roy&#8221; attributes the work to a certain &#8220;Claude Petit-Jehan Advocat en Parlement&#8221;, while the very long Epistre \u00e0 Henry de Savoye is signed L.D.L.<\/p>\n<p style=\"text-align:justify\">According to Fr\u00e9d\u00e9ric Lach\u00e8vre, in his <i>Bibliographie des recueils collectifs de po\u00e9sies<\/i>, these initials refer to Laurent de Laffemas, the son of Isaac de Laffemas, a king&#8217;s adviser and civil lieutenant devoted to Richelieu. The attribution of the work is therefore more appropriate to a friend of Scarron and the Cardinal de Retz, a worldly abbot who composed mazarinades and who is also said to have published L&#8217;Enfer burlesque [&#8230;] The false attribution of the privilege would perhaps be a decoy to fool the censors, especially as privileges were not to be ceded lightly to the authors of mazarinades during the Fronde&#8221;. (see Leclerc).<\/p>\n<p style=\"text-align:justify\">The engraved frontispiece is by Fran\u00e7ois Chauveau, who also illustrated works by Scarron and D&#8217;Assoucy. It presents a fictitious library in which many works can be identified, including the sources of the text. Scarron&#8217;s two travestissements, le <i>Typhon<\/i> and le <i>Virgile travesty<\/i>, are present alongside Villon and Marot.&nbsp;<\/p>\n<p style=\"text-align:justify\">Some occasional spotting. Marginal staining on pages 87 to 93, without affecting the text.&nbsp;<\/p>\n<p style=\"text-align:justify\">A fine copy.<\/p>\n","protected":false},"excerpt":{"rendered":"<p>4to (218 x 160 mm) 20 nn.ll., 186 pp., 1 nn.l. (privilege), 2 full page engravings. 18th century calf, spine gilt with raised bands, red edges.<\/p>\n","protected":false},"featured_media":81070,"comment_status":"open","ping_status":"closed","template":"","meta":{"_acf_changed":false},"product_brand":[],"product_cat":[544],"product_tag":[1244,1450],"class_list":{"0":"post-81077","1":"product","2":"type-product","3":"status-publish","4":"has-post-thumbnail","6":"product_cat-literature","7":"product_tag-17th-century-literature","8":"product_tag-first-edition","9":"pa_auteur-petit-jehan-claude-2","10":"pa_type-de-livre-printed-book","12":"first","13":"outofstock","14":"shipping-taxable","15":"purchasable","16":"product-type-simple"},"acf":{"artist":" Claude PETIT-JEHAN","chapeau":"","adresse_bibliographique":"Paris, Antoine de Sommaville, 1652","book_type":"Printed book","provenance":"","afficher_prix":""},"yoast_head":"<!-- This site is optimized with the Yoast SEO plugin v24.7 - https:\/\/yoast.com\/wordpress\/plugins\/seo\/ -->\n<title>PETIT-JEHAN Claude Virgile goguenard, ou Le douziesme livre de l&#039;\u00c9n\u00e9ide travesty, (puisque Traversty y a.) - Libairie Clavreuil<\/title>\n<meta name=\"robots\" content=\"index, follow, max-snippet:-1, max-image-preview:large, max-video-preview:-1\" \/>\n<link rel=\"canonical\" href=\"https:\/\/www.librairieclavreuil.com\/en\/petit-jehan-claude-virgile-goguenard-ou-le-douziesme-livre-de-leneide-travesty-puisque-traversty-y-a\/\" \/>\n<meta property=\"og:locale\" content=\"en_US\" \/>\n<meta property=\"og:type\" content=\"article\" \/>\n<meta property=\"og:title\" content=\"PETIT-JEHAN Claude Virgile goguenard, ou Le douziesme livre de l&#039;\u00c9n\u00e9ide travesty, (puisque Traversty y a.) - Libairie Clavreuil\" \/>\n<meta property=\"og:description\" content=\"4to (218 x 160 mm) 20 nn.ll., 186 pp., 1 nn.l. (privilege), 2 full page engravings. 18th century calf, spine gilt with raised bands, red edges.\" \/>\n<meta property=\"og:url\" content=\"https:\/\/www.librairieclavreuil.com\/en\/petit-jehan-claude-virgile-goguenard-ou-le-douziesme-livre-de-leneide-travesty-puisque-traversty-y-a\/\" \/>\n<meta property=\"og:site_name\" content=\"Libairie Clavreuil\" \/>\n<meta property=\"article:modified_time\" content=\"2024-07-17T15:58:45+00:00\" \/>\n<meta property=\"og:image\" content=\"https:\/\/www.librairieclavreuil.com\/wp-content\/uploads\/2024\/07\/claude-petit-jehan-virgile-goguenard-ou-le-douziesme-livre-de-l-eneide-travesty-puisque-traversty-y-a-8464-6606b0e09f377.jpg\" \/>\n\t<meta property=\"og:image:width\" content=\"624\" \/>\n\t<meta property=\"og:image:height\" content=\"800\" \/>\n\t<meta property=\"og:image:type\" content=\"image\/jpeg\" \/>\n<meta name=\"twitter:card\" content=\"summary_large_image\" \/>\n<meta name=\"twitter:label1\" content=\"Est. reading time\" \/>\n\t<meta name=\"twitter:data1\" content=\"2 minutes\" \/>\n<script type=\"application\/ld+json\" class=\"yoast-schema-graph\">{\"@context\":\"https:\/\/schema.org\",\"@graph\":[{\"@type\":\"WebPage\",\"@id\":\"https:\/\/www.librairieclavreuil.com\/en\/petit-jehan-claude-virgile-goguenard-ou-le-douziesme-livre-de-leneide-travesty-puisque-traversty-y-a\/\",\"url\":\"https:\/\/www.librairieclavreuil.com\/en\/petit-jehan-claude-virgile-goguenard-ou-le-douziesme-livre-de-leneide-travesty-puisque-traversty-y-a\/\",\"name\":\"PETIT-JEHAN Claude Virgile goguenard, ou Le douziesme livre de l'\u00c9n\u00e9ide travesty, (puisque Traversty y a.) - Libairie Clavreuil\",\"isPartOf\":{\"@id\":\"https:\/\/www.librairieclavreuil.com\/#website\"},\"primaryImageOfPage\":{\"@id\":\"https:\/\/www.librairieclavreuil.com\/en\/petit-jehan-claude-virgile-goguenard-ou-le-douziesme-livre-de-leneide-travesty-puisque-traversty-y-a\/#primaryimage\"},\"image\":{\"@id\":\"https:\/\/www.librairieclavreuil.com\/en\/petit-jehan-claude-virgile-goguenard-ou-le-douziesme-livre-de-leneide-travesty-puisque-traversty-y-a\/#primaryimage\"},\"thumbnailUrl\":\"https:\/\/www.librairieclavreuil.com\/wp-content\/uploads\/2024\/07\/claude-petit-jehan-virgile-goguenard-ou-le-douziesme-livre-de-l-eneide-travesty-puisque-traversty-y-a-8464-6606b0e09f377.jpg\",\"datePublished\":\"2024-07-17T15:58:31+00:00\",\"dateModified\":\"2024-07-17T15:58:45+00:00\",\"breadcrumb\":{\"@id\":\"https:\/\/www.librairieclavreuil.com\/en\/petit-jehan-claude-virgile-goguenard-ou-le-douziesme-livre-de-leneide-travesty-puisque-traversty-y-a\/#breadcrumb\"},\"inLanguage\":\"en-US\",\"potentialAction\":[{\"@type\":\"ReadAction\",\"target\":[\"https:\/\/www.librairieclavreuil.com\/en\/petit-jehan-claude-virgile-goguenard-ou-le-douziesme-livre-de-leneide-travesty-puisque-traversty-y-a\/\"]}]},{\"@type\":\"ImageObject\",\"inLanguage\":\"en-US\",\"@id\":\"https:\/\/www.librairieclavreuil.com\/en\/petit-jehan-claude-virgile-goguenard-ou-le-douziesme-livre-de-leneide-travesty-puisque-traversty-y-a\/#primaryimage\",\"url\":\"https:\/\/www.librairieclavreuil.com\/wp-content\/uploads\/2024\/07\/claude-petit-jehan-virgile-goguenard-ou-le-douziesme-livre-de-l-eneide-travesty-puisque-traversty-y-a-8464-6606b0e09f377.jpg\",\"contentUrl\":\"https:\/\/www.librairieclavreuil.com\/wp-content\/uploads\/2024\/07\/claude-petit-jehan-virgile-goguenard-ou-le-douziesme-livre-de-l-eneide-travesty-puisque-traversty-y-a-8464-6606b0e09f377.jpg\",\"width\":624,\"height\":800},{\"@type\":\"BreadcrumbList\",\"@id\":\"https:\/\/www.librairieclavreuil.com\/en\/petit-jehan-claude-virgile-goguenard-ou-le-douziesme-livre-de-leneide-travesty-puisque-traversty-y-a\/#breadcrumb\",\"itemListElement\":[{\"@type\":\"ListItem\",\"position\":1,\"name\":\"Accueil\",\"item\":\"https:\/\/www.librairieclavreuil.com\/\"},{\"@type\":\"ListItem\",\"position\":2,\"name\":\"All our books\",\"item\":\"https:\/\/www.librairieclavreuil.com\/en\/all-our-books\/\"},{\"@type\":\"ListItem\",\"position\":3,\"name\":\"PETIT-JEHAN Claude Virgile goguenard, ou Le douziesme livre de l&#8217;\u00c9n\u00e9ide travesty, (puisque Traversty y a.)\"}]},{\"@type\":\"WebSite\",\"@id\":\"https:\/\/www.librairieclavreuil.com\/#website\",\"url\":\"https:\/\/www.librairieclavreuil.com\/\",\"name\":\"Libairie Clavreuil\",\"description\":\"Livres anciens, manuscrits rares et \u00e9ditions originales \u2013 Librairie Clavreuil\",\"publisher\":{\"@id\":\"https:\/\/www.librairieclavreuil.com\/#organization\"},\"potentialAction\":[{\"@type\":\"SearchAction\",\"target\":{\"@type\":\"EntryPoint\",\"urlTemplate\":\"https:\/\/www.librairieclavreuil.com\/?s={search_term_string}\"},\"query-input\":{\"@type\":\"PropertyValueSpecification\",\"valueRequired\":true,\"valueName\":\"search_term_string\"}}],\"inLanguage\":\"en-US\"},{\"@type\":\"Organization\",\"@id\":\"https:\/\/www.librairieclavreuil.com\/#organization\",\"name\":\"Libairie Clavreuil\",\"url\":\"https:\/\/www.librairieclavreuil.com\/\",\"logo\":{\"@type\":\"ImageObject\",\"inLanguage\":\"en-US\",\"@id\":\"https:\/\/www.librairieclavreuil.com\/#\/schema\/logo\/image\/\",\"url\":\"https:\/\/www.librairieclavreuil.com\/wp-content\/uploads\/2021\/06\/cropped-LOGO_PNG_DATE-_gold-512x512-1.png\",\"contentUrl\":\"https:\/\/www.librairieclavreuil.com\/wp-content\/uploads\/2021\/06\/cropped-LOGO_PNG_DATE-_gold-512x512-1.png\",\"width\":512,\"height\":512,\"caption\":\"Libairie Clavreuil\"},\"image\":{\"@id\":\"https:\/\/www.librairieclavreuil.com\/#\/schema\/logo\/image\/\"},\"sameAs\":[\"https:\/\/www.instagram.com\/librairieclavreuil\/\"]}]}<\/script>\n<!-- \/ Yoast SEO plugin. -->","yoast_head_json":{"title":"PETIT-JEHAN Claude Virgile goguenard, ou Le douziesme livre de l'\u00c9n\u00e9ide travesty, (puisque Traversty y a.) - Libairie Clavreuil","robots":{"index":"index","follow":"follow","max-snippet":"max-snippet:-1","max-image-preview":"max-image-preview:large","max-video-preview":"max-video-preview:-1"},"canonical":"https:\/\/www.librairieclavreuil.com\/en\/petit-jehan-claude-virgile-goguenard-ou-le-douziesme-livre-de-leneide-travesty-puisque-traversty-y-a\/","og_locale":"en_US","og_type":"article","og_title":"PETIT-JEHAN Claude Virgile goguenard, ou Le douziesme livre de l'\u00c9n\u00e9ide travesty, (puisque Traversty y a.) - Libairie Clavreuil","og_description":"4to (218 x 160 mm) 20 nn.ll., 186 pp., 1 nn.l. (privilege), 2 full page engravings. 18th century calf, spine gilt with raised bands, red edges.","og_url":"https:\/\/www.librairieclavreuil.com\/en\/petit-jehan-claude-virgile-goguenard-ou-le-douziesme-livre-de-leneide-travesty-puisque-traversty-y-a\/","og_site_name":"Libairie Clavreuil","article_modified_time":"2024-07-17T15:58:45+00:00","og_image":[{"width":624,"height":800,"url":"https:\/\/www.librairieclavreuil.com\/wp-content\/uploads\/2024\/07\/claude-petit-jehan-virgile-goguenard-ou-le-douziesme-livre-de-l-eneide-travesty-puisque-traversty-y-a-8464-6606b0e09f377.jpg","type":"image\/jpeg"}],"twitter_card":"summary_large_image","twitter_misc":{"Est. reading time":"2 minutes"},"schema":{"@context":"https:\/\/schema.org","@graph":[{"@type":"WebPage","@id":"https:\/\/www.librairieclavreuil.com\/en\/petit-jehan-claude-virgile-goguenard-ou-le-douziesme-livre-de-leneide-travesty-puisque-traversty-y-a\/","url":"https:\/\/www.librairieclavreuil.com\/en\/petit-jehan-claude-virgile-goguenard-ou-le-douziesme-livre-de-leneide-travesty-puisque-traversty-y-a\/","name":"PETIT-JEHAN Claude Virgile goguenard, ou Le douziesme livre de l'\u00c9n\u00e9ide travesty, (puisque Traversty y a.) - Libairie Clavreuil","isPartOf":{"@id":"https:\/\/www.librairieclavreuil.com\/#website"},"primaryImageOfPage":{"@id":"https:\/\/www.librairieclavreuil.com\/en\/petit-jehan-claude-virgile-goguenard-ou-le-douziesme-livre-de-leneide-travesty-puisque-traversty-y-a\/#primaryimage"},"image":{"@id":"https:\/\/www.librairieclavreuil.com\/en\/petit-jehan-claude-virgile-goguenard-ou-le-douziesme-livre-de-leneide-travesty-puisque-traversty-y-a\/#primaryimage"},"thumbnailUrl":"https:\/\/www.librairieclavreuil.com\/wp-content\/uploads\/2024\/07\/claude-petit-jehan-virgile-goguenard-ou-le-douziesme-livre-de-l-eneide-travesty-puisque-traversty-y-a-8464-6606b0e09f377.jpg","datePublished":"2024-07-17T15:58:31+00:00","dateModified":"2024-07-17T15:58:45+00:00","breadcrumb":{"@id":"https:\/\/www.librairieclavreuil.com\/en\/petit-jehan-claude-virgile-goguenard-ou-le-douziesme-livre-de-leneide-travesty-puisque-traversty-y-a\/#breadcrumb"},"inLanguage":"en-US","potentialAction":[{"@type":"ReadAction","target":["https:\/\/www.librairieclavreuil.com\/en\/petit-jehan-claude-virgile-goguenard-ou-le-douziesme-livre-de-leneide-travesty-puisque-traversty-y-a\/"]}]},{"@type":"ImageObject","inLanguage":"en-US","@id":"https:\/\/www.librairieclavreuil.com\/en\/petit-jehan-claude-virgile-goguenard-ou-le-douziesme-livre-de-leneide-travesty-puisque-traversty-y-a\/#primaryimage","url":"https:\/\/www.librairieclavreuil.com\/wp-content\/uploads\/2024\/07\/claude-petit-jehan-virgile-goguenard-ou-le-douziesme-livre-de-l-eneide-travesty-puisque-traversty-y-a-8464-6606b0e09f377.jpg","contentUrl":"https:\/\/www.librairieclavreuil.com\/wp-content\/uploads\/2024\/07\/claude-petit-jehan-virgile-goguenard-ou-le-douziesme-livre-de-l-eneide-travesty-puisque-traversty-y-a-8464-6606b0e09f377.jpg","width":624,"height":800},{"@type":"BreadcrumbList","@id":"https:\/\/www.librairieclavreuil.com\/en\/petit-jehan-claude-virgile-goguenard-ou-le-douziesme-livre-de-leneide-travesty-puisque-traversty-y-a\/#breadcrumb","itemListElement":[{"@type":"ListItem","position":1,"name":"Accueil","item":"https:\/\/www.librairieclavreuil.com\/"},{"@type":"ListItem","position":2,"name":"All our books","item":"https:\/\/www.librairieclavreuil.com\/en\/all-our-books\/"},{"@type":"ListItem","position":3,"name":"PETIT-JEHAN Claude Virgile goguenard, ou Le douziesme livre de l&#8217;\u00c9n\u00e9ide travesty, (puisque Traversty y a.)"}]},{"@type":"WebSite","@id":"https:\/\/www.librairieclavreuil.com\/#website","url":"https:\/\/www.librairieclavreuil.com\/","name":"Libairie Clavreuil","description":"Livres anciens, manuscrits rares et \u00e9ditions originales \u2013 Librairie Clavreuil","publisher":{"@id":"https:\/\/www.librairieclavreuil.com\/#organization"},"potentialAction":[{"@type":"SearchAction","target":{"@type":"EntryPoint","urlTemplate":"https:\/\/www.librairieclavreuil.com\/?s={search_term_string}"},"query-input":{"@type":"PropertyValueSpecification","valueRequired":true,"valueName":"search_term_string"}}],"inLanguage":"en-US"},{"@type":"Organization","@id":"https:\/\/www.librairieclavreuil.com\/#organization","name":"Libairie Clavreuil","url":"https:\/\/www.librairieclavreuil.com\/","logo":{"@type":"ImageObject","inLanguage":"en-US","@id":"https:\/\/www.librairieclavreuil.com\/#\/schema\/logo\/image\/","url":"https:\/\/www.librairieclavreuil.com\/wp-content\/uploads\/2021\/06\/cropped-LOGO_PNG_DATE-_gold-512x512-1.png","contentUrl":"https:\/\/www.librairieclavreuil.com\/wp-content\/uploads\/2021\/06\/cropped-LOGO_PNG_DATE-_gold-512x512-1.png","width":512,"height":512,"caption":"Libairie Clavreuil"},"image":{"@id":"https:\/\/www.librairieclavreuil.com\/#\/schema\/logo\/image\/"},"sameAs":["https:\/\/www.instagram.com\/librairieclavreuil\/"]}]}},"jetpack_sharing_enabled":true,"_links":{"self":[{"href":"https:\/\/www.librairieclavreuil.com\/en\/wp-json\/wp\/v2\/product\/81077","targetHints":{"allow":["GET"]}}],"collection":[{"href":"https:\/\/www.librairieclavreuil.com\/en\/wp-json\/wp\/v2\/product"}],"about":[{"href":"https:\/\/www.librairieclavreuil.com\/en\/wp-json\/wp\/v2\/types\/product"}],"replies":[{"embeddable":true,"href":"https:\/\/www.librairieclavreuil.com\/en\/wp-json\/wp\/v2\/comments?post=81077"}],"wp:featuredmedia":[{"embeddable":true,"href":"https:\/\/www.librairieclavreuil.com\/en\/wp-json\/wp\/v2\/media\/81070"}],"wp:attachment":[{"href":"https:\/\/www.librairieclavreuil.com\/en\/wp-json\/wp\/v2\/media?parent=81077"}],"wp:term":[{"taxonomy":"product_brand","embeddable":true,"href":"https:\/\/www.librairieclavreuil.com\/en\/wp-json\/wp\/v2\/product_brand?post=81077"},{"taxonomy":"product_cat","embeddable":true,"href":"https:\/\/www.librairieclavreuil.com\/en\/wp-json\/wp\/v2\/product_cat?post=81077"},{"taxonomy":"product_tag","embeddable":true,"href":"https:\/\/www.librairieclavreuil.com\/en\/wp-json\/wp\/v2\/product_tag?post=81077"}],"curies":[{"name":"wp","href":"https:\/\/api.w.org\/{rel}","templated":true}]}}