{"id":81059,"date":"2024-07-17T17:57:44","date_gmt":"2024-07-17T15:57:44","guid":{"rendered":"https:\/\/www.librairieclavreuil.com\/benserade-isaac-de-vers-du-ballet-royal-danse-par-leurs-majestez-entre-les-actes-de-la-grande-tragedie-dhercule-amoureux-avec-la-traduction-du-prologue-des-argumens-de-chaque-acte\/"},"modified":"2024-07-17T17:57:56","modified_gmt":"2024-07-17T15:57:56","slug":"benserade-isaac-de-vers-du-ballet-royal-danse-par-leurs-majestez-entre-les-actes-de-la-grande-tragedie-dhercule-amoureux-avec-la-traduction-du-prologue-des-argumens-de-chaque-acte","status":"publish","type":"product","link":"https:\/\/www.librairieclavreuil.com\/en\/benserade-isaac-de-vers-du-ballet-royal-danse-par-leurs-majestez-entre-les-actes-de-la-grande-tragedie-dhercule-amoureux-avec-la-traduction-du-prologue-des-argumens-de-chaque-acte\/","title":{"rendered":"BENSERADE Isaac de Vers du ballet royal dans\u00e9..."},"content":{"rendered":"<p style=\"text-align:justify\"><i>Malkin, Dancing by the Book, 9.1 (for the French translation only); La Valli\u00e8re, Ballet, p. 76.<\/i><\/p>\n<p style=\"text-align:justify\"><span style=\"font-variant:small-caps\">First edition, rare.<\/span><\/p>\n<p>Isaac de Benserade&#8217;s libretto in verse form is followed in continuous pagination by Francesco Buti&#8217;s lyric tragedy in Italian and its French translation by Camillo. These eighteen ballet entries evoking the origin and greatness of the House of France were performed to music by Lully as interludes at the Paris performances of the opera<i> Ercole amante<\/i>.<\/p>\n<p>Antoine Desbrosses (died in Brussels in December 1700), a master dancer under Louis XIV, first appeared at Versailles in 1659 in the <i>Ballet de la Raillerie<\/i>, composed by Benserade. A few years after the creation of the Royal Academy of Dance in 1661, Desbrosses was entrusted with its direction until 1669 and during this period danced in court ballets and comedy-ballets created by Moli\u00e8re, Lully and Beauchamps; he appeared in particular in the <i>Ballet de l&#8217;impatience<\/i> (Benserade and Lully, 1661), in the entreactes of <i>Hercule amoureux<\/i> (Benserade and Lully, 1662) and in other plays.<\/p>\n<p>The lyric tragedy itself, whose subject is borrowed from the <i>M\u00e9tamorphoses<\/i>, had been commissioned by Mazarin from Francesco Cavalli and Francesco Buti for the wedding of Louis XIV and Maria Theresa of Spain.<\/p>\n<p>It was performed on 7 February 1662 by Cardinal Mazarin&#8217;s troupe of Italian singers, under the direction of the composer, in the new Salle des Tuileries, a theatre with around 6,000 seats (one of the largest ever built in Paris), suitable for the installation of complex machinery. This venue was built in three years at great expense by Gasparo and Carlo Vigarani on the orders of Louis XIV, inaugurated with <i>Hercule amoureux<\/i>, but quickly abandoned because of its disastrous acoustics. Numerous complex and noisy machines were built by the Vigarani brothers to perform acrobatics.<\/p>\n<p>The copy described Malkin differs from the present one. The <i>Ercole Amante<\/i> is here part of the edition and is paginated in sequence to the French translation. The French translation occupies pages 1-52, <i>Ercole Amante<\/i> is to be found on pages [53] to 213.<\/p>\n<p>&#8220;Cavalli&#8217;s opera&nbsp;<i>Ercole Amante<\/i>&nbsp;(or&nbsp;<i>Hercule amoureux<\/i>) was given at the Tuileries on 7 Fbruary 1662. The production was notable for its scenic effects by the Vigaranis. The represenation of Hell in the fifth act was so successful that the scenes and machines were re-used, ath the king&#8217;s request, for the 1671 production of&nbsp;<i>Psich\u00e9<\/i>&#8221; (Malkin).<\/p>\n<p>Light spotting and foxing, occasional amrginal waterstain..<\/p>\n<p>Provenance: From the library of Loppin de Gemeaux et de Montmort, with armorial bookplate with the motto \u2018ny amy ny ennemy a demy\u2019.<\/p>\n","protected":false},"excerpt":{"rendered":"<p>2 parts in 1 volume, 4to (225 x 167 mm) 213 pp. 19th century half-vellum, flat spine with manuscript title (cornes slighlty restored).<\/p>\n","protected":false},"featured_media":81054,"comment_status":"open","ping_status":"closed","template":"","meta":{"_acf_changed":false},"product_brand":[],"product_cat":[544],"product_tag":[1450,568,1255],"class_list":{"0":"post-81059","1":"product","2":"type-product","3":"status-publish","4":"has-post-thumbnail","6":"product_cat-literature","7":"product_tag-first-edition","8":"product_tag-music","9":"product_tag-theatre-dance","10":"pa_auteur-benserade-isaac-de-2","11":"pa_type-de-livre-printed-book","13":"first","14":"instock","15":"shipping-taxable","16":"purchasable","17":"product-type-simple"},"acf":{"artist":" Isaac de BENSERADE","chapeau":"","adresse_bibliographique":"Paris, Robert Ballard, 1662","book_type":"Printed book","provenance":"","afficher_prix":""},"yoast_head":"<!-- This site is optimized with the Yoast SEO plugin v24.7 - https:\/\/yoast.com\/wordpress\/plugins\/seo\/ -->\n<title>BENSERADE Isaac de Vers du ballet royal dans\u00e9 par leurs majestez entre les actes de la grande trag\u00e9die d&#039;Hercule amoureux. Avec la traduction du Prologue, &amp; des Argumens de chaque acte.\u2013\u00a0 [Suivi de] : [BUTI (Francesco)]. Ercole amante... Hercule amoureux. Trag\u00e9die, repr\u00e9sent\u00e9e pour les Nopces de leurs Majestez tres-Chrestiennes. - Libairie Clavreuil<\/title>\n<meta name=\"robots\" content=\"index, follow, max-snippet:-1, max-image-preview:large, max-video-preview:-1\" \/>\n<link rel=\"canonical\" href=\"https:\/\/www.librairieclavreuil.com\/en\/benserade-isaac-de-vers-du-ballet-royal-danse-par-leurs-majestez-entre-les-actes-de-la-grande-tragedie-dhercule-amoureux-avec-la-traduction-du-prologue-des-argumens-de-chaque-acte\/\" \/>\n<meta property=\"og:locale\" content=\"en_US\" \/>\n<meta property=\"og:type\" content=\"article\" \/>\n<meta property=\"og:title\" content=\"BENSERADE Isaac de Vers du ballet royal dans\u00e9 par leurs majestez entre les actes de la grande trag\u00e9die d&#039;Hercule amoureux. Avec la traduction du Prologue, &amp; des Argumens de chaque acte.\u2013\u00a0 [Suivi de] : [BUTI (Francesco)]. Ercole amante... Hercule amoureux. Trag\u00e9die, repr\u00e9sent\u00e9e pour les Nopces de leurs Majestez tres-Chrestiennes. - Libairie Clavreuil\" \/>\n<meta property=\"og:description\" content=\"2 parts in 1 volume, 4to (225 x 167 mm) 213 pp. 19th century half-vellum, flat spine with manuscript title (cornes slighlty restored).\" \/>\n<meta property=\"og:url\" content=\"https:\/\/www.librairieclavreuil.com\/en\/benserade-isaac-de-vers-du-ballet-royal-danse-par-leurs-majestez-entre-les-actes-de-la-grande-tragedie-dhercule-amoureux-avec-la-traduction-du-prologue-des-argumens-de-chaque-acte\/\" \/>\n<meta property=\"og:site_name\" content=\"Libairie Clavreuil\" \/>\n<meta property=\"article:modified_time\" content=\"2024-07-17T15:57:56+00:00\" \/>\n<meta property=\"og:image\" content=\"https:\/\/www.librairieclavreuil.com\/wp-content\/uploads\/2024\/07\/isaac-de-benserade-vers-du-ballet-royal-danse-par-leurs-majestez-entre-les-actes-de-la-grande-tragedie-d-hercule-amoureux-avec-la-traduction-du-prolog.jpg\" \/>\n\t<meta property=\"og:image:width\" content=\"600\" \/>\n\t<meta property=\"og:image:height\" content=\"800\" \/>\n\t<meta property=\"og:image:type\" content=\"image\/jpeg\" \/>\n<meta name=\"twitter:card\" content=\"summary_large_image\" \/>\n<meta name=\"twitter:label1\" content=\"Est. reading time\" \/>\n\t<meta name=\"twitter:data1\" content=\"2 minutes\" \/>\n<script type=\"application\/ld+json\" class=\"yoast-schema-graph\">{\"@context\":\"https:\/\/schema.org\",\"@graph\":[{\"@type\":\"WebPage\",\"@id\":\"https:\/\/www.librairieclavreuil.com\/en\/benserade-isaac-de-vers-du-ballet-royal-danse-par-leurs-majestez-entre-les-actes-de-la-grande-tragedie-dhercule-amoureux-avec-la-traduction-du-prologue-des-argumens-de-chaque-acte\/\",\"url\":\"https:\/\/www.librairieclavreuil.com\/en\/benserade-isaac-de-vers-du-ballet-royal-danse-par-leurs-majestez-entre-les-actes-de-la-grande-tragedie-dhercule-amoureux-avec-la-traduction-du-prologue-des-argumens-de-chaque-acte\/\",\"name\":\"BENSERADE Isaac de Vers du ballet royal dans\u00e9 par leurs majestez entre les actes de la grande trag\u00e9die d'Hercule amoureux. Avec la traduction du Prologue, &amp; des Argumens de chaque acte.\u2013\u00a0 [Suivi de] : [BUTI (Francesco)]. Ercole amante... Hercule amoureux. Trag\u00e9die, repr\u00e9sent\u00e9e pour les Nopces de leurs Majestez tres-Chrestiennes. - Libairie Clavreuil\",\"isPartOf\":{\"@id\":\"https:\/\/www.librairieclavreuil.com\/#website\"},\"primaryImageOfPage\":{\"@id\":\"https:\/\/www.librairieclavreuil.com\/en\/benserade-isaac-de-vers-du-ballet-royal-danse-par-leurs-majestez-entre-les-actes-de-la-grande-tragedie-dhercule-amoureux-avec-la-traduction-du-prologue-des-argumens-de-chaque-acte\/#primaryimage\"},\"image\":{\"@id\":\"https:\/\/www.librairieclavreuil.com\/en\/benserade-isaac-de-vers-du-ballet-royal-danse-par-leurs-majestez-entre-les-actes-de-la-grande-tragedie-dhercule-amoureux-avec-la-traduction-du-prologue-des-argumens-de-chaque-acte\/#primaryimage\"},\"thumbnailUrl\":\"https:\/\/www.librairieclavreuil.com\/wp-content\/uploads\/2024\/07\/isaac-de-benserade-vers-du-ballet-royal-danse-par-leurs-majestez-entre-les-actes-de-la-grande-tragedie-d-hercule-amoureux-avec-la-traduction-du-prolog.jpg\",\"datePublished\":\"2024-07-17T15:57:44+00:00\",\"dateModified\":\"2024-07-17T15:57:56+00:00\",\"breadcrumb\":{\"@id\":\"https:\/\/www.librairieclavreuil.com\/en\/benserade-isaac-de-vers-du-ballet-royal-danse-par-leurs-majestez-entre-les-actes-de-la-grande-tragedie-dhercule-amoureux-avec-la-traduction-du-prologue-des-argumens-de-chaque-acte\/#breadcrumb\"},\"inLanguage\":\"en-US\",\"potentialAction\":[{\"@type\":\"ReadAction\",\"target\":[\"https:\/\/www.librairieclavreuil.com\/en\/benserade-isaac-de-vers-du-ballet-royal-danse-par-leurs-majestez-entre-les-actes-de-la-grande-tragedie-dhercule-amoureux-avec-la-traduction-du-prologue-des-argumens-de-chaque-acte\/\"]}]},{\"@type\":\"ImageObject\",\"inLanguage\":\"en-US\",\"@id\":\"https:\/\/www.librairieclavreuil.com\/en\/benserade-isaac-de-vers-du-ballet-royal-danse-par-leurs-majestez-entre-les-actes-de-la-grande-tragedie-dhercule-amoureux-avec-la-traduction-du-prologue-des-argumens-de-chaque-acte\/#primaryimage\",\"url\":\"https:\/\/www.librairieclavreuil.com\/wp-content\/uploads\/2024\/07\/isaac-de-benserade-vers-du-ballet-royal-danse-par-leurs-majestez-entre-les-actes-de-la-grande-tragedie-d-hercule-amoureux-avec-la-traduction-du-prolog.jpg\",\"contentUrl\":\"https:\/\/www.librairieclavreuil.com\/wp-content\/uploads\/2024\/07\/isaac-de-benserade-vers-du-ballet-royal-danse-par-leurs-majestez-entre-les-actes-de-la-grande-tragedie-d-hercule-amoureux-avec-la-traduction-du-prolog.jpg\",\"width\":600,\"height\":800},{\"@type\":\"BreadcrumbList\",\"@id\":\"https:\/\/www.librairieclavreuil.com\/en\/benserade-isaac-de-vers-du-ballet-royal-danse-par-leurs-majestez-entre-les-actes-de-la-grande-tragedie-dhercule-amoureux-avec-la-traduction-du-prologue-des-argumens-de-chaque-acte\/#breadcrumb\",\"itemListElement\":[{\"@type\":\"ListItem\",\"position\":1,\"name\":\"Accueil\",\"item\":\"https:\/\/www.librairieclavreuil.com\/\"},{\"@type\":\"ListItem\",\"position\":2,\"name\":\"All our books\",\"item\":\"https:\/\/www.librairieclavreuil.com\/en\/all-our-books\/\"},{\"@type\":\"ListItem\",\"position\":3,\"name\":\"BENSERADE Isaac de Vers du ballet royal dans\u00e9 par leurs majestez entre les actes de la grande trag\u00e9die d&#8217;Hercule amoureux. Avec la traduction du Prologue, &amp; des Argumens de chaque acte.\u2013\u00a0 [Suivi de] : [BUTI (Francesco)]. Ercole amante&#8230; Hercule amoureux. Trag\u00e9die, repr\u00e9sent\u00e9e pour les Nopces de leurs Majestez tres-Chrestiennes.\"}]},{\"@type\":\"WebSite\",\"@id\":\"https:\/\/www.librairieclavreuil.com\/#website\",\"url\":\"https:\/\/www.librairieclavreuil.com\/\",\"name\":\"Libairie Clavreuil\",\"description\":\"Livres anciens, manuscrits rares et \u00e9ditions originales \u2013 Librairie Clavreuil\",\"publisher\":{\"@id\":\"https:\/\/www.librairieclavreuil.com\/#organization\"},\"potentialAction\":[{\"@type\":\"SearchAction\",\"target\":{\"@type\":\"EntryPoint\",\"urlTemplate\":\"https:\/\/www.librairieclavreuil.com\/?s={search_term_string}\"},\"query-input\":{\"@type\":\"PropertyValueSpecification\",\"valueRequired\":true,\"valueName\":\"search_term_string\"}}],\"inLanguage\":\"en-US\"},{\"@type\":\"Organization\",\"@id\":\"https:\/\/www.librairieclavreuil.com\/#organization\",\"name\":\"Libairie Clavreuil\",\"url\":\"https:\/\/www.librairieclavreuil.com\/\",\"logo\":{\"@type\":\"ImageObject\",\"inLanguage\":\"en-US\",\"@id\":\"https:\/\/www.librairieclavreuil.com\/#\/schema\/logo\/image\/\",\"url\":\"https:\/\/www.librairieclavreuil.com\/wp-content\/uploads\/2021\/06\/cropped-LOGO_PNG_DATE-_gold-512x512-1.png\",\"contentUrl\":\"https:\/\/www.librairieclavreuil.com\/wp-content\/uploads\/2021\/06\/cropped-LOGO_PNG_DATE-_gold-512x512-1.png\",\"width\":512,\"height\":512,\"caption\":\"Libairie Clavreuil\"},\"image\":{\"@id\":\"https:\/\/www.librairieclavreuil.com\/#\/schema\/logo\/image\/\"},\"sameAs\":[\"https:\/\/www.instagram.com\/librairieclavreuil\/\"]}]}<\/script>\n<!-- \/ Yoast SEO plugin. -->","yoast_head_json":{"title":"BENSERADE Isaac de Vers du ballet royal dans\u00e9 par leurs majestez entre les actes de la grande trag\u00e9die d'Hercule amoureux. Avec la traduction du Prologue, &amp; des Argumens de chaque acte.\u2013\u00a0 [Suivi de] : [BUTI (Francesco)]. Ercole amante... Hercule amoureux. Trag\u00e9die, repr\u00e9sent\u00e9e pour les Nopces de leurs Majestez tres-Chrestiennes. - Libairie Clavreuil","robots":{"index":"index","follow":"follow","max-snippet":"max-snippet:-1","max-image-preview":"max-image-preview:large","max-video-preview":"max-video-preview:-1"},"canonical":"https:\/\/www.librairieclavreuil.com\/en\/benserade-isaac-de-vers-du-ballet-royal-danse-par-leurs-majestez-entre-les-actes-de-la-grande-tragedie-dhercule-amoureux-avec-la-traduction-du-prologue-des-argumens-de-chaque-acte\/","og_locale":"en_US","og_type":"article","og_title":"BENSERADE Isaac de Vers du ballet royal dans\u00e9 par leurs majestez entre les actes de la grande trag\u00e9die d'Hercule amoureux. Avec la traduction du Prologue, &amp; des Argumens de chaque acte.\u2013\u00a0 [Suivi de] : [BUTI (Francesco)]. Ercole amante... Hercule amoureux. Trag\u00e9die, repr\u00e9sent\u00e9e pour les Nopces de leurs Majestez tres-Chrestiennes. - Libairie Clavreuil","og_description":"2 parts in 1 volume, 4to (225 x 167 mm) 213 pp. 19th century half-vellum, flat spine with manuscript title (cornes slighlty restored).","og_url":"https:\/\/www.librairieclavreuil.com\/en\/benserade-isaac-de-vers-du-ballet-royal-danse-par-leurs-majestez-entre-les-actes-de-la-grande-tragedie-dhercule-amoureux-avec-la-traduction-du-prologue-des-argumens-de-chaque-acte\/","og_site_name":"Libairie Clavreuil","article_modified_time":"2024-07-17T15:57:56+00:00","og_image":[{"width":600,"height":800,"url":"https:\/\/www.librairieclavreuil.com\/wp-content\/uploads\/2024\/07\/isaac-de-benserade-vers-du-ballet-royal-danse-par-leurs-majestez-entre-les-actes-de-la-grande-tragedie-d-hercule-amoureux-avec-la-traduction-du-prolog.jpg","type":"image\/jpeg"}],"twitter_card":"summary_large_image","twitter_misc":{"Est. reading time":"2 minutes"},"schema":{"@context":"https:\/\/schema.org","@graph":[{"@type":"WebPage","@id":"https:\/\/www.librairieclavreuil.com\/en\/benserade-isaac-de-vers-du-ballet-royal-danse-par-leurs-majestez-entre-les-actes-de-la-grande-tragedie-dhercule-amoureux-avec-la-traduction-du-prologue-des-argumens-de-chaque-acte\/","url":"https:\/\/www.librairieclavreuil.com\/en\/benserade-isaac-de-vers-du-ballet-royal-danse-par-leurs-majestez-entre-les-actes-de-la-grande-tragedie-dhercule-amoureux-avec-la-traduction-du-prologue-des-argumens-de-chaque-acte\/","name":"BENSERADE Isaac de Vers du ballet royal dans\u00e9 par leurs majestez entre les actes de la grande trag\u00e9die d'Hercule amoureux. Avec la traduction du Prologue, &amp; des Argumens de chaque acte.\u2013\u00a0 [Suivi de] : [BUTI (Francesco)]. Ercole amante... Hercule amoureux. Trag\u00e9die, repr\u00e9sent\u00e9e pour les Nopces de leurs Majestez tres-Chrestiennes. - Libairie Clavreuil","isPartOf":{"@id":"https:\/\/www.librairieclavreuil.com\/#website"},"primaryImageOfPage":{"@id":"https:\/\/www.librairieclavreuil.com\/en\/benserade-isaac-de-vers-du-ballet-royal-danse-par-leurs-majestez-entre-les-actes-de-la-grande-tragedie-dhercule-amoureux-avec-la-traduction-du-prologue-des-argumens-de-chaque-acte\/#primaryimage"},"image":{"@id":"https:\/\/www.librairieclavreuil.com\/en\/benserade-isaac-de-vers-du-ballet-royal-danse-par-leurs-majestez-entre-les-actes-de-la-grande-tragedie-dhercule-amoureux-avec-la-traduction-du-prologue-des-argumens-de-chaque-acte\/#primaryimage"},"thumbnailUrl":"https:\/\/www.librairieclavreuil.com\/wp-content\/uploads\/2024\/07\/isaac-de-benserade-vers-du-ballet-royal-danse-par-leurs-majestez-entre-les-actes-de-la-grande-tragedie-d-hercule-amoureux-avec-la-traduction-du-prolog.jpg","datePublished":"2024-07-17T15:57:44+00:00","dateModified":"2024-07-17T15:57:56+00:00","breadcrumb":{"@id":"https:\/\/www.librairieclavreuil.com\/en\/benserade-isaac-de-vers-du-ballet-royal-danse-par-leurs-majestez-entre-les-actes-de-la-grande-tragedie-dhercule-amoureux-avec-la-traduction-du-prologue-des-argumens-de-chaque-acte\/#breadcrumb"},"inLanguage":"en-US","potentialAction":[{"@type":"ReadAction","target":["https:\/\/www.librairieclavreuil.com\/en\/benserade-isaac-de-vers-du-ballet-royal-danse-par-leurs-majestez-entre-les-actes-de-la-grande-tragedie-dhercule-amoureux-avec-la-traduction-du-prologue-des-argumens-de-chaque-acte\/"]}]},{"@type":"ImageObject","inLanguage":"en-US","@id":"https:\/\/www.librairieclavreuil.com\/en\/benserade-isaac-de-vers-du-ballet-royal-danse-par-leurs-majestez-entre-les-actes-de-la-grande-tragedie-dhercule-amoureux-avec-la-traduction-du-prologue-des-argumens-de-chaque-acte\/#primaryimage","url":"https:\/\/www.librairieclavreuil.com\/wp-content\/uploads\/2024\/07\/isaac-de-benserade-vers-du-ballet-royal-danse-par-leurs-majestez-entre-les-actes-de-la-grande-tragedie-d-hercule-amoureux-avec-la-traduction-du-prolog.jpg","contentUrl":"https:\/\/www.librairieclavreuil.com\/wp-content\/uploads\/2024\/07\/isaac-de-benserade-vers-du-ballet-royal-danse-par-leurs-majestez-entre-les-actes-de-la-grande-tragedie-d-hercule-amoureux-avec-la-traduction-du-prolog.jpg","width":600,"height":800},{"@type":"BreadcrumbList","@id":"https:\/\/www.librairieclavreuil.com\/en\/benserade-isaac-de-vers-du-ballet-royal-danse-par-leurs-majestez-entre-les-actes-de-la-grande-tragedie-dhercule-amoureux-avec-la-traduction-du-prologue-des-argumens-de-chaque-acte\/#breadcrumb","itemListElement":[{"@type":"ListItem","position":1,"name":"Accueil","item":"https:\/\/www.librairieclavreuil.com\/"},{"@type":"ListItem","position":2,"name":"All our books","item":"https:\/\/www.librairieclavreuil.com\/en\/all-our-books\/"},{"@type":"ListItem","position":3,"name":"BENSERADE Isaac de Vers du ballet royal dans\u00e9 par leurs majestez entre les actes de la grande trag\u00e9die d&#8217;Hercule amoureux. Avec la traduction du Prologue, &amp; des Argumens de chaque acte.\u2013\u00a0 [Suivi de] : [BUTI (Francesco)]. Ercole amante&#8230; Hercule amoureux. Trag\u00e9die, repr\u00e9sent\u00e9e pour les Nopces de leurs Majestez tres-Chrestiennes."}]},{"@type":"WebSite","@id":"https:\/\/www.librairieclavreuil.com\/#website","url":"https:\/\/www.librairieclavreuil.com\/","name":"Libairie Clavreuil","description":"Livres anciens, manuscrits rares et \u00e9ditions originales \u2013 Librairie Clavreuil","publisher":{"@id":"https:\/\/www.librairieclavreuil.com\/#organization"},"potentialAction":[{"@type":"SearchAction","target":{"@type":"EntryPoint","urlTemplate":"https:\/\/www.librairieclavreuil.com\/?s={search_term_string}"},"query-input":{"@type":"PropertyValueSpecification","valueRequired":true,"valueName":"search_term_string"}}],"inLanguage":"en-US"},{"@type":"Organization","@id":"https:\/\/www.librairieclavreuil.com\/#organization","name":"Libairie Clavreuil","url":"https:\/\/www.librairieclavreuil.com\/","logo":{"@type":"ImageObject","inLanguage":"en-US","@id":"https:\/\/www.librairieclavreuil.com\/#\/schema\/logo\/image\/","url":"https:\/\/www.librairieclavreuil.com\/wp-content\/uploads\/2021\/06\/cropped-LOGO_PNG_DATE-_gold-512x512-1.png","contentUrl":"https:\/\/www.librairieclavreuil.com\/wp-content\/uploads\/2021\/06\/cropped-LOGO_PNG_DATE-_gold-512x512-1.png","width":512,"height":512,"caption":"Libairie Clavreuil"},"image":{"@id":"https:\/\/www.librairieclavreuil.com\/#\/schema\/logo\/image\/"},"sameAs":["https:\/\/www.instagram.com\/librairieclavreuil\/"]}]}},"jetpack_sharing_enabled":true,"_links":{"self":[{"href":"https:\/\/www.librairieclavreuil.com\/en\/wp-json\/wp\/v2\/product\/81059","targetHints":{"allow":["GET"]}}],"collection":[{"href":"https:\/\/www.librairieclavreuil.com\/en\/wp-json\/wp\/v2\/product"}],"about":[{"href":"https:\/\/www.librairieclavreuil.com\/en\/wp-json\/wp\/v2\/types\/product"}],"replies":[{"embeddable":true,"href":"https:\/\/www.librairieclavreuil.com\/en\/wp-json\/wp\/v2\/comments?post=81059"}],"wp:featuredmedia":[{"embeddable":true,"href":"https:\/\/www.librairieclavreuil.com\/en\/wp-json\/wp\/v2\/media\/81054"}],"wp:attachment":[{"href":"https:\/\/www.librairieclavreuil.com\/en\/wp-json\/wp\/v2\/media?parent=81059"}],"wp:term":[{"taxonomy":"product_brand","embeddable":true,"href":"https:\/\/www.librairieclavreuil.com\/en\/wp-json\/wp\/v2\/product_brand?post=81059"},{"taxonomy":"product_cat","embeddable":true,"href":"https:\/\/www.librairieclavreuil.com\/en\/wp-json\/wp\/v2\/product_cat?post=81059"},{"taxonomy":"product_tag","embeddable":true,"href":"https:\/\/www.librairieclavreuil.com\/en\/wp-json\/wp\/v2\/product_tag?post=81059"}],"curies":[{"name":"wp","href":"https:\/\/api.w.org\/{rel}","templated":true}]}}