{"id":81053,"date":"2024-07-17T17:57:21","date_gmt":"2024-07-17T15:57:21","guid":{"rendered":"https:\/\/www.librairieclavreuil.com\/dufour-philippe-sylvestre-traitez-nouveaux-curieux-du-cafe-du-the-et-du-chocolat-ouvrage-egalement-necessaire-aux-medecins-a-tous-ceux-qui-aiment-leur-sante\/"},"modified":"2025-11-26T13:15:06","modified_gmt":"2025-11-26T12:15:06","slug":"dufour-philippe-sylvestre-traitez-nouveaux-curieux-du-cafe-du-the-et-du-chocolat-ouvrage-egalement-necessaire-aux-medecins-a-tous-ceux-qui-aiment-leur-sante","status":"publish","type":"product","link":"https:\/\/www.librairieclavreuil.com\/en\/dufour-philippe-sylvestre-traitez-nouveaux-curieux-du-cafe-du-the-et-du-chocolat-ouvrage-egalement-necessaire-aux-medecins-a-tous-ceux-qui-aiment-leur-sante\/","title":{"rendered":"DUFOUR Philippe Sylvestre Traitez Nouveaux &amp; curieux du..."},"content":{"rendered":"<p style=\"text-align:justify\"><i>Vicaire, 293 ; Bitting, 134 ; Mueller (Kaffee), p. 67 ; Maggs, Food &amp; Drink (1937), n\u00b0 190 : &#8220;extremely scarce&#8221; ; Oberl\u00e9, Fastes, 733 ; NLM, 3481 ; Livres en bouche (BnF), 130 ; Alden, 685\/56 ; see Arents (Add.), n\u00b0 492, pp. 462-464.<\/i><\/p>\n<p style=\"text-align:justify\"><span style=\"font-variant:small-caps\">A very rare edition, the most complete. This work is one of the first to discuss the gastronomic and healing qualities of coffee, tea, and chocolate.<\/span><\/p>\n<p style=\"text-align:justify\">Part of the work was published in Lyon by the same booksellers in 1671 (see the Livres en bouche catalog, no. 129). The text was long attributed to the Lyon physician Jacob Spon, but it was his friend Dufour, or Du Four, who was responsible for this important treatise.<\/p>\n<p style=\"text-align:justify\">&#8220;Grand marchand originaire de Manosque, Du Four (vers 1622-1685) exer\u00e7ait \u00e0 Lyon un commerce international de drogues avec l&#8217;Orient et \u00e9tait par ailleurs, comme son ami Spon, un amateur de raret\u00e9s et de curiosit\u00e9s. Son int\u00e9r\u00eat pour les boissons exotiques est donc \u00e0 la fois celui du grand n\u00e9gociant et celui du grand curieux.&#8221;<\/p>\n<p style=\"text-align:justify\">In the 1671 edition, the treatise on chocolate was a reissue of Colmenero de Ledesma&#8217;s text (1643) translated by Ren\u00e9 Moreau, and the treatise on tea was a brief compilation of remarks taken from accounts of travels in the East. For this new edition of 1685, the author considerably revised and expanded the original work, thus providing &#8220;a greatly expanded version of the two treatises on tea and chocolate, and an entirely new text for the treatise on coffee. Du Four did not remove the medical discourse\u2014which he even renewed where necessary, relying, for example, in the case of coffee, on a modern chemical analysis of the product\u2014but he no longer accorded it such exclusive importance and showed much more curiosity than in 1671 about ways of preparing and consuming these products. He notes that chocolate is used in solid form in all kinds of sweets, that it is often drunk with ice cream in Italy, and that in France, gourmets prepare it not in water but in hot milk \u2013 adding an egg yolk, which I have never been able to stomach. Similarly, two chapters of the treatise on coffee are expressly devoted to the preparation of the drink, not without an ironic remark on the French habit of overusing sugar: instead of a coffee beverage, they make a \u201cblackened water syrup\u201d (see Livres en bouche, pp. 152-153).<\/p>\n<p style=\"text-align:justify\">&#8220;In the preface the author states that about 12 years previously a Latin &nbsp;manuscript on coffee had been translated and printed by him, as coffee was becoming the mode. This work was so successful, all copies sold in less than a month, that after much research he wrote a new one to which he added discourses on tea and chocolate, the only thing in common with the Latin translation being the name, all else being original with himself&#8221; (Bitting).<\/p>\n<p style=\"text-align:justify\">Decorated with three beautiful copperplate engravings, two of which are included in the pagination\u2014a person in Levantine dress and a Chinese man enjoying their drink, with coffee and tea plants\u2014and a third outside the text: an American Indian \u201cwith his chocolate pot and cup\u201d and \u201ca branch from the cacao tree.\u201d Vignette and opening letter at the beginning of each section.<\/p>\n<p style=\"text-align:justify\">Fine copy in its contemporary binding ; small occasional waterstain.<\/p>\n<p style=\"text-align:justify\">Provenance : Dr Maurice Villaret (bookplate).<\/p>\n","protected":false},"excerpt":{"rendered":"<p>12mo (158 x 85 mm) 12 nn.ll., 445 pp., 2 nn.ll., last blank removed by the binder, 1 engraved plate and 2 engravings in the text. Contemporary sheep, spine gilt with raised bands (some overall light wear).<\/p>\n","protected":false},"featured_media":87525,"comment_status":"open","ping_status":"closed","template":"","meta":{"_acf_changed":false},"product_brand":[],"product_cat":[552],"product_tag":[588,1271],"class_list":{"0":"post-81053","1":"product","2":"type-product","3":"status-publish","4":"has-post-thumbnail","6":"product_cat-travel","7":"product_tag-gastronomy","8":"product_tag-medicine","9":"pa_auteur-dufour-philippe-sylvestre-2","10":"pa_type-de-livre-printed-book","12":"first","13":"instock","14":"shipping-taxable","15":"purchasable","16":"product-type-simple"},"acf":{"artist":" Philippe Sylvestre DUFOUR","chapeau":"","adresse_bibliographique":"Lyon, Jean Girin et B. Rivi\u00e8re, 1685","book_type":"Printed book","provenance":"","afficher_prix":""},"yoast_head":"<!-- This site is optimized with the Yoast SEO plugin v24.7 - https:\/\/yoast.com\/wordpress\/plugins\/seo\/ -->\n<title>DUFOUR Philippe Sylvestre Traitez Nouveaux &amp; curieux du caf\u00e9, du th\u00e9 et du chocolat. Ouvrage \u00e9galement n\u00e9cessaire aux Medecins, &amp; \u00e0 tous ceux qui aiment leur sant\u00e9. - Libairie Clavreuil<\/title>\n<meta name=\"robots\" content=\"index, follow, max-snippet:-1, max-image-preview:large, max-video-preview:-1\" \/>\n<link rel=\"canonical\" href=\"https:\/\/www.librairieclavreuil.com\/en\/dufour-philippe-sylvestre-traitez-nouveaux-curieux-du-cafe-du-the-et-du-chocolat-ouvrage-egalement-necessaire-aux-medecins-a-tous-ceux-qui-aiment-leur-sante\/\" \/>\n<meta property=\"og:locale\" content=\"en_US\" \/>\n<meta property=\"og:type\" content=\"article\" \/>\n<meta property=\"og:title\" content=\"DUFOUR Philippe Sylvestre Traitez Nouveaux &amp; curieux du caf\u00e9, du th\u00e9 et du chocolat. Ouvrage \u00e9galement n\u00e9cessaire aux Medecins, &amp; \u00e0 tous ceux qui aiment leur sant\u00e9. - Libairie Clavreuil\" \/>\n<meta property=\"og:description\" content=\"12mo (158 x 85 mm) 12 nn.ll., 445 pp., 2 nn.ll., last blank removed by the binder, 1 engraved plate and 2 engravings in the text. Contemporary sheep, spine gilt with raised bands (some overall light wear).\" \/>\n<meta property=\"og:url\" content=\"https:\/\/www.librairieclavreuil.com\/en\/dufour-philippe-sylvestre-traitez-nouveaux-curieux-du-cafe-du-the-et-du-chocolat-ouvrage-egalement-necessaire-aux-medecins-a-tous-ceux-qui-aiment-leur-sante\/\" \/>\n<meta property=\"og:site_name\" content=\"Libairie Clavreuil\" \/>\n<meta property=\"article:modified_time\" content=\"2025-11-26T12:15:06+00:00\" \/>\n<meta property=\"og:image\" content=\"https:\/\/www.librairieclavreuil.com\/wp-content\/uploads\/2025\/08\/philippe-sylvestre-dufour-traitez-nouveaux-curieux-du-cafe-du-the-et-du-chocolat-ouvrage-egalement-necessaire-aux-medecins-a-tous-ceux-qui-a-68ad971225f26.jpg\" \/>\n\t<meta property=\"og:image:width\" content=\"456\" \/>\n\t<meta property=\"og:image:height\" content=\"800\" \/>\n\t<meta property=\"og:image:type\" content=\"image\/jpeg\" \/>\n<meta name=\"twitter:card\" content=\"summary_large_image\" \/>\n<meta name=\"twitter:label1\" content=\"Est. reading time\" \/>\n\t<meta name=\"twitter:data1\" content=\"3 minutes\" \/>\n<script type=\"application\/ld+json\" class=\"yoast-schema-graph\">{\"@context\":\"https:\/\/schema.org\",\"@graph\":[{\"@type\":\"WebPage\",\"@id\":\"https:\/\/www.librairieclavreuil.com\/en\/dufour-philippe-sylvestre-traitez-nouveaux-curieux-du-cafe-du-the-et-du-chocolat-ouvrage-egalement-necessaire-aux-medecins-a-tous-ceux-qui-aiment-leur-sante\/\",\"url\":\"https:\/\/www.librairieclavreuil.com\/en\/dufour-philippe-sylvestre-traitez-nouveaux-curieux-du-cafe-du-the-et-du-chocolat-ouvrage-egalement-necessaire-aux-medecins-a-tous-ceux-qui-aiment-leur-sante\/\",\"name\":\"DUFOUR Philippe Sylvestre Traitez Nouveaux &amp; curieux du caf\u00e9, du th\u00e9 et du chocolat. Ouvrage \u00e9galement n\u00e9cessaire aux Medecins, &amp; \u00e0 tous ceux qui aiment leur sant\u00e9. - Libairie Clavreuil\",\"isPartOf\":{\"@id\":\"https:\/\/www.librairieclavreuil.com\/#website\"},\"primaryImageOfPage\":{\"@id\":\"https:\/\/www.librairieclavreuil.com\/en\/dufour-philippe-sylvestre-traitez-nouveaux-curieux-du-cafe-du-the-et-du-chocolat-ouvrage-egalement-necessaire-aux-medecins-a-tous-ceux-qui-aiment-leur-sante\/#primaryimage\"},\"image\":{\"@id\":\"https:\/\/www.librairieclavreuil.com\/en\/dufour-philippe-sylvestre-traitez-nouveaux-curieux-du-cafe-du-the-et-du-chocolat-ouvrage-egalement-necessaire-aux-medecins-a-tous-ceux-qui-aiment-leur-sante\/#primaryimage\"},\"thumbnailUrl\":\"https:\/\/www.librairieclavreuil.com\/wp-content\/uploads\/2025\/08\/philippe-sylvestre-dufour-traitez-nouveaux-curieux-du-cafe-du-the-et-du-chocolat-ouvrage-egalement-necessaire-aux-medecins-a-tous-ceux-qui-a-68ad971225f26.jpg\",\"datePublished\":\"2024-07-17T15:57:21+00:00\",\"dateModified\":\"2025-11-26T12:15:06+00:00\",\"breadcrumb\":{\"@id\":\"https:\/\/www.librairieclavreuil.com\/en\/dufour-philippe-sylvestre-traitez-nouveaux-curieux-du-cafe-du-the-et-du-chocolat-ouvrage-egalement-necessaire-aux-medecins-a-tous-ceux-qui-aiment-leur-sante\/#breadcrumb\"},\"inLanguage\":\"en-US\",\"potentialAction\":[{\"@type\":\"ReadAction\",\"target\":[\"https:\/\/www.librairieclavreuil.com\/en\/dufour-philippe-sylvestre-traitez-nouveaux-curieux-du-cafe-du-the-et-du-chocolat-ouvrage-egalement-necessaire-aux-medecins-a-tous-ceux-qui-aiment-leur-sante\/\"]}]},{\"@type\":\"ImageObject\",\"inLanguage\":\"en-US\",\"@id\":\"https:\/\/www.librairieclavreuil.com\/en\/dufour-philippe-sylvestre-traitez-nouveaux-curieux-du-cafe-du-the-et-du-chocolat-ouvrage-egalement-necessaire-aux-medecins-a-tous-ceux-qui-aiment-leur-sante\/#primaryimage\",\"url\":\"https:\/\/www.librairieclavreuil.com\/wp-content\/uploads\/2025\/08\/philippe-sylvestre-dufour-traitez-nouveaux-curieux-du-cafe-du-the-et-du-chocolat-ouvrage-egalement-necessaire-aux-medecins-a-tous-ceux-qui-a-68ad971225f26.jpg\",\"contentUrl\":\"https:\/\/www.librairieclavreuil.com\/wp-content\/uploads\/2025\/08\/philippe-sylvestre-dufour-traitez-nouveaux-curieux-du-cafe-du-the-et-du-chocolat-ouvrage-egalement-necessaire-aux-medecins-a-tous-ceux-qui-a-68ad971225f26.jpg\",\"width\":456,\"height\":800},{\"@type\":\"BreadcrumbList\",\"@id\":\"https:\/\/www.librairieclavreuil.com\/en\/dufour-philippe-sylvestre-traitez-nouveaux-curieux-du-cafe-du-the-et-du-chocolat-ouvrage-egalement-necessaire-aux-medecins-a-tous-ceux-qui-aiment-leur-sante\/#breadcrumb\",\"itemListElement\":[{\"@type\":\"ListItem\",\"position\":1,\"name\":\"Accueil\",\"item\":\"https:\/\/www.librairieclavreuil.com\/\"},{\"@type\":\"ListItem\",\"position\":2,\"name\":\"All our books\",\"item\":\"https:\/\/www.librairieclavreuil.com\/en\/all-our-books\/\"},{\"@type\":\"ListItem\",\"position\":3,\"name\":\"DUFOUR Philippe Sylvestre Traitez Nouveaux &amp; curieux du...\"}]},{\"@type\":\"WebSite\",\"@id\":\"https:\/\/www.librairieclavreuil.com\/#website\",\"url\":\"https:\/\/www.librairieclavreuil.com\/\",\"name\":\"Libairie Clavreuil\",\"description\":\"Livres anciens, manuscrits rares et \u00e9ditions originales \u2013 Librairie Clavreuil\",\"publisher\":{\"@id\":\"https:\/\/www.librairieclavreuil.com\/#organization\"},\"potentialAction\":[{\"@type\":\"SearchAction\",\"target\":{\"@type\":\"EntryPoint\",\"urlTemplate\":\"https:\/\/www.librairieclavreuil.com\/?s={search_term_string}\"},\"query-input\":{\"@type\":\"PropertyValueSpecification\",\"valueRequired\":true,\"valueName\":\"search_term_string\"}}],\"inLanguage\":\"en-US\"},{\"@type\":\"Organization\",\"@id\":\"https:\/\/www.librairieclavreuil.com\/#organization\",\"name\":\"Libairie Clavreuil\",\"url\":\"https:\/\/www.librairieclavreuil.com\/\",\"logo\":{\"@type\":\"ImageObject\",\"inLanguage\":\"en-US\",\"@id\":\"https:\/\/www.librairieclavreuil.com\/#\/schema\/logo\/image\/\",\"url\":\"https:\/\/www.librairieclavreuil.com\/wp-content\/uploads\/2021\/06\/cropped-LOGO_PNG_DATE-_gold-512x512-1.png\",\"contentUrl\":\"https:\/\/www.librairieclavreuil.com\/wp-content\/uploads\/2021\/06\/cropped-LOGO_PNG_DATE-_gold-512x512-1.png\",\"width\":512,\"height\":512,\"caption\":\"Libairie Clavreuil\"},\"image\":{\"@id\":\"https:\/\/www.librairieclavreuil.com\/#\/schema\/logo\/image\/\"},\"sameAs\":[\"https:\/\/www.instagram.com\/librairieclavreuil\/\"]}]}<\/script>\n<!-- \/ Yoast SEO plugin. -->","yoast_head_json":{"title":"DUFOUR Philippe Sylvestre Traitez Nouveaux &amp; curieux du caf\u00e9, du th\u00e9 et du chocolat. Ouvrage \u00e9galement n\u00e9cessaire aux Medecins, &amp; \u00e0 tous ceux qui aiment leur sant\u00e9. - Libairie Clavreuil","robots":{"index":"index","follow":"follow","max-snippet":"max-snippet:-1","max-image-preview":"max-image-preview:large","max-video-preview":"max-video-preview:-1"},"canonical":"https:\/\/www.librairieclavreuil.com\/en\/dufour-philippe-sylvestre-traitez-nouveaux-curieux-du-cafe-du-the-et-du-chocolat-ouvrage-egalement-necessaire-aux-medecins-a-tous-ceux-qui-aiment-leur-sante\/","og_locale":"en_US","og_type":"article","og_title":"DUFOUR Philippe Sylvestre Traitez Nouveaux &amp; curieux du caf\u00e9, du th\u00e9 et du chocolat. Ouvrage \u00e9galement n\u00e9cessaire aux Medecins, &amp; \u00e0 tous ceux qui aiment leur sant\u00e9. - Libairie Clavreuil","og_description":"12mo (158 x 85 mm) 12 nn.ll., 445 pp., 2 nn.ll., last blank removed by the binder, 1 engraved plate and 2 engravings in the text. Contemporary sheep, spine gilt with raised bands (some overall light wear).","og_url":"https:\/\/www.librairieclavreuil.com\/en\/dufour-philippe-sylvestre-traitez-nouveaux-curieux-du-cafe-du-the-et-du-chocolat-ouvrage-egalement-necessaire-aux-medecins-a-tous-ceux-qui-aiment-leur-sante\/","og_site_name":"Libairie Clavreuil","article_modified_time":"2025-11-26T12:15:06+00:00","og_image":[{"width":456,"height":800,"url":"https:\/\/www.librairieclavreuil.com\/wp-content\/uploads\/2025\/08\/philippe-sylvestre-dufour-traitez-nouveaux-curieux-du-cafe-du-the-et-du-chocolat-ouvrage-egalement-necessaire-aux-medecins-a-tous-ceux-qui-a-68ad971225f26.jpg","type":"image\/jpeg"}],"twitter_card":"summary_large_image","twitter_misc":{"Est. reading time":"3 minutes"},"schema":{"@context":"https:\/\/schema.org","@graph":[{"@type":"WebPage","@id":"https:\/\/www.librairieclavreuil.com\/en\/dufour-philippe-sylvestre-traitez-nouveaux-curieux-du-cafe-du-the-et-du-chocolat-ouvrage-egalement-necessaire-aux-medecins-a-tous-ceux-qui-aiment-leur-sante\/","url":"https:\/\/www.librairieclavreuil.com\/en\/dufour-philippe-sylvestre-traitez-nouveaux-curieux-du-cafe-du-the-et-du-chocolat-ouvrage-egalement-necessaire-aux-medecins-a-tous-ceux-qui-aiment-leur-sante\/","name":"DUFOUR Philippe Sylvestre Traitez Nouveaux &amp; curieux du caf\u00e9, du th\u00e9 et du chocolat. Ouvrage \u00e9galement n\u00e9cessaire aux Medecins, &amp; \u00e0 tous ceux qui aiment leur sant\u00e9. - Libairie Clavreuil","isPartOf":{"@id":"https:\/\/www.librairieclavreuil.com\/#website"},"primaryImageOfPage":{"@id":"https:\/\/www.librairieclavreuil.com\/en\/dufour-philippe-sylvestre-traitez-nouveaux-curieux-du-cafe-du-the-et-du-chocolat-ouvrage-egalement-necessaire-aux-medecins-a-tous-ceux-qui-aiment-leur-sante\/#primaryimage"},"image":{"@id":"https:\/\/www.librairieclavreuil.com\/en\/dufour-philippe-sylvestre-traitez-nouveaux-curieux-du-cafe-du-the-et-du-chocolat-ouvrage-egalement-necessaire-aux-medecins-a-tous-ceux-qui-aiment-leur-sante\/#primaryimage"},"thumbnailUrl":"https:\/\/www.librairieclavreuil.com\/wp-content\/uploads\/2025\/08\/philippe-sylvestre-dufour-traitez-nouveaux-curieux-du-cafe-du-the-et-du-chocolat-ouvrage-egalement-necessaire-aux-medecins-a-tous-ceux-qui-a-68ad971225f26.jpg","datePublished":"2024-07-17T15:57:21+00:00","dateModified":"2025-11-26T12:15:06+00:00","breadcrumb":{"@id":"https:\/\/www.librairieclavreuil.com\/en\/dufour-philippe-sylvestre-traitez-nouveaux-curieux-du-cafe-du-the-et-du-chocolat-ouvrage-egalement-necessaire-aux-medecins-a-tous-ceux-qui-aiment-leur-sante\/#breadcrumb"},"inLanguage":"en-US","potentialAction":[{"@type":"ReadAction","target":["https:\/\/www.librairieclavreuil.com\/en\/dufour-philippe-sylvestre-traitez-nouveaux-curieux-du-cafe-du-the-et-du-chocolat-ouvrage-egalement-necessaire-aux-medecins-a-tous-ceux-qui-aiment-leur-sante\/"]}]},{"@type":"ImageObject","inLanguage":"en-US","@id":"https:\/\/www.librairieclavreuil.com\/en\/dufour-philippe-sylvestre-traitez-nouveaux-curieux-du-cafe-du-the-et-du-chocolat-ouvrage-egalement-necessaire-aux-medecins-a-tous-ceux-qui-aiment-leur-sante\/#primaryimage","url":"https:\/\/www.librairieclavreuil.com\/wp-content\/uploads\/2025\/08\/philippe-sylvestre-dufour-traitez-nouveaux-curieux-du-cafe-du-the-et-du-chocolat-ouvrage-egalement-necessaire-aux-medecins-a-tous-ceux-qui-a-68ad971225f26.jpg","contentUrl":"https:\/\/www.librairieclavreuil.com\/wp-content\/uploads\/2025\/08\/philippe-sylvestre-dufour-traitez-nouveaux-curieux-du-cafe-du-the-et-du-chocolat-ouvrage-egalement-necessaire-aux-medecins-a-tous-ceux-qui-a-68ad971225f26.jpg","width":456,"height":800},{"@type":"BreadcrumbList","@id":"https:\/\/www.librairieclavreuil.com\/en\/dufour-philippe-sylvestre-traitez-nouveaux-curieux-du-cafe-du-the-et-du-chocolat-ouvrage-egalement-necessaire-aux-medecins-a-tous-ceux-qui-aiment-leur-sante\/#breadcrumb","itemListElement":[{"@type":"ListItem","position":1,"name":"Accueil","item":"https:\/\/www.librairieclavreuil.com\/"},{"@type":"ListItem","position":2,"name":"All our books","item":"https:\/\/www.librairieclavreuil.com\/en\/all-our-books\/"},{"@type":"ListItem","position":3,"name":"DUFOUR Philippe Sylvestre Traitez Nouveaux &amp; curieux du..."}]},{"@type":"WebSite","@id":"https:\/\/www.librairieclavreuil.com\/#website","url":"https:\/\/www.librairieclavreuil.com\/","name":"Libairie Clavreuil","description":"Livres anciens, manuscrits rares et \u00e9ditions originales \u2013 Librairie Clavreuil","publisher":{"@id":"https:\/\/www.librairieclavreuil.com\/#organization"},"potentialAction":[{"@type":"SearchAction","target":{"@type":"EntryPoint","urlTemplate":"https:\/\/www.librairieclavreuil.com\/?s={search_term_string}"},"query-input":{"@type":"PropertyValueSpecification","valueRequired":true,"valueName":"search_term_string"}}],"inLanguage":"en-US"},{"@type":"Organization","@id":"https:\/\/www.librairieclavreuil.com\/#organization","name":"Libairie Clavreuil","url":"https:\/\/www.librairieclavreuil.com\/","logo":{"@type":"ImageObject","inLanguage":"en-US","@id":"https:\/\/www.librairieclavreuil.com\/#\/schema\/logo\/image\/","url":"https:\/\/www.librairieclavreuil.com\/wp-content\/uploads\/2021\/06\/cropped-LOGO_PNG_DATE-_gold-512x512-1.png","contentUrl":"https:\/\/www.librairieclavreuil.com\/wp-content\/uploads\/2021\/06\/cropped-LOGO_PNG_DATE-_gold-512x512-1.png","width":512,"height":512,"caption":"Libairie Clavreuil"},"image":{"@id":"https:\/\/www.librairieclavreuil.com\/#\/schema\/logo\/image\/"},"sameAs":["https:\/\/www.instagram.com\/librairieclavreuil\/"]}]}},"jetpack_sharing_enabled":true,"_links":{"self":[{"href":"https:\/\/www.librairieclavreuil.com\/en\/wp-json\/wp\/v2\/product\/81053","targetHints":{"allow":["GET"]}}],"collection":[{"href":"https:\/\/www.librairieclavreuil.com\/en\/wp-json\/wp\/v2\/product"}],"about":[{"href":"https:\/\/www.librairieclavreuil.com\/en\/wp-json\/wp\/v2\/types\/product"}],"replies":[{"embeddable":true,"href":"https:\/\/www.librairieclavreuil.com\/en\/wp-json\/wp\/v2\/comments?post=81053"}],"wp:featuredmedia":[{"embeddable":true,"href":"https:\/\/www.librairieclavreuil.com\/en\/wp-json\/wp\/v2\/media\/87525"}],"wp:attachment":[{"href":"https:\/\/www.librairieclavreuil.com\/en\/wp-json\/wp\/v2\/media?parent=81053"}],"wp:term":[{"taxonomy":"product_brand","embeddable":true,"href":"https:\/\/www.librairieclavreuil.com\/en\/wp-json\/wp\/v2\/product_brand?post=81053"},{"taxonomy":"product_cat","embeddable":true,"href":"https:\/\/www.librairieclavreuil.com\/en\/wp-json\/wp\/v2\/product_cat?post=81053"},{"taxonomy":"product_tag","embeddable":true,"href":"https:\/\/www.librairieclavreuil.com\/en\/wp-json\/wp\/v2\/product_tag?post=81053"}],"curies":[{"name":"wp","href":"https:\/\/api.w.org\/{rel}","templated":true}]}}