{"id":81015,"date":"2024-07-17T17:54:42","date_gmt":"2024-07-17T15:54:42","guid":{"rendered":"https:\/\/www.librairieclavreuil.com\/courtin-antoine-de-suite-de-la-civilite-francoise-ou-traite-du-point-dhonneur-et-des-regles-pour-converser-se-conduire-sagement-avec-les-incivils-les-facheux\/"},"modified":"2024-07-17T17:54:56","modified_gmt":"2024-07-17T15:54:56","slug":"courtin-antoine-de-suite-de-la-civilite-francoise-ou-traite-du-point-dhonneur-et-des-regles-pour-converser-se-conduire-sagement-avec-les-incivils-les-facheux","status":"publish","type":"product","link":"https:\/\/www.librairieclavreuil.com\/en\/courtin-antoine-de-suite-de-la-civilite-francoise-ou-traite-du-point-dhonneur-et-des-regles-pour-converser-se-conduire-sagement-avec-les-incivils-les-facheux\/","title":{"rendered":"COURTIN Antoine de Suite de la Civilit\u00e9 fran\u00e7oise,..."},"content":{"rendered":"<p style=\"text-align:justify\"><i>Cioranescu, 22370 (different collation).<\/i><\/p>\n<p style=\"text-align:justify\"><span style=\"font-variant:small-caps\">First edition.&nbsp;<\/span><\/p>\n<p style=\"text-align:justify\">One of the most important and most sought after works by Antoine de Courtin (1622-1685), diplomat and moral philosopher to who we owe much to the modern understanding of civil behaviour and correctness as described by the Italian authors of the Renaissance.<\/p>\n<p style=\"text-align:justify\">The modern concept of civil behaviour became more and more important in 16th and 17th century Western Europe and replaced the courteous behaviour of the Middle Ages. &#8220;&#8230;en partie aux d\u00e9pens du terme m\u00e9di\u00e9val de courtoisie. En m\u00eame temps, civilit\u00e9 changea de sens, se r\u00e9f\u00e9rant de moins en moins aux syst\u00e8mes politiques et de plus en plus \u00e0 un comportement \u00e9l\u00e9gant&#8230; La progression de civilit\u00e9 dans sa nouvelle acception \u00e9tait \u00e0 la fois exprim\u00e9e et encourag\u00e9e dans le trait\u00e9 d\u2019Erasme sur les bonnes mani\u00e8res pour les jeunes gar\u00e7ons, <i>De civilitate morum puerilium<\/i> (1530), qui se centrait sur les bonnes mani\u00e8res de table. Il fut suivi d\u2019une longue s\u00e9rie de trait\u00e9s de bonne conduite, comme le <i>Galateo <\/i>de Giovanni Della Casa (1558), <i>La Civil conversazione <\/i>de Stefano Guazzo (1578), le <i>Nouveau Trait\u00e9 de civilit\u00e9<\/i> d\u2019Antoine de Courtin (1671), etc. La traduction de ces textes r\u00e9v\u00e8le \u00e0 quel point la civilit\u00e9 ou la politesse \u00e9taient en train de devenir un id\u00e9al europ\u00e9en. Della Casa fut traduit en fran\u00e7ais, anglais, latin et espagnol, et <i>Guazzo <\/i>en fran\u00e7ais, anglais et latin. Courtin le fut en anglais et allemand&#8221; (see Peter Burke, Les Langages de la politesse, in &#8220;Terrain. Revue d&#8217;ethnologie de l&#8217;Europe&#8221;, 1999, n\u00b0 33).<\/p>\n<p style=\"text-align:justify\">In this work Courtin analyses the notions of resentments, insult, defence, vengeance, and honor. The last chapter is entirely devoted to charity and how to live with the meanest ones (&#8220;Maximes plus pr\u00e9cises pour restablir la charit\u00e9, ou bien vivre avec les f\u00e2cheux&#8221;).<\/p>\n<p style=\"text-align:justify\"><span style=\"font-variant:small-caps\">Important provenance&nbsp;<\/span><\/p>\n<p style=\"text-align:justify\">This copy belonged to the Bishop of Avranches Pierre-Daniel Huet (1630-1721).<\/p>\n<p style=\"text-align:justify\">The original covers (preserved on the inner covers of the new binding) bear the coat of arms of Pierre-Daniel Huet who is likely to have met Christine of Sweden in the 1650 at the royal court. The binding was made by Noulhac on the request of its former owner Henri Houssaye (his note on the fly-leaf and book plate).&nbsp;<\/p>\n<p style=\"text-align:justify\">The book then passed on to Gustave Mouravit (his monogram on the title page).<\/p>\n","protected":false},"excerpt":{"rendered":"<p>12mo (143 x 80 mm) 10 nn.ll., 354 pp., 1 nn.l. 19th century janseniste red morocco by Noulhac with the original front and rear covers of the original calf binding mounted on the inner covers, silk endpapers, gilt edges.<\/p>\n","protected":false},"featured_media":81008,"comment_status":"open","ping_status":"closed","template":"","meta":{"_acf_changed":false},"product_brand":[],"product_cat":[544],"product_tag":[1244,1270,1267,1450],"class_list":{"0":"post-81015","1":"product","2":"type-product","3":"status-publish","4":"has-post-thumbnail","6":"product_cat-literature","7":"product_tag-17th-century-literature","8":"product_tag-armoured","9":"product_tag-binding","10":"product_tag-first-edition","11":"pa_auteur-courtin-antoine-de-2","12":"pa_type-de-livre-printed-book","14":"first","15":"instock","16":"shipping-taxable","17":"purchasable","18":"product-type-simple"},"acf":{"artist":" Antoine de COURTIN","chapeau":"The Archbishop Pierre-Daniel Huet's copy","adresse_bibliographique":"Paris, Helie Josset, 1675","book_type":"Printed book","provenance":"","afficher_prix":""},"yoast_head":"<!-- This site is optimized with the Yoast SEO plugin v24.7 - https:\/\/yoast.com\/wordpress\/plugins\/seo\/ -->\n<title>COURTIN Antoine de Suite de la Civilit\u00e9 fran\u00e7oise, ou trait\u00e9 du point-d&#039;honneur, et des r\u00e8gles pour converser &amp; se conduire sagement avec les Incivils &amp; les F\u00e2cheux. - Libairie Clavreuil<\/title>\n<meta name=\"robots\" content=\"index, follow, max-snippet:-1, max-image-preview:large, max-video-preview:-1\" \/>\n<link rel=\"canonical\" href=\"https:\/\/www.librairieclavreuil.com\/en\/courtin-antoine-de-suite-de-la-civilite-francoise-ou-traite-du-point-dhonneur-et-des-regles-pour-converser-se-conduire-sagement-avec-les-incivils-les-facheux\/\" \/>\n<meta property=\"og:locale\" content=\"en_US\" \/>\n<meta property=\"og:type\" content=\"article\" \/>\n<meta property=\"og:title\" content=\"COURTIN Antoine de Suite de la Civilit\u00e9 fran\u00e7oise, ou trait\u00e9 du point-d&#039;honneur, et des r\u00e8gles pour converser &amp; se conduire sagement avec les Incivils &amp; les F\u00e2cheux. - Libairie Clavreuil\" \/>\n<meta property=\"og:description\" content=\"12mo (143 x 80 mm) 10 nn.ll., 354 pp., 1 nn.l. 19th century janseniste red morocco by Noulhac with the original front and rear covers of the original calf binding mounted on the inner covers, silk endpapers, gilt edges.\" \/>\n<meta property=\"og:url\" content=\"https:\/\/www.librairieclavreuil.com\/en\/courtin-antoine-de-suite-de-la-civilite-francoise-ou-traite-du-point-dhonneur-et-des-regles-pour-converser-se-conduire-sagement-avec-les-incivils-les-facheux\/\" \/>\n<meta property=\"og:site_name\" content=\"Libairie Clavreuil\" \/>\n<meta property=\"article:modified_time\" content=\"2024-07-17T15:54:56+00:00\" \/>\n<meta property=\"og:image\" content=\"https:\/\/www.librairieclavreuil.com\/wp-content\/uploads\/2024\/07\/antoine-de-courtin-suite-de-la-civilite-francoise-ou-traite-du-point-d-honneur-et-des-regles-pour-converser-se-conduire-sagement-avec-les-incivils-les.jpg\" \/>\n\t<meta property=\"og:image:width\" content=\"437\" \/>\n\t<meta property=\"og:image:height\" content=\"800\" \/>\n\t<meta property=\"og:image:type\" content=\"image\/jpeg\" \/>\n<meta name=\"twitter:card\" content=\"summary_large_image\" \/>\n<meta name=\"twitter:label1\" content=\"Est. reading time\" \/>\n\t<meta name=\"twitter:data1\" content=\"2 minutes\" \/>\n<script type=\"application\/ld+json\" class=\"yoast-schema-graph\">{\"@context\":\"https:\/\/schema.org\",\"@graph\":[{\"@type\":\"WebPage\",\"@id\":\"https:\/\/www.librairieclavreuil.com\/en\/courtin-antoine-de-suite-de-la-civilite-francoise-ou-traite-du-point-dhonneur-et-des-regles-pour-converser-se-conduire-sagement-avec-les-incivils-les-facheux\/\",\"url\":\"https:\/\/www.librairieclavreuil.com\/en\/courtin-antoine-de-suite-de-la-civilite-francoise-ou-traite-du-point-dhonneur-et-des-regles-pour-converser-se-conduire-sagement-avec-les-incivils-les-facheux\/\",\"name\":\"COURTIN Antoine de Suite de la Civilit\u00e9 fran\u00e7oise, ou trait\u00e9 du point-d'honneur, et des r\u00e8gles pour converser &amp; se conduire sagement avec les Incivils &amp; les F\u00e2cheux. - Libairie Clavreuil\",\"isPartOf\":{\"@id\":\"https:\/\/www.librairieclavreuil.com\/#website\"},\"primaryImageOfPage\":{\"@id\":\"https:\/\/www.librairieclavreuil.com\/en\/courtin-antoine-de-suite-de-la-civilite-francoise-ou-traite-du-point-dhonneur-et-des-regles-pour-converser-se-conduire-sagement-avec-les-incivils-les-facheux\/#primaryimage\"},\"image\":{\"@id\":\"https:\/\/www.librairieclavreuil.com\/en\/courtin-antoine-de-suite-de-la-civilite-francoise-ou-traite-du-point-dhonneur-et-des-regles-pour-converser-se-conduire-sagement-avec-les-incivils-les-facheux\/#primaryimage\"},\"thumbnailUrl\":\"https:\/\/www.librairieclavreuil.com\/wp-content\/uploads\/2024\/07\/antoine-de-courtin-suite-de-la-civilite-francoise-ou-traite-du-point-d-honneur-et-des-regles-pour-converser-se-conduire-sagement-avec-les-incivils-les.jpg\",\"datePublished\":\"2024-07-17T15:54:42+00:00\",\"dateModified\":\"2024-07-17T15:54:56+00:00\",\"breadcrumb\":{\"@id\":\"https:\/\/www.librairieclavreuil.com\/en\/courtin-antoine-de-suite-de-la-civilite-francoise-ou-traite-du-point-dhonneur-et-des-regles-pour-converser-se-conduire-sagement-avec-les-incivils-les-facheux\/#breadcrumb\"},\"inLanguage\":\"en-US\",\"potentialAction\":[{\"@type\":\"ReadAction\",\"target\":[\"https:\/\/www.librairieclavreuil.com\/en\/courtin-antoine-de-suite-de-la-civilite-francoise-ou-traite-du-point-dhonneur-et-des-regles-pour-converser-se-conduire-sagement-avec-les-incivils-les-facheux\/\"]}]},{\"@type\":\"ImageObject\",\"inLanguage\":\"en-US\",\"@id\":\"https:\/\/www.librairieclavreuil.com\/en\/courtin-antoine-de-suite-de-la-civilite-francoise-ou-traite-du-point-dhonneur-et-des-regles-pour-converser-se-conduire-sagement-avec-les-incivils-les-facheux\/#primaryimage\",\"url\":\"https:\/\/www.librairieclavreuil.com\/wp-content\/uploads\/2024\/07\/antoine-de-courtin-suite-de-la-civilite-francoise-ou-traite-du-point-d-honneur-et-des-regles-pour-converser-se-conduire-sagement-avec-les-incivils-les.jpg\",\"contentUrl\":\"https:\/\/www.librairieclavreuil.com\/wp-content\/uploads\/2024\/07\/antoine-de-courtin-suite-de-la-civilite-francoise-ou-traite-du-point-d-honneur-et-des-regles-pour-converser-se-conduire-sagement-avec-les-incivils-les.jpg\",\"width\":437,\"height\":800},{\"@type\":\"BreadcrumbList\",\"@id\":\"https:\/\/www.librairieclavreuil.com\/en\/courtin-antoine-de-suite-de-la-civilite-francoise-ou-traite-du-point-dhonneur-et-des-regles-pour-converser-se-conduire-sagement-avec-les-incivils-les-facheux\/#breadcrumb\",\"itemListElement\":[{\"@type\":\"ListItem\",\"position\":1,\"name\":\"Accueil\",\"item\":\"https:\/\/www.librairieclavreuil.com\/\"},{\"@type\":\"ListItem\",\"position\":2,\"name\":\"All our books\",\"item\":\"https:\/\/www.librairieclavreuil.com\/en\/all-our-books\/\"},{\"@type\":\"ListItem\",\"position\":3,\"name\":\"COURTIN Antoine de Suite de la Civilit\u00e9 fran\u00e7oise, ou trait\u00e9 du point-d&#8217;honneur, et des r\u00e8gles pour converser &amp; se conduire sagement avec les Incivils &amp; les F\u00e2cheux.\"}]},{\"@type\":\"WebSite\",\"@id\":\"https:\/\/www.librairieclavreuil.com\/#website\",\"url\":\"https:\/\/www.librairieclavreuil.com\/\",\"name\":\"Libairie Clavreuil\",\"description\":\"Livres anciens, manuscrits rares et \u00e9ditions originales \u2013 Librairie Clavreuil\",\"publisher\":{\"@id\":\"https:\/\/www.librairieclavreuil.com\/#organization\"},\"potentialAction\":[{\"@type\":\"SearchAction\",\"target\":{\"@type\":\"EntryPoint\",\"urlTemplate\":\"https:\/\/www.librairieclavreuil.com\/?s={search_term_string}\"},\"query-input\":{\"@type\":\"PropertyValueSpecification\",\"valueRequired\":true,\"valueName\":\"search_term_string\"}}],\"inLanguage\":\"en-US\"},{\"@type\":\"Organization\",\"@id\":\"https:\/\/www.librairieclavreuil.com\/#organization\",\"name\":\"Libairie Clavreuil\",\"url\":\"https:\/\/www.librairieclavreuil.com\/\",\"logo\":{\"@type\":\"ImageObject\",\"inLanguage\":\"en-US\",\"@id\":\"https:\/\/www.librairieclavreuil.com\/#\/schema\/logo\/image\/\",\"url\":\"https:\/\/www.librairieclavreuil.com\/wp-content\/uploads\/2021\/06\/cropped-LOGO_PNG_DATE-_gold-512x512-1.png\",\"contentUrl\":\"https:\/\/www.librairieclavreuil.com\/wp-content\/uploads\/2021\/06\/cropped-LOGO_PNG_DATE-_gold-512x512-1.png\",\"width\":512,\"height\":512,\"caption\":\"Libairie Clavreuil\"},\"image\":{\"@id\":\"https:\/\/www.librairieclavreuil.com\/#\/schema\/logo\/image\/\"},\"sameAs\":[\"https:\/\/www.instagram.com\/librairieclavreuil\/\"]}]}<\/script>\n<!-- \/ Yoast SEO plugin. -->","yoast_head_json":{"title":"COURTIN Antoine de Suite de la Civilit\u00e9 fran\u00e7oise, ou trait\u00e9 du point-d'honneur, et des r\u00e8gles pour converser &amp; se conduire sagement avec les Incivils &amp; les F\u00e2cheux. - Libairie Clavreuil","robots":{"index":"index","follow":"follow","max-snippet":"max-snippet:-1","max-image-preview":"max-image-preview:large","max-video-preview":"max-video-preview:-1"},"canonical":"https:\/\/www.librairieclavreuil.com\/en\/courtin-antoine-de-suite-de-la-civilite-francoise-ou-traite-du-point-dhonneur-et-des-regles-pour-converser-se-conduire-sagement-avec-les-incivils-les-facheux\/","og_locale":"en_US","og_type":"article","og_title":"COURTIN Antoine de Suite de la Civilit\u00e9 fran\u00e7oise, ou trait\u00e9 du point-d'honneur, et des r\u00e8gles pour converser &amp; se conduire sagement avec les Incivils &amp; les F\u00e2cheux. - Libairie Clavreuil","og_description":"12mo (143 x 80 mm) 10 nn.ll., 354 pp., 1 nn.l. 19th century janseniste red morocco by Noulhac with the original front and rear covers of the original calf binding mounted on the inner covers, silk endpapers, gilt edges.","og_url":"https:\/\/www.librairieclavreuil.com\/en\/courtin-antoine-de-suite-de-la-civilite-francoise-ou-traite-du-point-dhonneur-et-des-regles-pour-converser-se-conduire-sagement-avec-les-incivils-les-facheux\/","og_site_name":"Libairie Clavreuil","article_modified_time":"2024-07-17T15:54:56+00:00","og_image":[{"width":437,"height":800,"url":"https:\/\/www.librairieclavreuil.com\/wp-content\/uploads\/2024\/07\/antoine-de-courtin-suite-de-la-civilite-francoise-ou-traite-du-point-d-honneur-et-des-regles-pour-converser-se-conduire-sagement-avec-les-incivils-les.jpg","type":"image\/jpeg"}],"twitter_card":"summary_large_image","twitter_misc":{"Est. reading time":"2 minutes"},"schema":{"@context":"https:\/\/schema.org","@graph":[{"@type":"WebPage","@id":"https:\/\/www.librairieclavreuil.com\/en\/courtin-antoine-de-suite-de-la-civilite-francoise-ou-traite-du-point-dhonneur-et-des-regles-pour-converser-se-conduire-sagement-avec-les-incivils-les-facheux\/","url":"https:\/\/www.librairieclavreuil.com\/en\/courtin-antoine-de-suite-de-la-civilite-francoise-ou-traite-du-point-dhonneur-et-des-regles-pour-converser-se-conduire-sagement-avec-les-incivils-les-facheux\/","name":"COURTIN Antoine de Suite de la Civilit\u00e9 fran\u00e7oise, ou trait\u00e9 du point-d'honneur, et des r\u00e8gles pour converser &amp; se conduire sagement avec les Incivils &amp; les F\u00e2cheux. - Libairie Clavreuil","isPartOf":{"@id":"https:\/\/www.librairieclavreuil.com\/#website"},"primaryImageOfPage":{"@id":"https:\/\/www.librairieclavreuil.com\/en\/courtin-antoine-de-suite-de-la-civilite-francoise-ou-traite-du-point-dhonneur-et-des-regles-pour-converser-se-conduire-sagement-avec-les-incivils-les-facheux\/#primaryimage"},"image":{"@id":"https:\/\/www.librairieclavreuil.com\/en\/courtin-antoine-de-suite-de-la-civilite-francoise-ou-traite-du-point-dhonneur-et-des-regles-pour-converser-se-conduire-sagement-avec-les-incivils-les-facheux\/#primaryimage"},"thumbnailUrl":"https:\/\/www.librairieclavreuil.com\/wp-content\/uploads\/2024\/07\/antoine-de-courtin-suite-de-la-civilite-francoise-ou-traite-du-point-d-honneur-et-des-regles-pour-converser-se-conduire-sagement-avec-les-incivils-les.jpg","datePublished":"2024-07-17T15:54:42+00:00","dateModified":"2024-07-17T15:54:56+00:00","breadcrumb":{"@id":"https:\/\/www.librairieclavreuil.com\/en\/courtin-antoine-de-suite-de-la-civilite-francoise-ou-traite-du-point-dhonneur-et-des-regles-pour-converser-se-conduire-sagement-avec-les-incivils-les-facheux\/#breadcrumb"},"inLanguage":"en-US","potentialAction":[{"@type":"ReadAction","target":["https:\/\/www.librairieclavreuil.com\/en\/courtin-antoine-de-suite-de-la-civilite-francoise-ou-traite-du-point-dhonneur-et-des-regles-pour-converser-se-conduire-sagement-avec-les-incivils-les-facheux\/"]}]},{"@type":"ImageObject","inLanguage":"en-US","@id":"https:\/\/www.librairieclavreuil.com\/en\/courtin-antoine-de-suite-de-la-civilite-francoise-ou-traite-du-point-dhonneur-et-des-regles-pour-converser-se-conduire-sagement-avec-les-incivils-les-facheux\/#primaryimage","url":"https:\/\/www.librairieclavreuil.com\/wp-content\/uploads\/2024\/07\/antoine-de-courtin-suite-de-la-civilite-francoise-ou-traite-du-point-d-honneur-et-des-regles-pour-converser-se-conduire-sagement-avec-les-incivils-les.jpg","contentUrl":"https:\/\/www.librairieclavreuil.com\/wp-content\/uploads\/2024\/07\/antoine-de-courtin-suite-de-la-civilite-francoise-ou-traite-du-point-d-honneur-et-des-regles-pour-converser-se-conduire-sagement-avec-les-incivils-les.jpg","width":437,"height":800},{"@type":"BreadcrumbList","@id":"https:\/\/www.librairieclavreuil.com\/en\/courtin-antoine-de-suite-de-la-civilite-francoise-ou-traite-du-point-dhonneur-et-des-regles-pour-converser-se-conduire-sagement-avec-les-incivils-les-facheux\/#breadcrumb","itemListElement":[{"@type":"ListItem","position":1,"name":"Accueil","item":"https:\/\/www.librairieclavreuil.com\/"},{"@type":"ListItem","position":2,"name":"All our books","item":"https:\/\/www.librairieclavreuil.com\/en\/all-our-books\/"},{"@type":"ListItem","position":3,"name":"COURTIN Antoine de Suite de la Civilit\u00e9 fran\u00e7oise, ou trait\u00e9 du point-d&#8217;honneur, et des r\u00e8gles pour converser &amp; se conduire sagement avec les Incivils &amp; les F\u00e2cheux."}]},{"@type":"WebSite","@id":"https:\/\/www.librairieclavreuil.com\/#website","url":"https:\/\/www.librairieclavreuil.com\/","name":"Libairie Clavreuil","description":"Livres anciens, manuscrits rares et \u00e9ditions originales \u2013 Librairie Clavreuil","publisher":{"@id":"https:\/\/www.librairieclavreuil.com\/#organization"},"potentialAction":[{"@type":"SearchAction","target":{"@type":"EntryPoint","urlTemplate":"https:\/\/www.librairieclavreuil.com\/?s={search_term_string}"},"query-input":{"@type":"PropertyValueSpecification","valueRequired":true,"valueName":"search_term_string"}}],"inLanguage":"en-US"},{"@type":"Organization","@id":"https:\/\/www.librairieclavreuil.com\/#organization","name":"Libairie Clavreuil","url":"https:\/\/www.librairieclavreuil.com\/","logo":{"@type":"ImageObject","inLanguage":"en-US","@id":"https:\/\/www.librairieclavreuil.com\/#\/schema\/logo\/image\/","url":"https:\/\/www.librairieclavreuil.com\/wp-content\/uploads\/2021\/06\/cropped-LOGO_PNG_DATE-_gold-512x512-1.png","contentUrl":"https:\/\/www.librairieclavreuil.com\/wp-content\/uploads\/2021\/06\/cropped-LOGO_PNG_DATE-_gold-512x512-1.png","width":512,"height":512,"caption":"Libairie Clavreuil"},"image":{"@id":"https:\/\/www.librairieclavreuil.com\/#\/schema\/logo\/image\/"},"sameAs":["https:\/\/www.instagram.com\/librairieclavreuil\/"]}]}},"jetpack_sharing_enabled":true,"_links":{"self":[{"href":"https:\/\/www.librairieclavreuil.com\/en\/wp-json\/wp\/v2\/product\/81015","targetHints":{"allow":["GET"]}}],"collection":[{"href":"https:\/\/www.librairieclavreuil.com\/en\/wp-json\/wp\/v2\/product"}],"about":[{"href":"https:\/\/www.librairieclavreuil.com\/en\/wp-json\/wp\/v2\/types\/product"}],"replies":[{"embeddable":true,"href":"https:\/\/www.librairieclavreuil.com\/en\/wp-json\/wp\/v2\/comments?post=81015"}],"wp:featuredmedia":[{"embeddable":true,"href":"https:\/\/www.librairieclavreuil.com\/en\/wp-json\/wp\/v2\/media\/81008"}],"wp:attachment":[{"href":"https:\/\/www.librairieclavreuil.com\/en\/wp-json\/wp\/v2\/media?parent=81015"}],"wp:term":[{"taxonomy":"product_brand","embeddable":true,"href":"https:\/\/www.librairieclavreuil.com\/en\/wp-json\/wp\/v2\/product_brand?post=81015"},{"taxonomy":"product_cat","embeddable":true,"href":"https:\/\/www.librairieclavreuil.com\/en\/wp-json\/wp\/v2\/product_cat?post=81015"},{"taxonomy":"product_tag","embeddable":true,"href":"https:\/\/www.librairieclavreuil.com\/en\/wp-json\/wp\/v2\/product_tag?post=81015"}],"curies":[{"name":"wp","href":"https:\/\/api.w.org\/{rel}","templated":true}]}}