{"id":80971,"date":"2024-07-17T17:51:33","date_gmt":"2024-07-17T15:51:33","guid":{"rendered":"https:\/\/www.librairieclavreuil.com\/lhermite-tristan-recueil-de-diverses-poesies-heroiques-et-burlesques\/"},"modified":"2024-07-17T17:51:46","modified_gmt":"2024-07-17T15:51:46","slug":"lhermite-tristan-recueil-de-diverses-poesies-heroiques-et-burlesques","status":"publish","type":"product","link":"https:\/\/www.librairieclavreuil.com\/en\/lhermite-tristan-recueil-de-diverses-poesies-heroiques-et-burlesques\/","title":{"rendered":"LHERMITE Tristan Recueil de diverses po\u00e9sies h\u00e9ro\u00efques et..."},"content":{"rendered":"<p style=\"text-align:justify\">First edition, second issue, with a renewed title (first issue 1650).<\/p>\n<p style=\"text-align:justify\">Fran\u00e7ois L&#8217;Hermite (1601-1655), known as Tristan, led a very turbulent life from his youth. Page of Henry of Bourbon, he fought a duel at the age of thirteen, during which he killed his opponent. First a refugee in England, he then found himself in Norway. Returning to France, he was first welcomed by Sc\u00e9vole de Sainte-Marthe in Poitiers, he then entered the service of the Duke of Mayenne before joining the service of Gaston d&#8217;Orl\u00e9ans whom he accompanied to Lorraine then to Flanders .<\/p>\n<p style=\"text-align:justify\">&#8220;It was in Antwerp that in 1633, he published The Complaints of Acante. It was very successful&#8230;He was a poet, knew how to analyze all the delicacies of love, and in the history of thought French, he was one of the first to demonstrate a fairly lively feeling for nature&#8221; (see Grente).<\/p>\n<p style=\"text-align:justify\">A highly appreciated playwright of his time, he was considered a rival of Corneille by his contemporaries.&nbsp;<\/p>\n<p style=\"text-align:justify\">The edition contains the following plays : <i>La Belle recluse ; La Vieille layde ; L&#8217;Amour honneste ; Le Doute amoureux ; La Nuict amoureuse ; L&#8217;Inqui\u00e9tude amoureuse ; Les Soupirs de Silvie ; Caprice burlesques ; Orph\u00e9e aux enfers ; L&#8217;Aurore du bois de Vincennes.<\/i><\/p>\n<p style=\"text-align:justify\">Very handsome copy, well established by Ni\u00e9dr\u00e9e, who inadvertently bound a duplicate of pages 97-100.<\/p>\n<p style=\"text-align:justify\">Provenance: Laurent Pichat (ex-libris).<\/p>\n","protected":false},"excerpt":{"rendered":"<p>4to (223 x 174 mm) engraved portrait frontispiece, 8 nn.ll., 100 pp. 19th century polished calf by Ni\u00e9dr\u00e9e, triple gilt filet on covers, spine gilt with raised bands, gilt edges.<\/p>\n","protected":false},"featured_media":80964,"comment_status":"open","ping_status":"closed","template":"","meta":{"_acf_changed":false},"product_brand":[],"product_cat":[544],"product_tag":[1239,1244],"class_list":{"0":"post-80971","1":"product","2":"type-product","3":"status-publish","4":"has-post-thumbnail","6":"product_cat-literature","7":"product_tag-17th-century-illustrations","8":"product_tag-17th-century-literature","9":"pa_auteur-lhermite-tristan-2","10":"pa_type-de-livre-printed-book","12":"first","13":"instock","14":"shipping-taxable","15":"purchasable","16":"product-type-simple"},"acf":{"artist":" Tristan LHERMITE","chapeau":"","adresse_bibliographique":"Paris, veuve Loyson & Jean Baptiste Loyson, 1653","book_type":"Printed book","provenance":"","afficher_prix":""},"yoast_head":"<!-- This site is optimized with the Yoast SEO plugin v24.7 - https:\/\/yoast.com\/wordpress\/plugins\/seo\/ -->\n<title>LHERMITE Tristan Recueil de diverses po\u00e9sies h\u00e9ro\u00efques et burlesques. - Libairie Clavreuil<\/title>\n<meta name=\"robots\" content=\"index, follow, max-snippet:-1, max-image-preview:large, max-video-preview:-1\" \/>\n<link rel=\"canonical\" href=\"https:\/\/www.librairieclavreuil.com\/en\/lhermite-tristan-recueil-de-diverses-poesies-heroiques-et-burlesques\/\" \/>\n<meta property=\"og:locale\" content=\"en_US\" \/>\n<meta property=\"og:type\" content=\"article\" \/>\n<meta property=\"og:title\" content=\"LHERMITE Tristan Recueil de diverses po\u00e9sies h\u00e9ro\u00efques et burlesques. - Libairie Clavreuil\" \/>\n<meta property=\"og:description\" content=\"4to (223 x 174 mm) engraved portrait frontispiece, 8 nn.ll., 100 pp. 19th century polished calf by Ni\u00e9dr\u00e9e, triple gilt filet on covers, spine gilt with raised bands, gilt edges.\" \/>\n<meta property=\"og:url\" content=\"https:\/\/www.librairieclavreuil.com\/en\/lhermite-tristan-recueil-de-diverses-poesies-heroiques-et-burlesques\/\" \/>\n<meta property=\"og:site_name\" content=\"Libairie Clavreuil\" \/>\n<meta property=\"article:modified_time\" content=\"2024-07-17T15:51:46+00:00\" \/>\n<meta property=\"og:image\" content=\"https:\/\/www.librairieclavreuil.com\/wp-content\/uploads\/2024\/07\/tristan-lhermite-recueil-de-diverses-poesies-heroiques-et-burlesques-8007-6606ea2f5c497-1.jpg\" \/>\n\t<meta property=\"og:image:width\" content=\"692\" \/>\n\t<meta property=\"og:image:height\" content=\"800\" \/>\n\t<meta property=\"og:image:type\" content=\"image\/jpeg\" \/>\n<meta name=\"twitter:card\" content=\"summary_large_image\" \/>\n<meta name=\"twitter:label1\" content=\"Est. reading time\" \/>\n\t<meta name=\"twitter:data1\" content=\"1 minute\" \/>\n<script type=\"application\/ld+json\" class=\"yoast-schema-graph\">{\"@context\":\"https:\/\/schema.org\",\"@graph\":[{\"@type\":\"WebPage\",\"@id\":\"https:\/\/www.librairieclavreuil.com\/en\/lhermite-tristan-recueil-de-diverses-poesies-heroiques-et-burlesques\/\",\"url\":\"https:\/\/www.librairieclavreuil.com\/en\/lhermite-tristan-recueil-de-diverses-poesies-heroiques-et-burlesques\/\",\"name\":\"LHERMITE Tristan Recueil de diverses po\u00e9sies h\u00e9ro\u00efques et burlesques. - Libairie Clavreuil\",\"isPartOf\":{\"@id\":\"https:\/\/www.librairieclavreuil.com\/#website\"},\"primaryImageOfPage\":{\"@id\":\"https:\/\/www.librairieclavreuil.com\/en\/lhermite-tristan-recueil-de-diverses-poesies-heroiques-et-burlesques\/#primaryimage\"},\"image\":{\"@id\":\"https:\/\/www.librairieclavreuil.com\/en\/lhermite-tristan-recueil-de-diverses-poesies-heroiques-et-burlesques\/#primaryimage\"},\"thumbnailUrl\":\"https:\/\/www.librairieclavreuil.com\/wp-content\/uploads\/2024\/07\/tristan-lhermite-recueil-de-diverses-poesies-heroiques-et-burlesques-8007-6606ea2f5c497-1.jpg\",\"datePublished\":\"2024-07-17T15:51:33+00:00\",\"dateModified\":\"2024-07-17T15:51:46+00:00\",\"breadcrumb\":{\"@id\":\"https:\/\/www.librairieclavreuil.com\/en\/lhermite-tristan-recueil-de-diverses-poesies-heroiques-et-burlesques\/#breadcrumb\"},\"inLanguage\":\"en-US\",\"potentialAction\":[{\"@type\":\"ReadAction\",\"target\":[\"https:\/\/www.librairieclavreuil.com\/en\/lhermite-tristan-recueil-de-diverses-poesies-heroiques-et-burlesques\/\"]}]},{\"@type\":\"ImageObject\",\"inLanguage\":\"en-US\",\"@id\":\"https:\/\/www.librairieclavreuil.com\/en\/lhermite-tristan-recueil-de-diverses-poesies-heroiques-et-burlesques\/#primaryimage\",\"url\":\"https:\/\/www.librairieclavreuil.com\/wp-content\/uploads\/2024\/07\/tristan-lhermite-recueil-de-diverses-poesies-heroiques-et-burlesques-8007-6606ea2f5c497-1.jpg\",\"contentUrl\":\"https:\/\/www.librairieclavreuil.com\/wp-content\/uploads\/2024\/07\/tristan-lhermite-recueil-de-diverses-poesies-heroiques-et-burlesques-8007-6606ea2f5c497-1.jpg\",\"width\":692,\"height\":800},{\"@type\":\"BreadcrumbList\",\"@id\":\"https:\/\/www.librairieclavreuil.com\/en\/lhermite-tristan-recueil-de-diverses-poesies-heroiques-et-burlesques\/#breadcrumb\",\"itemListElement\":[{\"@type\":\"ListItem\",\"position\":1,\"name\":\"Accueil\",\"item\":\"https:\/\/www.librairieclavreuil.com\/\"},{\"@type\":\"ListItem\",\"position\":2,\"name\":\"All our books\",\"item\":\"https:\/\/www.librairieclavreuil.com\/en\/all-our-books\/\"},{\"@type\":\"ListItem\",\"position\":3,\"name\":\"LHERMITE Tristan Recueil de diverses po\u00e9sies h\u00e9ro\u00efques et burlesques.\"}]},{\"@type\":\"WebSite\",\"@id\":\"https:\/\/www.librairieclavreuil.com\/#website\",\"url\":\"https:\/\/www.librairieclavreuil.com\/\",\"name\":\"Libairie Clavreuil\",\"description\":\"Livres anciens, manuscrits rares et \u00e9ditions originales \u2013 Librairie Clavreuil\",\"publisher\":{\"@id\":\"https:\/\/www.librairieclavreuil.com\/#organization\"},\"potentialAction\":[{\"@type\":\"SearchAction\",\"target\":{\"@type\":\"EntryPoint\",\"urlTemplate\":\"https:\/\/www.librairieclavreuil.com\/?s={search_term_string}\"},\"query-input\":{\"@type\":\"PropertyValueSpecification\",\"valueRequired\":true,\"valueName\":\"search_term_string\"}}],\"inLanguage\":\"en-US\"},{\"@type\":\"Organization\",\"@id\":\"https:\/\/www.librairieclavreuil.com\/#organization\",\"name\":\"Libairie Clavreuil\",\"url\":\"https:\/\/www.librairieclavreuil.com\/\",\"logo\":{\"@type\":\"ImageObject\",\"inLanguage\":\"en-US\",\"@id\":\"https:\/\/www.librairieclavreuil.com\/#\/schema\/logo\/image\/\",\"url\":\"https:\/\/www.librairieclavreuil.com\/wp-content\/uploads\/2021\/06\/cropped-LOGO_PNG_DATE-_gold-512x512-1.png\",\"contentUrl\":\"https:\/\/www.librairieclavreuil.com\/wp-content\/uploads\/2021\/06\/cropped-LOGO_PNG_DATE-_gold-512x512-1.png\",\"width\":512,\"height\":512,\"caption\":\"Libairie Clavreuil\"},\"image\":{\"@id\":\"https:\/\/www.librairieclavreuil.com\/#\/schema\/logo\/image\/\"},\"sameAs\":[\"https:\/\/www.instagram.com\/librairieclavreuil\/\"]}]}<\/script>\n<!-- \/ Yoast SEO plugin. -->","yoast_head_json":{"title":"LHERMITE Tristan Recueil de diverses po\u00e9sies h\u00e9ro\u00efques et burlesques. - Libairie Clavreuil","robots":{"index":"index","follow":"follow","max-snippet":"max-snippet:-1","max-image-preview":"max-image-preview:large","max-video-preview":"max-video-preview:-1"},"canonical":"https:\/\/www.librairieclavreuil.com\/en\/lhermite-tristan-recueil-de-diverses-poesies-heroiques-et-burlesques\/","og_locale":"en_US","og_type":"article","og_title":"LHERMITE Tristan Recueil de diverses po\u00e9sies h\u00e9ro\u00efques et burlesques. - Libairie Clavreuil","og_description":"4to (223 x 174 mm) engraved portrait frontispiece, 8 nn.ll., 100 pp. 19th century polished calf by Ni\u00e9dr\u00e9e, triple gilt filet on covers, spine gilt with raised bands, gilt edges.","og_url":"https:\/\/www.librairieclavreuil.com\/en\/lhermite-tristan-recueil-de-diverses-poesies-heroiques-et-burlesques\/","og_site_name":"Libairie Clavreuil","article_modified_time":"2024-07-17T15:51:46+00:00","og_image":[{"width":692,"height":800,"url":"https:\/\/www.librairieclavreuil.com\/wp-content\/uploads\/2024\/07\/tristan-lhermite-recueil-de-diverses-poesies-heroiques-et-burlesques-8007-6606ea2f5c497-1.jpg","type":"image\/jpeg"}],"twitter_card":"summary_large_image","twitter_misc":{"Est. reading time":"1 minute"},"schema":{"@context":"https:\/\/schema.org","@graph":[{"@type":"WebPage","@id":"https:\/\/www.librairieclavreuil.com\/en\/lhermite-tristan-recueil-de-diverses-poesies-heroiques-et-burlesques\/","url":"https:\/\/www.librairieclavreuil.com\/en\/lhermite-tristan-recueil-de-diverses-poesies-heroiques-et-burlesques\/","name":"LHERMITE Tristan Recueil de diverses po\u00e9sies h\u00e9ro\u00efques et burlesques. - Libairie Clavreuil","isPartOf":{"@id":"https:\/\/www.librairieclavreuil.com\/#website"},"primaryImageOfPage":{"@id":"https:\/\/www.librairieclavreuil.com\/en\/lhermite-tristan-recueil-de-diverses-poesies-heroiques-et-burlesques\/#primaryimage"},"image":{"@id":"https:\/\/www.librairieclavreuil.com\/en\/lhermite-tristan-recueil-de-diverses-poesies-heroiques-et-burlesques\/#primaryimage"},"thumbnailUrl":"https:\/\/www.librairieclavreuil.com\/wp-content\/uploads\/2024\/07\/tristan-lhermite-recueil-de-diverses-poesies-heroiques-et-burlesques-8007-6606ea2f5c497-1.jpg","datePublished":"2024-07-17T15:51:33+00:00","dateModified":"2024-07-17T15:51:46+00:00","breadcrumb":{"@id":"https:\/\/www.librairieclavreuil.com\/en\/lhermite-tristan-recueil-de-diverses-poesies-heroiques-et-burlesques\/#breadcrumb"},"inLanguage":"en-US","potentialAction":[{"@type":"ReadAction","target":["https:\/\/www.librairieclavreuil.com\/en\/lhermite-tristan-recueil-de-diverses-poesies-heroiques-et-burlesques\/"]}]},{"@type":"ImageObject","inLanguage":"en-US","@id":"https:\/\/www.librairieclavreuil.com\/en\/lhermite-tristan-recueil-de-diverses-poesies-heroiques-et-burlesques\/#primaryimage","url":"https:\/\/www.librairieclavreuil.com\/wp-content\/uploads\/2024\/07\/tristan-lhermite-recueil-de-diverses-poesies-heroiques-et-burlesques-8007-6606ea2f5c497-1.jpg","contentUrl":"https:\/\/www.librairieclavreuil.com\/wp-content\/uploads\/2024\/07\/tristan-lhermite-recueil-de-diverses-poesies-heroiques-et-burlesques-8007-6606ea2f5c497-1.jpg","width":692,"height":800},{"@type":"BreadcrumbList","@id":"https:\/\/www.librairieclavreuil.com\/en\/lhermite-tristan-recueil-de-diverses-poesies-heroiques-et-burlesques\/#breadcrumb","itemListElement":[{"@type":"ListItem","position":1,"name":"Accueil","item":"https:\/\/www.librairieclavreuil.com\/"},{"@type":"ListItem","position":2,"name":"All our books","item":"https:\/\/www.librairieclavreuil.com\/en\/all-our-books\/"},{"@type":"ListItem","position":3,"name":"LHERMITE Tristan Recueil de diverses po\u00e9sies h\u00e9ro\u00efques et burlesques."}]},{"@type":"WebSite","@id":"https:\/\/www.librairieclavreuil.com\/#website","url":"https:\/\/www.librairieclavreuil.com\/","name":"Libairie Clavreuil","description":"Livres anciens, manuscrits rares et \u00e9ditions originales \u2013 Librairie Clavreuil","publisher":{"@id":"https:\/\/www.librairieclavreuil.com\/#organization"},"potentialAction":[{"@type":"SearchAction","target":{"@type":"EntryPoint","urlTemplate":"https:\/\/www.librairieclavreuil.com\/?s={search_term_string}"},"query-input":{"@type":"PropertyValueSpecification","valueRequired":true,"valueName":"search_term_string"}}],"inLanguage":"en-US"},{"@type":"Organization","@id":"https:\/\/www.librairieclavreuil.com\/#organization","name":"Libairie Clavreuil","url":"https:\/\/www.librairieclavreuil.com\/","logo":{"@type":"ImageObject","inLanguage":"en-US","@id":"https:\/\/www.librairieclavreuil.com\/#\/schema\/logo\/image\/","url":"https:\/\/www.librairieclavreuil.com\/wp-content\/uploads\/2021\/06\/cropped-LOGO_PNG_DATE-_gold-512x512-1.png","contentUrl":"https:\/\/www.librairieclavreuil.com\/wp-content\/uploads\/2021\/06\/cropped-LOGO_PNG_DATE-_gold-512x512-1.png","width":512,"height":512,"caption":"Libairie Clavreuil"},"image":{"@id":"https:\/\/www.librairieclavreuil.com\/#\/schema\/logo\/image\/"},"sameAs":["https:\/\/www.instagram.com\/librairieclavreuil\/"]}]}},"jetpack_sharing_enabled":true,"_links":{"self":[{"href":"https:\/\/www.librairieclavreuil.com\/en\/wp-json\/wp\/v2\/product\/80971","targetHints":{"allow":["GET"]}}],"collection":[{"href":"https:\/\/www.librairieclavreuil.com\/en\/wp-json\/wp\/v2\/product"}],"about":[{"href":"https:\/\/www.librairieclavreuil.com\/en\/wp-json\/wp\/v2\/types\/product"}],"replies":[{"embeddable":true,"href":"https:\/\/www.librairieclavreuil.com\/en\/wp-json\/wp\/v2\/comments?post=80971"}],"wp:featuredmedia":[{"embeddable":true,"href":"https:\/\/www.librairieclavreuil.com\/en\/wp-json\/wp\/v2\/media\/80964"}],"wp:attachment":[{"href":"https:\/\/www.librairieclavreuil.com\/en\/wp-json\/wp\/v2\/media?parent=80971"}],"wp:term":[{"taxonomy":"product_brand","embeddable":true,"href":"https:\/\/www.librairieclavreuil.com\/en\/wp-json\/wp\/v2\/product_brand?post=80971"},{"taxonomy":"product_cat","embeddable":true,"href":"https:\/\/www.librairieclavreuil.com\/en\/wp-json\/wp\/v2\/product_cat?post=80971"},{"taxonomy":"product_tag","embeddable":true,"href":"https:\/\/www.librairieclavreuil.com\/en\/wp-json\/wp\/v2\/product_tag?post=80971"}],"curies":[{"name":"wp","href":"https:\/\/api.w.org\/{rel}","templated":true}]}}