{"id":80950,"date":"2024-07-17T17:50:03","date_gmt":"2024-07-17T15:50:03","guid":{"rendered":"https:\/\/www.librairieclavreuil.com\/corneille-pierre-pulcherie-comedie-heroique\/"},"modified":"2024-07-17T17:50:16","modified_gmt":"2024-07-17T15:50:16","slug":"corneille-pierre-pulcherie-comedie-heroique","status":"publish","type":"product","link":"https:\/\/www.librairieclavreuil.com\/en\/corneille-pierre-pulcherie-comedie-heroique\/","title":{"rendered":"CORNEILLE Pierre Pulch\u00e9rie. Com\u00e9die h\u00e9ro\u00efque."},"content":{"rendered":"<p><i>Soleinne, 1130; Picot, 89.<\/i><\/p>\n<p>First edition.&nbsp;<\/p>\n<p>&#8220;The idea of composing a play in which the sister of the emperor Theodosius was the heroine must have occurred to Corneille when he was writing Attila. He put into the mouth of the king of the Ostrogoths, Valamir, a eulogy of this princess, which clearly proves that the character of this woman, energetic as well as virtuous, had struck him deeply&#8221; (see Picot).<\/p>\n<p>A good copy.<\/p>\n","protected":false},"excerpt":{"rendered":"<p style=\"text-align:justify\">12mo (146 x 81 mm) 4 nn.ll., 72 pp. Red morocco by G. Huser, spine with raised bands, gilt inner border, gilt edges.<\/p>\n","protected":false},"featured_media":80945,"comment_status":"open","ping_status":"closed","template":"","meta":{"_acf_changed":false},"product_brand":[],"product_cat":[544],"product_tag":[1244,1450,1255],"class_list":{"0":"post-80950","1":"product","2":"type-product","3":"status-publish","4":"has-post-thumbnail","6":"product_cat-literature","7":"product_tag-17th-century-literature","8":"product_tag-first-edition","9":"product_tag-theatre-dance","10":"pa_auteur-corneille-pierre-2","11":"pa_type-de-livre-printed-book","13":"first","14":"instock","15":"shipping-taxable","16":"purchasable","17":"product-type-simple"},"acf":{"artist":" Pierre CORNEILLE","chapeau":"","adresse_bibliographique":"Paris, Guillaume de Luyne, 1673","book_type":"Printed book","provenance":"","afficher_prix":""},"yoast_head":"<!-- This site is optimized with the Yoast SEO plugin v24.7 - https:\/\/yoast.com\/wordpress\/plugins\/seo\/ -->\n<title>CORNEILLE Pierre Pulch\u00e9rie. Com\u00e9die h\u00e9ro\u00efque. - Libairie Clavreuil<\/title>\n<meta name=\"robots\" content=\"index, follow, max-snippet:-1, max-image-preview:large, max-video-preview:-1\" \/>\n<link rel=\"canonical\" href=\"https:\/\/www.librairieclavreuil.com\/en\/corneille-pierre-pulcherie-comedie-heroique\/\" \/>\n<meta property=\"og:locale\" content=\"en_US\" \/>\n<meta property=\"og:type\" content=\"article\" \/>\n<meta property=\"og:title\" content=\"CORNEILLE Pierre Pulch\u00e9rie. Com\u00e9die h\u00e9ro\u00efque. - Libairie Clavreuil\" \/>\n<meta property=\"og:description\" content=\"12mo (146 x 81 mm) 4 nn.ll., 72 pp. Red morocco by G. Huser, spine with raised bands, gilt inner border, gilt edges.\" \/>\n<meta property=\"og:url\" content=\"https:\/\/www.librairieclavreuil.com\/en\/corneille-pierre-pulcherie-comedie-heroique\/\" \/>\n<meta property=\"og:site_name\" content=\"Libairie Clavreuil\" \/>\n<meta property=\"article:modified_time\" content=\"2024-07-17T15:50:16+00:00\" \/>\n<meta property=\"og:image\" content=\"https:\/\/www.librairieclavreuil.com\/wp-content\/uploads\/2024\/07\/pierre-corneille-pulcherie-comedie-heroique-7978-6606e50c60815.jpg\" \/>\n\t<meta property=\"og:image:width\" content=\"481\" \/>\n\t<meta property=\"og:image:height\" content=\"800\" \/>\n\t<meta property=\"og:image:type\" content=\"image\/jpeg\" \/>\n<meta name=\"twitter:card\" content=\"summary_large_image\" \/>\n<script type=\"application\/ld+json\" class=\"yoast-schema-graph\">{\"@context\":\"https:\/\/schema.org\",\"@graph\":[{\"@type\":\"WebPage\",\"@id\":\"https:\/\/www.librairieclavreuil.com\/en\/corneille-pierre-pulcherie-comedie-heroique\/\",\"url\":\"https:\/\/www.librairieclavreuil.com\/en\/corneille-pierre-pulcherie-comedie-heroique\/\",\"name\":\"CORNEILLE Pierre Pulch\u00e9rie. Com\u00e9die h\u00e9ro\u00efque. - Libairie Clavreuil\",\"isPartOf\":{\"@id\":\"https:\/\/www.librairieclavreuil.com\/#website\"},\"primaryImageOfPage\":{\"@id\":\"https:\/\/www.librairieclavreuil.com\/en\/corneille-pierre-pulcherie-comedie-heroique\/#primaryimage\"},\"image\":{\"@id\":\"https:\/\/www.librairieclavreuil.com\/en\/corneille-pierre-pulcherie-comedie-heroique\/#primaryimage\"},\"thumbnailUrl\":\"https:\/\/www.librairieclavreuil.com\/wp-content\/uploads\/2024\/07\/pierre-corneille-pulcherie-comedie-heroique-7978-6606e50c60815.jpg\",\"datePublished\":\"2024-07-17T15:50:03+00:00\",\"dateModified\":\"2024-07-17T15:50:16+00:00\",\"breadcrumb\":{\"@id\":\"https:\/\/www.librairieclavreuil.com\/en\/corneille-pierre-pulcherie-comedie-heroique\/#breadcrumb\"},\"inLanguage\":\"en-US\",\"potentialAction\":[{\"@type\":\"ReadAction\",\"target\":[\"https:\/\/www.librairieclavreuil.com\/en\/corneille-pierre-pulcherie-comedie-heroique\/\"]}]},{\"@type\":\"ImageObject\",\"inLanguage\":\"en-US\",\"@id\":\"https:\/\/www.librairieclavreuil.com\/en\/corneille-pierre-pulcherie-comedie-heroique\/#primaryimage\",\"url\":\"https:\/\/www.librairieclavreuil.com\/wp-content\/uploads\/2024\/07\/pierre-corneille-pulcherie-comedie-heroique-7978-6606e50c60815.jpg\",\"contentUrl\":\"https:\/\/www.librairieclavreuil.com\/wp-content\/uploads\/2024\/07\/pierre-corneille-pulcherie-comedie-heroique-7978-6606e50c60815.jpg\",\"width\":481,\"height\":800},{\"@type\":\"BreadcrumbList\",\"@id\":\"https:\/\/www.librairieclavreuil.com\/en\/corneille-pierre-pulcherie-comedie-heroique\/#breadcrumb\",\"itemListElement\":[{\"@type\":\"ListItem\",\"position\":1,\"name\":\"Accueil\",\"item\":\"https:\/\/www.librairieclavreuil.com\/\"},{\"@type\":\"ListItem\",\"position\":2,\"name\":\"All our books\",\"item\":\"https:\/\/www.librairieclavreuil.com\/en\/all-our-books\/\"},{\"@type\":\"ListItem\",\"position\":3,\"name\":\"CORNEILLE Pierre Pulch\u00e9rie. Com\u00e9die h\u00e9ro\u00efque.\"}]},{\"@type\":\"WebSite\",\"@id\":\"https:\/\/www.librairieclavreuil.com\/#website\",\"url\":\"https:\/\/www.librairieclavreuil.com\/\",\"name\":\"Libairie Clavreuil\",\"description\":\"Livres anciens, manuscrits rares et \u00e9ditions originales \u2013 Librairie Clavreuil\",\"publisher\":{\"@id\":\"https:\/\/www.librairieclavreuil.com\/#organization\"},\"potentialAction\":[{\"@type\":\"SearchAction\",\"target\":{\"@type\":\"EntryPoint\",\"urlTemplate\":\"https:\/\/www.librairieclavreuil.com\/?s={search_term_string}\"},\"query-input\":{\"@type\":\"PropertyValueSpecification\",\"valueRequired\":true,\"valueName\":\"search_term_string\"}}],\"inLanguage\":\"en-US\"},{\"@type\":\"Organization\",\"@id\":\"https:\/\/www.librairieclavreuil.com\/#organization\",\"name\":\"Libairie Clavreuil\",\"url\":\"https:\/\/www.librairieclavreuil.com\/\",\"logo\":{\"@type\":\"ImageObject\",\"inLanguage\":\"en-US\",\"@id\":\"https:\/\/www.librairieclavreuil.com\/#\/schema\/logo\/image\/\",\"url\":\"https:\/\/www.librairieclavreuil.com\/wp-content\/uploads\/2021\/06\/cropped-LOGO_PNG_DATE-_gold-512x512-1.png\",\"contentUrl\":\"https:\/\/www.librairieclavreuil.com\/wp-content\/uploads\/2021\/06\/cropped-LOGO_PNG_DATE-_gold-512x512-1.png\",\"width\":512,\"height\":512,\"caption\":\"Libairie Clavreuil\"},\"image\":{\"@id\":\"https:\/\/www.librairieclavreuil.com\/#\/schema\/logo\/image\/\"},\"sameAs\":[\"https:\/\/www.instagram.com\/librairieclavreuil\/\"]}]}<\/script>\n<!-- \/ Yoast SEO plugin. -->","yoast_head_json":{"title":"CORNEILLE Pierre Pulch\u00e9rie. Com\u00e9die h\u00e9ro\u00efque. - Libairie Clavreuil","robots":{"index":"index","follow":"follow","max-snippet":"max-snippet:-1","max-image-preview":"max-image-preview:large","max-video-preview":"max-video-preview:-1"},"canonical":"https:\/\/www.librairieclavreuil.com\/en\/corneille-pierre-pulcherie-comedie-heroique\/","og_locale":"en_US","og_type":"article","og_title":"CORNEILLE Pierre Pulch\u00e9rie. Com\u00e9die h\u00e9ro\u00efque. - Libairie Clavreuil","og_description":"12mo (146 x 81 mm) 4 nn.ll., 72 pp. Red morocco by G. Huser, spine with raised bands, gilt inner border, gilt edges.","og_url":"https:\/\/www.librairieclavreuil.com\/en\/corneille-pierre-pulcherie-comedie-heroique\/","og_site_name":"Libairie Clavreuil","article_modified_time":"2024-07-17T15:50:16+00:00","og_image":[{"width":481,"height":800,"url":"https:\/\/www.librairieclavreuil.com\/wp-content\/uploads\/2024\/07\/pierre-corneille-pulcherie-comedie-heroique-7978-6606e50c60815.jpg","type":"image\/jpeg"}],"twitter_card":"summary_large_image","schema":{"@context":"https:\/\/schema.org","@graph":[{"@type":"WebPage","@id":"https:\/\/www.librairieclavreuil.com\/en\/corneille-pierre-pulcherie-comedie-heroique\/","url":"https:\/\/www.librairieclavreuil.com\/en\/corneille-pierre-pulcherie-comedie-heroique\/","name":"CORNEILLE Pierre Pulch\u00e9rie. Com\u00e9die h\u00e9ro\u00efque. - Libairie Clavreuil","isPartOf":{"@id":"https:\/\/www.librairieclavreuil.com\/#website"},"primaryImageOfPage":{"@id":"https:\/\/www.librairieclavreuil.com\/en\/corneille-pierre-pulcherie-comedie-heroique\/#primaryimage"},"image":{"@id":"https:\/\/www.librairieclavreuil.com\/en\/corneille-pierre-pulcherie-comedie-heroique\/#primaryimage"},"thumbnailUrl":"https:\/\/www.librairieclavreuil.com\/wp-content\/uploads\/2024\/07\/pierre-corneille-pulcherie-comedie-heroique-7978-6606e50c60815.jpg","datePublished":"2024-07-17T15:50:03+00:00","dateModified":"2024-07-17T15:50:16+00:00","breadcrumb":{"@id":"https:\/\/www.librairieclavreuil.com\/en\/corneille-pierre-pulcherie-comedie-heroique\/#breadcrumb"},"inLanguage":"en-US","potentialAction":[{"@type":"ReadAction","target":["https:\/\/www.librairieclavreuil.com\/en\/corneille-pierre-pulcherie-comedie-heroique\/"]}]},{"@type":"ImageObject","inLanguage":"en-US","@id":"https:\/\/www.librairieclavreuil.com\/en\/corneille-pierre-pulcherie-comedie-heroique\/#primaryimage","url":"https:\/\/www.librairieclavreuil.com\/wp-content\/uploads\/2024\/07\/pierre-corneille-pulcherie-comedie-heroique-7978-6606e50c60815.jpg","contentUrl":"https:\/\/www.librairieclavreuil.com\/wp-content\/uploads\/2024\/07\/pierre-corneille-pulcherie-comedie-heroique-7978-6606e50c60815.jpg","width":481,"height":800},{"@type":"BreadcrumbList","@id":"https:\/\/www.librairieclavreuil.com\/en\/corneille-pierre-pulcherie-comedie-heroique\/#breadcrumb","itemListElement":[{"@type":"ListItem","position":1,"name":"Accueil","item":"https:\/\/www.librairieclavreuil.com\/"},{"@type":"ListItem","position":2,"name":"All our books","item":"https:\/\/www.librairieclavreuil.com\/en\/all-our-books\/"},{"@type":"ListItem","position":3,"name":"CORNEILLE Pierre Pulch\u00e9rie. Com\u00e9die h\u00e9ro\u00efque."}]},{"@type":"WebSite","@id":"https:\/\/www.librairieclavreuil.com\/#website","url":"https:\/\/www.librairieclavreuil.com\/","name":"Libairie Clavreuil","description":"Livres anciens, manuscrits rares et \u00e9ditions originales \u2013 Librairie Clavreuil","publisher":{"@id":"https:\/\/www.librairieclavreuil.com\/#organization"},"potentialAction":[{"@type":"SearchAction","target":{"@type":"EntryPoint","urlTemplate":"https:\/\/www.librairieclavreuil.com\/?s={search_term_string}"},"query-input":{"@type":"PropertyValueSpecification","valueRequired":true,"valueName":"search_term_string"}}],"inLanguage":"en-US"},{"@type":"Organization","@id":"https:\/\/www.librairieclavreuil.com\/#organization","name":"Libairie Clavreuil","url":"https:\/\/www.librairieclavreuil.com\/","logo":{"@type":"ImageObject","inLanguage":"en-US","@id":"https:\/\/www.librairieclavreuil.com\/#\/schema\/logo\/image\/","url":"https:\/\/www.librairieclavreuil.com\/wp-content\/uploads\/2021\/06\/cropped-LOGO_PNG_DATE-_gold-512x512-1.png","contentUrl":"https:\/\/www.librairieclavreuil.com\/wp-content\/uploads\/2021\/06\/cropped-LOGO_PNG_DATE-_gold-512x512-1.png","width":512,"height":512,"caption":"Libairie Clavreuil"},"image":{"@id":"https:\/\/www.librairieclavreuil.com\/#\/schema\/logo\/image\/"},"sameAs":["https:\/\/www.instagram.com\/librairieclavreuil\/"]}]}},"jetpack_sharing_enabled":true,"_links":{"self":[{"href":"https:\/\/www.librairieclavreuil.com\/en\/wp-json\/wp\/v2\/product\/80950","targetHints":{"allow":["GET"]}}],"collection":[{"href":"https:\/\/www.librairieclavreuil.com\/en\/wp-json\/wp\/v2\/product"}],"about":[{"href":"https:\/\/www.librairieclavreuil.com\/en\/wp-json\/wp\/v2\/types\/product"}],"replies":[{"embeddable":true,"href":"https:\/\/www.librairieclavreuil.com\/en\/wp-json\/wp\/v2\/comments?post=80950"}],"wp:featuredmedia":[{"embeddable":true,"href":"https:\/\/www.librairieclavreuil.com\/en\/wp-json\/wp\/v2\/media\/80945"}],"wp:attachment":[{"href":"https:\/\/www.librairieclavreuil.com\/en\/wp-json\/wp\/v2\/media?parent=80950"}],"wp:term":[{"taxonomy":"product_brand","embeddable":true,"href":"https:\/\/www.librairieclavreuil.com\/en\/wp-json\/wp\/v2\/product_brand?post=80950"},{"taxonomy":"product_cat","embeddable":true,"href":"https:\/\/www.librairieclavreuil.com\/en\/wp-json\/wp\/v2\/product_cat?post=80950"},{"taxonomy":"product_tag","embeddable":true,"href":"https:\/\/www.librairieclavreuil.com\/en\/wp-json\/wp\/v2\/product_tag?post=80950"}],"curies":[{"name":"wp","href":"https:\/\/api.w.org\/{rel}","templated":true}]}}