{"id":80918,"date":"2024-07-17T17:04:20","date_gmt":"2024-07-17T15:04:20","guid":{"rendered":"https:\/\/www.librairieclavreuil.com\/bossuet-jacques-benigne-oraison-funebre-de-tres-haut-et-tres-puissant-prince-louis-de-bourbon-prince-de-conde-premier-prince-du-sang-prononcee-dans-leglise-de-nostre-dame-de-paris-le-10-jour-de\/"},"modified":"2024-07-17T17:04:32","modified_gmt":"2024-07-17T15:04:32","slug":"bossuet-jacques-benigne-oraison-funebre-de-tres-haut-et-tres-puissant-prince-louis-de-bourbon-prince-de-conde-premier-prince-du-sang-prononcee-dans-leglise-de-nostre-dame-de-paris-le-10-jour-de","status":"publish","type":"product","link":"https:\/\/www.librairieclavreuil.com\/en\/bossuet-jacques-benigne-oraison-funebre-de-tres-haut-et-tres-puissant-prince-louis-de-bourbon-prince-de-conde-premier-prince-du-sang-prononcee-dans-leglise-de-nostre-dame-de-paris-le-10-jour-de\/","title":{"rendered":"BOSSUET Jacques B\u00e9nigne Oraison fun\u00e8bre de tr\u00e8s-haut et..."},"content":{"rendered":"<p style=\"text-align:justify\"><i>Tchemerzine-Scheler, I, 858; Verlaque, p. 37.<\/i><\/p>\n<p style=\"text-align:justify\">First edition of Bossuet&#8217;s sixth and last eulogy delivered at Notre-Dame de Paris on 20 March 1687.<\/p>\n<p style=\"text-align:justify\">Louis de Bourbon (1621-1686), known as Le Grand Cond\u00e9, cousin of Louis XIV, remained famous as much for his military victories as for his participation in the Fronde. This edition is decorated with a vignette bearing the coat of arms of the Prince de Cond\u00e9 on the title, as well as a fine vignette at the beginning of the text and a tail-piece. Inserted in this copy is a note with Louis de Bourbon&#8217;s autograph signature and dated 3 June 1661, inviting Monsieur De Lamothe (Moulins) to come and see him at Fontainebleau.&nbsp;<\/p>\n<p style=\"text-align:justify\">A fine copy.<\/p>\n","protected":false},"excerpt":{"rendered":"<p>4to (244 x 179 mm) title, 61 pp. 19th century red janseniste morocco by Trautz-Bauzonnet, spine with raised bands, gilt inner border, gilt edges.<\/p>\n","protected":false},"featured_media":80911,"comment_status":"open","ping_status":"closed","template":"","meta":{"_acf_changed":false},"product_brand":[],"product_cat":[544],"product_tag":[1244,1450],"class_list":{"0":"post-80918","1":"product","2":"type-product","3":"status-publish","4":"has-post-thumbnail","6":"product_cat-literature","7":"product_tag-17th-century-literature","8":"product_tag-first-edition","9":"pa_auteur-bossuet-jacques-benigne-2","10":"pa_type-de-livre-printed-book","12":"first","13":"instock","14":"shipping-taxable","15":"purchasable","16":"product-type-simple"},"acf":{"artist":" Jacques B\u00e9nigne BOSSUET","chapeau":"","adresse_bibliographique":"Paris, S\u00e9bastien Mabre-Cramoisy, 1687","book_type":"Printed book","provenance":"","afficher_prix":""},"yoast_head":"<!-- This site is optimized with the Yoast SEO plugin v24.7 - https:\/\/yoast.com\/wordpress\/plugins\/seo\/ -->\n<title>BOSSUET Jacques B\u00e9nigne Oraison fun\u00e8bre de tr\u00e8s-haut et tr\u00e8s-puissant prince Louis de Bourbon prince de Cond\u00e9, premier prince du sang. Prononc\u00e9e dans l&#039;\u00e9glise de Nostre-Dame de Paris le 10. jour de Mars 1687. - Libairie Clavreuil<\/title>\n<meta name=\"robots\" content=\"index, follow, max-snippet:-1, max-image-preview:large, max-video-preview:-1\" \/>\n<link rel=\"canonical\" href=\"https:\/\/www.librairieclavreuil.com\/produit\/bossuet-jacques-benigne-oraison-funebre-de-tres-haut-et-tres-puissant-prince-louis-de-bourbon-prince-de-conde-premier-prince-du-sang-prononcee-dans-leglise-de-nostre-dame-de-paris-le-10-jour-de\/\" \/>\n<meta property=\"og:locale\" content=\"en_US\" \/>\n<meta property=\"og:type\" content=\"article\" \/>\n<meta property=\"og:title\" content=\"BOSSUET Jacques B\u00e9nigne Oraison fun\u00e8bre de tr\u00e8s-haut et tr\u00e8s-puissant prince Louis de Bourbon prince de Cond\u00e9, premier prince du sang. Prononc\u00e9e dans l&#039;\u00e9glise de Nostre-Dame de Paris le 10. jour de Mars 1687. - Libairie Clavreuil\" \/>\n<meta property=\"og:description\" content=\"4to (244 x 179 mm) title, 61 pp. 19th century red janseniste morocco by Trautz-Bauzonnet, spine with raised bands, gilt inner border, gilt edges.\" \/>\n<meta property=\"og:url\" content=\"https:\/\/www.librairieclavreuil.com\/produit\/bossuet-jacques-benigne-oraison-funebre-de-tres-haut-et-tres-puissant-prince-louis-de-bourbon-prince-de-conde-premier-prince-du-sang-prononcee-dans-leglise-de-nostre-dame-de-paris-le-10-jour-de\/\" \/>\n<meta property=\"og:site_name\" content=\"Libairie Clavreuil\" \/>\n<meta property=\"article:modified_time\" content=\"2024-07-17T15:04:32+00:00\" \/>\n<meta property=\"og:image\" content=\"https:\/\/www.librairieclavreuil.com\/wp-content\/uploads\/2024\/07\/jacques-benigne-bossuet-oraison-funebre-de-tres-haut-et-tres-puissant-prince-louis-de-bourbon-prince-de-conde-premier-prince-du-sang-prononcee-dans-l-.jpg\" \/>\n\t<meta property=\"og:image:width\" content=\"555\" \/>\n\t<meta property=\"og:image:height\" content=\"800\" \/>\n\t<meta property=\"og:image:type\" content=\"image\/jpeg\" \/>\n<meta name=\"twitter:card\" content=\"summary_large_image\" \/>\n<meta name=\"twitter:label1\" content=\"Est. reading time\" \/>\n\t<meta name=\"twitter:data1\" content=\"1 minute\" \/>\n<script type=\"application\/ld+json\" class=\"yoast-schema-graph\">{\"@context\":\"https:\/\/schema.org\",\"@graph\":[{\"@type\":\"WebPage\",\"@id\":\"https:\/\/www.librairieclavreuil.com\/produit\/bossuet-jacques-benigne-oraison-funebre-de-tres-haut-et-tres-puissant-prince-louis-de-bourbon-prince-de-conde-premier-prince-du-sang-prononcee-dans-leglise-de-nostre-dame-de-paris-le-10-jour-de\/\",\"url\":\"https:\/\/www.librairieclavreuil.com\/produit\/bossuet-jacques-benigne-oraison-funebre-de-tres-haut-et-tres-puissant-prince-louis-de-bourbon-prince-de-conde-premier-prince-du-sang-prononcee-dans-leglise-de-nostre-dame-de-paris-le-10-jour-de\/\",\"name\":\"BOSSUET Jacques B\u00e9nigne Oraison fun\u00e8bre de tr\u00e8s-haut et tr\u00e8s-puissant prince Louis de Bourbon prince de Cond\u00e9, premier prince du sang. Prononc\u00e9e dans l'\u00e9glise de Nostre-Dame de Paris le 10. jour de Mars 1687. - Libairie Clavreuil\",\"isPartOf\":{\"@id\":\"https:\/\/www.librairieclavreuil.com\/#website\"},\"primaryImageOfPage\":{\"@id\":\"https:\/\/www.librairieclavreuil.com\/produit\/bossuet-jacques-benigne-oraison-funebre-de-tres-haut-et-tres-puissant-prince-louis-de-bourbon-prince-de-conde-premier-prince-du-sang-prononcee-dans-leglise-de-nostre-dame-de-paris-le-10-jour-de\/#primaryimage\"},\"image\":{\"@id\":\"https:\/\/www.librairieclavreuil.com\/produit\/bossuet-jacques-benigne-oraison-funebre-de-tres-haut-et-tres-puissant-prince-louis-de-bourbon-prince-de-conde-premier-prince-du-sang-prononcee-dans-leglise-de-nostre-dame-de-paris-le-10-jour-de\/#primaryimage\"},\"thumbnailUrl\":\"https:\/\/www.librairieclavreuil.com\/wp-content\/uploads\/2024\/07\/jacques-benigne-bossuet-oraison-funebre-de-tres-haut-et-tres-puissant-prince-louis-de-bourbon-prince-de-conde-premier-prince-du-sang-prononcee-dans-l-.jpg\",\"datePublished\":\"2024-07-17T15:04:20+00:00\",\"dateModified\":\"2024-07-17T15:04:32+00:00\",\"breadcrumb\":{\"@id\":\"https:\/\/www.librairieclavreuil.com\/produit\/bossuet-jacques-benigne-oraison-funebre-de-tres-haut-et-tres-puissant-prince-louis-de-bourbon-prince-de-conde-premier-prince-du-sang-prononcee-dans-leglise-de-nostre-dame-de-paris-le-10-jour-de\/#breadcrumb\"},\"inLanguage\":\"en-US\",\"potentialAction\":[{\"@type\":\"ReadAction\",\"target\":[\"https:\/\/www.librairieclavreuil.com\/produit\/bossuet-jacques-benigne-oraison-funebre-de-tres-haut-et-tres-puissant-prince-louis-de-bourbon-prince-de-conde-premier-prince-du-sang-prononcee-dans-leglise-de-nostre-dame-de-paris-le-10-jour-de\/\"]}]},{\"@type\":\"ImageObject\",\"inLanguage\":\"en-US\",\"@id\":\"https:\/\/www.librairieclavreuil.com\/produit\/bossuet-jacques-benigne-oraison-funebre-de-tres-haut-et-tres-puissant-prince-louis-de-bourbon-prince-de-conde-premier-prince-du-sang-prononcee-dans-leglise-de-nostre-dame-de-paris-le-10-jour-de\/#primaryimage\",\"url\":\"https:\/\/www.librairieclavreuil.com\/wp-content\/uploads\/2024\/07\/jacques-benigne-bossuet-oraison-funebre-de-tres-haut-et-tres-puissant-prince-louis-de-bourbon-prince-de-conde-premier-prince-du-sang-prononcee-dans-l-.jpg\",\"contentUrl\":\"https:\/\/www.librairieclavreuil.com\/wp-content\/uploads\/2024\/07\/jacques-benigne-bossuet-oraison-funebre-de-tres-haut-et-tres-puissant-prince-louis-de-bourbon-prince-de-conde-premier-prince-du-sang-prononcee-dans-l-.jpg\",\"width\":555,\"height\":800},{\"@type\":\"BreadcrumbList\",\"@id\":\"https:\/\/www.librairieclavreuil.com\/produit\/bossuet-jacques-benigne-oraison-funebre-de-tres-haut-et-tres-puissant-prince-louis-de-bourbon-prince-de-conde-premier-prince-du-sang-prononcee-dans-leglise-de-nostre-dame-de-paris-le-10-jour-de\/#breadcrumb\",\"itemListElement\":[{\"@type\":\"ListItem\",\"position\":1,\"name\":\"Accueil\",\"item\":\"https:\/\/www.librairieclavreuil.com\/\"},{\"@type\":\"ListItem\",\"position\":2,\"name\":\"All our books\",\"item\":\"https:\/\/www.librairieclavreuil.com\/en\/all-our-books\/\"},{\"@type\":\"ListItem\",\"position\":3,\"name\":\"BOSSUET Jacques B\u00e9nigne Oraison fun\u00e8bre de tr\u00e8s-haut et...\"}]},{\"@type\":\"WebSite\",\"@id\":\"https:\/\/www.librairieclavreuil.com\/#website\",\"url\":\"https:\/\/www.librairieclavreuil.com\/\",\"name\":\"Libairie Clavreuil\",\"description\":\"Livres anciens, manuscrits rares et \u00e9ditions originales \u2013 Librairie Clavreuil\",\"publisher\":{\"@id\":\"https:\/\/www.librairieclavreuil.com\/#organization\"},\"potentialAction\":[{\"@type\":\"SearchAction\",\"target\":{\"@type\":\"EntryPoint\",\"urlTemplate\":\"https:\/\/www.librairieclavreuil.com\/?s={search_term_string}\"},\"query-input\":{\"@type\":\"PropertyValueSpecification\",\"valueRequired\":true,\"valueName\":\"search_term_string\"}}],\"inLanguage\":\"en-US\"},{\"@type\":\"Organization\",\"@id\":\"https:\/\/www.librairieclavreuil.com\/#organization\",\"name\":\"Libairie Clavreuil\",\"url\":\"https:\/\/www.librairieclavreuil.com\/\",\"logo\":{\"@type\":\"ImageObject\",\"inLanguage\":\"en-US\",\"@id\":\"https:\/\/www.librairieclavreuil.com\/#\/schema\/logo\/image\/\",\"url\":\"https:\/\/www.librairieclavreuil.com\/wp-content\/uploads\/2021\/06\/cropped-LOGO_PNG_DATE-_gold-512x512-1.png\",\"contentUrl\":\"https:\/\/www.librairieclavreuil.com\/wp-content\/uploads\/2021\/06\/cropped-LOGO_PNG_DATE-_gold-512x512-1.png\",\"width\":512,\"height\":512,\"caption\":\"Libairie Clavreuil\"},\"image\":{\"@id\":\"https:\/\/www.librairieclavreuil.com\/#\/schema\/logo\/image\/\"},\"sameAs\":[\"https:\/\/www.instagram.com\/librairieclavreuil\/\"]}]}<\/script>\n<!-- \/ Yoast SEO plugin. -->","yoast_head_json":{"title":"BOSSUET Jacques B\u00e9nigne Oraison fun\u00e8bre de tr\u00e8s-haut et tr\u00e8s-puissant prince Louis de Bourbon prince de Cond\u00e9, premier prince du sang. Prononc\u00e9e dans l'\u00e9glise de Nostre-Dame de Paris le 10. jour de Mars 1687. - Libairie Clavreuil","robots":{"index":"index","follow":"follow","max-snippet":"max-snippet:-1","max-image-preview":"max-image-preview:large","max-video-preview":"max-video-preview:-1"},"canonical":"https:\/\/www.librairieclavreuil.com\/produit\/bossuet-jacques-benigne-oraison-funebre-de-tres-haut-et-tres-puissant-prince-louis-de-bourbon-prince-de-conde-premier-prince-du-sang-prononcee-dans-leglise-de-nostre-dame-de-paris-le-10-jour-de\/","og_locale":"en_US","og_type":"article","og_title":"BOSSUET Jacques B\u00e9nigne Oraison fun\u00e8bre de tr\u00e8s-haut et tr\u00e8s-puissant prince Louis de Bourbon prince de Cond\u00e9, premier prince du sang. Prononc\u00e9e dans l'\u00e9glise de Nostre-Dame de Paris le 10. jour de Mars 1687. - Libairie Clavreuil","og_description":"4to (244 x 179 mm) title, 61 pp. 19th century red janseniste morocco by Trautz-Bauzonnet, spine with raised bands, gilt inner border, gilt edges.","og_url":"https:\/\/www.librairieclavreuil.com\/produit\/bossuet-jacques-benigne-oraison-funebre-de-tres-haut-et-tres-puissant-prince-louis-de-bourbon-prince-de-conde-premier-prince-du-sang-prononcee-dans-leglise-de-nostre-dame-de-paris-le-10-jour-de\/","og_site_name":"Libairie Clavreuil","article_modified_time":"2024-07-17T15:04:32+00:00","og_image":[{"width":555,"height":800,"url":"https:\/\/www.librairieclavreuil.com\/wp-content\/uploads\/2024\/07\/jacques-benigne-bossuet-oraison-funebre-de-tres-haut-et-tres-puissant-prince-louis-de-bourbon-prince-de-conde-premier-prince-du-sang-prononcee-dans-l-.jpg","type":"image\/jpeg"}],"twitter_card":"summary_large_image","twitter_misc":{"Est. reading time":"1 minute"},"schema":{"@context":"https:\/\/schema.org","@graph":[{"@type":"WebPage","@id":"https:\/\/www.librairieclavreuil.com\/produit\/bossuet-jacques-benigne-oraison-funebre-de-tres-haut-et-tres-puissant-prince-louis-de-bourbon-prince-de-conde-premier-prince-du-sang-prononcee-dans-leglise-de-nostre-dame-de-paris-le-10-jour-de\/","url":"https:\/\/www.librairieclavreuil.com\/produit\/bossuet-jacques-benigne-oraison-funebre-de-tres-haut-et-tres-puissant-prince-louis-de-bourbon-prince-de-conde-premier-prince-du-sang-prononcee-dans-leglise-de-nostre-dame-de-paris-le-10-jour-de\/","name":"BOSSUET Jacques B\u00e9nigne Oraison fun\u00e8bre de tr\u00e8s-haut et tr\u00e8s-puissant prince Louis de Bourbon prince de Cond\u00e9, premier prince du sang. Prononc\u00e9e dans l'\u00e9glise de Nostre-Dame de Paris le 10. jour de Mars 1687. - Libairie Clavreuil","isPartOf":{"@id":"https:\/\/www.librairieclavreuil.com\/#website"},"primaryImageOfPage":{"@id":"https:\/\/www.librairieclavreuil.com\/produit\/bossuet-jacques-benigne-oraison-funebre-de-tres-haut-et-tres-puissant-prince-louis-de-bourbon-prince-de-conde-premier-prince-du-sang-prononcee-dans-leglise-de-nostre-dame-de-paris-le-10-jour-de\/#primaryimage"},"image":{"@id":"https:\/\/www.librairieclavreuil.com\/produit\/bossuet-jacques-benigne-oraison-funebre-de-tres-haut-et-tres-puissant-prince-louis-de-bourbon-prince-de-conde-premier-prince-du-sang-prononcee-dans-leglise-de-nostre-dame-de-paris-le-10-jour-de\/#primaryimage"},"thumbnailUrl":"https:\/\/www.librairieclavreuil.com\/wp-content\/uploads\/2024\/07\/jacques-benigne-bossuet-oraison-funebre-de-tres-haut-et-tres-puissant-prince-louis-de-bourbon-prince-de-conde-premier-prince-du-sang-prononcee-dans-l-.jpg","datePublished":"2024-07-17T15:04:20+00:00","dateModified":"2024-07-17T15:04:32+00:00","breadcrumb":{"@id":"https:\/\/www.librairieclavreuil.com\/produit\/bossuet-jacques-benigne-oraison-funebre-de-tres-haut-et-tres-puissant-prince-louis-de-bourbon-prince-de-conde-premier-prince-du-sang-prononcee-dans-leglise-de-nostre-dame-de-paris-le-10-jour-de\/#breadcrumb"},"inLanguage":"en-US","potentialAction":[{"@type":"ReadAction","target":["https:\/\/www.librairieclavreuil.com\/produit\/bossuet-jacques-benigne-oraison-funebre-de-tres-haut-et-tres-puissant-prince-louis-de-bourbon-prince-de-conde-premier-prince-du-sang-prononcee-dans-leglise-de-nostre-dame-de-paris-le-10-jour-de\/"]}]},{"@type":"ImageObject","inLanguage":"en-US","@id":"https:\/\/www.librairieclavreuil.com\/produit\/bossuet-jacques-benigne-oraison-funebre-de-tres-haut-et-tres-puissant-prince-louis-de-bourbon-prince-de-conde-premier-prince-du-sang-prononcee-dans-leglise-de-nostre-dame-de-paris-le-10-jour-de\/#primaryimage","url":"https:\/\/www.librairieclavreuil.com\/wp-content\/uploads\/2024\/07\/jacques-benigne-bossuet-oraison-funebre-de-tres-haut-et-tres-puissant-prince-louis-de-bourbon-prince-de-conde-premier-prince-du-sang-prononcee-dans-l-.jpg","contentUrl":"https:\/\/www.librairieclavreuil.com\/wp-content\/uploads\/2024\/07\/jacques-benigne-bossuet-oraison-funebre-de-tres-haut-et-tres-puissant-prince-louis-de-bourbon-prince-de-conde-premier-prince-du-sang-prononcee-dans-l-.jpg","width":555,"height":800},{"@type":"BreadcrumbList","@id":"https:\/\/www.librairieclavreuil.com\/produit\/bossuet-jacques-benigne-oraison-funebre-de-tres-haut-et-tres-puissant-prince-louis-de-bourbon-prince-de-conde-premier-prince-du-sang-prononcee-dans-leglise-de-nostre-dame-de-paris-le-10-jour-de\/#breadcrumb","itemListElement":[{"@type":"ListItem","position":1,"name":"Accueil","item":"https:\/\/www.librairieclavreuil.com\/"},{"@type":"ListItem","position":2,"name":"All our books","item":"https:\/\/www.librairieclavreuil.com\/en\/all-our-books\/"},{"@type":"ListItem","position":3,"name":"BOSSUET Jacques B\u00e9nigne Oraison fun\u00e8bre de tr\u00e8s-haut et..."}]},{"@type":"WebSite","@id":"https:\/\/www.librairieclavreuil.com\/#website","url":"https:\/\/www.librairieclavreuil.com\/","name":"Libairie Clavreuil","description":"Livres anciens, manuscrits rares et \u00e9ditions originales \u2013 Librairie Clavreuil","publisher":{"@id":"https:\/\/www.librairieclavreuil.com\/#organization"},"potentialAction":[{"@type":"SearchAction","target":{"@type":"EntryPoint","urlTemplate":"https:\/\/www.librairieclavreuil.com\/?s={search_term_string}"},"query-input":{"@type":"PropertyValueSpecification","valueRequired":true,"valueName":"search_term_string"}}],"inLanguage":"en-US"},{"@type":"Organization","@id":"https:\/\/www.librairieclavreuil.com\/#organization","name":"Libairie Clavreuil","url":"https:\/\/www.librairieclavreuil.com\/","logo":{"@type":"ImageObject","inLanguage":"en-US","@id":"https:\/\/www.librairieclavreuil.com\/#\/schema\/logo\/image\/","url":"https:\/\/www.librairieclavreuil.com\/wp-content\/uploads\/2021\/06\/cropped-LOGO_PNG_DATE-_gold-512x512-1.png","contentUrl":"https:\/\/www.librairieclavreuil.com\/wp-content\/uploads\/2021\/06\/cropped-LOGO_PNG_DATE-_gold-512x512-1.png","width":512,"height":512,"caption":"Libairie Clavreuil"},"image":{"@id":"https:\/\/www.librairieclavreuil.com\/#\/schema\/logo\/image\/"},"sameAs":["https:\/\/www.instagram.com\/librairieclavreuil\/"]}]}},"jetpack_sharing_enabled":true,"_links":{"self":[{"href":"https:\/\/www.librairieclavreuil.com\/en\/wp-json\/wp\/v2\/product\/80918","targetHints":{"allow":["GET"]}}],"collection":[{"href":"https:\/\/www.librairieclavreuil.com\/en\/wp-json\/wp\/v2\/product"}],"about":[{"href":"https:\/\/www.librairieclavreuil.com\/en\/wp-json\/wp\/v2\/types\/product"}],"replies":[{"embeddable":true,"href":"https:\/\/www.librairieclavreuil.com\/en\/wp-json\/wp\/v2\/comments?post=80918"}],"wp:featuredmedia":[{"embeddable":true,"href":"https:\/\/www.librairieclavreuil.com\/en\/wp-json\/wp\/v2\/media\/80911"}],"wp:attachment":[{"href":"https:\/\/www.librairieclavreuil.com\/en\/wp-json\/wp\/v2\/media?parent=80918"}],"wp:term":[{"taxonomy":"product_brand","embeddable":true,"href":"https:\/\/www.librairieclavreuil.com\/en\/wp-json\/wp\/v2\/product_brand?post=80918"},{"taxonomy":"product_cat","embeddable":true,"href":"https:\/\/www.librairieclavreuil.com\/en\/wp-json\/wp\/v2\/product_cat?post=80918"},{"taxonomy":"product_tag","embeddable":true,"href":"https:\/\/www.librairieclavreuil.com\/en\/wp-json\/wp\/v2\/product_tag?post=80918"}],"curies":[{"name":"wp","href":"https:\/\/api.w.org\/{rel}","templated":true}]}}