{"id":80910,"date":"2024-07-17T17:04:00","date_gmt":"2024-07-17T15:04:00","guid":{"rendered":"https:\/\/www.librairieclavreuil.com\/bossuet-jacques-benigne-oraison-funebre-de-tres-haut-et-puissant-seigneur-messire-michel-le-tellier-chevalier-chancelier-de-france-prononcee-dans-leglise-paroissiale-de-saint-gervais-ou-il-est\/"},"modified":"2024-07-17T17:04:15","modified_gmt":"2024-07-17T15:04:15","slug":"bossuet-jacques-benigne-oraison-funebre-de-tres-haut-et-puissant-seigneur-messire-michel-le-tellier-chevalier-chancelier-de-france-prononcee-dans-leglise-paroissiale-de-saint-gervais-ou-il-est","status":"publish","type":"product","link":"https:\/\/www.librairieclavreuil.com\/en\/bossuet-jacques-benigne-oraison-funebre-de-tres-haut-et-puissant-seigneur-messire-michel-le-tellier-chevalier-chancelier-de-france-prononcee-dans-leglise-paroissiale-de-saint-gervais-ou-il-est\/","title":{"rendered":"BOSSUET Jacques B\u00e9nigne Oraison fun\u00e8bre de tr\u00e8s-haut et..."},"content":{"rendered":"<p><i>Tchemerzine-Scheler, I, 851; Verlaque, p. 851.<\/i><\/p>\n<p>First edition of Bossuet&#8217;s fifth great funeral oration, delivered in the parish church of Saint Gervais, where Le Tellier was buried, on 25 January 1686. Michel Le Tellier, who died in October 1685, was a major figure in the reign of Louis XIV. Appointed Secretary of State for War in 1643, he held several posts, became Commander of the Order of the Holy Spirit and was the principal adviser to Anne of Austria on the death of Mazarin, before being appointed Chancellor and Keeper of the Seals in 1677. A fine copy.<\/p>\n","protected":false},"excerpt":{"rendered":"<p style=\"text-align:justify\">4to (245 x 179 mm) 62 pp., 1 nn.l. (privilege). 19th century red jansenistee morocco by Trautz-Bauzonnet, spine with raised bands, gilt inner border, gilt edges.<\/p>\n","protected":false},"featured_media":80905,"comment_status":"open","ping_status":"closed","template":"","meta":{"_acf_changed":false},"product_brand":[],"product_cat":[544],"product_tag":[1244,1450],"class_list":{"0":"post-80910","1":"product","2":"type-product","3":"status-publish","4":"has-post-thumbnail","6":"product_cat-literature","7":"product_tag-17th-century-literature","8":"product_tag-first-edition","9":"pa_auteur-bossuet-jacques-benigne-2","10":"pa_type-de-livre-printed-book","12":"first","13":"instock","14":"shipping-taxable","15":"purchasable","16":"product-type-simple"},"acf":{"artist":" Jacques B\u00e9nigne BOSSUET","chapeau":"","adresse_bibliographique":"Paris, S\u00e9bastien Mabre-Cramoisy, 1686","book_type":"Printed book","provenance":"","afficher_prix":""},"yoast_head":"<!-- This site is optimized with the Yoast SEO plugin v24.7 - https:\/\/yoast.com\/wordpress\/plugins\/seo\/ -->\n<title>BOSSUET Jacques B\u00e9nigne Oraison fun\u00e8bre de tr\u00e8s-haut et puissant seigneur messire Michel Le Tellier, chevalier, chancelier de France. Prononc\u00e9e dans l&#039;\u00e9glise paroissiale de Saint Gervais, o\u00f9 il est inhum\u00e9, le 25 janvier 1686. - Libairie Clavreuil<\/title>\n<meta name=\"robots\" content=\"index, follow, max-snippet:-1, max-image-preview:large, max-video-preview:-1\" \/>\n<link rel=\"canonical\" href=\"https:\/\/www.librairieclavreuil.com\/produit\/bossuet-jacques-benigne-oraison-funebre-de-tres-haut-et-puissant-seigneur-messire-michel-le-tellier-chevalier-chancelier-de-france-prononcee-dans-leglise-paroissiale-de-saint-gervais-ou-il-est\/\" \/>\n<meta property=\"og:locale\" content=\"en_US\" \/>\n<meta property=\"og:type\" content=\"article\" \/>\n<meta property=\"og:title\" content=\"BOSSUET Jacques B\u00e9nigne Oraison fun\u00e8bre de tr\u00e8s-haut et puissant seigneur messire Michel Le Tellier, chevalier, chancelier de France. Prononc\u00e9e dans l&#039;\u00e9glise paroissiale de Saint Gervais, o\u00f9 il est inhum\u00e9, le 25 janvier 1686. - Libairie Clavreuil\" \/>\n<meta property=\"og:description\" content=\"4to (245 x 179 mm) 62 pp., 1 nn.l. (privilege). 19th century red jansenistee morocco by Trautz-Bauzonnet, spine with raised bands, gilt inner border, gilt edges.\" \/>\n<meta property=\"og:url\" content=\"https:\/\/www.librairieclavreuil.com\/produit\/bossuet-jacques-benigne-oraison-funebre-de-tres-haut-et-puissant-seigneur-messire-michel-le-tellier-chevalier-chancelier-de-france-prononcee-dans-leglise-paroissiale-de-saint-gervais-ou-il-est\/\" \/>\n<meta property=\"og:site_name\" content=\"Libairie Clavreuil\" \/>\n<meta property=\"article:modified_time\" content=\"2024-07-17T15:04:15+00:00\" \/>\n<meta property=\"og:image\" content=\"https:\/\/www.librairieclavreuil.com\/wp-content\/uploads\/2024\/07\/jacques-benigne-bossuet-oraison-funebre-de-tres-haut-et-puissant-seigneur-messire-michel-le-tellier-chevalier-chancelier-de-france-prononcee-dans-l-eg.jpg\" \/>\n\t<meta property=\"og:image:width\" content=\"559\" \/>\n\t<meta property=\"og:image:height\" content=\"800\" \/>\n\t<meta property=\"og:image:type\" content=\"image\/jpeg\" \/>\n<meta name=\"twitter:card\" content=\"summary_large_image\" \/>\n<script type=\"application\/ld+json\" class=\"yoast-schema-graph\">{\"@context\":\"https:\/\/schema.org\",\"@graph\":[{\"@type\":\"WebPage\",\"@id\":\"https:\/\/www.librairieclavreuil.com\/produit\/bossuet-jacques-benigne-oraison-funebre-de-tres-haut-et-puissant-seigneur-messire-michel-le-tellier-chevalier-chancelier-de-france-prononcee-dans-leglise-paroissiale-de-saint-gervais-ou-il-est\/\",\"url\":\"https:\/\/www.librairieclavreuil.com\/produit\/bossuet-jacques-benigne-oraison-funebre-de-tres-haut-et-puissant-seigneur-messire-michel-le-tellier-chevalier-chancelier-de-france-prononcee-dans-leglise-paroissiale-de-saint-gervais-ou-il-est\/\",\"name\":\"BOSSUET Jacques B\u00e9nigne Oraison fun\u00e8bre de tr\u00e8s-haut et puissant seigneur messire Michel Le Tellier, chevalier, chancelier de France. Prononc\u00e9e dans l'\u00e9glise paroissiale de Saint Gervais, o\u00f9 il est inhum\u00e9, le 25 janvier 1686. - Libairie Clavreuil\",\"isPartOf\":{\"@id\":\"https:\/\/www.librairieclavreuil.com\/#website\"},\"primaryImageOfPage\":{\"@id\":\"https:\/\/www.librairieclavreuil.com\/produit\/bossuet-jacques-benigne-oraison-funebre-de-tres-haut-et-puissant-seigneur-messire-michel-le-tellier-chevalier-chancelier-de-france-prononcee-dans-leglise-paroissiale-de-saint-gervais-ou-il-est\/#primaryimage\"},\"image\":{\"@id\":\"https:\/\/www.librairieclavreuil.com\/produit\/bossuet-jacques-benigne-oraison-funebre-de-tres-haut-et-puissant-seigneur-messire-michel-le-tellier-chevalier-chancelier-de-france-prononcee-dans-leglise-paroissiale-de-saint-gervais-ou-il-est\/#primaryimage\"},\"thumbnailUrl\":\"https:\/\/www.librairieclavreuil.com\/wp-content\/uploads\/2024\/07\/jacques-benigne-bossuet-oraison-funebre-de-tres-haut-et-puissant-seigneur-messire-michel-le-tellier-chevalier-chancelier-de-france-prononcee-dans-l-eg.jpg\",\"datePublished\":\"2024-07-17T15:04:00+00:00\",\"dateModified\":\"2024-07-17T15:04:15+00:00\",\"breadcrumb\":{\"@id\":\"https:\/\/www.librairieclavreuil.com\/produit\/bossuet-jacques-benigne-oraison-funebre-de-tres-haut-et-puissant-seigneur-messire-michel-le-tellier-chevalier-chancelier-de-france-prononcee-dans-leglise-paroissiale-de-saint-gervais-ou-il-est\/#breadcrumb\"},\"inLanguage\":\"en-US\",\"potentialAction\":[{\"@type\":\"ReadAction\",\"target\":[\"https:\/\/www.librairieclavreuil.com\/produit\/bossuet-jacques-benigne-oraison-funebre-de-tres-haut-et-puissant-seigneur-messire-michel-le-tellier-chevalier-chancelier-de-france-prononcee-dans-leglise-paroissiale-de-saint-gervais-ou-il-est\/\"]}]},{\"@type\":\"ImageObject\",\"inLanguage\":\"en-US\",\"@id\":\"https:\/\/www.librairieclavreuil.com\/produit\/bossuet-jacques-benigne-oraison-funebre-de-tres-haut-et-puissant-seigneur-messire-michel-le-tellier-chevalier-chancelier-de-france-prononcee-dans-leglise-paroissiale-de-saint-gervais-ou-il-est\/#primaryimage\",\"url\":\"https:\/\/www.librairieclavreuil.com\/wp-content\/uploads\/2024\/07\/jacques-benigne-bossuet-oraison-funebre-de-tres-haut-et-puissant-seigneur-messire-michel-le-tellier-chevalier-chancelier-de-france-prononcee-dans-l-eg.jpg\",\"contentUrl\":\"https:\/\/www.librairieclavreuil.com\/wp-content\/uploads\/2024\/07\/jacques-benigne-bossuet-oraison-funebre-de-tres-haut-et-puissant-seigneur-messire-michel-le-tellier-chevalier-chancelier-de-france-prononcee-dans-l-eg.jpg\",\"width\":559,\"height\":800},{\"@type\":\"BreadcrumbList\",\"@id\":\"https:\/\/www.librairieclavreuil.com\/produit\/bossuet-jacques-benigne-oraison-funebre-de-tres-haut-et-puissant-seigneur-messire-michel-le-tellier-chevalier-chancelier-de-france-prononcee-dans-leglise-paroissiale-de-saint-gervais-ou-il-est\/#breadcrumb\",\"itemListElement\":[{\"@type\":\"ListItem\",\"position\":1,\"name\":\"Accueil\",\"item\":\"https:\/\/www.librairieclavreuil.com\/\"},{\"@type\":\"ListItem\",\"position\":2,\"name\":\"All our books\",\"item\":\"https:\/\/www.librairieclavreuil.com\/en\/all-our-books\/\"},{\"@type\":\"ListItem\",\"position\":3,\"name\":\"BOSSUET Jacques B\u00e9nigne Oraison fun\u00e8bre de tr\u00e8s-haut et...\"}]},{\"@type\":\"WebSite\",\"@id\":\"https:\/\/www.librairieclavreuil.com\/#website\",\"url\":\"https:\/\/www.librairieclavreuil.com\/\",\"name\":\"Libairie Clavreuil\",\"description\":\"Livres anciens, manuscrits rares et \u00e9ditions originales \u2013 Librairie Clavreuil\",\"publisher\":{\"@id\":\"https:\/\/www.librairieclavreuil.com\/#organization\"},\"potentialAction\":[{\"@type\":\"SearchAction\",\"target\":{\"@type\":\"EntryPoint\",\"urlTemplate\":\"https:\/\/www.librairieclavreuil.com\/?s={search_term_string}\"},\"query-input\":{\"@type\":\"PropertyValueSpecification\",\"valueRequired\":true,\"valueName\":\"search_term_string\"}}],\"inLanguage\":\"en-US\"},{\"@type\":\"Organization\",\"@id\":\"https:\/\/www.librairieclavreuil.com\/#organization\",\"name\":\"Libairie Clavreuil\",\"url\":\"https:\/\/www.librairieclavreuil.com\/\",\"logo\":{\"@type\":\"ImageObject\",\"inLanguage\":\"en-US\",\"@id\":\"https:\/\/www.librairieclavreuil.com\/#\/schema\/logo\/image\/\",\"url\":\"https:\/\/www.librairieclavreuil.com\/wp-content\/uploads\/2021\/06\/cropped-LOGO_PNG_DATE-_gold-512x512-1.png\",\"contentUrl\":\"https:\/\/www.librairieclavreuil.com\/wp-content\/uploads\/2021\/06\/cropped-LOGO_PNG_DATE-_gold-512x512-1.png\",\"width\":512,\"height\":512,\"caption\":\"Libairie Clavreuil\"},\"image\":{\"@id\":\"https:\/\/www.librairieclavreuil.com\/#\/schema\/logo\/image\/\"},\"sameAs\":[\"https:\/\/www.instagram.com\/librairieclavreuil\/\"]}]}<\/script>\n<!-- \/ Yoast SEO plugin. -->","yoast_head_json":{"title":"BOSSUET Jacques B\u00e9nigne Oraison fun\u00e8bre de tr\u00e8s-haut et puissant seigneur messire Michel Le Tellier, chevalier, chancelier de France. Prononc\u00e9e dans l'\u00e9glise paroissiale de Saint Gervais, o\u00f9 il est inhum\u00e9, le 25 janvier 1686. - Libairie Clavreuil","robots":{"index":"index","follow":"follow","max-snippet":"max-snippet:-1","max-image-preview":"max-image-preview:large","max-video-preview":"max-video-preview:-1"},"canonical":"https:\/\/www.librairieclavreuil.com\/produit\/bossuet-jacques-benigne-oraison-funebre-de-tres-haut-et-puissant-seigneur-messire-michel-le-tellier-chevalier-chancelier-de-france-prononcee-dans-leglise-paroissiale-de-saint-gervais-ou-il-est\/","og_locale":"en_US","og_type":"article","og_title":"BOSSUET Jacques B\u00e9nigne Oraison fun\u00e8bre de tr\u00e8s-haut et puissant seigneur messire Michel Le Tellier, chevalier, chancelier de France. Prononc\u00e9e dans l'\u00e9glise paroissiale de Saint Gervais, o\u00f9 il est inhum\u00e9, le 25 janvier 1686. - Libairie Clavreuil","og_description":"4to (245 x 179 mm) 62 pp., 1 nn.l. (privilege). 19th century red jansenistee morocco by Trautz-Bauzonnet, spine with raised bands, gilt inner border, gilt edges.","og_url":"https:\/\/www.librairieclavreuil.com\/produit\/bossuet-jacques-benigne-oraison-funebre-de-tres-haut-et-puissant-seigneur-messire-michel-le-tellier-chevalier-chancelier-de-france-prononcee-dans-leglise-paroissiale-de-saint-gervais-ou-il-est\/","og_site_name":"Libairie Clavreuil","article_modified_time":"2024-07-17T15:04:15+00:00","og_image":[{"width":559,"height":800,"url":"https:\/\/www.librairieclavreuil.com\/wp-content\/uploads\/2024\/07\/jacques-benigne-bossuet-oraison-funebre-de-tres-haut-et-puissant-seigneur-messire-michel-le-tellier-chevalier-chancelier-de-france-prononcee-dans-l-eg.jpg","type":"image\/jpeg"}],"twitter_card":"summary_large_image","schema":{"@context":"https:\/\/schema.org","@graph":[{"@type":"WebPage","@id":"https:\/\/www.librairieclavreuil.com\/produit\/bossuet-jacques-benigne-oraison-funebre-de-tres-haut-et-puissant-seigneur-messire-michel-le-tellier-chevalier-chancelier-de-france-prononcee-dans-leglise-paroissiale-de-saint-gervais-ou-il-est\/","url":"https:\/\/www.librairieclavreuil.com\/produit\/bossuet-jacques-benigne-oraison-funebre-de-tres-haut-et-puissant-seigneur-messire-michel-le-tellier-chevalier-chancelier-de-france-prononcee-dans-leglise-paroissiale-de-saint-gervais-ou-il-est\/","name":"BOSSUET Jacques B\u00e9nigne Oraison fun\u00e8bre de tr\u00e8s-haut et puissant seigneur messire Michel Le Tellier, chevalier, chancelier de France. Prononc\u00e9e dans l'\u00e9glise paroissiale de Saint Gervais, o\u00f9 il est inhum\u00e9, le 25 janvier 1686. - Libairie Clavreuil","isPartOf":{"@id":"https:\/\/www.librairieclavreuil.com\/#website"},"primaryImageOfPage":{"@id":"https:\/\/www.librairieclavreuil.com\/produit\/bossuet-jacques-benigne-oraison-funebre-de-tres-haut-et-puissant-seigneur-messire-michel-le-tellier-chevalier-chancelier-de-france-prononcee-dans-leglise-paroissiale-de-saint-gervais-ou-il-est\/#primaryimage"},"image":{"@id":"https:\/\/www.librairieclavreuil.com\/produit\/bossuet-jacques-benigne-oraison-funebre-de-tres-haut-et-puissant-seigneur-messire-michel-le-tellier-chevalier-chancelier-de-france-prononcee-dans-leglise-paroissiale-de-saint-gervais-ou-il-est\/#primaryimage"},"thumbnailUrl":"https:\/\/www.librairieclavreuil.com\/wp-content\/uploads\/2024\/07\/jacques-benigne-bossuet-oraison-funebre-de-tres-haut-et-puissant-seigneur-messire-michel-le-tellier-chevalier-chancelier-de-france-prononcee-dans-l-eg.jpg","datePublished":"2024-07-17T15:04:00+00:00","dateModified":"2024-07-17T15:04:15+00:00","breadcrumb":{"@id":"https:\/\/www.librairieclavreuil.com\/produit\/bossuet-jacques-benigne-oraison-funebre-de-tres-haut-et-puissant-seigneur-messire-michel-le-tellier-chevalier-chancelier-de-france-prononcee-dans-leglise-paroissiale-de-saint-gervais-ou-il-est\/#breadcrumb"},"inLanguage":"en-US","potentialAction":[{"@type":"ReadAction","target":["https:\/\/www.librairieclavreuil.com\/produit\/bossuet-jacques-benigne-oraison-funebre-de-tres-haut-et-puissant-seigneur-messire-michel-le-tellier-chevalier-chancelier-de-france-prononcee-dans-leglise-paroissiale-de-saint-gervais-ou-il-est\/"]}]},{"@type":"ImageObject","inLanguage":"en-US","@id":"https:\/\/www.librairieclavreuil.com\/produit\/bossuet-jacques-benigne-oraison-funebre-de-tres-haut-et-puissant-seigneur-messire-michel-le-tellier-chevalier-chancelier-de-france-prononcee-dans-leglise-paroissiale-de-saint-gervais-ou-il-est\/#primaryimage","url":"https:\/\/www.librairieclavreuil.com\/wp-content\/uploads\/2024\/07\/jacques-benigne-bossuet-oraison-funebre-de-tres-haut-et-puissant-seigneur-messire-michel-le-tellier-chevalier-chancelier-de-france-prononcee-dans-l-eg.jpg","contentUrl":"https:\/\/www.librairieclavreuil.com\/wp-content\/uploads\/2024\/07\/jacques-benigne-bossuet-oraison-funebre-de-tres-haut-et-puissant-seigneur-messire-michel-le-tellier-chevalier-chancelier-de-france-prononcee-dans-l-eg.jpg","width":559,"height":800},{"@type":"BreadcrumbList","@id":"https:\/\/www.librairieclavreuil.com\/produit\/bossuet-jacques-benigne-oraison-funebre-de-tres-haut-et-puissant-seigneur-messire-michel-le-tellier-chevalier-chancelier-de-france-prononcee-dans-leglise-paroissiale-de-saint-gervais-ou-il-est\/#breadcrumb","itemListElement":[{"@type":"ListItem","position":1,"name":"Accueil","item":"https:\/\/www.librairieclavreuil.com\/"},{"@type":"ListItem","position":2,"name":"All our books","item":"https:\/\/www.librairieclavreuil.com\/en\/all-our-books\/"},{"@type":"ListItem","position":3,"name":"BOSSUET Jacques B\u00e9nigne Oraison fun\u00e8bre de tr\u00e8s-haut et..."}]},{"@type":"WebSite","@id":"https:\/\/www.librairieclavreuil.com\/#website","url":"https:\/\/www.librairieclavreuil.com\/","name":"Libairie Clavreuil","description":"Livres anciens, manuscrits rares et \u00e9ditions originales \u2013 Librairie Clavreuil","publisher":{"@id":"https:\/\/www.librairieclavreuil.com\/#organization"},"potentialAction":[{"@type":"SearchAction","target":{"@type":"EntryPoint","urlTemplate":"https:\/\/www.librairieclavreuil.com\/?s={search_term_string}"},"query-input":{"@type":"PropertyValueSpecification","valueRequired":true,"valueName":"search_term_string"}}],"inLanguage":"en-US"},{"@type":"Organization","@id":"https:\/\/www.librairieclavreuil.com\/#organization","name":"Libairie Clavreuil","url":"https:\/\/www.librairieclavreuil.com\/","logo":{"@type":"ImageObject","inLanguage":"en-US","@id":"https:\/\/www.librairieclavreuil.com\/#\/schema\/logo\/image\/","url":"https:\/\/www.librairieclavreuil.com\/wp-content\/uploads\/2021\/06\/cropped-LOGO_PNG_DATE-_gold-512x512-1.png","contentUrl":"https:\/\/www.librairieclavreuil.com\/wp-content\/uploads\/2021\/06\/cropped-LOGO_PNG_DATE-_gold-512x512-1.png","width":512,"height":512,"caption":"Libairie Clavreuil"},"image":{"@id":"https:\/\/www.librairieclavreuil.com\/#\/schema\/logo\/image\/"},"sameAs":["https:\/\/www.instagram.com\/librairieclavreuil\/"]}]}},"jetpack_sharing_enabled":true,"_links":{"self":[{"href":"https:\/\/www.librairieclavreuil.com\/en\/wp-json\/wp\/v2\/product\/80910","targetHints":{"allow":["GET"]}}],"collection":[{"href":"https:\/\/www.librairieclavreuil.com\/en\/wp-json\/wp\/v2\/product"}],"about":[{"href":"https:\/\/www.librairieclavreuil.com\/en\/wp-json\/wp\/v2\/types\/product"}],"replies":[{"embeddable":true,"href":"https:\/\/www.librairieclavreuil.com\/en\/wp-json\/wp\/v2\/comments?post=80910"}],"wp:featuredmedia":[{"embeddable":true,"href":"https:\/\/www.librairieclavreuil.com\/en\/wp-json\/wp\/v2\/media\/80905"}],"wp:attachment":[{"href":"https:\/\/www.librairieclavreuil.com\/en\/wp-json\/wp\/v2\/media?parent=80910"}],"wp:term":[{"taxonomy":"product_brand","embeddable":true,"href":"https:\/\/www.librairieclavreuil.com\/en\/wp-json\/wp\/v2\/product_brand?post=80910"},{"taxonomy":"product_cat","embeddable":true,"href":"https:\/\/www.librairieclavreuil.com\/en\/wp-json\/wp\/v2\/product_cat?post=80910"},{"taxonomy":"product_tag","embeddable":true,"href":"https:\/\/www.librairieclavreuil.com\/en\/wp-json\/wp\/v2\/product_tag?post=80910"}],"curies":[{"name":"wp","href":"https:\/\/api.w.org\/{rel}","templated":true}]}}