{"id":80872,"date":"2024-07-17T16:53:25","date_gmt":"2024-07-17T14:53:25","guid":{"rendered":"https:\/\/www.librairieclavreuil.com\/rance-armand-jean-de-meditations-sur-la-regle-de-s-benoist-tirees-du-commentaire-de-monsieur-labbe-de-la-trappe\/"},"modified":"2024-07-17T16:53:39","modified_gmt":"2024-07-17T14:53:39","slug":"rance-armand-jean-de-meditations-sur-la-regle-de-s-benoist-tirees-du-commentaire-de-monsieur-labbe-de-la-trappe","status":"publish","type":"product","link":"https:\/\/www.librairieclavreuil.com\/en\/rance-armand-jean-de-meditations-sur-la-regle-de-s-benoist-tirees-du-commentaire-de-monsieur-labbe-de-la-trappe\/","title":{"rendered":"RANC\u00c9 Armand-Jean de M\u00e9ditations sur la r\u00e8gle de..."},"content":{"rendered":"<p><i>Cioranescu, 58107.<\/i><\/p>\n<p>First edition. Fine copy bound for Chancellor Boucherat.<\/p>\n<p>Armand Jean le Bouthillier de Ranc\u00e9 (1626-1700), one of the precursors of the Cistercian order of the Strict Observance, was one of the most outstanding figures of the spirituality of the Great Century. His life was immortalised in Chateaubriand&#8217;s biography, <i>La vie de Ranc\u00e9<\/i>. From his early age he was destined for an ecclesiastical career. He became a canon at the age of eleven and was ordained a priest in 1651 after brilliant studies in Paris with Bossuet, one of his fellow students. His visit to La Trappe in 1660 was a milestone in his career.<\/p>\n<p>Having fallen into ruin, Ranc\u00e9 set about restoring the abbey, which subsequently became an important place for spreading a new approach to Christian meditation. In the<i> Meditations<\/i>, &#8220;the longest section contains Ranc\u00e9&#8217;s meditations on the Preface to the Rule of Benedict. This section, understandably, can be read in some respects as an apology for the austere form of religious life he proposes&#8221; (see Ellen Weaver-Laporte, in: Commentaires sur la r\u00e8gle de St. Beno\u00eet, p. 32).<\/p>\n<p>A very fine copy bearing the arms of Chancellor Louis Boucherat (1616-1699), Count of Compans, and a member of the Paris Parliament.<\/p>\n","protected":false},"excerpt":{"rendered":"<p style=\"text-align:justify\">12mo (166 x 92 mm) 13 nn.ll., 448 pp. Contemporary red morocco, gilt filet on covers, central coat of arms of Louis de Boucherat (OHR, 1262, 3), spine gitlt with raised bands, decorative endpapers, marbled and gilt edges.<\/p>\n","protected":false},"featured_media":80867,"comment_status":"open","ping_status":"closed","template":"","meta":{"_acf_changed":false},"product_brand":[],"product_cat":[530],"product_tag":[1244,1270,1267,1450],"class_list":{"0":"post-80872","1":"product","2":"type-product","3":"status-publish","4":"has-post-thumbnail","6":"product_cat-binding","7":"product_tag-17th-century-literature","8":"product_tag-armoured","9":"product_tag-binding","10":"product_tag-first-edition","11":"pa_auteur-rance-armand-jean-de-2","12":"pa_type-de-livre-printed-book","14":"first","15":"instock","16":"shipping-taxable","17":"purchasable","18":"product-type-simple"},"acf":{"artist":" Armand-Jean de RANC\u00c9","chapeau":"From the library of Louis de Boucherat","adresse_bibliographique":"Paris, Fran\u00e7ois Muguet, 1696","book_type":"Printed book","provenance":"","afficher_prix":""},"yoast_head":"<!-- This site is optimized with the Yoast SEO plugin v24.7 - https:\/\/yoast.com\/wordpress\/plugins\/seo\/ -->\n<title>RANC\u00c9 Armand-Jean de M\u00e9ditations sur la r\u00e8gle de S. Benoist, tir\u00e9es du commentaire de monsieur l&#039;abb\u00e9 de la Trappe. - Libairie Clavreuil<\/title>\n<meta name=\"robots\" content=\"index, follow, max-snippet:-1, max-image-preview:large, max-video-preview:-1\" \/>\n<link rel=\"canonical\" href=\"https:\/\/www.librairieclavreuil.com\/produit\/rance-armand-jean-de-meditations-sur-la-regle-de-s-benoist-tirees-du-commentaire-de-monsieur-labbe-de-la-trappe\/\" \/>\n<meta property=\"og:locale\" content=\"en_US\" \/>\n<meta property=\"og:type\" content=\"article\" \/>\n<meta property=\"og:title\" content=\"RANC\u00c9 Armand-Jean de M\u00e9ditations sur la r\u00e8gle de S. Benoist, tir\u00e9es du commentaire de monsieur l&#039;abb\u00e9 de la Trappe. - Libairie Clavreuil\" \/>\n<meta property=\"og:description\" content=\"12mo (166 x 92 mm) 13 nn.ll., 448 pp. Contemporary red morocco, gilt filet on covers, central coat of arms of Louis de Boucherat (OHR, 1262, 3), spine gitlt with raised bands, decorative endpapers, marbled and gilt edges.\" \/>\n<meta property=\"og:url\" content=\"https:\/\/www.librairieclavreuil.com\/produit\/rance-armand-jean-de-meditations-sur-la-regle-de-s-benoist-tirees-du-commentaire-de-monsieur-labbe-de-la-trappe\/\" \/>\n<meta property=\"og:site_name\" content=\"Libairie Clavreuil\" \/>\n<meta property=\"article:modified_time\" content=\"2024-07-17T14:53:39+00:00\" \/>\n<meta property=\"og:image\" content=\"https:\/\/www.librairieclavreuil.com\/wp-content\/uploads\/2024\/07\/armand-jean-de-rance-meditations-sur-la-regle-de-s-benoist-tirees-du-commentaire-de-monsieur-l-abbe-de-la-trappe-7986-6606a3dc2cf71.jpg\" \/>\n\t<meta property=\"og:image:width\" content=\"441\" \/>\n\t<meta property=\"og:image:height\" content=\"800\" \/>\n\t<meta property=\"og:image:type\" content=\"image\/jpeg\" \/>\n<meta name=\"twitter:card\" content=\"summary_large_image\" \/>\n<meta name=\"twitter:label1\" content=\"Est. reading time\" \/>\n\t<meta name=\"twitter:data1\" content=\"1 minute\" \/>\n<script type=\"application\/ld+json\" class=\"yoast-schema-graph\">{\"@context\":\"https:\/\/schema.org\",\"@graph\":[{\"@type\":\"WebPage\",\"@id\":\"https:\/\/www.librairieclavreuil.com\/produit\/rance-armand-jean-de-meditations-sur-la-regle-de-s-benoist-tirees-du-commentaire-de-monsieur-labbe-de-la-trappe\/\",\"url\":\"https:\/\/www.librairieclavreuil.com\/produit\/rance-armand-jean-de-meditations-sur-la-regle-de-s-benoist-tirees-du-commentaire-de-monsieur-labbe-de-la-trappe\/\",\"name\":\"RANC\u00c9 Armand-Jean de M\u00e9ditations sur la r\u00e8gle de S. Benoist, tir\u00e9es du commentaire de monsieur l'abb\u00e9 de la Trappe. - Libairie Clavreuil\",\"isPartOf\":{\"@id\":\"https:\/\/www.librairieclavreuil.com\/#website\"},\"primaryImageOfPage\":{\"@id\":\"https:\/\/www.librairieclavreuil.com\/produit\/rance-armand-jean-de-meditations-sur-la-regle-de-s-benoist-tirees-du-commentaire-de-monsieur-labbe-de-la-trappe\/#primaryimage\"},\"image\":{\"@id\":\"https:\/\/www.librairieclavreuil.com\/produit\/rance-armand-jean-de-meditations-sur-la-regle-de-s-benoist-tirees-du-commentaire-de-monsieur-labbe-de-la-trappe\/#primaryimage\"},\"thumbnailUrl\":\"https:\/\/www.librairieclavreuil.com\/wp-content\/uploads\/2024\/07\/armand-jean-de-rance-meditations-sur-la-regle-de-s-benoist-tirees-du-commentaire-de-monsieur-l-abbe-de-la-trappe-7986-6606a3dc2cf71.jpg\",\"datePublished\":\"2024-07-17T14:53:25+00:00\",\"dateModified\":\"2024-07-17T14:53:39+00:00\",\"breadcrumb\":{\"@id\":\"https:\/\/www.librairieclavreuil.com\/produit\/rance-armand-jean-de-meditations-sur-la-regle-de-s-benoist-tirees-du-commentaire-de-monsieur-labbe-de-la-trappe\/#breadcrumb\"},\"inLanguage\":\"en-US\",\"potentialAction\":[{\"@type\":\"ReadAction\",\"target\":[\"https:\/\/www.librairieclavreuil.com\/produit\/rance-armand-jean-de-meditations-sur-la-regle-de-s-benoist-tirees-du-commentaire-de-monsieur-labbe-de-la-trappe\/\"]}]},{\"@type\":\"ImageObject\",\"inLanguage\":\"en-US\",\"@id\":\"https:\/\/www.librairieclavreuil.com\/produit\/rance-armand-jean-de-meditations-sur-la-regle-de-s-benoist-tirees-du-commentaire-de-monsieur-labbe-de-la-trappe\/#primaryimage\",\"url\":\"https:\/\/www.librairieclavreuil.com\/wp-content\/uploads\/2024\/07\/armand-jean-de-rance-meditations-sur-la-regle-de-s-benoist-tirees-du-commentaire-de-monsieur-l-abbe-de-la-trappe-7986-6606a3dc2cf71.jpg\",\"contentUrl\":\"https:\/\/www.librairieclavreuil.com\/wp-content\/uploads\/2024\/07\/armand-jean-de-rance-meditations-sur-la-regle-de-s-benoist-tirees-du-commentaire-de-monsieur-l-abbe-de-la-trappe-7986-6606a3dc2cf71.jpg\",\"width\":441,\"height\":800},{\"@type\":\"BreadcrumbList\",\"@id\":\"https:\/\/www.librairieclavreuil.com\/produit\/rance-armand-jean-de-meditations-sur-la-regle-de-s-benoist-tirees-du-commentaire-de-monsieur-labbe-de-la-trappe\/#breadcrumb\",\"itemListElement\":[{\"@type\":\"ListItem\",\"position\":1,\"name\":\"Accueil\",\"item\":\"https:\/\/www.librairieclavreuil.com\/\"},{\"@type\":\"ListItem\",\"position\":2,\"name\":\"All our books\",\"item\":\"https:\/\/www.librairieclavreuil.com\/en\/all-our-books\/\"},{\"@type\":\"ListItem\",\"position\":3,\"name\":\"RANC\u00c9 Armand-Jean de M\u00e9ditations sur la r\u00e8gle de...\"}]},{\"@type\":\"WebSite\",\"@id\":\"https:\/\/www.librairieclavreuil.com\/#website\",\"url\":\"https:\/\/www.librairieclavreuil.com\/\",\"name\":\"Libairie Clavreuil\",\"description\":\"Livres anciens, manuscrits rares et \u00e9ditions originales \u2013 Librairie Clavreuil\",\"publisher\":{\"@id\":\"https:\/\/www.librairieclavreuil.com\/#organization\"},\"potentialAction\":[{\"@type\":\"SearchAction\",\"target\":{\"@type\":\"EntryPoint\",\"urlTemplate\":\"https:\/\/www.librairieclavreuil.com\/?s={search_term_string}\"},\"query-input\":{\"@type\":\"PropertyValueSpecification\",\"valueRequired\":true,\"valueName\":\"search_term_string\"}}],\"inLanguage\":\"en-US\"},{\"@type\":\"Organization\",\"@id\":\"https:\/\/www.librairieclavreuil.com\/#organization\",\"name\":\"Libairie Clavreuil\",\"url\":\"https:\/\/www.librairieclavreuil.com\/\",\"logo\":{\"@type\":\"ImageObject\",\"inLanguage\":\"en-US\",\"@id\":\"https:\/\/www.librairieclavreuil.com\/#\/schema\/logo\/image\/\",\"url\":\"https:\/\/www.librairieclavreuil.com\/wp-content\/uploads\/2021\/06\/cropped-LOGO_PNG_DATE-_gold-512x512-1.png\",\"contentUrl\":\"https:\/\/www.librairieclavreuil.com\/wp-content\/uploads\/2021\/06\/cropped-LOGO_PNG_DATE-_gold-512x512-1.png\",\"width\":512,\"height\":512,\"caption\":\"Libairie Clavreuil\"},\"image\":{\"@id\":\"https:\/\/www.librairieclavreuil.com\/#\/schema\/logo\/image\/\"},\"sameAs\":[\"https:\/\/www.instagram.com\/librairieclavreuil\/\"]}]}<\/script>\n<!-- \/ Yoast SEO plugin. -->","yoast_head_json":{"title":"RANC\u00c9 Armand-Jean de M\u00e9ditations sur la r\u00e8gle de S. Benoist, tir\u00e9es du commentaire de monsieur l'abb\u00e9 de la Trappe. - Libairie Clavreuil","robots":{"index":"index","follow":"follow","max-snippet":"max-snippet:-1","max-image-preview":"max-image-preview:large","max-video-preview":"max-video-preview:-1"},"canonical":"https:\/\/www.librairieclavreuil.com\/produit\/rance-armand-jean-de-meditations-sur-la-regle-de-s-benoist-tirees-du-commentaire-de-monsieur-labbe-de-la-trappe\/","og_locale":"en_US","og_type":"article","og_title":"RANC\u00c9 Armand-Jean de M\u00e9ditations sur la r\u00e8gle de S. Benoist, tir\u00e9es du commentaire de monsieur l'abb\u00e9 de la Trappe. - Libairie Clavreuil","og_description":"12mo (166 x 92 mm) 13 nn.ll., 448 pp. Contemporary red morocco, gilt filet on covers, central coat of arms of Louis de Boucherat (OHR, 1262, 3), spine gitlt with raised bands, decorative endpapers, marbled and gilt edges.","og_url":"https:\/\/www.librairieclavreuil.com\/produit\/rance-armand-jean-de-meditations-sur-la-regle-de-s-benoist-tirees-du-commentaire-de-monsieur-labbe-de-la-trappe\/","og_site_name":"Libairie Clavreuil","article_modified_time":"2024-07-17T14:53:39+00:00","og_image":[{"width":441,"height":800,"url":"https:\/\/www.librairieclavreuil.com\/wp-content\/uploads\/2024\/07\/armand-jean-de-rance-meditations-sur-la-regle-de-s-benoist-tirees-du-commentaire-de-monsieur-l-abbe-de-la-trappe-7986-6606a3dc2cf71.jpg","type":"image\/jpeg"}],"twitter_card":"summary_large_image","twitter_misc":{"Est. reading time":"1 minute"},"schema":{"@context":"https:\/\/schema.org","@graph":[{"@type":"WebPage","@id":"https:\/\/www.librairieclavreuil.com\/produit\/rance-armand-jean-de-meditations-sur-la-regle-de-s-benoist-tirees-du-commentaire-de-monsieur-labbe-de-la-trappe\/","url":"https:\/\/www.librairieclavreuil.com\/produit\/rance-armand-jean-de-meditations-sur-la-regle-de-s-benoist-tirees-du-commentaire-de-monsieur-labbe-de-la-trappe\/","name":"RANC\u00c9 Armand-Jean de M\u00e9ditations sur la r\u00e8gle de S. Benoist, tir\u00e9es du commentaire de monsieur l'abb\u00e9 de la Trappe. - Libairie Clavreuil","isPartOf":{"@id":"https:\/\/www.librairieclavreuil.com\/#website"},"primaryImageOfPage":{"@id":"https:\/\/www.librairieclavreuil.com\/produit\/rance-armand-jean-de-meditations-sur-la-regle-de-s-benoist-tirees-du-commentaire-de-monsieur-labbe-de-la-trappe\/#primaryimage"},"image":{"@id":"https:\/\/www.librairieclavreuil.com\/produit\/rance-armand-jean-de-meditations-sur-la-regle-de-s-benoist-tirees-du-commentaire-de-monsieur-labbe-de-la-trappe\/#primaryimage"},"thumbnailUrl":"https:\/\/www.librairieclavreuil.com\/wp-content\/uploads\/2024\/07\/armand-jean-de-rance-meditations-sur-la-regle-de-s-benoist-tirees-du-commentaire-de-monsieur-l-abbe-de-la-trappe-7986-6606a3dc2cf71.jpg","datePublished":"2024-07-17T14:53:25+00:00","dateModified":"2024-07-17T14:53:39+00:00","breadcrumb":{"@id":"https:\/\/www.librairieclavreuil.com\/produit\/rance-armand-jean-de-meditations-sur-la-regle-de-s-benoist-tirees-du-commentaire-de-monsieur-labbe-de-la-trappe\/#breadcrumb"},"inLanguage":"en-US","potentialAction":[{"@type":"ReadAction","target":["https:\/\/www.librairieclavreuil.com\/produit\/rance-armand-jean-de-meditations-sur-la-regle-de-s-benoist-tirees-du-commentaire-de-monsieur-labbe-de-la-trappe\/"]}]},{"@type":"ImageObject","inLanguage":"en-US","@id":"https:\/\/www.librairieclavreuil.com\/produit\/rance-armand-jean-de-meditations-sur-la-regle-de-s-benoist-tirees-du-commentaire-de-monsieur-labbe-de-la-trappe\/#primaryimage","url":"https:\/\/www.librairieclavreuil.com\/wp-content\/uploads\/2024\/07\/armand-jean-de-rance-meditations-sur-la-regle-de-s-benoist-tirees-du-commentaire-de-monsieur-l-abbe-de-la-trappe-7986-6606a3dc2cf71.jpg","contentUrl":"https:\/\/www.librairieclavreuil.com\/wp-content\/uploads\/2024\/07\/armand-jean-de-rance-meditations-sur-la-regle-de-s-benoist-tirees-du-commentaire-de-monsieur-l-abbe-de-la-trappe-7986-6606a3dc2cf71.jpg","width":441,"height":800},{"@type":"BreadcrumbList","@id":"https:\/\/www.librairieclavreuil.com\/produit\/rance-armand-jean-de-meditations-sur-la-regle-de-s-benoist-tirees-du-commentaire-de-monsieur-labbe-de-la-trappe\/#breadcrumb","itemListElement":[{"@type":"ListItem","position":1,"name":"Accueil","item":"https:\/\/www.librairieclavreuil.com\/"},{"@type":"ListItem","position":2,"name":"All our books","item":"https:\/\/www.librairieclavreuil.com\/en\/all-our-books\/"},{"@type":"ListItem","position":3,"name":"RANC\u00c9 Armand-Jean de M\u00e9ditations sur la r\u00e8gle de..."}]},{"@type":"WebSite","@id":"https:\/\/www.librairieclavreuil.com\/#website","url":"https:\/\/www.librairieclavreuil.com\/","name":"Libairie Clavreuil","description":"Livres anciens, manuscrits rares et \u00e9ditions originales \u2013 Librairie Clavreuil","publisher":{"@id":"https:\/\/www.librairieclavreuil.com\/#organization"},"potentialAction":[{"@type":"SearchAction","target":{"@type":"EntryPoint","urlTemplate":"https:\/\/www.librairieclavreuil.com\/?s={search_term_string}"},"query-input":{"@type":"PropertyValueSpecification","valueRequired":true,"valueName":"search_term_string"}}],"inLanguage":"en-US"},{"@type":"Organization","@id":"https:\/\/www.librairieclavreuil.com\/#organization","name":"Libairie Clavreuil","url":"https:\/\/www.librairieclavreuil.com\/","logo":{"@type":"ImageObject","inLanguage":"en-US","@id":"https:\/\/www.librairieclavreuil.com\/#\/schema\/logo\/image\/","url":"https:\/\/www.librairieclavreuil.com\/wp-content\/uploads\/2021\/06\/cropped-LOGO_PNG_DATE-_gold-512x512-1.png","contentUrl":"https:\/\/www.librairieclavreuil.com\/wp-content\/uploads\/2021\/06\/cropped-LOGO_PNG_DATE-_gold-512x512-1.png","width":512,"height":512,"caption":"Libairie Clavreuil"},"image":{"@id":"https:\/\/www.librairieclavreuil.com\/#\/schema\/logo\/image\/"},"sameAs":["https:\/\/www.instagram.com\/librairieclavreuil\/"]}]}},"jetpack_sharing_enabled":true,"_links":{"self":[{"href":"https:\/\/www.librairieclavreuil.com\/en\/wp-json\/wp\/v2\/product\/80872","targetHints":{"allow":["GET"]}}],"collection":[{"href":"https:\/\/www.librairieclavreuil.com\/en\/wp-json\/wp\/v2\/product"}],"about":[{"href":"https:\/\/www.librairieclavreuil.com\/en\/wp-json\/wp\/v2\/types\/product"}],"replies":[{"embeddable":true,"href":"https:\/\/www.librairieclavreuil.com\/en\/wp-json\/wp\/v2\/comments?post=80872"}],"wp:featuredmedia":[{"embeddable":true,"href":"https:\/\/www.librairieclavreuil.com\/en\/wp-json\/wp\/v2\/media\/80867"}],"wp:attachment":[{"href":"https:\/\/www.librairieclavreuil.com\/en\/wp-json\/wp\/v2\/media?parent=80872"}],"wp:term":[{"taxonomy":"product_brand","embeddable":true,"href":"https:\/\/www.librairieclavreuil.com\/en\/wp-json\/wp\/v2\/product_brand?post=80872"},{"taxonomy":"product_cat","embeddable":true,"href":"https:\/\/www.librairieclavreuil.com\/en\/wp-json\/wp\/v2\/product_cat?post=80872"},{"taxonomy":"product_tag","embeddable":true,"href":"https:\/\/www.librairieclavreuil.com\/en\/wp-json\/wp\/v2\/product_tag?post=80872"}],"curies":[{"name":"wp","href":"https:\/\/api.w.org\/{rel}","templated":true}]}}