{"id":80793,"date":"2024-07-17T16:03:47","date_gmt":"2024-07-17T14:03:47","guid":{"rendered":"https:\/\/www.librairieclavreuil.com\/saint-martin-jean-legypte-sous-les-pharaons-ou-recherches-sur-la-geographie-la-religion-la-langue-les-ecritures-et-lhistoire-de-legypte-avant-linvasion-de-cambyse-par-champollion-jeune\/"},"modified":"2024-07-17T16:04:01","modified_gmt":"2024-07-17T14:04:01","slug":"saint-martin-jean-legypte-sous-les-pharaons-ou-recherches-sur-la-geographie-la-religion-la-langue-les-ecritures-et-lhistoire-de-legypte-avant-linvasion-de-cambyse-par-champollion-jeune","status":"publish","type":"product","link":"https:\/\/www.librairieclavreuil.com\/en\/saint-martin-jean-legypte-sous-les-pharaons-ou-recherches-sur-la-geographie-la-religion-la-langue-les-ecritures-et-lhistoire-de-legypte-avant-linvasion-de-cambyse-par-champollion-jeune\/","title":{"rendered":"SAINT-MARTIN Jean L&#8217;\u00c9gypte sous les Pharaons. Ou recherches..."},"content":{"rendered":"<p style=\"text-align:justify\">Off-print from: le<i> Moniteur<\/i>, number 211.<\/p>\n<p style=\"text-align:justify\">Critical litterary note by Antoine-Jean Saint-Martin (1791-1832), famous orientalist and one of the pioneers of Armenian studies in France. He died during the Cholera epidemic in July 1832. The orientalist praises young Champollion&#8217;s excellent work on Ancient Egypt.<\/p>\n<p style=\"text-align:justify\">&#8220;[Les] savans n&#8217;ont pas, \u00e0 beaucoup pr\u00e8s, fix\u00e9 l&#8217;opinion des gens instruits, sur ce qu&#8217;\u00e9tait l&#8217;Egypte aux jours de sa splendeur. M. Champollion jeune, professeur adjoint d&#8217;histoire \u00e0 l&#8217;Acad\u00e9mie de Grenoble, ose entreprendre cette t\u00e2che difficile ; la grandeur et les difficult\u00e9s du sujets n&#8217;arr\u00eatent pas son z\u00e8le : une connaissance profonde des langues copte et grecque; celle des langues h\u00e9bra\u00efques et arabe, qui le mettent \u00e0 la port\u00e9e de pouvoir se servir des renseignements que les \u00e9crivains sacr\u00e9s et autres donnent sur l&#8217;Egypte ; celle des monumens \u00e9crits que l&#8217;Egypte nous a laiss\u00e9s, nous assurent en quelque sorte d&#8217;un ouvrage solide&#8230; Outre l&#8217;exactitude des recherches qui distingue \u00e9minemment son ouvrage, l&#8217;auteur a encore eu la pr\u00e9caution de soigner son style&#8221;.<\/p>\n<p style=\"text-align:justify\">Provenance : Encyclop\u00e9die Benedictine (stamp).<\/p>\n","protected":false},"excerpt":{"rendered":"<p style=\"text-align:justify\">8vo (188 x 119 mm) 7 pp. Disbound.<\/p>\n","protected":false},"featured_media":80790,"comment_status":"open","ping_status":"closed","template":"","meta":{"_acf_changed":false},"product_brand":[],"product_cat":[552],"product_tag":[1355],"class_list":{"0":"post-80793","1":"product","2":"type-product","3":"status-publish","4":"has-post-thumbnail","6":"product_cat-travel","7":"product_tag-egypt-ethiopia","8":"pa_auteur-saint-martin-jean-2","9":"pa_type-de-livre-printed-book","11":"first","12":"instock","13":"shipping-taxable","14":"purchasable","15":"product-type-simple"},"acf":{"artist":"Jean SAINT-MARTIN","chapeau":"","adresse_bibliographique":"Paris, le Moniteur, 1811","book_type":"Printed book","provenance":"","afficher_prix":""},"yoast_head":"<!-- This site is optimized with the Yoast SEO plugin v24.7 - https:\/\/yoast.com\/wordpress\/plugins\/seo\/ -->\n<title>SAINT-MARTIN Jean L&#039;\u00c9gypte sous les Pharaons. Ou recherches sur la g\u00e9ographie, la religion, la langue, les \u00e9critures et l&#039;histoire de l&#039;Egypte avant l&#039;invasion de Cambyse. Par Champollion (jeune)... - Libairie Clavreuil<\/title>\n<meta name=\"robots\" content=\"index, follow, max-snippet:-1, max-image-preview:large, max-video-preview:-1\" \/>\n<link rel=\"canonical\" href=\"https:\/\/www.librairieclavreuil.com\/produit\/saint-martin-jean-legypte-sous-les-pharaons-ou-recherches-sur-la-geographie-la-religion-la-langue-les-ecritures-et-lhistoire-de-legypte-avant-linvasion-de-cambyse-par-champollion-jeune\/\" \/>\n<meta property=\"og:locale\" content=\"en_US\" \/>\n<meta property=\"og:type\" content=\"article\" \/>\n<meta property=\"og:title\" content=\"SAINT-MARTIN Jean L&#039;\u00c9gypte sous les Pharaons. Ou recherches sur la g\u00e9ographie, la religion, la langue, les \u00e9critures et l&#039;histoire de l&#039;Egypte avant l&#039;invasion de Cambyse. Par Champollion (jeune)... - Libairie Clavreuil\" \/>\n<meta property=\"og:description\" content=\"8vo (188 x 119 mm) 7 pp. Disbound.\" \/>\n<meta property=\"og:url\" content=\"https:\/\/www.librairieclavreuil.com\/produit\/saint-martin-jean-legypte-sous-les-pharaons-ou-recherches-sur-la-geographie-la-religion-la-langue-les-ecritures-et-lhistoire-de-legypte-avant-linvasion-de-cambyse-par-champollion-jeune\/\" \/>\n<meta property=\"og:site_name\" content=\"Libairie Clavreuil\" \/>\n<meta property=\"article:modified_time\" content=\"2024-07-17T14:04:01+00:00\" \/>\n<meta property=\"og:image\" content=\"https:\/\/www.librairieclavreuil.com\/wp-content\/uploads\/2024\/07\/louis-claude-de-saint-martin-l-egypte-sous-les-pharaons-ou-recherches-sur-la-geographie-la-religion-la-langue-les-ecritures-et-l-histoire-de-l-egypte-.jpg\" \/>\n\t<meta property=\"og:image:width\" content=\"503\" \/>\n\t<meta property=\"og:image:height\" content=\"800\" \/>\n\t<meta property=\"og:image:type\" content=\"image\/jpeg\" \/>\n<meta name=\"twitter:card\" content=\"summary_large_image\" \/>\n<meta name=\"twitter:label1\" content=\"Est. reading time\" \/>\n\t<meta name=\"twitter:data1\" content=\"1 minute\" \/>\n<script type=\"application\/ld+json\" class=\"yoast-schema-graph\">{\"@context\":\"https:\/\/schema.org\",\"@graph\":[{\"@type\":\"WebPage\",\"@id\":\"https:\/\/www.librairieclavreuil.com\/produit\/saint-martin-jean-legypte-sous-les-pharaons-ou-recherches-sur-la-geographie-la-religion-la-langue-les-ecritures-et-lhistoire-de-legypte-avant-linvasion-de-cambyse-par-champollion-jeune\/\",\"url\":\"https:\/\/www.librairieclavreuil.com\/produit\/saint-martin-jean-legypte-sous-les-pharaons-ou-recherches-sur-la-geographie-la-religion-la-langue-les-ecritures-et-lhistoire-de-legypte-avant-linvasion-de-cambyse-par-champollion-jeune\/\",\"name\":\"SAINT-MARTIN Jean L'\u00c9gypte sous les Pharaons. Ou recherches sur la g\u00e9ographie, la religion, la langue, les \u00e9critures et l'histoire de l'Egypte avant l'invasion de Cambyse. Par Champollion (jeune)... - Libairie Clavreuil\",\"isPartOf\":{\"@id\":\"https:\/\/www.librairieclavreuil.com\/#website\"},\"primaryImageOfPage\":{\"@id\":\"https:\/\/www.librairieclavreuil.com\/produit\/saint-martin-jean-legypte-sous-les-pharaons-ou-recherches-sur-la-geographie-la-religion-la-langue-les-ecritures-et-lhistoire-de-legypte-avant-linvasion-de-cambyse-par-champollion-jeune\/#primaryimage\"},\"image\":{\"@id\":\"https:\/\/www.librairieclavreuil.com\/produit\/saint-martin-jean-legypte-sous-les-pharaons-ou-recherches-sur-la-geographie-la-religion-la-langue-les-ecritures-et-lhistoire-de-legypte-avant-linvasion-de-cambyse-par-champollion-jeune\/#primaryimage\"},\"thumbnailUrl\":\"https:\/\/www.librairieclavreuil.com\/wp-content\/uploads\/2024\/07\/louis-claude-de-saint-martin-l-egypte-sous-les-pharaons-ou-recherches-sur-la-geographie-la-religion-la-langue-les-ecritures-et-l-histoire-de-l-egypte-.jpg\",\"datePublished\":\"2024-07-17T14:03:47+00:00\",\"dateModified\":\"2024-07-17T14:04:01+00:00\",\"breadcrumb\":{\"@id\":\"https:\/\/www.librairieclavreuil.com\/produit\/saint-martin-jean-legypte-sous-les-pharaons-ou-recherches-sur-la-geographie-la-religion-la-langue-les-ecritures-et-lhistoire-de-legypte-avant-linvasion-de-cambyse-par-champollion-jeune\/#breadcrumb\"},\"inLanguage\":\"en-US\",\"potentialAction\":[{\"@type\":\"ReadAction\",\"target\":[\"https:\/\/www.librairieclavreuil.com\/produit\/saint-martin-jean-legypte-sous-les-pharaons-ou-recherches-sur-la-geographie-la-religion-la-langue-les-ecritures-et-lhistoire-de-legypte-avant-linvasion-de-cambyse-par-champollion-jeune\/\"]}]},{\"@type\":\"ImageObject\",\"inLanguage\":\"en-US\",\"@id\":\"https:\/\/www.librairieclavreuil.com\/produit\/saint-martin-jean-legypte-sous-les-pharaons-ou-recherches-sur-la-geographie-la-religion-la-langue-les-ecritures-et-lhistoire-de-legypte-avant-linvasion-de-cambyse-par-champollion-jeune\/#primaryimage\",\"url\":\"https:\/\/www.librairieclavreuil.com\/wp-content\/uploads\/2024\/07\/louis-claude-de-saint-martin-l-egypte-sous-les-pharaons-ou-recherches-sur-la-geographie-la-religion-la-langue-les-ecritures-et-l-histoire-de-l-egypte-.jpg\",\"contentUrl\":\"https:\/\/www.librairieclavreuil.com\/wp-content\/uploads\/2024\/07\/louis-claude-de-saint-martin-l-egypte-sous-les-pharaons-ou-recherches-sur-la-geographie-la-religion-la-langue-les-ecritures-et-l-histoire-de-l-egypte-.jpg\",\"width\":503,\"height\":800},{\"@type\":\"BreadcrumbList\",\"@id\":\"https:\/\/www.librairieclavreuil.com\/produit\/saint-martin-jean-legypte-sous-les-pharaons-ou-recherches-sur-la-geographie-la-religion-la-langue-les-ecritures-et-lhistoire-de-legypte-avant-linvasion-de-cambyse-par-champollion-jeune\/#breadcrumb\",\"itemListElement\":[{\"@type\":\"ListItem\",\"position\":1,\"name\":\"Accueil\",\"item\":\"https:\/\/www.librairieclavreuil.com\/\"},{\"@type\":\"ListItem\",\"position\":2,\"name\":\"All our books\",\"item\":\"https:\/\/www.librairieclavreuil.com\/en\/all-our-books\/\"},{\"@type\":\"ListItem\",\"position\":3,\"name\":\"SAINT-MARTIN Jean L&rsquo;\u00c9gypte sous les Pharaons. Ou recherches...\"}]},{\"@type\":\"WebSite\",\"@id\":\"https:\/\/www.librairieclavreuil.com\/#website\",\"url\":\"https:\/\/www.librairieclavreuil.com\/\",\"name\":\"Libairie Clavreuil\",\"description\":\"Livres anciens, manuscrits rares et \u00e9ditions originales \u2013 Librairie Clavreuil\",\"publisher\":{\"@id\":\"https:\/\/www.librairieclavreuil.com\/#organization\"},\"potentialAction\":[{\"@type\":\"SearchAction\",\"target\":{\"@type\":\"EntryPoint\",\"urlTemplate\":\"https:\/\/www.librairieclavreuil.com\/?s={search_term_string}\"},\"query-input\":{\"@type\":\"PropertyValueSpecification\",\"valueRequired\":true,\"valueName\":\"search_term_string\"}}],\"inLanguage\":\"en-US\"},{\"@type\":\"Organization\",\"@id\":\"https:\/\/www.librairieclavreuil.com\/#organization\",\"name\":\"Libairie Clavreuil\",\"url\":\"https:\/\/www.librairieclavreuil.com\/\",\"logo\":{\"@type\":\"ImageObject\",\"inLanguage\":\"en-US\",\"@id\":\"https:\/\/www.librairieclavreuil.com\/#\/schema\/logo\/image\/\",\"url\":\"https:\/\/www.librairieclavreuil.com\/wp-content\/uploads\/2021\/06\/cropped-LOGO_PNG_DATE-_gold-512x512-1.png\",\"contentUrl\":\"https:\/\/www.librairieclavreuil.com\/wp-content\/uploads\/2021\/06\/cropped-LOGO_PNG_DATE-_gold-512x512-1.png\",\"width\":512,\"height\":512,\"caption\":\"Libairie Clavreuil\"},\"image\":{\"@id\":\"https:\/\/www.librairieclavreuil.com\/#\/schema\/logo\/image\/\"},\"sameAs\":[\"https:\/\/www.instagram.com\/librairieclavreuil\/\"]}]}<\/script>\n<!-- \/ Yoast SEO plugin. -->","yoast_head_json":{"title":"SAINT-MARTIN Jean L'\u00c9gypte sous les Pharaons. Ou recherches sur la g\u00e9ographie, la religion, la langue, les \u00e9critures et l'histoire de l'Egypte avant l'invasion de Cambyse. Par Champollion (jeune)... - Libairie Clavreuil","robots":{"index":"index","follow":"follow","max-snippet":"max-snippet:-1","max-image-preview":"max-image-preview:large","max-video-preview":"max-video-preview:-1"},"canonical":"https:\/\/www.librairieclavreuil.com\/produit\/saint-martin-jean-legypte-sous-les-pharaons-ou-recherches-sur-la-geographie-la-religion-la-langue-les-ecritures-et-lhistoire-de-legypte-avant-linvasion-de-cambyse-par-champollion-jeune\/","og_locale":"en_US","og_type":"article","og_title":"SAINT-MARTIN Jean L'\u00c9gypte sous les Pharaons. Ou recherches sur la g\u00e9ographie, la religion, la langue, les \u00e9critures et l'histoire de l'Egypte avant l'invasion de Cambyse. Par Champollion (jeune)... - Libairie Clavreuil","og_description":"8vo (188 x 119 mm) 7 pp. Disbound.","og_url":"https:\/\/www.librairieclavreuil.com\/produit\/saint-martin-jean-legypte-sous-les-pharaons-ou-recherches-sur-la-geographie-la-religion-la-langue-les-ecritures-et-lhistoire-de-legypte-avant-linvasion-de-cambyse-par-champollion-jeune\/","og_site_name":"Libairie Clavreuil","article_modified_time":"2024-07-17T14:04:01+00:00","og_image":[{"width":503,"height":800,"url":"https:\/\/www.librairieclavreuil.com\/wp-content\/uploads\/2024\/07\/louis-claude-de-saint-martin-l-egypte-sous-les-pharaons-ou-recherches-sur-la-geographie-la-religion-la-langue-les-ecritures-et-l-histoire-de-l-egypte-.jpg","type":"image\/jpeg"}],"twitter_card":"summary_large_image","twitter_misc":{"Est. reading time":"1 minute"},"schema":{"@context":"https:\/\/schema.org","@graph":[{"@type":"WebPage","@id":"https:\/\/www.librairieclavreuil.com\/produit\/saint-martin-jean-legypte-sous-les-pharaons-ou-recherches-sur-la-geographie-la-religion-la-langue-les-ecritures-et-lhistoire-de-legypte-avant-linvasion-de-cambyse-par-champollion-jeune\/","url":"https:\/\/www.librairieclavreuil.com\/produit\/saint-martin-jean-legypte-sous-les-pharaons-ou-recherches-sur-la-geographie-la-religion-la-langue-les-ecritures-et-lhistoire-de-legypte-avant-linvasion-de-cambyse-par-champollion-jeune\/","name":"SAINT-MARTIN Jean L'\u00c9gypte sous les Pharaons. Ou recherches sur la g\u00e9ographie, la religion, la langue, les \u00e9critures et l'histoire de l'Egypte avant l'invasion de Cambyse. Par Champollion (jeune)... - Libairie Clavreuil","isPartOf":{"@id":"https:\/\/www.librairieclavreuil.com\/#website"},"primaryImageOfPage":{"@id":"https:\/\/www.librairieclavreuil.com\/produit\/saint-martin-jean-legypte-sous-les-pharaons-ou-recherches-sur-la-geographie-la-religion-la-langue-les-ecritures-et-lhistoire-de-legypte-avant-linvasion-de-cambyse-par-champollion-jeune\/#primaryimage"},"image":{"@id":"https:\/\/www.librairieclavreuil.com\/produit\/saint-martin-jean-legypte-sous-les-pharaons-ou-recherches-sur-la-geographie-la-religion-la-langue-les-ecritures-et-lhistoire-de-legypte-avant-linvasion-de-cambyse-par-champollion-jeune\/#primaryimage"},"thumbnailUrl":"https:\/\/www.librairieclavreuil.com\/wp-content\/uploads\/2024\/07\/louis-claude-de-saint-martin-l-egypte-sous-les-pharaons-ou-recherches-sur-la-geographie-la-religion-la-langue-les-ecritures-et-l-histoire-de-l-egypte-.jpg","datePublished":"2024-07-17T14:03:47+00:00","dateModified":"2024-07-17T14:04:01+00:00","breadcrumb":{"@id":"https:\/\/www.librairieclavreuil.com\/produit\/saint-martin-jean-legypte-sous-les-pharaons-ou-recherches-sur-la-geographie-la-religion-la-langue-les-ecritures-et-lhistoire-de-legypte-avant-linvasion-de-cambyse-par-champollion-jeune\/#breadcrumb"},"inLanguage":"en-US","potentialAction":[{"@type":"ReadAction","target":["https:\/\/www.librairieclavreuil.com\/produit\/saint-martin-jean-legypte-sous-les-pharaons-ou-recherches-sur-la-geographie-la-religion-la-langue-les-ecritures-et-lhistoire-de-legypte-avant-linvasion-de-cambyse-par-champollion-jeune\/"]}]},{"@type":"ImageObject","inLanguage":"en-US","@id":"https:\/\/www.librairieclavreuil.com\/produit\/saint-martin-jean-legypte-sous-les-pharaons-ou-recherches-sur-la-geographie-la-religion-la-langue-les-ecritures-et-lhistoire-de-legypte-avant-linvasion-de-cambyse-par-champollion-jeune\/#primaryimage","url":"https:\/\/www.librairieclavreuil.com\/wp-content\/uploads\/2024\/07\/louis-claude-de-saint-martin-l-egypte-sous-les-pharaons-ou-recherches-sur-la-geographie-la-religion-la-langue-les-ecritures-et-l-histoire-de-l-egypte-.jpg","contentUrl":"https:\/\/www.librairieclavreuil.com\/wp-content\/uploads\/2024\/07\/louis-claude-de-saint-martin-l-egypte-sous-les-pharaons-ou-recherches-sur-la-geographie-la-religion-la-langue-les-ecritures-et-l-histoire-de-l-egypte-.jpg","width":503,"height":800},{"@type":"BreadcrumbList","@id":"https:\/\/www.librairieclavreuil.com\/produit\/saint-martin-jean-legypte-sous-les-pharaons-ou-recherches-sur-la-geographie-la-religion-la-langue-les-ecritures-et-lhistoire-de-legypte-avant-linvasion-de-cambyse-par-champollion-jeune\/#breadcrumb","itemListElement":[{"@type":"ListItem","position":1,"name":"Accueil","item":"https:\/\/www.librairieclavreuil.com\/"},{"@type":"ListItem","position":2,"name":"All our books","item":"https:\/\/www.librairieclavreuil.com\/en\/all-our-books\/"},{"@type":"ListItem","position":3,"name":"SAINT-MARTIN Jean L&rsquo;\u00c9gypte sous les Pharaons. Ou recherches..."}]},{"@type":"WebSite","@id":"https:\/\/www.librairieclavreuil.com\/#website","url":"https:\/\/www.librairieclavreuil.com\/","name":"Libairie Clavreuil","description":"Livres anciens, manuscrits rares et \u00e9ditions originales \u2013 Librairie Clavreuil","publisher":{"@id":"https:\/\/www.librairieclavreuil.com\/#organization"},"potentialAction":[{"@type":"SearchAction","target":{"@type":"EntryPoint","urlTemplate":"https:\/\/www.librairieclavreuil.com\/?s={search_term_string}"},"query-input":{"@type":"PropertyValueSpecification","valueRequired":true,"valueName":"search_term_string"}}],"inLanguage":"en-US"},{"@type":"Organization","@id":"https:\/\/www.librairieclavreuil.com\/#organization","name":"Libairie Clavreuil","url":"https:\/\/www.librairieclavreuil.com\/","logo":{"@type":"ImageObject","inLanguage":"en-US","@id":"https:\/\/www.librairieclavreuil.com\/#\/schema\/logo\/image\/","url":"https:\/\/www.librairieclavreuil.com\/wp-content\/uploads\/2021\/06\/cropped-LOGO_PNG_DATE-_gold-512x512-1.png","contentUrl":"https:\/\/www.librairieclavreuil.com\/wp-content\/uploads\/2021\/06\/cropped-LOGO_PNG_DATE-_gold-512x512-1.png","width":512,"height":512,"caption":"Libairie Clavreuil"},"image":{"@id":"https:\/\/www.librairieclavreuil.com\/#\/schema\/logo\/image\/"},"sameAs":["https:\/\/www.instagram.com\/librairieclavreuil\/"]}]}},"jetpack_sharing_enabled":true,"_links":{"self":[{"href":"https:\/\/www.librairieclavreuil.com\/en\/wp-json\/wp\/v2\/product\/80793","targetHints":{"allow":["GET"]}}],"collection":[{"href":"https:\/\/www.librairieclavreuil.com\/en\/wp-json\/wp\/v2\/product"}],"about":[{"href":"https:\/\/www.librairieclavreuil.com\/en\/wp-json\/wp\/v2\/types\/product"}],"replies":[{"embeddable":true,"href":"https:\/\/www.librairieclavreuil.com\/en\/wp-json\/wp\/v2\/comments?post=80793"}],"wp:featuredmedia":[{"embeddable":true,"href":"https:\/\/www.librairieclavreuil.com\/en\/wp-json\/wp\/v2\/media\/80790"}],"wp:attachment":[{"href":"https:\/\/www.librairieclavreuil.com\/en\/wp-json\/wp\/v2\/media?parent=80793"}],"wp:term":[{"taxonomy":"product_brand","embeddable":true,"href":"https:\/\/www.librairieclavreuil.com\/en\/wp-json\/wp\/v2\/product_brand?post=80793"},{"taxonomy":"product_cat","embeddable":true,"href":"https:\/\/www.librairieclavreuil.com\/en\/wp-json\/wp\/v2\/product_cat?post=80793"},{"taxonomy":"product_tag","embeddable":true,"href":"https:\/\/www.librairieclavreuil.com\/en\/wp-json\/wp\/v2\/product_tag?post=80793"}],"curies":[{"name":"wp","href":"https:\/\/api.w.org\/{rel}","templated":true}]}}