{"id":80774,"date":"2024-07-17T15:46:13","date_gmt":"2024-07-17T13:46:13","guid":{"rendered":"https:\/\/www.librairieclavreuil.com\/menard-louis-les-oeuvres-dediees-a-monseigneur-le-marquis-dancre\/"},"modified":"2024-07-17T15:46:28","modified_gmt":"2024-07-17T13:46:28","slug":"menard-louis-les-oeuvres-dediees-a-monseigneur-le-marquis-dancre","status":"publish","type":"product","link":"https:\/\/www.librairieclavreuil.com\/en\/menard-louis-les-oeuvres-dediees-a-monseigneur-le-marquis-dancre\/","title":{"rendered":"MENARD Louis Les \u0152uvres. D\u00e9di\u00e9es \u00e0 Monseigneur le..."},"content":{"rendered":"<p style=\"text-align:justify\"><i>Cioranescu, 46906; Soleinne, 955 (Pastorale only).<\/i><\/p>\n<p style=\"text-align:justify\">Extremely rare edition.&nbsp;<\/p>\n<p style=\"text-align:justify\">Although Lach\u00e8vre mentions this author, he did not own this edition. Two homonymous authors from the same period are known &#8211; Fran\u00e7ois Maynard and Fran\u00e7ois M\u00e9nard. Grente and Lach\u00e8vre note for Fran\u00e7ois M\u00e9nard: &#8220;Avocat au parlement de Toulouse, auteur d&#8217;une pi\u00e8ce intitul\u00e9e &#8216;Pastorale'&#8221;. Grente adds that &#8220;Lach\u00e8vre gives [M\u00e9nard] as the author of the Philandre poem which was thought to be by the poet Maynard&#8221;.<\/p>\n<p style=\"text-align:justify\">The collection consists of 6 main chapters, including sonnets, stanzas, odes, elegies, a pastorale and spiritual verses. The <i>Pastorale<\/i>, the most important individual piece in this collection, occupies pages 169 to 237: &#8220;This piece [the Pastorale], taken from the extremely rare volume <i>Oeuvres <\/i>de Fran\u00e7ois M\u00e9nard, is dedicated to the mar\u00e9chal d&#8217;Ancre&#8221; (see Soleinne).<\/p>\n<p style=\"text-align:justify\">A very fine copy, well preserved in its first binding.<\/p>\n","protected":false},"excerpt":{"rendered":"<p>12mo (142 x 85 mm) title, 254 pp., 1 nn.l. (privilege). Contemporary flexible vellum, flat spine, traces of laces (slightly wharped).<\/p>\n","protected":false},"featured_media":80769,"comment_status":"open","ping_status":"closed","template":"","meta":{"_acf_changed":false},"product_brand":[],"product_cat":[544],"product_tag":[1244],"class_list":{"0":"post-80774","1":"product","2":"type-product","3":"status-publish","4":"has-post-thumbnail","6":"product_cat-literature","7":"product_tag-17th-century-literature","8":"pa_auteur-menard-louis-2","9":"pa_type-de-livre-printed-book","11":"first","12":"instock","13":"shipping-taxable","14":"purchasable","15":"product-type-simple"},"acf":{"artist":" Louis MENARD","chapeau":"","adresse_bibliographique":"Paris, Fran\u00e7ois Jacquin, 1613","book_type":"Printed book","provenance":"","afficher_prix":""},"yoast_head":"<!-- This site is optimized with the Yoast SEO plugin v24.7 - https:\/\/yoast.com\/wordpress\/plugins\/seo\/ -->\n<title>MENARD Louis Les \u0152uvres. D\u00e9di\u00e9es \u00e0 Monseigneur le marquis d&#039;Ancre. - Libairie Clavreuil<\/title>\n<meta name=\"robots\" content=\"index, follow, max-snippet:-1, max-image-preview:large, max-video-preview:-1\" \/>\n<link rel=\"canonical\" href=\"https:\/\/www.librairieclavreuil.com\/produit\/menard-louis-les-oeuvres-dediees-a-monseigneur-le-marquis-dancre\/\" \/>\n<meta property=\"og:locale\" content=\"en_US\" \/>\n<meta property=\"og:type\" content=\"article\" \/>\n<meta property=\"og:title\" content=\"MENARD Louis Les \u0152uvres. D\u00e9di\u00e9es \u00e0 Monseigneur le marquis d&#039;Ancre. - Libairie Clavreuil\" \/>\n<meta property=\"og:description\" content=\"12mo (142 x 85 mm) title, 254 pp., 1 nn.l. (privilege). Contemporary flexible vellum, flat spine, traces of laces (slightly wharped).\" \/>\n<meta property=\"og:url\" content=\"https:\/\/www.librairieclavreuil.com\/produit\/menard-louis-les-oeuvres-dediees-a-monseigneur-le-marquis-dancre\/\" \/>\n<meta property=\"og:site_name\" content=\"Libairie Clavreuil\" \/>\n<meta property=\"article:modified_time\" content=\"2024-07-17T13:46:28+00:00\" \/>\n<meta property=\"og:image\" content=\"https:\/\/www.librairieclavreuil.com\/wp-content\/uploads\/2024\/07\/louis-menard-les-oeuvres-dediees-a-monseigneur-le-marquis-d-ancre-8394-660692d19ddab.jpg\" \/>\n\t<meta property=\"og:image:width\" content=\"499\" \/>\n\t<meta property=\"og:image:height\" content=\"800\" \/>\n\t<meta property=\"og:image:type\" content=\"image\/jpeg\" \/>\n<meta name=\"twitter:card\" content=\"summary_large_image\" \/>\n<meta name=\"twitter:label1\" content=\"Est. reading time\" \/>\n\t<meta name=\"twitter:data1\" content=\"1 minute\" \/>\n<script type=\"application\/ld+json\" class=\"yoast-schema-graph\">{\"@context\":\"https:\/\/schema.org\",\"@graph\":[{\"@type\":\"WebPage\",\"@id\":\"https:\/\/www.librairieclavreuil.com\/produit\/menard-louis-les-oeuvres-dediees-a-monseigneur-le-marquis-dancre\/\",\"url\":\"https:\/\/www.librairieclavreuil.com\/produit\/menard-louis-les-oeuvres-dediees-a-monseigneur-le-marquis-dancre\/\",\"name\":\"MENARD Louis Les \u0152uvres. D\u00e9di\u00e9es \u00e0 Monseigneur le marquis d'Ancre. - Libairie Clavreuil\",\"isPartOf\":{\"@id\":\"https:\/\/www.librairieclavreuil.com\/#website\"},\"primaryImageOfPage\":{\"@id\":\"https:\/\/www.librairieclavreuil.com\/produit\/menard-louis-les-oeuvres-dediees-a-monseigneur-le-marquis-dancre\/#primaryimage\"},\"image\":{\"@id\":\"https:\/\/www.librairieclavreuil.com\/produit\/menard-louis-les-oeuvres-dediees-a-monseigneur-le-marquis-dancre\/#primaryimage\"},\"thumbnailUrl\":\"https:\/\/www.librairieclavreuil.com\/wp-content\/uploads\/2024\/07\/louis-menard-les-oeuvres-dediees-a-monseigneur-le-marquis-d-ancre-8394-660692d19ddab.jpg\",\"datePublished\":\"2024-07-17T13:46:13+00:00\",\"dateModified\":\"2024-07-17T13:46:28+00:00\",\"breadcrumb\":{\"@id\":\"https:\/\/www.librairieclavreuil.com\/produit\/menard-louis-les-oeuvres-dediees-a-monseigneur-le-marquis-dancre\/#breadcrumb\"},\"inLanguage\":\"en-US\",\"potentialAction\":[{\"@type\":\"ReadAction\",\"target\":[\"https:\/\/www.librairieclavreuil.com\/produit\/menard-louis-les-oeuvres-dediees-a-monseigneur-le-marquis-dancre\/\"]}]},{\"@type\":\"ImageObject\",\"inLanguage\":\"en-US\",\"@id\":\"https:\/\/www.librairieclavreuil.com\/produit\/menard-louis-les-oeuvres-dediees-a-monseigneur-le-marquis-dancre\/#primaryimage\",\"url\":\"https:\/\/www.librairieclavreuil.com\/wp-content\/uploads\/2024\/07\/louis-menard-les-oeuvres-dediees-a-monseigneur-le-marquis-d-ancre-8394-660692d19ddab.jpg\",\"contentUrl\":\"https:\/\/www.librairieclavreuil.com\/wp-content\/uploads\/2024\/07\/louis-menard-les-oeuvres-dediees-a-monseigneur-le-marquis-d-ancre-8394-660692d19ddab.jpg\",\"width\":499,\"height\":800},{\"@type\":\"BreadcrumbList\",\"@id\":\"https:\/\/www.librairieclavreuil.com\/produit\/menard-louis-les-oeuvres-dediees-a-monseigneur-le-marquis-dancre\/#breadcrumb\",\"itemListElement\":[{\"@type\":\"ListItem\",\"position\":1,\"name\":\"Accueil\",\"item\":\"https:\/\/www.librairieclavreuil.com\/\"},{\"@type\":\"ListItem\",\"position\":2,\"name\":\"All our books\",\"item\":\"https:\/\/www.librairieclavreuil.com\/en\/all-our-books\/\"},{\"@type\":\"ListItem\",\"position\":3,\"name\":\"MENARD Louis Les \u0152uvres. D\u00e9di\u00e9es \u00e0 Monseigneur le...\"}]},{\"@type\":\"WebSite\",\"@id\":\"https:\/\/www.librairieclavreuil.com\/#website\",\"url\":\"https:\/\/www.librairieclavreuil.com\/\",\"name\":\"Libairie Clavreuil\",\"description\":\"Livres anciens, manuscrits rares et \u00e9ditions originales \u2013 Librairie Clavreuil\",\"publisher\":{\"@id\":\"https:\/\/www.librairieclavreuil.com\/#organization\"},\"potentialAction\":[{\"@type\":\"SearchAction\",\"target\":{\"@type\":\"EntryPoint\",\"urlTemplate\":\"https:\/\/www.librairieclavreuil.com\/?s={search_term_string}\"},\"query-input\":{\"@type\":\"PropertyValueSpecification\",\"valueRequired\":true,\"valueName\":\"search_term_string\"}}],\"inLanguage\":\"en-US\"},{\"@type\":\"Organization\",\"@id\":\"https:\/\/www.librairieclavreuil.com\/#organization\",\"name\":\"Libairie Clavreuil\",\"url\":\"https:\/\/www.librairieclavreuil.com\/\",\"logo\":{\"@type\":\"ImageObject\",\"inLanguage\":\"en-US\",\"@id\":\"https:\/\/www.librairieclavreuil.com\/#\/schema\/logo\/image\/\",\"url\":\"https:\/\/www.librairieclavreuil.com\/wp-content\/uploads\/2021\/06\/cropped-LOGO_PNG_DATE-_gold-512x512-1.png\",\"contentUrl\":\"https:\/\/www.librairieclavreuil.com\/wp-content\/uploads\/2021\/06\/cropped-LOGO_PNG_DATE-_gold-512x512-1.png\",\"width\":512,\"height\":512,\"caption\":\"Libairie Clavreuil\"},\"image\":{\"@id\":\"https:\/\/www.librairieclavreuil.com\/#\/schema\/logo\/image\/\"},\"sameAs\":[\"https:\/\/www.instagram.com\/librairieclavreuil\/\"]}]}<\/script>\n<!-- \/ Yoast SEO plugin. -->","yoast_head_json":{"title":"MENARD Louis Les \u0152uvres. D\u00e9di\u00e9es \u00e0 Monseigneur le marquis d'Ancre. - Libairie Clavreuil","robots":{"index":"index","follow":"follow","max-snippet":"max-snippet:-1","max-image-preview":"max-image-preview:large","max-video-preview":"max-video-preview:-1"},"canonical":"https:\/\/www.librairieclavreuil.com\/produit\/menard-louis-les-oeuvres-dediees-a-monseigneur-le-marquis-dancre\/","og_locale":"en_US","og_type":"article","og_title":"MENARD Louis Les \u0152uvres. D\u00e9di\u00e9es \u00e0 Monseigneur le marquis d'Ancre. - Libairie Clavreuil","og_description":"12mo (142 x 85 mm) title, 254 pp., 1 nn.l. (privilege). Contemporary flexible vellum, flat spine, traces of laces (slightly wharped).","og_url":"https:\/\/www.librairieclavreuil.com\/produit\/menard-louis-les-oeuvres-dediees-a-monseigneur-le-marquis-dancre\/","og_site_name":"Libairie Clavreuil","article_modified_time":"2024-07-17T13:46:28+00:00","og_image":[{"width":499,"height":800,"url":"https:\/\/www.librairieclavreuil.com\/wp-content\/uploads\/2024\/07\/louis-menard-les-oeuvres-dediees-a-monseigneur-le-marquis-d-ancre-8394-660692d19ddab.jpg","type":"image\/jpeg"}],"twitter_card":"summary_large_image","twitter_misc":{"Est. reading time":"1 minute"},"schema":{"@context":"https:\/\/schema.org","@graph":[{"@type":"WebPage","@id":"https:\/\/www.librairieclavreuil.com\/produit\/menard-louis-les-oeuvres-dediees-a-monseigneur-le-marquis-dancre\/","url":"https:\/\/www.librairieclavreuil.com\/produit\/menard-louis-les-oeuvres-dediees-a-monseigneur-le-marquis-dancre\/","name":"MENARD Louis Les \u0152uvres. D\u00e9di\u00e9es \u00e0 Monseigneur le marquis d'Ancre. - Libairie Clavreuil","isPartOf":{"@id":"https:\/\/www.librairieclavreuil.com\/#website"},"primaryImageOfPage":{"@id":"https:\/\/www.librairieclavreuil.com\/produit\/menard-louis-les-oeuvres-dediees-a-monseigneur-le-marquis-dancre\/#primaryimage"},"image":{"@id":"https:\/\/www.librairieclavreuil.com\/produit\/menard-louis-les-oeuvres-dediees-a-monseigneur-le-marquis-dancre\/#primaryimage"},"thumbnailUrl":"https:\/\/www.librairieclavreuil.com\/wp-content\/uploads\/2024\/07\/louis-menard-les-oeuvres-dediees-a-monseigneur-le-marquis-d-ancre-8394-660692d19ddab.jpg","datePublished":"2024-07-17T13:46:13+00:00","dateModified":"2024-07-17T13:46:28+00:00","breadcrumb":{"@id":"https:\/\/www.librairieclavreuil.com\/produit\/menard-louis-les-oeuvres-dediees-a-monseigneur-le-marquis-dancre\/#breadcrumb"},"inLanguage":"en-US","potentialAction":[{"@type":"ReadAction","target":["https:\/\/www.librairieclavreuil.com\/produit\/menard-louis-les-oeuvres-dediees-a-monseigneur-le-marquis-dancre\/"]}]},{"@type":"ImageObject","inLanguage":"en-US","@id":"https:\/\/www.librairieclavreuil.com\/produit\/menard-louis-les-oeuvres-dediees-a-monseigneur-le-marquis-dancre\/#primaryimage","url":"https:\/\/www.librairieclavreuil.com\/wp-content\/uploads\/2024\/07\/louis-menard-les-oeuvres-dediees-a-monseigneur-le-marquis-d-ancre-8394-660692d19ddab.jpg","contentUrl":"https:\/\/www.librairieclavreuil.com\/wp-content\/uploads\/2024\/07\/louis-menard-les-oeuvres-dediees-a-monseigneur-le-marquis-d-ancre-8394-660692d19ddab.jpg","width":499,"height":800},{"@type":"BreadcrumbList","@id":"https:\/\/www.librairieclavreuil.com\/produit\/menard-louis-les-oeuvres-dediees-a-monseigneur-le-marquis-dancre\/#breadcrumb","itemListElement":[{"@type":"ListItem","position":1,"name":"Accueil","item":"https:\/\/www.librairieclavreuil.com\/"},{"@type":"ListItem","position":2,"name":"All our books","item":"https:\/\/www.librairieclavreuil.com\/en\/all-our-books\/"},{"@type":"ListItem","position":3,"name":"MENARD Louis Les \u0152uvres. D\u00e9di\u00e9es \u00e0 Monseigneur le..."}]},{"@type":"WebSite","@id":"https:\/\/www.librairieclavreuil.com\/#website","url":"https:\/\/www.librairieclavreuil.com\/","name":"Libairie Clavreuil","description":"Livres anciens, manuscrits rares et \u00e9ditions originales \u2013 Librairie Clavreuil","publisher":{"@id":"https:\/\/www.librairieclavreuil.com\/#organization"},"potentialAction":[{"@type":"SearchAction","target":{"@type":"EntryPoint","urlTemplate":"https:\/\/www.librairieclavreuil.com\/?s={search_term_string}"},"query-input":{"@type":"PropertyValueSpecification","valueRequired":true,"valueName":"search_term_string"}}],"inLanguage":"en-US"},{"@type":"Organization","@id":"https:\/\/www.librairieclavreuil.com\/#organization","name":"Libairie Clavreuil","url":"https:\/\/www.librairieclavreuil.com\/","logo":{"@type":"ImageObject","inLanguage":"en-US","@id":"https:\/\/www.librairieclavreuil.com\/#\/schema\/logo\/image\/","url":"https:\/\/www.librairieclavreuil.com\/wp-content\/uploads\/2021\/06\/cropped-LOGO_PNG_DATE-_gold-512x512-1.png","contentUrl":"https:\/\/www.librairieclavreuil.com\/wp-content\/uploads\/2021\/06\/cropped-LOGO_PNG_DATE-_gold-512x512-1.png","width":512,"height":512,"caption":"Libairie Clavreuil"},"image":{"@id":"https:\/\/www.librairieclavreuil.com\/#\/schema\/logo\/image\/"},"sameAs":["https:\/\/www.instagram.com\/librairieclavreuil\/"]}]}},"jetpack_sharing_enabled":true,"_links":{"self":[{"href":"https:\/\/www.librairieclavreuil.com\/en\/wp-json\/wp\/v2\/product\/80774","targetHints":{"allow":["GET"]}}],"collection":[{"href":"https:\/\/www.librairieclavreuil.com\/en\/wp-json\/wp\/v2\/product"}],"about":[{"href":"https:\/\/www.librairieclavreuil.com\/en\/wp-json\/wp\/v2\/types\/product"}],"replies":[{"embeddable":true,"href":"https:\/\/www.librairieclavreuil.com\/en\/wp-json\/wp\/v2\/comments?post=80774"}],"wp:featuredmedia":[{"embeddable":true,"href":"https:\/\/www.librairieclavreuil.com\/en\/wp-json\/wp\/v2\/media\/80769"}],"wp:attachment":[{"href":"https:\/\/www.librairieclavreuil.com\/en\/wp-json\/wp\/v2\/media?parent=80774"}],"wp:term":[{"taxonomy":"product_brand","embeddable":true,"href":"https:\/\/www.librairieclavreuil.com\/en\/wp-json\/wp\/v2\/product_brand?post=80774"},{"taxonomy":"product_cat","embeddable":true,"href":"https:\/\/www.librairieclavreuil.com\/en\/wp-json\/wp\/v2\/product_cat?post=80774"},{"taxonomy":"product_tag","embeddable":true,"href":"https:\/\/www.librairieclavreuil.com\/en\/wp-json\/wp\/v2\/product_tag?post=80774"}],"curies":[{"name":"wp","href":"https:\/\/api.w.org\/{rel}","templated":true}]}}