{"id":80768,"date":"2024-07-17T15:45:46","date_gmt":"2024-07-17T13:45:46","guid":{"rendered":"https:\/\/www.librairieclavreuil.com\/cervantes-miguel-de-les-nouvelles-de-miguel-cervantes-traduction-nouvelle-par-charles-cotolendi\/"},"modified":"2024-07-17T15:46:00","modified_gmt":"2024-07-17T13:46:00","slug":"cervantes-miguel-de-les-nouvelles-de-miguel-cervantes-traduction-nouvelle-par-charles-cotolendi","status":"publish","type":"product","link":"https:\/\/www.librairieclavreuil.com\/en\/cervantes-miguel-de-les-nouvelles-de-miguel-cervantes-traduction-nouvelle-par-charles-cotolendi\/","title":{"rendered":"CERVANTES Miguel de Les Nouvelles de Miguel Cervantes...."},"content":{"rendered":"<p><i>Ford-Lansing, p. 88; Rius, I, 893; Losada Goya, 190; Cioranescu, 22074; Lever, p. 322.<\/i><\/p>\n<p>First edition of this translation by the Proven\u00e7al writer Charles Cotolendi, who modified and modernised the translation by Rosset and Audiguier published in 1614. The collection contains: La Jeune \u00c9gyptienne &#8211; L\u00e9ocadie, ou la force du sang &#8211; Le Docteur Vidriera &#8211; L&#8217;Amant lib\u00e9ral &#8211; Rinconet et Cortadille &#8211; Isabelle, ou l&#8217;Espagnole angloise.<\/p>\n<p>Like <i>Quijote<\/i>, the <i>Novelas exemplares<\/i> were extraordinarily successful. They helped to launch the fashion for the &#8220;Spanish story&#8221; in Europe, entering every home where people read, and even seducing scholars and philosophers (Spinoza, whose library was not well-stocked, owned a copy of the Seville edition, 1627). Breaking with the conventional rules of the classic Italian tale, Cervantes overturned and renewed the genre by using more flexible structures and by depicting the humanity he had had the opportunity to observe in the squares, streets and alleyways of Spain. These immense narrative masterpieces are structured around a lively, seamless narrative, lively, tightly-woven dialogue, a perfectly honed social imagination, a brilliant, precise style and a lucid realism that does not ignore psychology.<\/p>\n<p>In France, translations by Fran\u00e7ois de Rosset and Vital d&#8217;Audiguier from 1614 onwards gave the <i>Novelas<\/i> an astonishing career, but it was not until 1678 that Claude Barbin published this new translation.<\/p>\n<p>A precious copy in morocco bound with the arms of Charles-Maurice Le Tellier (1642-1710), archbishop and duke of Reims, second son of the chancellor of France.<\/p>\n<p>Other provenances: &#8220;Etnne Suze d&#8217;Esmazieres&#8221; (signature in ink on two papers pasted on the inside back covers) &#8211; Abbaye Sainte Genevi\u00e8ve, 1743 (note on the titles).<\/p>\n","protected":false},"excerpt":{"rendered":"<p>2 volumes, 12mo (155 x 86 mm) 7 nn.ll., 295 pp. for volume I; 1 fnn.l., 386 pp. for volume II. Contemporary red morocco, triple gilt filet on covers, central coat of arms of Charles-Maurice Le Tellier, spine gilt with raised bands, gilt inner border, gilt edges.<\/p>\n","protected":false},"featured_media":80763,"comment_status":"open","ping_status":"closed","template":"","meta":{"_acf_changed":false},"product_brand":[],"product_cat":[544],"product_tag":[1244],"class_list":{"0":"post-80768","1":"product","2":"type-product","3":"status-publish","4":"has-post-thumbnail","6":"product_cat-literature","7":"product_tag-17th-century-literature","8":"pa_auteur-cervantes-miguel-de-2","9":"pa_type-de-livre-printed-book","11":"first","12":"instock","13":"shipping-taxable","14":"purchasable","15":"product-type-simple"},"acf":{"artist":" Miguel de CERVANTES","chapeau":"","adresse_bibliographique":"Paris, Claude Barbin, 1678","book_type":"Printed book","provenance":"","afficher_prix":""},"yoast_head":"<!-- This site is optimized with the Yoast SEO plugin v24.7 - https:\/\/yoast.com\/wordpress\/plugins\/seo\/ -->\n<title>CERVANTES Miguel de Les Nouvelles de Miguel Cervantes. Traduction nouvelle [par Charles Cotolendi]. - Libairie Clavreuil<\/title>\n<meta name=\"robots\" content=\"index, follow, max-snippet:-1, max-image-preview:large, max-video-preview:-1\" \/>\n<link rel=\"canonical\" href=\"https:\/\/www.librairieclavreuil.com\/produit\/cervantes-miguel-de-les-nouvelles-de-miguel-cervantes-traduction-nouvelle-par-charles-cotolendi-2\/\" \/>\n<meta property=\"og:locale\" content=\"en_US\" \/>\n<meta property=\"og:type\" content=\"article\" \/>\n<meta property=\"og:title\" content=\"CERVANTES Miguel de Les Nouvelles de Miguel Cervantes. Traduction nouvelle [par Charles Cotolendi]. - Libairie Clavreuil\" \/>\n<meta property=\"og:description\" content=\"2 volumes, 12mo (155 x 86 mm) 7 nn.ll., 295 pp. for volume I; 1 fnn.l., 386 pp. for volume II. Contemporary red morocco, triple gilt filet on covers, central coat of arms of Charles-Maurice Le Tellier, spine gilt with raised bands, gilt inner border, gilt edges.\" \/>\n<meta property=\"og:url\" content=\"https:\/\/www.librairieclavreuil.com\/produit\/cervantes-miguel-de-les-nouvelles-de-miguel-cervantes-traduction-nouvelle-par-charles-cotolendi-2\/\" \/>\n<meta property=\"og:site_name\" content=\"Libairie Clavreuil\" \/>\n<meta property=\"article:modified_time\" content=\"2024-07-17T13:46:00+00:00\" \/>\n<meta property=\"og:image\" content=\"https:\/\/www.librairieclavreuil.com\/wp-content\/uploads\/2024\/07\/miguel-de-cervantes-les-nouvelles-de-miguel-cervantes-traduction-nouvelle-par-charles-cotolendi-4467-660691195320e-1.jpg\" \/>\n\t<meta property=\"og:image:width\" content=\"600\" \/>\n\t<meta property=\"og:image:height\" content=\"800\" \/>\n\t<meta property=\"og:image:type\" content=\"image\/jpeg\" \/>\n<meta name=\"twitter:card\" content=\"summary_large_image\" \/>\n<meta name=\"twitter:label1\" content=\"Est. reading time\" \/>\n\t<meta name=\"twitter:data1\" content=\"1 minute\" \/>\n<script type=\"application\/ld+json\" class=\"yoast-schema-graph\">{\"@context\":\"https:\/\/schema.org\",\"@graph\":[{\"@type\":\"WebPage\",\"@id\":\"https:\/\/www.librairieclavreuil.com\/produit\/cervantes-miguel-de-les-nouvelles-de-miguel-cervantes-traduction-nouvelle-par-charles-cotolendi-2\/\",\"url\":\"https:\/\/www.librairieclavreuil.com\/produit\/cervantes-miguel-de-les-nouvelles-de-miguel-cervantes-traduction-nouvelle-par-charles-cotolendi-2\/\",\"name\":\"CERVANTES Miguel de Les Nouvelles de Miguel Cervantes. Traduction nouvelle [par Charles Cotolendi]. - Libairie Clavreuil\",\"isPartOf\":{\"@id\":\"https:\/\/www.librairieclavreuil.com\/#website\"},\"primaryImageOfPage\":{\"@id\":\"https:\/\/www.librairieclavreuil.com\/produit\/cervantes-miguel-de-les-nouvelles-de-miguel-cervantes-traduction-nouvelle-par-charles-cotolendi-2\/#primaryimage\"},\"image\":{\"@id\":\"https:\/\/www.librairieclavreuil.com\/produit\/cervantes-miguel-de-les-nouvelles-de-miguel-cervantes-traduction-nouvelle-par-charles-cotolendi-2\/#primaryimage\"},\"thumbnailUrl\":\"https:\/\/www.librairieclavreuil.com\/wp-content\/uploads\/2024\/07\/miguel-de-cervantes-les-nouvelles-de-miguel-cervantes-traduction-nouvelle-par-charles-cotolendi-4467-660691195320e-1.jpg\",\"datePublished\":\"2024-07-17T13:45:46+00:00\",\"dateModified\":\"2024-07-17T13:46:00+00:00\",\"breadcrumb\":{\"@id\":\"https:\/\/www.librairieclavreuil.com\/produit\/cervantes-miguel-de-les-nouvelles-de-miguel-cervantes-traduction-nouvelle-par-charles-cotolendi-2\/#breadcrumb\"},\"inLanguage\":\"en-US\",\"potentialAction\":[{\"@type\":\"ReadAction\",\"target\":[\"https:\/\/www.librairieclavreuil.com\/produit\/cervantes-miguel-de-les-nouvelles-de-miguel-cervantes-traduction-nouvelle-par-charles-cotolendi-2\/\"]}]},{\"@type\":\"ImageObject\",\"inLanguage\":\"en-US\",\"@id\":\"https:\/\/www.librairieclavreuil.com\/produit\/cervantes-miguel-de-les-nouvelles-de-miguel-cervantes-traduction-nouvelle-par-charles-cotolendi-2\/#primaryimage\",\"url\":\"https:\/\/www.librairieclavreuil.com\/wp-content\/uploads\/2024\/07\/miguel-de-cervantes-les-nouvelles-de-miguel-cervantes-traduction-nouvelle-par-charles-cotolendi-4467-660691195320e-1.jpg\",\"contentUrl\":\"https:\/\/www.librairieclavreuil.com\/wp-content\/uploads\/2024\/07\/miguel-de-cervantes-les-nouvelles-de-miguel-cervantes-traduction-nouvelle-par-charles-cotolendi-4467-660691195320e-1.jpg\",\"width\":600,\"height\":800},{\"@type\":\"BreadcrumbList\",\"@id\":\"https:\/\/www.librairieclavreuil.com\/produit\/cervantes-miguel-de-les-nouvelles-de-miguel-cervantes-traduction-nouvelle-par-charles-cotolendi-2\/#breadcrumb\",\"itemListElement\":[{\"@type\":\"ListItem\",\"position\":1,\"name\":\"Accueil\",\"item\":\"https:\/\/www.librairieclavreuil.com\/\"},{\"@type\":\"ListItem\",\"position\":2,\"name\":\"All our books\",\"item\":\"https:\/\/www.librairieclavreuil.com\/en\/all-our-books\/\"},{\"@type\":\"ListItem\",\"position\":3,\"name\":\"CERVANTES Miguel de Les Nouvelles de Miguel Cervantes....\"}]},{\"@type\":\"WebSite\",\"@id\":\"https:\/\/www.librairieclavreuil.com\/#website\",\"url\":\"https:\/\/www.librairieclavreuil.com\/\",\"name\":\"Libairie Clavreuil\",\"description\":\"Livres anciens, manuscrits rares et \u00e9ditions originales \u2013 Librairie Clavreuil\",\"publisher\":{\"@id\":\"https:\/\/www.librairieclavreuil.com\/#organization\"},\"potentialAction\":[{\"@type\":\"SearchAction\",\"target\":{\"@type\":\"EntryPoint\",\"urlTemplate\":\"https:\/\/www.librairieclavreuil.com\/?s={search_term_string}\"},\"query-input\":{\"@type\":\"PropertyValueSpecification\",\"valueRequired\":true,\"valueName\":\"search_term_string\"}}],\"inLanguage\":\"en-US\"},{\"@type\":\"Organization\",\"@id\":\"https:\/\/www.librairieclavreuil.com\/#organization\",\"name\":\"Libairie Clavreuil\",\"url\":\"https:\/\/www.librairieclavreuil.com\/\",\"logo\":{\"@type\":\"ImageObject\",\"inLanguage\":\"en-US\",\"@id\":\"https:\/\/www.librairieclavreuil.com\/#\/schema\/logo\/image\/\",\"url\":\"https:\/\/www.librairieclavreuil.com\/wp-content\/uploads\/2021\/06\/cropped-LOGO_PNG_DATE-_gold-512x512-1.png\",\"contentUrl\":\"https:\/\/www.librairieclavreuil.com\/wp-content\/uploads\/2021\/06\/cropped-LOGO_PNG_DATE-_gold-512x512-1.png\",\"width\":512,\"height\":512,\"caption\":\"Libairie Clavreuil\"},\"image\":{\"@id\":\"https:\/\/www.librairieclavreuil.com\/#\/schema\/logo\/image\/\"},\"sameAs\":[\"https:\/\/www.instagram.com\/librairieclavreuil\/\"]}]}<\/script>\n<!-- \/ Yoast SEO plugin. -->","yoast_head_json":{"title":"CERVANTES Miguel de Les Nouvelles de Miguel Cervantes. Traduction nouvelle [par Charles Cotolendi]. - Libairie Clavreuil","robots":{"index":"index","follow":"follow","max-snippet":"max-snippet:-1","max-image-preview":"max-image-preview:large","max-video-preview":"max-video-preview:-1"},"canonical":"https:\/\/www.librairieclavreuil.com\/produit\/cervantes-miguel-de-les-nouvelles-de-miguel-cervantes-traduction-nouvelle-par-charles-cotolendi-2\/","og_locale":"en_US","og_type":"article","og_title":"CERVANTES Miguel de Les Nouvelles de Miguel Cervantes. Traduction nouvelle [par Charles Cotolendi]. - Libairie Clavreuil","og_description":"2 volumes, 12mo (155 x 86 mm) 7 nn.ll., 295 pp. for volume I; 1 fnn.l., 386 pp. for volume II. Contemporary red morocco, triple gilt filet on covers, central coat of arms of Charles-Maurice Le Tellier, spine gilt with raised bands, gilt inner border, gilt edges.","og_url":"https:\/\/www.librairieclavreuil.com\/produit\/cervantes-miguel-de-les-nouvelles-de-miguel-cervantes-traduction-nouvelle-par-charles-cotolendi-2\/","og_site_name":"Libairie Clavreuil","article_modified_time":"2024-07-17T13:46:00+00:00","og_image":[{"width":600,"height":800,"url":"https:\/\/www.librairieclavreuil.com\/wp-content\/uploads\/2024\/07\/miguel-de-cervantes-les-nouvelles-de-miguel-cervantes-traduction-nouvelle-par-charles-cotolendi-4467-660691195320e-1.jpg","type":"image\/jpeg"}],"twitter_card":"summary_large_image","twitter_misc":{"Est. reading time":"1 minute"},"schema":{"@context":"https:\/\/schema.org","@graph":[{"@type":"WebPage","@id":"https:\/\/www.librairieclavreuil.com\/produit\/cervantes-miguel-de-les-nouvelles-de-miguel-cervantes-traduction-nouvelle-par-charles-cotolendi-2\/","url":"https:\/\/www.librairieclavreuil.com\/produit\/cervantes-miguel-de-les-nouvelles-de-miguel-cervantes-traduction-nouvelle-par-charles-cotolendi-2\/","name":"CERVANTES Miguel de Les Nouvelles de Miguel Cervantes. Traduction nouvelle [par Charles Cotolendi]. - Libairie Clavreuil","isPartOf":{"@id":"https:\/\/www.librairieclavreuil.com\/#website"},"primaryImageOfPage":{"@id":"https:\/\/www.librairieclavreuil.com\/produit\/cervantes-miguel-de-les-nouvelles-de-miguel-cervantes-traduction-nouvelle-par-charles-cotolendi-2\/#primaryimage"},"image":{"@id":"https:\/\/www.librairieclavreuil.com\/produit\/cervantes-miguel-de-les-nouvelles-de-miguel-cervantes-traduction-nouvelle-par-charles-cotolendi-2\/#primaryimage"},"thumbnailUrl":"https:\/\/www.librairieclavreuil.com\/wp-content\/uploads\/2024\/07\/miguel-de-cervantes-les-nouvelles-de-miguel-cervantes-traduction-nouvelle-par-charles-cotolendi-4467-660691195320e-1.jpg","datePublished":"2024-07-17T13:45:46+00:00","dateModified":"2024-07-17T13:46:00+00:00","breadcrumb":{"@id":"https:\/\/www.librairieclavreuil.com\/produit\/cervantes-miguel-de-les-nouvelles-de-miguel-cervantes-traduction-nouvelle-par-charles-cotolendi-2\/#breadcrumb"},"inLanguage":"en-US","potentialAction":[{"@type":"ReadAction","target":["https:\/\/www.librairieclavreuil.com\/produit\/cervantes-miguel-de-les-nouvelles-de-miguel-cervantes-traduction-nouvelle-par-charles-cotolendi-2\/"]}]},{"@type":"ImageObject","inLanguage":"en-US","@id":"https:\/\/www.librairieclavreuil.com\/produit\/cervantes-miguel-de-les-nouvelles-de-miguel-cervantes-traduction-nouvelle-par-charles-cotolendi-2\/#primaryimage","url":"https:\/\/www.librairieclavreuil.com\/wp-content\/uploads\/2024\/07\/miguel-de-cervantes-les-nouvelles-de-miguel-cervantes-traduction-nouvelle-par-charles-cotolendi-4467-660691195320e-1.jpg","contentUrl":"https:\/\/www.librairieclavreuil.com\/wp-content\/uploads\/2024\/07\/miguel-de-cervantes-les-nouvelles-de-miguel-cervantes-traduction-nouvelle-par-charles-cotolendi-4467-660691195320e-1.jpg","width":600,"height":800},{"@type":"BreadcrumbList","@id":"https:\/\/www.librairieclavreuil.com\/produit\/cervantes-miguel-de-les-nouvelles-de-miguel-cervantes-traduction-nouvelle-par-charles-cotolendi-2\/#breadcrumb","itemListElement":[{"@type":"ListItem","position":1,"name":"Accueil","item":"https:\/\/www.librairieclavreuil.com\/"},{"@type":"ListItem","position":2,"name":"All our books","item":"https:\/\/www.librairieclavreuil.com\/en\/all-our-books\/"},{"@type":"ListItem","position":3,"name":"CERVANTES Miguel de Les Nouvelles de Miguel Cervantes...."}]},{"@type":"WebSite","@id":"https:\/\/www.librairieclavreuil.com\/#website","url":"https:\/\/www.librairieclavreuil.com\/","name":"Libairie Clavreuil","description":"Livres anciens, manuscrits rares et \u00e9ditions originales \u2013 Librairie Clavreuil","publisher":{"@id":"https:\/\/www.librairieclavreuil.com\/#organization"},"potentialAction":[{"@type":"SearchAction","target":{"@type":"EntryPoint","urlTemplate":"https:\/\/www.librairieclavreuil.com\/?s={search_term_string}"},"query-input":{"@type":"PropertyValueSpecification","valueRequired":true,"valueName":"search_term_string"}}],"inLanguage":"en-US"},{"@type":"Organization","@id":"https:\/\/www.librairieclavreuil.com\/#organization","name":"Libairie Clavreuil","url":"https:\/\/www.librairieclavreuil.com\/","logo":{"@type":"ImageObject","inLanguage":"en-US","@id":"https:\/\/www.librairieclavreuil.com\/#\/schema\/logo\/image\/","url":"https:\/\/www.librairieclavreuil.com\/wp-content\/uploads\/2021\/06\/cropped-LOGO_PNG_DATE-_gold-512x512-1.png","contentUrl":"https:\/\/www.librairieclavreuil.com\/wp-content\/uploads\/2021\/06\/cropped-LOGO_PNG_DATE-_gold-512x512-1.png","width":512,"height":512,"caption":"Libairie Clavreuil"},"image":{"@id":"https:\/\/www.librairieclavreuil.com\/#\/schema\/logo\/image\/"},"sameAs":["https:\/\/www.instagram.com\/librairieclavreuil\/"]}]}},"jetpack_sharing_enabled":true,"_links":{"self":[{"href":"https:\/\/www.librairieclavreuil.com\/en\/wp-json\/wp\/v2\/product\/80768","targetHints":{"allow":["GET"]}}],"collection":[{"href":"https:\/\/www.librairieclavreuil.com\/en\/wp-json\/wp\/v2\/product"}],"about":[{"href":"https:\/\/www.librairieclavreuil.com\/en\/wp-json\/wp\/v2\/types\/product"}],"replies":[{"embeddable":true,"href":"https:\/\/www.librairieclavreuil.com\/en\/wp-json\/wp\/v2\/comments?post=80768"}],"wp:featuredmedia":[{"embeddable":true,"href":"https:\/\/www.librairieclavreuil.com\/en\/wp-json\/wp\/v2\/media\/80763"}],"wp:attachment":[{"href":"https:\/\/www.librairieclavreuil.com\/en\/wp-json\/wp\/v2\/media?parent=80768"}],"wp:term":[{"taxonomy":"product_brand","embeddable":true,"href":"https:\/\/www.librairieclavreuil.com\/en\/wp-json\/wp\/v2\/product_brand?post=80768"},{"taxonomy":"product_cat","embeddable":true,"href":"https:\/\/www.librairieclavreuil.com\/en\/wp-json\/wp\/v2\/product_cat?post=80768"},{"taxonomy":"product_tag","embeddable":true,"href":"https:\/\/www.librairieclavreuil.com\/en\/wp-json\/wp\/v2\/product_tag?post=80768"}],"curies":[{"name":"wp","href":"https:\/\/api.w.org\/{rel}","templated":true}]}}