{"id":80757,"date":"2024-07-17T15:44:09","date_gmt":"2024-07-17T13:44:09","guid":{"rendered":"https:\/\/www.librairieclavreuil.com\/moliere-jean-baptiste-poquelin-dit-les-intrigues-de-moliere-et-celles-de-sa-femme\/"},"modified":"2024-07-17T15:44:22","modified_gmt":"2024-07-17T13:44:22","slug":"moliere-jean-baptiste-poquelin-dit-les-intrigues-de-moliere-et-celles-de-sa-femme","status":"publish","type":"product","link":"https:\/\/www.librairieclavreuil.com\/en\/moliere-jean-baptiste-poquelin-dit-les-intrigues-de-moliere-et-celles-de-sa-femme\/","title":{"rendered":"MOLIERE Jean-Baptiste Poquelin dit Les Intrigues de Moli\u00e8re..."},"content":{"rendered":"<p style=\"text-align:justify\"><i>Lacroix, 1172.<\/i><\/p>\n<p style=\"text-align:justify\">First edition under this title of this pamphlet against Moli\u00e8re and his wife, sometimes attributed to La Fontaine for the style in which it is written, the delicacy of certain features and the grace of the narrative. The text was first printed in Frankfurt by Frans Rottenberg in 1688 under the title <i>La Fameuse com\u00e9dienne, ou Histoire de La Gu\u00e9rin auparavant femme et veuve de Moli\u00e8re<\/i>. This new edition contains &#8221; quelques retranchements, et surtout avec de tels changements de style, que l&#8217;on peut y voir une r\u00e9daction nouvelle. Le passage, relatif aux amours du duc de Bellegarde, et du com\u00e9dien Baron, a \u00e9t\u00e9 enti\u00e8rement supprim\u00e9&#8221; (Lacroix).<\/p>\n<p style=\"text-align:justify\">Fine copy, well bound by Duru.<\/p>\n<p style=\"text-align:justify\">Provenance : Yemeniz (bookplate, lot 1959 of the sale).<\/p>\n","protected":false},"excerpt":{"rendered":"<p>12mo (131 x 82 mm) 88 pp. Red janseniste morocco by Duru, dated 1849, spine with raised bands, gilt edges.<\/p>\n","protected":false},"featured_media":80754,"comment_status":"open","ping_status":"closed","template":"","meta":{"_acf_changed":false},"product_brand":[],"product_cat":[544],"product_tag":[1244,1255],"class_list":{"0":"post-80757","1":"product","2":"type-product","3":"status-publish","4":"has-post-thumbnail","6":"product_cat-literature","7":"product_tag-17th-century-literature","8":"product_tag-theatre-dance","9":"pa_auteur-moliere-jean-baptiste-poquelin-dit-2","10":"pa_type-de-livre-printed-book","12":"first","13":"instock","14":"shipping-taxable","15":"purchasable","16":"product-type-simple"},"acf":{"artist":"Jean-Baptiste Poquelin dit MOLIERE","chapeau":"","adresse_bibliographique":"Sans lieu, sans nom, 1688","book_type":"Printed book","provenance":"","afficher_prix":""},"yoast_head":"<!-- This site is optimized with the Yoast SEO plugin v24.7 - https:\/\/yoast.com\/wordpress\/plugins\/seo\/ -->\n<title>MOLIERE Jean-Baptiste Poquelin dit Les Intrigues de Moli\u00e8re et celles de sa femme. - Libairie Clavreuil<\/title>\n<meta name=\"robots\" content=\"index, follow, max-snippet:-1, max-image-preview:large, max-video-preview:-1\" \/>\n<link rel=\"canonical\" href=\"https:\/\/www.librairieclavreuil.com\/en\/moliere-jean-baptiste-poquelin-dit-les-intrigues-de-moliere-et-celles-de-sa-femme\/\" \/>\n<meta property=\"og:locale\" content=\"en_US\" \/>\n<meta property=\"og:type\" content=\"article\" \/>\n<meta property=\"og:title\" content=\"MOLIERE Jean-Baptiste Poquelin dit Les Intrigues de Moli\u00e8re et celles de sa femme. - Libairie Clavreuil\" \/>\n<meta property=\"og:description\" content=\"12mo (131 x 82 mm) 88 pp. Red janseniste morocco by Duru, dated 1849, spine with raised bands, gilt edges.\" \/>\n<meta property=\"og:url\" content=\"https:\/\/www.librairieclavreuil.com\/en\/moliere-jean-baptiste-poquelin-dit-les-intrigues-de-moliere-et-celles-de-sa-femme\/\" \/>\n<meta property=\"og:site_name\" content=\"Libairie Clavreuil\" \/>\n<meta property=\"article:modified_time\" content=\"2024-07-17T13:44:22+00:00\" \/>\n<meta property=\"og:image\" content=\"https:\/\/www.librairieclavreuil.com\/wp-content\/uploads\/2024\/07\/moliere-les-intrigues-de-moliere-et-celles-de-sa-femme-7973-66068bc7857f0.jpg\" \/>\n\t<meta property=\"og:image:width\" content=\"510\" \/>\n\t<meta property=\"og:image:height\" content=\"800\" \/>\n\t<meta property=\"og:image:type\" content=\"image\/jpeg\" \/>\n<meta name=\"twitter:card\" content=\"summary_large_image\" \/>\n<meta name=\"twitter:label1\" content=\"Est. reading time\" \/>\n\t<meta name=\"twitter:data1\" content=\"1 minute\" \/>\n<script type=\"application\/ld+json\" class=\"yoast-schema-graph\">{\"@context\":\"https:\/\/schema.org\",\"@graph\":[{\"@type\":\"WebPage\",\"@id\":\"https:\/\/www.librairieclavreuil.com\/en\/moliere-jean-baptiste-poquelin-dit-les-intrigues-de-moliere-et-celles-de-sa-femme\/\",\"url\":\"https:\/\/www.librairieclavreuil.com\/en\/moliere-jean-baptiste-poquelin-dit-les-intrigues-de-moliere-et-celles-de-sa-femme\/\",\"name\":\"MOLIERE Jean-Baptiste Poquelin dit Les Intrigues de Moli\u00e8re et celles de sa femme. - Libairie Clavreuil\",\"isPartOf\":{\"@id\":\"https:\/\/www.librairieclavreuil.com\/#website\"},\"primaryImageOfPage\":{\"@id\":\"https:\/\/www.librairieclavreuil.com\/en\/moliere-jean-baptiste-poquelin-dit-les-intrigues-de-moliere-et-celles-de-sa-femme\/#primaryimage\"},\"image\":{\"@id\":\"https:\/\/www.librairieclavreuil.com\/en\/moliere-jean-baptiste-poquelin-dit-les-intrigues-de-moliere-et-celles-de-sa-femme\/#primaryimage\"},\"thumbnailUrl\":\"https:\/\/www.librairieclavreuil.com\/wp-content\/uploads\/2024\/07\/moliere-les-intrigues-de-moliere-et-celles-de-sa-femme-7973-66068bc7857f0.jpg\",\"datePublished\":\"2024-07-17T13:44:09+00:00\",\"dateModified\":\"2024-07-17T13:44:22+00:00\",\"breadcrumb\":{\"@id\":\"https:\/\/www.librairieclavreuil.com\/en\/moliere-jean-baptiste-poquelin-dit-les-intrigues-de-moliere-et-celles-de-sa-femme\/#breadcrumb\"},\"inLanguage\":\"en-US\",\"potentialAction\":[{\"@type\":\"ReadAction\",\"target\":[\"https:\/\/www.librairieclavreuil.com\/en\/moliere-jean-baptiste-poquelin-dit-les-intrigues-de-moliere-et-celles-de-sa-femme\/\"]}]},{\"@type\":\"ImageObject\",\"inLanguage\":\"en-US\",\"@id\":\"https:\/\/www.librairieclavreuil.com\/en\/moliere-jean-baptiste-poquelin-dit-les-intrigues-de-moliere-et-celles-de-sa-femme\/#primaryimage\",\"url\":\"https:\/\/www.librairieclavreuil.com\/wp-content\/uploads\/2024\/07\/moliere-les-intrigues-de-moliere-et-celles-de-sa-femme-7973-66068bc7857f0.jpg\",\"contentUrl\":\"https:\/\/www.librairieclavreuil.com\/wp-content\/uploads\/2024\/07\/moliere-les-intrigues-de-moliere-et-celles-de-sa-femme-7973-66068bc7857f0.jpg\",\"width\":510,\"height\":800},{\"@type\":\"BreadcrumbList\",\"@id\":\"https:\/\/www.librairieclavreuil.com\/en\/moliere-jean-baptiste-poquelin-dit-les-intrigues-de-moliere-et-celles-de-sa-femme\/#breadcrumb\",\"itemListElement\":[{\"@type\":\"ListItem\",\"position\":1,\"name\":\"Accueil\",\"item\":\"https:\/\/www.librairieclavreuil.com\/\"},{\"@type\":\"ListItem\",\"position\":2,\"name\":\"All our books\",\"item\":\"https:\/\/www.librairieclavreuil.com\/en\/all-our-books\/\"},{\"@type\":\"ListItem\",\"position\":3,\"name\":\"MOLIERE Jean-Baptiste Poquelin dit Les Intrigues de Moli\u00e8re et celles de sa femme.\"}]},{\"@type\":\"WebSite\",\"@id\":\"https:\/\/www.librairieclavreuil.com\/#website\",\"url\":\"https:\/\/www.librairieclavreuil.com\/\",\"name\":\"Libairie Clavreuil\",\"description\":\"Livres anciens, manuscrits rares et \u00e9ditions originales \u2013 Librairie Clavreuil\",\"publisher\":{\"@id\":\"https:\/\/www.librairieclavreuil.com\/#organization\"},\"potentialAction\":[{\"@type\":\"SearchAction\",\"target\":{\"@type\":\"EntryPoint\",\"urlTemplate\":\"https:\/\/www.librairieclavreuil.com\/?s={search_term_string}\"},\"query-input\":{\"@type\":\"PropertyValueSpecification\",\"valueRequired\":true,\"valueName\":\"search_term_string\"}}],\"inLanguage\":\"en-US\"},{\"@type\":\"Organization\",\"@id\":\"https:\/\/www.librairieclavreuil.com\/#organization\",\"name\":\"Libairie Clavreuil\",\"url\":\"https:\/\/www.librairieclavreuil.com\/\",\"logo\":{\"@type\":\"ImageObject\",\"inLanguage\":\"en-US\",\"@id\":\"https:\/\/www.librairieclavreuil.com\/#\/schema\/logo\/image\/\",\"url\":\"https:\/\/www.librairieclavreuil.com\/wp-content\/uploads\/2021\/06\/cropped-LOGO_PNG_DATE-_gold-512x512-1.png\",\"contentUrl\":\"https:\/\/www.librairieclavreuil.com\/wp-content\/uploads\/2021\/06\/cropped-LOGO_PNG_DATE-_gold-512x512-1.png\",\"width\":512,\"height\":512,\"caption\":\"Libairie Clavreuil\"},\"image\":{\"@id\":\"https:\/\/www.librairieclavreuil.com\/#\/schema\/logo\/image\/\"},\"sameAs\":[\"https:\/\/www.instagram.com\/librairieclavreuil\/\"]}]}<\/script>\n<!-- \/ Yoast SEO plugin. -->","yoast_head_json":{"title":"MOLIERE Jean-Baptiste Poquelin dit Les Intrigues de Moli\u00e8re et celles de sa femme. - Libairie Clavreuil","robots":{"index":"index","follow":"follow","max-snippet":"max-snippet:-1","max-image-preview":"max-image-preview:large","max-video-preview":"max-video-preview:-1"},"canonical":"https:\/\/www.librairieclavreuil.com\/en\/moliere-jean-baptiste-poquelin-dit-les-intrigues-de-moliere-et-celles-de-sa-femme\/","og_locale":"en_US","og_type":"article","og_title":"MOLIERE Jean-Baptiste Poquelin dit Les Intrigues de Moli\u00e8re et celles de sa femme. - Libairie Clavreuil","og_description":"12mo (131 x 82 mm) 88 pp. Red janseniste morocco by Duru, dated 1849, spine with raised bands, gilt edges.","og_url":"https:\/\/www.librairieclavreuil.com\/en\/moliere-jean-baptiste-poquelin-dit-les-intrigues-de-moliere-et-celles-de-sa-femme\/","og_site_name":"Libairie Clavreuil","article_modified_time":"2024-07-17T13:44:22+00:00","og_image":[{"width":510,"height":800,"url":"https:\/\/www.librairieclavreuil.com\/wp-content\/uploads\/2024\/07\/moliere-les-intrigues-de-moliere-et-celles-de-sa-femme-7973-66068bc7857f0.jpg","type":"image\/jpeg"}],"twitter_card":"summary_large_image","twitter_misc":{"Est. reading time":"1 minute"},"schema":{"@context":"https:\/\/schema.org","@graph":[{"@type":"WebPage","@id":"https:\/\/www.librairieclavreuil.com\/en\/moliere-jean-baptiste-poquelin-dit-les-intrigues-de-moliere-et-celles-de-sa-femme\/","url":"https:\/\/www.librairieclavreuil.com\/en\/moliere-jean-baptiste-poquelin-dit-les-intrigues-de-moliere-et-celles-de-sa-femme\/","name":"MOLIERE Jean-Baptiste Poquelin dit Les Intrigues de Moli\u00e8re et celles de sa femme. - Libairie Clavreuil","isPartOf":{"@id":"https:\/\/www.librairieclavreuil.com\/#website"},"primaryImageOfPage":{"@id":"https:\/\/www.librairieclavreuil.com\/en\/moliere-jean-baptiste-poquelin-dit-les-intrigues-de-moliere-et-celles-de-sa-femme\/#primaryimage"},"image":{"@id":"https:\/\/www.librairieclavreuil.com\/en\/moliere-jean-baptiste-poquelin-dit-les-intrigues-de-moliere-et-celles-de-sa-femme\/#primaryimage"},"thumbnailUrl":"https:\/\/www.librairieclavreuil.com\/wp-content\/uploads\/2024\/07\/moliere-les-intrigues-de-moliere-et-celles-de-sa-femme-7973-66068bc7857f0.jpg","datePublished":"2024-07-17T13:44:09+00:00","dateModified":"2024-07-17T13:44:22+00:00","breadcrumb":{"@id":"https:\/\/www.librairieclavreuil.com\/en\/moliere-jean-baptiste-poquelin-dit-les-intrigues-de-moliere-et-celles-de-sa-femme\/#breadcrumb"},"inLanguage":"en-US","potentialAction":[{"@type":"ReadAction","target":["https:\/\/www.librairieclavreuil.com\/en\/moliere-jean-baptiste-poquelin-dit-les-intrigues-de-moliere-et-celles-de-sa-femme\/"]}]},{"@type":"ImageObject","inLanguage":"en-US","@id":"https:\/\/www.librairieclavreuil.com\/en\/moliere-jean-baptiste-poquelin-dit-les-intrigues-de-moliere-et-celles-de-sa-femme\/#primaryimage","url":"https:\/\/www.librairieclavreuil.com\/wp-content\/uploads\/2024\/07\/moliere-les-intrigues-de-moliere-et-celles-de-sa-femme-7973-66068bc7857f0.jpg","contentUrl":"https:\/\/www.librairieclavreuil.com\/wp-content\/uploads\/2024\/07\/moliere-les-intrigues-de-moliere-et-celles-de-sa-femme-7973-66068bc7857f0.jpg","width":510,"height":800},{"@type":"BreadcrumbList","@id":"https:\/\/www.librairieclavreuil.com\/en\/moliere-jean-baptiste-poquelin-dit-les-intrigues-de-moliere-et-celles-de-sa-femme\/#breadcrumb","itemListElement":[{"@type":"ListItem","position":1,"name":"Accueil","item":"https:\/\/www.librairieclavreuil.com\/"},{"@type":"ListItem","position":2,"name":"All our books","item":"https:\/\/www.librairieclavreuil.com\/en\/all-our-books\/"},{"@type":"ListItem","position":3,"name":"MOLIERE Jean-Baptiste Poquelin dit Les Intrigues de Moli\u00e8re et celles de sa femme."}]},{"@type":"WebSite","@id":"https:\/\/www.librairieclavreuil.com\/#website","url":"https:\/\/www.librairieclavreuil.com\/","name":"Libairie Clavreuil","description":"Livres anciens, manuscrits rares et \u00e9ditions originales \u2013 Librairie Clavreuil","publisher":{"@id":"https:\/\/www.librairieclavreuil.com\/#organization"},"potentialAction":[{"@type":"SearchAction","target":{"@type":"EntryPoint","urlTemplate":"https:\/\/www.librairieclavreuil.com\/?s={search_term_string}"},"query-input":{"@type":"PropertyValueSpecification","valueRequired":true,"valueName":"search_term_string"}}],"inLanguage":"en-US"},{"@type":"Organization","@id":"https:\/\/www.librairieclavreuil.com\/#organization","name":"Libairie Clavreuil","url":"https:\/\/www.librairieclavreuil.com\/","logo":{"@type":"ImageObject","inLanguage":"en-US","@id":"https:\/\/www.librairieclavreuil.com\/#\/schema\/logo\/image\/","url":"https:\/\/www.librairieclavreuil.com\/wp-content\/uploads\/2021\/06\/cropped-LOGO_PNG_DATE-_gold-512x512-1.png","contentUrl":"https:\/\/www.librairieclavreuil.com\/wp-content\/uploads\/2021\/06\/cropped-LOGO_PNG_DATE-_gold-512x512-1.png","width":512,"height":512,"caption":"Libairie Clavreuil"},"image":{"@id":"https:\/\/www.librairieclavreuil.com\/#\/schema\/logo\/image\/"},"sameAs":["https:\/\/www.instagram.com\/librairieclavreuil\/"]}]}},"jetpack_sharing_enabled":true,"_links":{"self":[{"href":"https:\/\/www.librairieclavreuil.com\/en\/wp-json\/wp\/v2\/product\/80757","targetHints":{"allow":["GET"]}}],"collection":[{"href":"https:\/\/www.librairieclavreuil.com\/en\/wp-json\/wp\/v2\/product"}],"about":[{"href":"https:\/\/www.librairieclavreuil.com\/en\/wp-json\/wp\/v2\/types\/product"}],"replies":[{"embeddable":true,"href":"https:\/\/www.librairieclavreuil.com\/en\/wp-json\/wp\/v2\/comments?post=80757"}],"wp:featuredmedia":[{"embeddable":true,"href":"https:\/\/www.librairieclavreuil.com\/en\/wp-json\/wp\/v2\/media\/80754"}],"wp:attachment":[{"href":"https:\/\/www.librairieclavreuil.com\/en\/wp-json\/wp\/v2\/media?parent=80757"}],"wp:term":[{"taxonomy":"product_brand","embeddable":true,"href":"https:\/\/www.librairieclavreuil.com\/en\/wp-json\/wp\/v2\/product_brand?post=80757"},{"taxonomy":"product_cat","embeddable":true,"href":"https:\/\/www.librairieclavreuil.com\/en\/wp-json\/wp\/v2\/product_cat?post=80757"},{"taxonomy":"product_tag","embeddable":true,"href":"https:\/\/www.librairieclavreuil.com\/en\/wp-json\/wp\/v2\/product_tag?post=80757"}],"curies":[{"name":"wp","href":"https:\/\/api.w.org\/{rel}","templated":true}]}}