{"id":80739,"date":"2024-07-17T15:43:10","date_gmt":"2024-07-17T13:43:10","guid":{"rendered":"https:\/\/www.librairieclavreuil.com\/rabelais-francois-les-epistres-escrites-pendant-son-voyage-ditalie-nouvellement-mises-en-lumiere-avec-des-observations-historiques-et-labrege-de-la-vie-de-lautheur-par-messieurs-de-sainte-ma-2\/"},"modified":"2024-07-17T15:43:24","modified_gmt":"2024-07-17T13:43:24","slug":"rabelais-francois-les-epistres-escrites-pendant-son-voyage-ditalie-nouvellement-mises-en-lumiere-avec-des-observations-historiques-et-labrege-de-la-vie-de-lautheur-par-messieurs-de-sainte-ma-2","status":"publish","type":"product","link":"https:\/\/www.librairieclavreuil.com\/en\/rabelais-francois-les-epistres-escrites-pendant-son-voyage-ditalie-nouvellement-mises-en-lumiere-avec-des-observations-historiques-et-labrege-de-la-vie-de-lautheur-par-messieurs-de-sainte-ma-2\/","title":{"rendered":"RABELAIS Fran\u00e7ois Les Epistres escrites pendant son voyage..."},"content":{"rendered":"<p><i>Brunet, IV, 1065; Plan, p. 236: XVI; not in Rawles &amp; Screetch.<\/i><\/p>\n<p>First edition of these three letters written by Rabelais during his stay in Rome to Godefroy d&#8217;Estissac, Bishop of Maillezais. They are published and enriched with observations by the brothers Sc\u00e9vole and Louis de Sainte-Marthe, divided into sixteen epistles.<\/p>\n<p>This edition begins with Rabelais&#8217;s letters, followed by an exhaustive table, to which commentaries and a table are added. The Life of Rabelais which precedes them is attributed to Pierre Du Puy. The remarkable title-frontispiece, designed and engraved by Fran\u00e7ois Chauveau, depicts Rabelais at his work table. At the beginning of the text is the woodcut coat of arms of Godefroy d&#8217;Estissac.&nbsp;<\/p>\n<p>Copy complete with errata page.&nbsp;<\/p>\n<p>Title truncated in the upper white margin.<\/p>\n","protected":false},"excerpt":{"rendered":"<p style=\"text-align:justify\">8vo (170 x 112 mm) engraved title frontispiece, 19 nn.ll., 75 pp., 9 nn.ll., 191pp., 18 nn.ll. (including last blank). Contemporary flexible vellum, flat spine with manuscript title.<\/p>\n","protected":false},"featured_media":80732,"comment_status":"open","ping_status":"closed","template":"","meta":{"_acf_changed":false},"product_brand":[],"product_cat":[544],"product_tag":[1244,1450],"class_list":{"0":"post-80739","1":"product","2":"type-product","3":"status-publish","4":"has-post-thumbnail","6":"product_cat-literature","7":"product_tag-17th-century-literature","8":"product_tag-first-edition","9":"pa_auteur-rabelais-francois-2","10":"pa_type-de-livre-printed-book","12":"first","13":"instock","14":"shipping-taxable","15":"purchasable","16":"product-type-simple"},"acf":{"artist":"Fran\u00e7ois RABELAIS","chapeau":"Bound in contemporary flexible vellum","adresse_bibliographique":"Paris, Charles de Sercy, 1651","book_type":"Printed book","provenance":"","afficher_prix":""},"yoast_head":"<!-- This site is optimized with the Yoast SEO plugin v24.7 - https:\/\/yoast.com\/wordpress\/plugins\/seo\/ -->\n<title>RABELAIS Fran\u00e7ois Les Epistres escrites pendant son voyage d&#039;Italie, nouvellement mises en lumi\u00e8re. Avec des observations historiques. Et l&#039;abr\u00e9g\u00e9 de la vie de l&#039;autheur [par messieurs de Sainte Marthe]. - Libairie Clavreuil<\/title>\n<meta name=\"robots\" content=\"index, follow, max-snippet:-1, max-image-preview:large, max-video-preview:-1\" \/>\n<link rel=\"canonical\" href=\"https:\/\/www.librairieclavreuil.com\/produit\/rabelais-francois-les-epistres-escrites-pendant-son-voyage-ditalie-nouvellement-mises-en-lumiere-avec-des-observations-historiques-et-labrege-de-la-vie-de-lautheur-par-messieurs-de-sainte-ma-2\/\" \/>\n<meta property=\"og:locale\" content=\"en_US\" \/>\n<meta property=\"og:type\" content=\"article\" \/>\n<meta property=\"og:title\" content=\"RABELAIS Fran\u00e7ois Les Epistres escrites pendant son voyage d&#039;Italie, nouvellement mises en lumi\u00e8re. Avec des observations historiques. Et l&#039;abr\u00e9g\u00e9 de la vie de l&#039;autheur [par messieurs de Sainte Marthe]. - Libairie Clavreuil\" \/>\n<meta property=\"og:description\" content=\"8vo (170 x 112 mm) engraved title frontispiece, 19 nn.ll., 75 pp., 9 nn.ll., 191pp., 18 nn.ll. (including last blank). Contemporary flexible vellum, flat spine with manuscript title.\" \/>\n<meta property=\"og:url\" content=\"https:\/\/www.librairieclavreuil.com\/produit\/rabelais-francois-les-epistres-escrites-pendant-son-voyage-ditalie-nouvellement-mises-en-lumiere-avec-des-observations-historiques-et-labrege-de-la-vie-de-lautheur-par-messieurs-de-sainte-ma-2\/\" \/>\n<meta property=\"og:site_name\" content=\"Libairie Clavreuil\" \/>\n<meta property=\"article:modified_time\" content=\"2024-07-17T13:43:24+00:00\" \/>\n<meta property=\"og:image\" content=\"https:\/\/www.librairieclavreuil.com\/wp-content\/uploads\/2024\/07\/francois-rabelais-les-epistres-escrites-pendant-son-voyage-d-italie-nouvellement-mises-en-lumiere-avec-des-observations-historiques-et-l-abrege-de-la-1-1.jpg\" \/>\n\t<meta property=\"og:image:width\" content=\"579\" \/>\n\t<meta property=\"og:image:height\" content=\"800\" \/>\n\t<meta property=\"og:image:type\" content=\"image\/jpeg\" \/>\n<meta name=\"twitter:card\" content=\"summary_large_image\" \/>\n<meta name=\"twitter:label1\" content=\"Est. reading time\" \/>\n\t<meta name=\"twitter:data1\" content=\"1 minute\" \/>\n<script type=\"application\/ld+json\" class=\"yoast-schema-graph\">{\"@context\":\"https:\/\/schema.org\",\"@graph\":[{\"@type\":\"WebPage\",\"@id\":\"https:\/\/www.librairieclavreuil.com\/produit\/rabelais-francois-les-epistres-escrites-pendant-son-voyage-ditalie-nouvellement-mises-en-lumiere-avec-des-observations-historiques-et-labrege-de-la-vie-de-lautheur-par-messieurs-de-sainte-ma-2\/\",\"url\":\"https:\/\/www.librairieclavreuil.com\/produit\/rabelais-francois-les-epistres-escrites-pendant-son-voyage-ditalie-nouvellement-mises-en-lumiere-avec-des-observations-historiques-et-labrege-de-la-vie-de-lautheur-par-messieurs-de-sainte-ma-2\/\",\"name\":\"RABELAIS Fran\u00e7ois Les Epistres escrites pendant son voyage d'Italie, nouvellement mises en lumi\u00e8re. Avec des observations historiques. Et l'abr\u00e9g\u00e9 de la vie de l'autheur [par messieurs de Sainte Marthe]. - Libairie Clavreuil\",\"isPartOf\":{\"@id\":\"https:\/\/www.librairieclavreuil.com\/#website\"},\"primaryImageOfPage\":{\"@id\":\"https:\/\/www.librairieclavreuil.com\/produit\/rabelais-francois-les-epistres-escrites-pendant-son-voyage-ditalie-nouvellement-mises-en-lumiere-avec-des-observations-historiques-et-labrege-de-la-vie-de-lautheur-par-messieurs-de-sainte-ma-2\/#primaryimage\"},\"image\":{\"@id\":\"https:\/\/www.librairieclavreuil.com\/produit\/rabelais-francois-les-epistres-escrites-pendant-son-voyage-ditalie-nouvellement-mises-en-lumiere-avec-des-observations-historiques-et-labrege-de-la-vie-de-lautheur-par-messieurs-de-sainte-ma-2\/#primaryimage\"},\"thumbnailUrl\":\"https:\/\/www.librairieclavreuil.com\/wp-content\/uploads\/2024\/07\/francois-rabelais-les-epistres-escrites-pendant-son-voyage-d-italie-nouvellement-mises-en-lumiere-avec-des-observations-historiques-et-l-abrege-de-la-1-1.jpg\",\"datePublished\":\"2024-07-17T13:43:10+00:00\",\"dateModified\":\"2024-07-17T13:43:24+00:00\",\"breadcrumb\":{\"@id\":\"https:\/\/www.librairieclavreuil.com\/produit\/rabelais-francois-les-epistres-escrites-pendant-son-voyage-ditalie-nouvellement-mises-en-lumiere-avec-des-observations-historiques-et-labrege-de-la-vie-de-lautheur-par-messieurs-de-sainte-ma-2\/#breadcrumb\"},\"inLanguage\":\"en-US\",\"potentialAction\":[{\"@type\":\"ReadAction\",\"target\":[\"https:\/\/www.librairieclavreuil.com\/produit\/rabelais-francois-les-epistres-escrites-pendant-son-voyage-ditalie-nouvellement-mises-en-lumiere-avec-des-observations-historiques-et-labrege-de-la-vie-de-lautheur-par-messieurs-de-sainte-ma-2\/\"]}]},{\"@type\":\"ImageObject\",\"inLanguage\":\"en-US\",\"@id\":\"https:\/\/www.librairieclavreuil.com\/produit\/rabelais-francois-les-epistres-escrites-pendant-son-voyage-ditalie-nouvellement-mises-en-lumiere-avec-des-observations-historiques-et-labrege-de-la-vie-de-lautheur-par-messieurs-de-sainte-ma-2\/#primaryimage\",\"url\":\"https:\/\/www.librairieclavreuil.com\/wp-content\/uploads\/2024\/07\/francois-rabelais-les-epistres-escrites-pendant-son-voyage-d-italie-nouvellement-mises-en-lumiere-avec-des-observations-historiques-et-l-abrege-de-la-1-1.jpg\",\"contentUrl\":\"https:\/\/www.librairieclavreuil.com\/wp-content\/uploads\/2024\/07\/francois-rabelais-les-epistres-escrites-pendant-son-voyage-d-italie-nouvellement-mises-en-lumiere-avec-des-observations-historiques-et-l-abrege-de-la-1-1.jpg\",\"width\":579,\"height\":800},{\"@type\":\"BreadcrumbList\",\"@id\":\"https:\/\/www.librairieclavreuil.com\/produit\/rabelais-francois-les-epistres-escrites-pendant-son-voyage-ditalie-nouvellement-mises-en-lumiere-avec-des-observations-historiques-et-labrege-de-la-vie-de-lautheur-par-messieurs-de-sainte-ma-2\/#breadcrumb\",\"itemListElement\":[{\"@type\":\"ListItem\",\"position\":1,\"name\":\"Accueil\",\"item\":\"https:\/\/www.librairieclavreuil.com\/\"},{\"@type\":\"ListItem\",\"position\":2,\"name\":\"All our books\",\"item\":\"https:\/\/www.librairieclavreuil.com\/en\/all-our-books\/\"},{\"@type\":\"ListItem\",\"position\":3,\"name\":\"RABELAIS Fran\u00e7ois Les Epistres escrites pendant son voyage...\"}]},{\"@type\":\"WebSite\",\"@id\":\"https:\/\/www.librairieclavreuil.com\/#website\",\"url\":\"https:\/\/www.librairieclavreuil.com\/\",\"name\":\"Libairie Clavreuil\",\"description\":\"Livres anciens, manuscrits rares et \u00e9ditions originales \u2013 Librairie Clavreuil\",\"publisher\":{\"@id\":\"https:\/\/www.librairieclavreuil.com\/#organization\"},\"potentialAction\":[{\"@type\":\"SearchAction\",\"target\":{\"@type\":\"EntryPoint\",\"urlTemplate\":\"https:\/\/www.librairieclavreuil.com\/?s={search_term_string}\"},\"query-input\":{\"@type\":\"PropertyValueSpecification\",\"valueRequired\":true,\"valueName\":\"search_term_string\"}}],\"inLanguage\":\"en-US\"},{\"@type\":\"Organization\",\"@id\":\"https:\/\/www.librairieclavreuil.com\/#organization\",\"name\":\"Libairie Clavreuil\",\"url\":\"https:\/\/www.librairieclavreuil.com\/\",\"logo\":{\"@type\":\"ImageObject\",\"inLanguage\":\"en-US\",\"@id\":\"https:\/\/www.librairieclavreuil.com\/#\/schema\/logo\/image\/\",\"url\":\"https:\/\/www.librairieclavreuil.com\/wp-content\/uploads\/2021\/06\/cropped-LOGO_PNG_DATE-_gold-512x512-1.png\",\"contentUrl\":\"https:\/\/www.librairieclavreuil.com\/wp-content\/uploads\/2021\/06\/cropped-LOGO_PNG_DATE-_gold-512x512-1.png\",\"width\":512,\"height\":512,\"caption\":\"Libairie Clavreuil\"},\"image\":{\"@id\":\"https:\/\/www.librairieclavreuil.com\/#\/schema\/logo\/image\/\"},\"sameAs\":[\"https:\/\/www.instagram.com\/librairieclavreuil\/\"]}]}<\/script>\n<!-- \/ Yoast SEO plugin. -->","yoast_head_json":{"title":"RABELAIS Fran\u00e7ois Les Epistres escrites pendant son voyage d'Italie, nouvellement mises en lumi\u00e8re. Avec des observations historiques. Et l'abr\u00e9g\u00e9 de la vie de l'autheur [par messieurs de Sainte Marthe]. - Libairie Clavreuil","robots":{"index":"index","follow":"follow","max-snippet":"max-snippet:-1","max-image-preview":"max-image-preview:large","max-video-preview":"max-video-preview:-1"},"canonical":"https:\/\/www.librairieclavreuil.com\/produit\/rabelais-francois-les-epistres-escrites-pendant-son-voyage-ditalie-nouvellement-mises-en-lumiere-avec-des-observations-historiques-et-labrege-de-la-vie-de-lautheur-par-messieurs-de-sainte-ma-2\/","og_locale":"en_US","og_type":"article","og_title":"RABELAIS Fran\u00e7ois Les Epistres escrites pendant son voyage d'Italie, nouvellement mises en lumi\u00e8re. Avec des observations historiques. Et l'abr\u00e9g\u00e9 de la vie de l'autheur [par messieurs de Sainte Marthe]. - Libairie Clavreuil","og_description":"8vo (170 x 112 mm) engraved title frontispiece, 19 nn.ll., 75 pp., 9 nn.ll., 191pp., 18 nn.ll. (including last blank). Contemporary flexible vellum, flat spine with manuscript title.","og_url":"https:\/\/www.librairieclavreuil.com\/produit\/rabelais-francois-les-epistres-escrites-pendant-son-voyage-ditalie-nouvellement-mises-en-lumiere-avec-des-observations-historiques-et-labrege-de-la-vie-de-lautheur-par-messieurs-de-sainte-ma-2\/","og_site_name":"Libairie Clavreuil","article_modified_time":"2024-07-17T13:43:24+00:00","og_image":[{"width":579,"height":800,"url":"https:\/\/www.librairieclavreuil.com\/wp-content\/uploads\/2024\/07\/francois-rabelais-les-epistres-escrites-pendant-son-voyage-d-italie-nouvellement-mises-en-lumiere-avec-des-observations-historiques-et-l-abrege-de-la-1-1.jpg","type":"image\/jpeg"}],"twitter_card":"summary_large_image","twitter_misc":{"Est. reading time":"1 minute"},"schema":{"@context":"https:\/\/schema.org","@graph":[{"@type":"WebPage","@id":"https:\/\/www.librairieclavreuil.com\/produit\/rabelais-francois-les-epistres-escrites-pendant-son-voyage-ditalie-nouvellement-mises-en-lumiere-avec-des-observations-historiques-et-labrege-de-la-vie-de-lautheur-par-messieurs-de-sainte-ma-2\/","url":"https:\/\/www.librairieclavreuil.com\/produit\/rabelais-francois-les-epistres-escrites-pendant-son-voyage-ditalie-nouvellement-mises-en-lumiere-avec-des-observations-historiques-et-labrege-de-la-vie-de-lautheur-par-messieurs-de-sainte-ma-2\/","name":"RABELAIS Fran\u00e7ois Les Epistres escrites pendant son voyage d'Italie, nouvellement mises en lumi\u00e8re. Avec des observations historiques. Et l'abr\u00e9g\u00e9 de la vie de l'autheur [par messieurs de Sainte Marthe]. - Libairie Clavreuil","isPartOf":{"@id":"https:\/\/www.librairieclavreuil.com\/#website"},"primaryImageOfPage":{"@id":"https:\/\/www.librairieclavreuil.com\/produit\/rabelais-francois-les-epistres-escrites-pendant-son-voyage-ditalie-nouvellement-mises-en-lumiere-avec-des-observations-historiques-et-labrege-de-la-vie-de-lautheur-par-messieurs-de-sainte-ma-2\/#primaryimage"},"image":{"@id":"https:\/\/www.librairieclavreuil.com\/produit\/rabelais-francois-les-epistres-escrites-pendant-son-voyage-ditalie-nouvellement-mises-en-lumiere-avec-des-observations-historiques-et-labrege-de-la-vie-de-lautheur-par-messieurs-de-sainte-ma-2\/#primaryimage"},"thumbnailUrl":"https:\/\/www.librairieclavreuil.com\/wp-content\/uploads\/2024\/07\/francois-rabelais-les-epistres-escrites-pendant-son-voyage-d-italie-nouvellement-mises-en-lumiere-avec-des-observations-historiques-et-l-abrege-de-la-1-1.jpg","datePublished":"2024-07-17T13:43:10+00:00","dateModified":"2024-07-17T13:43:24+00:00","breadcrumb":{"@id":"https:\/\/www.librairieclavreuil.com\/produit\/rabelais-francois-les-epistres-escrites-pendant-son-voyage-ditalie-nouvellement-mises-en-lumiere-avec-des-observations-historiques-et-labrege-de-la-vie-de-lautheur-par-messieurs-de-sainte-ma-2\/#breadcrumb"},"inLanguage":"en-US","potentialAction":[{"@type":"ReadAction","target":["https:\/\/www.librairieclavreuil.com\/produit\/rabelais-francois-les-epistres-escrites-pendant-son-voyage-ditalie-nouvellement-mises-en-lumiere-avec-des-observations-historiques-et-labrege-de-la-vie-de-lautheur-par-messieurs-de-sainte-ma-2\/"]}]},{"@type":"ImageObject","inLanguage":"en-US","@id":"https:\/\/www.librairieclavreuil.com\/produit\/rabelais-francois-les-epistres-escrites-pendant-son-voyage-ditalie-nouvellement-mises-en-lumiere-avec-des-observations-historiques-et-labrege-de-la-vie-de-lautheur-par-messieurs-de-sainte-ma-2\/#primaryimage","url":"https:\/\/www.librairieclavreuil.com\/wp-content\/uploads\/2024\/07\/francois-rabelais-les-epistres-escrites-pendant-son-voyage-d-italie-nouvellement-mises-en-lumiere-avec-des-observations-historiques-et-l-abrege-de-la-1-1.jpg","contentUrl":"https:\/\/www.librairieclavreuil.com\/wp-content\/uploads\/2024\/07\/francois-rabelais-les-epistres-escrites-pendant-son-voyage-d-italie-nouvellement-mises-en-lumiere-avec-des-observations-historiques-et-l-abrege-de-la-1-1.jpg","width":579,"height":800},{"@type":"BreadcrumbList","@id":"https:\/\/www.librairieclavreuil.com\/produit\/rabelais-francois-les-epistres-escrites-pendant-son-voyage-ditalie-nouvellement-mises-en-lumiere-avec-des-observations-historiques-et-labrege-de-la-vie-de-lautheur-par-messieurs-de-sainte-ma-2\/#breadcrumb","itemListElement":[{"@type":"ListItem","position":1,"name":"Accueil","item":"https:\/\/www.librairieclavreuil.com\/"},{"@type":"ListItem","position":2,"name":"All our books","item":"https:\/\/www.librairieclavreuil.com\/en\/all-our-books\/"},{"@type":"ListItem","position":3,"name":"RABELAIS Fran\u00e7ois Les Epistres escrites pendant son voyage..."}]},{"@type":"WebSite","@id":"https:\/\/www.librairieclavreuil.com\/#website","url":"https:\/\/www.librairieclavreuil.com\/","name":"Libairie Clavreuil","description":"Livres anciens, manuscrits rares et \u00e9ditions originales \u2013 Librairie Clavreuil","publisher":{"@id":"https:\/\/www.librairieclavreuil.com\/#organization"},"potentialAction":[{"@type":"SearchAction","target":{"@type":"EntryPoint","urlTemplate":"https:\/\/www.librairieclavreuil.com\/?s={search_term_string}"},"query-input":{"@type":"PropertyValueSpecification","valueRequired":true,"valueName":"search_term_string"}}],"inLanguage":"en-US"},{"@type":"Organization","@id":"https:\/\/www.librairieclavreuil.com\/#organization","name":"Libairie Clavreuil","url":"https:\/\/www.librairieclavreuil.com\/","logo":{"@type":"ImageObject","inLanguage":"en-US","@id":"https:\/\/www.librairieclavreuil.com\/#\/schema\/logo\/image\/","url":"https:\/\/www.librairieclavreuil.com\/wp-content\/uploads\/2021\/06\/cropped-LOGO_PNG_DATE-_gold-512x512-1.png","contentUrl":"https:\/\/www.librairieclavreuil.com\/wp-content\/uploads\/2021\/06\/cropped-LOGO_PNG_DATE-_gold-512x512-1.png","width":512,"height":512,"caption":"Libairie Clavreuil"},"image":{"@id":"https:\/\/www.librairieclavreuil.com\/#\/schema\/logo\/image\/"},"sameAs":["https:\/\/www.instagram.com\/librairieclavreuil\/"]}]}},"jetpack_sharing_enabled":true,"_links":{"self":[{"href":"https:\/\/www.librairieclavreuil.com\/en\/wp-json\/wp\/v2\/product\/80739","targetHints":{"allow":["GET"]}}],"collection":[{"href":"https:\/\/www.librairieclavreuil.com\/en\/wp-json\/wp\/v2\/product"}],"about":[{"href":"https:\/\/www.librairieclavreuil.com\/en\/wp-json\/wp\/v2\/types\/product"}],"replies":[{"embeddable":true,"href":"https:\/\/www.librairieclavreuil.com\/en\/wp-json\/wp\/v2\/comments?post=80739"}],"wp:featuredmedia":[{"embeddable":true,"href":"https:\/\/www.librairieclavreuil.com\/en\/wp-json\/wp\/v2\/media\/80732"}],"wp:attachment":[{"href":"https:\/\/www.librairieclavreuil.com\/en\/wp-json\/wp\/v2\/media?parent=80739"}],"wp:term":[{"taxonomy":"product_brand","embeddable":true,"href":"https:\/\/www.librairieclavreuil.com\/en\/wp-json\/wp\/v2\/product_brand?post=80739"},{"taxonomy":"product_cat","embeddable":true,"href":"https:\/\/www.librairieclavreuil.com\/en\/wp-json\/wp\/v2\/product_cat?post=80739"},{"taxonomy":"product_tag","embeddable":true,"href":"https:\/\/www.librairieclavreuil.com\/en\/wp-json\/wp\/v2\/product_tag?post=80739"}],"curies":[{"name":"wp","href":"https:\/\/api.w.org\/{rel}","templated":true}]}}